{"id":173,"date":"2022-02-08T22:41:47","date_gmt":"2022-02-08T21:41:47","guid":{"rendered":"https:\/\/weplayagain.com\/?page_id=173"},"modified":"2024-04-20T13:47:59","modified_gmt":"2024-04-20T12:47:59","slug":"returpolitik","status":"publish","type":"page","link":"https:\/\/weplayagain.host9.slyde.dk\/da\/returpolitik\/","title":{"rendered":"Returpolitik og pr\u00f8veperiode"},"content":{"rendered":"<p>Hos WePlayAgain, \u00f8nsker vi at sikre, at du er fuldt tilfreds med dit k\u00f8b af brugt udstyr. Derfor tilbyder vi en 14-dages pr\u00f8veperiode p\u00e5 vores brugte golfudstyr, s\u00e5 du kan v\u00e6re sikker p\u00e5, at dit k\u00f8b opfylder dine behov.<\/p><p><strong>Pr\u00f8veperiodens Start:<\/strong> Pr\u00f8veperioden (g\u00e6lder kun p\u00e5 brugt udstyr) begynder den dag, dit udstyr er klar til afhentning i pakkeboksen, eller den dag det bliver leveret til din hjemmeadresse.<\/p><p><strong>Stand ved Returnering:<\/strong> For at kunne g\u00f8re brug af returretten, skal udstyret returneres i samme stand, som da du modtog det.<\/p><p><strong>Returproces:<\/strong><\/p><ol class=\"wp-block-list\"><li>Bes\u00f8g vores returportal inden for 14 dage efter levering. <a href=\"https:\/\/return.shipmondo.com\/weplayagain\" target=\"_blank\" rel=\"noreferrer noopener\">https:\/\/return.shipmondo.com\/weplayagain<\/a><\/li>\n\n<li>F\u00f8lg instruktionerne for at printe din returlabel.<\/li>\n\n<li>Pak udstyret omhyggeligt, og p\u00e5s\u00e6t den udprintede returlabel.<\/li>\n\n<li>Aflever pakken hos Postnord.<\/li><\/ol><p><\/p><p><strong>Returomkostninger:<\/strong> Der opkr\u00e6ves et fast returgebyr p\u00e5 200 DKK for at d\u00e6kke h\u00e5ndteringen. Omkostningen vil blive blive fratrukket det oprindelige k\u00f8bsbel\u00f8b. Bem\u00e6rk, at vi ikke accepterer returforsendelser med egen k\u00f8bt porto, da disse ikke er forsikringsd\u00e6kkede.<\/p><p>V\u00e6r opm\u00e6rksom p\u00e5, at 14 dages pr\u00f8veperiode kun g\u00e6lder vores brugte produkter. Hvis du k\u00f8bet et nyt produkt i g\u00e6lder almindelig betingelser. Vi modtager kun nye produkter retur hvis de er ubrugt og i original emballage<\/p><p><strong>Tilbagebetaling<\/strong><\/p><p>Fortryder du dit k\u00f8b, f\u00e5r du naturligvis det bel\u00f8b du har indbetalt til os retur.<\/p><p>Tilbagebetaling gennemf\u00f8res med samme betalingsmiddel, som du benyttede ved den oprindelige transaktion, medmindre du udtrykkeligt har indvilget i noget andet.<\/p><p>Vi tilbageholder bel\u00f8bsrefunderingen indtil vi har modtaget varen retur.<\/p>","protected":false},"excerpt":{"rendered":"<p>Hos WePlayAgain, \u00f8nsker vi at sikre, at du er fuldt tilfreds med dit k\u00f8b af brugt udstyr. Derfor tilbyder vi en 14-dages pr\u00f8veperiode p\u00e5 vores brugte golfudstyr, s\u00e5 du kan v\u00e6re sikker p\u00e5, at dit k\u00f8b opfylder dine behov. Pr\u00f8veperiodens Start: Pr\u00f8veperioden (g\u00e6lder kun p\u00e5 brugt udstyr) begynder den dag, dit udstyr er klar til [&hellip;]<\/p>\n","protected":false},"author":1,"featured_media":0,"parent":0,"menu_order":0,"comment_status":"closed","ping_status":"closed","template":"","meta":{"_acf_changed":false,"footnotes":""},"class_list":["post-173","page","type-page","status-publish","hentry"],"acf":[],"yoast_head":"<!-- This site is optimized with the Yoast SEO plugin v24.8.1 - https:\/\/yoast.com\/wordpress\/plugins\/seo\/ -->\n<title>Returpolitik og pr\u00f8veperiode - WePlayAgain A\/S<\/title>\n<meta name=\"robots\" content=\"noindex, follow, max-snippet:-1, max-image-preview:large, max-video-preview:-1\" \/>\n<meta property=\"og:locale\" content=\"da_DK\" \/>\n<meta property=\"og:type\" content=\"article\" \/>\n<meta property=\"og:title\" content=\"Returpolitik og pr\u00f8veperiode - WePlayAgain A\/S\" \/>\n<meta property=\"og:description\" content=\"Hos WePlayAgain, \u00f8nsker vi at sikre, at du er fuldt tilfreds med dit k\u00f8b af brugt udstyr. Derfor tilbyder vi en 14-dages pr\u00f8veperiode p\u00e5 vores brugte golfudstyr, s\u00e5 du kan v\u00e6re sikker p\u00e5, at dit k\u00f8b opfylder dine behov. Pr\u00f8veperiodens Start: Pr\u00f8veperioden (g\u00e6lder kun p\u00e5 brugt udstyr) begynder den dag, dit udstyr er klar til [&hellip;]\" \/>\n<meta property=\"og:url\" content=\"https:\/\/weplayagain.com\/returpolitik\/\" \/>\n<meta property=\"og:site_name\" content=\"WePlayAgain A\/S\" \/>\n<meta property=\"article:modified_time\" content=\"2024-04-20T12:47:59+00:00\" \/>\n<meta name=\"twitter:card\" content=\"summary_large_image\" \/>\n<meta name=\"twitter:label1\" content=\"Estimeret l\u00e6setid\" \/>\n\t<meta name=\"twitter:data1\" content=\"2 minutter\" \/>\n<script type=\"application\/ld+json\" class=\"yoast-schema-graph\">{\"@context\":\"https:\/\/schema.org\",\"@graph\":[{\"@type\":\"WebPage\",\"@id\":\"https:\/\/weplayagain.com\/returpolitik\/\",\"url\":\"https:\/\/weplayagain.com\/returpolitik\/\",\"name\":\"Returpolitik og pr\u00f8veperiode - WePlayAgain A\/S\",\"isPartOf\":{\"@id\":\"https:\/\/weplayagain.com\/#website\"},\"datePublished\":\"2022-02-08T21:41:47+00:00\",\"dateModified\":\"2024-04-20T12:47:59+00:00\",\"breadcrumb\":{\"@id\":\"https:\/\/weplayagain.com\/returpolitik\/#breadcrumb\"},\"inLanguage\":\"da-DK\",\"potentialAction\":[{\"@type\":\"ReadAction\",\"target\":[\"https:\/\/weplayagain.com\/returpolitik\/\"]}]},{\"@type\":\"BreadcrumbList\",\"@id\":\"https:\/\/weplayagain.com\/returpolitik\/#breadcrumb\",\"itemListElement\":[{\"@type\":\"ListItem\",\"position\":1,\"name\":\"Hjem\",\"item\":\"https:\/\/weplayagain.com\/da\/\"},{\"@type\":\"ListItem\",\"position\":2,\"name\":\"Returpolitik og pr\u00f8veperiode\"}]},{\"@type\":\"WebSite\",\"@id\":\"https:\/\/weplayagain.com\/#website\",\"url\":\"https:\/\/weplayagain.com\/\",\"name\":\"WePlayAgain A\/S\",\"description\":\"K\u00f8b brugt - trygt, og til markedets skarpeste priser\",\"publisher\":{\"@id\":\"https:\/\/weplayagain.com\/#organization\"},\"potentialAction\":[{\"@type\":\"SearchAction\",\"target\":{\"@type\":\"EntryPoint\",\"urlTemplate\":\"https:\/\/weplayagain.com\/?s={search_term_string}\"},\"query-input\":{\"@type\":\"PropertyValueSpecification\",\"valueRequired\":true,\"valueName\":\"search_term_string\"}}],\"inLanguage\":\"da-DK\"},{\"@type\":\"Organization\",\"@id\":\"https:\/\/weplayagain.com\/#organization\",\"name\":\"WePlayAgain A\/S\",\"url\":\"https:\/\/weplayagain.com\/\",\"logo\":{\"@type\":\"ImageObject\",\"inLanguage\":\"da-DK\",\"@id\":\"https:\/\/weplayagain.com\/#\/schema\/logo\/image\/\",\"url\":\"https:\/\/weplayagain.host9.slyde.dk\/wp-content\/uploads\/2022\/01\/Asset-8-8.png\",\"contentUrl\":\"https:\/\/weplayagain.host9.slyde.dk\/wp-content\/uploads\/2022\/01\/Asset-8-8.png\",\"width\":2048,\"height\":454,\"caption\":\"WePlayAgain A\/S\"},\"image\":{\"@id\":\"https:\/\/weplayagain.com\/#\/schema\/logo\/image\/\"}}]}<\/script>\n<!-- \/ Yoast SEO plugin. -->","yoast_head_json":{"title":"Returpolitik og pr\u00f8veperiode - WePlayAgain A\/S","robots":{"index":"noindex","follow":"follow","max-snippet":"max-snippet:-1","max-image-preview":"max-image-preview:large","max-video-preview":"max-video-preview:-1"},"og_locale":"da_DK","og_type":"article","og_title":"Returpolitik og pr\u00f8veperiode - WePlayAgain A\/S","og_description":"Hos WePlayAgain, \u00f8nsker vi at sikre, at du er fuldt tilfreds med dit k\u00f8b af brugt udstyr. Derfor tilbyder vi en 14-dages pr\u00f8veperiode p\u00e5 vores brugte golfudstyr, s\u00e5 du kan v\u00e6re sikker p\u00e5, at dit k\u00f8b opfylder dine behov. Pr\u00f8veperiodens Start: Pr\u00f8veperioden (g\u00e6lder kun p\u00e5 brugt udstyr) begynder den dag, dit udstyr er klar til [&hellip;]","og_url":"https:\/\/weplayagain.com\/returpolitik\/","og_site_name":"WePlayAgain A\/S","article_modified_time":"2024-04-20T12:47:59+00:00","twitter_card":"summary_large_image","twitter_misc":{"Estimeret l\u00e6setid":"2 minutter"},"schema":{"@context":"https:\/\/schema.org","@graph":[{"@type":"WebPage","@id":"https:\/\/weplayagain.com\/returpolitik\/","url":"https:\/\/weplayagain.com\/returpolitik\/","name":"Returpolitik og pr\u00f8veperiode - WePlayAgain A\/S","isPartOf":{"@id":"https:\/\/weplayagain.com\/#website"},"datePublished":"2022-02-08T21:41:47+00:00","dateModified":"2024-04-20T12:47:59+00:00","breadcrumb":{"@id":"https:\/\/weplayagain.com\/returpolitik\/#breadcrumb"},"inLanguage":"da-DK","potentialAction":[{"@type":"ReadAction","target":["https:\/\/weplayagain.com\/returpolitik\/"]}]},{"@type":"BreadcrumbList","@id":"https:\/\/weplayagain.com\/returpolitik\/#breadcrumb","itemListElement":[{"@type":"ListItem","position":1,"name":"Hjem","item":"https:\/\/weplayagain.com\/da\/"},{"@type":"ListItem","position":2,"name":"Returpolitik og pr\u00f8veperiode"}]},{"@type":"WebSite","@id":"https:\/\/weplayagain.com\/#website","url":"https:\/\/weplayagain.com\/","name":"WePlayAgain A\/S","description":"K\u00f8b brugt - trygt, og til markedets skarpeste priser","publisher":{"@id":"https:\/\/weplayagain.com\/#organization"},"potentialAction":[{"@type":"SearchAction","target":{"@type":"EntryPoint","urlTemplate":"https:\/\/weplayagain.com\/?s={search_term_string}"},"query-input":{"@type":"PropertyValueSpecification","valueRequired":true,"valueName":"search_term_string"}}],"inLanguage":"da-DK"},{"@type":"Organization","@id":"https:\/\/weplayagain.com\/#organization","name":"WePlayAgain A\/S","url":"https:\/\/weplayagain.com\/","logo":{"@type":"ImageObject","inLanguage":"da-DK","@id":"https:\/\/weplayagain.com\/#\/schema\/logo\/image\/","url":"https:\/\/weplayagain.host9.slyde.dk\/wp-content\/uploads\/2022\/01\/Asset-8-8.png","contentUrl":"https:\/\/weplayagain.host9.slyde.dk\/wp-content\/uploads\/2022\/01\/Asset-8-8.png","width":2048,"height":454,"caption":"WePlayAgain A\/S"},"image":{"@id":"https:\/\/weplayagain.com\/#\/schema\/logo\/image\/"}}]}},"_links":{"self":[{"href":"https:\/\/weplayagain.host9.slyde.dk\/da\/wp-json\/wp\/v2\/pages\/173","targetHints":{"allow":["GET"]}}],"collection":[{"href":"https:\/\/weplayagain.host9.slyde.dk\/da\/wp-json\/wp\/v2\/pages"}],"about":[{"href":"https:\/\/weplayagain.host9.slyde.dk\/da\/wp-json\/wp\/v2\/types\/page"}],"author":[{"embeddable":true,"href":"https:\/\/weplayagain.host9.slyde.dk\/da\/wp-json\/wp\/v2\/users\/1"}],"replies":[{"embeddable":true,"href":"https:\/\/weplayagain.host9.slyde.dk\/da\/wp-json\/wp\/v2\/comments?post=173"}],"version-history":[{"count":7,"href":"https:\/\/weplayagain.host9.slyde.dk\/da\/wp-json\/wp\/v2\/pages\/173\/revisions"}],"predecessor-version":[{"id":26269,"href":"https:\/\/weplayagain.host9.slyde.dk\/da\/wp-json\/wp\/v2\/pages\/173\/revisions\/26269"}],"wp:attachment":[{"href":"https:\/\/weplayagain.host9.slyde.dk\/da\/wp-json\/wp\/v2\/media?parent=173"}],"curies":[{"name":"wp","href":"https:\/\/api.w.org\/{rel}","templated":true}]}}