{"id":26561,"date":"2024-05-18T17:52:40","date_gmt":"2024-05-18T16:52:40","guid":{"rendered":"https:\/\/weplayagain.com\/?post_type=product&#038;p=26561"},"modified":"2025-04-29T13:54:14","modified_gmt":"2025-04-29T12:54:14","slug":"titleist-vokey-sm6-tour-chrome-m-grind-wedge-58-08","status":"publish","type":"product","link":"https:\/\/weplayagain.host9.slyde.dk\/da\/vare\/titleist-vokey-sm6-tour-chrome-m-grind-wedge-58-08\/","title":{"rendered":"Titleist Vokey SM6 Tour Chrome M Grind Wedge \/ #58\/08"},"content":{"rendered":"<p>Leder du efter en wedge med masser af f\u00f8lelse og kontrol omkring greenen? S\u00e5 skulle du tage et kig p\u00e5 denne Vokey SM6 M Grind i Tour Chrome.<\/p>\n<p>Det er et <strong>alsidigt valg<\/strong> til dig, der har en lav til moderat angrebsvinkel og spiller p\u00e5 faste eller j\u00e6vnt bl\u00f8de forhold \u2013 b\u00e5de fra fairway og i bunkeren. M Grind-formen giver dig <strong>fleksibilitet<\/strong> i slagvalget og g\u00f8r det lettere at lege med vinkler og spin, s\u00e5 du kan tilpasse dig situationen.<\/p>\n<p>Med den progressive placering af <strong>center of gravity<\/strong> f\u00e5r du pr\u00e6cis kontrol over b\u00e5de slagl\u00e6ngde og boldflugt. Og de skarpe TX4-riller med parallel struktur sikrer <strong>maksimalt spin<\/strong> \u2013 slag efter slag.<\/p>\n<p>Denne wedge er til dig, der vil have p\u00e5lidelig ydelse og tour-inspireret teknologi i bag&#039;en. Klar til kort spil med h\u00f8j pr\u00e6cision? S\u00e5 er den her lige sagen.<\/p>\n","protected":false},"excerpt":{"rendered":"<p>Leder du efter en wedge med masser af f\u00f8lelse og kontrol omkring greenen? S\u00e5 skulle du tage et kig p\u00e5 denne Vokey SM6 M Grind i Tour Chrome. Det er et alsidigt valg til dig, der har en lav til moderat angrebsvinkel og spiller p\u00e5 faste eller j\u00e6vnt bl\u00f8de forhold \u2013 b\u00e5de fra fairway og [&hellip;]<\/p>\n","protected":false},"featured_media":27130,"template":"","meta":{"_acf_changed":false},"product_brand":[],"product_cat":[511],"product_tag":[],"class_list":{"0":"post-26561","1":"product","2":"type-product","3":"status-publish","4":"has-post-thumbnail","6":"product_cat-wedges-og-chippere","7":"pa_28935-men","8":"pa_bounce-2148","9":"pa_brand-titleist","10":"pa_condition-brugt-okay-stand","11":"pa_dexterity-hojre-haand","12":"pa_flex-wedge-flex","13":"pa_koelle-wedge","14":"pa_loft-1417","15":"pa_model-sm6-tour-chrome-m-grind","16":"pa_skaft-staal-sm6","17":"pa_skaft-materiale-staal","19":"first","20":"instock","21":"taxable","22":"shipping-taxable","23":"purchasable","24":"product-type-simple"},"acf":[],"yoast_head":"<!-- This site is optimized with the Yoast SEO plugin v24.8.1 - https:\/\/yoast.com\/wordpress\/plugins\/seo\/ -->\n<title>K\u00f8b Titleist Vokey SM6 Tour Chrome M Grind Wedge hos WePlayAgain | Spar op til 64%<\/title>\n<meta name=\"description\" content=\"Opdag Titleist Vokey SM6 M Grind Wedge i Tour Chrome \u2013 for maksimal f\u00f8lelse, kontrol og spin omkring greenen. Perfekt til pr\u00e6cise slag under alle forhold.\" \/>\n<meta name=\"robots\" content=\"noindex, follow, max-snippet:-1, max-image-preview:large, max-video-preview:-1\" \/>\n<meta property=\"og:locale\" content=\"da_DK\" \/>\n<meta property=\"og:type\" content=\"article\" \/>\n<meta property=\"og:title\" content=\"K\u00f8b Titleist Vokey SM6 Tour Chrome M Grind Wedge hos WePlayAgain | Spar op til 64%\" \/>\n<meta property=\"og:description\" content=\"Opdag Titleist Vokey SM6 M Grind Wedge i Tour Chrome \u2013 for maksimal f\u00f8lelse, kontrol og spin omkring greenen. Perfekt til pr\u00e6cise slag under alle forhold.\" \/>\n<meta property=\"og:url\" content=\"https:\/\/weplayagain.com\/da\/vare\/titleist-vokey-sm6-tour-chrome-m-grind-wedge-58-08\/\" \/>\n<meta property=\"og:site_name\" content=\"WePlayAgain A\/S\" \/>\n<meta property=\"article:modified_time\" content=\"2025-04-29T12:54:14+00:00\" \/>\n<meta property=\"og:image\" content=\"https:\/\/weplayagain.com\/wp-content\/uploads\/2024\/05\/Photoroom_008_20240526_134716-scaled.jpeg\" \/>\n\t<meta property=\"og:image:width\" content=\"2048\" \/>\n\t<meta property=\"og:image:height\" content=\"2048\" \/>\n\t<meta property=\"og:image:type\" content=\"image\/jpeg\" \/>\n<meta name=\"twitter:card\" content=\"summary_large_image\" \/>\n<meta name=\"twitter:label1\" content=\"Estimeret l\u00e6setid\" \/>\n\t<meta name=\"twitter:data1\" content=\"1 minut\" \/>\n<script type=\"application\/ld+json\" class=\"yoast-schema-graph\">{\"@context\":\"https:\/\/schema.org\",\"@graph\":[{\"@type\":\"WebPage\",\"@id\":\"https:\/\/weplayagain.com\/da\/vare\/titleist-vokey-sm6-tour-chrome-m-grind-wedge-58-08\/\",\"url\":\"https:\/\/weplayagain.com\/da\/vare\/titleist-vokey-sm6-tour-chrome-m-grind-wedge-58-08\/\",\"name\":\"K\u00f8b Titleist Vokey SM6 Tour Chrome M Grind Wedge hos WePlayAgain | Spar op til 64%\",\"isPartOf\":{\"@id\":\"https:\/\/weplayagain.com\/#website\"},\"primaryImageOfPage\":{\"@id\":\"https:\/\/weplayagain.com\/da\/vare\/titleist-vokey-sm6-tour-chrome-m-grind-wedge-58-08\/#primaryimage\"},\"image\":{\"@id\":\"https:\/\/weplayagain.com\/da\/vare\/titleist-vokey-sm6-tour-chrome-m-grind-wedge-58-08\/#primaryimage\"},\"thumbnailUrl\":\"https:\/\/weplayagain.host9.slyde.dk\/wp-content\/uploads\/2024\/05\/Photoroom_008_20240526_134716-scaled.jpeg\",\"datePublished\":\"2024-05-18T16:52:40+00:00\",\"dateModified\":\"2025-04-29T12:54:14+00:00\",\"description\":\"Opdag Titleist Vokey SM6 M Grind Wedge i Tour Chrome \u2013 for maksimal f\u00f8lelse, kontrol og spin omkring greenen. Perfekt til pr\u00e6cise slag under alle forhold.\",\"breadcrumb\":{\"@id\":\"https:\/\/weplayagain.com\/da\/vare\/titleist-vokey-sm6-tour-chrome-m-grind-wedge-58-08\/#breadcrumb\"},\"inLanguage\":\"da-DK\",\"potentialAction\":[{\"@type\":\"ReadAction\",\"target\":[\"https:\/\/weplayagain.com\/da\/vare\/titleist-vokey-sm6-tour-chrome-m-grind-wedge-58-08\/\"]}]},{\"@type\":\"ImageObject\",\"inLanguage\":\"da-DK\",\"@id\":\"https:\/\/weplayagain.com\/da\/vare\/titleist-vokey-sm6-tour-chrome-m-grind-wedge-58-08\/#primaryimage\",\"url\":\"https:\/\/weplayagain.host9.slyde.dk\/wp-content\/uploads\/2024\/05\/Photoroom_008_20240526_134716-scaled.jpeg\",\"contentUrl\":\"https:\/\/weplayagain.host9.slyde.dk\/wp-content\/uploads\/2024\/05\/Photoroom_008_20240526_134716-scaled.jpeg\",\"width\":2048,\"height\":2048,\"caption\":\"Titleist Vokey SM6 Tour Chrome M Grind Wedge \/ #58\/08\"},{\"@type\":\"BreadcrumbList\",\"@id\":\"https:\/\/weplayagain.com\/da\/vare\/titleist-vokey-sm6-tour-chrome-m-grind-wedge-58-08\/#breadcrumb\",\"itemListElement\":[{\"@type\":\"ListItem\",\"position\":1,\"name\":\"Hjem\",\"item\":\"https:\/\/weplayagain.com\/da\/\"},{\"@type\":\"ListItem\",\"position\":2,\"name\":\"Shop\",\"item\":\"https:\/\/weplayagain.com\/shop\/\"},{\"@type\":\"ListItem\",\"position\":3,\"name\":\"Titleist Vokey SM6 Tour Chrome M Grind Wedge \/ #58\/08\"}]},{\"@type\":\"WebSite\",\"@id\":\"https:\/\/weplayagain.com\/#website\",\"url\":\"https:\/\/weplayagain.com\/\",\"name\":\"WePlayAgain A\/S\",\"description\":\"K\u00f8b brugt - trygt, og til markedets skarpeste priser\",\"publisher\":{\"@id\":\"https:\/\/weplayagain.com\/#organization\"},\"potentialAction\":[{\"@type\":\"SearchAction\",\"target\":{\"@type\":\"EntryPoint\",\"urlTemplate\":\"https:\/\/weplayagain.com\/?s={search_term_string}\"},\"query-input\":{\"@type\":\"PropertyValueSpecification\",\"valueRequired\":true,\"valueName\":\"search_term_string\"}}],\"inLanguage\":\"da-DK\"},{\"@type\":\"Organization\",\"@id\":\"https:\/\/weplayagain.com\/#organization\",\"name\":\"WePlayAgain A\/S\",\"url\":\"https:\/\/weplayagain.com\/\",\"logo\":{\"@type\":\"ImageObject\",\"inLanguage\":\"da-DK\",\"@id\":\"https:\/\/weplayagain.com\/#\/schema\/logo\/image\/\",\"url\":\"https:\/\/weplayagain.host9.slyde.dk\/wp-content\/uploads\/2022\/01\/Asset-8-8.png\",\"contentUrl\":\"https:\/\/weplayagain.host9.slyde.dk\/wp-content\/uploads\/2022\/01\/Asset-8-8.png\",\"width\":2048,\"height\":454,\"caption\":\"WePlayAgain A\/S\"},\"image\":{\"@id\":\"https:\/\/weplayagain.com\/#\/schema\/logo\/image\/\"}}]}<\/script>\n<!-- \/ Yoast SEO plugin. -->","yoast_head_json":{"title":"K\u00f8b Titleist Vokey SM6 Tour Chrome M Grind Wedge hos WePlayAgain | Spar op til 64%","description":"Opdag Titleist Vokey SM6 M Grind Wedge i Tour Chrome \u2013 for maksimal f\u00f8lelse, kontrol og spin omkring greenen. Perfekt til pr\u00e6cise slag under alle forhold.","robots":{"index":"noindex","follow":"follow","max-snippet":"max-snippet:-1","max-image-preview":"max-image-preview:large","max-video-preview":"max-video-preview:-1"},"og_locale":"da_DK","og_type":"article","og_title":"K\u00f8b Titleist Vokey SM6 Tour Chrome M Grind Wedge hos WePlayAgain | Spar op til 64%","og_description":"Opdag Titleist Vokey SM6 M Grind Wedge i Tour Chrome \u2013 for maksimal f\u00f8lelse, kontrol og spin omkring greenen. Perfekt til pr\u00e6cise slag under alle forhold.","og_url":"https:\/\/weplayagain.com\/da\/vare\/titleist-vokey-sm6-tour-chrome-m-grind-wedge-58-08\/","og_site_name":"WePlayAgain A\/S","article_modified_time":"2025-04-29T12:54:14+00:00","og_image":[{"width":2048,"height":2048,"url":"https:\/\/weplayagain.com\/wp-content\/uploads\/2024\/05\/Photoroom_008_20240526_134716-scaled.jpeg","type":"image\/jpeg"}],"twitter_card":"summary_large_image","twitter_misc":{"Estimeret l\u00e6setid":"1 minut"},"schema":{"@context":"https:\/\/schema.org","@graph":[{"@type":"WebPage","@id":"https:\/\/weplayagain.com\/da\/vare\/titleist-vokey-sm6-tour-chrome-m-grind-wedge-58-08\/","url":"https:\/\/weplayagain.com\/da\/vare\/titleist-vokey-sm6-tour-chrome-m-grind-wedge-58-08\/","name":"K\u00f8b Titleist Vokey SM6 Tour Chrome M Grind Wedge hos WePlayAgain | Spar op til 64%","isPartOf":{"@id":"https:\/\/weplayagain.com\/#website"},"primaryImageOfPage":{"@id":"https:\/\/weplayagain.com\/da\/vare\/titleist-vokey-sm6-tour-chrome-m-grind-wedge-58-08\/#primaryimage"},"image":{"@id":"https:\/\/weplayagain.com\/da\/vare\/titleist-vokey-sm6-tour-chrome-m-grind-wedge-58-08\/#primaryimage"},"thumbnailUrl":"https:\/\/weplayagain.host9.slyde.dk\/wp-content\/uploads\/2024\/05\/Photoroom_008_20240526_134716-scaled.jpeg","datePublished":"2024-05-18T16:52:40+00:00","dateModified":"2025-04-29T12:54:14+00:00","description":"Opdag Titleist Vokey SM6 M Grind Wedge i Tour Chrome \u2013 for maksimal f\u00f8lelse, kontrol og spin omkring greenen. Perfekt til pr\u00e6cise slag under alle forhold.","breadcrumb":{"@id":"https:\/\/weplayagain.com\/da\/vare\/titleist-vokey-sm6-tour-chrome-m-grind-wedge-58-08\/#breadcrumb"},"inLanguage":"da-DK","potentialAction":[{"@type":"ReadAction","target":["https:\/\/weplayagain.com\/da\/vare\/titleist-vokey-sm6-tour-chrome-m-grind-wedge-58-08\/"]}]},{"@type":"ImageObject","inLanguage":"da-DK","@id":"https:\/\/weplayagain.com\/da\/vare\/titleist-vokey-sm6-tour-chrome-m-grind-wedge-58-08\/#primaryimage","url":"https:\/\/weplayagain.host9.slyde.dk\/wp-content\/uploads\/2024\/05\/Photoroom_008_20240526_134716-scaled.jpeg","contentUrl":"https:\/\/weplayagain.host9.slyde.dk\/wp-content\/uploads\/2024\/05\/Photoroom_008_20240526_134716-scaled.jpeg","width":2048,"height":2048,"caption":"Titleist Vokey SM6 Tour Chrome M Grind Wedge \/ #58\/08"},{"@type":"BreadcrumbList","@id":"https:\/\/weplayagain.com\/da\/vare\/titleist-vokey-sm6-tour-chrome-m-grind-wedge-58-08\/#breadcrumb","itemListElement":[{"@type":"ListItem","position":1,"name":"Hjem","item":"https:\/\/weplayagain.com\/da\/"},{"@type":"ListItem","position":2,"name":"Shop","item":"https:\/\/weplayagain.com\/shop\/"},{"@type":"ListItem","position":3,"name":"Titleist Vokey SM6 Tour Chrome M Grind Wedge \/ #58\/08"}]},{"@type":"WebSite","@id":"https:\/\/weplayagain.com\/#website","url":"https:\/\/weplayagain.com\/","name":"WePlayAgain A\/S","description":"K\u00f8b brugt - trygt, og til markedets skarpeste priser","publisher":{"@id":"https:\/\/weplayagain.com\/#organization"},"potentialAction":[{"@type":"SearchAction","target":{"@type":"EntryPoint","urlTemplate":"https:\/\/weplayagain.com\/?s={search_term_string}"},"query-input":{"@type":"PropertyValueSpecification","valueRequired":true,"valueName":"search_term_string"}}],"inLanguage":"da-DK"},{"@type":"Organization","@id":"https:\/\/weplayagain.com\/#organization","name":"WePlayAgain A\/S","url":"https:\/\/weplayagain.com\/","logo":{"@type":"ImageObject","inLanguage":"da-DK","@id":"https:\/\/weplayagain.com\/#\/schema\/logo\/image\/","url":"https:\/\/weplayagain.host9.slyde.dk\/wp-content\/uploads\/2022\/01\/Asset-8-8.png","contentUrl":"https:\/\/weplayagain.host9.slyde.dk\/wp-content\/uploads\/2022\/01\/Asset-8-8.png","width":2048,"height":454,"caption":"WePlayAgain A\/S"},"image":{"@id":"https:\/\/weplayagain.com\/#\/schema\/logo\/image\/"}}]}},"_links":{"self":[{"href":"https:\/\/weplayagain.host9.slyde.dk\/da\/wp-json\/wp\/v2\/product\/26561","targetHints":{"allow":["GET"]}}],"collection":[{"href":"https:\/\/weplayagain.host9.slyde.dk\/da\/wp-json\/wp\/v2\/product"}],"about":[{"href":"https:\/\/weplayagain.host9.slyde.dk\/da\/wp-json\/wp\/v2\/types\/product"}],"wp:featuredmedia":[{"embeddable":true,"href":"https:\/\/weplayagain.host9.slyde.dk\/da\/wp-json\/wp\/v2\/media\/27130"}],"wp:attachment":[{"href":"https:\/\/weplayagain.host9.slyde.dk\/da\/wp-json\/wp\/v2\/media?parent=26561"}],"wp:term":[{"taxonomy":"product_brand","embeddable":true,"href":"https:\/\/weplayagain.host9.slyde.dk\/da\/wp-json\/wp\/v2\/product_brand?post=26561"},{"taxonomy":"product_cat","embeddable":true,"href":"https:\/\/weplayagain.host9.slyde.dk\/da\/wp-json\/wp\/v2\/product_cat?post=26561"},{"taxonomy":"product_tag","embeddable":true,"href":"https:\/\/weplayagain.host9.slyde.dk\/da\/wp-json\/wp\/v2\/product_tag?post=26561"}],"curies":[{"name":"wp","href":"https:\/\/api.w.org\/{rel}","templated":true}]}}