{"id":30305,"date":"2024-09-09T14:38:23","date_gmt":"2024-09-09T13:38:23","guid":{"rendered":"https:\/\/weplayagain.com\/?post_type=product&#038;p=30305"},"modified":"2025-04-28T23:20:29","modified_gmt":"2025-04-28T22:20:29","slug":"cobra-baffler-xl-jernsaet-flex-ladies-7-pws-grafit","status":"publish","type":"product","link":"https:\/\/weplayagain.host9.slyde.dk\/da\/vare\/cobra-baffler-xl-jernsaet-flex-ladies-7-pws-grafit\/","title":{"rendered":"Cobra Baffler XL jerns\u00e6t \/ Flex Ladies \/ 7-PW+S \/ Grafit"},"content":{"rendered":"<p><strong>Cobra Baffler Jerns\u00e6t \u2013 Enklere Golf, Bedre Resultater<\/strong><\/p>\n<p>Med <strong>Cobra Baffler Jerns\u00e6t<\/strong> i h\u00e5nden bliver golf b\u00e5de lettere og sjovere. Perfekt til golfspillere, der \u00f8nsker stabilitet, tilgivelse og kontrol, uanset niveau. Dette s\u00e6t er skabt med gennemt\u00e6nkte detaljer, der hj\u00e6lper dig med at f\u00e5 det bedste ud af hver eneste runde \u2013 og hvert eneste slag.<\/p>\n<ul>\n<li>\n<p><strong>Smart design til alle slag<\/strong>: Det progressive oversized design s\u00f8rger for, at du rammer bolden mere rent, selv hvis timingen halter en smule.<\/p>\n<\/li>\n<li>\n<p><strong>L\u00f8ft bolden med lethed<\/strong>: Med et lavt tyngdepunkt og brede s\u00e5ler er det en leg at sende bolden op i luften \u2013 uden at k\u00e6mpe eller overanstrenge dig.<\/p>\n<\/li>\n<li>\n<p><strong>Sk\u00e6ve slag? Ingen problem!<\/strong>: Det ekstra offset hj\u00e6lper med at rette op p\u00e5 de sm\u00e5 fejl, s\u00e5 dine slag f\u00f8les mere stabile og pr\u00e6cise.<\/p>\n<\/li>\n<\/ul>\n<p>Cobra Baffler Jerns\u00e6ttet er et godt valg, hvis du vil have udstyr, der fungerer for dig og ikke imod dig. Med en kombination af brugervenlige teknologier og solid kvalitet kan du fokusere p\u00e5 at nyde spillet \u2013 og m\u00e5ske endda imponere dine golfkammerater. Uanset om du er nybegynder eller erfaren spiller, vil dette jerns\u00e6t g\u00f8re hver golfrunde mere forn\u00f8jelig ved at levere pr\u00e6cision og stabilitet uden besv\u00e6r.<\/p>\n","protected":false},"excerpt":{"rendered":"<p>I denne pakke er der f\u00f8lgende 5 jern:<\/p>\n<p>7, 8, 9, P &amp; S<\/p>\n<p><span style=\"font-weight: 400\">\u2714<\/span> 2 \u00e5rs garanti<br \/>\n<span style=\"font-weight: 400\">\u2714 Dag-til-dag levering &#8211; bestil inden kl. 15.<br \/>\n\u2714 Prisgaranti<br \/>\n\u2714 Spar op til 50% p\u00e5 alle vores produkter ift. markedspris<\/span><\/p>\n","protected":false},"featured_media":30570,"template":"","meta":{"_acf_changed":false},"product_brand":[],"product_cat":[373],"product_tag":[],"class_list":{"0":"post-30305","1":"product","2":"type-product","3":"status-publish","4":"has-post-thumbnail","6":"product_cat-jernsaet","7":"pa_28935-female","8":"pa_brand-cobra","9":"pa_condition-brugt-okay-stand","10":"pa_dexterity-hojre-haand","11":"pa_flex-ladies-flex","12":"pa_koelle-iron-set","13":"pa_laengdesaet-standard-laengde","14":"pa_model-baffler","15":"pa_set-makeup-7-pw-s-7-8-9-pw-s","16":"pa_skaft-baffler","17":"pa_skaft-materiale-grafit","19":"first","20":"instock","21":"taxable","22":"shipping-taxable","23":"purchasable","24":"product-type-simple"},"acf":[],"yoast_head":"<!-- This site is optimized with the Yoast SEO plugin v24.8.1 - https:\/\/yoast.com\/wordpress\/plugins\/seo\/ -->\n<title>K\u00f8b Cobra Baffler XL Jerns\u00e6t hos WePlayAgain | Hurtig Levering<\/title>\n<meta name=\"description\" content=\"K\u00f8b Cobra Baffler XL Jerns\u00e6t | Spar op til 58% af nyprisen. 2 \u00e5rs garanti | 14 dages pr\u00f8veperiode | EU Prisgaranti\" \/>\n<meta name=\"robots\" content=\"noindex, follow, max-snippet:-1, max-image-preview:large, max-video-preview:-1\" \/>\n<meta property=\"og:locale\" content=\"da_DK\" \/>\n<meta property=\"og:type\" content=\"article\" \/>\n<meta property=\"og:title\" content=\"K\u00f8b Cobra Baffler XL Jerns\u00e6t hos WePlayAgain | Hurtig Levering\" \/>\n<meta property=\"og:description\" content=\"K\u00f8b Cobra Baffler XL Jerns\u00e6t | Spar op til 58% af nyprisen. 2 \u00e5rs garanti | 14 dages pr\u00f8veperiode | EU Prisgaranti\" \/>\n<meta property=\"og:url\" content=\"https:\/\/weplayagain.com\/da\/vare\/cobra-baffler-xl-jernsaet-flex-ladies-7-pws-grafit\/\" \/>\n<meta property=\"og:site_name\" content=\"WePlayAgain A\/S\" \/>\n<meta property=\"article:modified_time\" content=\"2025-04-28T22:20:29+00:00\" \/>\n<meta property=\"og:image\" content=\"https:\/\/weplayagain.com\/wp-content\/uploads\/2024\/09\/Photoroom_005_20240912_111003-scaled.jpeg\" \/>\n\t<meta property=\"og:image:width\" content=\"2048\" \/>\n\t<meta property=\"og:image:height\" content=\"2048\" \/>\n\t<meta property=\"og:image:type\" content=\"image\/jpeg\" \/>\n<meta name=\"twitter:card\" content=\"summary_large_image\" \/>\n<meta name=\"twitter:label1\" content=\"Estimeret l\u00e6setid\" \/>\n\t<meta name=\"twitter:data1\" content=\"1 minut\" \/>\n<script type=\"application\/ld+json\" class=\"yoast-schema-graph\">{\"@context\":\"https:\/\/schema.org\",\"@graph\":[{\"@type\":\"WebPage\",\"@id\":\"https:\/\/weplayagain.com\/da\/vare\/cobra-baffler-xl-jernsaet-flex-ladies-7-pws-grafit\/\",\"url\":\"https:\/\/weplayagain.com\/da\/vare\/cobra-baffler-xl-jernsaet-flex-ladies-7-pws-grafit\/\",\"name\":\"K\u00f8b Cobra Baffler XL Jerns\u00e6t hos WePlayAgain | Hurtig Levering\",\"isPartOf\":{\"@id\":\"https:\/\/weplayagain.com\/#website\"},\"primaryImageOfPage\":{\"@id\":\"https:\/\/weplayagain.com\/da\/vare\/cobra-baffler-xl-jernsaet-flex-ladies-7-pws-grafit\/#primaryimage\"},\"image\":{\"@id\":\"https:\/\/weplayagain.com\/da\/vare\/cobra-baffler-xl-jernsaet-flex-ladies-7-pws-grafit\/#primaryimage\"},\"thumbnailUrl\":\"https:\/\/weplayagain.host9.slyde.dk\/wp-content\/uploads\/2024\/09\/Photoroom_005_20240912_111003-scaled.jpeg\",\"datePublished\":\"2024-09-09T13:38:23+00:00\",\"dateModified\":\"2025-04-28T22:20:29+00:00\",\"description\":\"K\u00f8b Cobra Baffler XL Jerns\u00e6t | Spar op til 58% af nyprisen. 2 \u00e5rs garanti | 14 dages pr\u00f8veperiode | EU Prisgaranti\",\"breadcrumb\":{\"@id\":\"https:\/\/weplayagain.com\/da\/vare\/cobra-baffler-xl-jernsaet-flex-ladies-7-pws-grafit\/#breadcrumb\"},\"inLanguage\":\"da-DK\",\"potentialAction\":[{\"@type\":\"ReadAction\",\"target\":[\"https:\/\/weplayagain.com\/da\/vare\/cobra-baffler-xl-jernsaet-flex-ladies-7-pws-grafit\/\"]}]},{\"@type\":\"ImageObject\",\"inLanguage\":\"da-DK\",\"@id\":\"https:\/\/weplayagain.com\/da\/vare\/cobra-baffler-xl-jernsaet-flex-ladies-7-pws-grafit\/#primaryimage\",\"url\":\"https:\/\/weplayagain.host9.slyde.dk\/wp-content\/uploads\/2024\/09\/Photoroom_005_20240912_111003-scaled.jpeg\",\"contentUrl\":\"https:\/\/weplayagain.host9.slyde.dk\/wp-content\/uploads\/2024\/09\/Photoroom_005_20240912_111003-scaled.jpeg\",\"width\":2048,\"height\":2048},{\"@type\":\"BreadcrumbList\",\"@id\":\"https:\/\/weplayagain.com\/da\/vare\/cobra-baffler-xl-jernsaet-flex-ladies-7-pws-grafit\/#breadcrumb\",\"itemListElement\":[{\"@type\":\"ListItem\",\"position\":1,\"name\":\"Hjem\",\"item\":\"https:\/\/weplayagain.com\/da\/\"},{\"@type\":\"ListItem\",\"position\":2,\"name\":\"Shop\",\"item\":\"https:\/\/weplayagain.com\/shop\/\"},{\"@type\":\"ListItem\",\"position\":3,\"name\":\"Cobra Baffler XL jerns\u00e6t \/ Flex Ladies \/ 7-PW+S \/ Grafit\"}]},{\"@type\":\"WebSite\",\"@id\":\"https:\/\/weplayagain.com\/#website\",\"url\":\"https:\/\/weplayagain.com\/\",\"name\":\"WePlayAgain A\/S\",\"description\":\"K\u00f8b brugt - trygt, og til markedets skarpeste priser\",\"publisher\":{\"@id\":\"https:\/\/weplayagain.com\/#organization\"},\"potentialAction\":[{\"@type\":\"SearchAction\",\"target\":{\"@type\":\"EntryPoint\",\"urlTemplate\":\"https:\/\/weplayagain.com\/?s={search_term_string}\"},\"query-input\":{\"@type\":\"PropertyValueSpecification\",\"valueRequired\":true,\"valueName\":\"search_term_string\"}}],\"inLanguage\":\"da-DK\"},{\"@type\":\"Organization\",\"@id\":\"https:\/\/weplayagain.com\/#organization\",\"name\":\"WePlayAgain A\/S\",\"url\":\"https:\/\/weplayagain.com\/\",\"logo\":{\"@type\":\"ImageObject\",\"inLanguage\":\"da-DK\",\"@id\":\"https:\/\/weplayagain.com\/#\/schema\/logo\/image\/\",\"url\":\"https:\/\/weplayagain.host9.slyde.dk\/wp-content\/uploads\/2022\/01\/Asset-8-8.png\",\"contentUrl\":\"https:\/\/weplayagain.host9.slyde.dk\/wp-content\/uploads\/2022\/01\/Asset-8-8.png\",\"width\":2048,\"height\":454,\"caption\":\"WePlayAgain A\/S\"},\"image\":{\"@id\":\"https:\/\/weplayagain.com\/#\/schema\/logo\/image\/\"}}]}<\/script>\n<!-- \/ Yoast SEO plugin. -->","yoast_head_json":{"title":"K\u00f8b Cobra Baffler XL Jerns\u00e6t hos WePlayAgain | Hurtig Levering","description":"K\u00f8b Cobra Baffler XL Jerns\u00e6t | Spar op til 58% af nyprisen. 2 \u00e5rs garanti | 14 dages pr\u00f8veperiode | EU Prisgaranti","robots":{"index":"noindex","follow":"follow","max-snippet":"max-snippet:-1","max-image-preview":"max-image-preview:large","max-video-preview":"max-video-preview:-1"},"og_locale":"da_DK","og_type":"article","og_title":"K\u00f8b Cobra Baffler XL Jerns\u00e6t hos WePlayAgain | Hurtig Levering","og_description":"K\u00f8b Cobra Baffler XL Jerns\u00e6t | Spar op til 58% af nyprisen. 2 \u00e5rs garanti | 14 dages pr\u00f8veperiode | EU Prisgaranti","og_url":"https:\/\/weplayagain.com\/da\/vare\/cobra-baffler-xl-jernsaet-flex-ladies-7-pws-grafit\/","og_site_name":"WePlayAgain A\/S","article_modified_time":"2025-04-28T22:20:29+00:00","og_image":[{"width":2048,"height":2048,"url":"https:\/\/weplayagain.com\/wp-content\/uploads\/2024\/09\/Photoroom_005_20240912_111003-scaled.jpeg","type":"image\/jpeg"}],"twitter_card":"summary_large_image","twitter_misc":{"Estimeret l\u00e6setid":"1 minut"},"schema":{"@context":"https:\/\/schema.org","@graph":[{"@type":"WebPage","@id":"https:\/\/weplayagain.com\/da\/vare\/cobra-baffler-xl-jernsaet-flex-ladies-7-pws-grafit\/","url":"https:\/\/weplayagain.com\/da\/vare\/cobra-baffler-xl-jernsaet-flex-ladies-7-pws-grafit\/","name":"K\u00f8b Cobra Baffler XL Jerns\u00e6t hos WePlayAgain | Hurtig Levering","isPartOf":{"@id":"https:\/\/weplayagain.com\/#website"},"primaryImageOfPage":{"@id":"https:\/\/weplayagain.com\/da\/vare\/cobra-baffler-xl-jernsaet-flex-ladies-7-pws-grafit\/#primaryimage"},"image":{"@id":"https:\/\/weplayagain.com\/da\/vare\/cobra-baffler-xl-jernsaet-flex-ladies-7-pws-grafit\/#primaryimage"},"thumbnailUrl":"https:\/\/weplayagain.host9.slyde.dk\/wp-content\/uploads\/2024\/09\/Photoroom_005_20240912_111003-scaled.jpeg","datePublished":"2024-09-09T13:38:23+00:00","dateModified":"2025-04-28T22:20:29+00:00","description":"K\u00f8b Cobra Baffler XL Jerns\u00e6t | Spar op til 58% af nyprisen. 2 \u00e5rs garanti | 14 dages pr\u00f8veperiode | EU Prisgaranti","breadcrumb":{"@id":"https:\/\/weplayagain.com\/da\/vare\/cobra-baffler-xl-jernsaet-flex-ladies-7-pws-grafit\/#breadcrumb"},"inLanguage":"da-DK","potentialAction":[{"@type":"ReadAction","target":["https:\/\/weplayagain.com\/da\/vare\/cobra-baffler-xl-jernsaet-flex-ladies-7-pws-grafit\/"]}]},{"@type":"ImageObject","inLanguage":"da-DK","@id":"https:\/\/weplayagain.com\/da\/vare\/cobra-baffler-xl-jernsaet-flex-ladies-7-pws-grafit\/#primaryimage","url":"https:\/\/weplayagain.host9.slyde.dk\/wp-content\/uploads\/2024\/09\/Photoroom_005_20240912_111003-scaled.jpeg","contentUrl":"https:\/\/weplayagain.host9.slyde.dk\/wp-content\/uploads\/2024\/09\/Photoroom_005_20240912_111003-scaled.jpeg","width":2048,"height":2048},{"@type":"BreadcrumbList","@id":"https:\/\/weplayagain.com\/da\/vare\/cobra-baffler-xl-jernsaet-flex-ladies-7-pws-grafit\/#breadcrumb","itemListElement":[{"@type":"ListItem","position":1,"name":"Hjem","item":"https:\/\/weplayagain.com\/da\/"},{"@type":"ListItem","position":2,"name":"Shop","item":"https:\/\/weplayagain.com\/shop\/"},{"@type":"ListItem","position":3,"name":"Cobra Baffler XL jerns\u00e6t \/ Flex Ladies \/ 7-PW+S \/ Grafit"}]},{"@type":"WebSite","@id":"https:\/\/weplayagain.com\/#website","url":"https:\/\/weplayagain.com\/","name":"WePlayAgain A\/S","description":"K\u00f8b brugt - trygt, og til markedets skarpeste priser","publisher":{"@id":"https:\/\/weplayagain.com\/#organization"},"potentialAction":[{"@type":"SearchAction","target":{"@type":"EntryPoint","urlTemplate":"https:\/\/weplayagain.com\/?s={search_term_string}"},"query-input":{"@type":"PropertyValueSpecification","valueRequired":true,"valueName":"search_term_string"}}],"inLanguage":"da-DK"},{"@type":"Organization","@id":"https:\/\/weplayagain.com\/#organization","name":"WePlayAgain A\/S","url":"https:\/\/weplayagain.com\/","logo":{"@type":"ImageObject","inLanguage":"da-DK","@id":"https:\/\/weplayagain.com\/#\/schema\/logo\/image\/","url":"https:\/\/weplayagain.host9.slyde.dk\/wp-content\/uploads\/2022\/01\/Asset-8-8.png","contentUrl":"https:\/\/weplayagain.host9.slyde.dk\/wp-content\/uploads\/2022\/01\/Asset-8-8.png","width":2048,"height":454,"caption":"WePlayAgain A\/S"},"image":{"@id":"https:\/\/weplayagain.com\/#\/schema\/logo\/image\/"}}]}},"_links":{"self":[{"href":"https:\/\/weplayagain.host9.slyde.dk\/da\/wp-json\/wp\/v2\/product\/30305","targetHints":{"allow":["GET"]}}],"collection":[{"href":"https:\/\/weplayagain.host9.slyde.dk\/da\/wp-json\/wp\/v2\/product"}],"about":[{"href":"https:\/\/weplayagain.host9.slyde.dk\/da\/wp-json\/wp\/v2\/types\/product"}],"wp:featuredmedia":[{"embeddable":true,"href":"https:\/\/weplayagain.host9.slyde.dk\/da\/wp-json\/wp\/v2\/media\/30570"}],"wp:attachment":[{"href":"https:\/\/weplayagain.host9.slyde.dk\/da\/wp-json\/wp\/v2\/media?parent=30305"}],"wp:term":[{"taxonomy":"product_brand","embeddable":true,"href":"https:\/\/weplayagain.host9.slyde.dk\/da\/wp-json\/wp\/v2\/product_brand?post=30305"},{"taxonomy":"product_cat","embeddable":true,"href":"https:\/\/weplayagain.host9.slyde.dk\/da\/wp-json\/wp\/v2\/product_cat?post=30305"},{"taxonomy":"product_tag","embeddable":true,"href":"https:\/\/weplayagain.host9.slyde.dk\/da\/wp-json\/wp\/v2\/product_tag?post=30305"}],"curies":[{"name":"wp","href":"https:\/\/api.w.org\/{rel}","templated":true}]}}