{"id":31571,"date":"2024-10-04T19:35:20","date_gmt":"2024-10-04T18:35:20","guid":{"rendered":"https:\/\/weplayagain.com\/?post_type=product&#038;p=31571"},"modified":"2025-04-28T23:53:24","modified_gmt":"2025-04-28T22:53:24","slug":"wilson-launchpad-2-driver-a-flex-loft-10-5","status":"publish","type":"product","link":"https:\/\/weplayagain.host9.slyde.dk\/da\/vare\/wilson-launchpad-2-driver-a-flex-loft-10-5\/","title":{"rendered":"Wilson LaunchPad 2 Driver \/\/ A-Flex \/ Loft 10.5"},"content":{"rendered":"<p>Vil du have hj\u00e6lp til at f\u00e5 bolden ud i fairway og skruet lidt ned for slicen? S\u00e5 er LaunchPad 2 driver lige noget for dig.  <\/p>\n<p>Driveren er lavet til dig med mellem til h\u00f8jt handicap, som gerne vil g\u00f8re spillet fra tee mere stabilt \u2013 uden at skulle \u00e6ndre hele svinget.  <\/p>\n<p>Med en indbygget drawbias hj\u00e6lper den dig med at rette op p\u00e5 sk\u00e6ve slag og f\u00e5 bolden til at flyve mere lige.  <\/p>\n<p>Den avancerede PKR-facegeometri giver bedre fart p\u00e5 bolden over hele slagfladen, ogs\u00e5 n\u00e5r du ikke rammer lige i midten.  <\/p>\n<p>Og s\u00e5 er den let \u2013 virkelig let \u2013 hvilket g\u00f8r det nemmere at f\u00e5 h\u00f8jere boldflugt og ekstra l\u00e6ngde uden at skulle svinge h\u00e5rdere.  <\/p>\n<p>Kort sagt: En tilgivende og hj\u00e6lpsom driver til golfspillere, der gerne vil ramme flere fairways og f\u00e5 mere ud af hvert drive.<\/p>\n","protected":false},"excerpt":{"rendered":"<p>Vil du have hj\u00e6lp til at f\u00e5 bolden ud i fairway og skruet lidt ned for slicen? S\u00e5 er LaunchPad 2 driver lige noget for dig. Driveren er lavet til dig med mellem til h\u00f8jt handicap, som gerne vil g\u00f8re spillet fra tee mere stabilt \u2013 uden at skulle \u00e6ndre hele svinget. Med en indbygget [&hellip;]<\/p>\n","protected":false},"featured_media":31980,"template":"","meta":{"_acf_changed":false},"product_brand":[],"product_cat":[507],"product_tag":[],"class_list":{"0":"post-31571","1":"product","2":"type-product","3":"status-publish","4":"has-post-thumbnail","6":"product_cat-brugt-golf-driver","7":"pa_28935-men","8":"pa_brand-wilson","9":"pa_condition-ny","10":"pa_dexterity-hojre-haand","11":"pa_flex-a-flex","12":"pa_koelle-driver","13":"pa_loft-10-5","14":"pa_model-launch-pad-2","15":"pa_skaft-grafit-project-x-evenflow-50g","16":"pa_skaft-materiale-grafit","18":"first","19":"instock","20":"taxable","21":"shipping-taxable","22":"purchasable","23":"product-type-simple"},"acf":[],"yoast_head":"<!-- This site is optimized with the Yoast SEO plugin v24.8.1 - https:\/\/yoast.com\/wordpress\/plugins\/seo\/ -->\n<title>K\u00f8b brugt Wilson LaunchPad 2 Driver hos WePlayAgain | Hurtig levering<\/title>\n<meta name=\"description\" content=\"Manger du en brugt Wilson LaunchPad 2 Driver og spar op til 65% af nyprisen. 2 \u00e5rs garanti og 14 dages pr\u00f8veperiode.\" \/>\n<meta name=\"robots\" content=\"noindex, follow, max-snippet:-1, max-image-preview:large, max-video-preview:-1\" \/>\n<meta property=\"og:locale\" content=\"da_DK\" \/>\n<meta property=\"og:type\" content=\"article\" \/>\n<meta property=\"og:title\" content=\"K\u00f8b brugt Wilson LaunchPad 2 Driver hos WePlayAgain | Hurtig levering\" \/>\n<meta property=\"og:description\" content=\"Manger du en brugt Wilson LaunchPad 2 Driver og spar op til 65% af nyprisen. 2 \u00e5rs garanti og 14 dages pr\u00f8veperiode.\" \/>\n<meta property=\"og:url\" content=\"https:\/\/weplayagain.com\/da\/vare\/wilson-launchpad-2-driver-a-flex-loft-10-5\/\" \/>\n<meta property=\"og:site_name\" content=\"WePlayAgain A\/S\" \/>\n<meta property=\"article:modified_time\" content=\"2025-04-28T22:53:24+00:00\" \/>\n<meta property=\"og:image\" content=\"https:\/\/weplayagain.com\/wp-content\/uploads\/2024\/10\/Photoroom_007_20241008_113534-scaled.jpeg\" \/>\n\t<meta property=\"og:image:width\" content=\"2048\" \/>\n\t<meta property=\"og:image:height\" content=\"2048\" \/>\n\t<meta property=\"og:image:type\" content=\"image\/jpeg\" \/>\n<meta name=\"twitter:card\" content=\"summary_large_image\" \/>\n<meta name=\"twitter:label1\" content=\"Estimeret l\u00e6setid\" \/>\n\t<meta name=\"twitter:data1\" content=\"1 minut\" \/>\n<script type=\"application\/ld+json\" class=\"yoast-schema-graph\">{\"@context\":\"https:\/\/schema.org\",\"@graph\":[{\"@type\":\"WebPage\",\"@id\":\"https:\/\/weplayagain.com\/da\/vare\/wilson-launchpad-2-driver-a-flex-loft-10-5\/\",\"url\":\"https:\/\/weplayagain.com\/da\/vare\/wilson-launchpad-2-driver-a-flex-loft-10-5\/\",\"name\":\"K\u00f8b brugt Wilson LaunchPad 2 Driver hos WePlayAgain | Hurtig levering\",\"isPartOf\":{\"@id\":\"https:\/\/weplayagain.com\/#website\"},\"primaryImageOfPage\":{\"@id\":\"https:\/\/weplayagain.com\/da\/vare\/wilson-launchpad-2-driver-a-flex-loft-10-5\/#primaryimage\"},\"image\":{\"@id\":\"https:\/\/weplayagain.com\/da\/vare\/wilson-launchpad-2-driver-a-flex-loft-10-5\/#primaryimage\"},\"thumbnailUrl\":\"https:\/\/weplayagain.host9.slyde.dk\/wp-content\/uploads\/2024\/10\/Photoroom_007_20241008_113534-scaled.jpeg\",\"datePublished\":\"2024-10-04T18:35:20+00:00\",\"dateModified\":\"2025-04-28T22:53:24+00:00\",\"description\":\"Manger du en brugt Wilson LaunchPad 2 Driver og spar op til 65% af nyprisen. 2 \u00e5rs garanti og 14 dages pr\u00f8veperiode.\",\"breadcrumb\":{\"@id\":\"https:\/\/weplayagain.com\/da\/vare\/wilson-launchpad-2-driver-a-flex-loft-10-5\/#breadcrumb\"},\"inLanguage\":\"da-DK\",\"potentialAction\":[{\"@type\":\"ReadAction\",\"target\":[\"https:\/\/weplayagain.com\/da\/vare\/wilson-launchpad-2-driver-a-flex-loft-10-5\/\"]}]},{\"@type\":\"ImageObject\",\"inLanguage\":\"da-DK\",\"@id\":\"https:\/\/weplayagain.com\/da\/vare\/wilson-launchpad-2-driver-a-flex-loft-10-5\/#primaryimage\",\"url\":\"https:\/\/weplayagain.host9.slyde.dk\/wp-content\/uploads\/2024\/10\/Photoroom_007_20241008_113534-scaled.jpeg\",\"contentUrl\":\"https:\/\/weplayagain.host9.slyde.dk\/wp-content\/uploads\/2024\/10\/Photoroom_007_20241008_113534-scaled.jpeg\",\"width\":2048,\"height\":2048},{\"@type\":\"BreadcrumbList\",\"@id\":\"https:\/\/weplayagain.com\/da\/vare\/wilson-launchpad-2-driver-a-flex-loft-10-5\/#breadcrumb\",\"itemListElement\":[{\"@type\":\"ListItem\",\"position\":1,\"name\":\"Hjem\",\"item\":\"https:\/\/weplayagain.com\/da\/\"},{\"@type\":\"ListItem\",\"position\":2,\"name\":\"Shop\",\"item\":\"https:\/\/weplayagain.com\/shop\/\"},{\"@type\":\"ListItem\",\"position\":3,\"name\":\"Wilson LaunchPad 2 Driver \/\/ A-Flex \/ Loft 10.5\"}]},{\"@type\":\"WebSite\",\"@id\":\"https:\/\/weplayagain.com\/#website\",\"url\":\"https:\/\/weplayagain.com\/\",\"name\":\"WePlayAgain A\/S\",\"description\":\"K\u00f8b brugt - trygt, og til markedets skarpeste priser\",\"publisher\":{\"@id\":\"https:\/\/weplayagain.com\/#organization\"},\"potentialAction\":[{\"@type\":\"SearchAction\",\"target\":{\"@type\":\"EntryPoint\",\"urlTemplate\":\"https:\/\/weplayagain.com\/?s={search_term_string}\"},\"query-input\":{\"@type\":\"PropertyValueSpecification\",\"valueRequired\":true,\"valueName\":\"search_term_string\"}}],\"inLanguage\":\"da-DK\"},{\"@type\":\"Organization\",\"@id\":\"https:\/\/weplayagain.com\/#organization\",\"name\":\"WePlayAgain A\/S\",\"url\":\"https:\/\/weplayagain.com\/\",\"logo\":{\"@type\":\"ImageObject\",\"inLanguage\":\"da-DK\",\"@id\":\"https:\/\/weplayagain.com\/#\/schema\/logo\/image\/\",\"url\":\"https:\/\/weplayagain.host9.slyde.dk\/wp-content\/uploads\/2022\/01\/Asset-8-8.png\",\"contentUrl\":\"https:\/\/weplayagain.host9.slyde.dk\/wp-content\/uploads\/2022\/01\/Asset-8-8.png\",\"width\":2048,\"height\":454,\"caption\":\"WePlayAgain A\/S\"},\"image\":{\"@id\":\"https:\/\/weplayagain.com\/#\/schema\/logo\/image\/\"}}]}<\/script>\n<!-- \/ Yoast SEO plugin. -->","yoast_head_json":{"title":"K\u00f8b brugt Wilson LaunchPad 2 Driver hos WePlayAgain | Hurtig levering","description":"Manger du en brugt Wilson LaunchPad 2 Driver og spar op til 65% af nyprisen. 2 \u00e5rs garanti og 14 dages pr\u00f8veperiode.","robots":{"index":"noindex","follow":"follow","max-snippet":"max-snippet:-1","max-image-preview":"max-image-preview:large","max-video-preview":"max-video-preview:-1"},"og_locale":"da_DK","og_type":"article","og_title":"K\u00f8b brugt Wilson LaunchPad 2 Driver hos WePlayAgain | Hurtig levering","og_description":"Manger du en brugt Wilson LaunchPad 2 Driver og spar op til 65% af nyprisen. 2 \u00e5rs garanti og 14 dages pr\u00f8veperiode.","og_url":"https:\/\/weplayagain.com\/da\/vare\/wilson-launchpad-2-driver-a-flex-loft-10-5\/","og_site_name":"WePlayAgain A\/S","article_modified_time":"2025-04-28T22:53:24+00:00","og_image":[{"width":2048,"height":2048,"url":"https:\/\/weplayagain.com\/wp-content\/uploads\/2024\/10\/Photoroom_007_20241008_113534-scaled.jpeg","type":"image\/jpeg"}],"twitter_card":"summary_large_image","twitter_misc":{"Estimeret l\u00e6setid":"1 minut"},"schema":{"@context":"https:\/\/schema.org","@graph":[{"@type":"WebPage","@id":"https:\/\/weplayagain.com\/da\/vare\/wilson-launchpad-2-driver-a-flex-loft-10-5\/","url":"https:\/\/weplayagain.com\/da\/vare\/wilson-launchpad-2-driver-a-flex-loft-10-5\/","name":"K\u00f8b brugt Wilson LaunchPad 2 Driver hos WePlayAgain | Hurtig levering","isPartOf":{"@id":"https:\/\/weplayagain.com\/#website"},"primaryImageOfPage":{"@id":"https:\/\/weplayagain.com\/da\/vare\/wilson-launchpad-2-driver-a-flex-loft-10-5\/#primaryimage"},"image":{"@id":"https:\/\/weplayagain.com\/da\/vare\/wilson-launchpad-2-driver-a-flex-loft-10-5\/#primaryimage"},"thumbnailUrl":"https:\/\/weplayagain.host9.slyde.dk\/wp-content\/uploads\/2024\/10\/Photoroom_007_20241008_113534-scaled.jpeg","datePublished":"2024-10-04T18:35:20+00:00","dateModified":"2025-04-28T22:53:24+00:00","description":"Manger du en brugt Wilson LaunchPad 2 Driver og spar op til 65% af nyprisen. 2 \u00e5rs garanti og 14 dages pr\u00f8veperiode.","breadcrumb":{"@id":"https:\/\/weplayagain.com\/da\/vare\/wilson-launchpad-2-driver-a-flex-loft-10-5\/#breadcrumb"},"inLanguage":"da-DK","potentialAction":[{"@type":"ReadAction","target":["https:\/\/weplayagain.com\/da\/vare\/wilson-launchpad-2-driver-a-flex-loft-10-5\/"]}]},{"@type":"ImageObject","inLanguage":"da-DK","@id":"https:\/\/weplayagain.com\/da\/vare\/wilson-launchpad-2-driver-a-flex-loft-10-5\/#primaryimage","url":"https:\/\/weplayagain.host9.slyde.dk\/wp-content\/uploads\/2024\/10\/Photoroom_007_20241008_113534-scaled.jpeg","contentUrl":"https:\/\/weplayagain.host9.slyde.dk\/wp-content\/uploads\/2024\/10\/Photoroom_007_20241008_113534-scaled.jpeg","width":2048,"height":2048},{"@type":"BreadcrumbList","@id":"https:\/\/weplayagain.com\/da\/vare\/wilson-launchpad-2-driver-a-flex-loft-10-5\/#breadcrumb","itemListElement":[{"@type":"ListItem","position":1,"name":"Hjem","item":"https:\/\/weplayagain.com\/da\/"},{"@type":"ListItem","position":2,"name":"Shop","item":"https:\/\/weplayagain.com\/shop\/"},{"@type":"ListItem","position":3,"name":"Wilson LaunchPad 2 Driver \/\/ A-Flex \/ Loft 10.5"}]},{"@type":"WebSite","@id":"https:\/\/weplayagain.com\/#website","url":"https:\/\/weplayagain.com\/","name":"WePlayAgain A\/S","description":"K\u00f8b brugt - trygt, og til markedets skarpeste priser","publisher":{"@id":"https:\/\/weplayagain.com\/#organization"},"potentialAction":[{"@type":"SearchAction","target":{"@type":"EntryPoint","urlTemplate":"https:\/\/weplayagain.com\/?s={search_term_string}"},"query-input":{"@type":"PropertyValueSpecification","valueRequired":true,"valueName":"search_term_string"}}],"inLanguage":"da-DK"},{"@type":"Organization","@id":"https:\/\/weplayagain.com\/#organization","name":"WePlayAgain A\/S","url":"https:\/\/weplayagain.com\/","logo":{"@type":"ImageObject","inLanguage":"da-DK","@id":"https:\/\/weplayagain.com\/#\/schema\/logo\/image\/","url":"https:\/\/weplayagain.host9.slyde.dk\/wp-content\/uploads\/2022\/01\/Asset-8-8.png","contentUrl":"https:\/\/weplayagain.host9.slyde.dk\/wp-content\/uploads\/2022\/01\/Asset-8-8.png","width":2048,"height":454,"caption":"WePlayAgain A\/S"},"image":{"@id":"https:\/\/weplayagain.com\/#\/schema\/logo\/image\/"}}]}},"_links":{"self":[{"href":"https:\/\/weplayagain.host9.slyde.dk\/da\/wp-json\/wp\/v2\/product\/31571","targetHints":{"allow":["GET"]}}],"collection":[{"href":"https:\/\/weplayagain.host9.slyde.dk\/da\/wp-json\/wp\/v2\/product"}],"about":[{"href":"https:\/\/weplayagain.host9.slyde.dk\/da\/wp-json\/wp\/v2\/types\/product"}],"wp:featuredmedia":[{"embeddable":true,"href":"https:\/\/weplayagain.host9.slyde.dk\/da\/wp-json\/wp\/v2\/media\/31980"}],"wp:attachment":[{"href":"https:\/\/weplayagain.host9.slyde.dk\/da\/wp-json\/wp\/v2\/media?parent=31571"}],"wp:term":[{"taxonomy":"product_brand","embeddable":true,"href":"https:\/\/weplayagain.host9.slyde.dk\/da\/wp-json\/wp\/v2\/product_brand?post=31571"},{"taxonomy":"product_cat","embeddable":true,"href":"https:\/\/weplayagain.host9.slyde.dk\/da\/wp-json\/wp\/v2\/product_cat?post=31571"},{"taxonomy":"product_tag","embeddable":true,"href":"https:\/\/weplayagain.host9.slyde.dk\/da\/wp-json\/wp\/v2\/product_tag?post=31571"}],"curies":[{"name":"wp","href":"https:\/\/api.w.org\/{rel}","templated":true}]}}