{"id":31593,"date":"2024-10-04T19:52:00","date_gmt":"2024-10-04T18:52:00","guid":{"rendered":"https:\/\/weplayagain.com\/?post_type=product&#038;p=31593"},"modified":"2025-04-29T13:54:28","modified_gmt":"2025-04-29T12:54:28","slug":"prostaff-chipper-dame-loft-38-33","status":"publish","type":"product","link":"https:\/\/weplayagain.host9.slyde.dk\/da\/vare\/prostaff-chipper-dame-loft-38-33\/","title":{"rendered":"Prostaff Chipper &#8211; Dame \/ Loft 38 \/ 33&#8243;"},"content":{"rendered":"<p>Har du sv\u00e6rt ved at f\u00e5 styr p\u00e5 de korte slag rundt om greenen? S\u00e5 er denne chipper en genial hj\u00e6lper. Den er lavet til dig, som gerne vil g\u00f8re chipping b\u00e5de <strong>nemmere og mere pr\u00e6cis<\/strong>.<\/p>\n<p>Wilson ProStaff SGI Chipper giver ekstra kontrol og selvtillid i det korte spil. Takket v\u00e6re det s\u00e6rlige design bliver det lettere at l\u00f8fte bolden og f\u00e5 den til at rulle roligt hen mod hullet \u2013 is\u00e6r n\u00e5r du st\u00e5r i de lidt sv\u00e6re lies.<\/p>\n<p>Den passer perfekt til golfspillere med lidt h\u00f8jere handicap, og til dig, der hellere vil sl\u00e5 en stabil chip end at k\u00e6mpe med dine wedges.  <\/p>\n<p>Kort sagt: En <strong>brugervenlig og p\u00e5lidelig<\/strong> klub, du kan stole p\u00e5, n\u00e5r du skal t\u00e6t p\u00e5 pinden.<\/p>\n","protected":false},"excerpt":{"rendered":"<p>Har du sv\u00e6rt ved at f\u00e5 styr p\u00e5 de korte slag rundt om greenen? S\u00e5 er denne chipper en genial hj\u00e6lper. Den er lavet til dig, som gerne vil g\u00f8re chipping b\u00e5de nemmere og mere pr\u00e6cis. Wilson ProStaff SGI Chipper giver ekstra kontrol og selvtillid i det korte spil. Takket v\u00e6re det s\u00e6rlige design bliver [&hellip;]<\/p>\n","protected":false},"featured_media":32046,"template":"","meta":{"_acf_changed":false},"product_brand":[],"product_cat":[511],"product_tag":[],"class_list":{"0":"post-31593","1":"product","2":"type-product","3":"status-publish","4":"has-post-thumbnail","6":"product_cat-wedges-og-chippere","7":"pa_28935-female","8":"pa_bounce-38-5","9":"pa_brand-prostaff","10":"pa_condition-ny","11":"pa_dexterity-hojre-haand","12":"pa_flex-wedge-flex","13":"pa_koelle-wedge","14":"pa_loft-universal","15":"pa_model-sgi","16":"pa_skaft-staal","17":"pa_skaft-materiale-staal","19":"first","20":"instock","21":"taxable","22":"shipping-taxable","23":"purchasable","24":"product-type-simple"},"acf":[],"yoast_head":"<!-- This site is optimized with the Yoast SEO plugin v24.8.1 - https:\/\/yoast.com\/wordpress\/plugins\/seo\/ -->\n<title>K\u00f8b brugt Prostaff Chipper Wedge hos WePlayAgain | EU Prisgaranti<\/title>\n<meta name=\"description\" content=\"Billig Prostaff Chipper Wedge | Spar op til 56% af nyprisen. 2 \u00e5rs garanti | 14 dages pr\u00f8veperiode | EU Prisgaranti\" \/>\n<meta name=\"robots\" content=\"noindex, follow, max-snippet:-1, max-image-preview:large, max-video-preview:-1\" \/>\n<meta property=\"og:locale\" content=\"da_DK\" \/>\n<meta property=\"og:type\" content=\"article\" \/>\n<meta property=\"og:title\" content=\"K\u00f8b brugt Prostaff Chipper Wedge hos WePlayAgain | EU Prisgaranti\" \/>\n<meta property=\"og:description\" content=\"Billig Prostaff Chipper Wedge | Spar op til 56% af nyprisen. 2 \u00e5rs garanti | 14 dages pr\u00f8veperiode | EU Prisgaranti\" \/>\n<meta property=\"og:url\" content=\"https:\/\/weplayagain.com\/da\/vare\/prostaff-chipper-dame-loft-38-33\/\" \/>\n<meta property=\"og:site_name\" content=\"WePlayAgain A\/S\" \/>\n<meta property=\"article:modified_time\" content=\"2025-04-29T12:54:28+00:00\" \/>\n<meta property=\"og:image\" content=\"https:\/\/weplayagain.com\/wp-content\/uploads\/2024\/10\/Photoroom_005_20241008_124404-scaled.jpeg\" \/>\n\t<meta property=\"og:image:width\" content=\"2048\" \/>\n\t<meta property=\"og:image:height\" content=\"2048\" \/>\n\t<meta property=\"og:image:type\" content=\"image\/jpeg\" \/>\n<meta name=\"twitter:card\" content=\"summary_large_image\" \/>\n<meta name=\"twitter:label1\" content=\"Estimeret l\u00e6setid\" \/>\n\t<meta name=\"twitter:data1\" content=\"1 minut\" \/>\n<script type=\"application\/ld+json\" class=\"yoast-schema-graph\">{\"@context\":\"https:\/\/schema.org\",\"@graph\":[{\"@type\":\"WebPage\",\"@id\":\"https:\/\/weplayagain.com\/da\/vare\/prostaff-chipper-dame-loft-38-33\/\",\"url\":\"https:\/\/weplayagain.com\/da\/vare\/prostaff-chipper-dame-loft-38-33\/\",\"name\":\"K\u00f8b brugt Prostaff Chipper Wedge hos WePlayAgain | EU Prisgaranti\",\"isPartOf\":{\"@id\":\"https:\/\/weplayagain.com\/#website\"},\"primaryImageOfPage\":{\"@id\":\"https:\/\/weplayagain.com\/da\/vare\/prostaff-chipper-dame-loft-38-33\/#primaryimage\"},\"image\":{\"@id\":\"https:\/\/weplayagain.com\/da\/vare\/prostaff-chipper-dame-loft-38-33\/#primaryimage\"},\"thumbnailUrl\":\"https:\/\/weplayagain.host9.slyde.dk\/wp-content\/uploads\/2024\/10\/Photoroom_005_20241008_124404-scaled.jpeg\",\"datePublished\":\"2024-10-04T18:52:00+00:00\",\"dateModified\":\"2025-04-29T12:54:28+00:00\",\"description\":\"Billig Prostaff Chipper Wedge | Spar op til 56% af nyprisen. 2 \u00e5rs garanti | 14 dages pr\u00f8veperiode | EU Prisgaranti\",\"breadcrumb\":{\"@id\":\"https:\/\/weplayagain.com\/da\/vare\/prostaff-chipper-dame-loft-38-33\/#breadcrumb\"},\"inLanguage\":\"da-DK\",\"potentialAction\":[{\"@type\":\"ReadAction\",\"target\":[\"https:\/\/weplayagain.com\/da\/vare\/prostaff-chipper-dame-loft-38-33\/\"]}]},{\"@type\":\"ImageObject\",\"inLanguage\":\"da-DK\",\"@id\":\"https:\/\/weplayagain.com\/da\/vare\/prostaff-chipper-dame-loft-38-33\/#primaryimage\",\"url\":\"https:\/\/weplayagain.host9.slyde.dk\/wp-content\/uploads\/2024\/10\/Photoroom_005_20241008_124404-scaled.jpeg\",\"contentUrl\":\"https:\/\/weplayagain.host9.slyde.dk\/wp-content\/uploads\/2024\/10\/Photoroom_005_20241008_124404-scaled.jpeg\",\"width\":2048,\"height\":2048},{\"@type\":\"BreadcrumbList\",\"@id\":\"https:\/\/weplayagain.com\/da\/vare\/prostaff-chipper-dame-loft-38-33\/#breadcrumb\",\"itemListElement\":[{\"@type\":\"ListItem\",\"position\":1,\"name\":\"Hjem\",\"item\":\"https:\/\/weplayagain.com\/da\/\"},{\"@type\":\"ListItem\",\"position\":2,\"name\":\"Shop\",\"item\":\"https:\/\/weplayagain.com\/shop\/\"},{\"@type\":\"ListItem\",\"position\":3,\"name\":\"Prostaff Chipper &#8211; Dame \/ Loft 38 \/ 33&#8243;\"}]},{\"@type\":\"WebSite\",\"@id\":\"https:\/\/weplayagain.com\/#website\",\"url\":\"https:\/\/weplayagain.com\/\",\"name\":\"WePlayAgain A\/S\",\"description\":\"K\u00f8b brugt - trygt, og til markedets skarpeste priser\",\"publisher\":{\"@id\":\"https:\/\/weplayagain.com\/#organization\"},\"potentialAction\":[{\"@type\":\"SearchAction\",\"target\":{\"@type\":\"EntryPoint\",\"urlTemplate\":\"https:\/\/weplayagain.com\/?s={search_term_string}\"},\"query-input\":{\"@type\":\"PropertyValueSpecification\",\"valueRequired\":true,\"valueName\":\"search_term_string\"}}],\"inLanguage\":\"da-DK\"},{\"@type\":\"Organization\",\"@id\":\"https:\/\/weplayagain.com\/#organization\",\"name\":\"WePlayAgain A\/S\",\"url\":\"https:\/\/weplayagain.com\/\",\"logo\":{\"@type\":\"ImageObject\",\"inLanguage\":\"da-DK\",\"@id\":\"https:\/\/weplayagain.com\/#\/schema\/logo\/image\/\",\"url\":\"https:\/\/weplayagain.host9.slyde.dk\/wp-content\/uploads\/2022\/01\/Asset-8-8.png\",\"contentUrl\":\"https:\/\/weplayagain.host9.slyde.dk\/wp-content\/uploads\/2022\/01\/Asset-8-8.png\",\"width\":2048,\"height\":454,\"caption\":\"WePlayAgain A\/S\"},\"image\":{\"@id\":\"https:\/\/weplayagain.com\/#\/schema\/logo\/image\/\"}}]}<\/script>\n<!-- \/ Yoast SEO plugin. -->","yoast_head_json":{"title":"K\u00f8b brugt Prostaff Chipper Wedge hos WePlayAgain | EU Prisgaranti","description":"Billig Prostaff Chipper Wedge | Spar op til 56% af nyprisen. 2 \u00e5rs garanti | 14 dages pr\u00f8veperiode | EU Prisgaranti","robots":{"index":"noindex","follow":"follow","max-snippet":"max-snippet:-1","max-image-preview":"max-image-preview:large","max-video-preview":"max-video-preview:-1"},"og_locale":"da_DK","og_type":"article","og_title":"K\u00f8b brugt Prostaff Chipper Wedge hos WePlayAgain | EU Prisgaranti","og_description":"Billig Prostaff Chipper Wedge | Spar op til 56% af nyprisen. 2 \u00e5rs garanti | 14 dages pr\u00f8veperiode | EU Prisgaranti","og_url":"https:\/\/weplayagain.com\/da\/vare\/prostaff-chipper-dame-loft-38-33\/","og_site_name":"WePlayAgain A\/S","article_modified_time":"2025-04-29T12:54:28+00:00","og_image":[{"width":2048,"height":2048,"url":"https:\/\/weplayagain.com\/wp-content\/uploads\/2024\/10\/Photoroom_005_20241008_124404-scaled.jpeg","type":"image\/jpeg"}],"twitter_card":"summary_large_image","twitter_misc":{"Estimeret l\u00e6setid":"1 minut"},"schema":{"@context":"https:\/\/schema.org","@graph":[{"@type":"WebPage","@id":"https:\/\/weplayagain.com\/da\/vare\/prostaff-chipper-dame-loft-38-33\/","url":"https:\/\/weplayagain.com\/da\/vare\/prostaff-chipper-dame-loft-38-33\/","name":"K\u00f8b brugt Prostaff Chipper Wedge hos WePlayAgain | EU Prisgaranti","isPartOf":{"@id":"https:\/\/weplayagain.com\/#website"},"primaryImageOfPage":{"@id":"https:\/\/weplayagain.com\/da\/vare\/prostaff-chipper-dame-loft-38-33\/#primaryimage"},"image":{"@id":"https:\/\/weplayagain.com\/da\/vare\/prostaff-chipper-dame-loft-38-33\/#primaryimage"},"thumbnailUrl":"https:\/\/weplayagain.host9.slyde.dk\/wp-content\/uploads\/2024\/10\/Photoroom_005_20241008_124404-scaled.jpeg","datePublished":"2024-10-04T18:52:00+00:00","dateModified":"2025-04-29T12:54:28+00:00","description":"Billig Prostaff Chipper Wedge | Spar op til 56% af nyprisen. 2 \u00e5rs garanti | 14 dages pr\u00f8veperiode | EU Prisgaranti","breadcrumb":{"@id":"https:\/\/weplayagain.com\/da\/vare\/prostaff-chipper-dame-loft-38-33\/#breadcrumb"},"inLanguage":"da-DK","potentialAction":[{"@type":"ReadAction","target":["https:\/\/weplayagain.com\/da\/vare\/prostaff-chipper-dame-loft-38-33\/"]}]},{"@type":"ImageObject","inLanguage":"da-DK","@id":"https:\/\/weplayagain.com\/da\/vare\/prostaff-chipper-dame-loft-38-33\/#primaryimage","url":"https:\/\/weplayagain.host9.slyde.dk\/wp-content\/uploads\/2024\/10\/Photoroom_005_20241008_124404-scaled.jpeg","contentUrl":"https:\/\/weplayagain.host9.slyde.dk\/wp-content\/uploads\/2024\/10\/Photoroom_005_20241008_124404-scaled.jpeg","width":2048,"height":2048},{"@type":"BreadcrumbList","@id":"https:\/\/weplayagain.com\/da\/vare\/prostaff-chipper-dame-loft-38-33\/#breadcrumb","itemListElement":[{"@type":"ListItem","position":1,"name":"Hjem","item":"https:\/\/weplayagain.com\/da\/"},{"@type":"ListItem","position":2,"name":"Shop","item":"https:\/\/weplayagain.com\/shop\/"},{"@type":"ListItem","position":3,"name":"Prostaff Chipper &#8211; Dame \/ Loft 38 \/ 33&#8243;"}]},{"@type":"WebSite","@id":"https:\/\/weplayagain.com\/#website","url":"https:\/\/weplayagain.com\/","name":"WePlayAgain A\/S","description":"K\u00f8b brugt - trygt, og til markedets skarpeste priser","publisher":{"@id":"https:\/\/weplayagain.com\/#organization"},"potentialAction":[{"@type":"SearchAction","target":{"@type":"EntryPoint","urlTemplate":"https:\/\/weplayagain.com\/?s={search_term_string}"},"query-input":{"@type":"PropertyValueSpecification","valueRequired":true,"valueName":"search_term_string"}}],"inLanguage":"da-DK"},{"@type":"Organization","@id":"https:\/\/weplayagain.com\/#organization","name":"WePlayAgain A\/S","url":"https:\/\/weplayagain.com\/","logo":{"@type":"ImageObject","inLanguage":"da-DK","@id":"https:\/\/weplayagain.com\/#\/schema\/logo\/image\/","url":"https:\/\/weplayagain.host9.slyde.dk\/wp-content\/uploads\/2022\/01\/Asset-8-8.png","contentUrl":"https:\/\/weplayagain.host9.slyde.dk\/wp-content\/uploads\/2022\/01\/Asset-8-8.png","width":2048,"height":454,"caption":"WePlayAgain A\/S"},"image":{"@id":"https:\/\/weplayagain.com\/#\/schema\/logo\/image\/"}}]}},"_links":{"self":[{"href":"https:\/\/weplayagain.host9.slyde.dk\/da\/wp-json\/wp\/v2\/product\/31593","targetHints":{"allow":["GET"]}}],"collection":[{"href":"https:\/\/weplayagain.host9.slyde.dk\/da\/wp-json\/wp\/v2\/product"}],"about":[{"href":"https:\/\/weplayagain.host9.slyde.dk\/da\/wp-json\/wp\/v2\/types\/product"}],"wp:featuredmedia":[{"embeddable":true,"href":"https:\/\/weplayagain.host9.slyde.dk\/da\/wp-json\/wp\/v2\/media\/32046"}],"wp:attachment":[{"href":"https:\/\/weplayagain.host9.slyde.dk\/da\/wp-json\/wp\/v2\/media?parent=31593"}],"wp:term":[{"taxonomy":"product_brand","embeddable":true,"href":"https:\/\/weplayagain.host9.slyde.dk\/da\/wp-json\/wp\/v2\/product_brand?post=31593"},{"taxonomy":"product_cat","embeddable":true,"href":"https:\/\/weplayagain.host9.slyde.dk\/da\/wp-json\/wp\/v2\/product_cat?post=31593"},{"taxonomy":"product_tag","embeddable":true,"href":"https:\/\/weplayagain.host9.slyde.dk\/da\/wp-json\/wp\/v2\/product_tag?post=31593"}],"curies":[{"name":"wp","href":"https:\/\/api.w.org\/{rel}","templated":true}]}}