{"id":31595,"date":"2024-10-04T19:53:51","date_gmt":"2024-10-04T18:53:51","guid":{"rendered":"https:\/\/weplayagain.com\/?post_type=product&#038;p=31595"},"modified":"2025-03-17T16:45:08","modified_gmt":"2025-03-17T15:45:08","slug":"whatbunkers-kibo-top-divider-bag-sort-graa-inkl-regncover","status":"publish","type":"product","link":"https:\/\/weplayagain.host9.slyde.dk\/da\/vare\/whatbunkers-kibo-top-divider-bag-sort-graa-inkl-regncover\/","title":{"rendered":"WhatBunkers KIBO Top Divider Bag \/ Black\/Grey \/ W. Raincover"},"content":{"rendered":"<p>NY STAND: Baggen er helt ny og har aldrig v\u00e6ret taget i brug<\/p>\n","protected":false},"excerpt":{"rendered":"<p>NY STAND: Baggen er helt ny og har aldrig v\u00e6ret taget i brug<\/p>\n","protected":false},"featured_media":31665,"template":"","meta":{"_acf_changed":false},"product_brand":[],"product_cat":[1673],"product_tag":[],"class_list":{"0":"post-31595","1":"product","2":"type-product","3":"status-publish","4":"has-post-thumbnail","6":"product_cat-golf-tasker","7":"pa_brand-whatbunkers","8":"pa_condition-ny","9":"pa_model-kibo-topdivider","11":"first","12":"instock","13":"taxable","14":"shipping-taxable","15":"purchasable","16":"product-type-simple"},"acf":[],"yoast_head":"<!-- This site is optimized with the Yoast SEO plugin v24.8.1 - https:\/\/yoast.com\/wordpress\/plugins\/seo\/ -->\n<title>WhatBunkers KIBO Top Divider Bag \/ Black\/Grey \/ W. Raincover - Brugt Driver<\/title>\n<meta name=\"description\" content=\"K\u00f8b WhatBunkers KIBO Top Divider Bag \/ Black\/Grey \/ W. Raincover hos WePlayAgain. Du f\u00e5r 2 \u00e5rs garanti og 14 dages pr\u00f8veperiode p\u00e5 vores brugte drivere.\" \/>\n<meta name=\"robots\" content=\"noindex, follow, max-snippet:-1, max-image-preview:large, max-video-preview:-1\" \/>\n<meta property=\"og:locale\" content=\"da_DK\" \/>\n<meta property=\"og:type\" content=\"article\" \/>\n<meta property=\"og:title\" content=\"WhatBunkers KIBO Top Divider Bag \/ Black\/Grey \/ W. Raincover - Brugt Driver\" \/>\n<meta property=\"og:description\" content=\"K\u00f8b WhatBunkers KIBO Top Divider Bag \/ Black\/Grey \/ W. Raincover hos WePlayAgain. Du f\u00e5r 2 \u00e5rs garanti og 14 dages pr\u00f8veperiode p\u00e5 vores brugte drivere.\" \/>\n<meta property=\"og:url\" content=\"https:\/\/weplayagain.com\/da\/vare\/whatbunkers-kibo-top-divider-bag-sort-graa-inkl-regncover\/\" \/>\n<meta property=\"og:site_name\" content=\"WePlayAgain A\/S\" \/>\n<meta property=\"article:modified_time\" content=\"2025-03-17T15:45:08+00:00\" \/>\n<meta property=\"og:image\" content=\"https:\/\/weplayagain.com\/wp-content\/uploads\/2024\/10\/Photoroom_001_20241007_093633-scaled.jpeg\" \/>\n\t<meta property=\"og:image:width\" content=\"2048\" \/>\n\t<meta property=\"og:image:height\" content=\"2048\" \/>\n\t<meta property=\"og:image:type\" content=\"image\/jpeg\" \/>\n<meta name=\"twitter:card\" content=\"summary_large_image\" \/>\n<meta name=\"twitter:label1\" content=\"Estimeret l\u00e6setid\" \/>\n\t<meta name=\"twitter:data1\" content=\"1 minut\" \/>\n<script type=\"application\/ld+json\" class=\"yoast-schema-graph\">{\"@context\":\"https:\/\/schema.org\",\"@graph\":[{\"@type\":\"WebPage\",\"@id\":\"https:\/\/weplayagain.com\/da\/vare\/whatbunkers-kibo-top-divider-bag-sort-graa-inkl-regncover\/\",\"url\":\"https:\/\/weplayagain.com\/da\/vare\/whatbunkers-kibo-top-divider-bag-sort-graa-inkl-regncover\/\",\"name\":\"WhatBunkers KIBO Top Divider Bag \/ Black\/Grey \/ W. Raincover - Brugt Driver\",\"isPartOf\":{\"@id\":\"https:\/\/weplayagain.com\/#website\"},\"primaryImageOfPage\":{\"@id\":\"https:\/\/weplayagain.com\/da\/vare\/whatbunkers-kibo-top-divider-bag-sort-graa-inkl-regncover\/#primaryimage\"},\"image\":{\"@id\":\"https:\/\/weplayagain.com\/da\/vare\/whatbunkers-kibo-top-divider-bag-sort-graa-inkl-regncover\/#primaryimage\"},\"thumbnailUrl\":\"https:\/\/weplayagain.host9.slyde.dk\/wp-content\/uploads\/2024\/10\/Photoroom_001_20241007_093633-scaled.jpeg\",\"datePublished\":\"2024-10-04T18:53:51+00:00\",\"dateModified\":\"2025-03-17T15:45:08+00:00\",\"description\":\"K\u00f8b WhatBunkers KIBO Top Divider Bag \/ Black\/Grey \/ W. Raincover hos WePlayAgain. Du f\u00e5r 2 \u00e5rs garanti og 14 dages pr\u00f8veperiode p\u00e5 vores brugte drivere.\",\"breadcrumb\":{\"@id\":\"https:\/\/weplayagain.com\/da\/vare\/whatbunkers-kibo-top-divider-bag-sort-graa-inkl-regncover\/#breadcrumb\"},\"inLanguage\":\"da-DK\",\"potentialAction\":[{\"@type\":\"ReadAction\",\"target\":[\"https:\/\/weplayagain.com\/da\/vare\/whatbunkers-kibo-top-divider-bag-sort-graa-inkl-regncover\/\"]}]},{\"@type\":\"ImageObject\",\"inLanguage\":\"da-DK\",\"@id\":\"https:\/\/weplayagain.com\/da\/vare\/whatbunkers-kibo-top-divider-bag-sort-graa-inkl-regncover\/#primaryimage\",\"url\":\"https:\/\/weplayagain.host9.slyde.dk\/wp-content\/uploads\/2024\/10\/Photoroom_001_20241007_093633-scaled.jpeg\",\"contentUrl\":\"https:\/\/weplayagain.host9.slyde.dk\/wp-content\/uploads\/2024\/10\/Photoroom_001_20241007_093633-scaled.jpeg\",\"width\":2048,\"height\":2048},{\"@type\":\"BreadcrumbList\",\"@id\":\"https:\/\/weplayagain.com\/da\/vare\/whatbunkers-kibo-top-divider-bag-sort-graa-inkl-regncover\/#breadcrumb\",\"itemListElement\":[{\"@type\":\"ListItem\",\"position\":1,\"name\":\"Hjem\",\"item\":\"https:\/\/weplayagain.com\/da\/\"},{\"@type\":\"ListItem\",\"position\":2,\"name\":\"Shop\",\"item\":\"https:\/\/weplayagain.com\/shop\/\"},{\"@type\":\"ListItem\",\"position\":3,\"name\":\"WhatBunkers KIBO Top Divider Bag \/ Black\/Grey \/ W. Raincover\"}]},{\"@type\":\"WebSite\",\"@id\":\"https:\/\/weplayagain.com\/#website\",\"url\":\"https:\/\/weplayagain.com\/\",\"name\":\"WePlayAgain A\/S\",\"description\":\"K\u00f8b brugt - trygt, og til markedets skarpeste priser\",\"publisher\":{\"@id\":\"https:\/\/weplayagain.com\/#organization\"},\"potentialAction\":[{\"@type\":\"SearchAction\",\"target\":{\"@type\":\"EntryPoint\",\"urlTemplate\":\"https:\/\/weplayagain.com\/?s={search_term_string}\"},\"query-input\":{\"@type\":\"PropertyValueSpecification\",\"valueRequired\":true,\"valueName\":\"search_term_string\"}}],\"inLanguage\":\"da-DK\"},{\"@type\":\"Organization\",\"@id\":\"https:\/\/weplayagain.com\/#organization\",\"name\":\"WePlayAgain A\/S\",\"url\":\"https:\/\/weplayagain.com\/\",\"logo\":{\"@type\":\"ImageObject\",\"inLanguage\":\"da-DK\",\"@id\":\"https:\/\/weplayagain.com\/#\/schema\/logo\/image\/\",\"url\":\"https:\/\/weplayagain.host9.slyde.dk\/wp-content\/uploads\/2022\/01\/Asset-8-8.png\",\"contentUrl\":\"https:\/\/weplayagain.host9.slyde.dk\/wp-content\/uploads\/2022\/01\/Asset-8-8.png\",\"width\":2048,\"height\":454,\"caption\":\"WePlayAgain A\/S\"},\"image\":{\"@id\":\"https:\/\/weplayagain.com\/#\/schema\/logo\/image\/\"}}]}<\/script>\n<!-- \/ Yoast SEO plugin. -->","yoast_head_json":{"title":"WhatBunkers KIBO Top Divider Bag \/ Black\/Grey \/ W. Raincover - Brugt Driver","description":"K\u00f8b WhatBunkers KIBO Top Divider Bag \/ Black\/Grey \/ W. Raincover hos WePlayAgain. Du f\u00e5r 2 \u00e5rs garanti og 14 dages pr\u00f8veperiode p\u00e5 vores brugte drivere.","robots":{"index":"noindex","follow":"follow","max-snippet":"max-snippet:-1","max-image-preview":"max-image-preview:large","max-video-preview":"max-video-preview:-1"},"og_locale":"da_DK","og_type":"article","og_title":"WhatBunkers KIBO Top Divider Bag \/ Black\/Grey \/ W. Raincover - Brugt Driver","og_description":"K\u00f8b WhatBunkers KIBO Top Divider Bag \/ Black\/Grey \/ W. Raincover hos WePlayAgain. Du f\u00e5r 2 \u00e5rs garanti og 14 dages pr\u00f8veperiode p\u00e5 vores brugte drivere.","og_url":"https:\/\/weplayagain.com\/da\/vare\/whatbunkers-kibo-top-divider-bag-sort-graa-inkl-regncover\/","og_site_name":"WePlayAgain A\/S","article_modified_time":"2025-03-17T15:45:08+00:00","og_image":[{"width":2048,"height":2048,"url":"https:\/\/weplayagain.com\/wp-content\/uploads\/2024\/10\/Photoroom_001_20241007_093633-scaled.jpeg","type":"image\/jpeg"}],"twitter_card":"summary_large_image","twitter_misc":{"Estimeret l\u00e6setid":"1 minut"},"schema":{"@context":"https:\/\/schema.org","@graph":[{"@type":"WebPage","@id":"https:\/\/weplayagain.com\/da\/vare\/whatbunkers-kibo-top-divider-bag-sort-graa-inkl-regncover\/","url":"https:\/\/weplayagain.com\/da\/vare\/whatbunkers-kibo-top-divider-bag-sort-graa-inkl-regncover\/","name":"WhatBunkers KIBO Top Divider Bag \/ Black\/Grey \/ W. Raincover - Brugt Driver","isPartOf":{"@id":"https:\/\/weplayagain.com\/#website"},"primaryImageOfPage":{"@id":"https:\/\/weplayagain.com\/da\/vare\/whatbunkers-kibo-top-divider-bag-sort-graa-inkl-regncover\/#primaryimage"},"image":{"@id":"https:\/\/weplayagain.com\/da\/vare\/whatbunkers-kibo-top-divider-bag-sort-graa-inkl-regncover\/#primaryimage"},"thumbnailUrl":"https:\/\/weplayagain.host9.slyde.dk\/wp-content\/uploads\/2024\/10\/Photoroom_001_20241007_093633-scaled.jpeg","datePublished":"2024-10-04T18:53:51+00:00","dateModified":"2025-03-17T15:45:08+00:00","description":"K\u00f8b WhatBunkers KIBO Top Divider Bag \/ Black\/Grey \/ W. Raincover hos WePlayAgain. Du f\u00e5r 2 \u00e5rs garanti og 14 dages pr\u00f8veperiode p\u00e5 vores brugte drivere.","breadcrumb":{"@id":"https:\/\/weplayagain.com\/da\/vare\/whatbunkers-kibo-top-divider-bag-sort-graa-inkl-regncover\/#breadcrumb"},"inLanguage":"da-DK","potentialAction":[{"@type":"ReadAction","target":["https:\/\/weplayagain.com\/da\/vare\/whatbunkers-kibo-top-divider-bag-sort-graa-inkl-regncover\/"]}]},{"@type":"ImageObject","inLanguage":"da-DK","@id":"https:\/\/weplayagain.com\/da\/vare\/whatbunkers-kibo-top-divider-bag-sort-graa-inkl-regncover\/#primaryimage","url":"https:\/\/weplayagain.host9.slyde.dk\/wp-content\/uploads\/2024\/10\/Photoroom_001_20241007_093633-scaled.jpeg","contentUrl":"https:\/\/weplayagain.host9.slyde.dk\/wp-content\/uploads\/2024\/10\/Photoroom_001_20241007_093633-scaled.jpeg","width":2048,"height":2048},{"@type":"BreadcrumbList","@id":"https:\/\/weplayagain.com\/da\/vare\/whatbunkers-kibo-top-divider-bag-sort-graa-inkl-regncover\/#breadcrumb","itemListElement":[{"@type":"ListItem","position":1,"name":"Hjem","item":"https:\/\/weplayagain.com\/da\/"},{"@type":"ListItem","position":2,"name":"Shop","item":"https:\/\/weplayagain.com\/shop\/"},{"@type":"ListItem","position":3,"name":"WhatBunkers KIBO Top Divider Bag \/ Black\/Grey \/ W. Raincover"}]},{"@type":"WebSite","@id":"https:\/\/weplayagain.com\/#website","url":"https:\/\/weplayagain.com\/","name":"WePlayAgain A\/S","description":"K\u00f8b brugt - trygt, og til markedets skarpeste priser","publisher":{"@id":"https:\/\/weplayagain.com\/#organization"},"potentialAction":[{"@type":"SearchAction","target":{"@type":"EntryPoint","urlTemplate":"https:\/\/weplayagain.com\/?s={search_term_string}"},"query-input":{"@type":"PropertyValueSpecification","valueRequired":true,"valueName":"search_term_string"}}],"inLanguage":"da-DK"},{"@type":"Organization","@id":"https:\/\/weplayagain.com\/#organization","name":"WePlayAgain A\/S","url":"https:\/\/weplayagain.com\/","logo":{"@type":"ImageObject","inLanguage":"da-DK","@id":"https:\/\/weplayagain.com\/#\/schema\/logo\/image\/","url":"https:\/\/weplayagain.host9.slyde.dk\/wp-content\/uploads\/2022\/01\/Asset-8-8.png","contentUrl":"https:\/\/weplayagain.host9.slyde.dk\/wp-content\/uploads\/2022\/01\/Asset-8-8.png","width":2048,"height":454,"caption":"WePlayAgain A\/S"},"image":{"@id":"https:\/\/weplayagain.com\/#\/schema\/logo\/image\/"}}]}},"_links":{"self":[{"href":"https:\/\/weplayagain.host9.slyde.dk\/da\/wp-json\/wp\/v2\/product\/31595","targetHints":{"allow":["GET"]}}],"collection":[{"href":"https:\/\/weplayagain.host9.slyde.dk\/da\/wp-json\/wp\/v2\/product"}],"about":[{"href":"https:\/\/weplayagain.host9.slyde.dk\/da\/wp-json\/wp\/v2\/types\/product"}],"wp:featuredmedia":[{"embeddable":true,"href":"https:\/\/weplayagain.host9.slyde.dk\/da\/wp-json\/wp\/v2\/media\/31665"}],"wp:attachment":[{"href":"https:\/\/weplayagain.host9.slyde.dk\/da\/wp-json\/wp\/v2\/media?parent=31595"}],"wp:term":[{"taxonomy":"product_brand","embeddable":true,"href":"https:\/\/weplayagain.host9.slyde.dk\/da\/wp-json\/wp\/v2\/product_brand?post=31595"},{"taxonomy":"product_cat","embeddable":true,"href":"https:\/\/weplayagain.host9.slyde.dk\/da\/wp-json\/wp\/v2\/product_cat?post=31595"},{"taxonomy":"product_tag","embeddable":true,"href":"https:\/\/weplayagain.host9.slyde.dk\/da\/wp-json\/wp\/v2\/product_tag?post=31595"}],"curies":[{"name":"wp","href":"https:\/\/api.w.org\/{rel}","templated":true}]}}