{"id":33325,"date":"2024-10-20T20:10:20","date_gmt":"2024-10-20T19:10:20","guid":{"rendered":"https:\/\/weplayagain.com\/?post_type=product&#038;p=33325"},"modified":"2025-04-29T13:58:13","modified_gmt":"2025-04-29T12:58:13","slug":"mizuno-mx-700-hybrid-flex-ladies-graphite-5-26","status":"publish","type":"product","link":"https:\/\/weplayagain.host9.slyde.dk\/da\/vare\/mizuno-mx-700-hybrid-flex-ladies-graphite-5-26\/","title":{"rendered":"Mizuno MX-700 Hybrid \/ Flex Ladies &#8211; Graphite \/ #5\/26"},"content":{"rendered":"<p>Leder du efter en hybrid du virkelig kan regne med? Mizuno MX-700 Hybrid er udviklet til dig, der ligger et sted mellem \u00f8vet og rutineret \u2013 og som vil have <strong>mere l\u00e6ngde og tilgivelse<\/strong> uden at g\u00e5 p\u00e5 kompromis med f\u00f8lelsen i slaget.<\/p>\n<p>K\u00f8llen har et <strong>Hot Metal ES230 st\u00e5lansigt<\/strong>, der er b\u00e5de let og livligt. Det er svejset p\u00e5 en solid st\u00e5lkrop, s\u00e5 du f\u00e5r maksimal respons og ekstra meter, is\u00e6r fra fairway og lidt sv\u00e6rere lies.<\/p>\n<p>Den smarte <strong>Drop Down Crown<\/strong> s\u00e6nker tyngdepunktet, s\u00e5 bolden kommer nemmere op \u2013 perfekt n\u00e5r du har brug for en bl\u00f8d landing eller skal n\u00e5 langt frem p\u00e5 par 5-hullerne.<\/p>\n<p>MX-700 Hybrid passer bedst til dig, der gerne vil have en nem og kraftfuld hybrid i bag\u2019en. Ideel til b\u00e5de tee, fairway og semi-rough. Den giver <strong>h\u00f8j boldflugt og solid l\u00e6ngde<\/strong>, samtidig med at du bevarer kontrollen.<\/p>\n","protected":false},"excerpt":{"rendered":"<p>Leder du efter en hybrid du virkelig kan regne med? Mizuno MX-700 Hybrid er udviklet til dig, der ligger et sted mellem \u00f8vet og rutineret \u2013 og som vil have mere l\u00e6ngde og tilgivelse uden at g\u00e5 p\u00e5 kompromis med f\u00f8lelsen i slaget. K\u00f8llen har et Hot Metal ES230 st\u00e5lansigt, der er b\u00e5de let og [&hellip;]<\/p>\n","protected":false},"featured_media":33572,"template":"","meta":{"_acf_changed":false},"product_brand":[],"product_cat":[556],"product_tag":[],"class_list":{"0":"post-33325","1":"product","2":"type-product","3":"status-publish","4":"has-post-thumbnail","6":"product_cat-hybridkoeller","7":"pa_28935-female","8":"pa_brand-mizuno","9":"pa_condition-brugt-okay-stand","10":"pa_dexterity-hojre-haand","11":"pa_flex-ladies-flex","12":"pa_grip-golfpride-cp2-grip","13":"pa_gripsize-undersize-ladies","14":"pa_koelle-5-hybrid","15":"pa_loft-718","16":"pa_model-mx-700","17":"pa_skaft-exsar-hs4","19":"first","20":"instock","21":"taxable","22":"shipping-taxable","23":"purchasable","24":"product-type-simple"},"acf":[],"yoast_head":"<!-- This site is optimized with the Yoast SEO plugin v24.8.1 - https:\/\/yoast.com\/wordpress\/plugins\/seo\/ -->\n<title>K\u00f8b Mizuno MX-700 Hybrid hos WePlayAgain | Spar op til 62%<\/title>\n<meta name=\"description\" content=\"-&gt; Mizuno MX-700 Hybrid | Spar op til 62% af nyprisen -&gt; 2 \u00e5rs garanti | 14 dages pr\u00f8veperiode | EU Prisgaranti\" \/>\n<meta name=\"robots\" content=\"noindex, follow, max-snippet:-1, max-image-preview:large, max-video-preview:-1\" \/>\n<meta property=\"og:locale\" content=\"da_DK\" \/>\n<meta property=\"og:type\" content=\"article\" \/>\n<meta property=\"og:title\" content=\"K\u00f8b Mizuno MX-700 Hybrid hos WePlayAgain | Spar op til 62%\" \/>\n<meta property=\"og:description\" content=\"-&gt; Mizuno MX-700 Hybrid | Spar op til 62% af nyprisen -&gt; 2 \u00e5rs garanti | 14 dages pr\u00f8veperiode | EU Prisgaranti\" \/>\n<meta property=\"og:url\" content=\"https:\/\/weplayagain.com\/da\/vare\/mizuno-mx-700-hybrid-flex-ladies-graphite-5-26\/\" \/>\n<meta property=\"og:site_name\" content=\"WePlayAgain A\/S\" \/>\n<meta property=\"article:modified_time\" content=\"2025-04-29T12:58:13+00:00\" \/>\n<meta property=\"og:image\" content=\"https:\/\/weplayagain.com\/wp-content\/uploads\/2024\/10\/Photoroom_028_20241024_123223-scaled.jpeg\" \/>\n\t<meta property=\"og:image:width\" content=\"2048\" \/>\n\t<meta property=\"og:image:height\" content=\"2048\" \/>\n\t<meta property=\"og:image:type\" content=\"image\/jpeg\" \/>\n<meta name=\"twitter:card\" content=\"summary_large_image\" \/>\n<meta name=\"twitter:label1\" content=\"Estimeret l\u00e6setid\" \/>\n\t<meta name=\"twitter:data1\" content=\"1 minut\" \/>\n<script type=\"application\/ld+json\" class=\"yoast-schema-graph\">{\"@context\":\"https:\/\/schema.org\",\"@graph\":[{\"@type\":\"WebPage\",\"@id\":\"https:\/\/weplayagain.com\/da\/vare\/mizuno-mx-700-hybrid-flex-ladies-graphite-5-26\/\",\"url\":\"https:\/\/weplayagain.com\/da\/vare\/mizuno-mx-700-hybrid-flex-ladies-graphite-5-26\/\",\"name\":\"K\u00f8b Mizuno MX-700 Hybrid hos WePlayAgain | Spar op til 62%\",\"isPartOf\":{\"@id\":\"https:\/\/weplayagain.com\/#website\"},\"primaryImageOfPage\":{\"@id\":\"https:\/\/weplayagain.com\/da\/vare\/mizuno-mx-700-hybrid-flex-ladies-graphite-5-26\/#primaryimage\"},\"image\":{\"@id\":\"https:\/\/weplayagain.com\/da\/vare\/mizuno-mx-700-hybrid-flex-ladies-graphite-5-26\/#primaryimage\"},\"thumbnailUrl\":\"https:\/\/weplayagain.host9.slyde.dk\/wp-content\/uploads\/2024\/10\/Photoroom_028_20241024_123223-scaled.jpeg\",\"datePublished\":\"2024-10-20T19:10:20+00:00\",\"dateModified\":\"2025-04-29T12:58:13+00:00\",\"description\":\"-> Mizuno MX-700 Hybrid | Spar op til 62% af nyprisen -> 2 \u00e5rs garanti | 14 dages pr\u00f8veperiode | EU Prisgaranti\",\"breadcrumb\":{\"@id\":\"https:\/\/weplayagain.com\/da\/vare\/mizuno-mx-700-hybrid-flex-ladies-graphite-5-26\/#breadcrumb\"},\"inLanguage\":\"da-DK\",\"potentialAction\":[{\"@type\":\"ReadAction\",\"target\":[\"https:\/\/weplayagain.com\/da\/vare\/mizuno-mx-700-hybrid-flex-ladies-graphite-5-26\/\"]}]},{\"@type\":\"ImageObject\",\"inLanguage\":\"da-DK\",\"@id\":\"https:\/\/weplayagain.com\/da\/vare\/mizuno-mx-700-hybrid-flex-ladies-graphite-5-26\/#primaryimage\",\"url\":\"https:\/\/weplayagain.host9.slyde.dk\/wp-content\/uploads\/2024\/10\/Photoroom_028_20241024_123223-scaled.jpeg\",\"contentUrl\":\"https:\/\/weplayagain.host9.slyde.dk\/wp-content\/uploads\/2024\/10\/Photoroom_028_20241024_123223-scaled.jpeg\",\"width\":2048,\"height\":2048},{\"@type\":\"BreadcrumbList\",\"@id\":\"https:\/\/weplayagain.com\/da\/vare\/mizuno-mx-700-hybrid-flex-ladies-graphite-5-26\/#breadcrumb\",\"itemListElement\":[{\"@type\":\"ListItem\",\"position\":1,\"name\":\"Hjem\",\"item\":\"https:\/\/weplayagain.com\/da\/\"},{\"@type\":\"ListItem\",\"position\":2,\"name\":\"Shop\",\"item\":\"https:\/\/weplayagain.com\/shop\/\"},{\"@type\":\"ListItem\",\"position\":3,\"name\":\"Mizuno MX-700 Hybrid \/ Flex Ladies &#8211; Graphite \/ #5\/26\"}]},{\"@type\":\"WebSite\",\"@id\":\"https:\/\/weplayagain.com\/#website\",\"url\":\"https:\/\/weplayagain.com\/\",\"name\":\"WePlayAgain A\/S\",\"description\":\"K\u00f8b brugt - trygt, og til markedets skarpeste priser\",\"publisher\":{\"@id\":\"https:\/\/weplayagain.com\/#organization\"},\"potentialAction\":[{\"@type\":\"SearchAction\",\"target\":{\"@type\":\"EntryPoint\",\"urlTemplate\":\"https:\/\/weplayagain.com\/?s={search_term_string}\"},\"query-input\":{\"@type\":\"PropertyValueSpecification\",\"valueRequired\":true,\"valueName\":\"search_term_string\"}}],\"inLanguage\":\"da-DK\"},{\"@type\":\"Organization\",\"@id\":\"https:\/\/weplayagain.com\/#organization\",\"name\":\"WePlayAgain A\/S\",\"url\":\"https:\/\/weplayagain.com\/\",\"logo\":{\"@type\":\"ImageObject\",\"inLanguage\":\"da-DK\",\"@id\":\"https:\/\/weplayagain.com\/#\/schema\/logo\/image\/\",\"url\":\"https:\/\/weplayagain.host9.slyde.dk\/wp-content\/uploads\/2022\/01\/Asset-8-8.png\",\"contentUrl\":\"https:\/\/weplayagain.host9.slyde.dk\/wp-content\/uploads\/2022\/01\/Asset-8-8.png\",\"width\":2048,\"height\":454,\"caption\":\"WePlayAgain A\/S\"},\"image\":{\"@id\":\"https:\/\/weplayagain.com\/#\/schema\/logo\/image\/\"}}]}<\/script>\n<!-- \/ Yoast SEO plugin. -->","yoast_head_json":{"title":"K\u00f8b Mizuno MX-700 Hybrid hos WePlayAgain | Spar op til 62%","description":"-> Mizuno MX-700 Hybrid | Spar op til 62% af nyprisen -> 2 \u00e5rs garanti | 14 dages pr\u00f8veperiode | EU Prisgaranti","robots":{"index":"noindex","follow":"follow","max-snippet":"max-snippet:-1","max-image-preview":"max-image-preview:large","max-video-preview":"max-video-preview:-1"},"og_locale":"da_DK","og_type":"article","og_title":"K\u00f8b Mizuno MX-700 Hybrid hos WePlayAgain | Spar op til 62%","og_description":"-> Mizuno MX-700 Hybrid | Spar op til 62% af nyprisen -> 2 \u00e5rs garanti | 14 dages pr\u00f8veperiode | EU Prisgaranti","og_url":"https:\/\/weplayagain.com\/da\/vare\/mizuno-mx-700-hybrid-flex-ladies-graphite-5-26\/","og_site_name":"WePlayAgain A\/S","article_modified_time":"2025-04-29T12:58:13+00:00","og_image":[{"width":2048,"height":2048,"url":"https:\/\/weplayagain.com\/wp-content\/uploads\/2024\/10\/Photoroom_028_20241024_123223-scaled.jpeg","type":"image\/jpeg"}],"twitter_card":"summary_large_image","twitter_misc":{"Estimeret l\u00e6setid":"1 minut"},"schema":{"@context":"https:\/\/schema.org","@graph":[{"@type":"WebPage","@id":"https:\/\/weplayagain.com\/da\/vare\/mizuno-mx-700-hybrid-flex-ladies-graphite-5-26\/","url":"https:\/\/weplayagain.com\/da\/vare\/mizuno-mx-700-hybrid-flex-ladies-graphite-5-26\/","name":"K\u00f8b Mizuno MX-700 Hybrid hos WePlayAgain | Spar op til 62%","isPartOf":{"@id":"https:\/\/weplayagain.com\/#website"},"primaryImageOfPage":{"@id":"https:\/\/weplayagain.com\/da\/vare\/mizuno-mx-700-hybrid-flex-ladies-graphite-5-26\/#primaryimage"},"image":{"@id":"https:\/\/weplayagain.com\/da\/vare\/mizuno-mx-700-hybrid-flex-ladies-graphite-5-26\/#primaryimage"},"thumbnailUrl":"https:\/\/weplayagain.host9.slyde.dk\/wp-content\/uploads\/2024\/10\/Photoroom_028_20241024_123223-scaled.jpeg","datePublished":"2024-10-20T19:10:20+00:00","dateModified":"2025-04-29T12:58:13+00:00","description":"-> Mizuno MX-700 Hybrid | Spar op til 62% af nyprisen -> 2 \u00e5rs garanti | 14 dages pr\u00f8veperiode | EU Prisgaranti","breadcrumb":{"@id":"https:\/\/weplayagain.com\/da\/vare\/mizuno-mx-700-hybrid-flex-ladies-graphite-5-26\/#breadcrumb"},"inLanguage":"da-DK","potentialAction":[{"@type":"ReadAction","target":["https:\/\/weplayagain.com\/da\/vare\/mizuno-mx-700-hybrid-flex-ladies-graphite-5-26\/"]}]},{"@type":"ImageObject","inLanguage":"da-DK","@id":"https:\/\/weplayagain.com\/da\/vare\/mizuno-mx-700-hybrid-flex-ladies-graphite-5-26\/#primaryimage","url":"https:\/\/weplayagain.host9.slyde.dk\/wp-content\/uploads\/2024\/10\/Photoroom_028_20241024_123223-scaled.jpeg","contentUrl":"https:\/\/weplayagain.host9.slyde.dk\/wp-content\/uploads\/2024\/10\/Photoroom_028_20241024_123223-scaled.jpeg","width":2048,"height":2048},{"@type":"BreadcrumbList","@id":"https:\/\/weplayagain.com\/da\/vare\/mizuno-mx-700-hybrid-flex-ladies-graphite-5-26\/#breadcrumb","itemListElement":[{"@type":"ListItem","position":1,"name":"Hjem","item":"https:\/\/weplayagain.com\/da\/"},{"@type":"ListItem","position":2,"name":"Shop","item":"https:\/\/weplayagain.com\/shop\/"},{"@type":"ListItem","position":3,"name":"Mizuno MX-700 Hybrid \/ Flex Ladies &#8211; Graphite \/ #5\/26"}]},{"@type":"WebSite","@id":"https:\/\/weplayagain.com\/#website","url":"https:\/\/weplayagain.com\/","name":"WePlayAgain A\/S","description":"K\u00f8b brugt - trygt, og til markedets skarpeste priser","publisher":{"@id":"https:\/\/weplayagain.com\/#organization"},"potentialAction":[{"@type":"SearchAction","target":{"@type":"EntryPoint","urlTemplate":"https:\/\/weplayagain.com\/?s={search_term_string}"},"query-input":{"@type":"PropertyValueSpecification","valueRequired":true,"valueName":"search_term_string"}}],"inLanguage":"da-DK"},{"@type":"Organization","@id":"https:\/\/weplayagain.com\/#organization","name":"WePlayAgain A\/S","url":"https:\/\/weplayagain.com\/","logo":{"@type":"ImageObject","inLanguage":"da-DK","@id":"https:\/\/weplayagain.com\/#\/schema\/logo\/image\/","url":"https:\/\/weplayagain.host9.slyde.dk\/wp-content\/uploads\/2022\/01\/Asset-8-8.png","contentUrl":"https:\/\/weplayagain.host9.slyde.dk\/wp-content\/uploads\/2022\/01\/Asset-8-8.png","width":2048,"height":454,"caption":"WePlayAgain A\/S"},"image":{"@id":"https:\/\/weplayagain.com\/#\/schema\/logo\/image\/"}}]}},"_links":{"self":[{"href":"https:\/\/weplayagain.host9.slyde.dk\/da\/wp-json\/wp\/v2\/product\/33325","targetHints":{"allow":["GET"]}}],"collection":[{"href":"https:\/\/weplayagain.host9.slyde.dk\/da\/wp-json\/wp\/v2\/product"}],"about":[{"href":"https:\/\/weplayagain.host9.slyde.dk\/da\/wp-json\/wp\/v2\/types\/product"}],"wp:featuredmedia":[{"embeddable":true,"href":"https:\/\/weplayagain.host9.slyde.dk\/da\/wp-json\/wp\/v2\/media\/33572"}],"wp:attachment":[{"href":"https:\/\/weplayagain.host9.slyde.dk\/da\/wp-json\/wp\/v2\/media?parent=33325"}],"wp:term":[{"taxonomy":"product_brand","embeddable":true,"href":"https:\/\/weplayagain.host9.slyde.dk\/da\/wp-json\/wp\/v2\/product_brand?post=33325"},{"taxonomy":"product_cat","embeddable":true,"href":"https:\/\/weplayagain.host9.slyde.dk\/da\/wp-json\/wp\/v2\/product_cat?post=33325"},{"taxonomy":"product_tag","embeddable":true,"href":"https:\/\/weplayagain.host9.slyde.dk\/da\/wp-json\/wp\/v2\/product_tag?post=33325"}],"curies":[{"name":"wp","href":"https:\/\/api.w.org\/{rel}","templated":true}]}}