{"id":33979,"date":"2024-10-30T19:43:15","date_gmt":"2024-10-30T18:43:15","guid":{"rendered":"https:\/\/weplayagain.com\/?post_type=product&#038;p=33979"},"modified":"2025-04-29T13:58:24","modified_gmt":"2025-04-29T12:58:24","slug":"beast-panther-hybrid-flex-regular-grafit-4-21","status":"publish","type":"product","link":"https:\/\/weplayagain.host9.slyde.dk\/da\/vare\/beast-panther-hybrid-flex-regular-grafit-4-21\/","title":{"rendered":"Beast Panther Hybrid \/ Flex Regular &#8211; Grafit \/ #4\/21"},"content":{"rendered":"<p>Klar til dig, der \u00f8nsker ekstra power og kontrol fra fairway og tee. Beast Panther Hybrid er en sp\u00e6ndende blanding af styrke og alsidighed \u2013 perfekt til den ambiti\u00f8se golfspiller, som gerne vil have et alsidigt v\u00e5ben i bag\u2019en.<\/p>\n<p>Hybriden kombinerer egenskaber fra b\u00e5de jern og fairwayk\u00f8lle og giver dig <strong>nemmere boldkontakt<\/strong> og <strong>mere tilgivelse<\/strong> i slaget, is\u00e6r ved sv\u00e6rere lejer.<\/p>\n<p>Velegnet til dig, der s\u00f8ger en <strong>stabil og alsidig k\u00f8lle<\/strong>, n\u00e5r jernet bliver for udfordrende, og fairwayk\u00f8llen for voldsom. Den passer godt til b\u00e5de mellemhandicapspilleren og den mere \u00f8vede.<\/p>\n<p>Et godt valg til dig, der vil bygge bro mellem jern og k\u00f8lle \u2013 med b\u00e5de f\u00f8lelse og selvtillid i slaget.<\/p>\n","protected":false},"excerpt":{"rendered":"<p>Klar til dig, der \u00f8nsker ekstra power og kontrol fra fairway og tee. Beast Panther Hybrid er en sp\u00e6ndende blanding af styrke og alsidighed \u2013 perfekt til den ambiti\u00f8se golfspiller, som gerne vil have et alsidigt v\u00e5ben i bag\u2019en. Hybriden kombinerer egenskaber fra b\u00e5de jern og fairwayk\u00f8lle og giver dig nemmere boldkontakt og mere tilgivelse [&hellip;]<\/p>\n","protected":false},"featured_media":34213,"template":"","meta":{"_acf_changed":false},"product_brand":[],"product_cat":[556],"product_tag":[],"class_list":{"0":"post-33979","1":"product","2":"type-product","3":"status-publish","4":"has-post-thumbnail","6":"product_cat-hybridkoeller","7":"pa_28935-men","8":"pa_brand-beast","9":"pa_condition-brugt-god-stand","10":"pa_dexterity-hojre-haand","11":"pa_flex-regular-flex","12":"pa_grip-beast","13":"pa_gripsize-standard","14":"pa_headcover-yes","15":"pa_koelle-4-hybrid","16":"pa_loft-638","17":"pa_model-panther","18":"pa_skaft-beast-panther","19":"pa_skaft-materiale-grafit","21":"first","22":"instock","23":"taxable","24":"shipping-taxable","25":"purchasable","26":"product-type-simple"},"acf":[],"yoast_head":"<!-- This site is optimized with the Yoast SEO plugin v24.8.1 - https:\/\/yoast.com\/wordpress\/plugins\/seo\/ -->\n<title>K\u00f8b Beast Panther Hybrid hos WePlayAgain | Spar op til 64%<\/title>\n<meta name=\"description\" content=\"Oplev ekstra power og kontrol med Beast Panther Hybrid \u2013 den alsidige k\u00f8lle, som g\u00f8r boldkontakten lettere og giver mere selvtillid p\u00e5 banen.\" \/>\n<meta name=\"robots\" content=\"noindex, follow, max-snippet:-1, max-image-preview:large, max-video-preview:-1\" \/>\n<meta property=\"og:locale\" content=\"da_DK\" \/>\n<meta property=\"og:type\" content=\"article\" \/>\n<meta property=\"og:title\" content=\"K\u00f8b Beast Panther Hybrid hos WePlayAgain | Spar op til 64%\" \/>\n<meta property=\"og:description\" content=\"Oplev ekstra power og kontrol med Beast Panther Hybrid \u2013 den alsidige k\u00f8lle, som g\u00f8r boldkontakten lettere og giver mere selvtillid p\u00e5 banen.\" \/>\n<meta property=\"og:url\" content=\"https:\/\/weplayagain.com\/da\/vare\/beast-panther-hybrid-flex-regular-grafit-4-21\/\" \/>\n<meta property=\"og:site_name\" content=\"WePlayAgain A\/S\" \/>\n<meta property=\"article:modified_time\" content=\"2025-04-29T12:58:24+00:00\" \/>\n<meta property=\"og:image\" content=\"https:\/\/weplayagain.com\/wp-content\/uploads\/2024\/11\/Photoroom_001_20241104_131810-scaled.jpeg\" \/>\n\t<meta property=\"og:image:width\" content=\"2048\" \/>\n\t<meta property=\"og:image:height\" content=\"2048\" \/>\n\t<meta property=\"og:image:type\" content=\"image\/jpeg\" \/>\n<meta name=\"twitter:card\" content=\"summary_large_image\" \/>\n<meta name=\"twitter:label1\" content=\"Estimeret l\u00e6setid\" \/>\n\t<meta name=\"twitter:data1\" content=\"1 minut\" \/>\n<script type=\"application\/ld+json\" class=\"yoast-schema-graph\">{\"@context\":\"https:\/\/schema.org\",\"@graph\":[{\"@type\":\"WebPage\",\"@id\":\"https:\/\/weplayagain.com\/da\/vare\/beast-panther-hybrid-flex-regular-grafit-4-21\/\",\"url\":\"https:\/\/weplayagain.com\/da\/vare\/beast-panther-hybrid-flex-regular-grafit-4-21\/\",\"name\":\"K\u00f8b Beast Panther Hybrid hos WePlayAgain | Spar op til 64%\",\"isPartOf\":{\"@id\":\"https:\/\/weplayagain.com\/#website\"},\"primaryImageOfPage\":{\"@id\":\"https:\/\/weplayagain.com\/da\/vare\/beast-panther-hybrid-flex-regular-grafit-4-21\/#primaryimage\"},\"image\":{\"@id\":\"https:\/\/weplayagain.com\/da\/vare\/beast-panther-hybrid-flex-regular-grafit-4-21\/#primaryimage\"},\"thumbnailUrl\":\"https:\/\/weplayagain.host9.slyde.dk\/wp-content\/uploads\/2024\/11\/Photoroom_001_20241104_131810-scaled.jpeg\",\"datePublished\":\"2024-10-30T18:43:15+00:00\",\"dateModified\":\"2025-04-29T12:58:24+00:00\",\"description\":\"Oplev ekstra power og kontrol med Beast Panther Hybrid \u2013 den alsidige k\u00f8lle, som g\u00f8r boldkontakten lettere og giver mere selvtillid p\u00e5 banen.\",\"breadcrumb\":{\"@id\":\"https:\/\/weplayagain.com\/da\/vare\/beast-panther-hybrid-flex-regular-grafit-4-21\/#breadcrumb\"},\"inLanguage\":\"da-DK\",\"potentialAction\":[{\"@type\":\"ReadAction\",\"target\":[\"https:\/\/weplayagain.com\/da\/vare\/beast-panther-hybrid-flex-regular-grafit-4-21\/\"]}]},{\"@type\":\"ImageObject\",\"inLanguage\":\"da-DK\",\"@id\":\"https:\/\/weplayagain.com\/da\/vare\/beast-panther-hybrid-flex-regular-grafit-4-21\/#primaryimage\",\"url\":\"https:\/\/weplayagain.host9.slyde.dk\/wp-content\/uploads\/2024\/11\/Photoroom_001_20241104_131810-scaled.jpeg\",\"contentUrl\":\"https:\/\/weplayagain.host9.slyde.dk\/wp-content\/uploads\/2024\/11\/Photoroom_001_20241104_131810-scaled.jpeg\",\"width\":2048,\"height\":2048},{\"@type\":\"BreadcrumbList\",\"@id\":\"https:\/\/weplayagain.com\/da\/vare\/beast-panther-hybrid-flex-regular-grafit-4-21\/#breadcrumb\",\"itemListElement\":[{\"@type\":\"ListItem\",\"position\":1,\"name\":\"Hjem\",\"item\":\"https:\/\/weplayagain.com\/da\/\"},{\"@type\":\"ListItem\",\"position\":2,\"name\":\"Shop\",\"item\":\"https:\/\/weplayagain.com\/shop\/\"},{\"@type\":\"ListItem\",\"position\":3,\"name\":\"Beast Panther Hybrid \/ Flex Regular &#8211; Grafit \/ #4\/21\"}]},{\"@type\":\"WebSite\",\"@id\":\"https:\/\/weplayagain.com\/#website\",\"url\":\"https:\/\/weplayagain.com\/\",\"name\":\"WePlayAgain A\/S\",\"description\":\"K\u00f8b brugt - trygt, og til markedets skarpeste priser\",\"publisher\":{\"@id\":\"https:\/\/weplayagain.com\/#organization\"},\"potentialAction\":[{\"@type\":\"SearchAction\",\"target\":{\"@type\":\"EntryPoint\",\"urlTemplate\":\"https:\/\/weplayagain.com\/?s={search_term_string}\"},\"query-input\":{\"@type\":\"PropertyValueSpecification\",\"valueRequired\":true,\"valueName\":\"search_term_string\"}}],\"inLanguage\":\"da-DK\"},{\"@type\":\"Organization\",\"@id\":\"https:\/\/weplayagain.com\/#organization\",\"name\":\"WePlayAgain A\/S\",\"url\":\"https:\/\/weplayagain.com\/\",\"logo\":{\"@type\":\"ImageObject\",\"inLanguage\":\"da-DK\",\"@id\":\"https:\/\/weplayagain.com\/#\/schema\/logo\/image\/\",\"url\":\"https:\/\/weplayagain.host9.slyde.dk\/wp-content\/uploads\/2022\/01\/Asset-8-8.png\",\"contentUrl\":\"https:\/\/weplayagain.host9.slyde.dk\/wp-content\/uploads\/2022\/01\/Asset-8-8.png\",\"width\":2048,\"height\":454,\"caption\":\"WePlayAgain A\/S\"},\"image\":{\"@id\":\"https:\/\/weplayagain.com\/#\/schema\/logo\/image\/\"}}]}<\/script>\n<!-- \/ Yoast SEO plugin. -->","yoast_head_json":{"title":"K\u00f8b Beast Panther Hybrid hos WePlayAgain | Spar op til 64%","description":"Oplev ekstra power og kontrol med Beast Panther Hybrid \u2013 den alsidige k\u00f8lle, som g\u00f8r boldkontakten lettere og giver mere selvtillid p\u00e5 banen.","robots":{"index":"noindex","follow":"follow","max-snippet":"max-snippet:-1","max-image-preview":"max-image-preview:large","max-video-preview":"max-video-preview:-1"},"og_locale":"da_DK","og_type":"article","og_title":"K\u00f8b Beast Panther Hybrid hos WePlayAgain | Spar op til 64%","og_description":"Oplev ekstra power og kontrol med Beast Panther Hybrid \u2013 den alsidige k\u00f8lle, som g\u00f8r boldkontakten lettere og giver mere selvtillid p\u00e5 banen.","og_url":"https:\/\/weplayagain.com\/da\/vare\/beast-panther-hybrid-flex-regular-grafit-4-21\/","og_site_name":"WePlayAgain A\/S","article_modified_time":"2025-04-29T12:58:24+00:00","og_image":[{"width":2048,"height":2048,"url":"https:\/\/weplayagain.com\/wp-content\/uploads\/2024\/11\/Photoroom_001_20241104_131810-scaled.jpeg","type":"image\/jpeg"}],"twitter_card":"summary_large_image","twitter_misc":{"Estimeret l\u00e6setid":"1 minut"},"schema":{"@context":"https:\/\/schema.org","@graph":[{"@type":"WebPage","@id":"https:\/\/weplayagain.com\/da\/vare\/beast-panther-hybrid-flex-regular-grafit-4-21\/","url":"https:\/\/weplayagain.com\/da\/vare\/beast-panther-hybrid-flex-regular-grafit-4-21\/","name":"K\u00f8b Beast Panther Hybrid hos WePlayAgain | Spar op til 64%","isPartOf":{"@id":"https:\/\/weplayagain.com\/#website"},"primaryImageOfPage":{"@id":"https:\/\/weplayagain.com\/da\/vare\/beast-panther-hybrid-flex-regular-grafit-4-21\/#primaryimage"},"image":{"@id":"https:\/\/weplayagain.com\/da\/vare\/beast-panther-hybrid-flex-regular-grafit-4-21\/#primaryimage"},"thumbnailUrl":"https:\/\/weplayagain.host9.slyde.dk\/wp-content\/uploads\/2024\/11\/Photoroom_001_20241104_131810-scaled.jpeg","datePublished":"2024-10-30T18:43:15+00:00","dateModified":"2025-04-29T12:58:24+00:00","description":"Oplev ekstra power og kontrol med Beast Panther Hybrid \u2013 den alsidige k\u00f8lle, som g\u00f8r boldkontakten lettere og giver mere selvtillid p\u00e5 banen.","breadcrumb":{"@id":"https:\/\/weplayagain.com\/da\/vare\/beast-panther-hybrid-flex-regular-grafit-4-21\/#breadcrumb"},"inLanguage":"da-DK","potentialAction":[{"@type":"ReadAction","target":["https:\/\/weplayagain.com\/da\/vare\/beast-panther-hybrid-flex-regular-grafit-4-21\/"]}]},{"@type":"ImageObject","inLanguage":"da-DK","@id":"https:\/\/weplayagain.com\/da\/vare\/beast-panther-hybrid-flex-regular-grafit-4-21\/#primaryimage","url":"https:\/\/weplayagain.host9.slyde.dk\/wp-content\/uploads\/2024\/11\/Photoroom_001_20241104_131810-scaled.jpeg","contentUrl":"https:\/\/weplayagain.host9.slyde.dk\/wp-content\/uploads\/2024\/11\/Photoroom_001_20241104_131810-scaled.jpeg","width":2048,"height":2048},{"@type":"BreadcrumbList","@id":"https:\/\/weplayagain.com\/da\/vare\/beast-panther-hybrid-flex-regular-grafit-4-21\/#breadcrumb","itemListElement":[{"@type":"ListItem","position":1,"name":"Hjem","item":"https:\/\/weplayagain.com\/da\/"},{"@type":"ListItem","position":2,"name":"Shop","item":"https:\/\/weplayagain.com\/shop\/"},{"@type":"ListItem","position":3,"name":"Beast Panther Hybrid \/ Flex Regular &#8211; Grafit \/ #4\/21"}]},{"@type":"WebSite","@id":"https:\/\/weplayagain.com\/#website","url":"https:\/\/weplayagain.com\/","name":"WePlayAgain A\/S","description":"K\u00f8b brugt - trygt, og til markedets skarpeste priser","publisher":{"@id":"https:\/\/weplayagain.com\/#organization"},"potentialAction":[{"@type":"SearchAction","target":{"@type":"EntryPoint","urlTemplate":"https:\/\/weplayagain.com\/?s={search_term_string}"},"query-input":{"@type":"PropertyValueSpecification","valueRequired":true,"valueName":"search_term_string"}}],"inLanguage":"da-DK"},{"@type":"Organization","@id":"https:\/\/weplayagain.com\/#organization","name":"WePlayAgain A\/S","url":"https:\/\/weplayagain.com\/","logo":{"@type":"ImageObject","inLanguage":"da-DK","@id":"https:\/\/weplayagain.com\/#\/schema\/logo\/image\/","url":"https:\/\/weplayagain.host9.slyde.dk\/wp-content\/uploads\/2022\/01\/Asset-8-8.png","contentUrl":"https:\/\/weplayagain.host9.slyde.dk\/wp-content\/uploads\/2022\/01\/Asset-8-8.png","width":2048,"height":454,"caption":"WePlayAgain A\/S"},"image":{"@id":"https:\/\/weplayagain.com\/#\/schema\/logo\/image\/"}}]}},"_links":{"self":[{"href":"https:\/\/weplayagain.host9.slyde.dk\/da\/wp-json\/wp\/v2\/product\/33979","targetHints":{"allow":["GET"]}}],"collection":[{"href":"https:\/\/weplayagain.host9.slyde.dk\/da\/wp-json\/wp\/v2\/product"}],"about":[{"href":"https:\/\/weplayagain.host9.slyde.dk\/da\/wp-json\/wp\/v2\/types\/product"}],"wp:featuredmedia":[{"embeddable":true,"href":"https:\/\/weplayagain.host9.slyde.dk\/da\/wp-json\/wp\/v2\/media\/34213"}],"wp:attachment":[{"href":"https:\/\/weplayagain.host9.slyde.dk\/da\/wp-json\/wp\/v2\/media?parent=33979"}],"wp:term":[{"taxonomy":"product_brand","embeddable":true,"href":"https:\/\/weplayagain.host9.slyde.dk\/da\/wp-json\/wp\/v2\/product_brand?post=33979"},{"taxonomy":"product_cat","embeddable":true,"href":"https:\/\/weplayagain.host9.slyde.dk\/da\/wp-json\/wp\/v2\/product_cat?post=33979"},{"taxonomy":"product_tag","embeddable":true,"href":"https:\/\/weplayagain.host9.slyde.dk\/da\/wp-json\/wp\/v2\/product_tag?post=33979"}],"curies":[{"name":"wp","href":"https:\/\/api.w.org\/{rel}","templated":true}]}}