{"id":34551,"date":"2024-11-10T20:10:39","date_gmt":"2024-11-10T19:10:39","guid":{"rendered":"https:\/\/weplayagain.com\/?post_type=product&#038;p=34551"},"modified":"2025-04-28T23:56:23","modified_gmt":"2025-04-28T22:56:23","slug":"srixon-wr-fairway-wood-flex-regular-grafit-3-14-5","status":"publish","type":"product","link":"https:\/\/weplayagain.host9.slyde.dk\/da\/vare\/srixon-wr-fairway-wood-flex-regular-grafit-3-14-5\/","title":{"rendered":"Srixon WR Fairway Wood \/ Flex Regular \/ Grafit \/ #3\/14.5"},"content":{"rendered":"<p>Srixon WR fairway wood er til dig, der vil have mere stabilitet i spillet \u2013 is\u00e6r n\u00e5r slaget ikke lige sidder i centrum. WR-modellen er skabt til at g\u00f8re dine slag mere tilgivende og konsekvente, selv p\u00e5 de mindre perfekte tr\u00e6f.<\/p>\n<p>Med et st\u00f8rre sweet spot rammer du mere rent, og den tungsten-nikkel v\u00e6gtning hj\u00e6lper bolden godt p\u00e5 vej med god lancering og mindre sidespin. Det giver dig bedre kontrol \u2013 ogs\u00e5 fra fairway eller semirough.<\/p>\n<p>Den egner sig godt til spillere, der s\u00f8ger sikkerhed fra b\u00e5de tee og turfen, og passer perfekt til dig, der vil have en fairway wood, der hj\u00e6lper med at holde tempo og retning hele runden igennem.<\/p>\n<p>Kort sagt: En trofast makker til dit lange spil.<\/p>\n","protected":false},"excerpt":{"rendered":"<p>Srixon WR fairway wood er til dig, der vil have mere stabilitet i spillet \u2013 is\u00e6r n\u00e5r slaget ikke lige sidder i centrum. WR-modellen er skabt til at g\u00f8re dine slag mere tilgivende og konsekvente, selv p\u00e5 de mindre perfekte tr\u00e6f. Med et st\u00f8rre sweet spot rammer du mere rent, og den tungsten-nikkel v\u00e6gtning hj\u00e6lper [&hellip;]<\/p>\n","protected":false},"featured_media":34613,"template":"","meta":{"_acf_changed":false},"product_brand":[],"product_cat":[510],"product_tag":[],"class_list":{"0":"post-34551","1":"product","2":"type-product","3":"status-publish","4":"has-post-thumbnail","6":"product_cat-fairway-koeller","7":"pa_28935-men","8":"pa_brand-srixon","9":"pa_condition-brugt-okay-stand","10":"pa_dexterity-hojre-haand","11":"pa_flex-regular-flex","12":"pa_headcover-yes","13":"pa_koelle-3-wood","14":"pa_loft-14-5","15":"pa_model-wr","16":"pa_skaft-sv-3011j","17":"pa_skaft-materiale-grafit","19":"first","20":"instock","21":"taxable","22":"shipping-taxable","23":"purchasable","24":"product-type-simple"},"acf":[],"yoast_head":"<!-- This site is optimized with the Yoast SEO plugin v24.8.1 - https:\/\/yoast.com\/wordpress\/plugins\/seo\/ -->\n<title>K\u00f8b brugt Srixon WR Fairway Wood Fairway Wood hos WePlayAgain -&gt; Hurtig levering<\/title>\n<meta name=\"description\" content=\"K\u00f8b Srixon WR Fairway Wood Fairway Wood | Spar op til 65% af nyprisen | 2 \u00e5rs garanti | 14 dages pr\u00f8veperiode | EU Prisgaranti\" \/>\n<meta name=\"robots\" content=\"noindex, follow, max-snippet:-1, max-image-preview:large, max-video-preview:-1\" \/>\n<meta property=\"og:locale\" content=\"da_DK\" \/>\n<meta property=\"og:type\" content=\"article\" \/>\n<meta property=\"og:title\" content=\"K\u00f8b brugt Srixon WR Fairway Wood Fairway Wood hos WePlayAgain -&gt; Hurtig levering\" \/>\n<meta property=\"og:description\" content=\"K\u00f8b Srixon WR Fairway Wood Fairway Wood | Spar op til 65% af nyprisen | 2 \u00e5rs garanti | 14 dages pr\u00f8veperiode | EU Prisgaranti\" \/>\n<meta property=\"og:url\" content=\"https:\/\/weplayagain.com\/da\/vare\/srixon-wr-fairway-wood-flex-regular-grafit-3-14-5\/\" \/>\n<meta property=\"og:site_name\" content=\"WePlayAgain A\/S\" \/>\n<meta property=\"article:modified_time\" content=\"2025-04-28T22:56:23+00:00\" \/>\n<meta property=\"og:image\" content=\"https:\/\/weplayagain.com\/wp-content\/uploads\/2024\/11\/Photoroom_030_20241111_122132-scaled.jpeg\" \/>\n\t<meta property=\"og:image:width\" content=\"2048\" \/>\n\t<meta property=\"og:image:height\" content=\"2048\" \/>\n\t<meta property=\"og:image:type\" content=\"image\/jpeg\" \/>\n<meta name=\"twitter:card\" content=\"summary_large_image\" \/>\n<meta name=\"twitter:label1\" content=\"Estimeret l\u00e6setid\" \/>\n\t<meta name=\"twitter:data1\" content=\"1 minut\" \/>\n<script type=\"application\/ld+json\" class=\"yoast-schema-graph\">{\"@context\":\"https:\/\/schema.org\",\"@graph\":[{\"@type\":\"WebPage\",\"@id\":\"https:\/\/weplayagain.com\/da\/vare\/srixon-wr-fairway-wood-flex-regular-grafit-3-14-5\/\",\"url\":\"https:\/\/weplayagain.com\/da\/vare\/srixon-wr-fairway-wood-flex-regular-grafit-3-14-5\/\",\"name\":\"K\u00f8b brugt Srixon WR Fairway Wood Fairway Wood hos WePlayAgain -> Hurtig levering\",\"isPartOf\":{\"@id\":\"https:\/\/weplayagain.com\/#website\"},\"primaryImageOfPage\":{\"@id\":\"https:\/\/weplayagain.com\/da\/vare\/srixon-wr-fairway-wood-flex-regular-grafit-3-14-5\/#primaryimage\"},\"image\":{\"@id\":\"https:\/\/weplayagain.com\/da\/vare\/srixon-wr-fairway-wood-flex-regular-grafit-3-14-5\/#primaryimage\"},\"thumbnailUrl\":\"https:\/\/weplayagain.host9.slyde.dk\/wp-content\/uploads\/2024\/11\/Photoroom_030_20241111_122132-scaled.jpeg\",\"datePublished\":\"2024-11-10T19:10:39+00:00\",\"dateModified\":\"2025-04-28T22:56:23+00:00\",\"description\":\"K\u00f8b Srixon WR Fairway Wood Fairway Wood | Spar op til 65% af nyprisen | 2 \u00e5rs garanti | 14 dages pr\u00f8veperiode | EU Prisgaranti\",\"breadcrumb\":{\"@id\":\"https:\/\/weplayagain.com\/da\/vare\/srixon-wr-fairway-wood-flex-regular-grafit-3-14-5\/#breadcrumb\"},\"inLanguage\":\"da-DK\",\"potentialAction\":[{\"@type\":\"ReadAction\",\"target\":[\"https:\/\/weplayagain.com\/da\/vare\/srixon-wr-fairway-wood-flex-regular-grafit-3-14-5\/\"]}]},{\"@type\":\"ImageObject\",\"inLanguage\":\"da-DK\",\"@id\":\"https:\/\/weplayagain.com\/da\/vare\/srixon-wr-fairway-wood-flex-regular-grafit-3-14-5\/#primaryimage\",\"url\":\"https:\/\/weplayagain.host9.slyde.dk\/wp-content\/uploads\/2024\/11\/Photoroom_030_20241111_122132-scaled.jpeg\",\"contentUrl\":\"https:\/\/weplayagain.host9.slyde.dk\/wp-content\/uploads\/2024\/11\/Photoroom_030_20241111_122132-scaled.jpeg\",\"width\":2048,\"height\":2048},{\"@type\":\"BreadcrumbList\",\"@id\":\"https:\/\/weplayagain.com\/da\/vare\/srixon-wr-fairway-wood-flex-regular-grafit-3-14-5\/#breadcrumb\",\"itemListElement\":[{\"@type\":\"ListItem\",\"position\":1,\"name\":\"Hjem\",\"item\":\"https:\/\/weplayagain.com\/da\/\"},{\"@type\":\"ListItem\",\"position\":2,\"name\":\"Shop\",\"item\":\"https:\/\/weplayagain.com\/shop\/\"},{\"@type\":\"ListItem\",\"position\":3,\"name\":\"Srixon WR Fairway Wood \/ Flex Regular \/ Grafit \/ #3\/14.5\"}]},{\"@type\":\"WebSite\",\"@id\":\"https:\/\/weplayagain.com\/#website\",\"url\":\"https:\/\/weplayagain.com\/\",\"name\":\"WePlayAgain A\/S\",\"description\":\"K\u00f8b brugt - trygt, og til markedets skarpeste priser\",\"publisher\":{\"@id\":\"https:\/\/weplayagain.com\/#organization\"},\"potentialAction\":[{\"@type\":\"SearchAction\",\"target\":{\"@type\":\"EntryPoint\",\"urlTemplate\":\"https:\/\/weplayagain.com\/?s={search_term_string}\"},\"query-input\":{\"@type\":\"PropertyValueSpecification\",\"valueRequired\":true,\"valueName\":\"search_term_string\"}}],\"inLanguage\":\"da-DK\"},{\"@type\":\"Organization\",\"@id\":\"https:\/\/weplayagain.com\/#organization\",\"name\":\"WePlayAgain A\/S\",\"url\":\"https:\/\/weplayagain.com\/\",\"logo\":{\"@type\":\"ImageObject\",\"inLanguage\":\"da-DK\",\"@id\":\"https:\/\/weplayagain.com\/#\/schema\/logo\/image\/\",\"url\":\"https:\/\/weplayagain.host9.slyde.dk\/wp-content\/uploads\/2022\/01\/Asset-8-8.png\",\"contentUrl\":\"https:\/\/weplayagain.host9.slyde.dk\/wp-content\/uploads\/2022\/01\/Asset-8-8.png\",\"width\":2048,\"height\":454,\"caption\":\"WePlayAgain A\/S\"},\"image\":{\"@id\":\"https:\/\/weplayagain.com\/#\/schema\/logo\/image\/\"}}]}<\/script>\n<!-- \/ Yoast SEO plugin. -->","yoast_head_json":{"title":"K\u00f8b brugt Srixon WR Fairway Wood Fairway Wood hos WePlayAgain -> Hurtig levering","description":"K\u00f8b Srixon WR Fairway Wood Fairway Wood | Spar op til 65% af nyprisen | 2 \u00e5rs garanti | 14 dages pr\u00f8veperiode | EU Prisgaranti","robots":{"index":"noindex","follow":"follow","max-snippet":"max-snippet:-1","max-image-preview":"max-image-preview:large","max-video-preview":"max-video-preview:-1"},"og_locale":"da_DK","og_type":"article","og_title":"K\u00f8b brugt Srixon WR Fairway Wood Fairway Wood hos WePlayAgain -> Hurtig levering","og_description":"K\u00f8b Srixon WR Fairway Wood Fairway Wood | Spar op til 65% af nyprisen | 2 \u00e5rs garanti | 14 dages pr\u00f8veperiode | EU Prisgaranti","og_url":"https:\/\/weplayagain.com\/da\/vare\/srixon-wr-fairway-wood-flex-regular-grafit-3-14-5\/","og_site_name":"WePlayAgain A\/S","article_modified_time":"2025-04-28T22:56:23+00:00","og_image":[{"width":2048,"height":2048,"url":"https:\/\/weplayagain.com\/wp-content\/uploads\/2024\/11\/Photoroom_030_20241111_122132-scaled.jpeg","type":"image\/jpeg"}],"twitter_card":"summary_large_image","twitter_misc":{"Estimeret l\u00e6setid":"1 minut"},"schema":{"@context":"https:\/\/schema.org","@graph":[{"@type":"WebPage","@id":"https:\/\/weplayagain.com\/da\/vare\/srixon-wr-fairway-wood-flex-regular-grafit-3-14-5\/","url":"https:\/\/weplayagain.com\/da\/vare\/srixon-wr-fairway-wood-flex-regular-grafit-3-14-5\/","name":"K\u00f8b brugt Srixon WR Fairway Wood Fairway Wood hos WePlayAgain -> Hurtig levering","isPartOf":{"@id":"https:\/\/weplayagain.com\/#website"},"primaryImageOfPage":{"@id":"https:\/\/weplayagain.com\/da\/vare\/srixon-wr-fairway-wood-flex-regular-grafit-3-14-5\/#primaryimage"},"image":{"@id":"https:\/\/weplayagain.com\/da\/vare\/srixon-wr-fairway-wood-flex-regular-grafit-3-14-5\/#primaryimage"},"thumbnailUrl":"https:\/\/weplayagain.host9.slyde.dk\/wp-content\/uploads\/2024\/11\/Photoroom_030_20241111_122132-scaled.jpeg","datePublished":"2024-11-10T19:10:39+00:00","dateModified":"2025-04-28T22:56:23+00:00","description":"K\u00f8b Srixon WR Fairway Wood Fairway Wood | Spar op til 65% af nyprisen | 2 \u00e5rs garanti | 14 dages pr\u00f8veperiode | EU Prisgaranti","breadcrumb":{"@id":"https:\/\/weplayagain.com\/da\/vare\/srixon-wr-fairway-wood-flex-regular-grafit-3-14-5\/#breadcrumb"},"inLanguage":"da-DK","potentialAction":[{"@type":"ReadAction","target":["https:\/\/weplayagain.com\/da\/vare\/srixon-wr-fairway-wood-flex-regular-grafit-3-14-5\/"]}]},{"@type":"ImageObject","inLanguage":"da-DK","@id":"https:\/\/weplayagain.com\/da\/vare\/srixon-wr-fairway-wood-flex-regular-grafit-3-14-5\/#primaryimage","url":"https:\/\/weplayagain.host9.slyde.dk\/wp-content\/uploads\/2024\/11\/Photoroom_030_20241111_122132-scaled.jpeg","contentUrl":"https:\/\/weplayagain.host9.slyde.dk\/wp-content\/uploads\/2024\/11\/Photoroom_030_20241111_122132-scaled.jpeg","width":2048,"height":2048},{"@type":"BreadcrumbList","@id":"https:\/\/weplayagain.com\/da\/vare\/srixon-wr-fairway-wood-flex-regular-grafit-3-14-5\/#breadcrumb","itemListElement":[{"@type":"ListItem","position":1,"name":"Hjem","item":"https:\/\/weplayagain.com\/da\/"},{"@type":"ListItem","position":2,"name":"Shop","item":"https:\/\/weplayagain.com\/shop\/"},{"@type":"ListItem","position":3,"name":"Srixon WR Fairway Wood \/ Flex Regular \/ Grafit \/ #3\/14.5"}]},{"@type":"WebSite","@id":"https:\/\/weplayagain.com\/#website","url":"https:\/\/weplayagain.com\/","name":"WePlayAgain A\/S","description":"K\u00f8b brugt - trygt, og til markedets skarpeste priser","publisher":{"@id":"https:\/\/weplayagain.com\/#organization"},"potentialAction":[{"@type":"SearchAction","target":{"@type":"EntryPoint","urlTemplate":"https:\/\/weplayagain.com\/?s={search_term_string}"},"query-input":{"@type":"PropertyValueSpecification","valueRequired":true,"valueName":"search_term_string"}}],"inLanguage":"da-DK"},{"@type":"Organization","@id":"https:\/\/weplayagain.com\/#organization","name":"WePlayAgain A\/S","url":"https:\/\/weplayagain.com\/","logo":{"@type":"ImageObject","inLanguage":"da-DK","@id":"https:\/\/weplayagain.com\/#\/schema\/logo\/image\/","url":"https:\/\/weplayagain.host9.slyde.dk\/wp-content\/uploads\/2022\/01\/Asset-8-8.png","contentUrl":"https:\/\/weplayagain.host9.slyde.dk\/wp-content\/uploads\/2022\/01\/Asset-8-8.png","width":2048,"height":454,"caption":"WePlayAgain A\/S"},"image":{"@id":"https:\/\/weplayagain.com\/#\/schema\/logo\/image\/"}}]}},"_links":{"self":[{"href":"https:\/\/weplayagain.host9.slyde.dk\/da\/wp-json\/wp\/v2\/product\/34551","targetHints":{"allow":["GET"]}}],"collection":[{"href":"https:\/\/weplayagain.host9.slyde.dk\/da\/wp-json\/wp\/v2\/product"}],"about":[{"href":"https:\/\/weplayagain.host9.slyde.dk\/da\/wp-json\/wp\/v2\/types\/product"}],"wp:featuredmedia":[{"embeddable":true,"href":"https:\/\/weplayagain.host9.slyde.dk\/da\/wp-json\/wp\/v2\/media\/34613"}],"wp:attachment":[{"href":"https:\/\/weplayagain.host9.slyde.dk\/da\/wp-json\/wp\/v2\/media?parent=34551"}],"wp:term":[{"taxonomy":"product_brand","embeddable":true,"href":"https:\/\/weplayagain.host9.slyde.dk\/da\/wp-json\/wp\/v2\/product_brand?post=34551"},{"taxonomy":"product_cat","embeddable":true,"href":"https:\/\/weplayagain.host9.slyde.dk\/da\/wp-json\/wp\/v2\/product_cat?post=34551"},{"taxonomy":"product_tag","embeddable":true,"href":"https:\/\/weplayagain.host9.slyde.dk\/da\/wp-json\/wp\/v2\/product_tag?post=34551"}],"curies":[{"name":"wp","href":"https:\/\/api.w.org\/{rel}","templated":true}]}}