{"id":34941,"date":"2024-11-27T13:54:43","date_gmt":"2024-11-27T12:54:43","guid":{"rendered":"https:\/\/weplayagain.com\/?post_type=product&#038;p=34941"},"modified":"2025-04-29T13:54:37","modified_gmt":"2025-04-29T12:54:37","slug":"titleist-vokey-sm10-wedge-flex-wedge-staal-58-10-s-grind","status":"publish","type":"product","link":"https:\/\/weplayagain.host9.slyde.dk\/da\/vare\/titleist-vokey-sm10-wedge-flex-wedge-staal-58-10-s-grind\/","title":{"rendered":"Titleist Vokey SM10 Wedge \/ Flex Wedge \/ St\u00e5l \/ #58\/10 S Grind"},"content":{"rendered":"<p>Er du typen, der gerne vil have pr\u00e6cision i dine korte jern og kontrol omkring greenen? S\u00e5 er denne wedge noget for dig.<\/p>\n<p>SM10 er en <strong>tour-valideret wedge<\/strong> til dig, der \u00f8nsker maksimal spin, f\u00f8ling og fleksibilitet \u2013 uanset om du st\u00e5r i t\u00e6t klip, bunkeren eller skal fl\u00e6kke den op over en forhindring.  <\/p>\n<p>Med sit justerede <strong>tyngdepunkt i hvert loft<\/strong> f\u00e5r du en lav, stabil boldflugt og bedre kontrol p\u00e5 dit slag. Perfekt til b\u00e5de aggressiv pitch og delikat flop.  <\/p>\n<p>Bob Vokey har givet dig flere grind-muligheder som F, K og den eftertragtede T-grind \u2013 specielt udviklet til at slippe fantasien l\u00f8s omkring greenen.  <\/p>\n<p>Furerne er sk\u00e5ret til kanten og varmebehandlet lokalt ved slagfladen, s\u00e5 du f\u00e5r <strong>maksimalt spin og dobbelt slidstyrke<\/strong>. Og med valg mellem Tour Chrome, Nickel, Jet Black eller Raw kan du finde lige den finish, der matcher dine \u00f8jne.  <\/p>\n<p>SM10 passer til alle slags spillere, men is\u00e6r dig, der s\u00e6tter pris p\u00e5 <strong>f\u00f8ling og finesse<\/strong>. Uanset om du s\u00f8ger et pitching-, gap-, sand- eller lobwedge \u2013 s\u00e5 er basis for pr\u00e6cision og kreativitet i orden her.<\/p>\n","protected":false},"excerpt":{"rendered":"<p>Er du typen, der gerne vil have pr\u00e6cision i dine korte jern og kontrol omkring greenen? S\u00e5 er denne wedge noget for dig. SM10 er en tour-valideret wedge til dig, der \u00f8nsker maksimal spin, f\u00f8ling og fleksibilitet \u2013 uanset om du st\u00e5r i t\u00e6t klip, bunkeren eller skal fl\u00e6kke den op over en forhindring. Med [&hellip;]<\/p>\n","protected":false},"featured_media":35134,"template":"","meta":{"_acf_changed":false},"product_brand":[],"product_cat":[511],"product_tag":[],"class_list":{"0":"post-34941","1":"product","2":"type-product","3":"status-publish","4":"has-post-thumbnail","6":"product_cat-wedges-og-chippere","7":"pa_28935-men","8":"pa_bounce-2145","9":"pa_brand-titleist","10":"pa_condition-brugt-god-stand","11":"pa_dexterity-hojre-haand","12":"pa_flex-wedge-flex","13":"pa_grip-titleist-standard","14":"pa_gripsize-standard","15":"pa_koelle-wedge","16":"pa_loft-1417","17":"pa_model-sm10","18":"pa_skaft-staal-sm10","19":"pa_skaft-materiale-staal","21":"first","22":"instock","23":"taxable","24":"shipping-taxable","25":"purchasable","26":"product-type-simple"},"acf":[],"yoast_head":"<!-- This site is optimized with the Yoast SEO plugin v24.8.1 - https:\/\/yoast.com\/wordpress\/plugins\/seo\/ -->\n<title>K\u00f8b Titleist Vokey SM10 Wedge hos WePlayAgain | Spar op til 52%<\/title>\n<meta name=\"description\" content=\"-&gt; Titleist Vokey SM10 Wedge | Spar op til 52% af nyprisen -&gt; 2 \u00e5rs garanti | 14 dages pr\u00f8veperiode | EU Prisgaranti\" \/>\n<meta name=\"robots\" content=\"noindex, follow, max-snippet:-1, max-image-preview:large, max-video-preview:-1\" \/>\n<meta property=\"og:locale\" content=\"da_DK\" \/>\n<meta property=\"og:type\" content=\"article\" \/>\n<meta property=\"og:title\" content=\"K\u00f8b Titleist Vokey SM10 Wedge hos WePlayAgain | Spar op til 52%\" \/>\n<meta property=\"og:description\" content=\"-&gt; Titleist Vokey SM10 Wedge | Spar op til 52% af nyprisen -&gt; 2 \u00e5rs garanti | 14 dages pr\u00f8veperiode | EU Prisgaranti\" \/>\n<meta property=\"og:url\" content=\"https:\/\/weplayagain.com\/da\/vare\/titleist-vokey-sm10-wedge-flex-wedge-staal-58-10-s-grind\/\" \/>\n<meta property=\"og:site_name\" content=\"WePlayAgain A\/S\" \/>\n<meta property=\"article:modified_time\" content=\"2025-04-29T12:54:37+00:00\" \/>\n<meta property=\"og:image\" content=\"https:\/\/weplayagain.com\/wp-content\/uploads\/2024\/11\/Photoroom_005_20241128_145049-scaled.jpeg\" \/>\n\t<meta property=\"og:image:width\" content=\"2048\" \/>\n\t<meta property=\"og:image:height\" content=\"2048\" \/>\n\t<meta property=\"og:image:type\" content=\"image\/jpeg\" \/>\n<meta name=\"twitter:card\" content=\"summary_large_image\" \/>\n<meta name=\"twitter:label1\" content=\"Estimeret l\u00e6setid\" \/>\n\t<meta name=\"twitter:data1\" content=\"1 minut\" \/>\n<script type=\"application\/ld+json\" class=\"yoast-schema-graph\">{\"@context\":\"https:\/\/schema.org\",\"@graph\":[{\"@type\":\"WebPage\",\"@id\":\"https:\/\/weplayagain.com\/da\/vare\/titleist-vokey-sm10-wedge-flex-wedge-staal-58-10-s-grind\/\",\"url\":\"https:\/\/weplayagain.com\/da\/vare\/titleist-vokey-sm10-wedge-flex-wedge-staal-58-10-s-grind\/\",\"name\":\"K\u00f8b Titleist Vokey SM10 Wedge hos WePlayAgain | Spar op til 52%\",\"isPartOf\":{\"@id\":\"https:\/\/weplayagain.com\/#website\"},\"primaryImageOfPage\":{\"@id\":\"https:\/\/weplayagain.com\/da\/vare\/titleist-vokey-sm10-wedge-flex-wedge-staal-58-10-s-grind\/#primaryimage\"},\"image\":{\"@id\":\"https:\/\/weplayagain.com\/da\/vare\/titleist-vokey-sm10-wedge-flex-wedge-staal-58-10-s-grind\/#primaryimage\"},\"thumbnailUrl\":\"https:\/\/weplayagain.host9.slyde.dk\/wp-content\/uploads\/2024\/11\/Photoroom_005_20241128_145049-scaled.jpeg\",\"datePublished\":\"2024-11-27T12:54:43+00:00\",\"dateModified\":\"2025-04-29T12:54:37+00:00\",\"description\":\"-> Titleist Vokey SM10 Wedge | Spar op til 52% af nyprisen -> 2 \u00e5rs garanti | 14 dages pr\u00f8veperiode | EU Prisgaranti\",\"breadcrumb\":{\"@id\":\"https:\/\/weplayagain.com\/da\/vare\/titleist-vokey-sm10-wedge-flex-wedge-staal-58-10-s-grind\/#breadcrumb\"},\"inLanguage\":\"da-DK\",\"potentialAction\":[{\"@type\":\"ReadAction\",\"target\":[\"https:\/\/weplayagain.com\/da\/vare\/titleist-vokey-sm10-wedge-flex-wedge-staal-58-10-s-grind\/\"]}]},{\"@type\":\"ImageObject\",\"inLanguage\":\"da-DK\",\"@id\":\"https:\/\/weplayagain.com\/da\/vare\/titleist-vokey-sm10-wedge-flex-wedge-staal-58-10-s-grind\/#primaryimage\",\"url\":\"https:\/\/weplayagain.host9.slyde.dk\/wp-content\/uploads\/2024\/11\/Photoroom_005_20241128_145049-scaled.jpeg\",\"contentUrl\":\"https:\/\/weplayagain.host9.slyde.dk\/wp-content\/uploads\/2024\/11\/Photoroom_005_20241128_145049-scaled.jpeg\",\"width\":2048,\"height\":2048},{\"@type\":\"BreadcrumbList\",\"@id\":\"https:\/\/weplayagain.com\/da\/vare\/titleist-vokey-sm10-wedge-flex-wedge-staal-58-10-s-grind\/#breadcrumb\",\"itemListElement\":[{\"@type\":\"ListItem\",\"position\":1,\"name\":\"Hjem\",\"item\":\"https:\/\/weplayagain.com\/da\/\"},{\"@type\":\"ListItem\",\"position\":2,\"name\":\"Shop\",\"item\":\"https:\/\/weplayagain.com\/shop\/\"},{\"@type\":\"ListItem\",\"position\":3,\"name\":\"Titleist Vokey SM10 Wedge \/ Flex Wedge \/ St\u00e5l \/ #58\/10 S Grind\"}]},{\"@type\":\"WebSite\",\"@id\":\"https:\/\/weplayagain.com\/#website\",\"url\":\"https:\/\/weplayagain.com\/\",\"name\":\"WePlayAgain A\/S\",\"description\":\"K\u00f8b brugt - trygt, og til markedets skarpeste priser\",\"publisher\":{\"@id\":\"https:\/\/weplayagain.com\/#organization\"},\"potentialAction\":[{\"@type\":\"SearchAction\",\"target\":{\"@type\":\"EntryPoint\",\"urlTemplate\":\"https:\/\/weplayagain.com\/?s={search_term_string}\"},\"query-input\":{\"@type\":\"PropertyValueSpecification\",\"valueRequired\":true,\"valueName\":\"search_term_string\"}}],\"inLanguage\":\"da-DK\"},{\"@type\":\"Organization\",\"@id\":\"https:\/\/weplayagain.com\/#organization\",\"name\":\"WePlayAgain A\/S\",\"url\":\"https:\/\/weplayagain.com\/\",\"logo\":{\"@type\":\"ImageObject\",\"inLanguage\":\"da-DK\",\"@id\":\"https:\/\/weplayagain.com\/#\/schema\/logo\/image\/\",\"url\":\"https:\/\/weplayagain.host9.slyde.dk\/wp-content\/uploads\/2022\/01\/Asset-8-8.png\",\"contentUrl\":\"https:\/\/weplayagain.host9.slyde.dk\/wp-content\/uploads\/2022\/01\/Asset-8-8.png\",\"width\":2048,\"height\":454,\"caption\":\"WePlayAgain A\/S\"},\"image\":{\"@id\":\"https:\/\/weplayagain.com\/#\/schema\/logo\/image\/\"}}]}<\/script>\n<!-- \/ Yoast SEO plugin. -->","yoast_head_json":{"title":"K\u00f8b Titleist Vokey SM10 Wedge hos WePlayAgain | Spar op til 52%","description":"-> Titleist Vokey SM10 Wedge | Spar op til 52% af nyprisen -> 2 \u00e5rs garanti | 14 dages pr\u00f8veperiode | EU Prisgaranti","robots":{"index":"noindex","follow":"follow","max-snippet":"max-snippet:-1","max-image-preview":"max-image-preview:large","max-video-preview":"max-video-preview:-1"},"og_locale":"da_DK","og_type":"article","og_title":"K\u00f8b Titleist Vokey SM10 Wedge hos WePlayAgain | Spar op til 52%","og_description":"-> Titleist Vokey SM10 Wedge | Spar op til 52% af nyprisen -> 2 \u00e5rs garanti | 14 dages pr\u00f8veperiode | EU Prisgaranti","og_url":"https:\/\/weplayagain.com\/da\/vare\/titleist-vokey-sm10-wedge-flex-wedge-staal-58-10-s-grind\/","og_site_name":"WePlayAgain A\/S","article_modified_time":"2025-04-29T12:54:37+00:00","og_image":[{"width":2048,"height":2048,"url":"https:\/\/weplayagain.com\/wp-content\/uploads\/2024\/11\/Photoroom_005_20241128_145049-scaled.jpeg","type":"image\/jpeg"}],"twitter_card":"summary_large_image","twitter_misc":{"Estimeret l\u00e6setid":"1 minut"},"schema":{"@context":"https:\/\/schema.org","@graph":[{"@type":"WebPage","@id":"https:\/\/weplayagain.com\/da\/vare\/titleist-vokey-sm10-wedge-flex-wedge-staal-58-10-s-grind\/","url":"https:\/\/weplayagain.com\/da\/vare\/titleist-vokey-sm10-wedge-flex-wedge-staal-58-10-s-grind\/","name":"K\u00f8b Titleist Vokey SM10 Wedge hos WePlayAgain | Spar op til 52%","isPartOf":{"@id":"https:\/\/weplayagain.com\/#website"},"primaryImageOfPage":{"@id":"https:\/\/weplayagain.com\/da\/vare\/titleist-vokey-sm10-wedge-flex-wedge-staal-58-10-s-grind\/#primaryimage"},"image":{"@id":"https:\/\/weplayagain.com\/da\/vare\/titleist-vokey-sm10-wedge-flex-wedge-staal-58-10-s-grind\/#primaryimage"},"thumbnailUrl":"https:\/\/weplayagain.host9.slyde.dk\/wp-content\/uploads\/2024\/11\/Photoroom_005_20241128_145049-scaled.jpeg","datePublished":"2024-11-27T12:54:43+00:00","dateModified":"2025-04-29T12:54:37+00:00","description":"-> Titleist Vokey SM10 Wedge | Spar op til 52% af nyprisen -> 2 \u00e5rs garanti | 14 dages pr\u00f8veperiode | EU Prisgaranti","breadcrumb":{"@id":"https:\/\/weplayagain.com\/da\/vare\/titleist-vokey-sm10-wedge-flex-wedge-staal-58-10-s-grind\/#breadcrumb"},"inLanguage":"da-DK","potentialAction":[{"@type":"ReadAction","target":["https:\/\/weplayagain.com\/da\/vare\/titleist-vokey-sm10-wedge-flex-wedge-staal-58-10-s-grind\/"]}]},{"@type":"ImageObject","inLanguage":"da-DK","@id":"https:\/\/weplayagain.com\/da\/vare\/titleist-vokey-sm10-wedge-flex-wedge-staal-58-10-s-grind\/#primaryimage","url":"https:\/\/weplayagain.host9.slyde.dk\/wp-content\/uploads\/2024\/11\/Photoroom_005_20241128_145049-scaled.jpeg","contentUrl":"https:\/\/weplayagain.host9.slyde.dk\/wp-content\/uploads\/2024\/11\/Photoroom_005_20241128_145049-scaled.jpeg","width":2048,"height":2048},{"@type":"BreadcrumbList","@id":"https:\/\/weplayagain.com\/da\/vare\/titleist-vokey-sm10-wedge-flex-wedge-staal-58-10-s-grind\/#breadcrumb","itemListElement":[{"@type":"ListItem","position":1,"name":"Hjem","item":"https:\/\/weplayagain.com\/da\/"},{"@type":"ListItem","position":2,"name":"Shop","item":"https:\/\/weplayagain.com\/shop\/"},{"@type":"ListItem","position":3,"name":"Titleist Vokey SM10 Wedge \/ Flex Wedge \/ St\u00e5l \/ #58\/10 S Grind"}]},{"@type":"WebSite","@id":"https:\/\/weplayagain.com\/#website","url":"https:\/\/weplayagain.com\/","name":"WePlayAgain A\/S","description":"K\u00f8b brugt - trygt, og til markedets skarpeste priser","publisher":{"@id":"https:\/\/weplayagain.com\/#organization"},"potentialAction":[{"@type":"SearchAction","target":{"@type":"EntryPoint","urlTemplate":"https:\/\/weplayagain.com\/?s={search_term_string}"},"query-input":{"@type":"PropertyValueSpecification","valueRequired":true,"valueName":"search_term_string"}}],"inLanguage":"da-DK"},{"@type":"Organization","@id":"https:\/\/weplayagain.com\/#organization","name":"WePlayAgain A\/S","url":"https:\/\/weplayagain.com\/","logo":{"@type":"ImageObject","inLanguage":"da-DK","@id":"https:\/\/weplayagain.com\/#\/schema\/logo\/image\/","url":"https:\/\/weplayagain.host9.slyde.dk\/wp-content\/uploads\/2022\/01\/Asset-8-8.png","contentUrl":"https:\/\/weplayagain.host9.slyde.dk\/wp-content\/uploads\/2022\/01\/Asset-8-8.png","width":2048,"height":454,"caption":"WePlayAgain A\/S"},"image":{"@id":"https:\/\/weplayagain.com\/#\/schema\/logo\/image\/"}}]}},"_links":{"self":[{"href":"https:\/\/weplayagain.host9.slyde.dk\/da\/wp-json\/wp\/v2\/product\/34941","targetHints":{"allow":["GET"]}}],"collection":[{"href":"https:\/\/weplayagain.host9.slyde.dk\/da\/wp-json\/wp\/v2\/product"}],"about":[{"href":"https:\/\/weplayagain.host9.slyde.dk\/da\/wp-json\/wp\/v2\/types\/product"}],"wp:featuredmedia":[{"embeddable":true,"href":"https:\/\/weplayagain.host9.slyde.dk\/da\/wp-json\/wp\/v2\/media\/35134"}],"wp:attachment":[{"href":"https:\/\/weplayagain.host9.slyde.dk\/da\/wp-json\/wp\/v2\/media?parent=34941"}],"wp:term":[{"taxonomy":"product_brand","embeddable":true,"href":"https:\/\/weplayagain.host9.slyde.dk\/da\/wp-json\/wp\/v2\/product_brand?post=34941"},{"taxonomy":"product_cat","embeddable":true,"href":"https:\/\/weplayagain.host9.slyde.dk\/da\/wp-json\/wp\/v2\/product_cat?post=34941"},{"taxonomy":"product_tag","embeddable":true,"href":"https:\/\/weplayagain.host9.slyde.dk\/da\/wp-json\/wp\/v2\/product_tag?post=34941"}],"curies":[{"name":"wp","href":"https:\/\/api.w.org\/{rel}","templated":true}]}}