{"id":35827,"date":"2024-12-16T13:50:44","date_gmt":"2024-12-16T12:50:44","guid":{"rendered":"https:\/\/weplayagain.com\/?post_type=product&#038;p=35827"},"modified":"2025-04-28T23:56:32","modified_gmt":"2025-04-28T22:56:32","slug":"glenfair-hyper-steel-fairway-wood-flex-ladies-grafit-7-24","status":"publish","type":"product","link":"https:\/\/weplayagain.host9.slyde.dk\/da\/vare\/glenfair-hyper-steel-fairway-wood-flex-ladies-grafit-7-24\/","title":{"rendered":"Glenfair Hyper Steel Fairway Wood \/ Flex Ladies \/ Grafit \/ #7\/24"},"content":{"rendered":"<p>Glenfair Hyper Steel Fairway Wood er til dig, der vil have en stabil og brugervenlig k\u00f8lle i bag\u2019en. Den er lavet til m\u00e6nd og kommer med regular flex og grafitskaft \u2013 en let og tilgivende kombination, der hj\u00e6lper dig med at f\u00e5 bolden godt af sted fra fairway og tee.<\/p>\n<p>Grafitskaftet giver ekstra fart i svinget uden at kr\u00e6ve masser af r\u00e5styrke. Og med det velkendte Hyper Steel-design f\u00e5r du en k\u00f8lle, der f\u00f8les sikker i h\u00e5nden, n\u00e5r du st\u00e5r over bolden.<\/p>\n<p>Passer rigtig godt til dig, der vil have mere l\u00e6ngde og kontrol p\u00e5 de lange slag uden at g\u00f8re spillet for teknisk. En god ven p\u00e5 andetslaget p\u00e5 par 4 og par 5 \u2013 og is\u00e6r hvis du vil bygge dit s\u00e6t med omtanke og kvalitet.<\/p>\n<p>En fairway wood, der g\u00f8r arbejdet \u2013 og holder til det.<\/p>\n","protected":false},"excerpt":{"rendered":"<p>Glenfair Hyper Steel Fairway Wood er til dig, der vil have en stabil og brugervenlig k\u00f8lle i bag\u2019en. Den er lavet til m\u00e6nd og kommer med regular flex og grafitskaft \u2013 en let og tilgivende kombination, der hj\u00e6lper dig med at f\u00e5 bolden godt af sted fra fairway og tee. Grafitskaftet giver ekstra fart i [&hellip;]<\/p>\n","protected":false},"featured_media":35796,"template":"","meta":{"_acf_changed":false},"product_brand":[],"product_cat":[510],"product_tag":[],"class_list":{"0":"post-35827","1":"product","2":"type-product","3":"status-publish","4":"has-post-thumbnail","6":"product_cat-fairway-koeller","7":"pa_28935-female","8":"pa_brand-glenfair","9":"pa_condition-brugt-god-stand","10":"pa_dexterity-hojre-haand","11":"pa_flex-ladies-flex","12":"pa_grip-glenfair-standard","13":"pa_gripsize-standard","14":"pa_headcover-nej","15":"pa_koelle-7-wood","16":"pa_loft-646","17":"pa_model-hyper-steel","18":"pa_skaft-glenfair-gps-6000-l","19":"pa_skaft-materiale-grafit","20":"pa_sku-2651","22":"first","23":"instock","24":"taxable","25":"shipping-taxable","26":"purchasable","27":"product-type-simple"},"acf":[],"yoast_head":"<!-- This site is optimized with the Yoast SEO plugin v24.8.1 - https:\/\/yoast.com\/wordpress\/plugins\/seo\/ -->\n<title>K\u00f8b brugt Glenfair Hyper Steel Fairway Wood hos WePlayAgain | EU Prisgaranti<\/title>\n<meta name=\"description\" content=\"Billig Glenfair Hyper Steel Fairway Wood | Spar op til 52% af nyprisen | 2 \u00e5rs garanti | 14 dages pr\u00f8veperiode | EU Prisgaranti\" \/>\n<meta name=\"robots\" content=\"noindex, follow, max-snippet:-1, max-image-preview:large, max-video-preview:-1\" \/>\n<meta property=\"og:locale\" content=\"da_DK\" \/>\n<meta property=\"og:type\" content=\"article\" \/>\n<meta property=\"og:title\" content=\"K\u00f8b brugt Glenfair Hyper Steel Fairway Wood hos WePlayAgain | EU Prisgaranti\" \/>\n<meta property=\"og:description\" content=\"Billig Glenfair Hyper Steel Fairway Wood | Spar op til 52% af nyprisen | 2 \u00e5rs garanti | 14 dages pr\u00f8veperiode | EU Prisgaranti\" \/>\n<meta property=\"og:url\" content=\"https:\/\/weplayagain.com\/da\/vare\/glenfair-hyper-steel-fairway-wood-flex-ladies-grafit-7-24\/\" \/>\n<meta property=\"og:site_name\" content=\"WePlayAgain A\/S\" \/>\n<meta property=\"article:modified_time\" content=\"2025-04-28T22:56:32+00:00\" \/>\n<meta property=\"og:image\" content=\"https:\/\/weplayagain.com\/wp-content\/uploads\/2024\/12\/Photoroom_005_20241216_120320-scaled.jpeg\" \/>\n\t<meta property=\"og:image:width\" content=\"2048\" \/>\n\t<meta property=\"og:image:height\" content=\"2048\" \/>\n\t<meta property=\"og:image:type\" content=\"image\/jpeg\" \/>\n<meta name=\"twitter:card\" content=\"summary_large_image\" \/>\n<meta name=\"twitter:label1\" content=\"Estimeret l\u00e6setid\" \/>\n\t<meta name=\"twitter:data1\" content=\"1 minut\" \/>\n<script type=\"application\/ld+json\" class=\"yoast-schema-graph\">{\"@context\":\"https:\/\/schema.org\",\"@graph\":[{\"@type\":\"WebPage\",\"@id\":\"https:\/\/weplayagain.com\/da\/vare\/glenfair-hyper-steel-fairway-wood-flex-ladies-grafit-7-24\/\",\"url\":\"https:\/\/weplayagain.com\/da\/vare\/glenfair-hyper-steel-fairway-wood-flex-ladies-grafit-7-24\/\",\"name\":\"K\u00f8b brugt Glenfair Hyper Steel Fairway Wood hos WePlayAgain | EU Prisgaranti\",\"isPartOf\":{\"@id\":\"https:\/\/weplayagain.com\/#website\"},\"primaryImageOfPage\":{\"@id\":\"https:\/\/weplayagain.com\/da\/vare\/glenfair-hyper-steel-fairway-wood-flex-ladies-grafit-7-24\/#primaryimage\"},\"image\":{\"@id\":\"https:\/\/weplayagain.com\/da\/vare\/glenfair-hyper-steel-fairway-wood-flex-ladies-grafit-7-24\/#primaryimage\"},\"thumbnailUrl\":\"https:\/\/weplayagain.host9.slyde.dk\/wp-content\/uploads\/2024\/12\/Photoroom_005_20241216_120320-scaled.jpeg\",\"datePublished\":\"2024-12-16T12:50:44+00:00\",\"dateModified\":\"2025-04-28T22:56:32+00:00\",\"description\":\"Billig Glenfair Hyper Steel Fairway Wood | Spar op til 52% af nyprisen | 2 \u00e5rs garanti | 14 dages pr\u00f8veperiode | EU Prisgaranti\",\"breadcrumb\":{\"@id\":\"https:\/\/weplayagain.com\/da\/vare\/glenfair-hyper-steel-fairway-wood-flex-ladies-grafit-7-24\/#breadcrumb\"},\"inLanguage\":\"da-DK\",\"potentialAction\":[{\"@type\":\"ReadAction\",\"target\":[\"https:\/\/weplayagain.com\/da\/vare\/glenfair-hyper-steel-fairway-wood-flex-ladies-grafit-7-24\/\"]}]},{\"@type\":\"ImageObject\",\"inLanguage\":\"da-DK\",\"@id\":\"https:\/\/weplayagain.com\/da\/vare\/glenfair-hyper-steel-fairway-wood-flex-ladies-grafit-7-24\/#primaryimage\",\"url\":\"https:\/\/weplayagain.host9.slyde.dk\/wp-content\/uploads\/2024\/12\/Photoroom_005_20241216_120320-scaled.jpeg\",\"contentUrl\":\"https:\/\/weplayagain.host9.slyde.dk\/wp-content\/uploads\/2024\/12\/Photoroom_005_20241216_120320-scaled.jpeg\",\"width\":2048,\"height\":2048},{\"@type\":\"BreadcrumbList\",\"@id\":\"https:\/\/weplayagain.com\/da\/vare\/glenfair-hyper-steel-fairway-wood-flex-ladies-grafit-7-24\/#breadcrumb\",\"itemListElement\":[{\"@type\":\"ListItem\",\"position\":1,\"name\":\"Hjem\",\"item\":\"https:\/\/weplayagain.com\/da\/\"},{\"@type\":\"ListItem\",\"position\":2,\"name\":\"Shop\",\"item\":\"https:\/\/weplayagain.com\/shop\/\"},{\"@type\":\"ListItem\",\"position\":3,\"name\":\"Glenfair Hyper Steel Fairway Wood \/ Flex Ladies \/ Grafit \/ #7\/24\"}]},{\"@type\":\"WebSite\",\"@id\":\"https:\/\/weplayagain.com\/#website\",\"url\":\"https:\/\/weplayagain.com\/\",\"name\":\"WePlayAgain A\/S\",\"description\":\"K\u00f8b brugt - trygt, og til markedets skarpeste priser\",\"publisher\":{\"@id\":\"https:\/\/weplayagain.com\/#organization\"},\"potentialAction\":[{\"@type\":\"SearchAction\",\"target\":{\"@type\":\"EntryPoint\",\"urlTemplate\":\"https:\/\/weplayagain.com\/?s={search_term_string}\"},\"query-input\":{\"@type\":\"PropertyValueSpecification\",\"valueRequired\":true,\"valueName\":\"search_term_string\"}}],\"inLanguage\":\"da-DK\"},{\"@type\":\"Organization\",\"@id\":\"https:\/\/weplayagain.com\/#organization\",\"name\":\"WePlayAgain A\/S\",\"url\":\"https:\/\/weplayagain.com\/\",\"logo\":{\"@type\":\"ImageObject\",\"inLanguage\":\"da-DK\",\"@id\":\"https:\/\/weplayagain.com\/#\/schema\/logo\/image\/\",\"url\":\"https:\/\/weplayagain.host9.slyde.dk\/wp-content\/uploads\/2022\/01\/Asset-8-8.png\",\"contentUrl\":\"https:\/\/weplayagain.host9.slyde.dk\/wp-content\/uploads\/2022\/01\/Asset-8-8.png\",\"width\":2048,\"height\":454,\"caption\":\"WePlayAgain A\/S\"},\"image\":{\"@id\":\"https:\/\/weplayagain.com\/#\/schema\/logo\/image\/\"}}]}<\/script>\n<!-- \/ Yoast SEO plugin. -->","yoast_head_json":{"title":"K\u00f8b brugt Glenfair Hyper Steel Fairway Wood hos WePlayAgain | EU Prisgaranti","description":"Billig Glenfair Hyper Steel Fairway Wood | Spar op til 52% af nyprisen | 2 \u00e5rs garanti | 14 dages pr\u00f8veperiode | EU Prisgaranti","robots":{"index":"noindex","follow":"follow","max-snippet":"max-snippet:-1","max-image-preview":"max-image-preview:large","max-video-preview":"max-video-preview:-1"},"og_locale":"da_DK","og_type":"article","og_title":"K\u00f8b brugt Glenfair Hyper Steel Fairway Wood hos WePlayAgain | EU Prisgaranti","og_description":"Billig Glenfair Hyper Steel Fairway Wood | Spar op til 52% af nyprisen | 2 \u00e5rs garanti | 14 dages pr\u00f8veperiode | EU Prisgaranti","og_url":"https:\/\/weplayagain.com\/da\/vare\/glenfair-hyper-steel-fairway-wood-flex-ladies-grafit-7-24\/","og_site_name":"WePlayAgain A\/S","article_modified_time":"2025-04-28T22:56:32+00:00","og_image":[{"width":2048,"height":2048,"url":"https:\/\/weplayagain.com\/wp-content\/uploads\/2024\/12\/Photoroom_005_20241216_120320-scaled.jpeg","type":"image\/jpeg"}],"twitter_card":"summary_large_image","twitter_misc":{"Estimeret l\u00e6setid":"1 minut"},"schema":{"@context":"https:\/\/schema.org","@graph":[{"@type":"WebPage","@id":"https:\/\/weplayagain.com\/da\/vare\/glenfair-hyper-steel-fairway-wood-flex-ladies-grafit-7-24\/","url":"https:\/\/weplayagain.com\/da\/vare\/glenfair-hyper-steel-fairway-wood-flex-ladies-grafit-7-24\/","name":"K\u00f8b brugt Glenfair Hyper Steel Fairway Wood hos WePlayAgain | EU Prisgaranti","isPartOf":{"@id":"https:\/\/weplayagain.com\/#website"},"primaryImageOfPage":{"@id":"https:\/\/weplayagain.com\/da\/vare\/glenfair-hyper-steel-fairway-wood-flex-ladies-grafit-7-24\/#primaryimage"},"image":{"@id":"https:\/\/weplayagain.com\/da\/vare\/glenfair-hyper-steel-fairway-wood-flex-ladies-grafit-7-24\/#primaryimage"},"thumbnailUrl":"https:\/\/weplayagain.host9.slyde.dk\/wp-content\/uploads\/2024\/12\/Photoroom_005_20241216_120320-scaled.jpeg","datePublished":"2024-12-16T12:50:44+00:00","dateModified":"2025-04-28T22:56:32+00:00","description":"Billig Glenfair Hyper Steel Fairway Wood | Spar op til 52% af nyprisen | 2 \u00e5rs garanti | 14 dages pr\u00f8veperiode | EU Prisgaranti","breadcrumb":{"@id":"https:\/\/weplayagain.com\/da\/vare\/glenfair-hyper-steel-fairway-wood-flex-ladies-grafit-7-24\/#breadcrumb"},"inLanguage":"da-DK","potentialAction":[{"@type":"ReadAction","target":["https:\/\/weplayagain.com\/da\/vare\/glenfair-hyper-steel-fairway-wood-flex-ladies-grafit-7-24\/"]}]},{"@type":"ImageObject","inLanguage":"da-DK","@id":"https:\/\/weplayagain.com\/da\/vare\/glenfair-hyper-steel-fairway-wood-flex-ladies-grafit-7-24\/#primaryimage","url":"https:\/\/weplayagain.host9.slyde.dk\/wp-content\/uploads\/2024\/12\/Photoroom_005_20241216_120320-scaled.jpeg","contentUrl":"https:\/\/weplayagain.host9.slyde.dk\/wp-content\/uploads\/2024\/12\/Photoroom_005_20241216_120320-scaled.jpeg","width":2048,"height":2048},{"@type":"BreadcrumbList","@id":"https:\/\/weplayagain.com\/da\/vare\/glenfair-hyper-steel-fairway-wood-flex-ladies-grafit-7-24\/#breadcrumb","itemListElement":[{"@type":"ListItem","position":1,"name":"Hjem","item":"https:\/\/weplayagain.com\/da\/"},{"@type":"ListItem","position":2,"name":"Shop","item":"https:\/\/weplayagain.com\/shop\/"},{"@type":"ListItem","position":3,"name":"Glenfair Hyper Steel Fairway Wood \/ Flex Ladies \/ Grafit \/ #7\/24"}]},{"@type":"WebSite","@id":"https:\/\/weplayagain.com\/#website","url":"https:\/\/weplayagain.com\/","name":"WePlayAgain A\/S","description":"K\u00f8b brugt - trygt, og til markedets skarpeste priser","publisher":{"@id":"https:\/\/weplayagain.com\/#organization"},"potentialAction":[{"@type":"SearchAction","target":{"@type":"EntryPoint","urlTemplate":"https:\/\/weplayagain.com\/?s={search_term_string}"},"query-input":{"@type":"PropertyValueSpecification","valueRequired":true,"valueName":"search_term_string"}}],"inLanguage":"da-DK"},{"@type":"Organization","@id":"https:\/\/weplayagain.com\/#organization","name":"WePlayAgain A\/S","url":"https:\/\/weplayagain.com\/","logo":{"@type":"ImageObject","inLanguage":"da-DK","@id":"https:\/\/weplayagain.com\/#\/schema\/logo\/image\/","url":"https:\/\/weplayagain.host9.slyde.dk\/wp-content\/uploads\/2022\/01\/Asset-8-8.png","contentUrl":"https:\/\/weplayagain.host9.slyde.dk\/wp-content\/uploads\/2022\/01\/Asset-8-8.png","width":2048,"height":454,"caption":"WePlayAgain A\/S"},"image":{"@id":"https:\/\/weplayagain.com\/#\/schema\/logo\/image\/"}}]}},"_links":{"self":[{"href":"https:\/\/weplayagain.host9.slyde.dk\/da\/wp-json\/wp\/v2\/product\/35827","targetHints":{"allow":["GET"]}}],"collection":[{"href":"https:\/\/weplayagain.host9.slyde.dk\/da\/wp-json\/wp\/v2\/product"}],"about":[{"href":"https:\/\/weplayagain.host9.slyde.dk\/da\/wp-json\/wp\/v2\/types\/product"}],"wp:featuredmedia":[{"embeddable":true,"href":"https:\/\/weplayagain.host9.slyde.dk\/da\/wp-json\/wp\/v2\/media\/35796"}],"wp:attachment":[{"href":"https:\/\/weplayagain.host9.slyde.dk\/da\/wp-json\/wp\/v2\/media?parent=35827"}],"wp:term":[{"taxonomy":"product_brand","embeddable":true,"href":"https:\/\/weplayagain.host9.slyde.dk\/da\/wp-json\/wp\/v2\/product_brand?post=35827"},{"taxonomy":"product_cat","embeddable":true,"href":"https:\/\/weplayagain.host9.slyde.dk\/da\/wp-json\/wp\/v2\/product_cat?post=35827"},{"taxonomy":"product_tag","embeddable":true,"href":"https:\/\/weplayagain.host9.slyde.dk\/da\/wp-json\/wp\/v2\/product_tag?post=35827"}],"curies":[{"name":"wp","href":"https:\/\/api.w.org\/{rel}","templated":true}]}}