{"id":35856,"date":"2024-12-16T14:26:52","date_gmt":"2024-12-16T13:26:52","guid":{"rendered":"https:\/\/weplayagain.com\/?post_type=product&#038;p=35856"},"modified":"2025-04-28T23:56:39","modified_gmt":"2025-04-28T22:56:39","slug":"glenfair-hyper-steel-fairway-wood-flex-regular-grafit-3-15-venstre-3","status":"publish","type":"product","link":"https:\/\/weplayagain.host9.slyde.dk\/da\/vare\/glenfair-hyper-steel-fairway-wood-flex-regular-grafit-3-15-venstre-3\/","title":{"rendered":"Glenfair Hyper Steel Fairway Wood \/ Flex Regular \/ Grafit \/ #3\/15 Venstre"},"content":{"rendered":"<p>Glenfair Hyper Steel fairway wood er til dig, der vil have et solidt og enkelt v\u00e5ben i bag\u2019en uden alt det smarte gejl. Her f\u00e5r du en klassisk fairwayk\u00f8lle, der g\u00f8r det, den skal \u2013 sl\u00e5 gode slag fra fairway og tee.<\/p>\n<p>Velegnet til b\u00e5de \u00f8vede og nyere golfspillere, der \u00f8nsker en lettere tilgang til de l\u00e6ngere huller. Den ligger godt til, n\u00e5r du har brug for l\u00e6ngde men stadig vil have kontrol.<\/p>\n<p>\u2022 Fairway wood \u2013 god fra b\u00e5de tee og gr\u00e6s<br \/>\u2022 Enkel og p\u00e5lidelig model fra Glenfair<br \/>\u2022 Passer til dig, der spiller afslappet, men gerne vil udvikle dit spil<\/p>\n<p>Et godt valg til dig, der ikke vil b\u00f8vle med alt for meget teknik \u2013 du vil bare sl\u00e5 bolden godt afsted.<\/p>\n","protected":false},"excerpt":{"rendered":"<p>Glenfair Hyper Steel fairway wood er til dig, der vil have et solidt og enkelt v\u00e5ben i bag\u2019en uden alt det smarte gejl. Her f\u00e5r du en klassisk fairwayk\u00f8lle, der g\u00f8r det, den skal \u2013 sl\u00e5 gode slag fra fairway og tee. Velegnet til b\u00e5de \u00f8vede og nyere golfspillere, der \u00f8nsker en lettere tilgang til [&hellip;]<\/p>\n","protected":false},"featured_media":35836,"template":"","meta":{"_acf_changed":false},"product_brand":[],"product_cat":[510],"product_tag":[],"class_list":{"0":"post-35856","1":"product","2":"type-product","3":"status-publish","4":"has-post-thumbnail","6":"product_cat-fairway-koeller","7":"pa_28935-men","8":"pa_brand-glenfair","9":"pa_condition-brugt-god-stand","10":"pa_dexterity-venstre-haand","11":"pa_flex-regular-flex","12":"pa_grip-glenfair-standard","13":"pa_gripsize-standard","14":"pa_headcover-nej","15":"pa_koelle-3-wood","16":"pa_loft-632","17":"pa_model-hyper-steel","18":"pa_skaft-glenfair-gps-6000-l","19":"pa_skaft-materiale-grafit","20":"pa_sku-2657","22":"first","23":"instock","24":"taxable","25":"shipping-taxable","26":"purchasable","27":"product-type-simple"},"acf":[],"yoast_head":"<!-- This site is optimized with the Yoast SEO plugin v24.8.1 - https:\/\/yoast.com\/wordpress\/plugins\/seo\/ -->\n<title>K\u00f8b Glenfair Hyper Steel Fairway Wood hos WePlayAgain | EU Prisgaranti<\/title>\n<meta name=\"description\" content=\"K\u00f8b Glenfair Hyper Steel Fairway Wood | Spar op til 64% af nyprisen. 2 \u00e5rs garanti | 14 dages pr\u00f8veperiode | EU Prisgaranti\" \/>\n<meta name=\"robots\" content=\"noindex, follow, max-snippet:-1, max-image-preview:large, max-video-preview:-1\" \/>\n<meta property=\"og:locale\" content=\"da_DK\" \/>\n<meta property=\"og:type\" content=\"article\" \/>\n<meta property=\"og:title\" content=\"K\u00f8b Glenfair Hyper Steel Fairway Wood hos WePlayAgain | EU Prisgaranti\" \/>\n<meta property=\"og:description\" content=\"K\u00f8b Glenfair Hyper Steel Fairway Wood | Spar op til 64% af nyprisen. 2 \u00e5rs garanti | 14 dages pr\u00f8veperiode | EU Prisgaranti\" \/>\n<meta property=\"og:url\" content=\"https:\/\/weplayagain.com\/da\/vare\/glenfair-hyper-steel-fairway-wood-flex-regular-grafit-3-15-venstre-3\/\" \/>\n<meta property=\"og:site_name\" content=\"WePlayAgain A\/S\" \/>\n<meta property=\"article:modified_time\" content=\"2025-04-28T22:56:39+00:00\" \/>\n<meta property=\"og:image\" content=\"https:\/\/weplayagain.com\/wp-content\/uploads\/2024\/12\/Photoroom_000_20241216_141231-scaled.jpeg\" \/>\n\t<meta property=\"og:image:width\" content=\"2048\" \/>\n\t<meta property=\"og:image:height\" content=\"2048\" \/>\n\t<meta property=\"og:image:type\" content=\"image\/jpeg\" \/>\n<meta name=\"twitter:card\" content=\"summary_large_image\" \/>\n<meta name=\"twitter:label1\" content=\"Estimeret l\u00e6setid\" \/>\n\t<meta name=\"twitter:data1\" content=\"1 minut\" \/>\n<script type=\"application\/ld+json\" class=\"yoast-schema-graph\">{\"@context\":\"https:\/\/schema.org\",\"@graph\":[{\"@type\":\"WebPage\",\"@id\":\"https:\/\/weplayagain.com\/da\/vare\/glenfair-hyper-steel-fairway-wood-flex-regular-grafit-3-15-venstre-3\/\",\"url\":\"https:\/\/weplayagain.com\/da\/vare\/glenfair-hyper-steel-fairway-wood-flex-regular-grafit-3-15-venstre-3\/\",\"name\":\"K\u00f8b Glenfair Hyper Steel Fairway Wood hos WePlayAgain | EU Prisgaranti\",\"isPartOf\":{\"@id\":\"https:\/\/weplayagain.com\/#website\"},\"primaryImageOfPage\":{\"@id\":\"https:\/\/weplayagain.com\/da\/vare\/glenfair-hyper-steel-fairway-wood-flex-regular-grafit-3-15-venstre-3\/#primaryimage\"},\"image\":{\"@id\":\"https:\/\/weplayagain.com\/da\/vare\/glenfair-hyper-steel-fairway-wood-flex-regular-grafit-3-15-venstre-3\/#primaryimage\"},\"thumbnailUrl\":\"https:\/\/weplayagain.host9.slyde.dk\/wp-content\/uploads\/2024\/12\/Photoroom_000_20241216_141231-scaled.jpeg\",\"datePublished\":\"2024-12-16T13:26:52+00:00\",\"dateModified\":\"2025-04-28T22:56:39+00:00\",\"description\":\"K\u00f8b Glenfair Hyper Steel Fairway Wood | Spar op til 64% af nyprisen. 2 \u00e5rs garanti | 14 dages pr\u00f8veperiode | EU Prisgaranti\",\"breadcrumb\":{\"@id\":\"https:\/\/weplayagain.com\/da\/vare\/glenfair-hyper-steel-fairway-wood-flex-regular-grafit-3-15-venstre-3\/#breadcrumb\"},\"inLanguage\":\"da-DK\",\"potentialAction\":[{\"@type\":\"ReadAction\",\"target\":[\"https:\/\/weplayagain.com\/da\/vare\/glenfair-hyper-steel-fairway-wood-flex-regular-grafit-3-15-venstre-3\/\"]}]},{\"@type\":\"ImageObject\",\"inLanguage\":\"da-DK\",\"@id\":\"https:\/\/weplayagain.com\/da\/vare\/glenfair-hyper-steel-fairway-wood-flex-regular-grafit-3-15-venstre-3\/#primaryimage\",\"url\":\"https:\/\/weplayagain.host9.slyde.dk\/wp-content\/uploads\/2024\/12\/Photoroom_000_20241216_141231-scaled.jpeg\",\"contentUrl\":\"https:\/\/weplayagain.host9.slyde.dk\/wp-content\/uploads\/2024\/12\/Photoroom_000_20241216_141231-scaled.jpeg\",\"width\":2048,\"height\":2048},{\"@type\":\"BreadcrumbList\",\"@id\":\"https:\/\/weplayagain.com\/da\/vare\/glenfair-hyper-steel-fairway-wood-flex-regular-grafit-3-15-venstre-3\/#breadcrumb\",\"itemListElement\":[{\"@type\":\"ListItem\",\"position\":1,\"name\":\"Hjem\",\"item\":\"https:\/\/weplayagain.com\/da\/\"},{\"@type\":\"ListItem\",\"position\":2,\"name\":\"Shop\",\"item\":\"https:\/\/weplayagain.com\/shop\/\"},{\"@type\":\"ListItem\",\"position\":3,\"name\":\"Glenfair Hyper Steel Fairway Wood \/ Flex Regular \/ Grafit \/ #3\/15 Venstre\"}]},{\"@type\":\"WebSite\",\"@id\":\"https:\/\/weplayagain.com\/#website\",\"url\":\"https:\/\/weplayagain.com\/\",\"name\":\"WePlayAgain A\/S\",\"description\":\"K\u00f8b brugt - trygt, og til markedets skarpeste priser\",\"publisher\":{\"@id\":\"https:\/\/weplayagain.com\/#organization\"},\"potentialAction\":[{\"@type\":\"SearchAction\",\"target\":{\"@type\":\"EntryPoint\",\"urlTemplate\":\"https:\/\/weplayagain.com\/?s={search_term_string}\"},\"query-input\":{\"@type\":\"PropertyValueSpecification\",\"valueRequired\":true,\"valueName\":\"search_term_string\"}}],\"inLanguage\":\"da-DK\"},{\"@type\":\"Organization\",\"@id\":\"https:\/\/weplayagain.com\/#organization\",\"name\":\"WePlayAgain A\/S\",\"url\":\"https:\/\/weplayagain.com\/\",\"logo\":{\"@type\":\"ImageObject\",\"inLanguage\":\"da-DK\",\"@id\":\"https:\/\/weplayagain.com\/#\/schema\/logo\/image\/\",\"url\":\"https:\/\/weplayagain.host9.slyde.dk\/wp-content\/uploads\/2022\/01\/Asset-8-8.png\",\"contentUrl\":\"https:\/\/weplayagain.host9.slyde.dk\/wp-content\/uploads\/2022\/01\/Asset-8-8.png\",\"width\":2048,\"height\":454,\"caption\":\"WePlayAgain A\/S\"},\"image\":{\"@id\":\"https:\/\/weplayagain.com\/#\/schema\/logo\/image\/\"}}]}<\/script>\n<!-- \/ Yoast SEO plugin. -->","yoast_head_json":{"title":"K\u00f8b Glenfair Hyper Steel Fairway Wood hos WePlayAgain | EU Prisgaranti","description":"K\u00f8b Glenfair Hyper Steel Fairway Wood | Spar op til 64% af nyprisen. 2 \u00e5rs garanti | 14 dages pr\u00f8veperiode | EU Prisgaranti","robots":{"index":"noindex","follow":"follow","max-snippet":"max-snippet:-1","max-image-preview":"max-image-preview:large","max-video-preview":"max-video-preview:-1"},"og_locale":"da_DK","og_type":"article","og_title":"K\u00f8b Glenfair Hyper Steel Fairway Wood hos WePlayAgain | EU Prisgaranti","og_description":"K\u00f8b Glenfair Hyper Steel Fairway Wood | Spar op til 64% af nyprisen. 2 \u00e5rs garanti | 14 dages pr\u00f8veperiode | EU Prisgaranti","og_url":"https:\/\/weplayagain.com\/da\/vare\/glenfair-hyper-steel-fairway-wood-flex-regular-grafit-3-15-venstre-3\/","og_site_name":"WePlayAgain A\/S","article_modified_time":"2025-04-28T22:56:39+00:00","og_image":[{"width":2048,"height":2048,"url":"https:\/\/weplayagain.com\/wp-content\/uploads\/2024\/12\/Photoroom_000_20241216_141231-scaled.jpeg","type":"image\/jpeg"}],"twitter_card":"summary_large_image","twitter_misc":{"Estimeret l\u00e6setid":"1 minut"},"schema":{"@context":"https:\/\/schema.org","@graph":[{"@type":"WebPage","@id":"https:\/\/weplayagain.com\/da\/vare\/glenfair-hyper-steel-fairway-wood-flex-regular-grafit-3-15-venstre-3\/","url":"https:\/\/weplayagain.com\/da\/vare\/glenfair-hyper-steel-fairway-wood-flex-regular-grafit-3-15-venstre-3\/","name":"K\u00f8b Glenfair Hyper Steel Fairway Wood hos WePlayAgain | EU Prisgaranti","isPartOf":{"@id":"https:\/\/weplayagain.com\/#website"},"primaryImageOfPage":{"@id":"https:\/\/weplayagain.com\/da\/vare\/glenfair-hyper-steel-fairway-wood-flex-regular-grafit-3-15-venstre-3\/#primaryimage"},"image":{"@id":"https:\/\/weplayagain.com\/da\/vare\/glenfair-hyper-steel-fairway-wood-flex-regular-grafit-3-15-venstre-3\/#primaryimage"},"thumbnailUrl":"https:\/\/weplayagain.host9.slyde.dk\/wp-content\/uploads\/2024\/12\/Photoroom_000_20241216_141231-scaled.jpeg","datePublished":"2024-12-16T13:26:52+00:00","dateModified":"2025-04-28T22:56:39+00:00","description":"K\u00f8b Glenfair Hyper Steel Fairway Wood | Spar op til 64% af nyprisen. 2 \u00e5rs garanti | 14 dages pr\u00f8veperiode | EU Prisgaranti","breadcrumb":{"@id":"https:\/\/weplayagain.com\/da\/vare\/glenfair-hyper-steel-fairway-wood-flex-regular-grafit-3-15-venstre-3\/#breadcrumb"},"inLanguage":"da-DK","potentialAction":[{"@type":"ReadAction","target":["https:\/\/weplayagain.com\/da\/vare\/glenfair-hyper-steel-fairway-wood-flex-regular-grafit-3-15-venstre-3\/"]}]},{"@type":"ImageObject","inLanguage":"da-DK","@id":"https:\/\/weplayagain.com\/da\/vare\/glenfair-hyper-steel-fairway-wood-flex-regular-grafit-3-15-venstre-3\/#primaryimage","url":"https:\/\/weplayagain.host9.slyde.dk\/wp-content\/uploads\/2024\/12\/Photoroom_000_20241216_141231-scaled.jpeg","contentUrl":"https:\/\/weplayagain.host9.slyde.dk\/wp-content\/uploads\/2024\/12\/Photoroom_000_20241216_141231-scaled.jpeg","width":2048,"height":2048},{"@type":"BreadcrumbList","@id":"https:\/\/weplayagain.com\/da\/vare\/glenfair-hyper-steel-fairway-wood-flex-regular-grafit-3-15-venstre-3\/#breadcrumb","itemListElement":[{"@type":"ListItem","position":1,"name":"Hjem","item":"https:\/\/weplayagain.com\/da\/"},{"@type":"ListItem","position":2,"name":"Shop","item":"https:\/\/weplayagain.com\/shop\/"},{"@type":"ListItem","position":3,"name":"Glenfair Hyper Steel Fairway Wood \/ Flex Regular \/ Grafit \/ #3\/15 Venstre"}]},{"@type":"WebSite","@id":"https:\/\/weplayagain.com\/#website","url":"https:\/\/weplayagain.com\/","name":"WePlayAgain A\/S","description":"K\u00f8b brugt - trygt, og til markedets skarpeste priser","publisher":{"@id":"https:\/\/weplayagain.com\/#organization"},"potentialAction":[{"@type":"SearchAction","target":{"@type":"EntryPoint","urlTemplate":"https:\/\/weplayagain.com\/?s={search_term_string}"},"query-input":{"@type":"PropertyValueSpecification","valueRequired":true,"valueName":"search_term_string"}}],"inLanguage":"da-DK"},{"@type":"Organization","@id":"https:\/\/weplayagain.com\/#organization","name":"WePlayAgain A\/S","url":"https:\/\/weplayagain.com\/","logo":{"@type":"ImageObject","inLanguage":"da-DK","@id":"https:\/\/weplayagain.com\/#\/schema\/logo\/image\/","url":"https:\/\/weplayagain.host9.slyde.dk\/wp-content\/uploads\/2022\/01\/Asset-8-8.png","contentUrl":"https:\/\/weplayagain.host9.slyde.dk\/wp-content\/uploads\/2022\/01\/Asset-8-8.png","width":2048,"height":454,"caption":"WePlayAgain A\/S"},"image":{"@id":"https:\/\/weplayagain.com\/#\/schema\/logo\/image\/"}}]}},"_links":{"self":[{"href":"https:\/\/weplayagain.host9.slyde.dk\/da\/wp-json\/wp\/v2\/product\/35856","targetHints":{"allow":["GET"]}}],"collection":[{"href":"https:\/\/weplayagain.host9.slyde.dk\/da\/wp-json\/wp\/v2\/product"}],"about":[{"href":"https:\/\/weplayagain.host9.slyde.dk\/da\/wp-json\/wp\/v2\/types\/product"}],"wp:featuredmedia":[{"embeddable":true,"href":"https:\/\/weplayagain.host9.slyde.dk\/da\/wp-json\/wp\/v2\/media\/35836"}],"wp:attachment":[{"href":"https:\/\/weplayagain.host9.slyde.dk\/da\/wp-json\/wp\/v2\/media?parent=35856"}],"wp:term":[{"taxonomy":"product_brand","embeddable":true,"href":"https:\/\/weplayagain.host9.slyde.dk\/da\/wp-json\/wp\/v2\/product_brand?post=35856"},{"taxonomy":"product_cat","embeddable":true,"href":"https:\/\/weplayagain.host9.slyde.dk\/da\/wp-json\/wp\/v2\/product_cat?post=35856"},{"taxonomy":"product_tag","embeddable":true,"href":"https:\/\/weplayagain.host9.slyde.dk\/da\/wp-json\/wp\/v2\/product_tag?post=35856"}],"curies":[{"name":"wp","href":"https:\/\/api.w.org\/{rel}","templated":true}]}}