{"id":36286,"date":"2025-01-09T13:15:24","date_gmt":"2025-01-09T12:15:24","guid":{"rendered":"https:\/\/weplayagain.com\/?post_type=product&#038;p=36286"},"modified":"2025-04-28T23:56:56","modified_gmt":"2025-04-28T22:56:56","slug":"ping-g400-fairway-wood-flex-stiff-grafit-3-14-5","status":"publish","type":"product","link":"https:\/\/weplayagain.host9.slyde.dk\/da\/vare\/ping-g400-fairway-wood-flex-stiff-grafit-3-14-5\/","title":{"rendered":"PING G400 Fairway Wood \/ Flex Stiff \/ Grafit \/ #3\/14.5"},"content":{"rendered":"<p>Til dig der s\u00f8ger en fairway wood, der b\u00e5de er let at ramme og giver god l\u00e6ngde \u2013 selv fra sv\u00e6re lejer.<\/p>\n<p>PING G400 fairway wood er skabt til dig, der vil have h\u00f8j boldhastighed og tilgivelse i \u00e9t og samme sving. Det tynde maraging st\u00e5l i slagfladen er 30 % mere fleksibelt end tidligere modeller og giver dig en kraftfuld, h\u00f8j launch \u2013 uden du skal svinge h\u00e5rdere.<\/p>\n<p>Turbulatorerne i toppen hj\u00e6lper dig med sigtet og forbedrer aerodynamikken, s\u00e5 du f\u00e5r en mere stabil boldflugt. Uanset om bolden ligger i fairway eller i let rough, f\u00e5r du en solid fornemmelse og spr\u00f8d lyd ved impact.<\/p>\n<p>Perfekt til dig, der gerne vil have konsistente slag, men stadig kunne forme dem, n\u00e5r det g\u00e6lder. En fairway wood der g\u00f8r det lettere at spille smart og offensivt hele vejen ind mod green.<\/p>\n","protected":false},"excerpt":{"rendered":"<p>Til dig der s\u00f8ger en fairway wood, der b\u00e5de er let at ramme og giver god l\u00e6ngde \u2013 selv fra sv\u00e6re lejer. PING G400 fairway wood er skabt til dig, der vil have h\u00f8j boldhastighed og tilgivelse i \u00e9t og samme sving. Det tynde maraging st\u00e5l i slagfladen er 30 % mere fleksibelt end tidligere [&hellip;]<\/p>\n","protected":false},"featured_media":36278,"template":"","meta":{"_acf_changed":false},"product_brand":[],"product_cat":[510],"product_tag":[],"class_list":{"0":"post-36286","1":"product","2":"type-product","3":"status-publish","4":"has-post-thumbnail","6":"product_cat-fairway-koeller","7":"pa_28935-men","8":"pa_brand-ping","9":"pa_condition-brugt-god-stand","10":"pa_dexterity-hojre-haand","11":"pa_flex-stiff-flex","12":"pa_grip-ping-standard","13":"pa_gripsize-standard","14":"pa_headcover-ja","15":"pa_koelle-3-wood","16":"pa_loft-14-5","17":"pa_model-g400","18":"pa_skaft-ping-tour-2-0-75","19":"pa_skaft-materiale-grafit","20":"pa_sku-2746","22":"first","23":"instock","24":"taxable","25":"shipping-taxable","26":"purchasable","27":"product-type-simple"},"acf":[],"yoast_head":"<!-- This site is optimized with the Yoast SEO plugin v24.8.1 - https:\/\/yoast.com\/wordpress\/plugins\/seo\/ -->\n<title>K\u00f8b brugt PING G400 Fairway Wood hos WePlayAgain | EU Prisgaranti<\/title>\n<meta name=\"description\" content=\"Billig PING G400 Fairway Wood | Spar op til 66% af nyprisen | 2 \u00e5rs garanti | 14 dages pr\u00f8veperiode | EU Prisgaranti\" \/>\n<meta name=\"robots\" content=\"noindex, follow, max-snippet:-1, max-image-preview:large, max-video-preview:-1\" \/>\n<meta property=\"og:locale\" content=\"da_DK\" \/>\n<meta property=\"og:type\" content=\"article\" \/>\n<meta property=\"og:title\" content=\"K\u00f8b brugt PING G400 Fairway Wood hos WePlayAgain | EU Prisgaranti\" \/>\n<meta property=\"og:description\" content=\"Billig PING G400 Fairway Wood | Spar op til 66% af nyprisen | 2 \u00e5rs garanti | 14 dages pr\u00f8veperiode | EU Prisgaranti\" \/>\n<meta property=\"og:url\" content=\"https:\/\/weplayagain.com\/da\/vare\/ping-g400-fairway-wood-flex-stiff-grafit-3-14-5\/\" \/>\n<meta property=\"og:site_name\" content=\"WePlayAgain A\/S\" \/>\n<meta property=\"article:modified_time\" content=\"2025-04-28T22:56:56+00:00\" \/>\n<meta property=\"og:image\" content=\"https:\/\/weplayagain.com\/wp-content\/uploads\/2025\/01\/Photoroom_019_20250109_130105-scaled.jpeg\" \/>\n\t<meta property=\"og:image:width\" content=\"2048\" \/>\n\t<meta property=\"og:image:height\" content=\"2048\" \/>\n\t<meta property=\"og:image:type\" content=\"image\/jpeg\" \/>\n<meta name=\"twitter:card\" content=\"summary_large_image\" \/>\n<meta name=\"twitter:label1\" content=\"Estimeret l\u00e6setid\" \/>\n\t<meta name=\"twitter:data1\" content=\"1 minut\" \/>\n<script type=\"application\/ld+json\" class=\"yoast-schema-graph\">{\"@context\":\"https:\/\/schema.org\",\"@graph\":[{\"@type\":\"WebPage\",\"@id\":\"https:\/\/weplayagain.com\/da\/vare\/ping-g400-fairway-wood-flex-stiff-grafit-3-14-5\/\",\"url\":\"https:\/\/weplayagain.com\/da\/vare\/ping-g400-fairway-wood-flex-stiff-grafit-3-14-5\/\",\"name\":\"K\u00f8b brugt PING G400 Fairway Wood hos WePlayAgain | EU Prisgaranti\",\"isPartOf\":{\"@id\":\"https:\/\/weplayagain.com\/#website\"},\"primaryImageOfPage\":{\"@id\":\"https:\/\/weplayagain.com\/da\/vare\/ping-g400-fairway-wood-flex-stiff-grafit-3-14-5\/#primaryimage\"},\"image\":{\"@id\":\"https:\/\/weplayagain.com\/da\/vare\/ping-g400-fairway-wood-flex-stiff-grafit-3-14-5\/#primaryimage\"},\"thumbnailUrl\":\"https:\/\/weplayagain.host9.slyde.dk\/wp-content\/uploads\/2025\/01\/Photoroom_019_20250109_130105-scaled.jpeg\",\"datePublished\":\"2025-01-09T12:15:24+00:00\",\"dateModified\":\"2025-04-28T22:56:56+00:00\",\"description\":\"Billig PING G400 Fairway Wood | Spar op til 66% af nyprisen | 2 \u00e5rs garanti | 14 dages pr\u00f8veperiode | EU Prisgaranti\",\"breadcrumb\":{\"@id\":\"https:\/\/weplayagain.com\/da\/vare\/ping-g400-fairway-wood-flex-stiff-grafit-3-14-5\/#breadcrumb\"},\"inLanguage\":\"da-DK\",\"potentialAction\":[{\"@type\":\"ReadAction\",\"target\":[\"https:\/\/weplayagain.com\/da\/vare\/ping-g400-fairway-wood-flex-stiff-grafit-3-14-5\/\"]}]},{\"@type\":\"ImageObject\",\"inLanguage\":\"da-DK\",\"@id\":\"https:\/\/weplayagain.com\/da\/vare\/ping-g400-fairway-wood-flex-stiff-grafit-3-14-5\/#primaryimage\",\"url\":\"https:\/\/weplayagain.host9.slyde.dk\/wp-content\/uploads\/2025\/01\/Photoroom_019_20250109_130105-scaled.jpeg\",\"contentUrl\":\"https:\/\/weplayagain.host9.slyde.dk\/wp-content\/uploads\/2025\/01\/Photoroom_019_20250109_130105-scaled.jpeg\",\"width\":2048,\"height\":2048},{\"@type\":\"BreadcrumbList\",\"@id\":\"https:\/\/weplayagain.com\/da\/vare\/ping-g400-fairway-wood-flex-stiff-grafit-3-14-5\/#breadcrumb\",\"itemListElement\":[{\"@type\":\"ListItem\",\"position\":1,\"name\":\"Hjem\",\"item\":\"https:\/\/weplayagain.com\/da\/\"},{\"@type\":\"ListItem\",\"position\":2,\"name\":\"Shop\",\"item\":\"https:\/\/weplayagain.com\/shop\/\"},{\"@type\":\"ListItem\",\"position\":3,\"name\":\"PING G400 Fairway Wood \/ Flex Stiff \/ Grafit \/ #3\/14.5\"}]},{\"@type\":\"WebSite\",\"@id\":\"https:\/\/weplayagain.com\/#website\",\"url\":\"https:\/\/weplayagain.com\/\",\"name\":\"WePlayAgain A\/S\",\"description\":\"K\u00f8b brugt - trygt, og til markedets skarpeste priser\",\"publisher\":{\"@id\":\"https:\/\/weplayagain.com\/#organization\"},\"potentialAction\":[{\"@type\":\"SearchAction\",\"target\":{\"@type\":\"EntryPoint\",\"urlTemplate\":\"https:\/\/weplayagain.com\/?s={search_term_string}\"},\"query-input\":{\"@type\":\"PropertyValueSpecification\",\"valueRequired\":true,\"valueName\":\"search_term_string\"}}],\"inLanguage\":\"da-DK\"},{\"@type\":\"Organization\",\"@id\":\"https:\/\/weplayagain.com\/#organization\",\"name\":\"WePlayAgain A\/S\",\"url\":\"https:\/\/weplayagain.com\/\",\"logo\":{\"@type\":\"ImageObject\",\"inLanguage\":\"da-DK\",\"@id\":\"https:\/\/weplayagain.com\/#\/schema\/logo\/image\/\",\"url\":\"https:\/\/weplayagain.host9.slyde.dk\/wp-content\/uploads\/2022\/01\/Asset-8-8.png\",\"contentUrl\":\"https:\/\/weplayagain.host9.slyde.dk\/wp-content\/uploads\/2022\/01\/Asset-8-8.png\",\"width\":2048,\"height\":454,\"caption\":\"WePlayAgain A\/S\"},\"image\":{\"@id\":\"https:\/\/weplayagain.com\/#\/schema\/logo\/image\/\"}}]}<\/script>\n<!-- \/ Yoast SEO plugin. -->","yoast_head_json":{"title":"K\u00f8b brugt PING G400 Fairway Wood hos WePlayAgain | EU Prisgaranti","description":"Billig PING G400 Fairway Wood | Spar op til 66% af nyprisen | 2 \u00e5rs garanti | 14 dages pr\u00f8veperiode | EU Prisgaranti","robots":{"index":"noindex","follow":"follow","max-snippet":"max-snippet:-1","max-image-preview":"max-image-preview:large","max-video-preview":"max-video-preview:-1"},"og_locale":"da_DK","og_type":"article","og_title":"K\u00f8b brugt PING G400 Fairway Wood hos WePlayAgain | EU Prisgaranti","og_description":"Billig PING G400 Fairway Wood | Spar op til 66% af nyprisen | 2 \u00e5rs garanti | 14 dages pr\u00f8veperiode | EU Prisgaranti","og_url":"https:\/\/weplayagain.com\/da\/vare\/ping-g400-fairway-wood-flex-stiff-grafit-3-14-5\/","og_site_name":"WePlayAgain A\/S","article_modified_time":"2025-04-28T22:56:56+00:00","og_image":[{"width":2048,"height":2048,"url":"https:\/\/weplayagain.com\/wp-content\/uploads\/2025\/01\/Photoroom_019_20250109_130105-scaled.jpeg","type":"image\/jpeg"}],"twitter_card":"summary_large_image","twitter_misc":{"Estimeret l\u00e6setid":"1 minut"},"schema":{"@context":"https:\/\/schema.org","@graph":[{"@type":"WebPage","@id":"https:\/\/weplayagain.com\/da\/vare\/ping-g400-fairway-wood-flex-stiff-grafit-3-14-5\/","url":"https:\/\/weplayagain.com\/da\/vare\/ping-g400-fairway-wood-flex-stiff-grafit-3-14-5\/","name":"K\u00f8b brugt PING G400 Fairway Wood hos WePlayAgain | EU Prisgaranti","isPartOf":{"@id":"https:\/\/weplayagain.com\/#website"},"primaryImageOfPage":{"@id":"https:\/\/weplayagain.com\/da\/vare\/ping-g400-fairway-wood-flex-stiff-grafit-3-14-5\/#primaryimage"},"image":{"@id":"https:\/\/weplayagain.com\/da\/vare\/ping-g400-fairway-wood-flex-stiff-grafit-3-14-5\/#primaryimage"},"thumbnailUrl":"https:\/\/weplayagain.host9.slyde.dk\/wp-content\/uploads\/2025\/01\/Photoroom_019_20250109_130105-scaled.jpeg","datePublished":"2025-01-09T12:15:24+00:00","dateModified":"2025-04-28T22:56:56+00:00","description":"Billig PING G400 Fairway Wood | Spar op til 66% af nyprisen | 2 \u00e5rs garanti | 14 dages pr\u00f8veperiode | EU Prisgaranti","breadcrumb":{"@id":"https:\/\/weplayagain.com\/da\/vare\/ping-g400-fairway-wood-flex-stiff-grafit-3-14-5\/#breadcrumb"},"inLanguage":"da-DK","potentialAction":[{"@type":"ReadAction","target":["https:\/\/weplayagain.com\/da\/vare\/ping-g400-fairway-wood-flex-stiff-grafit-3-14-5\/"]}]},{"@type":"ImageObject","inLanguage":"da-DK","@id":"https:\/\/weplayagain.com\/da\/vare\/ping-g400-fairway-wood-flex-stiff-grafit-3-14-5\/#primaryimage","url":"https:\/\/weplayagain.host9.slyde.dk\/wp-content\/uploads\/2025\/01\/Photoroom_019_20250109_130105-scaled.jpeg","contentUrl":"https:\/\/weplayagain.host9.slyde.dk\/wp-content\/uploads\/2025\/01\/Photoroom_019_20250109_130105-scaled.jpeg","width":2048,"height":2048},{"@type":"BreadcrumbList","@id":"https:\/\/weplayagain.com\/da\/vare\/ping-g400-fairway-wood-flex-stiff-grafit-3-14-5\/#breadcrumb","itemListElement":[{"@type":"ListItem","position":1,"name":"Hjem","item":"https:\/\/weplayagain.com\/da\/"},{"@type":"ListItem","position":2,"name":"Shop","item":"https:\/\/weplayagain.com\/shop\/"},{"@type":"ListItem","position":3,"name":"PING G400 Fairway Wood \/ Flex Stiff \/ Grafit \/ #3\/14.5"}]},{"@type":"WebSite","@id":"https:\/\/weplayagain.com\/#website","url":"https:\/\/weplayagain.com\/","name":"WePlayAgain A\/S","description":"K\u00f8b brugt - trygt, og til markedets skarpeste priser","publisher":{"@id":"https:\/\/weplayagain.com\/#organization"},"potentialAction":[{"@type":"SearchAction","target":{"@type":"EntryPoint","urlTemplate":"https:\/\/weplayagain.com\/?s={search_term_string}"},"query-input":{"@type":"PropertyValueSpecification","valueRequired":true,"valueName":"search_term_string"}}],"inLanguage":"da-DK"},{"@type":"Organization","@id":"https:\/\/weplayagain.com\/#organization","name":"WePlayAgain A\/S","url":"https:\/\/weplayagain.com\/","logo":{"@type":"ImageObject","inLanguage":"da-DK","@id":"https:\/\/weplayagain.com\/#\/schema\/logo\/image\/","url":"https:\/\/weplayagain.host9.slyde.dk\/wp-content\/uploads\/2022\/01\/Asset-8-8.png","contentUrl":"https:\/\/weplayagain.host9.slyde.dk\/wp-content\/uploads\/2022\/01\/Asset-8-8.png","width":2048,"height":454,"caption":"WePlayAgain A\/S"},"image":{"@id":"https:\/\/weplayagain.com\/#\/schema\/logo\/image\/"}}]}},"_links":{"self":[{"href":"https:\/\/weplayagain.host9.slyde.dk\/da\/wp-json\/wp\/v2\/product\/36286","targetHints":{"allow":["GET"]}}],"collection":[{"href":"https:\/\/weplayagain.host9.slyde.dk\/da\/wp-json\/wp\/v2\/product"}],"about":[{"href":"https:\/\/weplayagain.host9.slyde.dk\/da\/wp-json\/wp\/v2\/types\/product"}],"wp:featuredmedia":[{"embeddable":true,"href":"https:\/\/weplayagain.host9.slyde.dk\/da\/wp-json\/wp\/v2\/media\/36278"}],"wp:attachment":[{"href":"https:\/\/weplayagain.host9.slyde.dk\/da\/wp-json\/wp\/v2\/media?parent=36286"}],"wp:term":[{"taxonomy":"product_brand","embeddable":true,"href":"https:\/\/weplayagain.host9.slyde.dk\/da\/wp-json\/wp\/v2\/product_brand?post=36286"},{"taxonomy":"product_cat","embeddable":true,"href":"https:\/\/weplayagain.host9.slyde.dk\/da\/wp-json\/wp\/v2\/product_cat?post=36286"},{"taxonomy":"product_tag","embeddable":true,"href":"https:\/\/weplayagain.host9.slyde.dk\/da\/wp-json\/wp\/v2\/product_tag?post=36286"}],"curies":[{"name":"wp","href":"https:\/\/api.w.org\/{rel}","templated":true}]}}