{"id":38212,"date":"2025-02-20T17:02:23","date_gmt":"2025-02-20T16:02:23","guid":{"rendered":"https:\/\/weplayagain.com\/?post_type=product&#038;p=38212"},"modified":"2025-04-29T13:54:48","modified_gmt":"2025-04-29T12:54:48","slug":"taylormade-mg-3-wedge-staal-56-12","status":"publish","type":"product","link":"https:\/\/weplayagain.host9.slyde.dk\/da\/vare\/taylormade-mg-3-wedge-staal-56-12\/","title":{"rendered":"TaylorMade MG 3 Wedge \/ St\u00e5l \/ #56\/12"},"content":{"rendered":"<p>Leder du efter en wedge, der b\u00e5de f\u00f8les rigtig og pr\u00e6sterer p\u00e5 de sv\u00e6re slag rundt om greenen? MG3 fra TaylorMade er til dig, der vil have pr\u00e6cision, spin og kontrol \u2013 uanset handicap.<\/p>\n<p>Med <strong>RAW Face Technology<\/strong> f\u00e5r du et r\u00e5t slagflade-design, der styrker spin og f\u00f8ling, is\u00e6r n\u00e5r det er v\u00e5dt i gr\u00e6sset. S\u00e5 du kan stole mere p\u00e5 dine slag, ogs\u00e5 n\u00e5r forholdene driller.<\/p>\n<p><strong>Raised Micro-Ribs<\/strong> giver ekstra struktur mellem rillerne og \u00f8ger grebet p\u00e5 bolden ved kortere slag. Det betyder mere kontrol og flere muligheder, n\u00e5r du skal t\u00e6t p\u00e5 pinden.<\/p>\n<p>MG3 passer til dig, der elsker variation. Du kan finde forskellige <strong>loft- og bounce-kombinationer<\/strong>, s\u00e5 du altid har den rette wedge i h\u00e5nden \u2013 uanset om du spiller t\u00f8rt links eller bl\u00f8d parkbane.<\/p>\n<p>S\u00e5lene er <strong>CNC-fr\u00e6set<\/strong>, s\u00e5 hver wedge f\u00f8les ensartet og tilpasset den vinkel og type sving, du kommer med. <\/p>\n<p>TaylorMade MG3 er en moderne wedge med klassisk sj\u00e6l \u2013 perfekt til b\u00e5de erfarne spillere og dem p\u00e5 vej op.<\/p>\n","protected":false},"excerpt":{"rendered":"<p>Leder du efter en wedge, der b\u00e5de f\u00f8les rigtig og pr\u00e6sterer p\u00e5 de sv\u00e6re slag rundt om greenen? MG3 fra TaylorMade er til dig, der vil have pr\u00e6cision, spin og kontrol \u2013 uanset handicap. Med RAW Face Technology f\u00e5r du et r\u00e5t slagflade-design, der styrker spin og f\u00f8ling, is\u00e6r n\u00e5r det er v\u00e5dt i gr\u00e6sset. [&hellip;]<\/p>\n","protected":false},"featured_media":38279,"template":"","meta":{"_acf_changed":false},"product_brand":[],"product_cat":[511],"product_tag":[],"class_list":{"0":"post-38212","1":"product","2":"type-product","3":"status-publish","4":"has-post-thumbnail","6":"product_cat-wedges-og-chippere","7":"pa_28935-men","8":"pa_bounce-2146","9":"pa_brand-taylormade","10":"pa_condition-brugt-okay-stand","11":"pa_dexterity-hojre-haand","12":"pa_flex-stiff-wedge-flex","13":"pa_grip-z-grip","14":"pa_gripsize-standard","15":"pa_koelle-wedge","16":"pa_loft-2147","17":"pa_model-mg-3","18":"pa_skaft-staal-dynamic-gold-s200","19":"pa_skaft-materiale-staal","20":"pa_sku-3053","22":"first","23":"instock","24":"taxable","25":"shipping-taxable","26":"purchasable","27":"product-type-simple"},"acf":[],"yoast_head":"<!-- This site is optimized with the Yoast SEO plugin v24.8.1 - https:\/\/yoast.com\/wordpress\/plugins\/seo\/ -->\n<title>K\u00f8b TaylorMade MG 3 Wedge hos WePlayAgain | Hurtig Levering<\/title>\n<meta name=\"description\" content=\"K\u00f8b TaylorMade MG 3 Wedge | Spar op til 68% af nyprisen. 2 \u00e5rs garanti | 14 dages pr\u00f8veperiode | EU Prisgaranti\" \/>\n<meta name=\"robots\" content=\"noindex, follow, max-snippet:-1, max-image-preview:large, max-video-preview:-1\" \/>\n<meta property=\"og:locale\" content=\"da_DK\" \/>\n<meta property=\"og:type\" content=\"article\" \/>\n<meta property=\"og:title\" content=\"K\u00f8b TaylorMade MG 3 Wedge hos WePlayAgain | Hurtig Levering\" \/>\n<meta property=\"og:description\" content=\"K\u00f8b TaylorMade MG 3 Wedge | Spar op til 68% af nyprisen. 2 \u00e5rs garanti | 14 dages pr\u00f8veperiode | EU Prisgaranti\" \/>\n<meta property=\"og:url\" content=\"https:\/\/weplayagain.com\/da\/vare\/taylormade-mg-3-wedge-staal-56-12\/\" \/>\n<meta property=\"og:site_name\" content=\"WePlayAgain A\/S\" \/>\n<meta property=\"article:modified_time\" content=\"2025-04-29T12:54:48+00:00\" \/>\n<meta property=\"og:image\" content=\"https:\/\/weplayagain.com\/wp-content\/uploads\/2025\/02\/Photoroom_005_20250220_154518-1-scaled.jpeg\" \/>\n\t<meta property=\"og:image:width\" content=\"2048\" \/>\n\t<meta property=\"og:image:height\" content=\"2048\" \/>\n\t<meta property=\"og:image:type\" content=\"image\/jpeg\" \/>\n<meta name=\"twitter:card\" content=\"summary_large_image\" \/>\n<meta name=\"twitter:label1\" content=\"Estimeret l\u00e6setid\" \/>\n\t<meta name=\"twitter:data1\" content=\"1 minut\" \/>\n<script type=\"application\/ld+json\" class=\"yoast-schema-graph\">{\"@context\":\"https:\/\/schema.org\",\"@graph\":[{\"@type\":\"WebPage\",\"@id\":\"https:\/\/weplayagain.com\/da\/vare\/taylormade-mg-3-wedge-staal-56-12\/\",\"url\":\"https:\/\/weplayagain.com\/da\/vare\/taylormade-mg-3-wedge-staal-56-12\/\",\"name\":\"K\u00f8b TaylorMade MG 3 Wedge hos WePlayAgain | Hurtig Levering\",\"isPartOf\":{\"@id\":\"https:\/\/weplayagain.com\/#website\"},\"primaryImageOfPage\":{\"@id\":\"https:\/\/weplayagain.com\/da\/vare\/taylormade-mg-3-wedge-staal-56-12\/#primaryimage\"},\"image\":{\"@id\":\"https:\/\/weplayagain.com\/da\/vare\/taylormade-mg-3-wedge-staal-56-12\/#primaryimage\"},\"thumbnailUrl\":\"https:\/\/weplayagain.host9.slyde.dk\/wp-content\/uploads\/2025\/02\/Photoroom_005_20250220_154518-1-scaled.jpeg\",\"datePublished\":\"2025-02-20T16:02:23+00:00\",\"dateModified\":\"2025-04-29T12:54:48+00:00\",\"description\":\"K\u00f8b TaylorMade MG 3 Wedge | Spar op til 68% af nyprisen. 2 \u00e5rs garanti | 14 dages pr\u00f8veperiode | EU Prisgaranti\",\"breadcrumb\":{\"@id\":\"https:\/\/weplayagain.com\/da\/vare\/taylormade-mg-3-wedge-staal-56-12\/#breadcrumb\"},\"inLanguage\":\"da-DK\",\"potentialAction\":[{\"@type\":\"ReadAction\",\"target\":[\"https:\/\/weplayagain.com\/da\/vare\/taylormade-mg-3-wedge-staal-56-12\/\"]}]},{\"@type\":\"ImageObject\",\"inLanguage\":\"da-DK\",\"@id\":\"https:\/\/weplayagain.com\/da\/vare\/taylormade-mg-3-wedge-staal-56-12\/#primaryimage\",\"url\":\"https:\/\/weplayagain.host9.slyde.dk\/wp-content\/uploads\/2025\/02\/Photoroom_005_20250220_154518-1-scaled.jpeg\",\"contentUrl\":\"https:\/\/weplayagain.host9.slyde.dk\/wp-content\/uploads\/2025\/02\/Photoroom_005_20250220_154518-1-scaled.jpeg\",\"width\":2048,\"height\":2048},{\"@type\":\"BreadcrumbList\",\"@id\":\"https:\/\/weplayagain.com\/da\/vare\/taylormade-mg-3-wedge-staal-56-12\/#breadcrumb\",\"itemListElement\":[{\"@type\":\"ListItem\",\"position\":1,\"name\":\"Hjem\",\"item\":\"https:\/\/weplayagain.com\/da\/\"},{\"@type\":\"ListItem\",\"position\":2,\"name\":\"Shop\",\"item\":\"https:\/\/weplayagain.com\/shop\/\"},{\"@type\":\"ListItem\",\"position\":3,\"name\":\"TaylorMade MG 3 Wedge \/ St\u00e5l \/ #56\/12\"}]},{\"@type\":\"WebSite\",\"@id\":\"https:\/\/weplayagain.com\/#website\",\"url\":\"https:\/\/weplayagain.com\/\",\"name\":\"WePlayAgain A\/S\",\"description\":\"K\u00f8b brugt - trygt, og til markedets skarpeste priser\",\"publisher\":{\"@id\":\"https:\/\/weplayagain.com\/#organization\"},\"potentialAction\":[{\"@type\":\"SearchAction\",\"target\":{\"@type\":\"EntryPoint\",\"urlTemplate\":\"https:\/\/weplayagain.com\/?s={search_term_string}\"},\"query-input\":{\"@type\":\"PropertyValueSpecification\",\"valueRequired\":true,\"valueName\":\"search_term_string\"}}],\"inLanguage\":\"da-DK\"},{\"@type\":\"Organization\",\"@id\":\"https:\/\/weplayagain.com\/#organization\",\"name\":\"WePlayAgain A\/S\",\"url\":\"https:\/\/weplayagain.com\/\",\"logo\":{\"@type\":\"ImageObject\",\"inLanguage\":\"da-DK\",\"@id\":\"https:\/\/weplayagain.com\/#\/schema\/logo\/image\/\",\"url\":\"https:\/\/weplayagain.host9.slyde.dk\/wp-content\/uploads\/2022\/01\/Asset-8-8.png\",\"contentUrl\":\"https:\/\/weplayagain.host9.slyde.dk\/wp-content\/uploads\/2022\/01\/Asset-8-8.png\",\"width\":2048,\"height\":454,\"caption\":\"WePlayAgain A\/S\"},\"image\":{\"@id\":\"https:\/\/weplayagain.com\/#\/schema\/logo\/image\/\"}}]}<\/script>\n<!-- \/ Yoast SEO plugin. -->","yoast_head_json":{"title":"K\u00f8b TaylorMade MG 3 Wedge hos WePlayAgain | Hurtig Levering","description":"K\u00f8b TaylorMade MG 3 Wedge | Spar op til 68% af nyprisen. 2 \u00e5rs garanti | 14 dages pr\u00f8veperiode | EU Prisgaranti","robots":{"index":"noindex","follow":"follow","max-snippet":"max-snippet:-1","max-image-preview":"max-image-preview:large","max-video-preview":"max-video-preview:-1"},"og_locale":"da_DK","og_type":"article","og_title":"K\u00f8b TaylorMade MG 3 Wedge hos WePlayAgain | Hurtig Levering","og_description":"K\u00f8b TaylorMade MG 3 Wedge | Spar op til 68% af nyprisen. 2 \u00e5rs garanti | 14 dages pr\u00f8veperiode | EU Prisgaranti","og_url":"https:\/\/weplayagain.com\/da\/vare\/taylormade-mg-3-wedge-staal-56-12\/","og_site_name":"WePlayAgain A\/S","article_modified_time":"2025-04-29T12:54:48+00:00","og_image":[{"width":2048,"height":2048,"url":"https:\/\/weplayagain.com\/wp-content\/uploads\/2025\/02\/Photoroom_005_20250220_154518-1-scaled.jpeg","type":"image\/jpeg"}],"twitter_card":"summary_large_image","twitter_misc":{"Estimeret l\u00e6setid":"1 minut"},"schema":{"@context":"https:\/\/schema.org","@graph":[{"@type":"WebPage","@id":"https:\/\/weplayagain.com\/da\/vare\/taylormade-mg-3-wedge-staal-56-12\/","url":"https:\/\/weplayagain.com\/da\/vare\/taylormade-mg-3-wedge-staal-56-12\/","name":"K\u00f8b TaylorMade MG 3 Wedge hos WePlayAgain | Hurtig Levering","isPartOf":{"@id":"https:\/\/weplayagain.com\/#website"},"primaryImageOfPage":{"@id":"https:\/\/weplayagain.com\/da\/vare\/taylormade-mg-3-wedge-staal-56-12\/#primaryimage"},"image":{"@id":"https:\/\/weplayagain.com\/da\/vare\/taylormade-mg-3-wedge-staal-56-12\/#primaryimage"},"thumbnailUrl":"https:\/\/weplayagain.host9.slyde.dk\/wp-content\/uploads\/2025\/02\/Photoroom_005_20250220_154518-1-scaled.jpeg","datePublished":"2025-02-20T16:02:23+00:00","dateModified":"2025-04-29T12:54:48+00:00","description":"K\u00f8b TaylorMade MG 3 Wedge | Spar op til 68% af nyprisen. 2 \u00e5rs garanti | 14 dages pr\u00f8veperiode | EU Prisgaranti","breadcrumb":{"@id":"https:\/\/weplayagain.com\/da\/vare\/taylormade-mg-3-wedge-staal-56-12\/#breadcrumb"},"inLanguage":"da-DK","potentialAction":[{"@type":"ReadAction","target":["https:\/\/weplayagain.com\/da\/vare\/taylormade-mg-3-wedge-staal-56-12\/"]}]},{"@type":"ImageObject","inLanguage":"da-DK","@id":"https:\/\/weplayagain.com\/da\/vare\/taylormade-mg-3-wedge-staal-56-12\/#primaryimage","url":"https:\/\/weplayagain.host9.slyde.dk\/wp-content\/uploads\/2025\/02\/Photoroom_005_20250220_154518-1-scaled.jpeg","contentUrl":"https:\/\/weplayagain.host9.slyde.dk\/wp-content\/uploads\/2025\/02\/Photoroom_005_20250220_154518-1-scaled.jpeg","width":2048,"height":2048},{"@type":"BreadcrumbList","@id":"https:\/\/weplayagain.com\/da\/vare\/taylormade-mg-3-wedge-staal-56-12\/#breadcrumb","itemListElement":[{"@type":"ListItem","position":1,"name":"Hjem","item":"https:\/\/weplayagain.com\/da\/"},{"@type":"ListItem","position":2,"name":"Shop","item":"https:\/\/weplayagain.com\/shop\/"},{"@type":"ListItem","position":3,"name":"TaylorMade MG 3 Wedge \/ St\u00e5l \/ #56\/12"}]},{"@type":"WebSite","@id":"https:\/\/weplayagain.com\/#website","url":"https:\/\/weplayagain.com\/","name":"WePlayAgain A\/S","description":"K\u00f8b brugt - trygt, og til markedets skarpeste priser","publisher":{"@id":"https:\/\/weplayagain.com\/#organization"},"potentialAction":[{"@type":"SearchAction","target":{"@type":"EntryPoint","urlTemplate":"https:\/\/weplayagain.com\/?s={search_term_string}"},"query-input":{"@type":"PropertyValueSpecification","valueRequired":true,"valueName":"search_term_string"}}],"inLanguage":"da-DK"},{"@type":"Organization","@id":"https:\/\/weplayagain.com\/#organization","name":"WePlayAgain A\/S","url":"https:\/\/weplayagain.com\/","logo":{"@type":"ImageObject","inLanguage":"da-DK","@id":"https:\/\/weplayagain.com\/#\/schema\/logo\/image\/","url":"https:\/\/weplayagain.host9.slyde.dk\/wp-content\/uploads\/2022\/01\/Asset-8-8.png","contentUrl":"https:\/\/weplayagain.host9.slyde.dk\/wp-content\/uploads\/2022\/01\/Asset-8-8.png","width":2048,"height":454,"caption":"WePlayAgain A\/S"},"image":{"@id":"https:\/\/weplayagain.com\/#\/schema\/logo\/image\/"}}]}},"_links":{"self":[{"href":"https:\/\/weplayagain.host9.slyde.dk\/da\/wp-json\/wp\/v2\/product\/38212","targetHints":{"allow":["GET"]}}],"collection":[{"href":"https:\/\/weplayagain.host9.slyde.dk\/da\/wp-json\/wp\/v2\/product"}],"about":[{"href":"https:\/\/weplayagain.host9.slyde.dk\/da\/wp-json\/wp\/v2\/types\/product"}],"wp:featuredmedia":[{"embeddable":true,"href":"https:\/\/weplayagain.host9.slyde.dk\/da\/wp-json\/wp\/v2\/media\/38279"}],"wp:attachment":[{"href":"https:\/\/weplayagain.host9.slyde.dk\/da\/wp-json\/wp\/v2\/media?parent=38212"}],"wp:term":[{"taxonomy":"product_brand","embeddable":true,"href":"https:\/\/weplayagain.host9.slyde.dk\/da\/wp-json\/wp\/v2\/product_brand?post=38212"},{"taxonomy":"product_cat","embeddable":true,"href":"https:\/\/weplayagain.host9.slyde.dk\/da\/wp-json\/wp\/v2\/product_cat?post=38212"},{"taxonomy":"product_tag","embeddable":true,"href":"https:\/\/weplayagain.host9.slyde.dk\/da\/wp-json\/wp\/v2\/product_tag?post=38212"}],"curies":[{"name":"wp","href":"https:\/\/api.w.org\/{rel}","templated":true}]}}