{"id":38217,"date":"2025-02-20T17:02:27","date_gmt":"2025-02-20T16:02:27","guid":{"rendered":"https:\/\/weplayagain.com\/?post_type=product&#038;p=38217"},"modified":"2025-04-29T13:54:50","modified_gmt":"2025-04-29T12:54:50","slug":"taylormade-milled-grind-wedge-staal-54-11","status":"publish","type":"product","link":"https:\/\/weplayagain.host9.slyde.dk\/da\/vare\/taylormade-milled-grind-wedge-staal-54-11\/","title":{"rendered":"TaylorMade Milled Grind Wedge \/ St\u00e5l \/ #54\/11"},"content":{"rendered":"<p>Er du klar til at f\u00e5 mere kontrol over dine indspil? TaylorMade Milled Grind Wedge er til dig, der vil t\u00e6ttere p\u00e5 pinden \u2013 uanset om du spiller fast bane eller st\u00e5r med en v\u00e5d og drilsk green.<\/p>\n<p>Denne wedge er <em>fintunet til pr\u00e6cision<\/em> med CNC-fr\u00e6set s\u00e5l og leading edge. Det betyder, at k\u00f8llen glider lettere gennem gr\u00e6sset, og du f\u00e5r mere ensartede slag fra forskellige lies.<\/p>\n<p>Du f\u00e5r valgmuligheder med forskellige soles: Low, Standard eller High Bounce. Det giver dig frihed til at v\u00e6lge den wedge, der passer til netop <em>dit sving og dine baneforhold<\/em>.<\/p>\n<p>MG4-modellen er lavet i <em>bl\u00f8dt 8620 carbon steel<\/em>, som giver en l\u00e6kker f\u00f8lelse i slaget. Den har en rundere profil og Spin Tread-teknologi \u2013 et laserindgraveret m\u00f8nster, der leder fugt v\u00e6k og hj\u00e6lper dig med at bevare spin, selv i regn og dug.<\/p>\n<p>Perfekt til dig, der prioriterer pr\u00e6cision og spin i dit <em>short game<\/em>. Klar til at l\u00e6gge den t\u00e6t?<\/p>\n","protected":false},"excerpt":{"rendered":"<p>Er du klar til at f\u00e5 mere kontrol over dine indspil? TaylorMade Milled Grind Wedge er til dig, der vil t\u00e6ttere p\u00e5 pinden \u2013 uanset om du spiller fast bane eller st\u00e5r med en v\u00e5d og drilsk green. Denne wedge er fintunet til pr\u00e6cision med CNC-fr\u00e6set s\u00e5l og leading edge. Det betyder, at k\u00f8llen glider [&hellip;]<\/p>\n","protected":false},"featured_media":38304,"template":"","meta":{"_acf_changed":false},"product_brand":[],"product_cat":[511],"product_tag":[],"class_list":{"0":"post-38217","1":"product","2":"type-product","3":"status-publish","4":"has-post-thumbnail","6":"product_cat-wedges-og-chippere","7":"pa_28935-men","8":"pa_bounce-2200","9":"pa_brand-taylormade","10":"pa_condition-brugt-okay-stand","11":"pa_dexterity-hojre-haand","12":"pa_flex-stiff-wedge-flex","13":"pa_grip-lamkin-genesis-crossline","14":"pa_gripsize-standard","15":"pa_koelle-wedge","16":"pa_loft-1053","17":"pa_model-milled-grind","18":"pa_skaft-staal-dynamic-gold-s200","19":"pa_skaft-materiale-staal","20":"pa_sku-3062","22":"first","23":"instock","24":"taxable","25":"shipping-taxable","26":"purchasable","27":"product-type-simple"},"acf":[],"yoast_head":"<!-- This site is optimized with the Yoast SEO plugin v24.8.1 - https:\/\/yoast.com\/wordpress\/plugins\/seo\/ -->\n<title>K\u00f8b TaylorMade Milled Grind Wedge hos WePlayAgain | Spar op til 61%<\/title>\n<meta name=\"description\" content=\"-&gt; TaylorMade Milled Grind Wedge | Spar op til 61% af nyprisen -&gt; 2 \u00e5rs garanti | 14 dages pr\u00f8veperiode | EU Prisgaranti\" \/>\n<meta name=\"robots\" content=\"noindex, follow, max-snippet:-1, max-image-preview:large, max-video-preview:-1\" \/>\n<meta property=\"og:locale\" content=\"da_DK\" \/>\n<meta property=\"og:type\" content=\"article\" \/>\n<meta property=\"og:title\" content=\"K\u00f8b TaylorMade Milled Grind Wedge hos WePlayAgain | Spar op til 61%\" \/>\n<meta property=\"og:description\" content=\"-&gt; TaylorMade Milled Grind Wedge | Spar op til 61% af nyprisen -&gt; 2 \u00e5rs garanti | 14 dages pr\u00f8veperiode | EU Prisgaranti\" \/>\n<meta property=\"og:url\" content=\"https:\/\/weplayagain.com\/da\/vare\/taylormade-milled-grind-wedge-staal-54-11\/\" \/>\n<meta property=\"og:site_name\" content=\"WePlayAgain A\/S\" \/>\n<meta property=\"article:modified_time\" content=\"2025-04-29T12:54:50+00:00\" \/>\n<meta property=\"og:image\" content=\"https:\/\/weplayagain.com\/wp-content\/uploads\/2025\/02\/Photoroom_030_20250220_154518-1-scaled.jpeg\" \/>\n\t<meta property=\"og:image:width\" content=\"2048\" \/>\n\t<meta property=\"og:image:height\" content=\"2048\" \/>\n\t<meta property=\"og:image:type\" content=\"image\/jpeg\" \/>\n<meta name=\"twitter:card\" content=\"summary_large_image\" \/>\n<meta name=\"twitter:label1\" content=\"Estimeret l\u00e6setid\" \/>\n\t<meta name=\"twitter:data1\" content=\"1 minut\" \/>\n<script type=\"application\/ld+json\" class=\"yoast-schema-graph\">{\"@context\":\"https:\/\/schema.org\",\"@graph\":[{\"@type\":\"WebPage\",\"@id\":\"https:\/\/weplayagain.com\/da\/vare\/taylormade-milled-grind-wedge-staal-54-11\/\",\"url\":\"https:\/\/weplayagain.com\/da\/vare\/taylormade-milled-grind-wedge-staal-54-11\/\",\"name\":\"K\u00f8b TaylorMade Milled Grind Wedge hos WePlayAgain | Spar op til 61%\",\"isPartOf\":{\"@id\":\"https:\/\/weplayagain.com\/#website\"},\"primaryImageOfPage\":{\"@id\":\"https:\/\/weplayagain.com\/da\/vare\/taylormade-milled-grind-wedge-staal-54-11\/#primaryimage\"},\"image\":{\"@id\":\"https:\/\/weplayagain.com\/da\/vare\/taylormade-milled-grind-wedge-staal-54-11\/#primaryimage\"},\"thumbnailUrl\":\"https:\/\/weplayagain.host9.slyde.dk\/wp-content\/uploads\/2025\/02\/Photoroom_030_20250220_154518-1-scaled.jpeg\",\"datePublished\":\"2025-02-20T16:02:27+00:00\",\"dateModified\":\"2025-04-29T12:54:50+00:00\",\"description\":\"-> TaylorMade Milled Grind Wedge | Spar op til 61% af nyprisen -> 2 \u00e5rs garanti | 14 dages pr\u00f8veperiode | EU Prisgaranti\",\"breadcrumb\":{\"@id\":\"https:\/\/weplayagain.com\/da\/vare\/taylormade-milled-grind-wedge-staal-54-11\/#breadcrumb\"},\"inLanguage\":\"da-DK\",\"potentialAction\":[{\"@type\":\"ReadAction\",\"target\":[\"https:\/\/weplayagain.com\/da\/vare\/taylormade-milled-grind-wedge-staal-54-11\/\"]}]},{\"@type\":\"ImageObject\",\"inLanguage\":\"da-DK\",\"@id\":\"https:\/\/weplayagain.com\/da\/vare\/taylormade-milled-grind-wedge-staal-54-11\/#primaryimage\",\"url\":\"https:\/\/weplayagain.host9.slyde.dk\/wp-content\/uploads\/2025\/02\/Photoroom_030_20250220_154518-1-scaled.jpeg\",\"contentUrl\":\"https:\/\/weplayagain.host9.slyde.dk\/wp-content\/uploads\/2025\/02\/Photoroom_030_20250220_154518-1-scaled.jpeg\",\"width\":2048,\"height\":2048},{\"@type\":\"BreadcrumbList\",\"@id\":\"https:\/\/weplayagain.com\/da\/vare\/taylormade-milled-grind-wedge-staal-54-11\/#breadcrumb\",\"itemListElement\":[{\"@type\":\"ListItem\",\"position\":1,\"name\":\"Hjem\",\"item\":\"https:\/\/weplayagain.com\/da\/\"},{\"@type\":\"ListItem\",\"position\":2,\"name\":\"Shop\",\"item\":\"https:\/\/weplayagain.com\/shop\/\"},{\"@type\":\"ListItem\",\"position\":3,\"name\":\"TaylorMade Milled Grind Wedge \/ St\u00e5l \/ #54\/11\"}]},{\"@type\":\"WebSite\",\"@id\":\"https:\/\/weplayagain.com\/#website\",\"url\":\"https:\/\/weplayagain.com\/\",\"name\":\"WePlayAgain A\/S\",\"description\":\"K\u00f8b brugt - trygt, og til markedets skarpeste priser\",\"publisher\":{\"@id\":\"https:\/\/weplayagain.com\/#organization\"},\"potentialAction\":[{\"@type\":\"SearchAction\",\"target\":{\"@type\":\"EntryPoint\",\"urlTemplate\":\"https:\/\/weplayagain.com\/?s={search_term_string}\"},\"query-input\":{\"@type\":\"PropertyValueSpecification\",\"valueRequired\":true,\"valueName\":\"search_term_string\"}}],\"inLanguage\":\"da-DK\"},{\"@type\":\"Organization\",\"@id\":\"https:\/\/weplayagain.com\/#organization\",\"name\":\"WePlayAgain A\/S\",\"url\":\"https:\/\/weplayagain.com\/\",\"logo\":{\"@type\":\"ImageObject\",\"inLanguage\":\"da-DK\",\"@id\":\"https:\/\/weplayagain.com\/#\/schema\/logo\/image\/\",\"url\":\"https:\/\/weplayagain.host9.slyde.dk\/wp-content\/uploads\/2022\/01\/Asset-8-8.png\",\"contentUrl\":\"https:\/\/weplayagain.host9.slyde.dk\/wp-content\/uploads\/2022\/01\/Asset-8-8.png\",\"width\":2048,\"height\":454,\"caption\":\"WePlayAgain A\/S\"},\"image\":{\"@id\":\"https:\/\/weplayagain.com\/#\/schema\/logo\/image\/\"}}]}<\/script>\n<!-- \/ Yoast SEO plugin. -->","yoast_head_json":{"title":"K\u00f8b TaylorMade Milled Grind Wedge hos WePlayAgain | Spar op til 61%","description":"-> TaylorMade Milled Grind Wedge | Spar op til 61% af nyprisen -> 2 \u00e5rs garanti | 14 dages pr\u00f8veperiode | EU Prisgaranti","robots":{"index":"noindex","follow":"follow","max-snippet":"max-snippet:-1","max-image-preview":"max-image-preview:large","max-video-preview":"max-video-preview:-1"},"og_locale":"da_DK","og_type":"article","og_title":"K\u00f8b TaylorMade Milled Grind Wedge hos WePlayAgain | Spar op til 61%","og_description":"-> TaylorMade Milled Grind Wedge | Spar op til 61% af nyprisen -> 2 \u00e5rs garanti | 14 dages pr\u00f8veperiode | EU Prisgaranti","og_url":"https:\/\/weplayagain.com\/da\/vare\/taylormade-milled-grind-wedge-staal-54-11\/","og_site_name":"WePlayAgain A\/S","article_modified_time":"2025-04-29T12:54:50+00:00","og_image":[{"width":2048,"height":2048,"url":"https:\/\/weplayagain.com\/wp-content\/uploads\/2025\/02\/Photoroom_030_20250220_154518-1-scaled.jpeg","type":"image\/jpeg"}],"twitter_card":"summary_large_image","twitter_misc":{"Estimeret l\u00e6setid":"1 minut"},"schema":{"@context":"https:\/\/schema.org","@graph":[{"@type":"WebPage","@id":"https:\/\/weplayagain.com\/da\/vare\/taylormade-milled-grind-wedge-staal-54-11\/","url":"https:\/\/weplayagain.com\/da\/vare\/taylormade-milled-grind-wedge-staal-54-11\/","name":"K\u00f8b TaylorMade Milled Grind Wedge hos WePlayAgain | Spar op til 61%","isPartOf":{"@id":"https:\/\/weplayagain.com\/#website"},"primaryImageOfPage":{"@id":"https:\/\/weplayagain.com\/da\/vare\/taylormade-milled-grind-wedge-staal-54-11\/#primaryimage"},"image":{"@id":"https:\/\/weplayagain.com\/da\/vare\/taylormade-milled-grind-wedge-staal-54-11\/#primaryimage"},"thumbnailUrl":"https:\/\/weplayagain.host9.slyde.dk\/wp-content\/uploads\/2025\/02\/Photoroom_030_20250220_154518-1-scaled.jpeg","datePublished":"2025-02-20T16:02:27+00:00","dateModified":"2025-04-29T12:54:50+00:00","description":"-> TaylorMade Milled Grind Wedge | Spar op til 61% af nyprisen -> 2 \u00e5rs garanti | 14 dages pr\u00f8veperiode | EU Prisgaranti","breadcrumb":{"@id":"https:\/\/weplayagain.com\/da\/vare\/taylormade-milled-grind-wedge-staal-54-11\/#breadcrumb"},"inLanguage":"da-DK","potentialAction":[{"@type":"ReadAction","target":["https:\/\/weplayagain.com\/da\/vare\/taylormade-milled-grind-wedge-staal-54-11\/"]}]},{"@type":"ImageObject","inLanguage":"da-DK","@id":"https:\/\/weplayagain.com\/da\/vare\/taylormade-milled-grind-wedge-staal-54-11\/#primaryimage","url":"https:\/\/weplayagain.host9.slyde.dk\/wp-content\/uploads\/2025\/02\/Photoroom_030_20250220_154518-1-scaled.jpeg","contentUrl":"https:\/\/weplayagain.host9.slyde.dk\/wp-content\/uploads\/2025\/02\/Photoroom_030_20250220_154518-1-scaled.jpeg","width":2048,"height":2048},{"@type":"BreadcrumbList","@id":"https:\/\/weplayagain.com\/da\/vare\/taylormade-milled-grind-wedge-staal-54-11\/#breadcrumb","itemListElement":[{"@type":"ListItem","position":1,"name":"Hjem","item":"https:\/\/weplayagain.com\/da\/"},{"@type":"ListItem","position":2,"name":"Shop","item":"https:\/\/weplayagain.com\/shop\/"},{"@type":"ListItem","position":3,"name":"TaylorMade Milled Grind Wedge \/ St\u00e5l \/ #54\/11"}]},{"@type":"WebSite","@id":"https:\/\/weplayagain.com\/#website","url":"https:\/\/weplayagain.com\/","name":"WePlayAgain A\/S","description":"K\u00f8b brugt - trygt, og til markedets skarpeste priser","publisher":{"@id":"https:\/\/weplayagain.com\/#organization"},"potentialAction":[{"@type":"SearchAction","target":{"@type":"EntryPoint","urlTemplate":"https:\/\/weplayagain.com\/?s={search_term_string}"},"query-input":{"@type":"PropertyValueSpecification","valueRequired":true,"valueName":"search_term_string"}}],"inLanguage":"da-DK"},{"@type":"Organization","@id":"https:\/\/weplayagain.com\/#organization","name":"WePlayAgain A\/S","url":"https:\/\/weplayagain.com\/","logo":{"@type":"ImageObject","inLanguage":"da-DK","@id":"https:\/\/weplayagain.com\/#\/schema\/logo\/image\/","url":"https:\/\/weplayagain.host9.slyde.dk\/wp-content\/uploads\/2022\/01\/Asset-8-8.png","contentUrl":"https:\/\/weplayagain.host9.slyde.dk\/wp-content\/uploads\/2022\/01\/Asset-8-8.png","width":2048,"height":454,"caption":"WePlayAgain A\/S"},"image":{"@id":"https:\/\/weplayagain.com\/#\/schema\/logo\/image\/"}}]}},"_links":{"self":[{"href":"https:\/\/weplayagain.host9.slyde.dk\/da\/wp-json\/wp\/v2\/product\/38217","targetHints":{"allow":["GET"]}}],"collection":[{"href":"https:\/\/weplayagain.host9.slyde.dk\/da\/wp-json\/wp\/v2\/product"}],"about":[{"href":"https:\/\/weplayagain.host9.slyde.dk\/da\/wp-json\/wp\/v2\/types\/product"}],"wp:featuredmedia":[{"embeddable":true,"href":"https:\/\/weplayagain.host9.slyde.dk\/da\/wp-json\/wp\/v2\/media\/38304"}],"wp:attachment":[{"href":"https:\/\/weplayagain.host9.slyde.dk\/da\/wp-json\/wp\/v2\/media?parent=38217"}],"wp:term":[{"taxonomy":"product_brand","embeddable":true,"href":"https:\/\/weplayagain.host9.slyde.dk\/da\/wp-json\/wp\/v2\/product_brand?post=38217"},{"taxonomy":"product_cat","embeddable":true,"href":"https:\/\/weplayagain.host9.slyde.dk\/da\/wp-json\/wp\/v2\/product_cat?post=38217"},{"taxonomy":"product_tag","embeddable":true,"href":"https:\/\/weplayagain.host9.slyde.dk\/da\/wp-json\/wp\/v2\/product_tag?post=38217"}],"curies":[{"name":"wp","href":"https:\/\/api.w.org\/{rel}","templated":true}]}}