{"id":38962,"date":"2025-02-27T18:57:10","date_gmt":"2025-02-27T17:57:10","guid":{"rendered":"https:\/\/weplayagain.com\/?post_type=product&#038;p=38962"},"modified":"2025-03-07T20:20:19","modified_gmt":"2025-03-07T19:20:19","slug":"titleist-t200-2023-driving-iron-grafit-4-21","status":"publish","type":"product","link":"https:\/\/weplayagain.host9.slyde.dk\/da\/vare\/titleist-t200-2023-driving-iron-grafit-4-21\/","title":{"rendered":"Titleist T200 2023 Driving Iron \/ Grafit \/ #4\/21"},"content":{"rendered":"<h3 id=\"titleist-t200-2023-4-driving-iron--distance-og-kontrol-i-perfekt-balance\">Titleist T200 2023 4 Driving Iron \u2013 distance og kontrol i perfekt balance<\/h3>\n<p><strong>Titleist T200 2023 4 Driving Iron<\/strong> kombinerer kraft og pr\u00e6cision i et tour-inspireret design. Med en avanceret <strong>hollow-body konstruktion<\/strong> og en <strong>forged face<\/strong>, skaber den h\u00f8j ballhastighed og en solid f\u00f8lelse i tr\u00e6ffet.<\/p>\n<h3 id=\"hvad-g\u00f8r-t200-4-driving-iron-st\u00e6rk\">Hvad g\u00f8r T200 4 Driving Iron st\u00e6rk?<\/h3>\n<p>\u2714 <strong>Ekstra l\u00e6ngde<\/strong> \u2013 <strong>Max Impact Technology<\/strong> sikrer optimal energioverf\u00f8rsel, selv ved tr\u00e6f uden for sweetspot.<br \/>\n\u2714 <strong>Stabilitet i slaget<\/strong> \u2013 <strong>Dual D18 Tungsten v\u00e6gtning<\/strong> giver en afbalanceret og konsekvent boldflugt.<br \/>\n\u2714 <strong>God kontakt med underlaget<\/strong> \u2013 En <strong>Vokey-inspireret s\u00e5l<\/strong> hj\u00e6lper med at glide let gennem gr\u00e6sset.<br \/>\n\u2714 <strong>Solid fornemmelse<\/strong> \u2013 Et optimeret chassis minimerer vibrationer og giver en renere kontakt.<\/p>\n<p>Uanset om den bruges fra tee eller til lange approachslag, leverer denne k\u00f8lle den power og kontrol, der skal til for at ramme dine m\u00e5l med selvtillid.<\/p>\n","protected":false},"excerpt":{"rendered":"<p>Titleist T200 2023 4 Driving Iron \u2013 distance og kontrol i perfekt balance Titleist T200 2023 4 Driving Iron kombinerer kraft og pr\u00e6cision i et tour-inspireret design. Med en avanceret hollow-body konstruktion og en forged face, skaber den h\u00f8j ballhastighed og en solid f\u00f8lelse i tr\u00e6ffet. Hvad g\u00f8r T200 4 Driving Iron st\u00e6rk? \u2714 Ekstra [&hellip;]<\/p>\n","protected":false},"featured_media":38949,"template":"","meta":{"_acf_changed":false},"product_brand":[],"product_cat":[1935],"product_tag":[],"class_list":{"0":"post-38962","1":"product","2":"type-product","3":"status-publish","4":"has-post-thumbnail","6":"product_cat-driving-iron-utiliti-iron","7":"pa_28935-men","8":"pa_brand-titleist","9":"pa_condition-brugt-som-ny","10":"pa_dexterity-hojre-haand","11":"pa_flex-stiff-flex","12":"pa_grip-titleist-standard","13":"pa_gripsize-standard","14":"pa_koelle-4-drivingiron","15":"pa_laengdesaet-standard-laengde","16":"pa_loft-638","17":"pa_model-t200-2023","18":"pa_skaft-hrzdus-black","19":"pa_skaft-materiale-grafit","20":"pa_sku-3199","22":"first","23":"instock","24":"taxable","25":"shipping-taxable","26":"purchasable","27":"product-type-simple"},"acf":[],"yoast_head":"<!-- This site is optimized with the Yoast SEO plugin v24.8.1 - https:\/\/yoast.com\/wordpress\/plugins\/seo\/ -->\n<title>Titleist T200 2023 Driving Iron \/ Grafit \/ #4\/21 - WePlayAgain A\/S<\/title>\n<meta name=\"description\" content=\"K\u00f8b Titleist T200 2023 Driving Iron \/ Grafit \/ #4\/21 hos WePlayAgain. Du f\u00e5r 2 \u00e5rs garanti og 14 dages pr\u00f8veperiode p\u00e5 vores brugte udstyr.\" \/>\n<meta name=\"robots\" content=\"noindex, follow, max-snippet:-1, max-image-preview:large, max-video-preview:-1\" \/>\n<meta property=\"og:locale\" content=\"da_DK\" \/>\n<meta property=\"og:type\" content=\"article\" \/>\n<meta property=\"og:title\" content=\"Titleist T200 2023 Driving Iron \/ Grafit \/ #4\/21 - WePlayAgain A\/S\" \/>\n<meta property=\"og:description\" content=\"K\u00f8b Titleist T200 2023 Driving Iron \/ Grafit \/ #4\/21 hos WePlayAgain. Du f\u00e5r 2 \u00e5rs garanti og 14 dages pr\u00f8veperiode p\u00e5 vores brugte udstyr.\" \/>\n<meta property=\"og:url\" content=\"https:\/\/weplayagain.com\/da\/vare\/titleist-t200-2023-driving-iron-grafit-4-21\/\" \/>\n<meta property=\"og:site_name\" content=\"WePlayAgain A\/S\" \/>\n<meta property=\"article:modified_time\" content=\"2025-03-07T19:20:19+00:00\" \/>\n<meta property=\"og:image\" content=\"https:\/\/weplayagain.com\/wp-content\/uploads\/2025\/02\/Photoroom_020_20250227_183415-scaled.jpeg\" \/>\n\t<meta property=\"og:image:width\" content=\"2048\" \/>\n\t<meta property=\"og:image:height\" content=\"2048\" \/>\n\t<meta property=\"og:image:type\" content=\"image\/jpeg\" \/>\n<meta name=\"twitter:card\" content=\"summary_large_image\" \/>\n<meta name=\"twitter:label1\" content=\"Estimeret l\u00e6setid\" \/>\n\t<meta name=\"twitter:data1\" content=\"1 minut\" \/>\n<script type=\"application\/ld+json\" class=\"yoast-schema-graph\">{\"@context\":\"https:\/\/schema.org\",\"@graph\":[{\"@type\":\"WebPage\",\"@id\":\"https:\/\/weplayagain.com\/da\/vare\/titleist-t200-2023-driving-iron-grafit-4-21\/\",\"url\":\"https:\/\/weplayagain.com\/da\/vare\/titleist-t200-2023-driving-iron-grafit-4-21\/\",\"name\":\"Titleist T200 2023 Driving Iron \/ Grafit \/ #4\/21 - WePlayAgain A\/S\",\"isPartOf\":{\"@id\":\"https:\/\/weplayagain.com\/#website\"},\"primaryImageOfPage\":{\"@id\":\"https:\/\/weplayagain.com\/da\/vare\/titleist-t200-2023-driving-iron-grafit-4-21\/#primaryimage\"},\"image\":{\"@id\":\"https:\/\/weplayagain.com\/da\/vare\/titleist-t200-2023-driving-iron-grafit-4-21\/#primaryimage\"},\"thumbnailUrl\":\"https:\/\/weplayagain.host9.slyde.dk\/wp-content\/uploads\/2025\/02\/Photoroom_020_20250227_183415-scaled.jpeg\",\"datePublished\":\"2025-02-27T17:57:10+00:00\",\"dateModified\":\"2025-03-07T19:20:19+00:00\",\"description\":\"K\u00f8b Titleist T200 2023 Driving Iron \/ Grafit \/ #4\/21 hos WePlayAgain. Du f\u00e5r 2 \u00e5rs garanti og 14 dages pr\u00f8veperiode p\u00e5 vores brugte udstyr.\",\"breadcrumb\":{\"@id\":\"https:\/\/weplayagain.com\/da\/vare\/titleist-t200-2023-driving-iron-grafit-4-21\/#breadcrumb\"},\"inLanguage\":\"da-DK\",\"potentialAction\":[{\"@type\":\"ReadAction\",\"target\":[\"https:\/\/weplayagain.com\/da\/vare\/titleist-t200-2023-driving-iron-grafit-4-21\/\"]}]},{\"@type\":\"ImageObject\",\"inLanguage\":\"da-DK\",\"@id\":\"https:\/\/weplayagain.com\/da\/vare\/titleist-t200-2023-driving-iron-grafit-4-21\/#primaryimage\",\"url\":\"https:\/\/weplayagain.host9.slyde.dk\/wp-content\/uploads\/2025\/02\/Photoroom_020_20250227_183415-scaled.jpeg\",\"contentUrl\":\"https:\/\/weplayagain.host9.slyde.dk\/wp-content\/uploads\/2025\/02\/Photoroom_020_20250227_183415-scaled.jpeg\",\"width\":2048,\"height\":2048},{\"@type\":\"BreadcrumbList\",\"@id\":\"https:\/\/weplayagain.com\/da\/vare\/titleist-t200-2023-driving-iron-grafit-4-21\/#breadcrumb\",\"itemListElement\":[{\"@type\":\"ListItem\",\"position\":1,\"name\":\"Hjem\",\"item\":\"https:\/\/weplayagain.com\/da\/\"},{\"@type\":\"ListItem\",\"position\":2,\"name\":\"Shop\",\"item\":\"https:\/\/weplayagain.com\/shop\/\"},{\"@type\":\"ListItem\",\"position\":3,\"name\":\"Titleist T200 2023 Driving Iron \/ Grafit \/ #4\/21\"}]},{\"@type\":\"WebSite\",\"@id\":\"https:\/\/weplayagain.com\/#website\",\"url\":\"https:\/\/weplayagain.com\/\",\"name\":\"WePlayAgain A\/S\",\"description\":\"K\u00f8b brugt - trygt, og til markedets skarpeste priser\",\"publisher\":{\"@id\":\"https:\/\/weplayagain.com\/#organization\"},\"potentialAction\":[{\"@type\":\"SearchAction\",\"target\":{\"@type\":\"EntryPoint\",\"urlTemplate\":\"https:\/\/weplayagain.com\/?s={search_term_string}\"},\"query-input\":{\"@type\":\"PropertyValueSpecification\",\"valueRequired\":true,\"valueName\":\"search_term_string\"}}],\"inLanguage\":\"da-DK\"},{\"@type\":\"Organization\",\"@id\":\"https:\/\/weplayagain.com\/#organization\",\"name\":\"WePlayAgain A\/S\",\"url\":\"https:\/\/weplayagain.com\/\",\"logo\":{\"@type\":\"ImageObject\",\"inLanguage\":\"da-DK\",\"@id\":\"https:\/\/weplayagain.com\/#\/schema\/logo\/image\/\",\"url\":\"https:\/\/weplayagain.host9.slyde.dk\/wp-content\/uploads\/2022\/01\/Asset-8-8.png\",\"contentUrl\":\"https:\/\/weplayagain.host9.slyde.dk\/wp-content\/uploads\/2022\/01\/Asset-8-8.png\",\"width\":2048,\"height\":454,\"caption\":\"WePlayAgain A\/S\"},\"image\":{\"@id\":\"https:\/\/weplayagain.com\/#\/schema\/logo\/image\/\"}}]}<\/script>\n<!-- \/ Yoast SEO plugin. -->","yoast_head_json":{"title":"Titleist T200 2023 Driving Iron \/ Grafit \/ #4\/21 - WePlayAgain A\/S","description":"K\u00f8b Titleist T200 2023 Driving Iron \/ Grafit \/ #4\/21 hos WePlayAgain. Du f\u00e5r 2 \u00e5rs garanti og 14 dages pr\u00f8veperiode p\u00e5 vores brugte udstyr.","robots":{"index":"noindex","follow":"follow","max-snippet":"max-snippet:-1","max-image-preview":"max-image-preview:large","max-video-preview":"max-video-preview:-1"},"og_locale":"da_DK","og_type":"article","og_title":"Titleist T200 2023 Driving Iron \/ Grafit \/ #4\/21 - WePlayAgain A\/S","og_description":"K\u00f8b Titleist T200 2023 Driving Iron \/ Grafit \/ #4\/21 hos WePlayAgain. Du f\u00e5r 2 \u00e5rs garanti og 14 dages pr\u00f8veperiode p\u00e5 vores brugte udstyr.","og_url":"https:\/\/weplayagain.com\/da\/vare\/titleist-t200-2023-driving-iron-grafit-4-21\/","og_site_name":"WePlayAgain A\/S","article_modified_time":"2025-03-07T19:20:19+00:00","og_image":[{"width":2048,"height":2048,"url":"https:\/\/weplayagain.com\/wp-content\/uploads\/2025\/02\/Photoroom_020_20250227_183415-scaled.jpeg","type":"image\/jpeg"}],"twitter_card":"summary_large_image","twitter_misc":{"Estimeret l\u00e6setid":"1 minut"},"schema":{"@context":"https:\/\/schema.org","@graph":[{"@type":"WebPage","@id":"https:\/\/weplayagain.com\/da\/vare\/titleist-t200-2023-driving-iron-grafit-4-21\/","url":"https:\/\/weplayagain.com\/da\/vare\/titleist-t200-2023-driving-iron-grafit-4-21\/","name":"Titleist T200 2023 Driving Iron \/ Grafit \/ #4\/21 - WePlayAgain A\/S","isPartOf":{"@id":"https:\/\/weplayagain.com\/#website"},"primaryImageOfPage":{"@id":"https:\/\/weplayagain.com\/da\/vare\/titleist-t200-2023-driving-iron-grafit-4-21\/#primaryimage"},"image":{"@id":"https:\/\/weplayagain.com\/da\/vare\/titleist-t200-2023-driving-iron-grafit-4-21\/#primaryimage"},"thumbnailUrl":"https:\/\/weplayagain.host9.slyde.dk\/wp-content\/uploads\/2025\/02\/Photoroom_020_20250227_183415-scaled.jpeg","datePublished":"2025-02-27T17:57:10+00:00","dateModified":"2025-03-07T19:20:19+00:00","description":"K\u00f8b Titleist T200 2023 Driving Iron \/ Grafit \/ #4\/21 hos WePlayAgain. Du f\u00e5r 2 \u00e5rs garanti og 14 dages pr\u00f8veperiode p\u00e5 vores brugte udstyr.","breadcrumb":{"@id":"https:\/\/weplayagain.com\/da\/vare\/titleist-t200-2023-driving-iron-grafit-4-21\/#breadcrumb"},"inLanguage":"da-DK","potentialAction":[{"@type":"ReadAction","target":["https:\/\/weplayagain.com\/da\/vare\/titleist-t200-2023-driving-iron-grafit-4-21\/"]}]},{"@type":"ImageObject","inLanguage":"da-DK","@id":"https:\/\/weplayagain.com\/da\/vare\/titleist-t200-2023-driving-iron-grafit-4-21\/#primaryimage","url":"https:\/\/weplayagain.host9.slyde.dk\/wp-content\/uploads\/2025\/02\/Photoroom_020_20250227_183415-scaled.jpeg","contentUrl":"https:\/\/weplayagain.host9.slyde.dk\/wp-content\/uploads\/2025\/02\/Photoroom_020_20250227_183415-scaled.jpeg","width":2048,"height":2048},{"@type":"BreadcrumbList","@id":"https:\/\/weplayagain.com\/da\/vare\/titleist-t200-2023-driving-iron-grafit-4-21\/#breadcrumb","itemListElement":[{"@type":"ListItem","position":1,"name":"Hjem","item":"https:\/\/weplayagain.com\/da\/"},{"@type":"ListItem","position":2,"name":"Shop","item":"https:\/\/weplayagain.com\/shop\/"},{"@type":"ListItem","position":3,"name":"Titleist T200 2023 Driving Iron \/ Grafit \/ #4\/21"}]},{"@type":"WebSite","@id":"https:\/\/weplayagain.com\/#website","url":"https:\/\/weplayagain.com\/","name":"WePlayAgain A\/S","description":"K\u00f8b brugt - trygt, og til markedets skarpeste priser","publisher":{"@id":"https:\/\/weplayagain.com\/#organization"},"potentialAction":[{"@type":"SearchAction","target":{"@type":"EntryPoint","urlTemplate":"https:\/\/weplayagain.com\/?s={search_term_string}"},"query-input":{"@type":"PropertyValueSpecification","valueRequired":true,"valueName":"search_term_string"}}],"inLanguage":"da-DK"},{"@type":"Organization","@id":"https:\/\/weplayagain.com\/#organization","name":"WePlayAgain A\/S","url":"https:\/\/weplayagain.com\/","logo":{"@type":"ImageObject","inLanguage":"da-DK","@id":"https:\/\/weplayagain.com\/#\/schema\/logo\/image\/","url":"https:\/\/weplayagain.host9.slyde.dk\/wp-content\/uploads\/2022\/01\/Asset-8-8.png","contentUrl":"https:\/\/weplayagain.host9.slyde.dk\/wp-content\/uploads\/2022\/01\/Asset-8-8.png","width":2048,"height":454,"caption":"WePlayAgain A\/S"},"image":{"@id":"https:\/\/weplayagain.com\/#\/schema\/logo\/image\/"}}]}},"_links":{"self":[{"href":"https:\/\/weplayagain.host9.slyde.dk\/da\/wp-json\/wp\/v2\/product\/38962","targetHints":{"allow":["GET"]}}],"collection":[{"href":"https:\/\/weplayagain.host9.slyde.dk\/da\/wp-json\/wp\/v2\/product"}],"about":[{"href":"https:\/\/weplayagain.host9.slyde.dk\/da\/wp-json\/wp\/v2\/types\/product"}],"wp:featuredmedia":[{"embeddable":true,"href":"https:\/\/weplayagain.host9.slyde.dk\/da\/wp-json\/wp\/v2\/media\/38949"}],"wp:attachment":[{"href":"https:\/\/weplayagain.host9.slyde.dk\/da\/wp-json\/wp\/v2\/media?parent=38962"}],"wp:term":[{"taxonomy":"product_brand","embeddable":true,"href":"https:\/\/weplayagain.host9.slyde.dk\/da\/wp-json\/wp\/v2\/product_brand?post=38962"},{"taxonomy":"product_cat","embeddable":true,"href":"https:\/\/weplayagain.host9.slyde.dk\/da\/wp-json\/wp\/v2\/product_cat?post=38962"},{"taxonomy":"product_tag","embeddable":true,"href":"https:\/\/weplayagain.host9.slyde.dk\/da\/wp-json\/wp\/v2\/product_tag?post=38962"}],"curies":[{"name":"wp","href":"https:\/\/api.w.org\/{rel}","templated":true}]}}