{"id":39391,"date":"2025-03-06T15:20:12","date_gmt":"2025-03-06T14:20:12","guid":{"rendered":"https:\/\/weplayagain.com\/?post_type=product&#038;p=39391"},"modified":"2025-04-29T13:50:30","modified_gmt":"2025-04-29T12:50:30","slug":"taylormade-stealth-2-plus-hybrid-flex-stiff-grafit-3-19-5","status":"publish","type":"product","link":"https:\/\/weplayagain.host9.slyde.dk\/da\/vare\/taylormade-stealth-2-plus-hybrid-flex-stiff-grafit-3-19-5\/","title":{"rendered":"TaylorMade Stealth 2 Plus Hybrid \/ Flex Stiff \/ Grafit \/ #3\/19.5"},"content":{"rendered":"<h3 id=\"taylormade-stealth-2-plus-3-hybrid--pr\u00e6cision-og-power-i-\u00e9t\">TaylorMade Stealth 2 Plus 3 Hybrid \u2013 pr\u00e6cision og power i \u00e9t<\/h3>\n<p>TaylorMade Stealth 2 Plus 3 Hybrid er skabt til golfspillere, der vil have maksimal kontrol og l\u00e6ngde fra b\u00e5de fairway og rough. Med avanceret teknologi og en justerbar hals giver den fleksibilitet til at tilpasse slagene pr\u00e6cist efter spillestil.<\/p>\n<h3 id=\"n\u00f8glefunktioner\">N\u00f8glefunktioner:<\/h3>\n<ul>\n<li><strong>V-Steel Sole<\/strong> \u2013 Sikrer bedre kontakt med underlaget og mere stabilitet i slagene.<\/li>\n<li><strong>Thru-Slot Speed Pocket<\/strong> \u2013 \u00d8ger boldhastighed og sikrer afstand, selv ved tr\u00e6f uden for sweetspot.<\/li>\n<li><strong>Inverted Cone Technology<\/strong> \u2013 Udvider sweetspot&#8217;et og giver mere j\u00e6vne og pr\u00e6cise slag.<\/li>\n<li><strong>Justerbar hals<\/strong> \u2013 Mulighed for at \u00e6ndre loft og spin for optimal tilpasning.<\/li>\n<\/ul>\n<p>En hybrid med en Tour-inspireret form og alsidig ydeevne \u2013 oplagt til spillere, der vil have ekstra pr\u00e6cision og l\u00e6ngde i bag&#8217;en.<\/p>\n","protected":false},"excerpt":{"rendered":"<p>TaylorMade Stealth 2 Plus 3 Hybrid \u2013 pr\u00e6cision og power i \u00e9t TaylorMade Stealth 2 Plus 3 Hybrid er skabt til golfspillere, der vil have maksimal kontrol og l\u00e6ngde fra b\u00e5de fairway og rough. Med avanceret teknologi og en justerbar hals giver den fleksibilitet til at tilpasse slagene pr\u00e6cist efter spillestil. N\u00f8glefunktioner: V-Steel Sole \u2013 [&hellip;]<\/p>\n","protected":false},"featured_media":39365,"template":"","meta":{"_acf_changed":false},"product_brand":[],"product_cat":[556],"product_tag":[],"class_list":{"0":"post-39391","1":"product","2":"type-product","3":"status-publish","4":"has-post-thumbnail","6":"product_cat-hybridkoeller","7":"pa_28935-men","8":"pa_brand-taylormade","9":"pa_condition-brugt-okay-stand","10":"pa_dexterity-hojre-haand","11":"pa_flex-stiff-flex","12":"pa_grip-golfpride-multicompound-align-grip","13":"pa_gripsize-midsize","14":"pa_headcover-ja","15":"pa_koelle-3-hybrid","16":"pa_loft-19-5","17":"pa_model-stealth-2-plus","18":"pa_skaft-kaili-red","19":"pa_skaft-materiale-grafit","20":"pa_sku-3292","22":"first","23":"instock","24":"taxable","25":"shipping-taxable","26":"purchasable","27":"product-type-simple"},"acf":[],"yoast_head":"<!-- This site is optimized with the Yoast SEO plugin v24.8.1 - https:\/\/yoast.com\/wordpress\/plugins\/seo\/ -->\n<title>K\u00f8b brugt TaylorMade Stealth 2 Plus Hybrid hos WePlayAgain | EU Prisgaranti<\/title>\n<meta name=\"description\" content=\"Billig TaylorMade Stealth 2 Plus Hybrid | Spar op til 54% af nyprisen. 2 \u00e5rs garanti | 14 dages pr\u00f8veperiode | EU Prisgaranti\" \/>\n<meta name=\"robots\" content=\"noindex, follow, max-snippet:-1, max-image-preview:large, max-video-preview:-1\" \/>\n<meta property=\"og:locale\" content=\"da_DK\" \/>\n<meta property=\"og:type\" content=\"article\" \/>\n<meta property=\"og:title\" content=\"K\u00f8b brugt TaylorMade Stealth 2 Plus Hybrid hos WePlayAgain | EU Prisgaranti\" \/>\n<meta property=\"og:description\" content=\"Billig TaylorMade Stealth 2 Plus Hybrid | Spar op til 54% af nyprisen. 2 \u00e5rs garanti | 14 dages pr\u00f8veperiode | EU Prisgaranti\" \/>\n<meta property=\"og:url\" content=\"https:\/\/weplayagain.com\/da\/vare\/taylormade-stealth-2-plus-hybrid-flex-stiff-grafit-3-19-5\/\" \/>\n<meta property=\"og:site_name\" content=\"WePlayAgain A\/S\" \/>\n<meta property=\"article:modified_time\" content=\"2025-04-29T12:50:30+00:00\" \/>\n<meta property=\"og:image\" content=\"https:\/\/weplayagain.com\/wp-content\/uploads\/2025\/03\/Photoroom_022_20250306_134257-scaled.jpeg\" \/>\n\t<meta property=\"og:image:width\" content=\"2048\" \/>\n\t<meta property=\"og:image:height\" content=\"2048\" \/>\n\t<meta property=\"og:image:type\" content=\"image\/jpeg\" \/>\n<meta name=\"twitter:card\" content=\"summary_large_image\" \/>\n<meta name=\"twitter:label1\" content=\"Estimeret l\u00e6setid\" \/>\n\t<meta name=\"twitter:data1\" content=\"1 minut\" \/>\n<script type=\"application\/ld+json\" class=\"yoast-schema-graph\">{\"@context\":\"https:\/\/schema.org\",\"@graph\":[{\"@type\":\"WebPage\",\"@id\":\"https:\/\/weplayagain.com\/da\/vare\/taylormade-stealth-2-plus-hybrid-flex-stiff-grafit-3-19-5\/\",\"url\":\"https:\/\/weplayagain.com\/da\/vare\/taylormade-stealth-2-plus-hybrid-flex-stiff-grafit-3-19-5\/\",\"name\":\"K\u00f8b brugt TaylorMade Stealth 2 Plus Hybrid hos WePlayAgain | EU Prisgaranti\",\"isPartOf\":{\"@id\":\"https:\/\/weplayagain.com\/#website\"},\"primaryImageOfPage\":{\"@id\":\"https:\/\/weplayagain.com\/da\/vare\/taylormade-stealth-2-plus-hybrid-flex-stiff-grafit-3-19-5\/#primaryimage\"},\"image\":{\"@id\":\"https:\/\/weplayagain.com\/da\/vare\/taylormade-stealth-2-plus-hybrid-flex-stiff-grafit-3-19-5\/#primaryimage\"},\"thumbnailUrl\":\"https:\/\/weplayagain.host9.slyde.dk\/wp-content\/uploads\/2025\/03\/Photoroom_022_20250306_134257-scaled.jpeg\",\"datePublished\":\"2025-03-06T14:20:12+00:00\",\"dateModified\":\"2025-04-29T12:50:30+00:00\",\"description\":\"Billig TaylorMade Stealth 2 Plus Hybrid | Spar op til 54% af nyprisen. 2 \u00e5rs garanti | 14 dages pr\u00f8veperiode | EU Prisgaranti\",\"breadcrumb\":{\"@id\":\"https:\/\/weplayagain.com\/da\/vare\/taylormade-stealth-2-plus-hybrid-flex-stiff-grafit-3-19-5\/#breadcrumb\"},\"inLanguage\":\"da-DK\",\"potentialAction\":[{\"@type\":\"ReadAction\",\"target\":[\"https:\/\/weplayagain.com\/da\/vare\/taylormade-stealth-2-plus-hybrid-flex-stiff-grafit-3-19-5\/\"]}]},{\"@type\":\"ImageObject\",\"inLanguage\":\"da-DK\",\"@id\":\"https:\/\/weplayagain.com\/da\/vare\/taylormade-stealth-2-plus-hybrid-flex-stiff-grafit-3-19-5\/#primaryimage\",\"url\":\"https:\/\/weplayagain.host9.slyde.dk\/wp-content\/uploads\/2025\/03\/Photoroom_022_20250306_134257-scaled.jpeg\",\"contentUrl\":\"https:\/\/weplayagain.host9.slyde.dk\/wp-content\/uploads\/2025\/03\/Photoroom_022_20250306_134257-scaled.jpeg\",\"width\":2048,\"height\":2048},{\"@type\":\"BreadcrumbList\",\"@id\":\"https:\/\/weplayagain.com\/da\/vare\/taylormade-stealth-2-plus-hybrid-flex-stiff-grafit-3-19-5\/#breadcrumb\",\"itemListElement\":[{\"@type\":\"ListItem\",\"position\":1,\"name\":\"Hjem\",\"item\":\"https:\/\/weplayagain.com\/da\/\"},{\"@type\":\"ListItem\",\"position\":2,\"name\":\"Shop\",\"item\":\"https:\/\/weplayagain.com\/shop\/\"},{\"@type\":\"ListItem\",\"position\":3,\"name\":\"TaylorMade Stealth 2 Plus Hybrid \/ Flex Stiff \/ Grafit \/ #3\/19.5\"}]},{\"@type\":\"WebSite\",\"@id\":\"https:\/\/weplayagain.com\/#website\",\"url\":\"https:\/\/weplayagain.com\/\",\"name\":\"WePlayAgain A\/S\",\"description\":\"K\u00f8b brugt - trygt, og til markedets skarpeste priser\",\"publisher\":{\"@id\":\"https:\/\/weplayagain.com\/#organization\"},\"potentialAction\":[{\"@type\":\"SearchAction\",\"target\":{\"@type\":\"EntryPoint\",\"urlTemplate\":\"https:\/\/weplayagain.com\/?s={search_term_string}\"},\"query-input\":{\"@type\":\"PropertyValueSpecification\",\"valueRequired\":true,\"valueName\":\"search_term_string\"}}],\"inLanguage\":\"da-DK\"},{\"@type\":\"Organization\",\"@id\":\"https:\/\/weplayagain.com\/#organization\",\"name\":\"WePlayAgain A\/S\",\"url\":\"https:\/\/weplayagain.com\/\",\"logo\":{\"@type\":\"ImageObject\",\"inLanguage\":\"da-DK\",\"@id\":\"https:\/\/weplayagain.com\/#\/schema\/logo\/image\/\",\"url\":\"https:\/\/weplayagain.host9.slyde.dk\/wp-content\/uploads\/2022\/01\/Asset-8-8.png\",\"contentUrl\":\"https:\/\/weplayagain.host9.slyde.dk\/wp-content\/uploads\/2022\/01\/Asset-8-8.png\",\"width\":2048,\"height\":454,\"caption\":\"WePlayAgain A\/S\"},\"image\":{\"@id\":\"https:\/\/weplayagain.com\/#\/schema\/logo\/image\/\"}}]}<\/script>\n<!-- \/ Yoast SEO plugin. -->","yoast_head_json":{"title":"K\u00f8b brugt TaylorMade Stealth 2 Plus Hybrid hos WePlayAgain | EU Prisgaranti","description":"Billig TaylorMade Stealth 2 Plus Hybrid | Spar op til 54% af nyprisen. 2 \u00e5rs garanti | 14 dages pr\u00f8veperiode | EU Prisgaranti","robots":{"index":"noindex","follow":"follow","max-snippet":"max-snippet:-1","max-image-preview":"max-image-preview:large","max-video-preview":"max-video-preview:-1"},"og_locale":"da_DK","og_type":"article","og_title":"K\u00f8b brugt TaylorMade Stealth 2 Plus Hybrid hos WePlayAgain | EU Prisgaranti","og_description":"Billig TaylorMade Stealth 2 Plus Hybrid | Spar op til 54% af nyprisen. 2 \u00e5rs garanti | 14 dages pr\u00f8veperiode | EU Prisgaranti","og_url":"https:\/\/weplayagain.com\/da\/vare\/taylormade-stealth-2-plus-hybrid-flex-stiff-grafit-3-19-5\/","og_site_name":"WePlayAgain A\/S","article_modified_time":"2025-04-29T12:50:30+00:00","og_image":[{"width":2048,"height":2048,"url":"https:\/\/weplayagain.com\/wp-content\/uploads\/2025\/03\/Photoroom_022_20250306_134257-scaled.jpeg","type":"image\/jpeg"}],"twitter_card":"summary_large_image","twitter_misc":{"Estimeret l\u00e6setid":"1 minut"},"schema":{"@context":"https:\/\/schema.org","@graph":[{"@type":"WebPage","@id":"https:\/\/weplayagain.com\/da\/vare\/taylormade-stealth-2-plus-hybrid-flex-stiff-grafit-3-19-5\/","url":"https:\/\/weplayagain.com\/da\/vare\/taylormade-stealth-2-plus-hybrid-flex-stiff-grafit-3-19-5\/","name":"K\u00f8b brugt TaylorMade Stealth 2 Plus Hybrid hos WePlayAgain | EU Prisgaranti","isPartOf":{"@id":"https:\/\/weplayagain.com\/#website"},"primaryImageOfPage":{"@id":"https:\/\/weplayagain.com\/da\/vare\/taylormade-stealth-2-plus-hybrid-flex-stiff-grafit-3-19-5\/#primaryimage"},"image":{"@id":"https:\/\/weplayagain.com\/da\/vare\/taylormade-stealth-2-plus-hybrid-flex-stiff-grafit-3-19-5\/#primaryimage"},"thumbnailUrl":"https:\/\/weplayagain.host9.slyde.dk\/wp-content\/uploads\/2025\/03\/Photoroom_022_20250306_134257-scaled.jpeg","datePublished":"2025-03-06T14:20:12+00:00","dateModified":"2025-04-29T12:50:30+00:00","description":"Billig TaylorMade Stealth 2 Plus Hybrid | Spar op til 54% af nyprisen. 2 \u00e5rs garanti | 14 dages pr\u00f8veperiode | EU Prisgaranti","breadcrumb":{"@id":"https:\/\/weplayagain.com\/da\/vare\/taylormade-stealth-2-plus-hybrid-flex-stiff-grafit-3-19-5\/#breadcrumb"},"inLanguage":"da-DK","potentialAction":[{"@type":"ReadAction","target":["https:\/\/weplayagain.com\/da\/vare\/taylormade-stealth-2-plus-hybrid-flex-stiff-grafit-3-19-5\/"]}]},{"@type":"ImageObject","inLanguage":"da-DK","@id":"https:\/\/weplayagain.com\/da\/vare\/taylormade-stealth-2-plus-hybrid-flex-stiff-grafit-3-19-5\/#primaryimage","url":"https:\/\/weplayagain.host9.slyde.dk\/wp-content\/uploads\/2025\/03\/Photoroom_022_20250306_134257-scaled.jpeg","contentUrl":"https:\/\/weplayagain.host9.slyde.dk\/wp-content\/uploads\/2025\/03\/Photoroom_022_20250306_134257-scaled.jpeg","width":2048,"height":2048},{"@type":"BreadcrumbList","@id":"https:\/\/weplayagain.com\/da\/vare\/taylormade-stealth-2-plus-hybrid-flex-stiff-grafit-3-19-5\/#breadcrumb","itemListElement":[{"@type":"ListItem","position":1,"name":"Hjem","item":"https:\/\/weplayagain.com\/da\/"},{"@type":"ListItem","position":2,"name":"Shop","item":"https:\/\/weplayagain.com\/shop\/"},{"@type":"ListItem","position":3,"name":"TaylorMade Stealth 2 Plus Hybrid \/ Flex Stiff \/ Grafit \/ #3\/19.5"}]},{"@type":"WebSite","@id":"https:\/\/weplayagain.com\/#website","url":"https:\/\/weplayagain.com\/","name":"WePlayAgain A\/S","description":"K\u00f8b brugt - trygt, og til markedets skarpeste priser","publisher":{"@id":"https:\/\/weplayagain.com\/#organization"},"potentialAction":[{"@type":"SearchAction","target":{"@type":"EntryPoint","urlTemplate":"https:\/\/weplayagain.com\/?s={search_term_string}"},"query-input":{"@type":"PropertyValueSpecification","valueRequired":true,"valueName":"search_term_string"}}],"inLanguage":"da-DK"},{"@type":"Organization","@id":"https:\/\/weplayagain.com\/#organization","name":"WePlayAgain A\/S","url":"https:\/\/weplayagain.com\/","logo":{"@type":"ImageObject","inLanguage":"da-DK","@id":"https:\/\/weplayagain.com\/#\/schema\/logo\/image\/","url":"https:\/\/weplayagain.host9.slyde.dk\/wp-content\/uploads\/2022\/01\/Asset-8-8.png","contentUrl":"https:\/\/weplayagain.host9.slyde.dk\/wp-content\/uploads\/2022\/01\/Asset-8-8.png","width":2048,"height":454,"caption":"WePlayAgain A\/S"},"image":{"@id":"https:\/\/weplayagain.com\/#\/schema\/logo\/image\/"}}]}},"_links":{"self":[{"href":"https:\/\/weplayagain.host9.slyde.dk\/da\/wp-json\/wp\/v2\/product\/39391","targetHints":{"allow":["GET"]}}],"collection":[{"href":"https:\/\/weplayagain.host9.slyde.dk\/da\/wp-json\/wp\/v2\/product"}],"about":[{"href":"https:\/\/weplayagain.host9.slyde.dk\/da\/wp-json\/wp\/v2\/types\/product"}],"wp:featuredmedia":[{"embeddable":true,"href":"https:\/\/weplayagain.host9.slyde.dk\/da\/wp-json\/wp\/v2\/media\/39365"}],"wp:attachment":[{"href":"https:\/\/weplayagain.host9.slyde.dk\/da\/wp-json\/wp\/v2\/media?parent=39391"}],"wp:term":[{"taxonomy":"product_brand","embeddable":true,"href":"https:\/\/weplayagain.host9.slyde.dk\/da\/wp-json\/wp\/v2\/product_brand?post=39391"},{"taxonomy":"product_cat","embeddable":true,"href":"https:\/\/weplayagain.host9.slyde.dk\/da\/wp-json\/wp\/v2\/product_cat?post=39391"},{"taxonomy":"product_tag","embeddable":true,"href":"https:\/\/weplayagain.host9.slyde.dk\/da\/wp-json\/wp\/v2\/product_tag?post=39391"}],"curies":[{"name":"wp","href":"https:\/\/api.w.org\/{rel}","templated":true}]}}