{"id":39451,"date":"2025-03-06T16:46:59","date_gmt":"2025-03-06T15:46:59","guid":{"rendered":"https:\/\/weplayagain.com\/?post_type=product&#038;p=39451"},"modified":"2025-03-06T16:49:32","modified_gmt":"2025-03-06T15:49:32","slug":"titleist-913d3-driver-hoved-loft-8-5","status":"publish","type":"product","link":"https:\/\/weplayagain.host9.slyde.dk\/da\/vare\/titleist-913d3-driver-hoved-loft-8-5\/","title":{"rendered":"Titleist 913D3 Driver hoved \/ Loft 8.5"},"content":{"rendered":"<p><span class=\"gmail-s3\">\u2714\ufe0f <\/span><span class=\"gmail-s2\"><b>God stand<\/b><strong>:<\/strong> Produktet har i mindre grad ridser.<br \/>\n<span class=\"gmail-s3\">\u2714\ufe0f<\/span><b> <\/b><strong>Produktet<\/strong> er 100% funktionsdygtig.<\/span><br \/>\n<span class=\"gmail-s3\">?<\/span><span class=\"gmail-s2\"><b> Pr\u00f8v i 14 dage og vurder om produktet passer dig.<\/b><\/span><br \/>\n<span class=\"gmail-s4\">?<\/span><span class=\"gmail-s1\"><b> Levering: 1-2 dage.<\/b><\/span><\/p>\n","protected":false},"excerpt":{"rendered":"<p>\u2714\ufe0f God stand: Produktet har i mindre grad ridser. \u2714\ufe0f Produktet er 100% funktionsdygtig. ? Pr\u00f8v i 14 dage og vurder om produktet passer dig. ? Levering: 1-2 dage.<\/p>\n","protected":false},"featured_media":39442,"template":"","meta":{"_acf_changed":false},"product_brand":[],"product_cat":[2700],"product_tag":[],"class_list":{"0":"post-39451","1":"product","2":"type-product","3":"status-publish","4":"has-post-thumbnail","6":"product_cat-driver-hoved","7":"pa_brand-titleist","8":"pa_condition-brugt-god-stand","9":"pa_dexterity-hojre-haand","10":"pa_headcover-no","11":"pa_koelle-driver","12":"pa_loft-8-5","13":"pa_model-913d3","15":"first","16":"instock","17":"taxable","18":"shipping-taxable","19":"purchasable","20":"product-type-simple"},"acf":[],"yoast_head":"<!-- This site is optimized with the Yoast SEO plugin v24.8.1 - https:\/\/yoast.com\/wordpress\/plugins\/seo\/ -->\n<title>Titleist 913D3 Driver hoved \/ Loft 8.5 - Brugt Fairway K\u00f8lle<\/title>\n<meta name=\"description\" content=\"K\u00f8b Titleist 913D3 Driver hoved \/ Loft 8.5 hos WePlayAgain. Du f\u00e5r 2 \u00e5rs garanti og 14 dages pr\u00f8veperiode p\u00e5 vores brugte udstyr.\" \/>\n<meta name=\"robots\" content=\"noindex, follow, max-snippet:-1, max-image-preview:large, max-video-preview:-1\" \/>\n<meta property=\"og:locale\" content=\"da_DK\" \/>\n<meta property=\"og:type\" content=\"article\" \/>\n<meta property=\"og:title\" content=\"Wilson Staff Launch Pad 2022 Fairway Wood \/ Flex Ladies \/ #7\/22\" \/>\n<meta property=\"og:description\" content=\"K\u00f8b Titleist 913D3 Driver hoved \/ Loft 8.5 hos WePlayAgain. Du f\u00e5r 2 \u00e5rs garanti og 14 dages pr\u00f8veperiode p\u00e5 vores brugte udstyr.\" \/>\n<meta property=\"og:url\" content=\"https:\/\/weplayagain.com\/da\/vare\/titleist-913d3-driver-hoved-loft-8-5\/\" \/>\n<meta property=\"og:site_name\" content=\"WePlayAgain A\/S\" \/>\n<meta property=\"article:modified_time\" content=\"2025-03-06T15:49:32+00:00\" \/>\n<meta property=\"og:image\" content=\"https:\/\/weplayagain.com\/wp-content\/uploads\/2023\/09\/PhotoRoom_023_20230925_112115.jpg\" \/>\n\t<meta property=\"og:image:width\" content=\"2000\" \/>\n\t<meta property=\"og:image:height\" content=\"2000\" \/>\n\t<meta property=\"og:image:type\" content=\"image\/jpeg\" \/>\n<meta name=\"twitter:card\" content=\"summary_large_image\" \/>\n<meta name=\"twitter:label1\" content=\"Estimeret l\u00e6setid\" \/>\n\t<meta name=\"twitter:data1\" content=\"1 minut\" \/>\n<script type=\"application\/ld+json\" class=\"yoast-schema-graph\">{\"@context\":\"https:\/\/schema.org\",\"@graph\":[{\"@type\":\"WebPage\",\"@id\":\"https:\/\/weplayagain.com\/da\/vare\/titleist-913d3-driver-hoved-loft-8-5\/\",\"url\":\"https:\/\/weplayagain.com\/da\/vare\/titleist-913d3-driver-hoved-loft-8-5\/\",\"name\":\"Titleist 913D3 Driver hoved \/ Loft 8.5 - Brugt Fairway K\u00f8lle\",\"isPartOf\":{\"@id\":\"https:\/\/weplayagain.com\/#website\"},\"primaryImageOfPage\":{\"@id\":\"https:\/\/weplayagain.com\/da\/vare\/titleist-913d3-driver-hoved-loft-8-5\/#primaryimage\"},\"image\":{\"@id\":\"https:\/\/weplayagain.com\/da\/vare\/titleist-913d3-driver-hoved-loft-8-5\/#primaryimage\"},\"thumbnailUrl\":\"https:\/\/weplayagain.host9.slyde.dk\/wp-content\/uploads\/2025\/03\/Photoroom_000_20250306_164346-scaled.jpeg\",\"datePublished\":\"2025-03-06T15:46:59+00:00\",\"dateModified\":\"2025-03-06T15:49:32+00:00\",\"description\":\"K\u00f8b Titleist 913D3 Driver hoved \/ Loft 8.5 hos WePlayAgain. Du f\u00e5r 2 \u00e5rs garanti og 14 dages pr\u00f8veperiode p\u00e5 vores brugte udstyr.\",\"breadcrumb\":{\"@id\":\"https:\/\/weplayagain.com\/da\/vare\/titleist-913d3-driver-hoved-loft-8-5\/#breadcrumb\"},\"inLanguage\":\"da-DK\",\"potentialAction\":[{\"@type\":\"ReadAction\",\"target\":[\"https:\/\/weplayagain.com\/da\/vare\/titleist-913d3-driver-hoved-loft-8-5\/\"]}]},{\"@type\":\"ImageObject\",\"inLanguage\":\"da-DK\",\"@id\":\"https:\/\/weplayagain.com\/da\/vare\/titleist-913d3-driver-hoved-loft-8-5\/#primaryimage\",\"url\":\"https:\/\/weplayagain.host9.slyde.dk\/wp-content\/uploads\/2025\/03\/Photoroom_000_20250306_164346-scaled.jpeg\",\"contentUrl\":\"https:\/\/weplayagain.host9.slyde.dk\/wp-content\/uploads\/2025\/03\/Photoroom_000_20250306_164346-scaled.jpeg\",\"width\":2048,\"height\":2048},{\"@type\":\"BreadcrumbList\",\"@id\":\"https:\/\/weplayagain.com\/da\/vare\/titleist-913d3-driver-hoved-loft-8-5\/#breadcrumb\",\"itemListElement\":[{\"@type\":\"ListItem\",\"position\":1,\"name\":\"Hjem\",\"item\":\"https:\/\/weplayagain.com\/da\/\"},{\"@type\":\"ListItem\",\"position\":2,\"name\":\"Shop\",\"item\":\"https:\/\/weplayagain.com\/shop\/\"},{\"@type\":\"ListItem\",\"position\":3,\"name\":\"Titleist 913D3 Driver hoved \/ Loft 8.5\"}]},{\"@type\":\"WebSite\",\"@id\":\"https:\/\/weplayagain.com\/#website\",\"url\":\"https:\/\/weplayagain.com\/\",\"name\":\"WePlayAgain A\/S\",\"description\":\"K\u00f8b brugt - trygt, og til markedets skarpeste priser\",\"publisher\":{\"@id\":\"https:\/\/weplayagain.com\/#organization\"},\"potentialAction\":[{\"@type\":\"SearchAction\",\"target\":{\"@type\":\"EntryPoint\",\"urlTemplate\":\"https:\/\/weplayagain.com\/?s={search_term_string}\"},\"query-input\":{\"@type\":\"PropertyValueSpecification\",\"valueRequired\":true,\"valueName\":\"search_term_string\"}}],\"inLanguage\":\"da-DK\"},{\"@type\":\"Organization\",\"@id\":\"https:\/\/weplayagain.com\/#organization\",\"name\":\"WePlayAgain A\/S\",\"url\":\"https:\/\/weplayagain.com\/\",\"logo\":{\"@type\":\"ImageObject\",\"inLanguage\":\"da-DK\",\"@id\":\"https:\/\/weplayagain.com\/#\/schema\/logo\/image\/\",\"url\":\"https:\/\/weplayagain.host9.slyde.dk\/wp-content\/uploads\/2022\/01\/Asset-8-8.png\",\"contentUrl\":\"https:\/\/weplayagain.host9.slyde.dk\/wp-content\/uploads\/2022\/01\/Asset-8-8.png\",\"width\":2048,\"height\":454,\"caption\":\"WePlayAgain A\/S\"},\"image\":{\"@id\":\"https:\/\/weplayagain.com\/#\/schema\/logo\/image\/\"}}]}<\/script>\n<!-- \/ Yoast SEO plugin. -->","yoast_head_json":{"title":"Titleist 913D3 Driver hoved \/ Loft 8.5 - Brugt Fairway K\u00f8lle","description":"K\u00f8b Titleist 913D3 Driver hoved \/ Loft 8.5 hos WePlayAgain. Du f\u00e5r 2 \u00e5rs garanti og 14 dages pr\u00f8veperiode p\u00e5 vores brugte udstyr.","robots":{"index":"noindex","follow":"follow","max-snippet":"max-snippet:-1","max-image-preview":"max-image-preview:large","max-video-preview":"max-video-preview:-1"},"og_locale":"da_DK","og_type":"article","og_title":"Wilson Staff Launch Pad 2022 Fairway Wood \/ Flex Ladies \/ #7\/22","og_description":"K\u00f8b Titleist 913D3 Driver hoved \/ Loft 8.5 hos WePlayAgain. Du f\u00e5r 2 \u00e5rs garanti og 14 dages pr\u00f8veperiode p\u00e5 vores brugte udstyr.","og_url":"https:\/\/weplayagain.com\/da\/vare\/titleist-913d3-driver-hoved-loft-8-5\/","og_site_name":"WePlayAgain A\/S","article_modified_time":"2025-03-06T15:49:32+00:00","og_image":[{"width":2000,"height":2000,"url":"https:\/\/weplayagain.com\/wp-content\/uploads\/2023\/09\/PhotoRoom_023_20230925_112115.jpg","type":"image\/jpeg"}],"twitter_card":"summary_large_image","twitter_misc":{"Estimeret l\u00e6setid":"1 minut"},"schema":{"@context":"https:\/\/schema.org","@graph":[{"@type":"WebPage","@id":"https:\/\/weplayagain.com\/da\/vare\/titleist-913d3-driver-hoved-loft-8-5\/","url":"https:\/\/weplayagain.com\/da\/vare\/titleist-913d3-driver-hoved-loft-8-5\/","name":"Titleist 913D3 Driver hoved \/ Loft 8.5 - Brugt Fairway K\u00f8lle","isPartOf":{"@id":"https:\/\/weplayagain.com\/#website"},"primaryImageOfPage":{"@id":"https:\/\/weplayagain.com\/da\/vare\/titleist-913d3-driver-hoved-loft-8-5\/#primaryimage"},"image":{"@id":"https:\/\/weplayagain.com\/da\/vare\/titleist-913d3-driver-hoved-loft-8-5\/#primaryimage"},"thumbnailUrl":"https:\/\/weplayagain.host9.slyde.dk\/wp-content\/uploads\/2025\/03\/Photoroom_000_20250306_164346-scaled.jpeg","datePublished":"2025-03-06T15:46:59+00:00","dateModified":"2025-03-06T15:49:32+00:00","description":"K\u00f8b Titleist 913D3 Driver hoved \/ Loft 8.5 hos WePlayAgain. Du f\u00e5r 2 \u00e5rs garanti og 14 dages pr\u00f8veperiode p\u00e5 vores brugte udstyr.","breadcrumb":{"@id":"https:\/\/weplayagain.com\/da\/vare\/titleist-913d3-driver-hoved-loft-8-5\/#breadcrumb"},"inLanguage":"da-DK","potentialAction":[{"@type":"ReadAction","target":["https:\/\/weplayagain.com\/da\/vare\/titleist-913d3-driver-hoved-loft-8-5\/"]}]},{"@type":"ImageObject","inLanguage":"da-DK","@id":"https:\/\/weplayagain.com\/da\/vare\/titleist-913d3-driver-hoved-loft-8-5\/#primaryimage","url":"https:\/\/weplayagain.host9.slyde.dk\/wp-content\/uploads\/2025\/03\/Photoroom_000_20250306_164346-scaled.jpeg","contentUrl":"https:\/\/weplayagain.host9.slyde.dk\/wp-content\/uploads\/2025\/03\/Photoroom_000_20250306_164346-scaled.jpeg","width":2048,"height":2048},{"@type":"BreadcrumbList","@id":"https:\/\/weplayagain.com\/da\/vare\/titleist-913d3-driver-hoved-loft-8-5\/#breadcrumb","itemListElement":[{"@type":"ListItem","position":1,"name":"Hjem","item":"https:\/\/weplayagain.com\/da\/"},{"@type":"ListItem","position":2,"name":"Shop","item":"https:\/\/weplayagain.com\/shop\/"},{"@type":"ListItem","position":3,"name":"Titleist 913D3 Driver hoved \/ Loft 8.5"}]},{"@type":"WebSite","@id":"https:\/\/weplayagain.com\/#website","url":"https:\/\/weplayagain.com\/","name":"WePlayAgain A\/S","description":"K\u00f8b brugt - trygt, og til markedets skarpeste priser","publisher":{"@id":"https:\/\/weplayagain.com\/#organization"},"potentialAction":[{"@type":"SearchAction","target":{"@type":"EntryPoint","urlTemplate":"https:\/\/weplayagain.com\/?s={search_term_string}"},"query-input":{"@type":"PropertyValueSpecification","valueRequired":true,"valueName":"search_term_string"}}],"inLanguage":"da-DK"},{"@type":"Organization","@id":"https:\/\/weplayagain.com\/#organization","name":"WePlayAgain A\/S","url":"https:\/\/weplayagain.com\/","logo":{"@type":"ImageObject","inLanguage":"da-DK","@id":"https:\/\/weplayagain.com\/#\/schema\/logo\/image\/","url":"https:\/\/weplayagain.host9.slyde.dk\/wp-content\/uploads\/2022\/01\/Asset-8-8.png","contentUrl":"https:\/\/weplayagain.host9.slyde.dk\/wp-content\/uploads\/2022\/01\/Asset-8-8.png","width":2048,"height":454,"caption":"WePlayAgain A\/S"},"image":{"@id":"https:\/\/weplayagain.com\/#\/schema\/logo\/image\/"}}]}},"_links":{"self":[{"href":"https:\/\/weplayagain.host9.slyde.dk\/da\/wp-json\/wp\/v2\/product\/39451","targetHints":{"allow":["GET"]}}],"collection":[{"href":"https:\/\/weplayagain.host9.slyde.dk\/da\/wp-json\/wp\/v2\/product"}],"about":[{"href":"https:\/\/weplayagain.host9.slyde.dk\/da\/wp-json\/wp\/v2\/types\/product"}],"wp:featuredmedia":[{"embeddable":true,"href":"https:\/\/weplayagain.host9.slyde.dk\/da\/wp-json\/wp\/v2\/media\/39442"}],"wp:attachment":[{"href":"https:\/\/weplayagain.host9.slyde.dk\/da\/wp-json\/wp\/v2\/media?parent=39451"}],"wp:term":[{"taxonomy":"product_brand","embeddable":true,"href":"https:\/\/weplayagain.host9.slyde.dk\/da\/wp-json\/wp\/v2\/product_brand?post=39451"},{"taxonomy":"product_cat","embeddable":true,"href":"https:\/\/weplayagain.host9.slyde.dk\/da\/wp-json\/wp\/v2\/product_cat?post=39451"},{"taxonomy":"product_tag","embeddable":true,"href":"https:\/\/weplayagain.host9.slyde.dk\/da\/wp-json\/wp\/v2\/product_tag?post=39451"}],"curies":[{"name":"wp","href":"https:\/\/api.w.org\/{rel}","templated":true}]}}