{"id":39936,"date":"2025-03-10T17:00:08","date_gmt":"2025-03-10T16:00:08","guid":{"rendered":"https:\/\/weplayagain.com\/?post_type=product&#038;p=39936"},"modified":"2025-04-29T13:50:35","modified_gmt":"2025-04-29T12:50:35","slug":"callaway-apex-uw-hybrid-flex-stiff-grafit-3-19","status":"publish","type":"product","link":"https:\/\/weplayagain.host9.slyde.dk\/da\/vare\/callaway-apex-uw-hybrid-flex-stiff-grafit-3-19\/","title":{"rendered":"Callaway Apex UW Hybrid \/ Flex Stiff \/ Grafit \/ #3\/19"},"content":{"rendered":"<p><strong>Callaway Apex UW 3 Hybrid \u2013 Kraft og pr\u00e6cision i \u00e9t<\/strong><\/p>\n<p><strong>Callaway Apex UW 3 Hybrid<\/strong> er en utility wood skabt til golfspillere, der vil have kontrol, l\u00e6ngde og alsidighed. Med en kombination af fairway wood og hybrid-egenskaber fungerer den st\u00e6rkt b\u00e5de fra tee, fairway og rough.<\/p>\n<h3 id=\"detaljer-om-apex-uw-3-hybrid\"><strong>Detaljer om Apex UW 3 Hybrid<\/strong><\/h3>\n<ul>\n<li><strong>Pr\u00e6cis og spilbar<\/strong> \u2013 udviklet med input fra tour-spillere for mere kontrol og muligheden for at forme slagene.<\/li>\n<li><strong>H\u00f8j ballhastighed<\/strong> \u2013 Batwing-teknologi og en slagflade i C300 maraging st\u00e5l giver hurtig boldafs\u00e6tning og stabil performance.<\/li>\n<li><strong>Glider let gennem gr\u00e6sset<\/strong> \u2013 Cutwave Pro Sole-design sikrer solid kontakt, uanset leje.<\/li>\n<li><strong>H\u00f8j launch og optimal spin<\/strong> \u2013 balanceret v\u00e6gtfordeling giver en stejlere landingsvinkel og mere forudsigelige slag.<\/li>\n<li><strong>Mere pr\u00e6cise slag<\/strong> \u2013 17% t\u00e6ttere dispersion sammenlignet med traditionelle hybrids betyder mere ensartede tr\u00e6f.<\/li>\n<\/ul>\n<p>Callaway Apex UW er et fremragende valg for spillere, der s\u00f8ger en hybrid eller fairway wood, der kan h\u00e5ndtere mange forskellige situationer p\u00e5 banen.<\/p>\n","protected":false},"excerpt":{"rendered":"<p>Callaway Apex UW 3 Hybrid \u2013 Kraft og pr\u00e6cision i \u00e9t Callaway Apex UW 3 Hybrid er en utility wood skabt til golfspillere, der vil have kontrol, l\u00e6ngde og alsidighed. Med en kombination af fairway wood og hybrid-egenskaber fungerer den st\u00e6rkt b\u00e5de fra tee, fairway og rough. Detaljer om Apex UW 3 Hybrid Pr\u00e6cis og [&hellip;]<\/p>\n","protected":false},"featured_media":39996,"template":"","meta":{"_acf_changed":false},"product_brand":[],"product_cat":[556],"product_tag":[],"class_list":{"0":"post-39936","1":"product","2":"type-product","3":"status-publish","4":"has-post-thumbnail","6":"product_cat-hybridkoeller","7":"pa_28935-men","8":"pa_brand-callaway","9":"pa_condition-brugt-som-ny","10":"pa_dexterity-hojre-haand","11":"pa_flex-stiff-flex","12":"pa_grip-z-grip","13":"pa_gripsize-standard","14":"pa_headcover-ja","15":"pa_koelle-3-hybrid","16":"pa_loft-642","17":"pa_model-apex-uw","18":"pa_skaft-mmt","19":"pa_skaft-materiale-grafit","20":"pa_sku-hol66","22":"first","23":"instock","24":"taxable","25":"shipping-taxable","26":"purchasable","27":"product-type-simple"},"acf":[],"yoast_head":"<!-- This site is optimized with the Yoast SEO plugin v24.8.1 - https:\/\/yoast.com\/wordpress\/plugins\/seo\/ -->\n<title>K\u00f8b brugt Callaway Apex UW Hybrid hos WePlayAgain | EU Prisgaranti<\/title>\n<meta name=\"description\" content=\"Billig Callaway Apex UW Hybrid | Spar op til 67% af nyprisen. 2 \u00e5rs garanti | 14 dages pr\u00f8veperiode | EU Prisgaranti\" \/>\n<meta name=\"robots\" content=\"noindex, follow, max-snippet:-1, max-image-preview:large, max-video-preview:-1\" \/>\n<meta property=\"og:locale\" content=\"da_DK\" \/>\n<meta property=\"og:type\" content=\"article\" \/>\n<meta property=\"og:title\" content=\"K\u00f8b brugt Callaway Apex UW Hybrid hos WePlayAgain | EU Prisgaranti\" \/>\n<meta property=\"og:description\" content=\"Billig Callaway Apex UW Hybrid | Spar op til 67% af nyprisen. 2 \u00e5rs garanti | 14 dages pr\u00f8veperiode | EU Prisgaranti\" \/>\n<meta property=\"og:url\" content=\"https:\/\/weplayagain.com\/da\/vare\/callaway-apex-uw-hybrid-flex-stiff-grafit-3-19\/\" \/>\n<meta property=\"og:site_name\" content=\"WePlayAgain A\/S\" \/>\n<meta property=\"article:modified_time\" content=\"2025-04-29T12:50:35+00:00\" \/>\n<meta property=\"og:image\" content=\"https:\/\/weplayagain.com\/wp-content\/uploads\/2025\/03\/Photoroom_022_20250310_172244-scaled.jpeg\" \/>\n\t<meta property=\"og:image:width\" content=\"2048\" \/>\n\t<meta property=\"og:image:height\" content=\"2048\" \/>\n\t<meta property=\"og:image:type\" content=\"image\/jpeg\" \/>\n<meta name=\"twitter:card\" content=\"summary_large_image\" \/>\n<meta name=\"twitter:label1\" content=\"Estimeret l\u00e6setid\" \/>\n\t<meta name=\"twitter:data1\" content=\"2 minutter\" \/>\n<script type=\"application\/ld+json\" class=\"yoast-schema-graph\">{\"@context\":\"https:\/\/schema.org\",\"@graph\":[{\"@type\":\"WebPage\",\"@id\":\"https:\/\/weplayagain.com\/da\/vare\/callaway-apex-uw-hybrid-flex-stiff-grafit-3-19\/\",\"url\":\"https:\/\/weplayagain.com\/da\/vare\/callaway-apex-uw-hybrid-flex-stiff-grafit-3-19\/\",\"name\":\"K\u00f8b brugt Callaway Apex UW Hybrid hos WePlayAgain | EU Prisgaranti\",\"isPartOf\":{\"@id\":\"https:\/\/weplayagain.com\/#website\"},\"primaryImageOfPage\":{\"@id\":\"https:\/\/weplayagain.com\/da\/vare\/callaway-apex-uw-hybrid-flex-stiff-grafit-3-19\/#primaryimage\"},\"image\":{\"@id\":\"https:\/\/weplayagain.com\/da\/vare\/callaway-apex-uw-hybrid-flex-stiff-grafit-3-19\/#primaryimage\"},\"thumbnailUrl\":\"https:\/\/weplayagain.host9.slyde.dk\/wp-content\/uploads\/2025\/03\/Photoroom_022_20250310_172244-scaled.jpeg\",\"datePublished\":\"2025-03-10T16:00:08+00:00\",\"dateModified\":\"2025-04-29T12:50:35+00:00\",\"description\":\"Billig Callaway Apex UW Hybrid | Spar op til 67% af nyprisen. 2 \u00e5rs garanti | 14 dages pr\u00f8veperiode | EU Prisgaranti\",\"breadcrumb\":{\"@id\":\"https:\/\/weplayagain.com\/da\/vare\/callaway-apex-uw-hybrid-flex-stiff-grafit-3-19\/#breadcrumb\"},\"inLanguage\":\"da-DK\",\"potentialAction\":[{\"@type\":\"ReadAction\",\"target\":[\"https:\/\/weplayagain.com\/da\/vare\/callaway-apex-uw-hybrid-flex-stiff-grafit-3-19\/\"]}]},{\"@type\":\"ImageObject\",\"inLanguage\":\"da-DK\",\"@id\":\"https:\/\/weplayagain.com\/da\/vare\/callaway-apex-uw-hybrid-flex-stiff-grafit-3-19\/#primaryimage\",\"url\":\"https:\/\/weplayagain.host9.slyde.dk\/wp-content\/uploads\/2025\/03\/Photoroom_022_20250310_172244-scaled.jpeg\",\"contentUrl\":\"https:\/\/weplayagain.host9.slyde.dk\/wp-content\/uploads\/2025\/03\/Photoroom_022_20250310_172244-scaled.jpeg\",\"width\":2048,\"height\":2048},{\"@type\":\"BreadcrumbList\",\"@id\":\"https:\/\/weplayagain.com\/da\/vare\/callaway-apex-uw-hybrid-flex-stiff-grafit-3-19\/#breadcrumb\",\"itemListElement\":[{\"@type\":\"ListItem\",\"position\":1,\"name\":\"Hjem\",\"item\":\"https:\/\/weplayagain.com\/da\/\"},{\"@type\":\"ListItem\",\"position\":2,\"name\":\"Shop\",\"item\":\"https:\/\/weplayagain.com\/shop\/\"},{\"@type\":\"ListItem\",\"position\":3,\"name\":\"Callaway Apex UW Hybrid \/ Flex Stiff \/ Grafit \/ #3\/19\"}]},{\"@type\":\"WebSite\",\"@id\":\"https:\/\/weplayagain.com\/#website\",\"url\":\"https:\/\/weplayagain.com\/\",\"name\":\"WePlayAgain A\/S\",\"description\":\"K\u00f8b brugt - trygt, og til markedets skarpeste priser\",\"publisher\":{\"@id\":\"https:\/\/weplayagain.com\/#organization\"},\"potentialAction\":[{\"@type\":\"SearchAction\",\"target\":{\"@type\":\"EntryPoint\",\"urlTemplate\":\"https:\/\/weplayagain.com\/?s={search_term_string}\"},\"query-input\":{\"@type\":\"PropertyValueSpecification\",\"valueRequired\":true,\"valueName\":\"search_term_string\"}}],\"inLanguage\":\"da-DK\"},{\"@type\":\"Organization\",\"@id\":\"https:\/\/weplayagain.com\/#organization\",\"name\":\"WePlayAgain A\/S\",\"url\":\"https:\/\/weplayagain.com\/\",\"logo\":{\"@type\":\"ImageObject\",\"inLanguage\":\"da-DK\",\"@id\":\"https:\/\/weplayagain.com\/#\/schema\/logo\/image\/\",\"url\":\"https:\/\/weplayagain.host9.slyde.dk\/wp-content\/uploads\/2022\/01\/Asset-8-8.png\",\"contentUrl\":\"https:\/\/weplayagain.host9.slyde.dk\/wp-content\/uploads\/2022\/01\/Asset-8-8.png\",\"width\":2048,\"height\":454,\"caption\":\"WePlayAgain A\/S\"},\"image\":{\"@id\":\"https:\/\/weplayagain.com\/#\/schema\/logo\/image\/\"}}]}<\/script>\n<!-- \/ Yoast SEO plugin. -->","yoast_head_json":{"title":"K\u00f8b brugt Callaway Apex UW Hybrid hos WePlayAgain | EU Prisgaranti","description":"Billig Callaway Apex UW Hybrid | Spar op til 67% af nyprisen. 2 \u00e5rs garanti | 14 dages pr\u00f8veperiode | EU Prisgaranti","robots":{"index":"noindex","follow":"follow","max-snippet":"max-snippet:-1","max-image-preview":"max-image-preview:large","max-video-preview":"max-video-preview:-1"},"og_locale":"da_DK","og_type":"article","og_title":"K\u00f8b brugt Callaway Apex UW Hybrid hos WePlayAgain | EU Prisgaranti","og_description":"Billig Callaway Apex UW Hybrid | Spar op til 67% af nyprisen. 2 \u00e5rs garanti | 14 dages pr\u00f8veperiode | EU Prisgaranti","og_url":"https:\/\/weplayagain.com\/da\/vare\/callaway-apex-uw-hybrid-flex-stiff-grafit-3-19\/","og_site_name":"WePlayAgain A\/S","article_modified_time":"2025-04-29T12:50:35+00:00","og_image":[{"width":2048,"height":2048,"url":"https:\/\/weplayagain.com\/wp-content\/uploads\/2025\/03\/Photoroom_022_20250310_172244-scaled.jpeg","type":"image\/jpeg"}],"twitter_card":"summary_large_image","twitter_misc":{"Estimeret l\u00e6setid":"2 minutter"},"schema":{"@context":"https:\/\/schema.org","@graph":[{"@type":"WebPage","@id":"https:\/\/weplayagain.com\/da\/vare\/callaway-apex-uw-hybrid-flex-stiff-grafit-3-19\/","url":"https:\/\/weplayagain.com\/da\/vare\/callaway-apex-uw-hybrid-flex-stiff-grafit-3-19\/","name":"K\u00f8b brugt Callaway Apex UW Hybrid hos WePlayAgain | EU Prisgaranti","isPartOf":{"@id":"https:\/\/weplayagain.com\/#website"},"primaryImageOfPage":{"@id":"https:\/\/weplayagain.com\/da\/vare\/callaway-apex-uw-hybrid-flex-stiff-grafit-3-19\/#primaryimage"},"image":{"@id":"https:\/\/weplayagain.com\/da\/vare\/callaway-apex-uw-hybrid-flex-stiff-grafit-3-19\/#primaryimage"},"thumbnailUrl":"https:\/\/weplayagain.host9.slyde.dk\/wp-content\/uploads\/2025\/03\/Photoroom_022_20250310_172244-scaled.jpeg","datePublished":"2025-03-10T16:00:08+00:00","dateModified":"2025-04-29T12:50:35+00:00","description":"Billig Callaway Apex UW Hybrid | Spar op til 67% af nyprisen. 2 \u00e5rs garanti | 14 dages pr\u00f8veperiode | EU Prisgaranti","breadcrumb":{"@id":"https:\/\/weplayagain.com\/da\/vare\/callaway-apex-uw-hybrid-flex-stiff-grafit-3-19\/#breadcrumb"},"inLanguage":"da-DK","potentialAction":[{"@type":"ReadAction","target":["https:\/\/weplayagain.com\/da\/vare\/callaway-apex-uw-hybrid-flex-stiff-grafit-3-19\/"]}]},{"@type":"ImageObject","inLanguage":"da-DK","@id":"https:\/\/weplayagain.com\/da\/vare\/callaway-apex-uw-hybrid-flex-stiff-grafit-3-19\/#primaryimage","url":"https:\/\/weplayagain.host9.slyde.dk\/wp-content\/uploads\/2025\/03\/Photoroom_022_20250310_172244-scaled.jpeg","contentUrl":"https:\/\/weplayagain.host9.slyde.dk\/wp-content\/uploads\/2025\/03\/Photoroom_022_20250310_172244-scaled.jpeg","width":2048,"height":2048},{"@type":"BreadcrumbList","@id":"https:\/\/weplayagain.com\/da\/vare\/callaway-apex-uw-hybrid-flex-stiff-grafit-3-19\/#breadcrumb","itemListElement":[{"@type":"ListItem","position":1,"name":"Hjem","item":"https:\/\/weplayagain.com\/da\/"},{"@type":"ListItem","position":2,"name":"Shop","item":"https:\/\/weplayagain.com\/shop\/"},{"@type":"ListItem","position":3,"name":"Callaway Apex UW Hybrid \/ Flex Stiff \/ Grafit \/ #3\/19"}]},{"@type":"WebSite","@id":"https:\/\/weplayagain.com\/#website","url":"https:\/\/weplayagain.com\/","name":"WePlayAgain A\/S","description":"K\u00f8b brugt - trygt, og til markedets skarpeste priser","publisher":{"@id":"https:\/\/weplayagain.com\/#organization"},"potentialAction":[{"@type":"SearchAction","target":{"@type":"EntryPoint","urlTemplate":"https:\/\/weplayagain.com\/?s={search_term_string}"},"query-input":{"@type":"PropertyValueSpecification","valueRequired":true,"valueName":"search_term_string"}}],"inLanguage":"da-DK"},{"@type":"Organization","@id":"https:\/\/weplayagain.com\/#organization","name":"WePlayAgain A\/S","url":"https:\/\/weplayagain.com\/","logo":{"@type":"ImageObject","inLanguage":"da-DK","@id":"https:\/\/weplayagain.com\/#\/schema\/logo\/image\/","url":"https:\/\/weplayagain.host9.slyde.dk\/wp-content\/uploads\/2022\/01\/Asset-8-8.png","contentUrl":"https:\/\/weplayagain.host9.slyde.dk\/wp-content\/uploads\/2022\/01\/Asset-8-8.png","width":2048,"height":454,"caption":"WePlayAgain A\/S"},"image":{"@id":"https:\/\/weplayagain.com\/#\/schema\/logo\/image\/"}}]}},"_links":{"self":[{"href":"https:\/\/weplayagain.host9.slyde.dk\/da\/wp-json\/wp\/v2\/product\/39936","targetHints":{"allow":["GET"]}}],"collection":[{"href":"https:\/\/weplayagain.host9.slyde.dk\/da\/wp-json\/wp\/v2\/product"}],"about":[{"href":"https:\/\/weplayagain.host9.slyde.dk\/da\/wp-json\/wp\/v2\/types\/product"}],"wp:featuredmedia":[{"embeddable":true,"href":"https:\/\/weplayagain.host9.slyde.dk\/da\/wp-json\/wp\/v2\/media\/39996"}],"wp:attachment":[{"href":"https:\/\/weplayagain.host9.slyde.dk\/da\/wp-json\/wp\/v2\/media?parent=39936"}],"wp:term":[{"taxonomy":"product_brand","embeddable":true,"href":"https:\/\/weplayagain.host9.slyde.dk\/da\/wp-json\/wp\/v2\/product_brand?post=39936"},{"taxonomy":"product_cat","embeddable":true,"href":"https:\/\/weplayagain.host9.slyde.dk\/da\/wp-json\/wp\/v2\/product_cat?post=39936"},{"taxonomy":"product_tag","embeddable":true,"href":"https:\/\/weplayagain.host9.slyde.dk\/da\/wp-json\/wp\/v2\/product_tag?post=39936"}],"curies":[{"name":"wp","href":"https:\/\/api.w.org\/{rel}","templated":true}]}}