{"id":40506,"date":"2025-03-11T15:55:35","date_gmt":"2025-03-11T14:55:35","guid":{"rendered":"https:\/\/weplayagain.com\/?post_type=product&#038;p=40506"},"modified":"2025-03-11T15:57:14","modified_gmt":"2025-03-11T14:57:14","slug":"callaway-paradym-triple-diamond-driver-hoved-loft-9-venstre","status":"publish","type":"product","link":"https:\/\/weplayagain.host9.slyde.dk\/da\/vare\/callaway-paradym-triple-diamond-driver-hoved-loft-9-venstre\/","title":{"rendered":"Callaway Paradym Triple Diamond Driver hoved \/ Loft 9 &#8211; Venstre"},"content":{"rendered":"<p data-start=\"154\" data-end=\"524\">Opn\u00e5 ultimativ pr\u00e6cision og kraft med <strong data-start=\"208\" data-end=\"250\">Callaway Paradym Triple Diamond Driver<\/strong>. Designet til spillere med h\u00f8jere svinghastigheder, der \u00f8nsker kontrol, lavt spin og ekstra l\u00e6ngde, tilbyder denne driver en fantastisk kombination af teknologi og performance. Her er de tre vigtigste features:<\/p>\n<ol data-start=\"463\" data-end=\"1320\">\n<li data-start=\"463\" data-end=\"748\">\n<p data-start=\"466\" data-end=\"748\"><strong data-start=\"466\" data-end=\"496\">Lav Spin og H\u00f8j Stabilitet<\/strong><br data-start=\"496\" data-end=\"499\" \/>Paradym Triple Diamond Driver er designet med et lavt spin for at maksimere kontrol og stabilitet i boldflugten. Den reducerede spin hj\u00e6lper spillere med at f\u00e5 en mere pr\u00e6cis og stabil flugt, hvilket resulterer i l\u00e6ngere, mere kontrollerede slag.<\/p>\n<\/li>\n<li data-start=\"750\" data-end=\"1026\">\n<p data-start=\"753\" data-end=\"1026\"><strong data-start=\"753\" data-end=\"783\">AI Optimeret Ansigt Design<\/strong><br data-start=\"783\" data-end=\"786\" \/>Callaways avancerede <strong data-start=\"810\" data-end=\"826\">AI-teknologi<\/strong> optimerer driverens ansigt for at sikre h\u00f8jere boldhastigheder og konsekvent pr\u00e6station over hele slagfladen. Teknologien giver dig ekstra hj\u00e6lp ved off-center hits og \u00f8ger din stabilitet p\u00e5 slagene.<\/p>\n<\/li>\n<li data-start=\"1028\" data-end=\"1320\">\n<p data-start=\"1031\" data-end=\"1320\"><strong data-start=\"1031\" data-end=\"1056\">Jailbreak Speed Frame<\/strong><br data-start=\"1056\" data-end=\"1059\" \/>Den patenterede <strong data-start=\"1078\" data-end=\"1103\">Jailbreak Speed Frame<\/strong>-teknologi \u00f8ger strukturel stabilitet og forbedrer energioverf\u00f8rslen ved impact. Dette resulterer i h\u00f8jere boldhastighed og l\u00e6ngere distancer, samtidig med at du opretholder en solid f\u00f8lelse og kontrol ved hvert slag.<\/p>\n<\/li>\n<\/ol>\n","protected":false},"excerpt":{"rendered":"<p>Opn\u00e5 ultimativ pr\u00e6cision og kraft med Callaway Paradym Triple Diamond Driver. Designet til spillere med h\u00f8jere svinghastigheder, der \u00f8nsker kontrol, lavt spin og ekstra l\u00e6ngde, tilbyder denne driver en fantastisk kombination af teknologi og performance. Her er de tre vigtigste features: Lav Spin og H\u00f8j StabilitetParadym Triple Diamond Driver er designet med et lavt spin [&hellip;]<\/p>\n","protected":false},"featured_media":40483,"template":"","meta":{"_acf_changed":false},"product_brand":[],"product_cat":[2700],"product_tag":[],"class_list":{"0":"post-40506","1":"product","2":"type-product","3":"status-publish","4":"has-post-thumbnail","6":"product_cat-driver-hoved","7":"pa_brand-callaway","8":"pa_condition-ny","9":"pa_dexterity-venstre-haand","10":"pa_headcover-no","11":"pa_koelle-driver","12":"pa_loft-631","13":"pa_model-paradym-triple-diamond","15":"first","16":"instock","17":"taxable","18":"shipping-taxable","19":"purchasable","20":"product-type-simple"},"acf":[],"yoast_head":"<!-- This site is optimized with the Yoast SEO plugin v24.8.1 - https:\/\/yoast.com\/wordpress\/plugins\/seo\/ -->\n<title>Callaway Paradym Triple Diamond Driver hoved \/ Loft 9 - Venstre -<\/title>\n<meta name=\"description\" content=\"K\u00f8b Callaway Paradym Triple Diamond Driver hoved \/ Loft 9 - Venstre hos WePlayAgain. Du f\u00e5r 2 \u00e5rs garanti og 14 dages pr\u00f8veperiode p\u00e5 vores brugte golfudstyr.\" \/>\n<meta name=\"robots\" content=\"noindex, follow, max-snippet:-1, max-image-preview:large, max-video-preview:-1\" \/>\n<meta property=\"og:locale\" content=\"da_DK\" \/>\n<meta property=\"og:type\" content=\"article\" \/>\n<meta property=\"og:title\" content=\"Wilson Staff Launch Pad 2022 Fairway Wood \/ Flex Ladies \/ #7\/22\" \/>\n<meta property=\"og:description\" content=\"K\u00f8b Callaway Paradym Triple Diamond Driver hoved \/ Loft 9 - Venstre hos WePlayAgain. Du f\u00e5r 2 \u00e5rs garanti og 14 dages pr\u00f8veperiode p\u00e5 vores brugte golfudstyr.\" \/>\n<meta property=\"og:url\" content=\"https:\/\/weplayagain.com\/da\/vare\/callaway-paradym-triple-diamond-driver-hoved-loft-9-venstre\/\" \/>\n<meta property=\"og:site_name\" content=\"WePlayAgain A\/S\" \/>\n<meta property=\"article:modified_time\" content=\"2025-03-11T14:57:14+00:00\" \/>\n<meta property=\"og:image\" content=\"https:\/\/weplayagain.com\/wp-content\/uploads\/2023\/09\/PhotoRoom_023_20230925_112115.jpg\" \/>\n\t<meta property=\"og:image:width\" content=\"2000\" \/>\n\t<meta property=\"og:image:height\" content=\"2000\" \/>\n\t<meta property=\"og:image:type\" content=\"image\/jpeg\" \/>\n<meta name=\"twitter:card\" content=\"summary_large_image\" \/>\n<meta name=\"twitter:label1\" content=\"Estimeret l\u00e6setid\" \/>\n\t<meta name=\"twitter:data1\" content=\"2 minutter\" \/>\n<script type=\"application\/ld+json\" class=\"yoast-schema-graph\">{\"@context\":\"https:\/\/schema.org\",\"@graph\":[{\"@type\":\"WebPage\",\"@id\":\"https:\/\/weplayagain.com\/da\/vare\/callaway-paradym-triple-diamond-driver-hoved-loft-9-venstre\/\",\"url\":\"https:\/\/weplayagain.com\/da\/vare\/callaway-paradym-triple-diamond-driver-hoved-loft-9-venstre\/\",\"name\":\"Callaway Paradym Triple Diamond Driver hoved \/ Loft 9 - Venstre -\",\"isPartOf\":{\"@id\":\"https:\/\/weplayagain.com\/#website\"},\"primaryImageOfPage\":{\"@id\":\"https:\/\/weplayagain.com\/da\/vare\/callaway-paradym-triple-diamond-driver-hoved-loft-9-venstre\/#primaryimage\"},\"image\":{\"@id\":\"https:\/\/weplayagain.com\/da\/vare\/callaway-paradym-triple-diamond-driver-hoved-loft-9-venstre\/#primaryimage\"},\"thumbnailUrl\":\"https:\/\/weplayagain.host9.slyde.dk\/wp-content\/uploads\/2025\/03\/Photoroom_004_20250311_151345-scaled.jpeg\",\"datePublished\":\"2025-03-11T14:55:35+00:00\",\"dateModified\":\"2025-03-11T14:57:14+00:00\",\"description\":\"K\u00f8b Callaway Paradym Triple Diamond Driver hoved \/ Loft 9 - Venstre hos WePlayAgain. Du f\u00e5r 2 \u00e5rs garanti og 14 dages pr\u00f8veperiode p\u00e5 vores brugte golfudstyr.\",\"breadcrumb\":{\"@id\":\"https:\/\/weplayagain.com\/da\/vare\/callaway-paradym-triple-diamond-driver-hoved-loft-9-venstre\/#breadcrumb\"},\"inLanguage\":\"da-DK\",\"potentialAction\":[{\"@type\":\"ReadAction\",\"target\":[\"https:\/\/weplayagain.com\/da\/vare\/callaway-paradym-triple-diamond-driver-hoved-loft-9-venstre\/\"]}]},{\"@type\":\"ImageObject\",\"inLanguage\":\"da-DK\",\"@id\":\"https:\/\/weplayagain.com\/da\/vare\/callaway-paradym-triple-diamond-driver-hoved-loft-9-venstre\/#primaryimage\",\"url\":\"https:\/\/weplayagain.host9.slyde.dk\/wp-content\/uploads\/2025\/03\/Photoroom_004_20250311_151345-scaled.jpeg\",\"contentUrl\":\"https:\/\/weplayagain.host9.slyde.dk\/wp-content\/uploads\/2025\/03\/Photoroom_004_20250311_151345-scaled.jpeg\",\"width\":2048,\"height\":2048},{\"@type\":\"BreadcrumbList\",\"@id\":\"https:\/\/weplayagain.com\/da\/vare\/callaway-paradym-triple-diamond-driver-hoved-loft-9-venstre\/#breadcrumb\",\"itemListElement\":[{\"@type\":\"ListItem\",\"position\":1,\"name\":\"Hjem\",\"item\":\"https:\/\/weplayagain.com\/da\/\"},{\"@type\":\"ListItem\",\"position\":2,\"name\":\"Shop\",\"item\":\"https:\/\/weplayagain.com\/shop\/\"},{\"@type\":\"ListItem\",\"position\":3,\"name\":\"Callaway Paradym Triple Diamond Driver hoved \/ Loft 9 &#8211; Venstre\"}]},{\"@type\":\"WebSite\",\"@id\":\"https:\/\/weplayagain.com\/#website\",\"url\":\"https:\/\/weplayagain.com\/\",\"name\":\"WePlayAgain A\/S\",\"description\":\"K\u00f8b brugt - trygt, og til markedets skarpeste priser\",\"publisher\":{\"@id\":\"https:\/\/weplayagain.com\/#organization\"},\"potentialAction\":[{\"@type\":\"SearchAction\",\"target\":{\"@type\":\"EntryPoint\",\"urlTemplate\":\"https:\/\/weplayagain.com\/?s={search_term_string}\"},\"query-input\":{\"@type\":\"PropertyValueSpecification\",\"valueRequired\":true,\"valueName\":\"search_term_string\"}}],\"inLanguage\":\"da-DK\"},{\"@type\":\"Organization\",\"@id\":\"https:\/\/weplayagain.com\/#organization\",\"name\":\"WePlayAgain A\/S\",\"url\":\"https:\/\/weplayagain.com\/\",\"logo\":{\"@type\":\"ImageObject\",\"inLanguage\":\"da-DK\",\"@id\":\"https:\/\/weplayagain.com\/#\/schema\/logo\/image\/\",\"url\":\"https:\/\/weplayagain.host9.slyde.dk\/wp-content\/uploads\/2022\/01\/Asset-8-8.png\",\"contentUrl\":\"https:\/\/weplayagain.host9.slyde.dk\/wp-content\/uploads\/2022\/01\/Asset-8-8.png\",\"width\":2048,\"height\":454,\"caption\":\"WePlayAgain A\/S\"},\"image\":{\"@id\":\"https:\/\/weplayagain.com\/#\/schema\/logo\/image\/\"}}]}<\/script>\n<!-- \/ Yoast SEO plugin. -->","yoast_head_json":{"title":"Callaway Paradym Triple Diamond Driver hoved \/ Loft 9 - Venstre -","description":"K\u00f8b Callaway Paradym Triple Diamond Driver hoved \/ Loft 9 - Venstre hos WePlayAgain. Du f\u00e5r 2 \u00e5rs garanti og 14 dages pr\u00f8veperiode p\u00e5 vores brugte golfudstyr.","robots":{"index":"noindex","follow":"follow","max-snippet":"max-snippet:-1","max-image-preview":"max-image-preview:large","max-video-preview":"max-video-preview:-1"},"og_locale":"da_DK","og_type":"article","og_title":"Wilson Staff Launch Pad 2022 Fairway Wood \/ Flex Ladies \/ #7\/22","og_description":"K\u00f8b Callaway Paradym Triple Diamond Driver hoved \/ Loft 9 - Venstre hos WePlayAgain. Du f\u00e5r 2 \u00e5rs garanti og 14 dages pr\u00f8veperiode p\u00e5 vores brugte golfudstyr.","og_url":"https:\/\/weplayagain.com\/da\/vare\/callaway-paradym-triple-diamond-driver-hoved-loft-9-venstre\/","og_site_name":"WePlayAgain A\/S","article_modified_time":"2025-03-11T14:57:14+00:00","og_image":[{"width":2000,"height":2000,"url":"https:\/\/weplayagain.com\/wp-content\/uploads\/2023\/09\/PhotoRoom_023_20230925_112115.jpg","type":"image\/jpeg"}],"twitter_card":"summary_large_image","twitter_misc":{"Estimeret l\u00e6setid":"2 minutter"},"schema":{"@context":"https:\/\/schema.org","@graph":[{"@type":"WebPage","@id":"https:\/\/weplayagain.com\/da\/vare\/callaway-paradym-triple-diamond-driver-hoved-loft-9-venstre\/","url":"https:\/\/weplayagain.com\/da\/vare\/callaway-paradym-triple-diamond-driver-hoved-loft-9-venstre\/","name":"Callaway Paradym Triple Diamond Driver hoved \/ Loft 9 - Venstre -","isPartOf":{"@id":"https:\/\/weplayagain.com\/#website"},"primaryImageOfPage":{"@id":"https:\/\/weplayagain.com\/da\/vare\/callaway-paradym-triple-diamond-driver-hoved-loft-9-venstre\/#primaryimage"},"image":{"@id":"https:\/\/weplayagain.com\/da\/vare\/callaway-paradym-triple-diamond-driver-hoved-loft-9-venstre\/#primaryimage"},"thumbnailUrl":"https:\/\/weplayagain.host9.slyde.dk\/wp-content\/uploads\/2025\/03\/Photoroom_004_20250311_151345-scaled.jpeg","datePublished":"2025-03-11T14:55:35+00:00","dateModified":"2025-03-11T14:57:14+00:00","description":"K\u00f8b Callaway Paradym Triple Diamond Driver hoved \/ Loft 9 - Venstre hos WePlayAgain. Du f\u00e5r 2 \u00e5rs garanti og 14 dages pr\u00f8veperiode p\u00e5 vores brugte golfudstyr.","breadcrumb":{"@id":"https:\/\/weplayagain.com\/da\/vare\/callaway-paradym-triple-diamond-driver-hoved-loft-9-venstre\/#breadcrumb"},"inLanguage":"da-DK","potentialAction":[{"@type":"ReadAction","target":["https:\/\/weplayagain.com\/da\/vare\/callaway-paradym-triple-diamond-driver-hoved-loft-9-venstre\/"]}]},{"@type":"ImageObject","inLanguage":"da-DK","@id":"https:\/\/weplayagain.com\/da\/vare\/callaway-paradym-triple-diamond-driver-hoved-loft-9-venstre\/#primaryimage","url":"https:\/\/weplayagain.host9.slyde.dk\/wp-content\/uploads\/2025\/03\/Photoroom_004_20250311_151345-scaled.jpeg","contentUrl":"https:\/\/weplayagain.host9.slyde.dk\/wp-content\/uploads\/2025\/03\/Photoroom_004_20250311_151345-scaled.jpeg","width":2048,"height":2048},{"@type":"BreadcrumbList","@id":"https:\/\/weplayagain.com\/da\/vare\/callaway-paradym-triple-diamond-driver-hoved-loft-9-venstre\/#breadcrumb","itemListElement":[{"@type":"ListItem","position":1,"name":"Hjem","item":"https:\/\/weplayagain.com\/da\/"},{"@type":"ListItem","position":2,"name":"Shop","item":"https:\/\/weplayagain.com\/shop\/"},{"@type":"ListItem","position":3,"name":"Callaway Paradym Triple Diamond Driver hoved \/ Loft 9 &#8211; Venstre"}]},{"@type":"WebSite","@id":"https:\/\/weplayagain.com\/#website","url":"https:\/\/weplayagain.com\/","name":"WePlayAgain A\/S","description":"K\u00f8b brugt - trygt, og til markedets skarpeste priser","publisher":{"@id":"https:\/\/weplayagain.com\/#organization"},"potentialAction":[{"@type":"SearchAction","target":{"@type":"EntryPoint","urlTemplate":"https:\/\/weplayagain.com\/?s={search_term_string}"},"query-input":{"@type":"PropertyValueSpecification","valueRequired":true,"valueName":"search_term_string"}}],"inLanguage":"da-DK"},{"@type":"Organization","@id":"https:\/\/weplayagain.com\/#organization","name":"WePlayAgain A\/S","url":"https:\/\/weplayagain.com\/","logo":{"@type":"ImageObject","inLanguage":"da-DK","@id":"https:\/\/weplayagain.com\/#\/schema\/logo\/image\/","url":"https:\/\/weplayagain.host9.slyde.dk\/wp-content\/uploads\/2022\/01\/Asset-8-8.png","contentUrl":"https:\/\/weplayagain.host9.slyde.dk\/wp-content\/uploads\/2022\/01\/Asset-8-8.png","width":2048,"height":454,"caption":"WePlayAgain A\/S"},"image":{"@id":"https:\/\/weplayagain.com\/#\/schema\/logo\/image\/"}}]}},"_links":{"self":[{"href":"https:\/\/weplayagain.host9.slyde.dk\/da\/wp-json\/wp\/v2\/product\/40506","targetHints":{"allow":["GET"]}}],"collection":[{"href":"https:\/\/weplayagain.host9.slyde.dk\/da\/wp-json\/wp\/v2\/product"}],"about":[{"href":"https:\/\/weplayagain.host9.slyde.dk\/da\/wp-json\/wp\/v2\/types\/product"}],"wp:featuredmedia":[{"embeddable":true,"href":"https:\/\/weplayagain.host9.slyde.dk\/da\/wp-json\/wp\/v2\/media\/40483"}],"wp:attachment":[{"href":"https:\/\/weplayagain.host9.slyde.dk\/da\/wp-json\/wp\/v2\/media?parent=40506"}],"wp:term":[{"taxonomy":"product_brand","embeddable":true,"href":"https:\/\/weplayagain.host9.slyde.dk\/da\/wp-json\/wp\/v2\/product_brand?post=40506"},{"taxonomy":"product_cat","embeddable":true,"href":"https:\/\/weplayagain.host9.slyde.dk\/da\/wp-json\/wp\/v2\/product_cat?post=40506"},{"taxonomy":"product_tag","embeddable":true,"href":"https:\/\/weplayagain.host9.slyde.dk\/da\/wp-json\/wp\/v2\/product_tag?post=40506"}],"curies":[{"name":"wp","href":"https:\/\/api.w.org\/{rel}","templated":true}]}}