{"id":41051,"date":"2025-03-20T12:51:20","date_gmt":"2025-03-20T11:51:20","guid":{"rendered":"https:\/\/weplayagain.com\/?post_type=product&#038;p=41051"},"modified":"2025-04-28T23:16:30","modified_gmt":"2025-04-28T22:16:30","slug":"callaway-ai-smoke-max-d-driver-flex-a-flex-loft-10-5","status":"publish","type":"product","link":"https:\/\/weplayagain.host9.slyde.dk\/da\/vare\/callaway-ai-smoke-max-d-driver-flex-a-flex-loft-10-5\/","title":{"rendered":"Callaway Ai Smoke Max D Driver \/ Flex A-flex \/ Loft 10.5"},"content":{"rendered":"<p><strong>Callaway Paradym AI Smoke Max D Driver \u2013 Tilgivende power &amp; optimal draw<\/strong><\/p>\n<p><strong>Callaway Paradym AI Smoke Max D Driver<\/strong> er skabt til golfspillere, der gerne vil ramme en draw og f\u00e5 mere stabilitet i deres drives. Med en kombination af avanceret teknologi og h\u00f8j tilgivelse kan den hj\u00e6lpe med at reducere slices og give mere ensartede slag fra tee.<\/p>\n<h3 id=\"detaljer-og-teknologi\">Detaljer og teknologi:<\/h3>\n<ul>\n<li><strong>Mere sweetspot, f\u00e6rre fejl<\/strong> \u2013 Ai Smart Face-teknologi analyserer data fra tusindvis af golfspillere for at sikre optimal boldhastighed, uanset hvor bolden rammes.<\/li>\n<li><strong>Lettere konstruktion, bedre stabilitet<\/strong> \u2013 360\u00b0 Carbon Chassis reducerer v\u00e6gten og forbedrer balancen, s\u00e5 du f\u00e5r et mere kontrolleret og kraftfuldt slag.<\/li>\n<li><strong>Draw-v\u00e6gtning &amp; h\u00f8j MOI<\/strong> \u2013 Designet til at hj\u00e6lpe med at minimere slices og g\u00f8re det lettere at f\u00e5 bolden i fairway.<\/li>\n<\/ul>\n<p>En solid driver med fokus p\u00e5 tilgivelse og kontrol \u2013 ideel til mid- og h\u00f8jhandicapspillere, der vil have mere sikkerhed i deres drives.<\/p>\n<p><strong>Hvis du \u00f8nsker at forbedre dine drives med stabilitet og kontrol, kan Callaway Paradym AI Smoke Max D Driver v\u00e6re det perfekte valg for dig.<\/strong><\/p>\n","protected":false},"excerpt":{"rendered":"<p>Callaway Paradym AI Smoke Max D Driver \u2013 Tilgivende power &amp; optimal draw Callaway Paradym AI Smoke Max D Driver er skabt til golfspillere, der gerne vil ramme en draw og f\u00e5 mere stabilitet i deres drives. Med en kombination af avanceret teknologi og h\u00f8j tilgivelse kan den hj\u00e6lpe med at reducere slices og give [&hellip;]<\/p>\n","protected":false},"featured_media":41091,"template":"","meta":{"_acf_changed":false},"product_brand":[],"product_cat":[507],"product_tag":[],"class_list":{"0":"post-41051","1":"product","2":"type-product","3":"status-publish","4":"has-post-thumbnail","6":"product_cat-brugt-golf-driver","7":"pa_28935-men","8":"pa_brand-callaway","9":"pa_condition-brugt-okay-stand","10":"pa_dexterity-hojre-haand","11":"pa_flex-a-flex","12":"pa_grip-callaway-standard","13":"pa_gripsize-standard","14":"pa_headcover-nej","15":"pa_koelle-driver","16":"pa_loft-10-5","17":"pa_model-ai-smoke-max-d","18":"pa_skaft-grafit-ust-mamiya-helium-4f2","19":"pa_skaft-materiale-grafit","20":"pa_sku-lyn7","22":"first","23":"instock","24":"taxable","25":"shipping-taxable","26":"purchasable","27":"product-type-simple"},"acf":[],"yoast_head":"<!-- This site is optimized with the Yoast SEO plugin v24.8.1 - https:\/\/yoast.com\/wordpress\/plugins\/seo\/ -->\n<title>K\u00f8b brugt Callaway Ai Smoke Max D Driver hos WePlayAgain | Hurtig levering<\/title>\n<meta name=\"description\" content=\"Manger du en brugt Callaway Ai Smoke Max D Driver og spar op til 58% af nyprisen. 2 \u00e5rs garanti og 14 dages pr\u00f8veperiode.\" \/>\n<meta name=\"robots\" content=\"noindex, follow, max-snippet:-1, max-image-preview:large, max-video-preview:-1\" \/>\n<meta property=\"og:locale\" content=\"da_DK\" \/>\n<meta property=\"og:type\" content=\"article\" \/>\n<meta property=\"og:title\" content=\"K\u00f8b brugt Callaway Ai Smoke Max D Driver hos WePlayAgain | Hurtig levering\" \/>\n<meta property=\"og:description\" content=\"Manger du en brugt Callaway Ai Smoke Max D Driver og spar op til 58% af nyprisen. 2 \u00e5rs garanti og 14 dages pr\u00f8veperiode.\" \/>\n<meta property=\"og:url\" content=\"https:\/\/weplayagain.com\/da\/vare\/callaway-ai-smoke-max-d-driver-flex-a-flex-loft-10-5\/\" \/>\n<meta property=\"og:site_name\" content=\"WePlayAgain A\/S\" \/>\n<meta property=\"article:modified_time\" content=\"2025-04-28T22:16:30+00:00\" \/>\n<meta property=\"og:image\" content=\"https:\/\/weplayagain.com\/wp-content\/uploads\/2025\/03\/Photoroom_028_20250320_131456-scaled.jpeg\" \/>\n\t<meta property=\"og:image:width\" content=\"2048\" \/>\n\t<meta property=\"og:image:height\" content=\"2048\" \/>\n\t<meta property=\"og:image:type\" content=\"image\/jpeg\" \/>\n<meta name=\"twitter:card\" content=\"summary_large_image\" \/>\n<meta name=\"twitter:label1\" content=\"Estimeret l\u00e6setid\" \/>\n\t<meta name=\"twitter:data1\" content=\"2 minutter\" \/>\n<script type=\"application\/ld+json\" class=\"yoast-schema-graph\">{\"@context\":\"https:\/\/schema.org\",\"@graph\":[{\"@type\":\"WebPage\",\"@id\":\"https:\/\/weplayagain.com\/da\/vare\/callaway-ai-smoke-max-d-driver-flex-a-flex-loft-10-5\/\",\"url\":\"https:\/\/weplayagain.com\/da\/vare\/callaway-ai-smoke-max-d-driver-flex-a-flex-loft-10-5\/\",\"name\":\"K\u00f8b brugt Callaway Ai Smoke Max D Driver hos WePlayAgain | Hurtig levering\",\"isPartOf\":{\"@id\":\"https:\/\/weplayagain.com\/#website\"},\"primaryImageOfPage\":{\"@id\":\"https:\/\/weplayagain.com\/da\/vare\/callaway-ai-smoke-max-d-driver-flex-a-flex-loft-10-5\/#primaryimage\"},\"image\":{\"@id\":\"https:\/\/weplayagain.com\/da\/vare\/callaway-ai-smoke-max-d-driver-flex-a-flex-loft-10-5\/#primaryimage\"},\"thumbnailUrl\":\"https:\/\/weplayagain.host9.slyde.dk\/wp-content\/uploads\/2025\/03\/Photoroom_028_20250320_131456-scaled.jpeg\",\"datePublished\":\"2025-03-20T11:51:20+00:00\",\"dateModified\":\"2025-04-28T22:16:30+00:00\",\"description\":\"Manger du en brugt Callaway Ai Smoke Max D Driver og spar op til 58% af nyprisen. 2 \u00e5rs garanti og 14 dages pr\u00f8veperiode.\",\"breadcrumb\":{\"@id\":\"https:\/\/weplayagain.com\/da\/vare\/callaway-ai-smoke-max-d-driver-flex-a-flex-loft-10-5\/#breadcrumb\"},\"inLanguage\":\"da-DK\",\"potentialAction\":[{\"@type\":\"ReadAction\",\"target\":[\"https:\/\/weplayagain.com\/da\/vare\/callaway-ai-smoke-max-d-driver-flex-a-flex-loft-10-5\/\"]}]},{\"@type\":\"ImageObject\",\"inLanguage\":\"da-DK\",\"@id\":\"https:\/\/weplayagain.com\/da\/vare\/callaway-ai-smoke-max-d-driver-flex-a-flex-loft-10-5\/#primaryimage\",\"url\":\"https:\/\/weplayagain.host9.slyde.dk\/wp-content\/uploads\/2025\/03\/Photoroom_028_20250320_131456-scaled.jpeg\",\"contentUrl\":\"https:\/\/weplayagain.host9.slyde.dk\/wp-content\/uploads\/2025\/03\/Photoroom_028_20250320_131456-scaled.jpeg\",\"width\":2048,\"height\":2048},{\"@type\":\"BreadcrumbList\",\"@id\":\"https:\/\/weplayagain.com\/da\/vare\/callaway-ai-smoke-max-d-driver-flex-a-flex-loft-10-5\/#breadcrumb\",\"itemListElement\":[{\"@type\":\"ListItem\",\"position\":1,\"name\":\"Hjem\",\"item\":\"https:\/\/weplayagain.com\/da\/\"},{\"@type\":\"ListItem\",\"position\":2,\"name\":\"Shop\",\"item\":\"https:\/\/weplayagain.com\/shop\/\"},{\"@type\":\"ListItem\",\"position\":3,\"name\":\"Callaway Ai Smoke Max D Driver \/ Flex A-flex \/ Loft 10.5\"}]},{\"@type\":\"WebSite\",\"@id\":\"https:\/\/weplayagain.com\/#website\",\"url\":\"https:\/\/weplayagain.com\/\",\"name\":\"WePlayAgain A\/S\",\"description\":\"K\u00f8b brugt - trygt, og til markedets skarpeste priser\",\"publisher\":{\"@id\":\"https:\/\/weplayagain.com\/#organization\"},\"potentialAction\":[{\"@type\":\"SearchAction\",\"target\":{\"@type\":\"EntryPoint\",\"urlTemplate\":\"https:\/\/weplayagain.com\/?s={search_term_string}\"},\"query-input\":{\"@type\":\"PropertyValueSpecification\",\"valueRequired\":true,\"valueName\":\"search_term_string\"}}],\"inLanguage\":\"da-DK\"},{\"@type\":\"Organization\",\"@id\":\"https:\/\/weplayagain.com\/#organization\",\"name\":\"WePlayAgain A\/S\",\"url\":\"https:\/\/weplayagain.com\/\",\"logo\":{\"@type\":\"ImageObject\",\"inLanguage\":\"da-DK\",\"@id\":\"https:\/\/weplayagain.com\/#\/schema\/logo\/image\/\",\"url\":\"https:\/\/weplayagain.host9.slyde.dk\/wp-content\/uploads\/2022\/01\/Asset-8-8.png\",\"contentUrl\":\"https:\/\/weplayagain.host9.slyde.dk\/wp-content\/uploads\/2022\/01\/Asset-8-8.png\",\"width\":2048,\"height\":454,\"caption\":\"WePlayAgain A\/S\"},\"image\":{\"@id\":\"https:\/\/weplayagain.com\/#\/schema\/logo\/image\/\"}}]}<\/script>\n<!-- \/ Yoast SEO plugin. -->","yoast_head_json":{"title":"K\u00f8b brugt Callaway Ai Smoke Max D Driver hos WePlayAgain | Hurtig levering","description":"Manger du en brugt Callaway Ai Smoke Max D Driver og spar op til 58% af nyprisen. 2 \u00e5rs garanti og 14 dages pr\u00f8veperiode.","robots":{"index":"noindex","follow":"follow","max-snippet":"max-snippet:-1","max-image-preview":"max-image-preview:large","max-video-preview":"max-video-preview:-1"},"og_locale":"da_DK","og_type":"article","og_title":"K\u00f8b brugt Callaway Ai Smoke Max D Driver hos WePlayAgain | Hurtig levering","og_description":"Manger du en brugt Callaway Ai Smoke Max D Driver og spar op til 58% af nyprisen. 2 \u00e5rs garanti og 14 dages pr\u00f8veperiode.","og_url":"https:\/\/weplayagain.com\/da\/vare\/callaway-ai-smoke-max-d-driver-flex-a-flex-loft-10-5\/","og_site_name":"WePlayAgain A\/S","article_modified_time":"2025-04-28T22:16:30+00:00","og_image":[{"width":2048,"height":2048,"url":"https:\/\/weplayagain.com\/wp-content\/uploads\/2025\/03\/Photoroom_028_20250320_131456-scaled.jpeg","type":"image\/jpeg"}],"twitter_card":"summary_large_image","twitter_misc":{"Estimeret l\u00e6setid":"2 minutter"},"schema":{"@context":"https:\/\/schema.org","@graph":[{"@type":"WebPage","@id":"https:\/\/weplayagain.com\/da\/vare\/callaway-ai-smoke-max-d-driver-flex-a-flex-loft-10-5\/","url":"https:\/\/weplayagain.com\/da\/vare\/callaway-ai-smoke-max-d-driver-flex-a-flex-loft-10-5\/","name":"K\u00f8b brugt Callaway Ai Smoke Max D Driver hos WePlayAgain | Hurtig levering","isPartOf":{"@id":"https:\/\/weplayagain.com\/#website"},"primaryImageOfPage":{"@id":"https:\/\/weplayagain.com\/da\/vare\/callaway-ai-smoke-max-d-driver-flex-a-flex-loft-10-5\/#primaryimage"},"image":{"@id":"https:\/\/weplayagain.com\/da\/vare\/callaway-ai-smoke-max-d-driver-flex-a-flex-loft-10-5\/#primaryimage"},"thumbnailUrl":"https:\/\/weplayagain.host9.slyde.dk\/wp-content\/uploads\/2025\/03\/Photoroom_028_20250320_131456-scaled.jpeg","datePublished":"2025-03-20T11:51:20+00:00","dateModified":"2025-04-28T22:16:30+00:00","description":"Manger du en brugt Callaway Ai Smoke Max D Driver og spar op til 58% af nyprisen. 2 \u00e5rs garanti og 14 dages pr\u00f8veperiode.","breadcrumb":{"@id":"https:\/\/weplayagain.com\/da\/vare\/callaway-ai-smoke-max-d-driver-flex-a-flex-loft-10-5\/#breadcrumb"},"inLanguage":"da-DK","potentialAction":[{"@type":"ReadAction","target":["https:\/\/weplayagain.com\/da\/vare\/callaway-ai-smoke-max-d-driver-flex-a-flex-loft-10-5\/"]}]},{"@type":"ImageObject","inLanguage":"da-DK","@id":"https:\/\/weplayagain.com\/da\/vare\/callaway-ai-smoke-max-d-driver-flex-a-flex-loft-10-5\/#primaryimage","url":"https:\/\/weplayagain.host9.slyde.dk\/wp-content\/uploads\/2025\/03\/Photoroom_028_20250320_131456-scaled.jpeg","contentUrl":"https:\/\/weplayagain.host9.slyde.dk\/wp-content\/uploads\/2025\/03\/Photoroom_028_20250320_131456-scaled.jpeg","width":2048,"height":2048},{"@type":"BreadcrumbList","@id":"https:\/\/weplayagain.com\/da\/vare\/callaway-ai-smoke-max-d-driver-flex-a-flex-loft-10-5\/#breadcrumb","itemListElement":[{"@type":"ListItem","position":1,"name":"Hjem","item":"https:\/\/weplayagain.com\/da\/"},{"@type":"ListItem","position":2,"name":"Shop","item":"https:\/\/weplayagain.com\/shop\/"},{"@type":"ListItem","position":3,"name":"Callaway Ai Smoke Max D Driver \/ Flex A-flex \/ Loft 10.5"}]},{"@type":"WebSite","@id":"https:\/\/weplayagain.com\/#website","url":"https:\/\/weplayagain.com\/","name":"WePlayAgain A\/S","description":"K\u00f8b brugt - trygt, og til markedets skarpeste priser","publisher":{"@id":"https:\/\/weplayagain.com\/#organization"},"potentialAction":[{"@type":"SearchAction","target":{"@type":"EntryPoint","urlTemplate":"https:\/\/weplayagain.com\/?s={search_term_string}"},"query-input":{"@type":"PropertyValueSpecification","valueRequired":true,"valueName":"search_term_string"}}],"inLanguage":"da-DK"},{"@type":"Organization","@id":"https:\/\/weplayagain.com\/#organization","name":"WePlayAgain A\/S","url":"https:\/\/weplayagain.com\/","logo":{"@type":"ImageObject","inLanguage":"da-DK","@id":"https:\/\/weplayagain.com\/#\/schema\/logo\/image\/","url":"https:\/\/weplayagain.host9.slyde.dk\/wp-content\/uploads\/2022\/01\/Asset-8-8.png","contentUrl":"https:\/\/weplayagain.host9.slyde.dk\/wp-content\/uploads\/2022\/01\/Asset-8-8.png","width":2048,"height":454,"caption":"WePlayAgain A\/S"},"image":{"@id":"https:\/\/weplayagain.com\/#\/schema\/logo\/image\/"}}]}},"_links":{"self":[{"href":"https:\/\/weplayagain.host9.slyde.dk\/da\/wp-json\/wp\/v2\/product\/41051","targetHints":{"allow":["GET"]}}],"collection":[{"href":"https:\/\/weplayagain.host9.slyde.dk\/da\/wp-json\/wp\/v2\/product"}],"about":[{"href":"https:\/\/weplayagain.host9.slyde.dk\/da\/wp-json\/wp\/v2\/types\/product"}],"wp:featuredmedia":[{"embeddable":true,"href":"https:\/\/weplayagain.host9.slyde.dk\/da\/wp-json\/wp\/v2\/media\/41091"}],"wp:attachment":[{"href":"https:\/\/weplayagain.host9.slyde.dk\/da\/wp-json\/wp\/v2\/media?parent=41051"}],"wp:term":[{"taxonomy":"product_brand","embeddable":true,"href":"https:\/\/weplayagain.host9.slyde.dk\/da\/wp-json\/wp\/v2\/product_brand?post=41051"},{"taxonomy":"product_cat","embeddable":true,"href":"https:\/\/weplayagain.host9.slyde.dk\/da\/wp-json\/wp\/v2\/product_cat?post=41051"},{"taxonomy":"product_tag","embeddable":true,"href":"https:\/\/weplayagain.host9.slyde.dk\/da\/wp-json\/wp\/v2\/product_tag?post=41051"}],"curies":[{"name":"wp","href":"https:\/\/api.w.org\/{rel}","templated":true}]}}