{"id":41057,"date":"2025-03-20T12:51:31","date_gmt":"2025-03-20T11:51:31","guid":{"rendered":"https:\/\/weplayagain.com\/?post_type=product&#038;p=41057"},"modified":"2025-04-28T23:16:32","modified_gmt":"2025-04-28T22:16:32","slug":"callaway-epic-flash-subzero-driver-flex-stiff-loft-9","status":"publish","type":"product","link":"https:\/\/weplayagain.host9.slyde.dk\/da\/vare\/callaway-epic-flash-subzero-driver-flex-stiff-loft-9\/","title":{"rendered":"Callaway Epic Flash SubZero Driver \/ Flex Stiff \/ Loft 9"},"content":{"rendered":"<h3 id=\"callaway-epic-flash-sub-zero-driver--kraft-og-kontrol\">GRIP: SKAL SKIFTES F\u00d8R BRUG; DERAF PRISEN<\/p>\n<p>Callaway Epic Flash Sub Zero Driver \u2013 Kraft og kontrol<\/h3>\n<p>Med Callaway Epic Flash Sub Zero Driver f\u00e5r du en driver, der kombinerer lav spin og h\u00f8j boldhastighed, s\u00e5 du kan sl\u00e5 l\u00e6ngere uden at miste kontrollen.<\/p>\n<ul>\n<li><strong>Flash Face teknologi<\/strong> \u2013 Udviklet med kunstig intelligens for at skabe en slagflade, der giver mere fart og l\u00e6ngde.<\/li>\n<li><strong>Jailbreak technology<\/strong> \u2013 To interne st\u00e6nger forst\u00e6rker k\u00f8llehovedet og s\u00f8rger for en effektiv energioverf\u00f8rsel.<\/li>\n<li><strong>Letv\u00e6gts carbon crown<\/strong> \u2013 Fordeler v\u00e6gten, s\u00e5 du f\u00e5r et h\u00f8jt MOI og bedre stabilitet p\u00e5 off-center tr\u00e6f.<\/li>\n<li><strong>Justerbar v\u00e6gt &amp; loft<\/strong> \u2013 Giver mulighed for at tilpasse boldflugten og launch-vinklen, s\u00e5 den passer til dit spil.<\/li>\n<\/ul>\n<p>En driver for golfspillere, der vil have en pr\u00e6cis og kraftfuld k\u00f8lle, der kan hj\u00e6lpe med at f\u00e5 mest muligt ud af slagene.<\/p>\n","protected":false},"excerpt":{"rendered":"<p>GRIP: SKAL SKIFTES F\u00d8R BRUG; DERAF PRISEN Callaway Epic Flash Sub Zero Driver \u2013 Kraft og kontrol Med Callaway Epic Flash Sub Zero Driver f\u00e5r du en driver, der kombinerer lav spin og h\u00f8j boldhastighed, s\u00e5 du kan sl\u00e5 l\u00e6ngere uden at miste kontrollen. Flash Face teknologi \u2013 Udviklet med kunstig intelligens for at skabe [&hellip;]<\/p>\n","protected":false},"featured_media":41121,"template":"","meta":{"_acf_changed":false},"product_brand":[],"product_cat":[507],"product_tag":[],"class_list":{"0":"post-41057","1":"product","2":"type-product","3":"status-publish","4":"has-post-thumbnail","6":"product_cat-brugt-golf-driver","7":"pa_28935-men","8":"pa_brand-callaway","9":"pa_condition-slidt-stand","10":"pa_dexterity-hojre-haand","11":"pa_flex-stiff-flex","12":"pa_grip-golfpride-tour-velvet-360","13":"pa_gripsize-standard","14":"pa_headcover-nej","15":"pa_koelle-driver","16":"pa_loft-631","17":"pa_model-epic-flash-subzero","18":"pa_skaft-mmt","19":"pa_skaft-materiale-grafit","20":"pa_sku-lyn13","22":"first","23":"instock","24":"taxable","25":"shipping-taxable","26":"purchasable","27":"product-type-simple"},"acf":[],"yoast_head":"<!-- This site is optimized with the Yoast SEO plugin v24.8.1 - https:\/\/yoast.com\/wordpress\/plugins\/seo\/ -->\n<title>K\u00f8b brugt Callaway Epic Flash SubZero Driver hos WePlayAgain | Hurtig levering<\/title>\n<meta name=\"description\" content=\"Manger du en brugt Callaway Epic Flash SubZero Driver og spar op til 58% af nyprisen. 2 \u00e5rs garanti og 14 dages pr\u00f8veperiode.\" \/>\n<meta name=\"robots\" content=\"noindex, follow, max-snippet:-1, max-image-preview:large, max-video-preview:-1\" \/>\n<meta property=\"og:locale\" content=\"da_DK\" \/>\n<meta property=\"og:type\" content=\"article\" \/>\n<meta property=\"og:title\" content=\"K\u00f8b brugt Callaway Epic Flash SubZero Driver hos WePlayAgain | Hurtig levering\" \/>\n<meta property=\"og:description\" content=\"Manger du en brugt Callaway Epic Flash SubZero Driver og spar op til 58% af nyprisen. 2 \u00e5rs garanti og 14 dages pr\u00f8veperiode.\" \/>\n<meta property=\"og:url\" content=\"https:\/\/weplayagain.com\/da\/vare\/callaway-epic-flash-subzero-driver-flex-stiff-loft-9\/\" \/>\n<meta property=\"og:site_name\" content=\"WePlayAgain A\/S\" \/>\n<meta property=\"article:modified_time\" content=\"2025-04-28T22:16:32+00:00\" \/>\n<meta property=\"og:image\" content=\"https:\/\/weplayagain.com\/wp-content\/uploads\/2025\/03\/Photoroom_012_20250320_140018-scaled.jpeg\" \/>\n\t<meta property=\"og:image:width\" content=\"2048\" \/>\n\t<meta property=\"og:image:height\" content=\"2048\" \/>\n\t<meta property=\"og:image:type\" content=\"image\/jpeg\" \/>\n<meta name=\"twitter:card\" content=\"summary_large_image\" \/>\n<meta name=\"twitter:label1\" content=\"Estimeret l\u00e6setid\" \/>\n\t<meta name=\"twitter:data1\" content=\"1 minut\" \/>\n<script type=\"application\/ld+json\" class=\"yoast-schema-graph\">{\"@context\":\"https:\/\/schema.org\",\"@graph\":[{\"@type\":\"WebPage\",\"@id\":\"https:\/\/weplayagain.com\/da\/vare\/callaway-epic-flash-subzero-driver-flex-stiff-loft-9\/\",\"url\":\"https:\/\/weplayagain.com\/da\/vare\/callaway-epic-flash-subzero-driver-flex-stiff-loft-9\/\",\"name\":\"K\u00f8b brugt Callaway Epic Flash SubZero Driver hos WePlayAgain | Hurtig levering\",\"isPartOf\":{\"@id\":\"https:\/\/weplayagain.com\/#website\"},\"primaryImageOfPage\":{\"@id\":\"https:\/\/weplayagain.com\/da\/vare\/callaway-epic-flash-subzero-driver-flex-stiff-loft-9\/#primaryimage\"},\"image\":{\"@id\":\"https:\/\/weplayagain.com\/da\/vare\/callaway-epic-flash-subzero-driver-flex-stiff-loft-9\/#primaryimage\"},\"thumbnailUrl\":\"https:\/\/weplayagain.host9.slyde.dk\/wp-content\/uploads\/2025\/03\/Photoroom_012_20250320_140018-scaled.jpeg\",\"datePublished\":\"2025-03-20T11:51:31+00:00\",\"dateModified\":\"2025-04-28T22:16:32+00:00\",\"description\":\"Manger du en brugt Callaway Epic Flash SubZero Driver og spar op til 58% af nyprisen. 2 \u00e5rs garanti og 14 dages pr\u00f8veperiode.\",\"breadcrumb\":{\"@id\":\"https:\/\/weplayagain.com\/da\/vare\/callaway-epic-flash-subzero-driver-flex-stiff-loft-9\/#breadcrumb\"},\"inLanguage\":\"da-DK\",\"potentialAction\":[{\"@type\":\"ReadAction\",\"target\":[\"https:\/\/weplayagain.com\/da\/vare\/callaway-epic-flash-subzero-driver-flex-stiff-loft-9\/\"]}]},{\"@type\":\"ImageObject\",\"inLanguage\":\"da-DK\",\"@id\":\"https:\/\/weplayagain.com\/da\/vare\/callaway-epic-flash-subzero-driver-flex-stiff-loft-9\/#primaryimage\",\"url\":\"https:\/\/weplayagain.host9.slyde.dk\/wp-content\/uploads\/2025\/03\/Photoroom_012_20250320_140018-scaled.jpeg\",\"contentUrl\":\"https:\/\/weplayagain.host9.slyde.dk\/wp-content\/uploads\/2025\/03\/Photoroom_012_20250320_140018-scaled.jpeg\",\"width\":2048,\"height\":2048},{\"@type\":\"BreadcrumbList\",\"@id\":\"https:\/\/weplayagain.com\/da\/vare\/callaway-epic-flash-subzero-driver-flex-stiff-loft-9\/#breadcrumb\",\"itemListElement\":[{\"@type\":\"ListItem\",\"position\":1,\"name\":\"Hjem\",\"item\":\"https:\/\/weplayagain.com\/da\/\"},{\"@type\":\"ListItem\",\"position\":2,\"name\":\"Shop\",\"item\":\"https:\/\/weplayagain.com\/shop\/\"},{\"@type\":\"ListItem\",\"position\":3,\"name\":\"Callaway Epic Flash SubZero Driver \/ Flex Stiff \/ Loft 9\"}]},{\"@type\":\"WebSite\",\"@id\":\"https:\/\/weplayagain.com\/#website\",\"url\":\"https:\/\/weplayagain.com\/\",\"name\":\"WePlayAgain A\/S\",\"description\":\"K\u00f8b brugt - trygt, og til markedets skarpeste priser\",\"publisher\":{\"@id\":\"https:\/\/weplayagain.com\/#organization\"},\"potentialAction\":[{\"@type\":\"SearchAction\",\"target\":{\"@type\":\"EntryPoint\",\"urlTemplate\":\"https:\/\/weplayagain.com\/?s={search_term_string}\"},\"query-input\":{\"@type\":\"PropertyValueSpecification\",\"valueRequired\":true,\"valueName\":\"search_term_string\"}}],\"inLanguage\":\"da-DK\"},{\"@type\":\"Organization\",\"@id\":\"https:\/\/weplayagain.com\/#organization\",\"name\":\"WePlayAgain A\/S\",\"url\":\"https:\/\/weplayagain.com\/\",\"logo\":{\"@type\":\"ImageObject\",\"inLanguage\":\"da-DK\",\"@id\":\"https:\/\/weplayagain.com\/#\/schema\/logo\/image\/\",\"url\":\"https:\/\/weplayagain.host9.slyde.dk\/wp-content\/uploads\/2022\/01\/Asset-8-8.png\",\"contentUrl\":\"https:\/\/weplayagain.host9.slyde.dk\/wp-content\/uploads\/2022\/01\/Asset-8-8.png\",\"width\":2048,\"height\":454,\"caption\":\"WePlayAgain A\/S\"},\"image\":{\"@id\":\"https:\/\/weplayagain.com\/#\/schema\/logo\/image\/\"}}]}<\/script>\n<!-- \/ Yoast SEO plugin. -->","yoast_head_json":{"title":"K\u00f8b brugt Callaway Epic Flash SubZero Driver hos WePlayAgain | Hurtig levering","description":"Manger du en brugt Callaway Epic Flash SubZero Driver og spar op til 58% af nyprisen. 2 \u00e5rs garanti og 14 dages pr\u00f8veperiode.","robots":{"index":"noindex","follow":"follow","max-snippet":"max-snippet:-1","max-image-preview":"max-image-preview:large","max-video-preview":"max-video-preview:-1"},"og_locale":"da_DK","og_type":"article","og_title":"K\u00f8b brugt Callaway Epic Flash SubZero Driver hos WePlayAgain | Hurtig levering","og_description":"Manger du en brugt Callaway Epic Flash SubZero Driver og spar op til 58% af nyprisen. 2 \u00e5rs garanti og 14 dages pr\u00f8veperiode.","og_url":"https:\/\/weplayagain.com\/da\/vare\/callaway-epic-flash-subzero-driver-flex-stiff-loft-9\/","og_site_name":"WePlayAgain A\/S","article_modified_time":"2025-04-28T22:16:32+00:00","og_image":[{"width":2048,"height":2048,"url":"https:\/\/weplayagain.com\/wp-content\/uploads\/2025\/03\/Photoroom_012_20250320_140018-scaled.jpeg","type":"image\/jpeg"}],"twitter_card":"summary_large_image","twitter_misc":{"Estimeret l\u00e6setid":"1 minut"},"schema":{"@context":"https:\/\/schema.org","@graph":[{"@type":"WebPage","@id":"https:\/\/weplayagain.com\/da\/vare\/callaway-epic-flash-subzero-driver-flex-stiff-loft-9\/","url":"https:\/\/weplayagain.com\/da\/vare\/callaway-epic-flash-subzero-driver-flex-stiff-loft-9\/","name":"K\u00f8b brugt Callaway Epic Flash SubZero Driver hos WePlayAgain | Hurtig levering","isPartOf":{"@id":"https:\/\/weplayagain.com\/#website"},"primaryImageOfPage":{"@id":"https:\/\/weplayagain.com\/da\/vare\/callaway-epic-flash-subzero-driver-flex-stiff-loft-9\/#primaryimage"},"image":{"@id":"https:\/\/weplayagain.com\/da\/vare\/callaway-epic-flash-subzero-driver-flex-stiff-loft-9\/#primaryimage"},"thumbnailUrl":"https:\/\/weplayagain.host9.slyde.dk\/wp-content\/uploads\/2025\/03\/Photoroom_012_20250320_140018-scaled.jpeg","datePublished":"2025-03-20T11:51:31+00:00","dateModified":"2025-04-28T22:16:32+00:00","description":"Manger du en brugt Callaway Epic Flash SubZero Driver og spar op til 58% af nyprisen. 2 \u00e5rs garanti og 14 dages pr\u00f8veperiode.","breadcrumb":{"@id":"https:\/\/weplayagain.com\/da\/vare\/callaway-epic-flash-subzero-driver-flex-stiff-loft-9\/#breadcrumb"},"inLanguage":"da-DK","potentialAction":[{"@type":"ReadAction","target":["https:\/\/weplayagain.com\/da\/vare\/callaway-epic-flash-subzero-driver-flex-stiff-loft-9\/"]}]},{"@type":"ImageObject","inLanguage":"da-DK","@id":"https:\/\/weplayagain.com\/da\/vare\/callaway-epic-flash-subzero-driver-flex-stiff-loft-9\/#primaryimage","url":"https:\/\/weplayagain.host9.slyde.dk\/wp-content\/uploads\/2025\/03\/Photoroom_012_20250320_140018-scaled.jpeg","contentUrl":"https:\/\/weplayagain.host9.slyde.dk\/wp-content\/uploads\/2025\/03\/Photoroom_012_20250320_140018-scaled.jpeg","width":2048,"height":2048},{"@type":"BreadcrumbList","@id":"https:\/\/weplayagain.com\/da\/vare\/callaway-epic-flash-subzero-driver-flex-stiff-loft-9\/#breadcrumb","itemListElement":[{"@type":"ListItem","position":1,"name":"Hjem","item":"https:\/\/weplayagain.com\/da\/"},{"@type":"ListItem","position":2,"name":"Shop","item":"https:\/\/weplayagain.com\/shop\/"},{"@type":"ListItem","position":3,"name":"Callaway Epic Flash SubZero Driver \/ Flex Stiff \/ Loft 9"}]},{"@type":"WebSite","@id":"https:\/\/weplayagain.com\/#website","url":"https:\/\/weplayagain.com\/","name":"WePlayAgain A\/S","description":"K\u00f8b brugt - trygt, og til markedets skarpeste priser","publisher":{"@id":"https:\/\/weplayagain.com\/#organization"},"potentialAction":[{"@type":"SearchAction","target":{"@type":"EntryPoint","urlTemplate":"https:\/\/weplayagain.com\/?s={search_term_string}"},"query-input":{"@type":"PropertyValueSpecification","valueRequired":true,"valueName":"search_term_string"}}],"inLanguage":"da-DK"},{"@type":"Organization","@id":"https:\/\/weplayagain.com\/#organization","name":"WePlayAgain A\/S","url":"https:\/\/weplayagain.com\/","logo":{"@type":"ImageObject","inLanguage":"da-DK","@id":"https:\/\/weplayagain.com\/#\/schema\/logo\/image\/","url":"https:\/\/weplayagain.host9.slyde.dk\/wp-content\/uploads\/2022\/01\/Asset-8-8.png","contentUrl":"https:\/\/weplayagain.host9.slyde.dk\/wp-content\/uploads\/2022\/01\/Asset-8-8.png","width":2048,"height":454,"caption":"WePlayAgain A\/S"},"image":{"@id":"https:\/\/weplayagain.com\/#\/schema\/logo\/image\/"}}]}},"_links":{"self":[{"href":"https:\/\/weplayagain.host9.slyde.dk\/da\/wp-json\/wp\/v2\/product\/41057","targetHints":{"allow":["GET"]}}],"collection":[{"href":"https:\/\/weplayagain.host9.slyde.dk\/da\/wp-json\/wp\/v2\/product"}],"about":[{"href":"https:\/\/weplayagain.host9.slyde.dk\/da\/wp-json\/wp\/v2\/types\/product"}],"wp:featuredmedia":[{"embeddable":true,"href":"https:\/\/weplayagain.host9.slyde.dk\/da\/wp-json\/wp\/v2\/media\/41121"}],"wp:attachment":[{"href":"https:\/\/weplayagain.host9.slyde.dk\/da\/wp-json\/wp\/v2\/media?parent=41057"}],"wp:term":[{"taxonomy":"product_brand","embeddable":true,"href":"https:\/\/weplayagain.host9.slyde.dk\/da\/wp-json\/wp\/v2\/product_brand?post=41057"},{"taxonomy":"product_cat","embeddable":true,"href":"https:\/\/weplayagain.host9.slyde.dk\/da\/wp-json\/wp\/v2\/product_cat?post=41057"},{"taxonomy":"product_tag","embeddable":true,"href":"https:\/\/weplayagain.host9.slyde.dk\/da\/wp-json\/wp\/v2\/product_tag?post=41057"}],"curies":[{"name":"wp","href":"https:\/\/api.w.org\/{rel}","templated":true}]}}