{"id":41058,"date":"2025-03-20T12:51:33","date_gmt":"2025-03-20T11:51:33","guid":{"rendered":"https:\/\/weplayagain.com\/?post_type=product&#038;p=41058"},"modified":"2025-04-28T23:16:33","modified_gmt":"2025-04-28T22:16:33","slug":"callaway-epic-max-driver-flex-regular-loft-12-venstre","status":"publish","type":"product","link":"https:\/\/weplayagain.host9.slyde.dk\/da\/vare\/callaway-epic-max-driver-flex-regular-loft-12-venstre\/","title":{"rendered":"Callaway EPIC Max Driver \/ Flex Regular \/ Loft 12 &#8211; Venstre"},"content":{"rendered":"<p><strong>Callaway EPIC Max Driver \u2013 Stabilitet og power fra tee<\/strong><\/p>\n<p>Callaway EPIC Max Driver er designet til at give dig ekstra tilgivelse og l\u00e6ngere drives. Med avanceret teknologi, der maksimerer boldhastighed og stabilitet, f\u00e5r du et p\u00e5lideligt v\u00e6rkt\u00f8j til at forbedre dit spil fra tee.<\/p>\n<h3 id=\"teknologi-og-fordele\">Teknologi og fordele<\/h3>\n<ul>\n<li><strong>Tilgivende slagflade<\/strong> \u2013 Reducerer konsekvenserne af off-center tr\u00e6f og giver mere ensartede slag.<\/li>\n<li><strong>Jailbreak Speed Frame<\/strong> \u2013 Forst\u00e6rker k\u00f8llehovedet og optimerer energi overf\u00f8rslen for h\u00f8jere boldhastigheder.<\/li>\n<li><strong>Justerbar v\u00e6gtning<\/strong> \u2013 Mulighed for at p\u00e5virke boldflugten og tilpasse driveren til din spillestil.<\/li>\n<li><strong>Let og st\u00e6rk konstruktion<\/strong> \u2013 H\u00f8j MOI (Moment of Inertia) for stabilitet gennem svinget.<\/li>\n<\/ul>\n<p>Med sin innovative teknologi og brugervenlige design er EPIC Max en solid makker for golfspillere, der vil have mere kontrol og l\u00e6ngde uden at g\u00e5 p\u00e5 kompromis med f\u00f8lelsen i slaget.<\/p>\n","protected":false},"excerpt":{"rendered":"<p>Callaway EPIC Max Driver \u2013 Stabilitet og power fra tee Callaway EPIC Max Driver er designet til at give dig ekstra tilgivelse og l\u00e6ngere drives. Med avanceret teknologi, der maksimerer boldhastighed og stabilitet, f\u00e5r du et p\u00e5lideligt v\u00e6rkt\u00f8j til at forbedre dit spil fra tee. Teknologi og fordele Tilgivende slagflade \u2013 Reducerer konsekvenserne af off-center [&hellip;]<\/p>\n","protected":false},"featured_media":41127,"template":"","meta":{"_acf_changed":false},"product_brand":[],"product_cat":[507],"product_tag":[],"class_list":{"0":"post-41058","1":"product","2":"type-product","3":"status-publish","4":"has-post-thumbnail","6":"product_cat-brugt-golf-driver","7":"pa_28935-men","8":"pa_brand-callaway","9":"pa_condition-brugt-som-ny","10":"pa_dexterity-venstre-haand","11":"pa_flex-regular-flex","12":"pa_grip-tour-velvet-align","13":"pa_gripsize-standard","14":"pa_headcover-ja","15":"pa_koelle-driver","16":"pa_loft-740","17":"pa_model-epic-max","18":"pa_skaft-evenflow-riptide","19":"pa_skaft-materiale-grafit","20":"pa_sku-lyn14","22":"first","23":"instock","24":"taxable","25":"shipping-taxable","26":"purchasable","27":"product-type-simple"},"acf":[],"yoast_head":"<!-- This site is optimized with the Yoast SEO plugin v24.8.1 - https:\/\/yoast.com\/wordpress\/plugins\/seo\/ -->\n<title>K\u00f8b brugt Callaway EPIC Max Driver hos WePlayAgain | Hurtig levering<\/title>\n<meta name=\"description\" content=\"Manger du en brugt Callaway EPIC Max Driver og spar op til 62% af nyprisen. 2 \u00e5rs garanti og 14 dages pr\u00f8veperiode.\" \/>\n<meta name=\"robots\" content=\"noindex, follow, max-snippet:-1, max-image-preview:large, max-video-preview:-1\" \/>\n<meta property=\"og:locale\" content=\"da_DK\" \/>\n<meta property=\"og:type\" content=\"article\" \/>\n<meta property=\"og:title\" content=\"K\u00f8b brugt Callaway EPIC Max Driver hos WePlayAgain | Hurtig levering\" \/>\n<meta property=\"og:description\" content=\"Manger du en brugt Callaway EPIC Max Driver og spar op til 62% af nyprisen. 2 \u00e5rs garanti og 14 dages pr\u00f8veperiode.\" \/>\n<meta property=\"og:url\" content=\"https:\/\/weplayagain.com\/da\/vare\/callaway-epic-max-driver-flex-regular-loft-12-venstre\/\" \/>\n<meta property=\"og:site_name\" content=\"WePlayAgain A\/S\" \/>\n<meta property=\"article:modified_time\" content=\"2025-04-28T22:16:33+00:00\" \/>\n<meta property=\"og:image\" content=\"https:\/\/weplayagain.com\/wp-content\/uploads\/2025\/03\/Photoroom_018_20250320_140018-scaled.jpeg\" \/>\n\t<meta property=\"og:image:width\" content=\"2048\" \/>\n\t<meta property=\"og:image:height\" content=\"2048\" \/>\n\t<meta property=\"og:image:type\" content=\"image\/jpeg\" \/>\n<meta name=\"twitter:card\" content=\"summary_large_image\" \/>\n<meta name=\"twitter:label1\" content=\"Estimeret l\u00e6setid\" \/>\n\t<meta name=\"twitter:data1\" content=\"1 minut\" \/>\n<script type=\"application\/ld+json\" class=\"yoast-schema-graph\">{\"@context\":\"https:\/\/schema.org\",\"@graph\":[{\"@type\":\"WebPage\",\"@id\":\"https:\/\/weplayagain.com\/da\/vare\/callaway-epic-max-driver-flex-regular-loft-12-venstre\/\",\"url\":\"https:\/\/weplayagain.com\/da\/vare\/callaway-epic-max-driver-flex-regular-loft-12-venstre\/\",\"name\":\"K\u00f8b brugt Callaway EPIC Max Driver hos WePlayAgain | Hurtig levering\",\"isPartOf\":{\"@id\":\"https:\/\/weplayagain.com\/#website\"},\"primaryImageOfPage\":{\"@id\":\"https:\/\/weplayagain.com\/da\/vare\/callaway-epic-max-driver-flex-regular-loft-12-venstre\/#primaryimage\"},\"image\":{\"@id\":\"https:\/\/weplayagain.com\/da\/vare\/callaway-epic-max-driver-flex-regular-loft-12-venstre\/#primaryimage\"},\"thumbnailUrl\":\"https:\/\/weplayagain.host9.slyde.dk\/wp-content\/uploads\/2025\/03\/Photoroom_018_20250320_140018-scaled.jpeg\",\"datePublished\":\"2025-03-20T11:51:33+00:00\",\"dateModified\":\"2025-04-28T22:16:33+00:00\",\"description\":\"Manger du en brugt Callaway EPIC Max Driver og spar op til 62% af nyprisen. 2 \u00e5rs garanti og 14 dages pr\u00f8veperiode.\",\"breadcrumb\":{\"@id\":\"https:\/\/weplayagain.com\/da\/vare\/callaway-epic-max-driver-flex-regular-loft-12-venstre\/#breadcrumb\"},\"inLanguage\":\"da-DK\",\"potentialAction\":[{\"@type\":\"ReadAction\",\"target\":[\"https:\/\/weplayagain.com\/da\/vare\/callaway-epic-max-driver-flex-regular-loft-12-venstre\/\"]}]},{\"@type\":\"ImageObject\",\"inLanguage\":\"da-DK\",\"@id\":\"https:\/\/weplayagain.com\/da\/vare\/callaway-epic-max-driver-flex-regular-loft-12-venstre\/#primaryimage\",\"url\":\"https:\/\/weplayagain.host9.slyde.dk\/wp-content\/uploads\/2025\/03\/Photoroom_018_20250320_140018-scaled.jpeg\",\"contentUrl\":\"https:\/\/weplayagain.host9.slyde.dk\/wp-content\/uploads\/2025\/03\/Photoroom_018_20250320_140018-scaled.jpeg\",\"width\":2048,\"height\":2048},{\"@type\":\"BreadcrumbList\",\"@id\":\"https:\/\/weplayagain.com\/da\/vare\/callaway-epic-max-driver-flex-regular-loft-12-venstre\/#breadcrumb\",\"itemListElement\":[{\"@type\":\"ListItem\",\"position\":1,\"name\":\"Hjem\",\"item\":\"https:\/\/weplayagain.com\/da\/\"},{\"@type\":\"ListItem\",\"position\":2,\"name\":\"Shop\",\"item\":\"https:\/\/weplayagain.com\/shop\/\"},{\"@type\":\"ListItem\",\"position\":3,\"name\":\"Callaway EPIC Max Driver \/ Flex Regular \/ Loft 12 &#8211; Venstre\"}]},{\"@type\":\"WebSite\",\"@id\":\"https:\/\/weplayagain.com\/#website\",\"url\":\"https:\/\/weplayagain.com\/\",\"name\":\"WePlayAgain A\/S\",\"description\":\"K\u00f8b brugt - trygt, og til markedets skarpeste priser\",\"publisher\":{\"@id\":\"https:\/\/weplayagain.com\/#organization\"},\"potentialAction\":[{\"@type\":\"SearchAction\",\"target\":{\"@type\":\"EntryPoint\",\"urlTemplate\":\"https:\/\/weplayagain.com\/?s={search_term_string}\"},\"query-input\":{\"@type\":\"PropertyValueSpecification\",\"valueRequired\":true,\"valueName\":\"search_term_string\"}}],\"inLanguage\":\"da-DK\"},{\"@type\":\"Organization\",\"@id\":\"https:\/\/weplayagain.com\/#organization\",\"name\":\"WePlayAgain A\/S\",\"url\":\"https:\/\/weplayagain.com\/\",\"logo\":{\"@type\":\"ImageObject\",\"inLanguage\":\"da-DK\",\"@id\":\"https:\/\/weplayagain.com\/#\/schema\/logo\/image\/\",\"url\":\"https:\/\/weplayagain.host9.slyde.dk\/wp-content\/uploads\/2022\/01\/Asset-8-8.png\",\"contentUrl\":\"https:\/\/weplayagain.host9.slyde.dk\/wp-content\/uploads\/2022\/01\/Asset-8-8.png\",\"width\":2048,\"height\":454,\"caption\":\"WePlayAgain A\/S\"},\"image\":{\"@id\":\"https:\/\/weplayagain.com\/#\/schema\/logo\/image\/\"}}]}<\/script>\n<!-- \/ Yoast SEO plugin. -->","yoast_head_json":{"title":"K\u00f8b brugt Callaway EPIC Max Driver hos WePlayAgain | Hurtig levering","description":"Manger du en brugt Callaway EPIC Max Driver og spar op til 62% af nyprisen. 2 \u00e5rs garanti og 14 dages pr\u00f8veperiode.","robots":{"index":"noindex","follow":"follow","max-snippet":"max-snippet:-1","max-image-preview":"max-image-preview:large","max-video-preview":"max-video-preview:-1"},"og_locale":"da_DK","og_type":"article","og_title":"K\u00f8b brugt Callaway EPIC Max Driver hos WePlayAgain | Hurtig levering","og_description":"Manger du en brugt Callaway EPIC Max Driver og spar op til 62% af nyprisen. 2 \u00e5rs garanti og 14 dages pr\u00f8veperiode.","og_url":"https:\/\/weplayagain.com\/da\/vare\/callaway-epic-max-driver-flex-regular-loft-12-venstre\/","og_site_name":"WePlayAgain A\/S","article_modified_time":"2025-04-28T22:16:33+00:00","og_image":[{"width":2048,"height":2048,"url":"https:\/\/weplayagain.com\/wp-content\/uploads\/2025\/03\/Photoroom_018_20250320_140018-scaled.jpeg","type":"image\/jpeg"}],"twitter_card":"summary_large_image","twitter_misc":{"Estimeret l\u00e6setid":"1 minut"},"schema":{"@context":"https:\/\/schema.org","@graph":[{"@type":"WebPage","@id":"https:\/\/weplayagain.com\/da\/vare\/callaway-epic-max-driver-flex-regular-loft-12-venstre\/","url":"https:\/\/weplayagain.com\/da\/vare\/callaway-epic-max-driver-flex-regular-loft-12-venstre\/","name":"K\u00f8b brugt Callaway EPIC Max Driver hos WePlayAgain | Hurtig levering","isPartOf":{"@id":"https:\/\/weplayagain.com\/#website"},"primaryImageOfPage":{"@id":"https:\/\/weplayagain.com\/da\/vare\/callaway-epic-max-driver-flex-regular-loft-12-venstre\/#primaryimage"},"image":{"@id":"https:\/\/weplayagain.com\/da\/vare\/callaway-epic-max-driver-flex-regular-loft-12-venstre\/#primaryimage"},"thumbnailUrl":"https:\/\/weplayagain.host9.slyde.dk\/wp-content\/uploads\/2025\/03\/Photoroom_018_20250320_140018-scaled.jpeg","datePublished":"2025-03-20T11:51:33+00:00","dateModified":"2025-04-28T22:16:33+00:00","description":"Manger du en brugt Callaway EPIC Max Driver og spar op til 62% af nyprisen. 2 \u00e5rs garanti og 14 dages pr\u00f8veperiode.","breadcrumb":{"@id":"https:\/\/weplayagain.com\/da\/vare\/callaway-epic-max-driver-flex-regular-loft-12-venstre\/#breadcrumb"},"inLanguage":"da-DK","potentialAction":[{"@type":"ReadAction","target":["https:\/\/weplayagain.com\/da\/vare\/callaway-epic-max-driver-flex-regular-loft-12-venstre\/"]}]},{"@type":"ImageObject","inLanguage":"da-DK","@id":"https:\/\/weplayagain.com\/da\/vare\/callaway-epic-max-driver-flex-regular-loft-12-venstre\/#primaryimage","url":"https:\/\/weplayagain.host9.slyde.dk\/wp-content\/uploads\/2025\/03\/Photoroom_018_20250320_140018-scaled.jpeg","contentUrl":"https:\/\/weplayagain.host9.slyde.dk\/wp-content\/uploads\/2025\/03\/Photoroom_018_20250320_140018-scaled.jpeg","width":2048,"height":2048},{"@type":"BreadcrumbList","@id":"https:\/\/weplayagain.com\/da\/vare\/callaway-epic-max-driver-flex-regular-loft-12-venstre\/#breadcrumb","itemListElement":[{"@type":"ListItem","position":1,"name":"Hjem","item":"https:\/\/weplayagain.com\/da\/"},{"@type":"ListItem","position":2,"name":"Shop","item":"https:\/\/weplayagain.com\/shop\/"},{"@type":"ListItem","position":3,"name":"Callaway EPIC Max Driver \/ Flex Regular \/ Loft 12 &#8211; Venstre"}]},{"@type":"WebSite","@id":"https:\/\/weplayagain.com\/#website","url":"https:\/\/weplayagain.com\/","name":"WePlayAgain A\/S","description":"K\u00f8b brugt - trygt, og til markedets skarpeste priser","publisher":{"@id":"https:\/\/weplayagain.com\/#organization"},"potentialAction":[{"@type":"SearchAction","target":{"@type":"EntryPoint","urlTemplate":"https:\/\/weplayagain.com\/?s={search_term_string}"},"query-input":{"@type":"PropertyValueSpecification","valueRequired":true,"valueName":"search_term_string"}}],"inLanguage":"da-DK"},{"@type":"Organization","@id":"https:\/\/weplayagain.com\/#organization","name":"WePlayAgain A\/S","url":"https:\/\/weplayagain.com\/","logo":{"@type":"ImageObject","inLanguage":"da-DK","@id":"https:\/\/weplayagain.com\/#\/schema\/logo\/image\/","url":"https:\/\/weplayagain.host9.slyde.dk\/wp-content\/uploads\/2022\/01\/Asset-8-8.png","contentUrl":"https:\/\/weplayagain.host9.slyde.dk\/wp-content\/uploads\/2022\/01\/Asset-8-8.png","width":2048,"height":454,"caption":"WePlayAgain A\/S"},"image":{"@id":"https:\/\/weplayagain.com\/#\/schema\/logo\/image\/"}}]}},"_links":{"self":[{"href":"https:\/\/weplayagain.host9.slyde.dk\/da\/wp-json\/wp\/v2\/product\/41058","targetHints":{"allow":["GET"]}}],"collection":[{"href":"https:\/\/weplayagain.host9.slyde.dk\/da\/wp-json\/wp\/v2\/product"}],"about":[{"href":"https:\/\/weplayagain.host9.slyde.dk\/da\/wp-json\/wp\/v2\/types\/product"}],"wp:featuredmedia":[{"embeddable":true,"href":"https:\/\/weplayagain.host9.slyde.dk\/da\/wp-json\/wp\/v2\/media\/41127"}],"wp:attachment":[{"href":"https:\/\/weplayagain.host9.slyde.dk\/da\/wp-json\/wp\/v2\/media?parent=41058"}],"wp:term":[{"taxonomy":"product_brand","embeddable":true,"href":"https:\/\/weplayagain.host9.slyde.dk\/da\/wp-json\/wp\/v2\/product_brand?post=41058"},{"taxonomy":"product_cat","embeddable":true,"href":"https:\/\/weplayagain.host9.slyde.dk\/da\/wp-json\/wp\/v2\/product_cat?post=41058"},{"taxonomy":"product_tag","embeddable":true,"href":"https:\/\/weplayagain.host9.slyde.dk\/da\/wp-json\/wp\/v2\/product_tag?post=41058"}],"curies":[{"name":"wp","href":"https:\/\/api.w.org\/{rel}","templated":true}]}}