{"id":41152,"date":"2025-03-20T14:12:07","date_gmt":"2025-03-20T13:12:07","guid":{"rendered":"https:\/\/weplayagain.com\/?post_type=product&#038;p=41152"},"modified":"2025-04-28T23:16:36","modified_gmt":"2025-04-28T22:16:36","slug":"callaway-mavrik-driver-flex-a-flex-loft-10-5-venstre","status":"publish","type":"product","link":"https:\/\/weplayagain.host9.slyde.dk\/da\/vare\/callaway-mavrik-driver-flex-a-flex-loft-10-5-venstre\/","title":{"rendered":"Callaway Mavrik Driver \/ Flex A-flex \/ Loft 10.5 &#8211; Venstre"},"content":{"rendered":"<h3 id=\"callaway-mavrik-driver--kraft-og-kontrol\">Callaway Mavrik Driver \u2013 Kraft og kontrol<\/h3>\n<p>Optimer dit spil med en brugt Callaway Mavrik Driver, designet til hastighed og pr\u00e6cision. Med AI-drevet Flash Face teknologi \u00f8ges boldhastigheden, uanset hvor du rammer. Samtidig sikrer Jailbreak teknologi, at energien overf\u00f8res optimalt for kraftfulde slag.<\/p>\n<ul>\n<li>Mere l\u00e6ngde og fart \u2013 Cyclone Aero designet mindsker luftmodstanden for et hurtigere sving.<\/li>\n<li>Tilgivende og stabil \u2013 Den lette multi-lags carbon krone giver bedre v\u00e6gtfordeling og kontrol.<\/li>\n<li>Indstil efter behov \u2013 OptiFit hosel giver fleksibilitet til at justere boldflugt og launch.<\/li>\n<\/ul>\n<p>En solid driver for dig, der vil have teknologisk fordel og p\u00e5lidelig performance \u2013 uden at g\u00e5 p\u00e5 kompromis.<\/p>\n","protected":false},"excerpt":{"rendered":"<p>Callaway Mavrik Driver \u2013 Kraft og kontrol Optimer dit spil med en brugt Callaway Mavrik Driver, designet til hastighed og pr\u00e6cision. Med AI-drevet Flash Face teknologi \u00f8ges boldhastigheden, uanset hvor du rammer. Samtidig sikrer Jailbreak teknologi, at energien overf\u00f8res optimalt for kraftfulde slag. Mere l\u00e6ngde og fart \u2013 Cyclone Aero designet mindsker luftmodstanden for et [&hellip;]<\/p>\n","protected":false},"featured_media":41163,"template":"","meta":{"_acf_changed":false},"product_brand":[],"product_cat":[507],"product_tag":[],"class_list":{"0":"post-41152","1":"product","2":"type-product","3":"status-publish","4":"has-post-thumbnail","6":"product_cat-brugt-golf-driver","7":"pa_28935-men","8":"pa_brand-callaway","9":"pa_condition-brugt-okay-stand","10":"pa_dexterity-venstre-haand","11":"pa_flex-a-flex","12":"pa_grip-tour-velvet-align","13":"pa_gripsize-standard","14":"pa_headcover-nej","15":"pa_koelle-driver","16":"pa_loft-10-5","17":"pa_model-mavrik","18":"pa_skaft-evenflow-riptide","19":"pa_skaft-materiale-grafit","20":"pa_sku-lyn18","22":"first","23":"instock","24":"taxable","25":"shipping-taxable","26":"purchasable","27":"product-type-simple"},"acf":[],"yoast_head":"<!-- This site is optimized with the Yoast SEO plugin v24.8.1 - https:\/\/yoast.com\/wordpress\/plugins\/seo\/ -->\n<title>K\u00f8b brugt Callaway Mavrik Driver hos WePlayAgain | Hurtig levering<\/title>\n<meta name=\"description\" content=\"Manger du en brugt Callaway Mavrik Driver og spar op til 60% af nyprisen. 2 \u00e5rs garanti og 14 dages pr\u00f8veperiode.\" \/>\n<meta name=\"robots\" content=\"noindex, follow, max-snippet:-1, max-image-preview:large, max-video-preview:-1\" \/>\n<meta property=\"og:locale\" content=\"da_DK\" \/>\n<meta property=\"og:type\" content=\"article\" \/>\n<meta property=\"og:title\" content=\"K\u00f8b brugt Callaway Mavrik Driver hos WePlayAgain | Hurtig levering\" \/>\n<meta property=\"og:description\" content=\"Manger du en brugt Callaway Mavrik Driver og spar op til 60% af nyprisen. 2 \u00e5rs garanti og 14 dages pr\u00f8veperiode.\" \/>\n<meta property=\"og:url\" content=\"https:\/\/weplayagain.com\/da\/vare\/callaway-mavrik-driver-flex-a-flex-loft-10-5-venstre\/\" \/>\n<meta property=\"og:site_name\" content=\"WePlayAgain A\/S\" \/>\n<meta property=\"article:modified_time\" content=\"2025-04-28T22:16:36+00:00\" \/>\n<meta property=\"og:image\" content=\"https:\/\/weplayagain.com\/wp-content\/uploads\/2025\/03\/Photoroom_000_20250320_142502-scaled.jpeg\" \/>\n\t<meta property=\"og:image:width\" content=\"2048\" \/>\n\t<meta property=\"og:image:height\" content=\"2048\" \/>\n\t<meta property=\"og:image:type\" content=\"image\/jpeg\" \/>\n<meta name=\"twitter:card\" content=\"summary_large_image\" \/>\n<meta name=\"twitter:label1\" content=\"Estimeret l\u00e6setid\" \/>\n\t<meta name=\"twitter:data1\" content=\"1 minut\" \/>\n<script type=\"application\/ld+json\" class=\"yoast-schema-graph\">{\"@context\":\"https:\/\/schema.org\",\"@graph\":[{\"@type\":\"WebPage\",\"@id\":\"https:\/\/weplayagain.com\/da\/vare\/callaway-mavrik-driver-flex-a-flex-loft-10-5-venstre\/\",\"url\":\"https:\/\/weplayagain.com\/da\/vare\/callaway-mavrik-driver-flex-a-flex-loft-10-5-venstre\/\",\"name\":\"K\u00f8b brugt Callaway Mavrik Driver hos WePlayAgain | Hurtig levering\",\"isPartOf\":{\"@id\":\"https:\/\/weplayagain.com\/#website\"},\"primaryImageOfPage\":{\"@id\":\"https:\/\/weplayagain.com\/da\/vare\/callaway-mavrik-driver-flex-a-flex-loft-10-5-venstre\/#primaryimage\"},\"image\":{\"@id\":\"https:\/\/weplayagain.com\/da\/vare\/callaway-mavrik-driver-flex-a-flex-loft-10-5-venstre\/#primaryimage\"},\"thumbnailUrl\":\"https:\/\/weplayagain.host9.slyde.dk\/wp-content\/uploads\/2025\/03\/Photoroom_000_20250320_142502-scaled.jpeg\",\"datePublished\":\"2025-03-20T13:12:07+00:00\",\"dateModified\":\"2025-04-28T22:16:36+00:00\",\"description\":\"Manger du en brugt Callaway Mavrik Driver og spar op til 60% af nyprisen. 2 \u00e5rs garanti og 14 dages pr\u00f8veperiode.\",\"breadcrumb\":{\"@id\":\"https:\/\/weplayagain.com\/da\/vare\/callaway-mavrik-driver-flex-a-flex-loft-10-5-venstre\/#breadcrumb\"},\"inLanguage\":\"da-DK\",\"potentialAction\":[{\"@type\":\"ReadAction\",\"target\":[\"https:\/\/weplayagain.com\/da\/vare\/callaway-mavrik-driver-flex-a-flex-loft-10-5-venstre\/\"]}]},{\"@type\":\"ImageObject\",\"inLanguage\":\"da-DK\",\"@id\":\"https:\/\/weplayagain.com\/da\/vare\/callaway-mavrik-driver-flex-a-flex-loft-10-5-venstre\/#primaryimage\",\"url\":\"https:\/\/weplayagain.host9.slyde.dk\/wp-content\/uploads\/2025\/03\/Photoroom_000_20250320_142502-scaled.jpeg\",\"contentUrl\":\"https:\/\/weplayagain.host9.slyde.dk\/wp-content\/uploads\/2025\/03\/Photoroom_000_20250320_142502-scaled.jpeg\",\"width\":2048,\"height\":2048},{\"@type\":\"BreadcrumbList\",\"@id\":\"https:\/\/weplayagain.com\/da\/vare\/callaway-mavrik-driver-flex-a-flex-loft-10-5-venstre\/#breadcrumb\",\"itemListElement\":[{\"@type\":\"ListItem\",\"position\":1,\"name\":\"Hjem\",\"item\":\"https:\/\/weplayagain.com\/da\/\"},{\"@type\":\"ListItem\",\"position\":2,\"name\":\"Shop\",\"item\":\"https:\/\/weplayagain.com\/shop\/\"},{\"@type\":\"ListItem\",\"position\":3,\"name\":\"Callaway Mavrik Driver \/ Flex A-flex \/ Loft 10.5 &#8211; Venstre\"}]},{\"@type\":\"WebSite\",\"@id\":\"https:\/\/weplayagain.com\/#website\",\"url\":\"https:\/\/weplayagain.com\/\",\"name\":\"WePlayAgain A\/S\",\"description\":\"K\u00f8b brugt - trygt, og til markedets skarpeste priser\",\"publisher\":{\"@id\":\"https:\/\/weplayagain.com\/#organization\"},\"potentialAction\":[{\"@type\":\"SearchAction\",\"target\":{\"@type\":\"EntryPoint\",\"urlTemplate\":\"https:\/\/weplayagain.com\/?s={search_term_string}\"},\"query-input\":{\"@type\":\"PropertyValueSpecification\",\"valueRequired\":true,\"valueName\":\"search_term_string\"}}],\"inLanguage\":\"da-DK\"},{\"@type\":\"Organization\",\"@id\":\"https:\/\/weplayagain.com\/#organization\",\"name\":\"WePlayAgain A\/S\",\"url\":\"https:\/\/weplayagain.com\/\",\"logo\":{\"@type\":\"ImageObject\",\"inLanguage\":\"da-DK\",\"@id\":\"https:\/\/weplayagain.com\/#\/schema\/logo\/image\/\",\"url\":\"https:\/\/weplayagain.host9.slyde.dk\/wp-content\/uploads\/2022\/01\/Asset-8-8.png\",\"contentUrl\":\"https:\/\/weplayagain.host9.slyde.dk\/wp-content\/uploads\/2022\/01\/Asset-8-8.png\",\"width\":2048,\"height\":454,\"caption\":\"WePlayAgain A\/S\"},\"image\":{\"@id\":\"https:\/\/weplayagain.com\/#\/schema\/logo\/image\/\"}}]}<\/script>\n<!-- \/ Yoast SEO plugin. -->","yoast_head_json":{"title":"K\u00f8b brugt Callaway Mavrik Driver hos WePlayAgain | Hurtig levering","description":"Manger du en brugt Callaway Mavrik Driver og spar op til 60% af nyprisen. 2 \u00e5rs garanti og 14 dages pr\u00f8veperiode.","robots":{"index":"noindex","follow":"follow","max-snippet":"max-snippet:-1","max-image-preview":"max-image-preview:large","max-video-preview":"max-video-preview:-1"},"og_locale":"da_DK","og_type":"article","og_title":"K\u00f8b brugt Callaway Mavrik Driver hos WePlayAgain | Hurtig levering","og_description":"Manger du en brugt Callaway Mavrik Driver og spar op til 60% af nyprisen. 2 \u00e5rs garanti og 14 dages pr\u00f8veperiode.","og_url":"https:\/\/weplayagain.com\/da\/vare\/callaway-mavrik-driver-flex-a-flex-loft-10-5-venstre\/","og_site_name":"WePlayAgain A\/S","article_modified_time":"2025-04-28T22:16:36+00:00","og_image":[{"width":2048,"height":2048,"url":"https:\/\/weplayagain.com\/wp-content\/uploads\/2025\/03\/Photoroom_000_20250320_142502-scaled.jpeg","type":"image\/jpeg"}],"twitter_card":"summary_large_image","twitter_misc":{"Estimeret l\u00e6setid":"1 minut"},"schema":{"@context":"https:\/\/schema.org","@graph":[{"@type":"WebPage","@id":"https:\/\/weplayagain.com\/da\/vare\/callaway-mavrik-driver-flex-a-flex-loft-10-5-venstre\/","url":"https:\/\/weplayagain.com\/da\/vare\/callaway-mavrik-driver-flex-a-flex-loft-10-5-venstre\/","name":"K\u00f8b brugt Callaway Mavrik Driver hos WePlayAgain | Hurtig levering","isPartOf":{"@id":"https:\/\/weplayagain.com\/#website"},"primaryImageOfPage":{"@id":"https:\/\/weplayagain.com\/da\/vare\/callaway-mavrik-driver-flex-a-flex-loft-10-5-venstre\/#primaryimage"},"image":{"@id":"https:\/\/weplayagain.com\/da\/vare\/callaway-mavrik-driver-flex-a-flex-loft-10-5-venstre\/#primaryimage"},"thumbnailUrl":"https:\/\/weplayagain.host9.slyde.dk\/wp-content\/uploads\/2025\/03\/Photoroom_000_20250320_142502-scaled.jpeg","datePublished":"2025-03-20T13:12:07+00:00","dateModified":"2025-04-28T22:16:36+00:00","description":"Manger du en brugt Callaway Mavrik Driver og spar op til 60% af nyprisen. 2 \u00e5rs garanti og 14 dages pr\u00f8veperiode.","breadcrumb":{"@id":"https:\/\/weplayagain.com\/da\/vare\/callaway-mavrik-driver-flex-a-flex-loft-10-5-venstre\/#breadcrumb"},"inLanguage":"da-DK","potentialAction":[{"@type":"ReadAction","target":["https:\/\/weplayagain.com\/da\/vare\/callaway-mavrik-driver-flex-a-flex-loft-10-5-venstre\/"]}]},{"@type":"ImageObject","inLanguage":"da-DK","@id":"https:\/\/weplayagain.com\/da\/vare\/callaway-mavrik-driver-flex-a-flex-loft-10-5-venstre\/#primaryimage","url":"https:\/\/weplayagain.host9.slyde.dk\/wp-content\/uploads\/2025\/03\/Photoroom_000_20250320_142502-scaled.jpeg","contentUrl":"https:\/\/weplayagain.host9.slyde.dk\/wp-content\/uploads\/2025\/03\/Photoroom_000_20250320_142502-scaled.jpeg","width":2048,"height":2048},{"@type":"BreadcrumbList","@id":"https:\/\/weplayagain.com\/da\/vare\/callaway-mavrik-driver-flex-a-flex-loft-10-5-venstre\/#breadcrumb","itemListElement":[{"@type":"ListItem","position":1,"name":"Hjem","item":"https:\/\/weplayagain.com\/da\/"},{"@type":"ListItem","position":2,"name":"Shop","item":"https:\/\/weplayagain.com\/shop\/"},{"@type":"ListItem","position":3,"name":"Callaway Mavrik Driver \/ Flex A-flex \/ Loft 10.5 &#8211; Venstre"}]},{"@type":"WebSite","@id":"https:\/\/weplayagain.com\/#website","url":"https:\/\/weplayagain.com\/","name":"WePlayAgain A\/S","description":"K\u00f8b brugt - trygt, og til markedets skarpeste priser","publisher":{"@id":"https:\/\/weplayagain.com\/#organization"},"potentialAction":[{"@type":"SearchAction","target":{"@type":"EntryPoint","urlTemplate":"https:\/\/weplayagain.com\/?s={search_term_string}"},"query-input":{"@type":"PropertyValueSpecification","valueRequired":true,"valueName":"search_term_string"}}],"inLanguage":"da-DK"},{"@type":"Organization","@id":"https:\/\/weplayagain.com\/#organization","name":"WePlayAgain A\/S","url":"https:\/\/weplayagain.com\/","logo":{"@type":"ImageObject","inLanguage":"da-DK","@id":"https:\/\/weplayagain.com\/#\/schema\/logo\/image\/","url":"https:\/\/weplayagain.host9.slyde.dk\/wp-content\/uploads\/2022\/01\/Asset-8-8.png","contentUrl":"https:\/\/weplayagain.host9.slyde.dk\/wp-content\/uploads\/2022\/01\/Asset-8-8.png","width":2048,"height":454,"caption":"WePlayAgain A\/S"},"image":{"@id":"https:\/\/weplayagain.com\/#\/schema\/logo\/image\/"}}]}},"_links":{"self":[{"href":"https:\/\/weplayagain.host9.slyde.dk\/da\/wp-json\/wp\/v2\/product\/41152","targetHints":{"allow":["GET"]}}],"collection":[{"href":"https:\/\/weplayagain.host9.slyde.dk\/da\/wp-json\/wp\/v2\/product"}],"about":[{"href":"https:\/\/weplayagain.host9.slyde.dk\/da\/wp-json\/wp\/v2\/types\/product"}],"wp:featuredmedia":[{"embeddable":true,"href":"https:\/\/weplayagain.host9.slyde.dk\/da\/wp-json\/wp\/v2\/media\/41163"}],"wp:attachment":[{"href":"https:\/\/weplayagain.host9.slyde.dk\/da\/wp-json\/wp\/v2\/media?parent=41152"}],"wp:term":[{"taxonomy":"product_brand","embeddable":true,"href":"https:\/\/weplayagain.host9.slyde.dk\/da\/wp-json\/wp\/v2\/product_brand?post=41152"},{"taxonomy":"product_cat","embeddable":true,"href":"https:\/\/weplayagain.host9.slyde.dk\/da\/wp-json\/wp\/v2\/product_cat?post=41152"},{"taxonomy":"product_tag","embeddable":true,"href":"https:\/\/weplayagain.host9.slyde.dk\/da\/wp-json\/wp\/v2\/product_tag?post=41152"}],"curies":[{"name":"wp","href":"https:\/\/api.w.org\/{rel}","templated":true}]}}