{"id":41364,"date":"2025-03-21T12:21:10","date_gmt":"2025-03-21T11:21:10","guid":{"rendered":"https:\/\/weplayagain.com\/?post_type=product&#038;p=41364"},"modified":"2025-04-30T21:08:09","modified_gmt":"2025-04-30T20:08:09","slug":"titleist-gt3-driver-flex-x-stiff-loft-10","status":"publish","type":"product","link":"https:\/\/weplayagain.host9.slyde.dk\/da\/vare\/titleist-gt3-driver-flex-x-stiff-loft-10\/","title":{"rendered":"Titleist GT3 Driver \/ Flex X-Stiff \/ Loft 10"},"content":{"rendered":"<p><strong>Titleist GT3 Driver \u2013 Pr\u00e6cision og Power til Dit Spil<\/strong><\/p>\n<p>Titleist GT3 Driver er skabt til dig, der vil have b\u00e5de l\u00e6ngde og kontrol fra tee. Den justerbare CG Track-teknologi giver mulighed for at tilpasse v\u00e6gtfordelingen, s\u00e5 du kan justere din slagform pr\u00e6cist efter dit spil.<\/p>\n<ul>\n<li><strong>Tilpas boldflugten<\/strong> \u2013 Justerbar v\u00e6gtfordeling giver st\u00f8rre fleksibilitet i dine drives.<\/li>\n<li><strong>H\u00f8j boldhastighed<\/strong> \u2013 Speed Ring VFT Face hj\u00e6lper med at opretholde farten, selv n\u00e5r du rammer bolden lidt ude af midten.<\/li>\n<li><strong>Let og st\u00e6rk konstruktion<\/strong> \u2013 Thermoform Matrix Polymer i kronen sikrer en solid og behagelig slagf\u00f8lelse.<\/li>\n<li><strong>Str\u00f8mlinet design<\/strong> \u2013 Mindre luftmodstand for en mere effektiv svingbev\u00e6gelse.<\/li>\n<\/ul>\n<p>En driver, der kombinerer kraft og pr\u00e6cision \u2013 klar til at g\u00f8re en forskel i dit spil.<\/p>\n","protected":false},"excerpt":{"rendered":"<p>Titleist GT3 Driver \u2013 Pr\u00e6cision og Power til Dit Spil Titleist GT3 Driver er skabt til dig, der vil have b\u00e5de l\u00e6ngde og kontrol fra tee. Den justerbare CG Track-teknologi giver mulighed for at tilpasse v\u00e6gtfordelingen, s\u00e5 du kan justere din slagform pr\u00e6cist efter dit spil. Tilpas boldflugten \u2013 Justerbar v\u00e6gtfordeling giver st\u00f8rre fleksibilitet i [&hellip;]<\/p>\n","protected":false},"featured_media":41391,"template":"","meta":{"_acf_changed":false},"product_brand":[],"product_cat":[507],"product_tag":[],"class_list":{"0":"post-41364","1":"product","2":"type-product","3":"status-publish","4":"has-post-thumbnail","6":"product_cat-brugt-golf-driver","7":"pa_28935-men","8":"pa_brand-titleist","9":"pa_condition-brugt-god-stand","10":"pa_dexterity-hojre-haand","11":"pa_flex-extra-stiff-flex","12":"pa_grip-tour-velvet","13":"pa_gripsize-standard","14":"pa_headcover-ja","15":"pa_koelle-driver","16":"pa_loft-649","17":"pa_model-gt3","18":"pa_skaft-tensei-1k-black","19":"pa_skaft-materiale-grafit","20":"pa_sku-3637","22":"first","23":"instock","24":"taxable","25":"shipping-taxable","26":"purchasable","27":"product-type-simple"},"acf":[],"yoast_head":"<!-- This site is optimized with the Yoast SEO plugin v24.8.1 - https:\/\/yoast.com\/wordpress\/plugins\/seo\/ -->\n<title>K\u00f8b brugt Titleist GT3 Driver hos WePlayAgain | Hurtig levering<\/title>\n<meta name=\"description\" content=\"Manger du en brugt Titleist GT3 Driver og spar op til 66% af nyprisen. 2 \u00e5rs garanti og 14 dages pr\u00f8veperiode.\" \/>\n<meta name=\"robots\" content=\"noindex, follow, max-snippet:-1, max-image-preview:large, max-video-preview:-1\" \/>\n<meta property=\"og:locale\" content=\"da_DK\" \/>\n<meta property=\"og:type\" content=\"article\" \/>\n<meta property=\"og:title\" content=\"K\u00f8b brugt Titleist GT3 Driver hos WePlayAgain | Hurtig levering\" \/>\n<meta property=\"og:description\" content=\"Manger du en brugt Titleist GT3 Driver og spar op til 66% af nyprisen. 2 \u00e5rs garanti og 14 dages pr\u00f8veperiode.\" \/>\n<meta property=\"og:url\" content=\"https:\/\/weplayagain.com\/da\/vare\/titleist-gt3-driver-flex-x-stiff-loft-10\/\" \/>\n<meta property=\"og:site_name\" content=\"WePlayAgain A\/S\" \/>\n<meta property=\"article:modified_time\" content=\"2025-04-30T20:08:09+00:00\" \/>\n<meta property=\"og:image\" content=\"https:\/\/weplayagain.com\/wp-content\/uploads\/2025\/03\/Photoroom_013_20250321_123811-scaled.jpeg\" \/>\n\t<meta property=\"og:image:width\" content=\"2048\" \/>\n\t<meta property=\"og:image:height\" content=\"2048\" \/>\n\t<meta property=\"og:image:type\" content=\"image\/jpeg\" \/>\n<meta name=\"twitter:card\" content=\"summary_large_image\" \/>\n<meta name=\"twitter:label1\" content=\"Estimeret l\u00e6setid\" \/>\n\t<meta name=\"twitter:data1\" content=\"1 minut\" \/>\n<script type=\"application\/ld+json\" class=\"yoast-schema-graph\">{\"@context\":\"https:\/\/schema.org\",\"@graph\":[{\"@type\":\"WebPage\",\"@id\":\"https:\/\/weplayagain.com\/da\/vare\/titleist-gt3-driver-flex-x-stiff-loft-10\/\",\"url\":\"https:\/\/weplayagain.com\/da\/vare\/titleist-gt3-driver-flex-x-stiff-loft-10\/\",\"name\":\"K\u00f8b brugt Titleist GT3 Driver hos WePlayAgain | Hurtig levering\",\"isPartOf\":{\"@id\":\"https:\/\/weplayagain.com\/#website\"},\"primaryImageOfPage\":{\"@id\":\"https:\/\/weplayagain.com\/da\/vare\/titleist-gt3-driver-flex-x-stiff-loft-10\/#primaryimage\"},\"image\":{\"@id\":\"https:\/\/weplayagain.com\/da\/vare\/titleist-gt3-driver-flex-x-stiff-loft-10\/#primaryimage\"},\"thumbnailUrl\":\"https:\/\/weplayagain.host9.slyde.dk\/wp-content\/uploads\/2025\/03\/Photoroom_013_20250321_123811-scaled.jpeg\",\"datePublished\":\"2025-03-21T11:21:10+00:00\",\"dateModified\":\"2025-04-30T20:08:09+00:00\",\"description\":\"Manger du en brugt Titleist GT3 Driver og spar op til 66% af nyprisen. 2 \u00e5rs garanti og 14 dages pr\u00f8veperiode.\",\"breadcrumb\":{\"@id\":\"https:\/\/weplayagain.com\/da\/vare\/titleist-gt3-driver-flex-x-stiff-loft-10\/#breadcrumb\"},\"inLanguage\":\"da-DK\",\"potentialAction\":[{\"@type\":\"ReadAction\",\"target\":[\"https:\/\/weplayagain.com\/da\/vare\/titleist-gt3-driver-flex-x-stiff-loft-10\/\"]}]},{\"@type\":\"ImageObject\",\"inLanguage\":\"da-DK\",\"@id\":\"https:\/\/weplayagain.com\/da\/vare\/titleist-gt3-driver-flex-x-stiff-loft-10\/#primaryimage\",\"url\":\"https:\/\/weplayagain.host9.slyde.dk\/wp-content\/uploads\/2025\/03\/Photoroom_013_20250321_123811-scaled.jpeg\",\"contentUrl\":\"https:\/\/weplayagain.host9.slyde.dk\/wp-content\/uploads\/2025\/03\/Photoroom_013_20250321_123811-scaled.jpeg\",\"width\":2048,\"height\":2048},{\"@type\":\"BreadcrumbList\",\"@id\":\"https:\/\/weplayagain.com\/da\/vare\/titleist-gt3-driver-flex-x-stiff-loft-10\/#breadcrumb\",\"itemListElement\":[{\"@type\":\"ListItem\",\"position\":1,\"name\":\"Hjem\",\"item\":\"https:\/\/weplayagain.com\/da\/\"},{\"@type\":\"ListItem\",\"position\":2,\"name\":\"Shop\",\"item\":\"https:\/\/weplayagain.com\/shop\/\"},{\"@type\":\"ListItem\",\"position\":3,\"name\":\"Titleist GT3 Driver \/ Flex X-Stiff \/ Loft 10\"}]},{\"@type\":\"WebSite\",\"@id\":\"https:\/\/weplayagain.com\/#website\",\"url\":\"https:\/\/weplayagain.com\/\",\"name\":\"WePlayAgain A\/S\",\"description\":\"K\u00f8b brugt - trygt, og til markedets skarpeste priser\",\"publisher\":{\"@id\":\"https:\/\/weplayagain.com\/#organization\"},\"potentialAction\":[{\"@type\":\"SearchAction\",\"target\":{\"@type\":\"EntryPoint\",\"urlTemplate\":\"https:\/\/weplayagain.com\/?s={search_term_string}\"},\"query-input\":{\"@type\":\"PropertyValueSpecification\",\"valueRequired\":true,\"valueName\":\"search_term_string\"}}],\"inLanguage\":\"da-DK\"},{\"@type\":\"Organization\",\"@id\":\"https:\/\/weplayagain.com\/#organization\",\"name\":\"WePlayAgain A\/S\",\"url\":\"https:\/\/weplayagain.com\/\",\"logo\":{\"@type\":\"ImageObject\",\"inLanguage\":\"da-DK\",\"@id\":\"https:\/\/weplayagain.com\/#\/schema\/logo\/image\/\",\"url\":\"https:\/\/weplayagain.host9.slyde.dk\/wp-content\/uploads\/2022\/01\/Asset-8-8.png\",\"contentUrl\":\"https:\/\/weplayagain.host9.slyde.dk\/wp-content\/uploads\/2022\/01\/Asset-8-8.png\",\"width\":2048,\"height\":454,\"caption\":\"WePlayAgain A\/S\"},\"image\":{\"@id\":\"https:\/\/weplayagain.com\/#\/schema\/logo\/image\/\"}}]}<\/script>\n<!-- \/ Yoast SEO plugin. -->","yoast_head_json":{"title":"K\u00f8b brugt Titleist GT3 Driver hos WePlayAgain | Hurtig levering","description":"Manger du en brugt Titleist GT3 Driver og spar op til 66% af nyprisen. 2 \u00e5rs garanti og 14 dages pr\u00f8veperiode.","robots":{"index":"noindex","follow":"follow","max-snippet":"max-snippet:-1","max-image-preview":"max-image-preview:large","max-video-preview":"max-video-preview:-1"},"og_locale":"da_DK","og_type":"article","og_title":"K\u00f8b brugt Titleist GT3 Driver hos WePlayAgain | Hurtig levering","og_description":"Manger du en brugt Titleist GT3 Driver og spar op til 66% af nyprisen. 2 \u00e5rs garanti og 14 dages pr\u00f8veperiode.","og_url":"https:\/\/weplayagain.com\/da\/vare\/titleist-gt3-driver-flex-x-stiff-loft-10\/","og_site_name":"WePlayAgain A\/S","article_modified_time":"2025-04-30T20:08:09+00:00","og_image":[{"width":2048,"height":2048,"url":"https:\/\/weplayagain.com\/wp-content\/uploads\/2025\/03\/Photoroom_013_20250321_123811-scaled.jpeg","type":"image\/jpeg"}],"twitter_card":"summary_large_image","twitter_misc":{"Estimeret l\u00e6setid":"1 minut"},"schema":{"@context":"https:\/\/schema.org","@graph":[{"@type":"WebPage","@id":"https:\/\/weplayagain.com\/da\/vare\/titleist-gt3-driver-flex-x-stiff-loft-10\/","url":"https:\/\/weplayagain.com\/da\/vare\/titleist-gt3-driver-flex-x-stiff-loft-10\/","name":"K\u00f8b brugt Titleist GT3 Driver hos WePlayAgain | Hurtig levering","isPartOf":{"@id":"https:\/\/weplayagain.com\/#website"},"primaryImageOfPage":{"@id":"https:\/\/weplayagain.com\/da\/vare\/titleist-gt3-driver-flex-x-stiff-loft-10\/#primaryimage"},"image":{"@id":"https:\/\/weplayagain.com\/da\/vare\/titleist-gt3-driver-flex-x-stiff-loft-10\/#primaryimage"},"thumbnailUrl":"https:\/\/weplayagain.host9.slyde.dk\/wp-content\/uploads\/2025\/03\/Photoroom_013_20250321_123811-scaled.jpeg","datePublished":"2025-03-21T11:21:10+00:00","dateModified":"2025-04-30T20:08:09+00:00","description":"Manger du en brugt Titleist GT3 Driver og spar op til 66% af nyprisen. 2 \u00e5rs garanti og 14 dages pr\u00f8veperiode.","breadcrumb":{"@id":"https:\/\/weplayagain.com\/da\/vare\/titleist-gt3-driver-flex-x-stiff-loft-10\/#breadcrumb"},"inLanguage":"da-DK","potentialAction":[{"@type":"ReadAction","target":["https:\/\/weplayagain.com\/da\/vare\/titleist-gt3-driver-flex-x-stiff-loft-10\/"]}]},{"@type":"ImageObject","inLanguage":"da-DK","@id":"https:\/\/weplayagain.com\/da\/vare\/titleist-gt3-driver-flex-x-stiff-loft-10\/#primaryimage","url":"https:\/\/weplayagain.host9.slyde.dk\/wp-content\/uploads\/2025\/03\/Photoroom_013_20250321_123811-scaled.jpeg","contentUrl":"https:\/\/weplayagain.host9.slyde.dk\/wp-content\/uploads\/2025\/03\/Photoroom_013_20250321_123811-scaled.jpeg","width":2048,"height":2048},{"@type":"BreadcrumbList","@id":"https:\/\/weplayagain.com\/da\/vare\/titleist-gt3-driver-flex-x-stiff-loft-10\/#breadcrumb","itemListElement":[{"@type":"ListItem","position":1,"name":"Hjem","item":"https:\/\/weplayagain.com\/da\/"},{"@type":"ListItem","position":2,"name":"Shop","item":"https:\/\/weplayagain.com\/shop\/"},{"@type":"ListItem","position":3,"name":"Titleist GT3 Driver \/ Flex X-Stiff \/ Loft 10"}]},{"@type":"WebSite","@id":"https:\/\/weplayagain.com\/#website","url":"https:\/\/weplayagain.com\/","name":"WePlayAgain A\/S","description":"K\u00f8b brugt - trygt, og til markedets skarpeste priser","publisher":{"@id":"https:\/\/weplayagain.com\/#organization"},"potentialAction":[{"@type":"SearchAction","target":{"@type":"EntryPoint","urlTemplate":"https:\/\/weplayagain.com\/?s={search_term_string}"},"query-input":{"@type":"PropertyValueSpecification","valueRequired":true,"valueName":"search_term_string"}}],"inLanguage":"da-DK"},{"@type":"Organization","@id":"https:\/\/weplayagain.com\/#organization","name":"WePlayAgain A\/S","url":"https:\/\/weplayagain.com\/","logo":{"@type":"ImageObject","inLanguage":"da-DK","@id":"https:\/\/weplayagain.com\/#\/schema\/logo\/image\/","url":"https:\/\/weplayagain.host9.slyde.dk\/wp-content\/uploads\/2022\/01\/Asset-8-8.png","contentUrl":"https:\/\/weplayagain.host9.slyde.dk\/wp-content\/uploads\/2022\/01\/Asset-8-8.png","width":2048,"height":454,"caption":"WePlayAgain A\/S"},"image":{"@id":"https:\/\/weplayagain.com\/#\/schema\/logo\/image\/"}}]}},"_links":{"self":[{"href":"https:\/\/weplayagain.host9.slyde.dk\/da\/wp-json\/wp\/v2\/product\/41364","targetHints":{"allow":["GET"]}}],"collection":[{"href":"https:\/\/weplayagain.host9.slyde.dk\/da\/wp-json\/wp\/v2\/product"}],"about":[{"href":"https:\/\/weplayagain.host9.slyde.dk\/da\/wp-json\/wp\/v2\/types\/product"}],"wp:featuredmedia":[{"embeddable":true,"href":"https:\/\/weplayagain.host9.slyde.dk\/da\/wp-json\/wp\/v2\/media\/41391"}],"wp:attachment":[{"href":"https:\/\/weplayagain.host9.slyde.dk\/da\/wp-json\/wp\/v2\/media?parent=41364"}],"wp:term":[{"taxonomy":"product_brand","embeddable":true,"href":"https:\/\/weplayagain.host9.slyde.dk\/da\/wp-json\/wp\/v2\/product_brand?post=41364"},{"taxonomy":"product_cat","embeddable":true,"href":"https:\/\/weplayagain.host9.slyde.dk\/da\/wp-json\/wp\/v2\/product_cat?post=41364"},{"taxonomy":"product_tag","embeddable":true,"href":"https:\/\/weplayagain.host9.slyde.dk\/da\/wp-json\/wp\/v2\/product_tag?post=41364"}],"curies":[{"name":"wp","href":"https:\/\/api.w.org\/{rel}","templated":true}]}}