{"id":41736,"date":"2025-03-28T14:53:22","date_gmt":"2025-03-28T13:53:22","guid":{"rendered":"https:\/\/weplayagain.com\/?post_type=product&#038;p=41736"},"modified":"2025-03-28T14:54:01","modified_gmt":"2025-03-28T13:54:01","slug":"unbranded-pencilbag-black-blue-2-rum-2","status":"publish","type":"product","link":"https:\/\/weplayagain.host9.slyde.dk\/da\/vare\/unbranded-pencilbag-black-blue-2-rum-2\/","title":{"rendered":"Unbranded PencilBag \/ Black\/Blue \/ 2 Rum"},"content":{"rendered":"<p class=\"\" data-start=\"0\" data-end=\"44\"><strong data-start=\"0\" data-end=\"44\">Unbranded PencilBag \u2013 Black\/Blue \u2013 2 Rum<\/strong><\/p>\n<p class=\"\" data-start=\"46\" data-end=\"361\">Unbranded PencilBag er en kompakt og funktionel taske, ideel til den golfspiller, der \u00f8nsker minimalisme og letv\u00e6gt. Med 2 rummelige sektioner f\u00e5r du opbevaret dine vigtigste golfk\u00f8ller og tilbeh\u00f8r, uden at tasken fylder for meget. Den stilfulde sort-bl\u00e5 farvekombination giver tasken et moderne og sporty udseende.<\/p>\n<p class=\"\" data-start=\"363\" data-end=\"375\"><strong data-start=\"363\" data-end=\"375\">Fordele:<\/strong><\/p>\n<ul data-start=\"376\" data-end=\"640\" data-is-last-node=\"\" data-is-only-node=\"\">\n<li class=\"\" data-start=\"376\" data-end=\"499\">\n<p class=\"\" data-start=\"378\" data-end=\"499\"><strong data-start=\"378\" data-end=\"408\">2 rum for enkel opbevaring<\/strong> \u2013 Effektiv opbevaring af de mest n\u00f8dvendige k\u00f8ller og sm\u00e5ting, uden at overbelaste tasken.<\/p>\n<\/li>\n<li class=\"\" data-start=\"500\" data-end=\"640\">\n<p class=\"\" data-start=\"502\" data-end=\"640\"><strong data-start=\"502\" data-end=\"528\">Let og praktisk design<\/strong> \u2013 Kompakt og nem at transportere, ideel til kortere spil eller rejser, hvor du ikke har brug for en stor taske.<\/p>\n<\/li>\n<\/ul>\n","protected":false},"excerpt":{"rendered":"<p>Unbranded PencilBag \u2013 Black\/Blue \u2013 2 Rum Unbranded PencilBag er en kompakt og funktionel taske, ideel til den golfspiller, der \u00f8nsker minimalisme og letv\u00e6gt. Med 2 rummelige sektioner f\u00e5r du opbevaret dine vigtigste golfk\u00f8ller og tilbeh\u00f8r, uden at tasken fylder for meget. Den stilfulde sort-bl\u00e5 farvekombination giver tasken et moderne og sporty udseende. Fordele: 2 [&hellip;]<\/p>\n","protected":false},"featured_media":41732,"template":"","meta":{"_acf_changed":false},"product_brand":[],"product_cat":[1673],"product_tag":[],"class_list":{"0":"post-41736","1":"product","2":"type-product","3":"status-publish","4":"has-post-thumbnail","6":"product_cat-golf-tasker","7":"pa_brand-unbranded","8":"pa_condition-brugt-god-stand","9":"pa_model-pencil","10":"pa_sku-3689","12":"first","13":"instock","14":"taxable","15":"shipping-taxable","16":"purchasable","17":"product-type-simple"},"acf":[],"yoast_head":"<!-- This site is optimized with the Yoast SEO plugin v24.8.1 - https:\/\/yoast.com\/wordpress\/plugins\/seo\/ -->\n<title>Unbranded PencilBag \/ Black\/Blue \/ 2 Rum - Brugt Golf Taske<\/title>\n<meta name=\"description\" content=\"K\u00f8b Unbranded PencilBag \/ Black\/Blue \/ 2 Rum hos WePlayAgain. Du f\u00e5r 2 \u00e5rs garanti og 14 dages pr\u00f8veperiode p\u00e5 vores brugte udstyr.\" \/>\n<meta name=\"robots\" content=\"noindex, follow, max-snippet:-1, max-image-preview:large, max-video-preview:-1\" \/>\n<meta property=\"og:locale\" content=\"da_DK\" \/>\n<meta property=\"og:type\" content=\"article\" \/>\n<meta property=\"og:title\" content=\"Unbranded PencilBag \/ Black\/Blue \/ 2 Rum - Brugt Golf Taske\" \/>\n<meta property=\"og:description\" content=\"K\u00f8b Unbranded PencilBag \/ Black\/Blue \/ 2 Rum hos WePlayAgain. Du f\u00e5r 2 \u00e5rs garanti og 14 dages pr\u00f8veperiode p\u00e5 vores brugte udstyr.\" \/>\n<meta property=\"og:url\" content=\"https:\/\/weplayagain.com\/da\/vare\/unbranded-pencilbag-black-blue-2-rum-2\/\" \/>\n<meta property=\"og:site_name\" content=\"WePlayAgain A\/S\" \/>\n<meta property=\"article:modified_time\" content=\"2025-03-28T13:54:01+00:00\" \/>\n<meta property=\"og:image\" content=\"https:\/\/weplayagain.com\/wp-content\/uploads\/2025\/03\/Photoroom_008_20250328_145156-scaled.jpeg\" \/>\n\t<meta property=\"og:image:width\" content=\"2048\" \/>\n\t<meta property=\"og:image:height\" content=\"2048\" \/>\n\t<meta property=\"og:image:type\" content=\"image\/jpeg\" \/>\n<meta name=\"twitter:card\" content=\"summary_large_image\" \/>\n<meta name=\"twitter:label1\" content=\"Estimeret l\u00e6setid\" \/>\n\t<meta name=\"twitter:data1\" content=\"1 minut\" \/>\n<script type=\"application\/ld+json\" class=\"yoast-schema-graph\">{\"@context\":\"https:\/\/schema.org\",\"@graph\":[{\"@type\":\"WebPage\",\"@id\":\"https:\/\/weplayagain.com\/da\/vare\/unbranded-pencilbag-black-blue-2-rum-2\/\",\"url\":\"https:\/\/weplayagain.com\/da\/vare\/unbranded-pencilbag-black-blue-2-rum-2\/\",\"name\":\"Unbranded PencilBag \/ Black\/Blue \/ 2 Rum - Brugt Golf Taske\",\"isPartOf\":{\"@id\":\"https:\/\/weplayagain.com\/#website\"},\"primaryImageOfPage\":{\"@id\":\"https:\/\/weplayagain.com\/da\/vare\/unbranded-pencilbag-black-blue-2-rum-2\/#primaryimage\"},\"image\":{\"@id\":\"https:\/\/weplayagain.com\/da\/vare\/unbranded-pencilbag-black-blue-2-rum-2\/#primaryimage\"},\"thumbnailUrl\":\"https:\/\/weplayagain.host9.slyde.dk\/wp-content\/uploads\/2025\/03\/Photoroom_008_20250328_145156-scaled.jpeg\",\"datePublished\":\"2025-03-28T13:53:22+00:00\",\"dateModified\":\"2025-03-28T13:54:01+00:00\",\"description\":\"K\u00f8b Unbranded PencilBag \/ Black\/Blue \/ 2 Rum hos WePlayAgain. Du f\u00e5r 2 \u00e5rs garanti og 14 dages pr\u00f8veperiode p\u00e5 vores brugte udstyr.\",\"breadcrumb\":{\"@id\":\"https:\/\/weplayagain.com\/da\/vare\/unbranded-pencilbag-black-blue-2-rum-2\/#breadcrumb\"},\"inLanguage\":\"da-DK\",\"potentialAction\":[{\"@type\":\"ReadAction\",\"target\":[\"https:\/\/weplayagain.com\/da\/vare\/unbranded-pencilbag-black-blue-2-rum-2\/\"]}]},{\"@type\":\"ImageObject\",\"inLanguage\":\"da-DK\",\"@id\":\"https:\/\/weplayagain.com\/da\/vare\/unbranded-pencilbag-black-blue-2-rum-2\/#primaryimage\",\"url\":\"https:\/\/weplayagain.host9.slyde.dk\/wp-content\/uploads\/2025\/03\/Photoroom_008_20250328_145156-scaled.jpeg\",\"contentUrl\":\"https:\/\/weplayagain.host9.slyde.dk\/wp-content\/uploads\/2025\/03\/Photoroom_008_20250328_145156-scaled.jpeg\",\"width\":2048,\"height\":2048},{\"@type\":\"BreadcrumbList\",\"@id\":\"https:\/\/weplayagain.com\/da\/vare\/unbranded-pencilbag-black-blue-2-rum-2\/#breadcrumb\",\"itemListElement\":[{\"@type\":\"ListItem\",\"position\":1,\"name\":\"Hjem\",\"item\":\"https:\/\/weplayagain.com\/da\/\"},{\"@type\":\"ListItem\",\"position\":2,\"name\":\"Shop\",\"item\":\"https:\/\/weplayagain.com\/shop\/\"},{\"@type\":\"ListItem\",\"position\":3,\"name\":\"Unbranded PencilBag \/ Black\/Blue \/ 2 Rum\"}]},{\"@type\":\"WebSite\",\"@id\":\"https:\/\/weplayagain.com\/#website\",\"url\":\"https:\/\/weplayagain.com\/\",\"name\":\"WePlayAgain A\/S\",\"description\":\"K\u00f8b brugt - trygt, og til markedets skarpeste priser\",\"publisher\":{\"@id\":\"https:\/\/weplayagain.com\/#organization\"},\"potentialAction\":[{\"@type\":\"SearchAction\",\"target\":{\"@type\":\"EntryPoint\",\"urlTemplate\":\"https:\/\/weplayagain.com\/?s={search_term_string}\"},\"query-input\":{\"@type\":\"PropertyValueSpecification\",\"valueRequired\":true,\"valueName\":\"search_term_string\"}}],\"inLanguage\":\"da-DK\"},{\"@type\":\"Organization\",\"@id\":\"https:\/\/weplayagain.com\/#organization\",\"name\":\"WePlayAgain A\/S\",\"url\":\"https:\/\/weplayagain.com\/\",\"logo\":{\"@type\":\"ImageObject\",\"inLanguage\":\"da-DK\",\"@id\":\"https:\/\/weplayagain.com\/#\/schema\/logo\/image\/\",\"url\":\"https:\/\/weplayagain.host9.slyde.dk\/wp-content\/uploads\/2022\/01\/Asset-8-8.png\",\"contentUrl\":\"https:\/\/weplayagain.host9.slyde.dk\/wp-content\/uploads\/2022\/01\/Asset-8-8.png\",\"width\":2048,\"height\":454,\"caption\":\"WePlayAgain A\/S\"},\"image\":{\"@id\":\"https:\/\/weplayagain.com\/#\/schema\/logo\/image\/\"}}]}<\/script>\n<!-- \/ Yoast SEO plugin. -->","yoast_head_json":{"title":"Unbranded PencilBag \/ Black\/Blue \/ 2 Rum - Brugt Golf Taske","description":"K\u00f8b Unbranded PencilBag \/ Black\/Blue \/ 2 Rum hos WePlayAgain. Du f\u00e5r 2 \u00e5rs garanti og 14 dages pr\u00f8veperiode p\u00e5 vores brugte udstyr.","robots":{"index":"noindex","follow":"follow","max-snippet":"max-snippet:-1","max-image-preview":"max-image-preview:large","max-video-preview":"max-video-preview:-1"},"og_locale":"da_DK","og_type":"article","og_title":"Unbranded PencilBag \/ Black\/Blue \/ 2 Rum - Brugt Golf Taske","og_description":"K\u00f8b Unbranded PencilBag \/ Black\/Blue \/ 2 Rum hos WePlayAgain. Du f\u00e5r 2 \u00e5rs garanti og 14 dages pr\u00f8veperiode p\u00e5 vores brugte udstyr.","og_url":"https:\/\/weplayagain.com\/da\/vare\/unbranded-pencilbag-black-blue-2-rum-2\/","og_site_name":"WePlayAgain A\/S","article_modified_time":"2025-03-28T13:54:01+00:00","og_image":[{"width":2048,"height":2048,"url":"https:\/\/weplayagain.com\/wp-content\/uploads\/2025\/03\/Photoroom_008_20250328_145156-scaled.jpeg","type":"image\/jpeg"}],"twitter_card":"summary_large_image","twitter_misc":{"Estimeret l\u00e6setid":"1 minut"},"schema":{"@context":"https:\/\/schema.org","@graph":[{"@type":"WebPage","@id":"https:\/\/weplayagain.com\/da\/vare\/unbranded-pencilbag-black-blue-2-rum-2\/","url":"https:\/\/weplayagain.com\/da\/vare\/unbranded-pencilbag-black-blue-2-rum-2\/","name":"Unbranded PencilBag \/ Black\/Blue \/ 2 Rum - Brugt Golf Taske","isPartOf":{"@id":"https:\/\/weplayagain.com\/#website"},"primaryImageOfPage":{"@id":"https:\/\/weplayagain.com\/da\/vare\/unbranded-pencilbag-black-blue-2-rum-2\/#primaryimage"},"image":{"@id":"https:\/\/weplayagain.com\/da\/vare\/unbranded-pencilbag-black-blue-2-rum-2\/#primaryimage"},"thumbnailUrl":"https:\/\/weplayagain.host9.slyde.dk\/wp-content\/uploads\/2025\/03\/Photoroom_008_20250328_145156-scaled.jpeg","datePublished":"2025-03-28T13:53:22+00:00","dateModified":"2025-03-28T13:54:01+00:00","description":"K\u00f8b Unbranded PencilBag \/ Black\/Blue \/ 2 Rum hos WePlayAgain. Du f\u00e5r 2 \u00e5rs garanti og 14 dages pr\u00f8veperiode p\u00e5 vores brugte udstyr.","breadcrumb":{"@id":"https:\/\/weplayagain.com\/da\/vare\/unbranded-pencilbag-black-blue-2-rum-2\/#breadcrumb"},"inLanguage":"da-DK","potentialAction":[{"@type":"ReadAction","target":["https:\/\/weplayagain.com\/da\/vare\/unbranded-pencilbag-black-blue-2-rum-2\/"]}]},{"@type":"ImageObject","inLanguage":"da-DK","@id":"https:\/\/weplayagain.com\/da\/vare\/unbranded-pencilbag-black-blue-2-rum-2\/#primaryimage","url":"https:\/\/weplayagain.host9.slyde.dk\/wp-content\/uploads\/2025\/03\/Photoroom_008_20250328_145156-scaled.jpeg","contentUrl":"https:\/\/weplayagain.host9.slyde.dk\/wp-content\/uploads\/2025\/03\/Photoroom_008_20250328_145156-scaled.jpeg","width":2048,"height":2048},{"@type":"BreadcrumbList","@id":"https:\/\/weplayagain.com\/da\/vare\/unbranded-pencilbag-black-blue-2-rum-2\/#breadcrumb","itemListElement":[{"@type":"ListItem","position":1,"name":"Hjem","item":"https:\/\/weplayagain.com\/da\/"},{"@type":"ListItem","position":2,"name":"Shop","item":"https:\/\/weplayagain.com\/shop\/"},{"@type":"ListItem","position":3,"name":"Unbranded PencilBag \/ Black\/Blue \/ 2 Rum"}]},{"@type":"WebSite","@id":"https:\/\/weplayagain.com\/#website","url":"https:\/\/weplayagain.com\/","name":"WePlayAgain A\/S","description":"K\u00f8b brugt - trygt, og til markedets skarpeste priser","publisher":{"@id":"https:\/\/weplayagain.com\/#organization"},"potentialAction":[{"@type":"SearchAction","target":{"@type":"EntryPoint","urlTemplate":"https:\/\/weplayagain.com\/?s={search_term_string}"},"query-input":{"@type":"PropertyValueSpecification","valueRequired":true,"valueName":"search_term_string"}}],"inLanguage":"da-DK"},{"@type":"Organization","@id":"https:\/\/weplayagain.com\/#organization","name":"WePlayAgain A\/S","url":"https:\/\/weplayagain.com\/","logo":{"@type":"ImageObject","inLanguage":"da-DK","@id":"https:\/\/weplayagain.com\/#\/schema\/logo\/image\/","url":"https:\/\/weplayagain.host9.slyde.dk\/wp-content\/uploads\/2022\/01\/Asset-8-8.png","contentUrl":"https:\/\/weplayagain.host9.slyde.dk\/wp-content\/uploads\/2022\/01\/Asset-8-8.png","width":2048,"height":454,"caption":"WePlayAgain A\/S"},"image":{"@id":"https:\/\/weplayagain.com\/#\/schema\/logo\/image\/"}}]}},"_links":{"self":[{"href":"https:\/\/weplayagain.host9.slyde.dk\/da\/wp-json\/wp\/v2\/product\/41736","targetHints":{"allow":["GET"]}}],"collection":[{"href":"https:\/\/weplayagain.host9.slyde.dk\/da\/wp-json\/wp\/v2\/product"}],"about":[{"href":"https:\/\/weplayagain.host9.slyde.dk\/da\/wp-json\/wp\/v2\/types\/product"}],"wp:featuredmedia":[{"embeddable":true,"href":"https:\/\/weplayagain.host9.slyde.dk\/da\/wp-json\/wp\/v2\/media\/41732"}],"wp:attachment":[{"href":"https:\/\/weplayagain.host9.slyde.dk\/da\/wp-json\/wp\/v2\/media?parent=41736"}],"wp:term":[{"taxonomy":"product_brand","embeddable":true,"href":"https:\/\/weplayagain.host9.slyde.dk\/da\/wp-json\/wp\/v2\/product_brand?post=41736"},{"taxonomy":"product_cat","embeddable":true,"href":"https:\/\/weplayagain.host9.slyde.dk\/da\/wp-json\/wp\/v2\/product_cat?post=41736"},{"taxonomy":"product_tag","embeddable":true,"href":"https:\/\/weplayagain.host9.slyde.dk\/da\/wp-json\/wp\/v2\/product_tag?post=41736"}],"curies":[{"name":"wp","href":"https:\/\/api.w.org\/{rel}","templated":true}]}}