{"id":43605,"date":"2025-04-03T15:42:49","date_gmt":"2025-04-03T14:42:49","guid":{"rendered":"https:\/\/weplayagain.com\/?post_type=product&#038;p=43605"},"modified":"2025-04-03T15:44:45","modified_gmt":"2025-04-03T14:44:45","slug":"callaway-driver-skaft-ust-mamiya-helium-flex-a-senior-455","status":"publish","type":"product","link":"https:\/\/weplayagain.host9.slyde.dk\/da\/vare\/callaway-driver-skaft-ust-mamiya-helium-flex-a-senior-455\/","title":{"rendered":"Callaway Driver Skaft \/ UST Mamiya Helium \/ Flex A Senior \/ 45,5&#8243;"},"content":{"rendered":"<article class=\"text-token-text-primary w-full\" dir=\"auto\" data-testid=\"conversation-turn-32\" data-scroll-anchor=\"true\">\n<div class=\"text-base my-auto mx-auto py-5 px-6\">\n<div class=\"mx-auto flex flex-1 text-base gap-4 md:gap-5 lg:gap-6 md:max-w-3xl group\/turn-messages focus-visible:outline-hidden\">\n<div class=\"group\/conversation-turn relative flex w-full min-w-0 flex-col agent-turn @xs\/thread:px-0 @sm\/thread:px-1.5 @md\/thread:px-4\">\n<div class=\"relative flex-col gap-1 md:gap-3\">\n<div class=\"flex max-w-full flex-col grow\">\n<div class=\"min-h-8 text-message relative flex w-full flex-col items-end gap-2 text-start break-words whitespace-normal [.text-message+&amp;]:mt-5\" dir=\"auto\" data-message-author-role=\"assistant\" data-message-id=\"8f90af1d-f0dd-4160-a1ed-2b142116d90c\" data-message-model-slug=\"gpt-4o-mini\">\n<div class=\"flex w-full flex-col gap-1 empty:hidden first:pt-[3px]\">\n<div class=\"markdown prose dark:prose-invert w-full break-words light\">\n<p class=\"\" data-start=\"71\" data-end=\"597\">Callaway UST Mamiya Helium Driver Skaft er designet specielt til seniorspillere og dem med lavere svinghastigheder, der s\u00f8ger et skaft, der kan levere b\u00e5de afstand og kontrol. Med en <strong data-start=\"277\" data-end=\"291\">Senior (A)<\/strong> flex og en l\u00e6ngde p\u00e5 <strong data-start=\"313\" data-end=\"322\">45,5&#8243;<\/strong>, tilbyder dette skaft en perfekt balance mellem fleksibilitet og stabilitet. UST Mamiya Helium-skaftet er let, hvilket hj\u00e6lper med at \u00f8ge svinghastigheden og generere h\u00f8jere boldhastigheder, samtidig med at det bevarer en responsiv og komfortabel f\u00f8lelse under hele svingen.<\/p>\n<p class=\"\" data-start=\"599\" data-end=\"619\"><strong data-start=\"599\" data-end=\"618\">N\u00f8gleegenskaber<\/strong>:<\/p>\n<ul data-start=\"620\" data-end=\"1067\" data-is-only-node=\"\">\n<li class=\"\" data-start=\"620\" data-end=\"652\">\n<p class=\"\" data-start=\"622\" data-end=\"652\"><strong data-start=\"622\" data-end=\"631\">Model<\/strong>: UST Mamiya Helium<\/p>\n<\/li>\n<li class=\"\" data-start=\"653\" data-end=\"768\">\n<p class=\"\" data-start=\"655\" data-end=\"768\"><strong data-start=\"655\" data-end=\"663\">Flex<\/strong>: Senior (A), ideelt til spillere med lavere svinghastigheder, der \u00f8nsker \u00f8get fleksibilitet og kontrol<\/p>\n<\/li>\n<li class=\"\" data-start=\"769\" data-end=\"830\">\n<p class=\"\" data-start=\"771\" data-end=\"830\"><strong data-start=\"771\" data-end=\"781\">L\u00e6ngde<\/strong>: 45,5&#8243; (standard l\u00e6ngde for de fleste drivere)<\/p>\n<\/li>\n<li class=\"\" data-start=\"831\" data-end=\"954\">\n<p class=\"\" data-start=\"833\" data-end=\"954\"><strong data-start=\"833\" data-end=\"841\">V\u00e6gt<\/strong>: Letv\u00e6gts (Helium-serien er kendt for sine lette skaft, hvilket g\u00f8r det lettere at f\u00e5 h\u00f8jere svinghastigheder)<\/p>\n<\/li>\n<li class=\"\" data-start=\"955\" data-end=\"1067\">\n<p class=\"\" data-start=\"957\" data-end=\"1067\"><strong data-start=\"957\" data-end=\"970\">Materiale<\/strong>: Kompositmateriale, der leverer b\u00e5de styrke og let v\u00e6gt for optimal kraftoverf\u00f8rsel og kontrol<\/p>\n<\/li>\n<\/ul>\n<\/div>\n<\/div>\n<\/div>\n<\/div>\n<div class=\"flex justify-start\">\n<div class=\"touch:-me-2 touch:-ms-3.5 -ms-2.5 -me-1 flex items-center p-1 select-none -mt-1 duration-[1.5s] focus-within:transition-none hover:transition-none pointer-events-none [mask-image:linear-gradient(to_right,black_33%,transparent_66%)] [mask-position:100%_0%] [mask-size:300%_100%] motion-safe:transition-[mask-position] group-hover\/turn-messages:pointer-events-auto group-hover\/turn-messages:[mask-position:0_0] group-focus-within\/turn-messages:pointer-events-auto group-focus-within\/turn-messages:[mask-position:0_0] has-data-[state=open]:pointer-events-auto has-data-[state=open]:[mask-position:0_0]\"><\/div>\n<\/div>\n<\/div>\n<div class=\"absolute\">\n<div class=\"flex items-center justify-center\"><\/div>\n<\/div>\n<\/div>\n<\/div>\n<\/div>\n<\/article>\n<div class=\"pointer-events-none h-px w-px\" aria-hidden=\"true\" data-edge=\"true\"><\/div>\n","protected":false},"excerpt":{"rendered":"<p>Callaway UST Mamiya Helium Driver Skaft er designet specielt til seniorspillere og dem med lavere svinghastigheder, der s\u00f8ger et skaft, der kan levere b\u00e5de afstand og kontrol. Med en Senior (A) flex og en l\u00e6ngde p\u00e5 45,5&#8243;, tilbyder dette skaft en perfekt balance mellem fleksibilitet og stabilitet. UST Mamiya Helium-skaftet er let, hvilket hj\u00e6lper med [&hellip;]<\/p>\n","protected":false},"featured_media":43584,"template":"","meta":{"_acf_changed":false},"product_brand":[],"product_cat":[1933],"product_tag":[],"class_list":{"0":"post-43605","1":"product","2":"type-product","3":"status-publish","4":"has-post-thumbnail","6":"product_cat-driver-skaft","7":"pa_28935-men","8":"pa_brand-callaway","9":"pa_condition-brugt-god-stand","10":"pa_flex-a-flex","11":"pa_koelle-driver","12":"pa_skaft-grafit-ust-mamiya-helium-4f2","13":"pa_skaft-materiale-grafit","15":"first","16":"instock","17":"taxable","18":"shipping-taxable","19":"purchasable","20":"product-type-simple"},"acf":[],"yoast_head":"<!-- This site is optimized with the Yoast SEO plugin v24.8.1 - https:\/\/yoast.com\/wordpress\/plugins\/seo\/ -->\n<title>Callaway Driver Skaft \/ UST Mamiya Helium \/ Flex A Senior \/ 45,5&quot; - Brugt Driver<\/title>\n<meta name=\"description\" content=\"K\u00f8b Callaway Driver Skaft \/ UST Mamiya Helium \/ Flex A Senior \/ 45,5&quot; hos WePlayAgain. Du f\u00e5r 2 \u00e5rs garanti og 14 dages pr\u00f8veperiode p\u00e5 vores brugte udstyr.\" \/>\n<meta name=\"robots\" content=\"noindex, follow, max-snippet:-1, max-image-preview:large, max-video-preview:-1\" \/>\n<meta property=\"og:locale\" content=\"da_DK\" \/>\n<meta property=\"og:type\" content=\"article\" \/>\n<meta property=\"og:title\" content=\"Callaway Driver Skaft \/ UST Mamiya Helium \/ Flex A Senior \/ 45,5&quot; - Brugt Driver\" \/>\n<meta property=\"og:description\" content=\"K\u00f8b Callaway Driver Skaft \/ UST Mamiya Helium \/ Flex A Senior \/ 45,5&quot; hos WePlayAgain. Du f\u00e5r 2 \u00e5rs garanti og 14 dages pr\u00f8veperiode p\u00e5 vores brugte udstyr.\" \/>\n<meta property=\"og:url\" content=\"https:\/\/weplayagain.com\/da\/vare\/callaway-driver-skaft-ust-mamiya-helium-flex-a-senior-455\/\" \/>\n<meta property=\"og:site_name\" content=\"WePlayAgain A\/S\" \/>\n<meta property=\"article:modified_time\" content=\"2025-04-03T14:44:45+00:00\" \/>\n<meta property=\"og:image\" content=\"https:\/\/weplayagain.com\/wp-content\/uploads\/2025\/04\/Photoroom_013_20250403_162857-scaled.jpeg\" \/>\n\t<meta property=\"og:image:width\" content=\"2048\" \/>\n\t<meta property=\"og:image:height\" content=\"2048\" \/>\n\t<meta property=\"og:image:type\" content=\"image\/jpeg\" \/>\n<meta name=\"twitter:card\" content=\"summary_large_image\" \/>\n<meta name=\"twitter:label1\" content=\"Estimeret l\u00e6setid\" \/>\n\t<meta name=\"twitter:data1\" content=\"1 minut\" \/>\n<script type=\"application\/ld+json\" class=\"yoast-schema-graph\">{\"@context\":\"https:\/\/schema.org\",\"@graph\":[{\"@type\":\"WebPage\",\"@id\":\"https:\/\/weplayagain.com\/da\/vare\/callaway-driver-skaft-ust-mamiya-helium-flex-a-senior-455\/\",\"url\":\"https:\/\/weplayagain.com\/da\/vare\/callaway-driver-skaft-ust-mamiya-helium-flex-a-senior-455\/\",\"name\":\"Callaway Driver Skaft \/ UST Mamiya Helium \/ Flex A Senior \/ 45,5\\\" - Brugt Driver\",\"isPartOf\":{\"@id\":\"https:\/\/weplayagain.com\/#website\"},\"primaryImageOfPage\":{\"@id\":\"https:\/\/weplayagain.com\/da\/vare\/callaway-driver-skaft-ust-mamiya-helium-flex-a-senior-455\/#primaryimage\"},\"image\":{\"@id\":\"https:\/\/weplayagain.com\/da\/vare\/callaway-driver-skaft-ust-mamiya-helium-flex-a-senior-455\/#primaryimage\"},\"thumbnailUrl\":\"https:\/\/weplayagain.host9.slyde.dk\/wp-content\/uploads\/2025\/04\/Photoroom_013_20250403_162857-scaled.jpeg\",\"datePublished\":\"2025-04-03T14:42:49+00:00\",\"dateModified\":\"2025-04-03T14:44:45+00:00\",\"description\":\"K\u00f8b Callaway Driver Skaft \/ UST Mamiya Helium \/ Flex A Senior \/ 45,5\\\" hos WePlayAgain. Du f\u00e5r 2 \u00e5rs garanti og 14 dages pr\u00f8veperiode p\u00e5 vores brugte udstyr.\",\"breadcrumb\":{\"@id\":\"https:\/\/weplayagain.com\/da\/vare\/callaway-driver-skaft-ust-mamiya-helium-flex-a-senior-455\/#breadcrumb\"},\"inLanguage\":\"da-DK\",\"potentialAction\":[{\"@type\":\"ReadAction\",\"target\":[\"https:\/\/weplayagain.com\/da\/vare\/callaway-driver-skaft-ust-mamiya-helium-flex-a-senior-455\/\"]}]},{\"@type\":\"ImageObject\",\"inLanguage\":\"da-DK\",\"@id\":\"https:\/\/weplayagain.com\/da\/vare\/callaway-driver-skaft-ust-mamiya-helium-flex-a-senior-455\/#primaryimage\",\"url\":\"https:\/\/weplayagain.host9.slyde.dk\/wp-content\/uploads\/2025\/04\/Photoroom_013_20250403_162857-scaled.jpeg\",\"contentUrl\":\"https:\/\/weplayagain.host9.slyde.dk\/wp-content\/uploads\/2025\/04\/Photoroom_013_20250403_162857-scaled.jpeg\",\"width\":2048,\"height\":2048},{\"@type\":\"BreadcrumbList\",\"@id\":\"https:\/\/weplayagain.com\/da\/vare\/callaway-driver-skaft-ust-mamiya-helium-flex-a-senior-455\/#breadcrumb\",\"itemListElement\":[{\"@type\":\"ListItem\",\"position\":1,\"name\":\"Hjem\",\"item\":\"https:\/\/weplayagain.com\/da\/\"},{\"@type\":\"ListItem\",\"position\":2,\"name\":\"Shop\",\"item\":\"https:\/\/weplayagain.com\/shop\/\"},{\"@type\":\"ListItem\",\"position\":3,\"name\":\"Callaway Driver Skaft \/ UST Mamiya Helium \/ Flex A Senior \/ 45,5&#8243;\"}]},{\"@type\":\"WebSite\",\"@id\":\"https:\/\/weplayagain.com\/#website\",\"url\":\"https:\/\/weplayagain.com\/\",\"name\":\"WePlayAgain A\/S\",\"description\":\"K\u00f8b brugt - trygt, og til markedets skarpeste priser\",\"publisher\":{\"@id\":\"https:\/\/weplayagain.com\/#organization\"},\"potentialAction\":[{\"@type\":\"SearchAction\",\"target\":{\"@type\":\"EntryPoint\",\"urlTemplate\":\"https:\/\/weplayagain.com\/?s={search_term_string}\"},\"query-input\":{\"@type\":\"PropertyValueSpecification\",\"valueRequired\":true,\"valueName\":\"search_term_string\"}}],\"inLanguage\":\"da-DK\"},{\"@type\":\"Organization\",\"@id\":\"https:\/\/weplayagain.com\/#organization\",\"name\":\"WePlayAgain A\/S\",\"url\":\"https:\/\/weplayagain.com\/\",\"logo\":{\"@type\":\"ImageObject\",\"inLanguage\":\"da-DK\",\"@id\":\"https:\/\/weplayagain.com\/#\/schema\/logo\/image\/\",\"url\":\"https:\/\/weplayagain.host9.slyde.dk\/wp-content\/uploads\/2022\/01\/Asset-8-8.png\",\"contentUrl\":\"https:\/\/weplayagain.host9.slyde.dk\/wp-content\/uploads\/2022\/01\/Asset-8-8.png\",\"width\":2048,\"height\":454,\"caption\":\"WePlayAgain A\/S\"},\"image\":{\"@id\":\"https:\/\/weplayagain.com\/#\/schema\/logo\/image\/\"}}]}<\/script>\n<!-- \/ Yoast SEO plugin. -->","yoast_head_json":{"title":"Callaway Driver Skaft \/ UST Mamiya Helium \/ Flex A Senior \/ 45,5\" - Brugt Driver","description":"K\u00f8b Callaway Driver Skaft \/ UST Mamiya Helium \/ Flex A Senior \/ 45,5\" hos WePlayAgain. Du f\u00e5r 2 \u00e5rs garanti og 14 dages pr\u00f8veperiode p\u00e5 vores brugte udstyr.","robots":{"index":"noindex","follow":"follow","max-snippet":"max-snippet:-1","max-image-preview":"max-image-preview:large","max-video-preview":"max-video-preview:-1"},"og_locale":"da_DK","og_type":"article","og_title":"Callaway Driver Skaft \/ UST Mamiya Helium \/ Flex A Senior \/ 45,5\" - Brugt Driver","og_description":"K\u00f8b Callaway Driver Skaft \/ UST Mamiya Helium \/ Flex A Senior \/ 45,5\" hos WePlayAgain. Du f\u00e5r 2 \u00e5rs garanti og 14 dages pr\u00f8veperiode p\u00e5 vores brugte udstyr.","og_url":"https:\/\/weplayagain.com\/da\/vare\/callaway-driver-skaft-ust-mamiya-helium-flex-a-senior-455\/","og_site_name":"WePlayAgain A\/S","article_modified_time":"2025-04-03T14:44:45+00:00","og_image":[{"width":2048,"height":2048,"url":"https:\/\/weplayagain.com\/wp-content\/uploads\/2025\/04\/Photoroom_013_20250403_162857-scaled.jpeg","type":"image\/jpeg"}],"twitter_card":"summary_large_image","twitter_misc":{"Estimeret l\u00e6setid":"1 minut"},"schema":{"@context":"https:\/\/schema.org","@graph":[{"@type":"WebPage","@id":"https:\/\/weplayagain.com\/da\/vare\/callaway-driver-skaft-ust-mamiya-helium-flex-a-senior-455\/","url":"https:\/\/weplayagain.com\/da\/vare\/callaway-driver-skaft-ust-mamiya-helium-flex-a-senior-455\/","name":"Callaway Driver Skaft \/ UST Mamiya Helium \/ Flex A Senior \/ 45,5\" - Brugt Driver","isPartOf":{"@id":"https:\/\/weplayagain.com\/#website"},"primaryImageOfPage":{"@id":"https:\/\/weplayagain.com\/da\/vare\/callaway-driver-skaft-ust-mamiya-helium-flex-a-senior-455\/#primaryimage"},"image":{"@id":"https:\/\/weplayagain.com\/da\/vare\/callaway-driver-skaft-ust-mamiya-helium-flex-a-senior-455\/#primaryimage"},"thumbnailUrl":"https:\/\/weplayagain.host9.slyde.dk\/wp-content\/uploads\/2025\/04\/Photoroom_013_20250403_162857-scaled.jpeg","datePublished":"2025-04-03T14:42:49+00:00","dateModified":"2025-04-03T14:44:45+00:00","description":"K\u00f8b Callaway Driver Skaft \/ UST Mamiya Helium \/ Flex A Senior \/ 45,5\" hos WePlayAgain. Du f\u00e5r 2 \u00e5rs garanti og 14 dages pr\u00f8veperiode p\u00e5 vores brugte udstyr.","breadcrumb":{"@id":"https:\/\/weplayagain.com\/da\/vare\/callaway-driver-skaft-ust-mamiya-helium-flex-a-senior-455\/#breadcrumb"},"inLanguage":"da-DK","potentialAction":[{"@type":"ReadAction","target":["https:\/\/weplayagain.com\/da\/vare\/callaway-driver-skaft-ust-mamiya-helium-flex-a-senior-455\/"]}]},{"@type":"ImageObject","inLanguage":"da-DK","@id":"https:\/\/weplayagain.com\/da\/vare\/callaway-driver-skaft-ust-mamiya-helium-flex-a-senior-455\/#primaryimage","url":"https:\/\/weplayagain.host9.slyde.dk\/wp-content\/uploads\/2025\/04\/Photoroom_013_20250403_162857-scaled.jpeg","contentUrl":"https:\/\/weplayagain.host9.slyde.dk\/wp-content\/uploads\/2025\/04\/Photoroom_013_20250403_162857-scaled.jpeg","width":2048,"height":2048},{"@type":"BreadcrumbList","@id":"https:\/\/weplayagain.com\/da\/vare\/callaway-driver-skaft-ust-mamiya-helium-flex-a-senior-455\/#breadcrumb","itemListElement":[{"@type":"ListItem","position":1,"name":"Hjem","item":"https:\/\/weplayagain.com\/da\/"},{"@type":"ListItem","position":2,"name":"Shop","item":"https:\/\/weplayagain.com\/shop\/"},{"@type":"ListItem","position":3,"name":"Callaway Driver Skaft \/ UST Mamiya Helium \/ Flex A Senior \/ 45,5&#8243;"}]},{"@type":"WebSite","@id":"https:\/\/weplayagain.com\/#website","url":"https:\/\/weplayagain.com\/","name":"WePlayAgain A\/S","description":"K\u00f8b brugt - trygt, og til markedets skarpeste priser","publisher":{"@id":"https:\/\/weplayagain.com\/#organization"},"potentialAction":[{"@type":"SearchAction","target":{"@type":"EntryPoint","urlTemplate":"https:\/\/weplayagain.com\/?s={search_term_string}"},"query-input":{"@type":"PropertyValueSpecification","valueRequired":true,"valueName":"search_term_string"}}],"inLanguage":"da-DK"},{"@type":"Organization","@id":"https:\/\/weplayagain.com\/#organization","name":"WePlayAgain A\/S","url":"https:\/\/weplayagain.com\/","logo":{"@type":"ImageObject","inLanguage":"da-DK","@id":"https:\/\/weplayagain.com\/#\/schema\/logo\/image\/","url":"https:\/\/weplayagain.host9.slyde.dk\/wp-content\/uploads\/2022\/01\/Asset-8-8.png","contentUrl":"https:\/\/weplayagain.host9.slyde.dk\/wp-content\/uploads\/2022\/01\/Asset-8-8.png","width":2048,"height":454,"caption":"WePlayAgain A\/S"},"image":{"@id":"https:\/\/weplayagain.com\/#\/schema\/logo\/image\/"}}]}},"_links":{"self":[{"href":"https:\/\/weplayagain.host9.slyde.dk\/da\/wp-json\/wp\/v2\/product\/43605","targetHints":{"allow":["GET"]}}],"collection":[{"href":"https:\/\/weplayagain.host9.slyde.dk\/da\/wp-json\/wp\/v2\/product"}],"about":[{"href":"https:\/\/weplayagain.host9.slyde.dk\/da\/wp-json\/wp\/v2\/types\/product"}],"wp:featuredmedia":[{"embeddable":true,"href":"https:\/\/weplayagain.host9.slyde.dk\/da\/wp-json\/wp\/v2\/media\/43584"}],"wp:attachment":[{"href":"https:\/\/weplayagain.host9.slyde.dk\/da\/wp-json\/wp\/v2\/media?parent=43605"}],"wp:term":[{"taxonomy":"product_brand","embeddable":true,"href":"https:\/\/weplayagain.host9.slyde.dk\/da\/wp-json\/wp\/v2\/product_brand?post=43605"},{"taxonomy":"product_cat","embeddable":true,"href":"https:\/\/weplayagain.host9.slyde.dk\/da\/wp-json\/wp\/v2\/product_cat?post=43605"},{"taxonomy":"product_tag","embeddable":true,"href":"https:\/\/weplayagain.host9.slyde.dk\/da\/wp-json\/wp\/v2\/product_tag?post=43605"}],"curies":[{"name":"wp","href":"https:\/\/api.w.org\/{rel}","templated":true}]}}