{"id":43608,"date":"2025-04-03T15:49:21","date_gmt":"2025-04-03T14:49:21","guid":{"rendered":"https:\/\/weplayagain.com\/?post_type=product&#038;p=43608"},"modified":"2025-04-03T15:51:05","modified_gmt":"2025-04-03T14:51:05","slug":"callaway-fairwaywoodskaft-tensei-blue-av-series-flex-x-stiff-43","status":"publish","type":"product","link":"https:\/\/weplayagain.host9.slyde.dk\/da\/vare\/callaway-fairwaywoodskaft-tensei-blue-av-series-flex-x-stiff-43\/","title":{"rendered":"Callaway FairwaywoodSkaft \/ Tensei Blue AV-Series \/ Flex X-Stiff \/ 43&#8243;"},"content":{"rendered":"<article class=\"text-token-text-primary w-full\" dir=\"auto\" data-testid=\"conversation-turn-32\" data-scroll-anchor=\"true\">\n<div class=\"text-base my-auto mx-auto py-5 px-6\">\n<div class=\"mx-auto flex flex-1 text-base gap-4 md:gap-5 lg:gap-6 md:max-w-3xl group\/turn-messages focus-visible:outline-hidden\">\n<div class=\"group\/conversation-turn relative flex w-full min-w-0 flex-col agent-turn @xs\/thread:px-0 @sm\/thread:px-1.5 @md\/thread:px-4\">\n<div class=\"relative flex-col gap-1 md:gap-3\">\n<div class=\"flex max-w-full flex-col grow\">\n<div class=\"min-h-8 text-message relative flex w-full flex-col items-end gap-2 text-start break-words whitespace-normal [.text-message+&amp;]:mt-5\" dir=\"auto\" data-message-author-role=\"assistant\" data-message-id=\"8f90af1d-f0dd-4160-a1ed-2b142116d90c\" data-message-model-slug=\"gpt-4o-mini\">\n<div class=\"flex w-full flex-col gap-1 empty:hidden first:pt-[3px]\">\n<div class=\"markdown prose dark:prose-invert w-full break-words light\">\n<p class=\"\" data-start=\"77\" data-end=\"652\">Callaway Tensei Blue AV-Series Fairwaywood Skaft er designet til golfspillere, der \u00f8nsker et skaft, der leverer b\u00e5de kontrol og kraft til deres fairwaywood. Med <strong data-start=\"261\" data-end=\"272\">X-Stiff<\/strong> flex og en l\u00e6ngde p\u00e5 <strong data-start=\"294\" data-end=\"301\">43&#8243;<\/strong>, er dette skaft ideelt til erfarne spillere med h\u00f8jere svinghastigheder, der har brug for et mere stift skaft til at h\u00e5ndtere kraftfulde slag og samtidig opretholde pr\u00e6cision. Tensei Blue AV-Series-skaftet er bygget med avanceret teknologi og materialer, der hj\u00e6lper med at reducere spin og maksimere boldhastigheden for l\u00e6ngere og mere pr\u00e6cise slag.<\/p>\n<p class=\"\" data-start=\"654\" data-end=\"674\"><strong data-start=\"654\" data-end=\"673\">N\u00f8gleegenskaber<\/strong>:<\/p>\n<ul data-start=\"675\" data-end=\"1198\">\n<li class=\"\" data-start=\"675\" data-end=\"711\">\n<p class=\"\" data-start=\"677\" data-end=\"711\"><strong data-start=\"677\" data-end=\"686\">Model<\/strong>: Tensei Blue AV-Series<\/p>\n<\/li>\n<li class=\"\" data-start=\"712\" data-end=\"820\">\n<p class=\"\" data-start=\"714\" data-end=\"820\"><strong data-start=\"714\" data-end=\"722\">Flex<\/strong>: X-Stiff, ideelt til spillere med h\u00f8j svinghastighed, der \u00f8nsker maksimal stabilitet og kontrol<\/p>\n<\/li>\n<li class=\"\" data-start=\"821\" data-end=\"930\">\n<p class=\"\" data-start=\"823\" data-end=\"930\"><strong data-start=\"823\" data-end=\"833\">L\u00e6ngde<\/strong>: 43&#8243; (standard l\u00e6ngde til fairwaywood, hvilket giver en god balance mellem kontrol og afstand)<\/p>\n<\/li>\n<li class=\"\" data-start=\"931\" data-end=\"1077\">\n<p class=\"\" data-start=\"933\" data-end=\"1077\"><strong data-start=\"933\" data-end=\"946\">Materiale<\/strong>: Avanceret kompositmateriale med <strong data-start=\"980\" data-end=\"1015\">Tensei Blue AV-Series teknologi<\/strong>, designet til at optimere energioverf\u00f8rsel og reducere spin<\/p>\n<\/li>\n<li class=\"\" data-start=\"1078\" data-end=\"1198\">\n<p class=\"\" data-start=\"1080\" data-end=\"1198\"><strong data-start=\"1080\" data-end=\"1090\">Design<\/strong>: Optimeret til at maksimere boldhastighed og l\u00e6ngde, samtidig med at den bevarer h\u00f8j pr\u00e6cision og kontrol<\/p>\n<\/li>\n<\/ul>\n<\/div>\n<\/div>\n<\/div>\n<\/div>\n<\/div>\n<\/div>\n<\/div>\n<\/div>\n<\/article>\n<div class=\"pointer-events-none h-px w-px\" aria-hidden=\"true\" data-edge=\"true\"><\/div>\n","protected":false},"excerpt":{"rendered":"<p>Callaway Tensei Blue AV-Series Fairwaywood Skaft er designet til golfspillere, der \u00f8nsker et skaft, der leverer b\u00e5de kontrol og kraft til deres fairwaywood. Med X-Stiff flex og en l\u00e6ngde p\u00e5 43&#8243;, er dette skaft ideelt til erfarne spillere med h\u00f8jere svinghastigheder, der har brug for et mere stift skaft til at h\u00e5ndtere kraftfulde slag og [&hellip;]<\/p>\n","protected":false},"featured_media":43594,"template":"","meta":{"_acf_changed":false},"product_brand":[],"product_cat":[1934],"product_tag":[],"class_list":{"0":"post-43608","1":"product","2":"type-product","3":"status-publish","4":"has-post-thumbnail","6":"product_cat-fairway-skaft","7":"pa_28935-men","8":"pa_brand-callaway","9":"pa_condition-brugt-som-ny","10":"pa_flex-extra-stiff-flex","11":"pa_koelle-3-wood","12":"pa_skaft-tensei-blue","13":"pa_skaft-materiale-grafit","15":"first","16":"instock","17":"taxable","18":"shipping-taxable","19":"purchasable","20":"product-type-simple"},"acf":[],"yoast_head":"<!-- This site is optimized with the Yoast SEO plugin v24.8.1 - https:\/\/yoast.com\/wordpress\/plugins\/seo\/ -->\n<title>Callaway FairwaywoodSkaft \/ Tensei Blue AV-Series \/ Flex X-Stiff \/ 43&quot; - Brugt Driver<\/title>\n<meta name=\"description\" content=\"K\u00f8b Callaway FairwaywoodSkaft \/ Tensei Blue AV-Series \/ Flex X-Stiff \/ 43&quot; hos WePlayAgain. Du f\u00e5r 2 \u00e5rs garanti og 14 dages pr\u00f8veperiode p\u00e5 vores brugte udstyr.\" \/>\n<meta name=\"robots\" content=\"noindex, follow, max-snippet:-1, max-image-preview:large, max-video-preview:-1\" \/>\n<meta property=\"og:locale\" content=\"da_DK\" \/>\n<meta property=\"og:type\" content=\"article\" \/>\n<meta property=\"og:title\" content=\"Callaway FairwaywoodSkaft \/ Tensei Blue AV-Series \/ Flex X-Stiff \/ 43&quot; - Brugt Driver\" \/>\n<meta property=\"og:description\" content=\"K\u00f8b Callaway FairwaywoodSkaft \/ Tensei Blue AV-Series \/ Flex X-Stiff \/ 43&quot; hos WePlayAgain. Du f\u00e5r 2 \u00e5rs garanti og 14 dages pr\u00f8veperiode p\u00e5 vores brugte udstyr.\" \/>\n<meta property=\"og:url\" content=\"https:\/\/weplayagain.com\/da\/vare\/callaway-fairwaywoodskaft-tensei-blue-av-series-flex-x-stiff-43\/\" \/>\n<meta property=\"og:site_name\" content=\"WePlayAgain A\/S\" \/>\n<meta property=\"article:modified_time\" content=\"2025-04-03T14:51:05+00:00\" \/>\n<meta property=\"og:image\" content=\"https:\/\/weplayagain.com\/wp-content\/uploads\/2025\/04\/Photoroom_022_20250403_162857-scaled.jpeg\" \/>\n\t<meta property=\"og:image:width\" content=\"2048\" \/>\n\t<meta property=\"og:image:height\" content=\"2048\" \/>\n\t<meta property=\"og:image:type\" content=\"image\/jpeg\" \/>\n<meta name=\"twitter:card\" content=\"summary_large_image\" \/>\n<meta name=\"twitter:label1\" content=\"Estimeret l\u00e6setid\" \/>\n\t<meta name=\"twitter:data1\" content=\"1 minut\" \/>\n<script type=\"application\/ld+json\" class=\"yoast-schema-graph\">{\"@context\":\"https:\/\/schema.org\",\"@graph\":[{\"@type\":\"WebPage\",\"@id\":\"https:\/\/weplayagain.com\/da\/vare\/callaway-fairwaywoodskaft-tensei-blue-av-series-flex-x-stiff-43\/\",\"url\":\"https:\/\/weplayagain.com\/da\/vare\/callaway-fairwaywoodskaft-tensei-blue-av-series-flex-x-stiff-43\/\",\"name\":\"Callaway FairwaywoodSkaft \/ Tensei Blue AV-Series \/ Flex X-Stiff \/ 43\\\" - Brugt Driver\",\"isPartOf\":{\"@id\":\"https:\/\/weplayagain.com\/#website\"},\"primaryImageOfPage\":{\"@id\":\"https:\/\/weplayagain.com\/da\/vare\/callaway-fairwaywoodskaft-tensei-blue-av-series-flex-x-stiff-43\/#primaryimage\"},\"image\":{\"@id\":\"https:\/\/weplayagain.com\/da\/vare\/callaway-fairwaywoodskaft-tensei-blue-av-series-flex-x-stiff-43\/#primaryimage\"},\"thumbnailUrl\":\"https:\/\/weplayagain.host9.slyde.dk\/wp-content\/uploads\/2025\/04\/Photoroom_022_20250403_162857-scaled.jpeg\",\"datePublished\":\"2025-04-03T14:49:21+00:00\",\"dateModified\":\"2025-04-03T14:51:05+00:00\",\"description\":\"K\u00f8b Callaway FairwaywoodSkaft \/ Tensei Blue AV-Series \/ Flex X-Stiff \/ 43\\\" hos WePlayAgain. Du f\u00e5r 2 \u00e5rs garanti og 14 dages pr\u00f8veperiode p\u00e5 vores brugte udstyr.\",\"breadcrumb\":{\"@id\":\"https:\/\/weplayagain.com\/da\/vare\/callaway-fairwaywoodskaft-tensei-blue-av-series-flex-x-stiff-43\/#breadcrumb\"},\"inLanguage\":\"da-DK\",\"potentialAction\":[{\"@type\":\"ReadAction\",\"target\":[\"https:\/\/weplayagain.com\/da\/vare\/callaway-fairwaywoodskaft-tensei-blue-av-series-flex-x-stiff-43\/\"]}]},{\"@type\":\"ImageObject\",\"inLanguage\":\"da-DK\",\"@id\":\"https:\/\/weplayagain.com\/da\/vare\/callaway-fairwaywoodskaft-tensei-blue-av-series-flex-x-stiff-43\/#primaryimage\",\"url\":\"https:\/\/weplayagain.host9.slyde.dk\/wp-content\/uploads\/2025\/04\/Photoroom_022_20250403_162857-scaled.jpeg\",\"contentUrl\":\"https:\/\/weplayagain.host9.slyde.dk\/wp-content\/uploads\/2025\/04\/Photoroom_022_20250403_162857-scaled.jpeg\",\"width\":2048,\"height\":2048},{\"@type\":\"BreadcrumbList\",\"@id\":\"https:\/\/weplayagain.com\/da\/vare\/callaway-fairwaywoodskaft-tensei-blue-av-series-flex-x-stiff-43\/#breadcrumb\",\"itemListElement\":[{\"@type\":\"ListItem\",\"position\":1,\"name\":\"Hjem\",\"item\":\"https:\/\/weplayagain.com\/da\/\"},{\"@type\":\"ListItem\",\"position\":2,\"name\":\"Shop\",\"item\":\"https:\/\/weplayagain.com\/shop\/\"},{\"@type\":\"ListItem\",\"position\":3,\"name\":\"Callaway FairwaywoodSkaft \/ Tensei Blue AV-Series \/ Flex X-Stiff \/ 43&#8243;\"}]},{\"@type\":\"WebSite\",\"@id\":\"https:\/\/weplayagain.com\/#website\",\"url\":\"https:\/\/weplayagain.com\/\",\"name\":\"WePlayAgain A\/S\",\"description\":\"K\u00f8b brugt - trygt, og til markedets skarpeste priser\",\"publisher\":{\"@id\":\"https:\/\/weplayagain.com\/#organization\"},\"potentialAction\":[{\"@type\":\"SearchAction\",\"target\":{\"@type\":\"EntryPoint\",\"urlTemplate\":\"https:\/\/weplayagain.com\/?s={search_term_string}\"},\"query-input\":{\"@type\":\"PropertyValueSpecification\",\"valueRequired\":true,\"valueName\":\"search_term_string\"}}],\"inLanguage\":\"da-DK\"},{\"@type\":\"Organization\",\"@id\":\"https:\/\/weplayagain.com\/#organization\",\"name\":\"WePlayAgain A\/S\",\"url\":\"https:\/\/weplayagain.com\/\",\"logo\":{\"@type\":\"ImageObject\",\"inLanguage\":\"da-DK\",\"@id\":\"https:\/\/weplayagain.com\/#\/schema\/logo\/image\/\",\"url\":\"https:\/\/weplayagain.host9.slyde.dk\/wp-content\/uploads\/2022\/01\/Asset-8-8.png\",\"contentUrl\":\"https:\/\/weplayagain.host9.slyde.dk\/wp-content\/uploads\/2022\/01\/Asset-8-8.png\",\"width\":2048,\"height\":454,\"caption\":\"WePlayAgain A\/S\"},\"image\":{\"@id\":\"https:\/\/weplayagain.com\/#\/schema\/logo\/image\/\"}}]}<\/script>\n<!-- \/ Yoast SEO plugin. -->","yoast_head_json":{"title":"Callaway FairwaywoodSkaft \/ Tensei Blue AV-Series \/ Flex X-Stiff \/ 43\" - Brugt Driver","description":"K\u00f8b Callaway FairwaywoodSkaft \/ Tensei Blue AV-Series \/ Flex X-Stiff \/ 43\" hos WePlayAgain. Du f\u00e5r 2 \u00e5rs garanti og 14 dages pr\u00f8veperiode p\u00e5 vores brugte udstyr.","robots":{"index":"noindex","follow":"follow","max-snippet":"max-snippet:-1","max-image-preview":"max-image-preview:large","max-video-preview":"max-video-preview:-1"},"og_locale":"da_DK","og_type":"article","og_title":"Callaway FairwaywoodSkaft \/ Tensei Blue AV-Series \/ Flex X-Stiff \/ 43\" - Brugt Driver","og_description":"K\u00f8b Callaway FairwaywoodSkaft \/ Tensei Blue AV-Series \/ Flex X-Stiff \/ 43\" hos WePlayAgain. Du f\u00e5r 2 \u00e5rs garanti og 14 dages pr\u00f8veperiode p\u00e5 vores brugte udstyr.","og_url":"https:\/\/weplayagain.com\/da\/vare\/callaway-fairwaywoodskaft-tensei-blue-av-series-flex-x-stiff-43\/","og_site_name":"WePlayAgain A\/S","article_modified_time":"2025-04-03T14:51:05+00:00","og_image":[{"width":2048,"height":2048,"url":"https:\/\/weplayagain.com\/wp-content\/uploads\/2025\/04\/Photoroom_022_20250403_162857-scaled.jpeg","type":"image\/jpeg"}],"twitter_card":"summary_large_image","twitter_misc":{"Estimeret l\u00e6setid":"1 minut"},"schema":{"@context":"https:\/\/schema.org","@graph":[{"@type":"WebPage","@id":"https:\/\/weplayagain.com\/da\/vare\/callaway-fairwaywoodskaft-tensei-blue-av-series-flex-x-stiff-43\/","url":"https:\/\/weplayagain.com\/da\/vare\/callaway-fairwaywoodskaft-tensei-blue-av-series-flex-x-stiff-43\/","name":"Callaway FairwaywoodSkaft \/ Tensei Blue AV-Series \/ Flex X-Stiff \/ 43\" - Brugt Driver","isPartOf":{"@id":"https:\/\/weplayagain.com\/#website"},"primaryImageOfPage":{"@id":"https:\/\/weplayagain.com\/da\/vare\/callaway-fairwaywoodskaft-tensei-blue-av-series-flex-x-stiff-43\/#primaryimage"},"image":{"@id":"https:\/\/weplayagain.com\/da\/vare\/callaway-fairwaywoodskaft-tensei-blue-av-series-flex-x-stiff-43\/#primaryimage"},"thumbnailUrl":"https:\/\/weplayagain.host9.slyde.dk\/wp-content\/uploads\/2025\/04\/Photoroom_022_20250403_162857-scaled.jpeg","datePublished":"2025-04-03T14:49:21+00:00","dateModified":"2025-04-03T14:51:05+00:00","description":"K\u00f8b Callaway FairwaywoodSkaft \/ Tensei Blue AV-Series \/ Flex X-Stiff \/ 43\" hos WePlayAgain. Du f\u00e5r 2 \u00e5rs garanti og 14 dages pr\u00f8veperiode p\u00e5 vores brugte udstyr.","breadcrumb":{"@id":"https:\/\/weplayagain.com\/da\/vare\/callaway-fairwaywoodskaft-tensei-blue-av-series-flex-x-stiff-43\/#breadcrumb"},"inLanguage":"da-DK","potentialAction":[{"@type":"ReadAction","target":["https:\/\/weplayagain.com\/da\/vare\/callaway-fairwaywoodskaft-tensei-blue-av-series-flex-x-stiff-43\/"]}]},{"@type":"ImageObject","inLanguage":"da-DK","@id":"https:\/\/weplayagain.com\/da\/vare\/callaway-fairwaywoodskaft-tensei-blue-av-series-flex-x-stiff-43\/#primaryimage","url":"https:\/\/weplayagain.host9.slyde.dk\/wp-content\/uploads\/2025\/04\/Photoroom_022_20250403_162857-scaled.jpeg","contentUrl":"https:\/\/weplayagain.host9.slyde.dk\/wp-content\/uploads\/2025\/04\/Photoroom_022_20250403_162857-scaled.jpeg","width":2048,"height":2048},{"@type":"BreadcrumbList","@id":"https:\/\/weplayagain.com\/da\/vare\/callaway-fairwaywoodskaft-tensei-blue-av-series-flex-x-stiff-43\/#breadcrumb","itemListElement":[{"@type":"ListItem","position":1,"name":"Hjem","item":"https:\/\/weplayagain.com\/da\/"},{"@type":"ListItem","position":2,"name":"Shop","item":"https:\/\/weplayagain.com\/shop\/"},{"@type":"ListItem","position":3,"name":"Callaway FairwaywoodSkaft \/ Tensei Blue AV-Series \/ Flex X-Stiff \/ 43&#8243;"}]},{"@type":"WebSite","@id":"https:\/\/weplayagain.com\/#website","url":"https:\/\/weplayagain.com\/","name":"WePlayAgain A\/S","description":"K\u00f8b brugt - trygt, og til markedets skarpeste priser","publisher":{"@id":"https:\/\/weplayagain.com\/#organization"},"potentialAction":[{"@type":"SearchAction","target":{"@type":"EntryPoint","urlTemplate":"https:\/\/weplayagain.com\/?s={search_term_string}"},"query-input":{"@type":"PropertyValueSpecification","valueRequired":true,"valueName":"search_term_string"}}],"inLanguage":"da-DK"},{"@type":"Organization","@id":"https:\/\/weplayagain.com\/#organization","name":"WePlayAgain A\/S","url":"https:\/\/weplayagain.com\/","logo":{"@type":"ImageObject","inLanguage":"da-DK","@id":"https:\/\/weplayagain.com\/#\/schema\/logo\/image\/","url":"https:\/\/weplayagain.host9.slyde.dk\/wp-content\/uploads\/2022\/01\/Asset-8-8.png","contentUrl":"https:\/\/weplayagain.host9.slyde.dk\/wp-content\/uploads\/2022\/01\/Asset-8-8.png","width":2048,"height":454,"caption":"WePlayAgain A\/S"},"image":{"@id":"https:\/\/weplayagain.com\/#\/schema\/logo\/image\/"}}]}},"_links":{"self":[{"href":"https:\/\/weplayagain.host9.slyde.dk\/da\/wp-json\/wp\/v2\/product\/43608","targetHints":{"allow":["GET"]}}],"collection":[{"href":"https:\/\/weplayagain.host9.slyde.dk\/da\/wp-json\/wp\/v2\/product"}],"about":[{"href":"https:\/\/weplayagain.host9.slyde.dk\/da\/wp-json\/wp\/v2\/types\/product"}],"wp:featuredmedia":[{"embeddable":true,"href":"https:\/\/weplayagain.host9.slyde.dk\/da\/wp-json\/wp\/v2\/media\/43594"}],"wp:attachment":[{"href":"https:\/\/weplayagain.host9.slyde.dk\/da\/wp-json\/wp\/v2\/media?parent=43608"}],"wp:term":[{"taxonomy":"product_brand","embeddable":true,"href":"https:\/\/weplayagain.host9.slyde.dk\/da\/wp-json\/wp\/v2\/product_brand?post=43608"},{"taxonomy":"product_cat","embeddable":true,"href":"https:\/\/weplayagain.host9.slyde.dk\/da\/wp-json\/wp\/v2\/product_cat?post=43608"},{"taxonomy":"product_tag","embeddable":true,"href":"https:\/\/weplayagain.host9.slyde.dk\/da\/wp-json\/wp\/v2\/product_tag?post=43608"}],"curies":[{"name":"wp","href":"https:\/\/api.w.org\/{rel}","templated":true}]}}