{"id":43610,"date":"2025-04-03T15:53:51","date_gmt":"2025-04-03T14:53:51","guid":{"rendered":"https:\/\/weplayagain.com\/?post_type=product&#038;p=43610"},"modified":"2025-04-03T15:55:33","modified_gmt":"2025-04-03T14:55:33","slug":"callaway-fairwaywoodskaft-aldila-ascent-flex-ladies-42","status":"publish","type":"product","link":"https:\/\/weplayagain.host9.slyde.dk\/da\/vare\/callaway-fairwaywoodskaft-aldila-ascent-flex-ladies-42\/","title":{"rendered":"Callaway FairwaywoodSkaft \/ Aldila Ascent \/ Flex Ladies \/ 42&#8243;"},"content":{"rendered":"<article class=\"text-token-text-primary w-full\" dir=\"auto\" data-testid=\"conversation-turn-32\" data-scroll-anchor=\"true\">\n<div class=\"text-base my-auto mx-auto py-5 px-6\">\n<div class=\"mx-auto flex flex-1 text-base gap-4 md:gap-5 lg:gap-6 md:max-w-3xl group\/turn-messages focus-visible:outline-hidden\">\n<div class=\"group\/conversation-turn relative flex w-full min-w-0 flex-col agent-turn @xs\/thread:px-0 @sm\/thread:px-1.5 @md\/thread:px-4\">\n<div class=\"relative flex-col gap-1 md:gap-3\">\n<div class=\"flex max-w-full flex-col grow\">\n<div class=\"min-h-8 text-message relative flex w-full flex-col items-end gap-2 text-start break-words whitespace-normal [.text-message+&amp;]:mt-5\" dir=\"auto\" data-message-author-role=\"assistant\" data-message-id=\"8f90af1d-f0dd-4160-a1ed-2b142116d90c\" data-message-model-slug=\"gpt-4o-mini\">\n<div class=\"flex w-full flex-col gap-1 empty:hidden first:pt-[3px]\">\n<div class=\"markdown prose dark:prose-invert w-full break-words light\">\n<p class=\"\" data-start=\"68\" data-end=\"571\">Callaway Aldila Ascent Fairwaywood Skaft er specielt designet til kvindelige golfspillere, der \u00f8nsker et letv\u00e6gts skaft, der giver b\u00e5de kontrol og afstand. Med <strong data-start=\"251\" data-end=\"261\">Ladies<\/strong> flex og en l\u00e6ngde p\u00e5 <strong data-start=\"283\" data-end=\"290\">42&#8243;<\/strong>, er dette skaft ideelt til spillere med lavere svinghastigheder, der s\u00f8ger nemmere afstand og stabilitet. Aldila Ascent-skaftet er kendt for sin lette konstruktion, som hj\u00e6lper med at \u00f8ge svinghastigheden, samtidig med at det giver en pr\u00e6cis og stabil f\u00f8lelse gennem hele svingen.<\/p>\n<p class=\"\" data-start=\"573\" data-end=\"593\"><strong data-start=\"573\" data-end=\"592\">N\u00f8gleegenskaber<\/strong>:<\/p>\n<ul data-start=\"594\" data-end=\"1090\">\n<li class=\"\" data-start=\"594\" data-end=\"622\">\n<p class=\"\" data-start=\"596\" data-end=\"622\"><strong data-start=\"596\" data-end=\"605\">Model<\/strong>: Aldila Ascent<\/p>\n<\/li>\n<li class=\"\" data-start=\"623\" data-end=\"743\">\n<p class=\"\" data-start=\"625\" data-end=\"743\"><strong data-start=\"625\" data-end=\"633\">Flex<\/strong>: Ladies, ideelt til spillere med lavere svinghastigheder, der \u00f8nsker en lettere og mere fleksibel oplevelse<\/p>\n<\/li>\n<li class=\"\" data-start=\"744\" data-end=\"846\">\n<p class=\"\" data-start=\"746\" data-end=\"846\"><strong data-start=\"746\" data-end=\"756\">L\u00e6ngde<\/strong>: 42&#8243; (ideel l\u00e6ngde for fairwaywood, der giver en god balance mellem kontrol og afstand)<\/p>\n<\/li>\n<li class=\"\" data-start=\"847\" data-end=\"968\">\n<p class=\"\" data-start=\"849\" data-end=\"968\"><strong data-start=\"849\" data-end=\"857\">V\u00e6gt<\/strong>: Letv\u00e6gtsdesign, som hj\u00e6lper med at generere h\u00f8jere svinghastigheder og reducerer belastningen under svingen<\/p>\n<\/li>\n<li class=\"\" data-start=\"969\" data-end=\"1090\">\n<p class=\"\" data-start=\"971\" data-end=\"1090\"><strong data-start=\"971\" data-end=\"984\">Materiale<\/strong>: Kompositmateriale, der giver en h\u00f8j energioverf\u00f8rsel og hj\u00e6lper med at generere boldhastighed og afstand<\/p>\n<\/li>\n<\/ul>\n<\/div>\n<\/div>\n<\/div>\n<\/div>\n<\/div>\n<\/div>\n<\/div>\n<\/div>\n<\/article>\n<div class=\"pointer-events-none h-px w-px\" aria-hidden=\"true\" data-edge=\"true\"><\/div>\n","protected":false},"excerpt":{"rendered":"<p>Callaway Aldila Ascent Fairwaywood Skaft er specielt designet til kvindelige golfspillere, der \u00f8nsker et letv\u00e6gts skaft, der giver b\u00e5de kontrol og afstand. Med Ladies flex og en l\u00e6ngde p\u00e5 42&#8243;, er dette skaft ideelt til spillere med lavere svinghastigheder, der s\u00f8ger nemmere afstand og stabilitet. Aldila Ascent-skaftet er kendt for sin lette konstruktion, som hj\u00e6lper [&hellip;]<\/p>\n","protected":false},"featured_media":43600,"template":"","meta":{"_acf_changed":false},"product_brand":[],"product_cat":[1934],"product_tag":[],"class_list":{"0":"post-43610","1":"product","2":"type-product","3":"status-publish","4":"has-post-thumbnail","6":"product_cat-fairway-skaft","7":"pa_28935-female","8":"pa_brand-callaway","9":"pa_condition-brugt-som-ny","10":"pa_flex-ladies-flex","11":"pa_koelle-3-wood","12":"pa_skaft-aldila-ascent","13":"pa_skaft-materiale-grafit","15":"first","16":"instock","17":"taxable","18":"shipping-taxable","19":"purchasable","20":"product-type-simple"},"acf":[],"yoast_head":"<!-- This site is optimized with the Yoast SEO plugin v24.8.1 - https:\/\/yoast.com\/wordpress\/plugins\/seo\/ -->\n<title>Callaway FairwaywoodSkaft \/ Aldila Ascent \/ Flex Ladies \/ 42&quot; - Brugt Driver<\/title>\n<meta name=\"description\" content=\"K\u00f8b Callaway FairwaywoodSkaft \/ Aldila Ascent \/ Flex Ladies \/ 42&quot; hos WePlayAgain. Du f\u00e5r 2 \u00e5rs garanti og 14 dages pr\u00f8veperiode p\u00e5 vores brugte udstyr.\" \/>\n<meta name=\"robots\" content=\"noindex, follow, max-snippet:-1, max-image-preview:large, max-video-preview:-1\" \/>\n<meta property=\"og:locale\" content=\"da_DK\" \/>\n<meta property=\"og:type\" content=\"article\" \/>\n<meta property=\"og:title\" content=\"Callaway FairwaywoodSkaft \/ Aldila Ascent \/ Flex Ladies \/ 42&quot; - Brugt Driver\" \/>\n<meta property=\"og:description\" content=\"K\u00f8b Callaway FairwaywoodSkaft \/ Aldila Ascent \/ Flex Ladies \/ 42&quot; hos WePlayAgain. Du f\u00e5r 2 \u00e5rs garanti og 14 dages pr\u00f8veperiode p\u00e5 vores brugte udstyr.\" \/>\n<meta property=\"og:url\" content=\"https:\/\/weplayagain.com\/da\/vare\/callaway-fairwaywoodskaft-aldila-ascent-flex-ladies-42\/\" \/>\n<meta property=\"og:site_name\" content=\"WePlayAgain A\/S\" \/>\n<meta property=\"article:modified_time\" content=\"2025-04-03T14:55:33+00:00\" \/>\n<meta property=\"og:image\" content=\"https:\/\/weplayagain.com\/wp-content\/uploads\/2025\/04\/Photoroom_028_20250403_162857-scaled.jpeg\" \/>\n\t<meta property=\"og:image:width\" content=\"2048\" \/>\n\t<meta property=\"og:image:height\" content=\"2048\" \/>\n\t<meta property=\"og:image:type\" content=\"image\/jpeg\" \/>\n<meta name=\"twitter:card\" content=\"summary_large_image\" \/>\n<meta name=\"twitter:label1\" content=\"Estimeret l\u00e6setid\" \/>\n\t<meta name=\"twitter:data1\" content=\"1 minut\" \/>\n<script type=\"application\/ld+json\" class=\"yoast-schema-graph\">{\"@context\":\"https:\/\/schema.org\",\"@graph\":[{\"@type\":\"WebPage\",\"@id\":\"https:\/\/weplayagain.com\/da\/vare\/callaway-fairwaywoodskaft-aldila-ascent-flex-ladies-42\/\",\"url\":\"https:\/\/weplayagain.com\/da\/vare\/callaway-fairwaywoodskaft-aldila-ascent-flex-ladies-42\/\",\"name\":\"Callaway FairwaywoodSkaft \/ Aldila Ascent \/ Flex Ladies \/ 42\\\" - Brugt Driver\",\"isPartOf\":{\"@id\":\"https:\/\/weplayagain.com\/#website\"},\"primaryImageOfPage\":{\"@id\":\"https:\/\/weplayagain.com\/da\/vare\/callaway-fairwaywoodskaft-aldila-ascent-flex-ladies-42\/#primaryimage\"},\"image\":{\"@id\":\"https:\/\/weplayagain.com\/da\/vare\/callaway-fairwaywoodskaft-aldila-ascent-flex-ladies-42\/#primaryimage\"},\"thumbnailUrl\":\"https:\/\/weplayagain.host9.slyde.dk\/wp-content\/uploads\/2025\/04\/Photoroom_028_20250403_162857-scaled.jpeg\",\"datePublished\":\"2025-04-03T14:53:51+00:00\",\"dateModified\":\"2025-04-03T14:55:33+00:00\",\"description\":\"K\u00f8b Callaway FairwaywoodSkaft \/ Aldila Ascent \/ Flex Ladies \/ 42\\\" hos WePlayAgain. Du f\u00e5r 2 \u00e5rs garanti og 14 dages pr\u00f8veperiode p\u00e5 vores brugte udstyr.\",\"breadcrumb\":{\"@id\":\"https:\/\/weplayagain.com\/da\/vare\/callaway-fairwaywoodskaft-aldila-ascent-flex-ladies-42\/#breadcrumb\"},\"inLanguage\":\"da-DK\",\"potentialAction\":[{\"@type\":\"ReadAction\",\"target\":[\"https:\/\/weplayagain.com\/da\/vare\/callaway-fairwaywoodskaft-aldila-ascent-flex-ladies-42\/\"]}]},{\"@type\":\"ImageObject\",\"inLanguage\":\"da-DK\",\"@id\":\"https:\/\/weplayagain.com\/da\/vare\/callaway-fairwaywoodskaft-aldila-ascent-flex-ladies-42\/#primaryimage\",\"url\":\"https:\/\/weplayagain.host9.slyde.dk\/wp-content\/uploads\/2025\/04\/Photoroom_028_20250403_162857-scaled.jpeg\",\"contentUrl\":\"https:\/\/weplayagain.host9.slyde.dk\/wp-content\/uploads\/2025\/04\/Photoroom_028_20250403_162857-scaled.jpeg\",\"width\":2048,\"height\":2048},{\"@type\":\"BreadcrumbList\",\"@id\":\"https:\/\/weplayagain.com\/da\/vare\/callaway-fairwaywoodskaft-aldila-ascent-flex-ladies-42\/#breadcrumb\",\"itemListElement\":[{\"@type\":\"ListItem\",\"position\":1,\"name\":\"Hjem\",\"item\":\"https:\/\/weplayagain.com\/da\/\"},{\"@type\":\"ListItem\",\"position\":2,\"name\":\"Shop\",\"item\":\"https:\/\/weplayagain.com\/shop\/\"},{\"@type\":\"ListItem\",\"position\":3,\"name\":\"Callaway FairwaywoodSkaft \/ Aldila Ascent \/ Flex Ladies \/ 42&#8243;\"}]},{\"@type\":\"WebSite\",\"@id\":\"https:\/\/weplayagain.com\/#website\",\"url\":\"https:\/\/weplayagain.com\/\",\"name\":\"WePlayAgain A\/S\",\"description\":\"K\u00f8b brugt - trygt, og til markedets skarpeste priser\",\"publisher\":{\"@id\":\"https:\/\/weplayagain.com\/#organization\"},\"potentialAction\":[{\"@type\":\"SearchAction\",\"target\":{\"@type\":\"EntryPoint\",\"urlTemplate\":\"https:\/\/weplayagain.com\/?s={search_term_string}\"},\"query-input\":{\"@type\":\"PropertyValueSpecification\",\"valueRequired\":true,\"valueName\":\"search_term_string\"}}],\"inLanguage\":\"da-DK\"},{\"@type\":\"Organization\",\"@id\":\"https:\/\/weplayagain.com\/#organization\",\"name\":\"WePlayAgain A\/S\",\"url\":\"https:\/\/weplayagain.com\/\",\"logo\":{\"@type\":\"ImageObject\",\"inLanguage\":\"da-DK\",\"@id\":\"https:\/\/weplayagain.com\/#\/schema\/logo\/image\/\",\"url\":\"https:\/\/weplayagain.host9.slyde.dk\/wp-content\/uploads\/2022\/01\/Asset-8-8.png\",\"contentUrl\":\"https:\/\/weplayagain.host9.slyde.dk\/wp-content\/uploads\/2022\/01\/Asset-8-8.png\",\"width\":2048,\"height\":454,\"caption\":\"WePlayAgain A\/S\"},\"image\":{\"@id\":\"https:\/\/weplayagain.com\/#\/schema\/logo\/image\/\"}}]}<\/script>\n<!-- \/ Yoast SEO plugin. -->","yoast_head_json":{"title":"Callaway FairwaywoodSkaft \/ Aldila Ascent \/ Flex Ladies \/ 42\" - Brugt Driver","description":"K\u00f8b Callaway FairwaywoodSkaft \/ Aldila Ascent \/ Flex Ladies \/ 42\" hos WePlayAgain. Du f\u00e5r 2 \u00e5rs garanti og 14 dages pr\u00f8veperiode p\u00e5 vores brugte udstyr.","robots":{"index":"noindex","follow":"follow","max-snippet":"max-snippet:-1","max-image-preview":"max-image-preview:large","max-video-preview":"max-video-preview:-1"},"og_locale":"da_DK","og_type":"article","og_title":"Callaway FairwaywoodSkaft \/ Aldila Ascent \/ Flex Ladies \/ 42\" - Brugt Driver","og_description":"K\u00f8b Callaway FairwaywoodSkaft \/ Aldila Ascent \/ Flex Ladies \/ 42\" hos WePlayAgain. Du f\u00e5r 2 \u00e5rs garanti og 14 dages pr\u00f8veperiode p\u00e5 vores brugte udstyr.","og_url":"https:\/\/weplayagain.com\/da\/vare\/callaway-fairwaywoodskaft-aldila-ascent-flex-ladies-42\/","og_site_name":"WePlayAgain A\/S","article_modified_time":"2025-04-03T14:55:33+00:00","og_image":[{"width":2048,"height":2048,"url":"https:\/\/weplayagain.com\/wp-content\/uploads\/2025\/04\/Photoroom_028_20250403_162857-scaled.jpeg","type":"image\/jpeg"}],"twitter_card":"summary_large_image","twitter_misc":{"Estimeret l\u00e6setid":"1 minut"},"schema":{"@context":"https:\/\/schema.org","@graph":[{"@type":"WebPage","@id":"https:\/\/weplayagain.com\/da\/vare\/callaway-fairwaywoodskaft-aldila-ascent-flex-ladies-42\/","url":"https:\/\/weplayagain.com\/da\/vare\/callaway-fairwaywoodskaft-aldila-ascent-flex-ladies-42\/","name":"Callaway FairwaywoodSkaft \/ Aldila Ascent \/ Flex Ladies \/ 42\" - Brugt Driver","isPartOf":{"@id":"https:\/\/weplayagain.com\/#website"},"primaryImageOfPage":{"@id":"https:\/\/weplayagain.com\/da\/vare\/callaway-fairwaywoodskaft-aldila-ascent-flex-ladies-42\/#primaryimage"},"image":{"@id":"https:\/\/weplayagain.com\/da\/vare\/callaway-fairwaywoodskaft-aldila-ascent-flex-ladies-42\/#primaryimage"},"thumbnailUrl":"https:\/\/weplayagain.host9.slyde.dk\/wp-content\/uploads\/2025\/04\/Photoroom_028_20250403_162857-scaled.jpeg","datePublished":"2025-04-03T14:53:51+00:00","dateModified":"2025-04-03T14:55:33+00:00","description":"K\u00f8b Callaway FairwaywoodSkaft \/ Aldila Ascent \/ Flex Ladies \/ 42\" hos WePlayAgain. Du f\u00e5r 2 \u00e5rs garanti og 14 dages pr\u00f8veperiode p\u00e5 vores brugte udstyr.","breadcrumb":{"@id":"https:\/\/weplayagain.com\/da\/vare\/callaway-fairwaywoodskaft-aldila-ascent-flex-ladies-42\/#breadcrumb"},"inLanguage":"da-DK","potentialAction":[{"@type":"ReadAction","target":["https:\/\/weplayagain.com\/da\/vare\/callaway-fairwaywoodskaft-aldila-ascent-flex-ladies-42\/"]}]},{"@type":"ImageObject","inLanguage":"da-DK","@id":"https:\/\/weplayagain.com\/da\/vare\/callaway-fairwaywoodskaft-aldila-ascent-flex-ladies-42\/#primaryimage","url":"https:\/\/weplayagain.host9.slyde.dk\/wp-content\/uploads\/2025\/04\/Photoroom_028_20250403_162857-scaled.jpeg","contentUrl":"https:\/\/weplayagain.host9.slyde.dk\/wp-content\/uploads\/2025\/04\/Photoroom_028_20250403_162857-scaled.jpeg","width":2048,"height":2048},{"@type":"BreadcrumbList","@id":"https:\/\/weplayagain.com\/da\/vare\/callaway-fairwaywoodskaft-aldila-ascent-flex-ladies-42\/#breadcrumb","itemListElement":[{"@type":"ListItem","position":1,"name":"Hjem","item":"https:\/\/weplayagain.com\/da\/"},{"@type":"ListItem","position":2,"name":"Shop","item":"https:\/\/weplayagain.com\/shop\/"},{"@type":"ListItem","position":3,"name":"Callaway FairwaywoodSkaft \/ Aldila Ascent \/ Flex Ladies \/ 42&#8243;"}]},{"@type":"WebSite","@id":"https:\/\/weplayagain.com\/#website","url":"https:\/\/weplayagain.com\/","name":"WePlayAgain A\/S","description":"K\u00f8b brugt - trygt, og til markedets skarpeste priser","publisher":{"@id":"https:\/\/weplayagain.com\/#organization"},"potentialAction":[{"@type":"SearchAction","target":{"@type":"EntryPoint","urlTemplate":"https:\/\/weplayagain.com\/?s={search_term_string}"},"query-input":{"@type":"PropertyValueSpecification","valueRequired":true,"valueName":"search_term_string"}}],"inLanguage":"da-DK"},{"@type":"Organization","@id":"https:\/\/weplayagain.com\/#organization","name":"WePlayAgain A\/S","url":"https:\/\/weplayagain.com\/","logo":{"@type":"ImageObject","inLanguage":"da-DK","@id":"https:\/\/weplayagain.com\/#\/schema\/logo\/image\/","url":"https:\/\/weplayagain.host9.slyde.dk\/wp-content\/uploads\/2022\/01\/Asset-8-8.png","contentUrl":"https:\/\/weplayagain.host9.slyde.dk\/wp-content\/uploads\/2022\/01\/Asset-8-8.png","width":2048,"height":454,"caption":"WePlayAgain A\/S"},"image":{"@id":"https:\/\/weplayagain.com\/#\/schema\/logo\/image\/"}}]}},"_links":{"self":[{"href":"https:\/\/weplayagain.host9.slyde.dk\/da\/wp-json\/wp\/v2\/product\/43610","targetHints":{"allow":["GET"]}}],"collection":[{"href":"https:\/\/weplayagain.host9.slyde.dk\/da\/wp-json\/wp\/v2\/product"}],"about":[{"href":"https:\/\/weplayagain.host9.slyde.dk\/da\/wp-json\/wp\/v2\/types\/product"}],"wp:featuredmedia":[{"embeddable":true,"href":"https:\/\/weplayagain.host9.slyde.dk\/da\/wp-json\/wp\/v2\/media\/43600"}],"wp:attachment":[{"href":"https:\/\/weplayagain.host9.slyde.dk\/da\/wp-json\/wp\/v2\/media?parent=43610"}],"wp:term":[{"taxonomy":"product_brand","embeddable":true,"href":"https:\/\/weplayagain.host9.slyde.dk\/da\/wp-json\/wp\/v2\/product_brand?post=43610"},{"taxonomy":"product_cat","embeddable":true,"href":"https:\/\/weplayagain.host9.slyde.dk\/da\/wp-json\/wp\/v2\/product_cat?post=43610"},{"taxonomy":"product_tag","embeddable":true,"href":"https:\/\/weplayagain.host9.slyde.dk\/da\/wp-json\/wp\/v2\/product_tag?post=43610"}],"curies":[{"name":"wp","href":"https:\/\/api.w.org\/{rel}","templated":true}]}}