{"id":43736,"date":"2025-04-07T10:50:59","date_gmt":"2025-04-07T09:50:59","guid":{"rendered":"https:\/\/weplayagain.com\/?post_type=product&#038;p=43736"},"modified":"2025-04-07T10:54:02","modified_gmt":"2025-04-07T09:54:02","slug":"callaway-fairwaywoodskaft-cypher-fifty-5-5-flex-regular-43-25","status":"publish","type":"product","link":"https:\/\/weplayagain.host9.slyde.dk\/da\/vare\/callaway-fairwaywoodskaft-cypher-fifty-5-5-flex-regular-43-25\/","title":{"rendered":"Callaway FairwaywoodSkaft \/ Cypher Fifty 5.5 \/ Flex Regular \/ 43.25&#8243;"},"content":{"rendered":"<ul>\n<li class=\"\" data-start=\"186\" data-end=\"339\">\n<p class=\"\" data-start=\"188\" data-end=\"339\"><strong data-start=\"188\" data-end=\"218\">Cypher Fifty 5.5 Teknologi<\/strong>: Letv\u00e6gtsdesign, der giver \u00f8get boldflugt og l\u00e6ngde, ideelt for spillere, der \u00f8nsker b\u00e5de power og kontrol i deres slag.<\/p>\n<\/li>\n<li class=\"\" data-start=\"340\" data-end=\"479\">\n<p class=\"\" data-start=\"342\" data-end=\"479\"><strong data-start=\"342\" data-end=\"358\">Flex Regular<\/strong>: Perfekt til spillere med en moderat svinghastighed, der s\u00f8ger en balanceret kombination af fleksibilitet og stabilitet.<\/p>\n<\/li>\n<li class=\"\" data-start=\"480\" data-end=\"622\">\n<p class=\"\" data-start=\"482\" data-end=\"622\"><strong data-start=\"482\" data-end=\"492\">L\u00e6ngde<\/strong>: 43.25&#8243; giver en ideel l\u00e6ngde til pr\u00e6cise og kraftfulde slag, hvilket g\u00f8r det lettere at opn\u00e5 den \u00f8nskede afstand og n\u00f8jagtighed.<\/p>\n<\/li>\n<li class=\"\" data-start=\"623\" data-end=\"787\">\n<p class=\"\" data-start=\"625\" data-end=\"787\"><strong data-start=\"625\" data-end=\"646\">Callaway Kvalitet<\/strong>: Callaway er kendt for at levere topkvalitets golfudstyr, og dette skaft lever op til m\u00e6rkets h\u00f8je standarder for performance og holdbarhed.<\/p>\n<\/li>\n<\/ul>\n","protected":false},"excerpt":{"rendered":"<p>Cypher Fifty 5.5 Teknologi: Letv\u00e6gtsdesign, der giver \u00f8get boldflugt og l\u00e6ngde, ideelt for spillere, der \u00f8nsker b\u00e5de power og kontrol i deres slag. Flex Regular: Perfekt til spillere med en moderat svinghastighed, der s\u00f8ger en balanceret kombination af fleksibilitet og stabilitet. L\u00e6ngde: 43.25&#8243; giver en ideel l\u00e6ngde til pr\u00e6cise og kraftfulde slag, hvilket g\u00f8r det [&hellip;]<\/p>\n","protected":false},"featured_media":43705,"template":"","meta":{"_acf_changed":false},"product_brand":[],"product_cat":[1934],"product_tag":[],"class_list":{"0":"post-43736","1":"product","2":"type-product","3":"status-publish","4":"has-post-thumbnail","6":"product_cat-fairway-skaft","7":"pa_28935-men","8":"pa_brand-callaway","9":"pa_condition-brugt-som-ny","10":"pa_flex-regular-flex","11":"pa_koelle-3-wood","12":"pa_skaft-cypher-fifty","13":"pa_skaft-materiale-grafit","15":"first","16":"instock","17":"taxable","18":"shipping-taxable","19":"purchasable","20":"product-type-simple"},"acf":[],"yoast_head":"<!-- This site is optimized with the Yoast SEO plugin v24.8.1 - https:\/\/yoast.com\/wordpress\/plugins\/seo\/ -->\n<title>Callaway FairwaywoodSkaft \/ Cypher Fifty 5.5 \/ Flex Regular \/ 43.25&quot; - Brugt Driver<\/title>\n<meta name=\"description\" content=\"K\u00f8b Callaway FairwaywoodSkaft \/ Cypher Fifty 5.5 \/ Flex Regular \/ 43.25&quot; hos WePlayAgain. Du f\u00e5r 2 \u00e5rs garanti og 14 dages pr\u00f8veperiode p\u00e5 vores brugte udstyr.\" \/>\n<meta name=\"robots\" content=\"noindex, follow, max-snippet:-1, max-image-preview:large, max-video-preview:-1\" \/>\n<meta property=\"og:locale\" content=\"da_DK\" \/>\n<meta property=\"og:type\" content=\"article\" \/>\n<meta property=\"og:title\" content=\"Callaway FairwaywoodSkaft \/ Cypher Fifty 5.5 \/ Flex Regular \/ 43.25&quot; - Brugt Driver\" \/>\n<meta property=\"og:description\" content=\"K\u00f8b Callaway FairwaywoodSkaft \/ Cypher Fifty 5.5 \/ Flex Regular \/ 43.25&quot; hos WePlayAgain. Du f\u00e5r 2 \u00e5rs garanti og 14 dages pr\u00f8veperiode p\u00e5 vores brugte udstyr.\" \/>\n<meta property=\"og:url\" content=\"https:\/\/weplayagain.com\/da\/vare\/callaway-fairwaywoodskaft-cypher-fifty-5-5-flex-regular-43-25\/\" \/>\n<meta property=\"og:site_name\" content=\"WePlayAgain A\/S\" \/>\n<meta property=\"article:modified_time\" content=\"2025-04-07T09:54:02+00:00\" \/>\n<meta property=\"og:image\" content=\"https:\/\/weplayagain.com\/wp-content\/uploads\/2025\/04\/Photoroom_009_20250407_113448-scaled.jpeg\" \/>\n\t<meta property=\"og:image:width\" content=\"2048\" \/>\n\t<meta property=\"og:image:height\" content=\"2048\" \/>\n\t<meta property=\"og:image:type\" content=\"image\/jpeg\" \/>\n<meta name=\"twitter:card\" content=\"summary_large_image\" \/>\n<meta name=\"twitter:label1\" content=\"Estimeret l\u00e6setid\" \/>\n\t<meta name=\"twitter:data1\" content=\"1 minut\" \/>\n<script type=\"application\/ld+json\" class=\"yoast-schema-graph\">{\"@context\":\"https:\/\/schema.org\",\"@graph\":[{\"@type\":\"WebPage\",\"@id\":\"https:\/\/weplayagain.com\/da\/vare\/callaway-fairwaywoodskaft-cypher-fifty-5-5-flex-regular-43-25\/\",\"url\":\"https:\/\/weplayagain.com\/da\/vare\/callaway-fairwaywoodskaft-cypher-fifty-5-5-flex-regular-43-25\/\",\"name\":\"Callaway FairwaywoodSkaft \/ Cypher Fifty 5.5 \/ Flex Regular \/ 43.25\\\" - Brugt Driver\",\"isPartOf\":{\"@id\":\"https:\/\/weplayagain.com\/#website\"},\"primaryImageOfPage\":{\"@id\":\"https:\/\/weplayagain.com\/da\/vare\/callaway-fairwaywoodskaft-cypher-fifty-5-5-flex-regular-43-25\/#primaryimage\"},\"image\":{\"@id\":\"https:\/\/weplayagain.com\/da\/vare\/callaway-fairwaywoodskaft-cypher-fifty-5-5-flex-regular-43-25\/#primaryimage\"},\"thumbnailUrl\":\"https:\/\/weplayagain.host9.slyde.dk\/wp-content\/uploads\/2025\/04\/Photoroom_009_20250407_113448-scaled.jpeg\",\"datePublished\":\"2025-04-07T09:50:59+00:00\",\"dateModified\":\"2025-04-07T09:54:02+00:00\",\"description\":\"K\u00f8b Callaway FairwaywoodSkaft \/ Cypher Fifty 5.5 \/ Flex Regular \/ 43.25\\\" hos WePlayAgain. Du f\u00e5r 2 \u00e5rs garanti og 14 dages pr\u00f8veperiode p\u00e5 vores brugte udstyr.\",\"breadcrumb\":{\"@id\":\"https:\/\/weplayagain.com\/da\/vare\/callaway-fairwaywoodskaft-cypher-fifty-5-5-flex-regular-43-25\/#breadcrumb\"},\"inLanguage\":\"da-DK\",\"potentialAction\":[{\"@type\":\"ReadAction\",\"target\":[\"https:\/\/weplayagain.com\/da\/vare\/callaway-fairwaywoodskaft-cypher-fifty-5-5-flex-regular-43-25\/\"]}]},{\"@type\":\"ImageObject\",\"inLanguage\":\"da-DK\",\"@id\":\"https:\/\/weplayagain.com\/da\/vare\/callaway-fairwaywoodskaft-cypher-fifty-5-5-flex-regular-43-25\/#primaryimage\",\"url\":\"https:\/\/weplayagain.host9.slyde.dk\/wp-content\/uploads\/2025\/04\/Photoroom_009_20250407_113448-scaled.jpeg\",\"contentUrl\":\"https:\/\/weplayagain.host9.slyde.dk\/wp-content\/uploads\/2025\/04\/Photoroom_009_20250407_113448-scaled.jpeg\",\"width\":2048,\"height\":2048},{\"@type\":\"BreadcrumbList\",\"@id\":\"https:\/\/weplayagain.com\/da\/vare\/callaway-fairwaywoodskaft-cypher-fifty-5-5-flex-regular-43-25\/#breadcrumb\",\"itemListElement\":[{\"@type\":\"ListItem\",\"position\":1,\"name\":\"Hjem\",\"item\":\"https:\/\/weplayagain.com\/da\/\"},{\"@type\":\"ListItem\",\"position\":2,\"name\":\"Shop\",\"item\":\"https:\/\/weplayagain.com\/shop\/\"},{\"@type\":\"ListItem\",\"position\":3,\"name\":\"Callaway FairwaywoodSkaft \/ Cypher Fifty 5.5 \/ Flex Regular \/ 43.25&#8243;\"}]},{\"@type\":\"WebSite\",\"@id\":\"https:\/\/weplayagain.com\/#website\",\"url\":\"https:\/\/weplayagain.com\/\",\"name\":\"WePlayAgain A\/S\",\"description\":\"K\u00f8b brugt - trygt, og til markedets skarpeste priser\",\"publisher\":{\"@id\":\"https:\/\/weplayagain.com\/#organization\"},\"potentialAction\":[{\"@type\":\"SearchAction\",\"target\":{\"@type\":\"EntryPoint\",\"urlTemplate\":\"https:\/\/weplayagain.com\/?s={search_term_string}\"},\"query-input\":{\"@type\":\"PropertyValueSpecification\",\"valueRequired\":true,\"valueName\":\"search_term_string\"}}],\"inLanguage\":\"da-DK\"},{\"@type\":\"Organization\",\"@id\":\"https:\/\/weplayagain.com\/#organization\",\"name\":\"WePlayAgain A\/S\",\"url\":\"https:\/\/weplayagain.com\/\",\"logo\":{\"@type\":\"ImageObject\",\"inLanguage\":\"da-DK\",\"@id\":\"https:\/\/weplayagain.com\/#\/schema\/logo\/image\/\",\"url\":\"https:\/\/weplayagain.host9.slyde.dk\/wp-content\/uploads\/2022\/01\/Asset-8-8.png\",\"contentUrl\":\"https:\/\/weplayagain.host9.slyde.dk\/wp-content\/uploads\/2022\/01\/Asset-8-8.png\",\"width\":2048,\"height\":454,\"caption\":\"WePlayAgain A\/S\"},\"image\":{\"@id\":\"https:\/\/weplayagain.com\/#\/schema\/logo\/image\/\"}}]}<\/script>\n<!-- \/ Yoast SEO plugin. -->","yoast_head_json":{"title":"Callaway FairwaywoodSkaft \/ Cypher Fifty 5.5 \/ Flex Regular \/ 43.25\" - Brugt Driver","description":"K\u00f8b Callaway FairwaywoodSkaft \/ Cypher Fifty 5.5 \/ Flex Regular \/ 43.25\" hos WePlayAgain. Du f\u00e5r 2 \u00e5rs garanti og 14 dages pr\u00f8veperiode p\u00e5 vores brugte udstyr.","robots":{"index":"noindex","follow":"follow","max-snippet":"max-snippet:-1","max-image-preview":"max-image-preview:large","max-video-preview":"max-video-preview:-1"},"og_locale":"da_DK","og_type":"article","og_title":"Callaway FairwaywoodSkaft \/ Cypher Fifty 5.5 \/ Flex Regular \/ 43.25\" - Brugt Driver","og_description":"K\u00f8b Callaway FairwaywoodSkaft \/ Cypher Fifty 5.5 \/ Flex Regular \/ 43.25\" hos WePlayAgain. Du f\u00e5r 2 \u00e5rs garanti og 14 dages pr\u00f8veperiode p\u00e5 vores brugte udstyr.","og_url":"https:\/\/weplayagain.com\/da\/vare\/callaway-fairwaywoodskaft-cypher-fifty-5-5-flex-regular-43-25\/","og_site_name":"WePlayAgain A\/S","article_modified_time":"2025-04-07T09:54:02+00:00","og_image":[{"width":2048,"height":2048,"url":"https:\/\/weplayagain.com\/wp-content\/uploads\/2025\/04\/Photoroom_009_20250407_113448-scaled.jpeg","type":"image\/jpeg"}],"twitter_card":"summary_large_image","twitter_misc":{"Estimeret l\u00e6setid":"1 minut"},"schema":{"@context":"https:\/\/schema.org","@graph":[{"@type":"WebPage","@id":"https:\/\/weplayagain.com\/da\/vare\/callaway-fairwaywoodskaft-cypher-fifty-5-5-flex-regular-43-25\/","url":"https:\/\/weplayagain.com\/da\/vare\/callaway-fairwaywoodskaft-cypher-fifty-5-5-flex-regular-43-25\/","name":"Callaway FairwaywoodSkaft \/ Cypher Fifty 5.5 \/ Flex Regular \/ 43.25\" - Brugt Driver","isPartOf":{"@id":"https:\/\/weplayagain.com\/#website"},"primaryImageOfPage":{"@id":"https:\/\/weplayagain.com\/da\/vare\/callaway-fairwaywoodskaft-cypher-fifty-5-5-flex-regular-43-25\/#primaryimage"},"image":{"@id":"https:\/\/weplayagain.com\/da\/vare\/callaway-fairwaywoodskaft-cypher-fifty-5-5-flex-regular-43-25\/#primaryimage"},"thumbnailUrl":"https:\/\/weplayagain.host9.slyde.dk\/wp-content\/uploads\/2025\/04\/Photoroom_009_20250407_113448-scaled.jpeg","datePublished":"2025-04-07T09:50:59+00:00","dateModified":"2025-04-07T09:54:02+00:00","description":"K\u00f8b Callaway FairwaywoodSkaft \/ Cypher Fifty 5.5 \/ Flex Regular \/ 43.25\" hos WePlayAgain. Du f\u00e5r 2 \u00e5rs garanti og 14 dages pr\u00f8veperiode p\u00e5 vores brugte udstyr.","breadcrumb":{"@id":"https:\/\/weplayagain.com\/da\/vare\/callaway-fairwaywoodskaft-cypher-fifty-5-5-flex-regular-43-25\/#breadcrumb"},"inLanguage":"da-DK","potentialAction":[{"@type":"ReadAction","target":["https:\/\/weplayagain.com\/da\/vare\/callaway-fairwaywoodskaft-cypher-fifty-5-5-flex-regular-43-25\/"]}]},{"@type":"ImageObject","inLanguage":"da-DK","@id":"https:\/\/weplayagain.com\/da\/vare\/callaway-fairwaywoodskaft-cypher-fifty-5-5-flex-regular-43-25\/#primaryimage","url":"https:\/\/weplayagain.host9.slyde.dk\/wp-content\/uploads\/2025\/04\/Photoroom_009_20250407_113448-scaled.jpeg","contentUrl":"https:\/\/weplayagain.host9.slyde.dk\/wp-content\/uploads\/2025\/04\/Photoroom_009_20250407_113448-scaled.jpeg","width":2048,"height":2048},{"@type":"BreadcrumbList","@id":"https:\/\/weplayagain.com\/da\/vare\/callaway-fairwaywoodskaft-cypher-fifty-5-5-flex-regular-43-25\/#breadcrumb","itemListElement":[{"@type":"ListItem","position":1,"name":"Hjem","item":"https:\/\/weplayagain.com\/da\/"},{"@type":"ListItem","position":2,"name":"Shop","item":"https:\/\/weplayagain.com\/shop\/"},{"@type":"ListItem","position":3,"name":"Callaway FairwaywoodSkaft \/ Cypher Fifty 5.5 \/ Flex Regular \/ 43.25&#8243;"}]},{"@type":"WebSite","@id":"https:\/\/weplayagain.com\/#website","url":"https:\/\/weplayagain.com\/","name":"WePlayAgain A\/S","description":"K\u00f8b brugt - trygt, og til markedets skarpeste priser","publisher":{"@id":"https:\/\/weplayagain.com\/#organization"},"potentialAction":[{"@type":"SearchAction","target":{"@type":"EntryPoint","urlTemplate":"https:\/\/weplayagain.com\/?s={search_term_string}"},"query-input":{"@type":"PropertyValueSpecification","valueRequired":true,"valueName":"search_term_string"}}],"inLanguage":"da-DK"},{"@type":"Organization","@id":"https:\/\/weplayagain.com\/#organization","name":"WePlayAgain A\/S","url":"https:\/\/weplayagain.com\/","logo":{"@type":"ImageObject","inLanguage":"da-DK","@id":"https:\/\/weplayagain.com\/#\/schema\/logo\/image\/","url":"https:\/\/weplayagain.host9.slyde.dk\/wp-content\/uploads\/2022\/01\/Asset-8-8.png","contentUrl":"https:\/\/weplayagain.host9.slyde.dk\/wp-content\/uploads\/2022\/01\/Asset-8-8.png","width":2048,"height":454,"caption":"WePlayAgain A\/S"},"image":{"@id":"https:\/\/weplayagain.com\/#\/schema\/logo\/image\/"}}]}},"_links":{"self":[{"href":"https:\/\/weplayagain.host9.slyde.dk\/da\/wp-json\/wp\/v2\/product\/43736","targetHints":{"allow":["GET"]}}],"collection":[{"href":"https:\/\/weplayagain.host9.slyde.dk\/da\/wp-json\/wp\/v2\/product"}],"about":[{"href":"https:\/\/weplayagain.host9.slyde.dk\/da\/wp-json\/wp\/v2\/types\/product"}],"wp:featuredmedia":[{"embeddable":true,"href":"https:\/\/weplayagain.host9.slyde.dk\/da\/wp-json\/wp\/v2\/media\/43705"}],"wp:attachment":[{"href":"https:\/\/weplayagain.host9.slyde.dk\/da\/wp-json\/wp\/v2\/media?parent=43736"}],"wp:term":[{"taxonomy":"product_brand","embeddable":true,"href":"https:\/\/weplayagain.host9.slyde.dk\/da\/wp-json\/wp\/v2\/product_brand?post=43736"},{"taxonomy":"product_cat","embeddable":true,"href":"https:\/\/weplayagain.host9.slyde.dk\/da\/wp-json\/wp\/v2\/product_cat?post=43736"},{"taxonomy":"product_tag","embeddable":true,"href":"https:\/\/weplayagain.host9.slyde.dk\/da\/wp-json\/wp\/v2\/product_tag?post=43736"}],"curies":[{"name":"wp","href":"https:\/\/api.w.org\/{rel}","templated":true}]}}