{"id":44285,"date":"2025-04-09T19:13:01","date_gmt":"2025-04-09T18:13:01","guid":{"rendered":"https:\/\/weplayagain.com\/?post_type=product&#038;p=44285"},"modified":"2025-04-09T19:53:54","modified_gmt":"2025-04-09T18:53:54","slug":"mizuno-mp-h4-driving-iron-flex-x-stiff-staal-2-18","status":"publish","type":"product","link":"https:\/\/weplayagain.host9.slyde.dk\/da\/vare\/mizuno-mp-h4-driving-iron-flex-x-stiff-staal-2-18\/","title":{"rendered":"Mizuno MP-H4 Driving Iron \/ Flex X-Stiff \/ St\u00e5l \/ #2\/18"},"content":{"rendered":"<p>Mizuno MP-H4 2 Driving Iron er bygget til dig, der vil have mere tryghed og kontrol i de lange slag \u2013 b\u00e5de fra teeboksen og ude p\u00e5 fairway. K\u00f8llen kombinerer Mizunos klassiske jernf\u00f8lelse med en hul konstruktion, der g\u00f8r den lettere at spille og giver h\u00f8j boldflugt med bl\u00f8dt nedslag.<\/p>\n<p>K\u00f8llen er smedet med Grain Flow-teknologi, som mange golfspillere s\u00e6tter pris p\u00e5 for den rene fornemmelse i tr\u00e6ffet. Derudover er den udstyret med Mizunos Harmonic Impact Technology \u2013 det giver en solid lyd og ensartet feedback i slaget.<\/p>\n<p>MP-H4 2&#8217;eren er et godt bud til dig, der gerne vil erstatte et traditionelt langt jern med noget, der giver lidt ekstra hj\u00e6lp \u2013 uden at miste fornemmelsen og pr\u00e6cisionen.<\/p>\n<ul>\n<li>Forgivende hul konstruktion: Lettere at sl\u00e5 h\u00f8jt og bl\u00f8dt<\/li>\n<li>Grain Flow Forged: Ensartet f\u00f8lelse og kontrol<\/li>\n<li>Harmonic Impact Technology: Klar lyd og god feedback<\/li>\n<\/ul>\n<p>Brugt og grundigt testet \u2013 klar til mange runder endnu.<\/p>\n","protected":false},"excerpt":{"rendered":"<p>Mizuno MP-H4 2 Driving Iron er bygget til dig, der vil have mere tryghed og kontrol i de lange slag \u2013 b\u00e5de fra teeboksen og ude p\u00e5 fairway. K\u00f8llen kombinerer Mizunos klassiske jernf\u00f8lelse med en hul konstruktion, der g\u00f8r den lettere at spille og giver h\u00f8j boldflugt med bl\u00f8dt nedslag. K\u00f8llen er smedet med Grain [&hellip;]<\/p>\n","protected":false},"featured_media":44411,"template":"","meta":{"_acf_changed":false},"product_brand":[],"product_cat":[1935],"product_tag":[],"class_list":{"0":"post-44285","1":"product","2":"type-product","3":"status-publish","4":"has-post-thumbnail","6":"product_cat-driving-iron-utiliti-iron","7":"pa_28935-men","8":"pa_brand-mizuno","9":"pa_condition-brugt-okay-stand","10":"pa_dexterity-hojre-haand","11":"pa_flex-extra-stiff-flex","12":"pa_grip-golfpride-multicompound-align-grip","13":"pa_gripsize-standard","14":"pa_koelle-2-drivingiron","15":"pa_laengdesaet-050-forlaenget","16":"pa_loft-672","17":"pa_model-mp-h4","18":"pa_skaft-kbs-130x","19":"pa_skaft-materiale-staal","20":"pa_sku-4341","22":"first","23":"instock","24":"taxable","25":"shipping-taxable","26":"purchasable","27":"product-type-simple"},"acf":[],"yoast_head":"<!-- This site is optimized with the Yoast SEO plugin v24.8.1 - https:\/\/yoast.com\/wordpress\/plugins\/seo\/ -->\n<title>Mizuno MP-H4 Driving Iron \/ Flex X-Stiff \/ St\u00e5l \/ #2\/18 - WePlayAgain A\/S<\/title>\n<meta name=\"description\" content=\"K\u00f8b Mizuno MP-H4 Driving Iron \/ Flex X-Stiff \/ St\u00e5l \/ #2\/18 hos WePlayAgain. Du f\u00e5r 2 \u00e5rs garanti og 14 dages pr\u00f8veperiode p\u00e5 vores brugte golfudstyr.\" \/>\n<meta name=\"robots\" content=\"noindex, follow, max-snippet:-1, max-image-preview:large, max-video-preview:-1\" \/>\n<meta property=\"og:locale\" content=\"da_DK\" \/>\n<meta property=\"og:type\" content=\"article\" \/>\n<meta property=\"og:title\" content=\"Mizuno MP-H4 Driving Iron \/ Flex X-Stiff \/ St\u00e5l \/ #2\/18 - WePlayAgain A\/S\" \/>\n<meta property=\"og:description\" content=\"K\u00f8b Mizuno MP-H4 Driving Iron \/ Flex X-Stiff \/ St\u00e5l \/ #2\/18 hos WePlayAgain. Du f\u00e5r 2 \u00e5rs garanti og 14 dages pr\u00f8veperiode p\u00e5 vores brugte golfudstyr.\" \/>\n<meta property=\"og:url\" content=\"https:\/\/weplayagain.com\/da\/vare\/mizuno-mp-h4-driving-iron-flex-x-stiff-staal-2-18\/\" \/>\n<meta property=\"og:site_name\" content=\"WePlayAgain A\/S\" \/>\n<meta property=\"article:modified_time\" content=\"2025-04-09T18:53:54+00:00\" \/>\n<meta property=\"og:image\" content=\"https:\/\/weplayagain.com\/wp-content\/uploads\/2025\/04\/Photoroom_003_20250409_204834-scaled.jpeg\" \/>\n\t<meta property=\"og:image:width\" content=\"2048\" \/>\n\t<meta property=\"og:image:height\" content=\"2048\" \/>\n\t<meta property=\"og:image:type\" content=\"image\/jpeg\" \/>\n<meta name=\"twitter:card\" content=\"summary_large_image\" \/>\n<meta name=\"twitter:label1\" content=\"Estimeret l\u00e6setid\" \/>\n\t<meta name=\"twitter:data1\" content=\"2 minutter\" \/>\n<script type=\"application\/ld+json\" class=\"yoast-schema-graph\">{\"@context\":\"https:\/\/schema.org\",\"@graph\":[{\"@type\":\"WebPage\",\"@id\":\"https:\/\/weplayagain.com\/da\/vare\/mizuno-mp-h4-driving-iron-flex-x-stiff-staal-2-18\/\",\"url\":\"https:\/\/weplayagain.com\/da\/vare\/mizuno-mp-h4-driving-iron-flex-x-stiff-staal-2-18\/\",\"name\":\"Mizuno MP-H4 Driving Iron \/ Flex X-Stiff \/ St\u00e5l \/ #2\/18 - WePlayAgain A\/S\",\"isPartOf\":{\"@id\":\"https:\/\/weplayagain.com\/#website\"},\"primaryImageOfPage\":{\"@id\":\"https:\/\/weplayagain.com\/da\/vare\/mizuno-mp-h4-driving-iron-flex-x-stiff-staal-2-18\/#primaryimage\"},\"image\":{\"@id\":\"https:\/\/weplayagain.com\/da\/vare\/mizuno-mp-h4-driving-iron-flex-x-stiff-staal-2-18\/#primaryimage\"},\"thumbnailUrl\":\"https:\/\/weplayagain.host9.slyde.dk\/wp-content\/uploads\/2025\/04\/Photoroom_003_20250409_204834-scaled.jpeg\",\"datePublished\":\"2025-04-09T18:13:01+00:00\",\"dateModified\":\"2025-04-09T18:53:54+00:00\",\"description\":\"K\u00f8b Mizuno MP-H4 Driving Iron \/ Flex X-Stiff \/ St\u00e5l \/ #2\/18 hos WePlayAgain. Du f\u00e5r 2 \u00e5rs garanti og 14 dages pr\u00f8veperiode p\u00e5 vores brugte golfudstyr.\",\"breadcrumb\":{\"@id\":\"https:\/\/weplayagain.com\/da\/vare\/mizuno-mp-h4-driving-iron-flex-x-stiff-staal-2-18\/#breadcrumb\"},\"inLanguage\":\"da-DK\",\"potentialAction\":[{\"@type\":\"ReadAction\",\"target\":[\"https:\/\/weplayagain.com\/da\/vare\/mizuno-mp-h4-driving-iron-flex-x-stiff-staal-2-18\/\"]}]},{\"@type\":\"ImageObject\",\"inLanguage\":\"da-DK\",\"@id\":\"https:\/\/weplayagain.com\/da\/vare\/mizuno-mp-h4-driving-iron-flex-x-stiff-staal-2-18\/#primaryimage\",\"url\":\"https:\/\/weplayagain.host9.slyde.dk\/wp-content\/uploads\/2025\/04\/Photoroom_003_20250409_204834-scaled.jpeg\",\"contentUrl\":\"https:\/\/weplayagain.host9.slyde.dk\/wp-content\/uploads\/2025\/04\/Photoroom_003_20250409_204834-scaled.jpeg\",\"width\":2048,\"height\":2048},{\"@type\":\"BreadcrumbList\",\"@id\":\"https:\/\/weplayagain.com\/da\/vare\/mizuno-mp-h4-driving-iron-flex-x-stiff-staal-2-18\/#breadcrumb\",\"itemListElement\":[{\"@type\":\"ListItem\",\"position\":1,\"name\":\"Hjem\",\"item\":\"https:\/\/weplayagain.com\/da\/\"},{\"@type\":\"ListItem\",\"position\":2,\"name\":\"Shop\",\"item\":\"https:\/\/weplayagain.com\/shop\/\"},{\"@type\":\"ListItem\",\"position\":3,\"name\":\"Mizuno MP-H4 Driving Iron \/ Flex X-Stiff \/ St\u00e5l \/ #2\/18\"}]},{\"@type\":\"WebSite\",\"@id\":\"https:\/\/weplayagain.com\/#website\",\"url\":\"https:\/\/weplayagain.com\/\",\"name\":\"WePlayAgain A\/S\",\"description\":\"K\u00f8b brugt - trygt, og til markedets skarpeste priser\",\"publisher\":{\"@id\":\"https:\/\/weplayagain.com\/#organization\"},\"potentialAction\":[{\"@type\":\"SearchAction\",\"target\":{\"@type\":\"EntryPoint\",\"urlTemplate\":\"https:\/\/weplayagain.com\/?s={search_term_string}\"},\"query-input\":{\"@type\":\"PropertyValueSpecification\",\"valueRequired\":true,\"valueName\":\"search_term_string\"}}],\"inLanguage\":\"da-DK\"},{\"@type\":\"Organization\",\"@id\":\"https:\/\/weplayagain.com\/#organization\",\"name\":\"WePlayAgain A\/S\",\"url\":\"https:\/\/weplayagain.com\/\",\"logo\":{\"@type\":\"ImageObject\",\"inLanguage\":\"da-DK\",\"@id\":\"https:\/\/weplayagain.com\/#\/schema\/logo\/image\/\",\"url\":\"https:\/\/weplayagain.host9.slyde.dk\/wp-content\/uploads\/2022\/01\/Asset-8-8.png\",\"contentUrl\":\"https:\/\/weplayagain.host9.slyde.dk\/wp-content\/uploads\/2022\/01\/Asset-8-8.png\",\"width\":2048,\"height\":454,\"caption\":\"WePlayAgain A\/S\"},\"image\":{\"@id\":\"https:\/\/weplayagain.com\/#\/schema\/logo\/image\/\"}}]}<\/script>\n<!-- \/ Yoast SEO plugin. -->","yoast_head_json":{"title":"Mizuno MP-H4 Driving Iron \/ Flex X-Stiff \/ St\u00e5l \/ #2\/18 - WePlayAgain A\/S","description":"K\u00f8b Mizuno MP-H4 Driving Iron \/ Flex X-Stiff \/ St\u00e5l \/ #2\/18 hos WePlayAgain. Du f\u00e5r 2 \u00e5rs garanti og 14 dages pr\u00f8veperiode p\u00e5 vores brugte golfudstyr.","robots":{"index":"noindex","follow":"follow","max-snippet":"max-snippet:-1","max-image-preview":"max-image-preview:large","max-video-preview":"max-video-preview:-1"},"og_locale":"da_DK","og_type":"article","og_title":"Mizuno MP-H4 Driving Iron \/ Flex X-Stiff \/ St\u00e5l \/ #2\/18 - WePlayAgain A\/S","og_description":"K\u00f8b Mizuno MP-H4 Driving Iron \/ Flex X-Stiff \/ St\u00e5l \/ #2\/18 hos WePlayAgain. Du f\u00e5r 2 \u00e5rs garanti og 14 dages pr\u00f8veperiode p\u00e5 vores brugte golfudstyr.","og_url":"https:\/\/weplayagain.com\/da\/vare\/mizuno-mp-h4-driving-iron-flex-x-stiff-staal-2-18\/","og_site_name":"WePlayAgain A\/S","article_modified_time":"2025-04-09T18:53:54+00:00","og_image":[{"width":2048,"height":2048,"url":"https:\/\/weplayagain.com\/wp-content\/uploads\/2025\/04\/Photoroom_003_20250409_204834-scaled.jpeg","type":"image\/jpeg"}],"twitter_card":"summary_large_image","twitter_misc":{"Estimeret l\u00e6setid":"2 minutter"},"schema":{"@context":"https:\/\/schema.org","@graph":[{"@type":"WebPage","@id":"https:\/\/weplayagain.com\/da\/vare\/mizuno-mp-h4-driving-iron-flex-x-stiff-staal-2-18\/","url":"https:\/\/weplayagain.com\/da\/vare\/mizuno-mp-h4-driving-iron-flex-x-stiff-staal-2-18\/","name":"Mizuno MP-H4 Driving Iron \/ Flex X-Stiff \/ St\u00e5l \/ #2\/18 - WePlayAgain A\/S","isPartOf":{"@id":"https:\/\/weplayagain.com\/#website"},"primaryImageOfPage":{"@id":"https:\/\/weplayagain.com\/da\/vare\/mizuno-mp-h4-driving-iron-flex-x-stiff-staal-2-18\/#primaryimage"},"image":{"@id":"https:\/\/weplayagain.com\/da\/vare\/mizuno-mp-h4-driving-iron-flex-x-stiff-staal-2-18\/#primaryimage"},"thumbnailUrl":"https:\/\/weplayagain.host9.slyde.dk\/wp-content\/uploads\/2025\/04\/Photoroom_003_20250409_204834-scaled.jpeg","datePublished":"2025-04-09T18:13:01+00:00","dateModified":"2025-04-09T18:53:54+00:00","description":"K\u00f8b Mizuno MP-H4 Driving Iron \/ Flex X-Stiff \/ St\u00e5l \/ #2\/18 hos WePlayAgain. Du f\u00e5r 2 \u00e5rs garanti og 14 dages pr\u00f8veperiode p\u00e5 vores brugte golfudstyr.","breadcrumb":{"@id":"https:\/\/weplayagain.com\/da\/vare\/mizuno-mp-h4-driving-iron-flex-x-stiff-staal-2-18\/#breadcrumb"},"inLanguage":"da-DK","potentialAction":[{"@type":"ReadAction","target":["https:\/\/weplayagain.com\/da\/vare\/mizuno-mp-h4-driving-iron-flex-x-stiff-staal-2-18\/"]}]},{"@type":"ImageObject","inLanguage":"da-DK","@id":"https:\/\/weplayagain.com\/da\/vare\/mizuno-mp-h4-driving-iron-flex-x-stiff-staal-2-18\/#primaryimage","url":"https:\/\/weplayagain.host9.slyde.dk\/wp-content\/uploads\/2025\/04\/Photoroom_003_20250409_204834-scaled.jpeg","contentUrl":"https:\/\/weplayagain.host9.slyde.dk\/wp-content\/uploads\/2025\/04\/Photoroom_003_20250409_204834-scaled.jpeg","width":2048,"height":2048},{"@type":"BreadcrumbList","@id":"https:\/\/weplayagain.com\/da\/vare\/mizuno-mp-h4-driving-iron-flex-x-stiff-staal-2-18\/#breadcrumb","itemListElement":[{"@type":"ListItem","position":1,"name":"Hjem","item":"https:\/\/weplayagain.com\/da\/"},{"@type":"ListItem","position":2,"name":"Shop","item":"https:\/\/weplayagain.com\/shop\/"},{"@type":"ListItem","position":3,"name":"Mizuno MP-H4 Driving Iron \/ Flex X-Stiff \/ St\u00e5l \/ #2\/18"}]},{"@type":"WebSite","@id":"https:\/\/weplayagain.com\/#website","url":"https:\/\/weplayagain.com\/","name":"WePlayAgain A\/S","description":"K\u00f8b brugt - trygt, og til markedets skarpeste priser","publisher":{"@id":"https:\/\/weplayagain.com\/#organization"},"potentialAction":[{"@type":"SearchAction","target":{"@type":"EntryPoint","urlTemplate":"https:\/\/weplayagain.com\/?s={search_term_string}"},"query-input":{"@type":"PropertyValueSpecification","valueRequired":true,"valueName":"search_term_string"}}],"inLanguage":"da-DK"},{"@type":"Organization","@id":"https:\/\/weplayagain.com\/#organization","name":"WePlayAgain A\/S","url":"https:\/\/weplayagain.com\/","logo":{"@type":"ImageObject","inLanguage":"da-DK","@id":"https:\/\/weplayagain.com\/#\/schema\/logo\/image\/","url":"https:\/\/weplayagain.host9.slyde.dk\/wp-content\/uploads\/2022\/01\/Asset-8-8.png","contentUrl":"https:\/\/weplayagain.host9.slyde.dk\/wp-content\/uploads\/2022\/01\/Asset-8-8.png","width":2048,"height":454,"caption":"WePlayAgain A\/S"},"image":{"@id":"https:\/\/weplayagain.com\/#\/schema\/logo\/image\/"}}]}},"_links":{"self":[{"href":"https:\/\/weplayagain.host9.slyde.dk\/da\/wp-json\/wp\/v2\/product\/44285","targetHints":{"allow":["GET"]}}],"collection":[{"href":"https:\/\/weplayagain.host9.slyde.dk\/da\/wp-json\/wp\/v2\/product"}],"about":[{"href":"https:\/\/weplayagain.host9.slyde.dk\/da\/wp-json\/wp\/v2\/types\/product"}],"wp:featuredmedia":[{"embeddable":true,"href":"https:\/\/weplayagain.host9.slyde.dk\/da\/wp-json\/wp\/v2\/media\/44411"}],"wp:attachment":[{"href":"https:\/\/weplayagain.host9.slyde.dk\/da\/wp-json\/wp\/v2\/media?parent=44285"}],"wp:term":[{"taxonomy":"product_brand","embeddable":true,"href":"https:\/\/weplayagain.host9.slyde.dk\/da\/wp-json\/wp\/v2\/product_brand?post=44285"},{"taxonomy":"product_cat","embeddable":true,"href":"https:\/\/weplayagain.host9.slyde.dk\/da\/wp-json\/wp\/v2\/product_cat?post=44285"},{"taxonomy":"product_tag","embeddable":true,"href":"https:\/\/weplayagain.host9.slyde.dk\/da\/wp-json\/wp\/v2\/product_tag?post=44285"}],"curies":[{"name":"wp","href":"https:\/\/api.w.org\/{rel}","templated":true}]}}