{"id":44699,"date":"2025-04-23T13:13:13","date_gmt":"2025-04-23T12:13:13","guid":{"rendered":"https:\/\/weplayagain.com\/?post_type=product&#038;p=44699"},"modified":"2025-04-29T13:42:16","modified_gmt":"2025-04-29T12:42:16","slug":"odyssey-tri-hot-5k-two-putter-34-2","status":"publish","type":"product","link":"https:\/\/weplayagain.host9.slyde.dk\/da\/vare\/odyssey-tri-hot-5k-two-putter-34-2\/","title":{"rendered":"Odyssey TRI-HOT 5K &#8211; TWO Putter \/ 34&#8243;"},"content":{"rendered":"<p>Odyssey TRI-HOT 5K &#8211; TWO putter<\/p>\n<p>Er du typen, der har en naturlig arc i dit putting-sving og gerne vil have lidt ekstra stabilitet og pr\u00e6cision med p\u00e5 greenen? S\u00e5 kig n\u00e6rmere p\u00e5 denne Odyssey TRI-HOT 5K &#8211; TWO. Den er designet til dig, der vil have klassisk f\u00f8ling men moderne teknologi med i bag\u2019en.<\/p>\n<p>Her f\u00e5r du:<\/p>\n<ul>\n<li>Et klassisk heel-toe blad-design \u2013 perfekt til golfspillere med en moderat arc og ansigtsrotation<\/li>\n<li>En front af 303 rustfrit st\u00e5l, som hj\u00e6lper dig med at holde bolden k\u00f8rende lige \u2013 selv hvis du ikke rammer helt rent<\/li>\n<li>To udskiftelige v\u00e6gte (25 gram), s\u00e5 du kan justere f\u00f8lelsen i hovedet efter din egen smag<\/li>\n<li>En masse tilgivelse takket v\u00e6re en h\u00f8j inertie (over 5.000 IZZ) \u2013 den holder puttet stabilt og p\u00e5 sporet<\/li>\n<\/ul>\n<p>Den her putter passer is\u00e6r godt til dig, der vil have kontrol uden at opgive f\u00f8ling. Og ja, den f\u00e5s kun som h\u00f8jreh\u00e5ndet.<\/p>\n","protected":false},"excerpt":{"rendered":"<p>Odyssey TRI-HOT 5K &#8211; TWO putter Er du typen, der har en naturlig arc i dit putting-sving og gerne vil have lidt ekstra stabilitet og pr\u00e6cision med p\u00e5 greenen? S\u00e5 kig n\u00e6rmere p\u00e5 denne Odyssey TRI-HOT 5K &#8211; TWO. Den er designet til dig, der vil have klassisk f\u00f8ling men moderne teknologi med i bag\u2019en. [&hellip;]<\/p>\n","protected":false},"featured_media":44748,"template":"","meta":{"_acf_changed":false},"product_brand":[],"product_cat":[553],"product_tag":[],"class_list":{"0":"post-44699","1":"product","2":"type-product","3":"status-publish","4":"has-post-thumbnail","6":"product_cat-putter","7":"pa_28935-men","8":"pa_brand-odyssey","9":"pa_condition-brugt-som-ny","10":"pa_dexterity-hojre-haand","11":"pa_grip-tri-hot","12":"pa_gripsize-standard","13":"pa_headcover-ja","14":"pa_koelle-putter","15":"pa_model-tri-hot-5k-two","16":"pa_skaft-stroke-lab-putter","17":"pa_skaft-materiale-grafit","18":"pa_sku-4405","20":"first","21":"instock","22":"taxable","23":"shipping-taxable","24":"purchasable","25":"product-type-simple"},"acf":[],"yoast_head":"<!-- This site is optimized with the Yoast SEO plugin v24.8.1 - https:\/\/yoast.com\/wordpress\/plugins\/seo\/ -->\n<title>K\u00f8b Odyssey TRI-HOT 5K - TWO Putter hos WePlayAgain | Spar op til 67%<\/title>\n<meta name=\"description\" content=\"Oplev Odyssey TRI-HOT 5K - TWO Putter, designet til optimal pr\u00e6cision og tilgivelse. F\u00e5 det bedste fra en blade med justerbar v\u00e6gt og stabilitet.\" \/>\n<meta name=\"robots\" content=\"noindex, follow, max-snippet:-1, max-image-preview:large, max-video-preview:-1\" \/>\n<meta property=\"og:locale\" content=\"da_DK\" \/>\n<meta property=\"og:type\" content=\"article\" \/>\n<meta property=\"og:title\" content=\"K\u00f8b Odyssey TRI-HOT 5K - TWO Putter hos WePlayAgain | Spar op til 67%\" \/>\n<meta property=\"og:description\" content=\"Oplev Odyssey TRI-HOT 5K - TWO Putter, designet til optimal pr\u00e6cision og tilgivelse. F\u00e5 det bedste fra en blade med justerbar v\u00e6gt og stabilitet.\" \/>\n<meta property=\"og:url\" content=\"https:\/\/weplayagain.com\/da\/vare\/odyssey-tri-hot-5k-two-putter-34-2\/\" \/>\n<meta property=\"og:site_name\" content=\"WePlayAgain A\/S\" \/>\n<meta property=\"article:modified_time\" content=\"2025-04-29T12:42:16+00:00\" \/>\n<meta property=\"og:image\" content=\"https:\/\/weplayagain.com\/wp-content\/uploads\/2025\/04\/Photoroom_014_20250423_155438-scaled.jpeg\" \/>\n\t<meta property=\"og:image:width\" content=\"2048\" \/>\n\t<meta property=\"og:image:height\" content=\"2048\" \/>\n\t<meta property=\"og:image:type\" content=\"image\/jpeg\" \/>\n<meta name=\"twitter:card\" content=\"summary_large_image\" \/>\n<meta name=\"twitter:label1\" content=\"Estimeret l\u00e6setid\" \/>\n\t<meta name=\"twitter:data1\" content=\"2 minutter\" \/>\n<script type=\"application\/ld+json\" class=\"yoast-schema-graph\">{\"@context\":\"https:\/\/schema.org\",\"@graph\":[{\"@type\":\"WebPage\",\"@id\":\"https:\/\/weplayagain.com\/da\/vare\/odyssey-tri-hot-5k-two-putter-34-2\/\",\"url\":\"https:\/\/weplayagain.com\/da\/vare\/odyssey-tri-hot-5k-two-putter-34-2\/\",\"name\":\"K\u00f8b Odyssey TRI-HOT 5K - TWO Putter hos WePlayAgain | Spar op til 67%\",\"isPartOf\":{\"@id\":\"https:\/\/weplayagain.com\/#website\"},\"primaryImageOfPage\":{\"@id\":\"https:\/\/weplayagain.com\/da\/vare\/odyssey-tri-hot-5k-two-putter-34-2\/#primaryimage\"},\"image\":{\"@id\":\"https:\/\/weplayagain.com\/da\/vare\/odyssey-tri-hot-5k-two-putter-34-2\/#primaryimage\"},\"thumbnailUrl\":\"https:\/\/weplayagain.host9.slyde.dk\/wp-content\/uploads\/2025\/04\/Photoroom_014_20250423_155438-scaled.jpeg\",\"datePublished\":\"2025-04-23T12:13:13+00:00\",\"dateModified\":\"2025-04-29T12:42:16+00:00\",\"description\":\"Oplev Odyssey TRI-HOT 5K - TWO Putter, designet til optimal pr\u00e6cision og tilgivelse. F\u00e5 det bedste fra en blade med justerbar v\u00e6gt og stabilitet.\",\"breadcrumb\":{\"@id\":\"https:\/\/weplayagain.com\/da\/vare\/odyssey-tri-hot-5k-two-putter-34-2\/#breadcrumb\"},\"inLanguage\":\"da-DK\",\"potentialAction\":[{\"@type\":\"ReadAction\",\"target\":[\"https:\/\/weplayagain.com\/da\/vare\/odyssey-tri-hot-5k-two-putter-34-2\/\"]}]},{\"@type\":\"ImageObject\",\"inLanguage\":\"da-DK\",\"@id\":\"https:\/\/weplayagain.com\/da\/vare\/odyssey-tri-hot-5k-two-putter-34-2\/#primaryimage\",\"url\":\"https:\/\/weplayagain.host9.slyde.dk\/wp-content\/uploads\/2025\/04\/Photoroom_014_20250423_155438-scaled.jpeg\",\"contentUrl\":\"https:\/\/weplayagain.host9.slyde.dk\/wp-content\/uploads\/2025\/04\/Photoroom_014_20250423_155438-scaled.jpeg\",\"width\":2048,\"height\":2048},{\"@type\":\"BreadcrumbList\",\"@id\":\"https:\/\/weplayagain.com\/da\/vare\/odyssey-tri-hot-5k-two-putter-34-2\/#breadcrumb\",\"itemListElement\":[{\"@type\":\"ListItem\",\"position\":1,\"name\":\"Hjem\",\"item\":\"https:\/\/weplayagain.com\/da\/\"},{\"@type\":\"ListItem\",\"position\":2,\"name\":\"Shop\",\"item\":\"https:\/\/weplayagain.com\/shop\/\"},{\"@type\":\"ListItem\",\"position\":3,\"name\":\"Odyssey TRI-HOT 5K &#8211; TWO Putter \/ 34&#8243;\"}]},{\"@type\":\"WebSite\",\"@id\":\"https:\/\/weplayagain.com\/#website\",\"url\":\"https:\/\/weplayagain.com\/\",\"name\":\"WePlayAgain A\/S\",\"description\":\"K\u00f8b brugt - trygt, og til markedets skarpeste priser\",\"publisher\":{\"@id\":\"https:\/\/weplayagain.com\/#organization\"},\"potentialAction\":[{\"@type\":\"SearchAction\",\"target\":{\"@type\":\"EntryPoint\",\"urlTemplate\":\"https:\/\/weplayagain.com\/?s={search_term_string}\"},\"query-input\":{\"@type\":\"PropertyValueSpecification\",\"valueRequired\":true,\"valueName\":\"search_term_string\"}}],\"inLanguage\":\"da-DK\"},{\"@type\":\"Organization\",\"@id\":\"https:\/\/weplayagain.com\/#organization\",\"name\":\"WePlayAgain A\/S\",\"url\":\"https:\/\/weplayagain.com\/\",\"logo\":{\"@type\":\"ImageObject\",\"inLanguage\":\"da-DK\",\"@id\":\"https:\/\/weplayagain.com\/#\/schema\/logo\/image\/\",\"url\":\"https:\/\/weplayagain.host9.slyde.dk\/wp-content\/uploads\/2022\/01\/Asset-8-8.png\",\"contentUrl\":\"https:\/\/weplayagain.host9.slyde.dk\/wp-content\/uploads\/2022\/01\/Asset-8-8.png\",\"width\":2048,\"height\":454,\"caption\":\"WePlayAgain A\/S\"},\"image\":{\"@id\":\"https:\/\/weplayagain.com\/#\/schema\/logo\/image\/\"}}]}<\/script>\n<!-- \/ Yoast SEO plugin. -->","yoast_head_json":{"title":"K\u00f8b Odyssey TRI-HOT 5K - TWO Putter hos WePlayAgain | Spar op til 67%","description":"Oplev Odyssey TRI-HOT 5K - TWO Putter, designet til optimal pr\u00e6cision og tilgivelse. F\u00e5 det bedste fra en blade med justerbar v\u00e6gt og stabilitet.","robots":{"index":"noindex","follow":"follow","max-snippet":"max-snippet:-1","max-image-preview":"max-image-preview:large","max-video-preview":"max-video-preview:-1"},"og_locale":"da_DK","og_type":"article","og_title":"K\u00f8b Odyssey TRI-HOT 5K - TWO Putter hos WePlayAgain | Spar op til 67%","og_description":"Oplev Odyssey TRI-HOT 5K - TWO Putter, designet til optimal pr\u00e6cision og tilgivelse. F\u00e5 det bedste fra en blade med justerbar v\u00e6gt og stabilitet.","og_url":"https:\/\/weplayagain.com\/da\/vare\/odyssey-tri-hot-5k-two-putter-34-2\/","og_site_name":"WePlayAgain A\/S","article_modified_time":"2025-04-29T12:42:16+00:00","og_image":[{"width":2048,"height":2048,"url":"https:\/\/weplayagain.com\/wp-content\/uploads\/2025\/04\/Photoroom_014_20250423_155438-scaled.jpeg","type":"image\/jpeg"}],"twitter_card":"summary_large_image","twitter_misc":{"Estimeret l\u00e6setid":"2 minutter"},"schema":{"@context":"https:\/\/schema.org","@graph":[{"@type":"WebPage","@id":"https:\/\/weplayagain.com\/da\/vare\/odyssey-tri-hot-5k-two-putter-34-2\/","url":"https:\/\/weplayagain.com\/da\/vare\/odyssey-tri-hot-5k-two-putter-34-2\/","name":"K\u00f8b Odyssey TRI-HOT 5K - TWO Putter hos WePlayAgain | Spar op til 67%","isPartOf":{"@id":"https:\/\/weplayagain.com\/#website"},"primaryImageOfPage":{"@id":"https:\/\/weplayagain.com\/da\/vare\/odyssey-tri-hot-5k-two-putter-34-2\/#primaryimage"},"image":{"@id":"https:\/\/weplayagain.com\/da\/vare\/odyssey-tri-hot-5k-two-putter-34-2\/#primaryimage"},"thumbnailUrl":"https:\/\/weplayagain.host9.slyde.dk\/wp-content\/uploads\/2025\/04\/Photoroom_014_20250423_155438-scaled.jpeg","datePublished":"2025-04-23T12:13:13+00:00","dateModified":"2025-04-29T12:42:16+00:00","description":"Oplev Odyssey TRI-HOT 5K - TWO Putter, designet til optimal pr\u00e6cision og tilgivelse. F\u00e5 det bedste fra en blade med justerbar v\u00e6gt og stabilitet.","breadcrumb":{"@id":"https:\/\/weplayagain.com\/da\/vare\/odyssey-tri-hot-5k-two-putter-34-2\/#breadcrumb"},"inLanguage":"da-DK","potentialAction":[{"@type":"ReadAction","target":["https:\/\/weplayagain.com\/da\/vare\/odyssey-tri-hot-5k-two-putter-34-2\/"]}]},{"@type":"ImageObject","inLanguage":"da-DK","@id":"https:\/\/weplayagain.com\/da\/vare\/odyssey-tri-hot-5k-two-putter-34-2\/#primaryimage","url":"https:\/\/weplayagain.host9.slyde.dk\/wp-content\/uploads\/2025\/04\/Photoroom_014_20250423_155438-scaled.jpeg","contentUrl":"https:\/\/weplayagain.host9.slyde.dk\/wp-content\/uploads\/2025\/04\/Photoroom_014_20250423_155438-scaled.jpeg","width":2048,"height":2048},{"@type":"BreadcrumbList","@id":"https:\/\/weplayagain.com\/da\/vare\/odyssey-tri-hot-5k-two-putter-34-2\/#breadcrumb","itemListElement":[{"@type":"ListItem","position":1,"name":"Hjem","item":"https:\/\/weplayagain.com\/da\/"},{"@type":"ListItem","position":2,"name":"Shop","item":"https:\/\/weplayagain.com\/shop\/"},{"@type":"ListItem","position":3,"name":"Odyssey TRI-HOT 5K &#8211; TWO Putter \/ 34&#8243;"}]},{"@type":"WebSite","@id":"https:\/\/weplayagain.com\/#website","url":"https:\/\/weplayagain.com\/","name":"WePlayAgain A\/S","description":"K\u00f8b brugt - trygt, og til markedets skarpeste priser","publisher":{"@id":"https:\/\/weplayagain.com\/#organization"},"potentialAction":[{"@type":"SearchAction","target":{"@type":"EntryPoint","urlTemplate":"https:\/\/weplayagain.com\/?s={search_term_string}"},"query-input":{"@type":"PropertyValueSpecification","valueRequired":true,"valueName":"search_term_string"}}],"inLanguage":"da-DK"},{"@type":"Organization","@id":"https:\/\/weplayagain.com\/#organization","name":"WePlayAgain A\/S","url":"https:\/\/weplayagain.com\/","logo":{"@type":"ImageObject","inLanguage":"da-DK","@id":"https:\/\/weplayagain.com\/#\/schema\/logo\/image\/","url":"https:\/\/weplayagain.host9.slyde.dk\/wp-content\/uploads\/2022\/01\/Asset-8-8.png","contentUrl":"https:\/\/weplayagain.host9.slyde.dk\/wp-content\/uploads\/2022\/01\/Asset-8-8.png","width":2048,"height":454,"caption":"WePlayAgain A\/S"},"image":{"@id":"https:\/\/weplayagain.com\/#\/schema\/logo\/image\/"}}]}},"_links":{"self":[{"href":"https:\/\/weplayagain.host9.slyde.dk\/da\/wp-json\/wp\/v2\/product\/44699","targetHints":{"allow":["GET"]}}],"collection":[{"href":"https:\/\/weplayagain.host9.slyde.dk\/da\/wp-json\/wp\/v2\/product"}],"about":[{"href":"https:\/\/weplayagain.host9.slyde.dk\/da\/wp-json\/wp\/v2\/types\/product"}],"wp:featuredmedia":[{"embeddable":true,"href":"https:\/\/weplayagain.host9.slyde.dk\/da\/wp-json\/wp\/v2\/media\/44748"}],"wp:attachment":[{"href":"https:\/\/weplayagain.host9.slyde.dk\/da\/wp-json\/wp\/v2\/media?parent=44699"}],"wp:term":[{"taxonomy":"product_brand","embeddable":true,"href":"https:\/\/weplayagain.host9.slyde.dk\/da\/wp-json\/wp\/v2\/product_brand?post=44699"},{"taxonomy":"product_cat","embeddable":true,"href":"https:\/\/weplayagain.host9.slyde.dk\/da\/wp-json\/wp\/v2\/product_cat?post=44699"},{"taxonomy":"product_tag","embeddable":true,"href":"https:\/\/weplayagain.host9.slyde.dk\/da\/wp-json\/wp\/v2\/product_tag?post=44699"}],"curies":[{"name":"wp","href":"https:\/\/api.w.org\/{rel}","templated":true}]}}