{"id":44804,"date":"2025-04-23T17:42:37","date_gmt":"2025-04-23T16:42:37","guid":{"rendered":"https:\/\/weplayagain.com\/?post_type=product&#038;p=44804"},"modified":"2025-04-28T23:17:40","modified_gmt":"2025-04-28T22:17:40","slug":"taylormade-rbz-white-driver-flex-regular-loft-10-5-2","status":"publish","type":"product","link":"https:\/\/weplayagain.host9.slyde.dk\/da\/vare\/taylormade-rbz-white-driver-flex-regular-loft-10-5-2\/","title":{"rendered":"TaylorMade RBZ White Driver \/ Flex Regular \/ Loft 10.5"},"content":{"rendered":"<p>taylorMade RBZ White Driver<\/p>\n<p>Er du ude efter fart, l\u00e6ngde og lidt mere kontrol i dine drives? S\u00e5 er TaylorMade RBZ White Driver lige noget for dig.<\/p>\n<p>Denne driver er skabt til spillere, der gerne vil have b\u00e5de kraft og tilgivelse \u2013 uden at det bliver alt for teknisk. RBZ\u2019eren har en aerodynamisk form, der hj\u00e6lper dig med at \u00f8ge svinghastigheden, s\u00e5 du kan f\u00e5 lidt ekstra meter ud af dit drive. Den hvide krone g\u00f8r det nemt at sigte, og reducerer genskin fra solen, s\u00e5 du holder fokus hele vejen gennem svinget.<\/p>\n<p>Med Flight Control Technology kan du justere b\u00e5de loft og ansigtsvinkel. Det betyder, du kan tilpasse den til din egen stil \u2013 uanset om du slicer en smule, eller bare vil justere h\u00f8jden p\u00e5 boldflugten.<\/p>\n<p>Fordele:<\/p>\n<ul>\n<li>H\u00f8j fart og lang distance<\/li>\n<li>Kan tilpasses din svingstil<\/li>\n<li>Let at sigte med \u2013 selv i skarpt sollys<\/li>\n<li>Mere kontrol og tilgivelse p\u00e5 dine mindre perfekte slag<\/li>\n<\/ul>\n<p>RBZ White Driver er oplagt til dig, der spiller j\u00e6vnligt og gerne vil have en driver, der performer og hj\u00e6lper dig til at spille mere stabilt fra tee. En solid makker til runderne, hvor l\u00e6ngden skal hentes hjem.<\/p>\n","protected":false},"excerpt":{"rendered":"<p>taylorMade RBZ White Driver Er du ude efter fart, l\u00e6ngde og lidt mere kontrol i dine drives? S\u00e5 er TaylorMade RBZ White Driver lige noget for dig. Denne driver er skabt til spillere, der gerne vil have b\u00e5de kraft og tilgivelse \u2013 uden at det bliver alt for teknisk. RBZ\u2019eren har en aerodynamisk form, der [&hellip;]<\/p>\n","protected":false},"featured_media":44871,"template":"","meta":{"_acf_changed":false},"product_brand":[],"product_cat":[507],"product_tag":[],"class_list":{"0":"post-44804","1":"product","2":"type-product","3":"status-publish","4":"has-post-thumbnail","6":"product_cat-brugt-golf-driver","7":"pa_28935-men","8":"pa_brand-taylormade","9":"pa_condition-slidt-stand","10":"pa_dexterity-hojre-haand","11":"pa_flex-regular-flex","12":"pa_grip-lamkin-crossline-360","13":"pa_gripsize-standard","14":"pa_headcover-nej","15":"pa_koelle-driver","16":"pa_loft-10-5","17":"pa_model-rbz-white","18":"pa_skaft-aldila-rip","19":"pa_skaft-materiale-grafit","20":"pa_sku-4430","22":"first","23":"instock","24":"taxable","25":"shipping-taxable","26":"purchasable","27":"product-type-simple"},"acf":[],"yoast_head":"<!-- This site is optimized with the Yoast SEO plugin v24.8.1 - https:\/\/yoast.com\/wordpress\/plugins\/seo\/ -->\n<title>K\u00f8b brugt TaylorMade RBZ White Driver hos WePlayAgain | Hurtig levering<\/title>\n<meta name=\"description\" content=\"Manger du en brugt TaylorMade RBZ White Driver og spar op til 54% af nyprisen. 2 \u00e5rs garanti og 14 dages pr\u00f8veperiode.\" \/>\n<meta name=\"robots\" content=\"noindex, follow, max-snippet:-1, max-image-preview:large, max-video-preview:-1\" \/>\n<meta property=\"og:locale\" content=\"da_DK\" \/>\n<meta property=\"og:type\" content=\"article\" \/>\n<meta property=\"og:title\" content=\"K\u00f8b brugt TaylorMade RBZ White Driver hos WePlayAgain | Hurtig levering\" \/>\n<meta property=\"og:description\" content=\"Manger du en brugt TaylorMade RBZ White Driver og spar op til 54% af nyprisen. 2 \u00e5rs garanti og 14 dages pr\u00f8veperiode.\" \/>\n<meta property=\"og:url\" content=\"https:\/\/weplayagain.com\/da\/vare\/taylormade-rbz-white-driver-flex-regular-loft-10-5-2\/\" \/>\n<meta property=\"og:site_name\" content=\"WePlayAgain A\/S\" \/>\n<meta property=\"article:modified_time\" content=\"2025-04-28T22:17:40+00:00\" \/>\n<meta property=\"og:image\" content=\"https:\/\/weplayagain.com\/wp-content\/uploads\/2025\/04\/Photoroom_011_20250423_190027-scaled.jpeg\" \/>\n\t<meta property=\"og:image:width\" content=\"2048\" \/>\n\t<meta property=\"og:image:height\" content=\"2048\" \/>\n\t<meta property=\"og:image:type\" content=\"image\/jpeg\" \/>\n<meta name=\"twitter:card\" content=\"summary_large_image\" \/>\n<meta name=\"twitter:label1\" content=\"Estimeret l\u00e6setid\" \/>\n\t<meta name=\"twitter:data1\" content=\"2 minutter\" \/>\n<script type=\"application\/ld+json\" class=\"yoast-schema-graph\">{\"@context\":\"https:\/\/schema.org\",\"@graph\":[{\"@type\":\"WebPage\",\"@id\":\"https:\/\/weplayagain.com\/da\/vare\/taylormade-rbz-white-driver-flex-regular-loft-10-5-2\/\",\"url\":\"https:\/\/weplayagain.com\/da\/vare\/taylormade-rbz-white-driver-flex-regular-loft-10-5-2\/\",\"name\":\"K\u00f8b brugt TaylorMade RBZ White Driver hos WePlayAgain | Hurtig levering\",\"isPartOf\":{\"@id\":\"https:\/\/weplayagain.com\/#website\"},\"primaryImageOfPage\":{\"@id\":\"https:\/\/weplayagain.com\/da\/vare\/taylormade-rbz-white-driver-flex-regular-loft-10-5-2\/#primaryimage\"},\"image\":{\"@id\":\"https:\/\/weplayagain.com\/da\/vare\/taylormade-rbz-white-driver-flex-regular-loft-10-5-2\/#primaryimage\"},\"thumbnailUrl\":\"https:\/\/weplayagain.host9.slyde.dk\/wp-content\/uploads\/2025\/04\/Photoroom_011_20250423_190027-scaled.jpeg\",\"datePublished\":\"2025-04-23T16:42:37+00:00\",\"dateModified\":\"2025-04-28T22:17:40+00:00\",\"description\":\"Manger du en brugt TaylorMade RBZ White Driver og spar op til 54% af nyprisen. 2 \u00e5rs garanti og 14 dages pr\u00f8veperiode.\",\"breadcrumb\":{\"@id\":\"https:\/\/weplayagain.com\/da\/vare\/taylormade-rbz-white-driver-flex-regular-loft-10-5-2\/#breadcrumb\"},\"inLanguage\":\"da-DK\",\"potentialAction\":[{\"@type\":\"ReadAction\",\"target\":[\"https:\/\/weplayagain.com\/da\/vare\/taylormade-rbz-white-driver-flex-regular-loft-10-5-2\/\"]}]},{\"@type\":\"ImageObject\",\"inLanguage\":\"da-DK\",\"@id\":\"https:\/\/weplayagain.com\/da\/vare\/taylormade-rbz-white-driver-flex-regular-loft-10-5-2\/#primaryimage\",\"url\":\"https:\/\/weplayagain.host9.slyde.dk\/wp-content\/uploads\/2025\/04\/Photoroom_011_20250423_190027-scaled.jpeg\",\"contentUrl\":\"https:\/\/weplayagain.host9.slyde.dk\/wp-content\/uploads\/2025\/04\/Photoroom_011_20250423_190027-scaled.jpeg\",\"width\":2048,\"height\":2048},{\"@type\":\"BreadcrumbList\",\"@id\":\"https:\/\/weplayagain.com\/da\/vare\/taylormade-rbz-white-driver-flex-regular-loft-10-5-2\/#breadcrumb\",\"itemListElement\":[{\"@type\":\"ListItem\",\"position\":1,\"name\":\"Hjem\",\"item\":\"https:\/\/weplayagain.com\/da\/\"},{\"@type\":\"ListItem\",\"position\":2,\"name\":\"Shop\",\"item\":\"https:\/\/weplayagain.com\/shop\/\"},{\"@type\":\"ListItem\",\"position\":3,\"name\":\"TaylorMade RBZ White Driver \/ Flex Regular \/ Loft 10.5\"}]},{\"@type\":\"WebSite\",\"@id\":\"https:\/\/weplayagain.com\/#website\",\"url\":\"https:\/\/weplayagain.com\/\",\"name\":\"WePlayAgain A\/S\",\"description\":\"K\u00f8b brugt - trygt, og til markedets skarpeste priser\",\"publisher\":{\"@id\":\"https:\/\/weplayagain.com\/#organization\"},\"potentialAction\":[{\"@type\":\"SearchAction\",\"target\":{\"@type\":\"EntryPoint\",\"urlTemplate\":\"https:\/\/weplayagain.com\/?s={search_term_string}\"},\"query-input\":{\"@type\":\"PropertyValueSpecification\",\"valueRequired\":true,\"valueName\":\"search_term_string\"}}],\"inLanguage\":\"da-DK\"},{\"@type\":\"Organization\",\"@id\":\"https:\/\/weplayagain.com\/#organization\",\"name\":\"WePlayAgain A\/S\",\"url\":\"https:\/\/weplayagain.com\/\",\"logo\":{\"@type\":\"ImageObject\",\"inLanguage\":\"da-DK\",\"@id\":\"https:\/\/weplayagain.com\/#\/schema\/logo\/image\/\",\"url\":\"https:\/\/weplayagain.host9.slyde.dk\/wp-content\/uploads\/2022\/01\/Asset-8-8.png\",\"contentUrl\":\"https:\/\/weplayagain.host9.slyde.dk\/wp-content\/uploads\/2022\/01\/Asset-8-8.png\",\"width\":2048,\"height\":454,\"caption\":\"WePlayAgain A\/S\"},\"image\":{\"@id\":\"https:\/\/weplayagain.com\/#\/schema\/logo\/image\/\"}}]}<\/script>\n<!-- \/ Yoast SEO plugin. -->","yoast_head_json":{"title":"K\u00f8b brugt TaylorMade RBZ White Driver hos WePlayAgain | Hurtig levering","description":"Manger du en brugt TaylorMade RBZ White Driver og spar op til 54% af nyprisen. 2 \u00e5rs garanti og 14 dages pr\u00f8veperiode.","robots":{"index":"noindex","follow":"follow","max-snippet":"max-snippet:-1","max-image-preview":"max-image-preview:large","max-video-preview":"max-video-preview:-1"},"og_locale":"da_DK","og_type":"article","og_title":"K\u00f8b brugt TaylorMade RBZ White Driver hos WePlayAgain | Hurtig levering","og_description":"Manger du en brugt TaylorMade RBZ White Driver og spar op til 54% af nyprisen. 2 \u00e5rs garanti og 14 dages pr\u00f8veperiode.","og_url":"https:\/\/weplayagain.com\/da\/vare\/taylormade-rbz-white-driver-flex-regular-loft-10-5-2\/","og_site_name":"WePlayAgain A\/S","article_modified_time":"2025-04-28T22:17:40+00:00","og_image":[{"width":2048,"height":2048,"url":"https:\/\/weplayagain.com\/wp-content\/uploads\/2025\/04\/Photoroom_011_20250423_190027-scaled.jpeg","type":"image\/jpeg"}],"twitter_card":"summary_large_image","twitter_misc":{"Estimeret l\u00e6setid":"2 minutter"},"schema":{"@context":"https:\/\/schema.org","@graph":[{"@type":"WebPage","@id":"https:\/\/weplayagain.com\/da\/vare\/taylormade-rbz-white-driver-flex-regular-loft-10-5-2\/","url":"https:\/\/weplayagain.com\/da\/vare\/taylormade-rbz-white-driver-flex-regular-loft-10-5-2\/","name":"K\u00f8b brugt TaylorMade RBZ White Driver hos WePlayAgain | Hurtig levering","isPartOf":{"@id":"https:\/\/weplayagain.com\/#website"},"primaryImageOfPage":{"@id":"https:\/\/weplayagain.com\/da\/vare\/taylormade-rbz-white-driver-flex-regular-loft-10-5-2\/#primaryimage"},"image":{"@id":"https:\/\/weplayagain.com\/da\/vare\/taylormade-rbz-white-driver-flex-regular-loft-10-5-2\/#primaryimage"},"thumbnailUrl":"https:\/\/weplayagain.host9.slyde.dk\/wp-content\/uploads\/2025\/04\/Photoroom_011_20250423_190027-scaled.jpeg","datePublished":"2025-04-23T16:42:37+00:00","dateModified":"2025-04-28T22:17:40+00:00","description":"Manger du en brugt TaylorMade RBZ White Driver og spar op til 54% af nyprisen. 2 \u00e5rs garanti og 14 dages pr\u00f8veperiode.","breadcrumb":{"@id":"https:\/\/weplayagain.com\/da\/vare\/taylormade-rbz-white-driver-flex-regular-loft-10-5-2\/#breadcrumb"},"inLanguage":"da-DK","potentialAction":[{"@type":"ReadAction","target":["https:\/\/weplayagain.com\/da\/vare\/taylormade-rbz-white-driver-flex-regular-loft-10-5-2\/"]}]},{"@type":"ImageObject","inLanguage":"da-DK","@id":"https:\/\/weplayagain.com\/da\/vare\/taylormade-rbz-white-driver-flex-regular-loft-10-5-2\/#primaryimage","url":"https:\/\/weplayagain.host9.slyde.dk\/wp-content\/uploads\/2025\/04\/Photoroom_011_20250423_190027-scaled.jpeg","contentUrl":"https:\/\/weplayagain.host9.slyde.dk\/wp-content\/uploads\/2025\/04\/Photoroom_011_20250423_190027-scaled.jpeg","width":2048,"height":2048},{"@type":"BreadcrumbList","@id":"https:\/\/weplayagain.com\/da\/vare\/taylormade-rbz-white-driver-flex-regular-loft-10-5-2\/#breadcrumb","itemListElement":[{"@type":"ListItem","position":1,"name":"Hjem","item":"https:\/\/weplayagain.com\/da\/"},{"@type":"ListItem","position":2,"name":"Shop","item":"https:\/\/weplayagain.com\/shop\/"},{"@type":"ListItem","position":3,"name":"TaylorMade RBZ White Driver \/ Flex Regular \/ Loft 10.5"}]},{"@type":"WebSite","@id":"https:\/\/weplayagain.com\/#website","url":"https:\/\/weplayagain.com\/","name":"WePlayAgain A\/S","description":"K\u00f8b brugt - trygt, og til markedets skarpeste priser","publisher":{"@id":"https:\/\/weplayagain.com\/#organization"},"potentialAction":[{"@type":"SearchAction","target":{"@type":"EntryPoint","urlTemplate":"https:\/\/weplayagain.com\/?s={search_term_string}"},"query-input":{"@type":"PropertyValueSpecification","valueRequired":true,"valueName":"search_term_string"}}],"inLanguage":"da-DK"},{"@type":"Organization","@id":"https:\/\/weplayagain.com\/#organization","name":"WePlayAgain A\/S","url":"https:\/\/weplayagain.com\/","logo":{"@type":"ImageObject","inLanguage":"da-DK","@id":"https:\/\/weplayagain.com\/#\/schema\/logo\/image\/","url":"https:\/\/weplayagain.host9.slyde.dk\/wp-content\/uploads\/2022\/01\/Asset-8-8.png","contentUrl":"https:\/\/weplayagain.host9.slyde.dk\/wp-content\/uploads\/2022\/01\/Asset-8-8.png","width":2048,"height":454,"caption":"WePlayAgain A\/S"},"image":{"@id":"https:\/\/weplayagain.com\/#\/schema\/logo\/image\/"}}]}},"_links":{"self":[{"href":"https:\/\/weplayagain.host9.slyde.dk\/da\/wp-json\/wp\/v2\/product\/44804","targetHints":{"allow":["GET"]}}],"collection":[{"href":"https:\/\/weplayagain.host9.slyde.dk\/da\/wp-json\/wp\/v2\/product"}],"about":[{"href":"https:\/\/weplayagain.host9.slyde.dk\/da\/wp-json\/wp\/v2\/types\/product"}],"wp:featuredmedia":[{"embeddable":true,"href":"https:\/\/weplayagain.host9.slyde.dk\/da\/wp-json\/wp\/v2\/media\/44871"}],"wp:attachment":[{"href":"https:\/\/weplayagain.host9.slyde.dk\/da\/wp-json\/wp\/v2\/media?parent=44804"}],"wp:term":[{"taxonomy":"product_brand","embeddable":true,"href":"https:\/\/weplayagain.host9.slyde.dk\/da\/wp-json\/wp\/v2\/product_brand?post=44804"},{"taxonomy":"product_cat","embeddable":true,"href":"https:\/\/weplayagain.host9.slyde.dk\/da\/wp-json\/wp\/v2\/product_cat?post=44804"},{"taxonomy":"product_tag","embeddable":true,"href":"https:\/\/weplayagain.host9.slyde.dk\/da\/wp-json\/wp\/v2\/product_tag?post=44804"}],"curies":[{"name":"wp","href":"https:\/\/api.w.org\/{rel}","templated":true}]}}