{"id":44931,"date":"2025-04-23T19:04:57","date_gmt":"2025-04-23T18:04:57","guid":{"rendered":"https:\/\/weplayagain.com\/?post_type=product&#038;p=44931"},"modified":"2025-04-30T21:08:52","modified_gmt":"2025-04-30T20:08:52","slug":"cobra-ltdx-fairway-wood-flex-regular-grafit-3-15-venstre","status":"publish","type":"product","link":"https:\/\/weplayagain.host9.slyde.dk\/da\/vare\/cobra-ltdx-fairway-wood-flex-regular-grafit-3-15-venstre\/","title":{"rendered":"Cobra LTDx Fairway Wood \/ Flex Regular \/ Grafit \/ #3\/15 &#8211; Venstre"},"content":{"rendered":"<p>Er du p\u00e5 udkig efter en fairway wood, der b\u00e5de leverer l\u00e6ngde og kontrol? S\u00e5 er Cobra LTDx 3 Wood v\u00e6rd at tage i h\u00e5nden. Den passer godt til dig, der spiller regelm\u00e6ssigt og vil have en k\u00f8lle, der hj\u00e6lper dig med at holde bolden i spil uden at g\u00e5 p\u00e5 kompromis med l\u00e6ngden.<\/p>\n<p>Her f\u00e5r du masser af teknologi i et kompakt 162cc hoved. PWR-COR v\u00e6gtningen ligger lavt og fremme i k\u00f8llen for at reducere spind og \u00f8ge boldhastigheden \u2013 det giver ekstra meter i fairway p\u00e5 selv halvgode slag. H.O.T. Face-teknologien hj\u00e6lper med at maksimere farten, uanset hvor du rammer bolden p\u00e5 slagfladen. Det er tydeligt, at Cobra har t\u00e6nkt sig om her.<\/p>\n<p>3-wood\u2019en er bygget uden rails for nemmere kontakt ved mere svejpende slag. Det g\u00f8r den st\u00e6rk b\u00e5de fra tee og fra gr\u00e6sset. Samtidig f\u00e5r du en dyb kontaktlyd og god f\u00f8lelse i h\u00e6nderne, hver gang du rammer den rent.<\/p>\n","protected":false},"excerpt":{"rendered":"<p>Er du p\u00e5 udkig efter en fairway wood, der b\u00e5de leverer l\u00e6ngde og kontrol? S\u00e5 er Cobra LTDx 3 Wood v\u00e6rd at tage i h\u00e5nden. Den passer godt til dig, der spiller regelm\u00e6ssigt og vil have en k\u00f8lle, der hj\u00e6lper dig med at holde bolden i spil uden at g\u00e5 p\u00e5 kompromis med l\u00e6ngden. Her [&hellip;]<\/p>\n","protected":false},"featured_media":44998,"template":"","meta":{"_acf_changed":false},"product_brand":[],"product_cat":[510],"product_tag":[],"class_list":{"0":"post-44931","1":"product","2":"type-product","3":"status-publish","4":"has-post-thumbnail","6":"product_cat-fairway-koeller","7":"pa_28935-men","8":"pa_brand-cobra","9":"pa_condition-brugt-okay-stand","10":"pa_dexterity-venstre-haand","11":"pa_flex-regular-flex","12":"pa_grip-cobra-crossline","13":"pa_gripsize-standard","14":"pa_headcover-ja","15":"pa_koelle-3-wood","16":"pa_loft-632","17":"pa_model-ltdx","18":"pa_skaft-grafit-fujikura-motore-x-f3","19":"pa_skaft-materiale-grafit","20":"pa_sku-4452","22":"first","23":"instock","24":"taxable","25":"shipping-taxable","26":"purchasable","27":"product-type-simple"},"acf":[],"yoast_head":"<!-- This site is optimized with the Yoast SEO plugin v24.8.1 - https:\/\/yoast.com\/wordpress\/plugins\/seo\/ -->\n<title>K\u00f8b brugt Cobra LTDx Fairway Wood hos WePlayAgain | EU Prisgaranti<\/title>\n<meta name=\"description\" content=\"Opdag Cobra LTDx Fairway Wood \u2013 perfekt til l\u00e6ngde og kontrol. F\u00e5 pr\u00e6cision fra tee og fairway med banebrydende teknologi og flot design!\" \/>\n<meta name=\"robots\" content=\"noindex, follow, max-snippet:-1, max-image-preview:large, max-video-preview:-1\" \/>\n<meta property=\"og:locale\" content=\"da_DK\" \/>\n<meta property=\"og:type\" content=\"article\" \/>\n<meta property=\"og:title\" content=\"K\u00f8b brugt Cobra LTDx Fairway Wood hos WePlayAgain | EU Prisgaranti\" \/>\n<meta property=\"og:description\" content=\"Opdag Cobra LTDx Fairway Wood \u2013 perfekt til l\u00e6ngde og kontrol. F\u00e5 pr\u00e6cision fra tee og fairway med banebrydende teknologi og flot design!\" \/>\n<meta property=\"og:url\" content=\"https:\/\/weplayagain.com\/da\/vare\/cobra-ltdx-fairway-wood-flex-regular-grafit-3-15-venstre\/\" \/>\n<meta property=\"og:site_name\" content=\"WePlayAgain A\/S\" \/>\n<meta property=\"article:modified_time\" content=\"2025-04-30T20:08:52+00:00\" \/>\n<meta property=\"og:image\" content=\"https:\/\/weplayagain.com\/wp-content\/uploads\/2025\/04\/Photoroom_000_20250423_201704-scaled.jpeg\" \/>\n\t<meta property=\"og:image:width\" content=\"2048\" \/>\n\t<meta property=\"og:image:height\" content=\"2048\" \/>\n\t<meta property=\"og:image:type\" content=\"image\/jpeg\" \/>\n<meta name=\"twitter:card\" content=\"summary_large_image\" \/>\n<meta name=\"twitter:label1\" content=\"Estimeret l\u00e6setid\" \/>\n\t<meta name=\"twitter:data1\" content=\"2 minutter\" \/>\n<script type=\"application\/ld+json\" class=\"yoast-schema-graph\">{\"@context\":\"https:\/\/schema.org\",\"@graph\":[{\"@type\":\"WebPage\",\"@id\":\"https:\/\/weplayagain.com\/da\/vare\/cobra-ltdx-fairway-wood-flex-regular-grafit-3-15-venstre\/\",\"url\":\"https:\/\/weplayagain.com\/da\/vare\/cobra-ltdx-fairway-wood-flex-regular-grafit-3-15-venstre\/\",\"name\":\"K\u00f8b brugt Cobra LTDx Fairway Wood hos WePlayAgain | EU Prisgaranti\",\"isPartOf\":{\"@id\":\"https:\/\/weplayagain.com\/#website\"},\"primaryImageOfPage\":{\"@id\":\"https:\/\/weplayagain.com\/da\/vare\/cobra-ltdx-fairway-wood-flex-regular-grafit-3-15-venstre\/#primaryimage\"},\"image\":{\"@id\":\"https:\/\/weplayagain.com\/da\/vare\/cobra-ltdx-fairway-wood-flex-regular-grafit-3-15-venstre\/#primaryimage\"},\"thumbnailUrl\":\"https:\/\/weplayagain.host9.slyde.dk\/wp-content\/uploads\/2025\/04\/Photoroom_000_20250423_201704-scaled.jpeg\",\"datePublished\":\"2025-04-23T18:04:57+00:00\",\"dateModified\":\"2025-04-30T20:08:52+00:00\",\"description\":\"Opdag Cobra LTDx Fairway Wood \u2013 perfekt til l\u00e6ngde og kontrol. F\u00e5 pr\u00e6cision fra tee og fairway med banebrydende teknologi og flot design!\",\"breadcrumb\":{\"@id\":\"https:\/\/weplayagain.com\/da\/vare\/cobra-ltdx-fairway-wood-flex-regular-grafit-3-15-venstre\/#breadcrumb\"},\"inLanguage\":\"da-DK\",\"potentialAction\":[{\"@type\":\"ReadAction\",\"target\":[\"https:\/\/weplayagain.com\/da\/vare\/cobra-ltdx-fairway-wood-flex-regular-grafit-3-15-venstre\/\"]}]},{\"@type\":\"ImageObject\",\"inLanguage\":\"da-DK\",\"@id\":\"https:\/\/weplayagain.com\/da\/vare\/cobra-ltdx-fairway-wood-flex-regular-grafit-3-15-venstre\/#primaryimage\",\"url\":\"https:\/\/weplayagain.host9.slyde.dk\/wp-content\/uploads\/2025\/04\/Photoroom_000_20250423_201704-scaled.jpeg\",\"contentUrl\":\"https:\/\/weplayagain.host9.slyde.dk\/wp-content\/uploads\/2025\/04\/Photoroom_000_20250423_201704-scaled.jpeg\",\"width\":2048,\"height\":2048},{\"@type\":\"BreadcrumbList\",\"@id\":\"https:\/\/weplayagain.com\/da\/vare\/cobra-ltdx-fairway-wood-flex-regular-grafit-3-15-venstre\/#breadcrumb\",\"itemListElement\":[{\"@type\":\"ListItem\",\"position\":1,\"name\":\"Hjem\",\"item\":\"https:\/\/weplayagain.com\/da\/\"},{\"@type\":\"ListItem\",\"position\":2,\"name\":\"Shop\",\"item\":\"https:\/\/weplayagain.com\/shop\/\"},{\"@type\":\"ListItem\",\"position\":3,\"name\":\"Cobra LTDx Fairway Wood \/ Flex Regular \/ Grafit \/ #3\/15 &#8211; Venstre\"}]},{\"@type\":\"WebSite\",\"@id\":\"https:\/\/weplayagain.com\/#website\",\"url\":\"https:\/\/weplayagain.com\/\",\"name\":\"WePlayAgain A\/S\",\"description\":\"K\u00f8b brugt - trygt, og til markedets skarpeste priser\",\"publisher\":{\"@id\":\"https:\/\/weplayagain.com\/#organization\"},\"potentialAction\":[{\"@type\":\"SearchAction\",\"target\":{\"@type\":\"EntryPoint\",\"urlTemplate\":\"https:\/\/weplayagain.com\/?s={search_term_string}\"},\"query-input\":{\"@type\":\"PropertyValueSpecification\",\"valueRequired\":true,\"valueName\":\"search_term_string\"}}],\"inLanguage\":\"da-DK\"},{\"@type\":\"Organization\",\"@id\":\"https:\/\/weplayagain.com\/#organization\",\"name\":\"WePlayAgain A\/S\",\"url\":\"https:\/\/weplayagain.com\/\",\"logo\":{\"@type\":\"ImageObject\",\"inLanguage\":\"da-DK\",\"@id\":\"https:\/\/weplayagain.com\/#\/schema\/logo\/image\/\",\"url\":\"https:\/\/weplayagain.host9.slyde.dk\/wp-content\/uploads\/2022\/01\/Asset-8-8.png\",\"contentUrl\":\"https:\/\/weplayagain.host9.slyde.dk\/wp-content\/uploads\/2022\/01\/Asset-8-8.png\",\"width\":2048,\"height\":454,\"caption\":\"WePlayAgain A\/S\"},\"image\":{\"@id\":\"https:\/\/weplayagain.com\/#\/schema\/logo\/image\/\"}}]}<\/script>\n<!-- \/ Yoast SEO plugin. -->","yoast_head_json":{"title":"K\u00f8b brugt Cobra LTDx Fairway Wood hos WePlayAgain | EU Prisgaranti","description":"Opdag Cobra LTDx Fairway Wood \u2013 perfekt til l\u00e6ngde og kontrol. F\u00e5 pr\u00e6cision fra tee og fairway med banebrydende teknologi og flot design!","robots":{"index":"noindex","follow":"follow","max-snippet":"max-snippet:-1","max-image-preview":"max-image-preview:large","max-video-preview":"max-video-preview:-1"},"og_locale":"da_DK","og_type":"article","og_title":"K\u00f8b brugt Cobra LTDx Fairway Wood hos WePlayAgain | EU Prisgaranti","og_description":"Opdag Cobra LTDx Fairway Wood \u2013 perfekt til l\u00e6ngde og kontrol. F\u00e5 pr\u00e6cision fra tee og fairway med banebrydende teknologi og flot design!","og_url":"https:\/\/weplayagain.com\/da\/vare\/cobra-ltdx-fairway-wood-flex-regular-grafit-3-15-venstre\/","og_site_name":"WePlayAgain A\/S","article_modified_time":"2025-04-30T20:08:52+00:00","og_image":[{"width":2048,"height":2048,"url":"https:\/\/weplayagain.com\/wp-content\/uploads\/2025\/04\/Photoroom_000_20250423_201704-scaled.jpeg","type":"image\/jpeg"}],"twitter_card":"summary_large_image","twitter_misc":{"Estimeret l\u00e6setid":"2 minutter"},"schema":{"@context":"https:\/\/schema.org","@graph":[{"@type":"WebPage","@id":"https:\/\/weplayagain.com\/da\/vare\/cobra-ltdx-fairway-wood-flex-regular-grafit-3-15-venstre\/","url":"https:\/\/weplayagain.com\/da\/vare\/cobra-ltdx-fairway-wood-flex-regular-grafit-3-15-venstre\/","name":"K\u00f8b brugt Cobra LTDx Fairway Wood hos WePlayAgain | EU Prisgaranti","isPartOf":{"@id":"https:\/\/weplayagain.com\/#website"},"primaryImageOfPage":{"@id":"https:\/\/weplayagain.com\/da\/vare\/cobra-ltdx-fairway-wood-flex-regular-grafit-3-15-venstre\/#primaryimage"},"image":{"@id":"https:\/\/weplayagain.com\/da\/vare\/cobra-ltdx-fairway-wood-flex-regular-grafit-3-15-venstre\/#primaryimage"},"thumbnailUrl":"https:\/\/weplayagain.host9.slyde.dk\/wp-content\/uploads\/2025\/04\/Photoroom_000_20250423_201704-scaled.jpeg","datePublished":"2025-04-23T18:04:57+00:00","dateModified":"2025-04-30T20:08:52+00:00","description":"Opdag Cobra LTDx Fairway Wood \u2013 perfekt til l\u00e6ngde og kontrol. F\u00e5 pr\u00e6cision fra tee og fairway med banebrydende teknologi og flot design!","breadcrumb":{"@id":"https:\/\/weplayagain.com\/da\/vare\/cobra-ltdx-fairway-wood-flex-regular-grafit-3-15-venstre\/#breadcrumb"},"inLanguage":"da-DK","potentialAction":[{"@type":"ReadAction","target":["https:\/\/weplayagain.com\/da\/vare\/cobra-ltdx-fairway-wood-flex-regular-grafit-3-15-venstre\/"]}]},{"@type":"ImageObject","inLanguage":"da-DK","@id":"https:\/\/weplayagain.com\/da\/vare\/cobra-ltdx-fairway-wood-flex-regular-grafit-3-15-venstre\/#primaryimage","url":"https:\/\/weplayagain.host9.slyde.dk\/wp-content\/uploads\/2025\/04\/Photoroom_000_20250423_201704-scaled.jpeg","contentUrl":"https:\/\/weplayagain.host9.slyde.dk\/wp-content\/uploads\/2025\/04\/Photoroom_000_20250423_201704-scaled.jpeg","width":2048,"height":2048},{"@type":"BreadcrumbList","@id":"https:\/\/weplayagain.com\/da\/vare\/cobra-ltdx-fairway-wood-flex-regular-grafit-3-15-venstre\/#breadcrumb","itemListElement":[{"@type":"ListItem","position":1,"name":"Hjem","item":"https:\/\/weplayagain.com\/da\/"},{"@type":"ListItem","position":2,"name":"Shop","item":"https:\/\/weplayagain.com\/shop\/"},{"@type":"ListItem","position":3,"name":"Cobra LTDx Fairway Wood \/ Flex Regular \/ Grafit \/ #3\/15 &#8211; Venstre"}]},{"@type":"WebSite","@id":"https:\/\/weplayagain.com\/#website","url":"https:\/\/weplayagain.com\/","name":"WePlayAgain A\/S","description":"K\u00f8b brugt - trygt, og til markedets skarpeste priser","publisher":{"@id":"https:\/\/weplayagain.com\/#organization"},"potentialAction":[{"@type":"SearchAction","target":{"@type":"EntryPoint","urlTemplate":"https:\/\/weplayagain.com\/?s={search_term_string}"},"query-input":{"@type":"PropertyValueSpecification","valueRequired":true,"valueName":"search_term_string"}}],"inLanguage":"da-DK"},{"@type":"Organization","@id":"https:\/\/weplayagain.com\/#organization","name":"WePlayAgain A\/S","url":"https:\/\/weplayagain.com\/","logo":{"@type":"ImageObject","inLanguage":"da-DK","@id":"https:\/\/weplayagain.com\/#\/schema\/logo\/image\/","url":"https:\/\/weplayagain.host9.slyde.dk\/wp-content\/uploads\/2022\/01\/Asset-8-8.png","contentUrl":"https:\/\/weplayagain.host9.slyde.dk\/wp-content\/uploads\/2022\/01\/Asset-8-8.png","width":2048,"height":454,"caption":"WePlayAgain A\/S"},"image":{"@id":"https:\/\/weplayagain.com\/#\/schema\/logo\/image\/"}}]}},"_links":{"self":[{"href":"https:\/\/weplayagain.host9.slyde.dk\/da\/wp-json\/wp\/v2\/product\/44931","targetHints":{"allow":["GET"]}}],"collection":[{"href":"https:\/\/weplayagain.host9.slyde.dk\/da\/wp-json\/wp\/v2\/product"}],"about":[{"href":"https:\/\/weplayagain.host9.slyde.dk\/da\/wp-json\/wp\/v2\/types\/product"}],"wp:featuredmedia":[{"embeddable":true,"href":"https:\/\/weplayagain.host9.slyde.dk\/da\/wp-json\/wp\/v2\/media\/44998"}],"wp:attachment":[{"href":"https:\/\/weplayagain.host9.slyde.dk\/da\/wp-json\/wp\/v2\/media?parent=44931"}],"wp:term":[{"taxonomy":"product_brand","embeddable":true,"href":"https:\/\/weplayagain.host9.slyde.dk\/da\/wp-json\/wp\/v2\/product_brand?post=44931"},{"taxonomy":"product_cat","embeddable":true,"href":"https:\/\/weplayagain.host9.slyde.dk\/da\/wp-json\/wp\/v2\/product_cat?post=44931"},{"taxonomy":"product_tag","embeddable":true,"href":"https:\/\/weplayagain.host9.slyde.dk\/da\/wp-json\/wp\/v2\/product_tag?post=44931"}],"curies":[{"name":"wp","href":"https:\/\/api.w.org\/{rel}","templated":true}]}}