{"id":45124,"date":"2025-04-24T15:22:34","date_gmt":"2025-04-24T14:22:34","guid":{"rendered":"https:\/\/weplayagain.com\/?post_type=product&#038;p=45124"},"modified":"2025-04-29T13:55:54","modified_gmt":"2025-04-29T12:55:54","slug":"titleist-sm10-wedge-staal-54-10","status":"publish","type":"product","link":"https:\/\/weplayagain.host9.slyde.dk\/da\/vare\/titleist-sm10-wedge-staal-54-10\/","title":{"rendered":"Titleist SM10 Wedge \/ St\u00e5l \/ #54\/10"},"content":{"rendered":"<p>Er du typen, der elsker pr\u00e6cisionsspil rundt om greenen? S\u00e5 er SM10 fra Vokey lige noget for dig. Den er udviklet til golfspillere, der vil have <strong>kontrol, spin og alsidighed<\/strong> i kort spillet \u2013 uanset niveau.<\/p>\n<p>Du f\u00e5r en wedge, der er bygget med et v\u00e6gtcenter, der varierer alt efter loft. Det giver dig en <strong>mere stabil boldflugt<\/strong> og bedre f\u00f8ling med hvert eneste slag. Og s\u00e5 er grooves sk\u00e5ret helt ud til kanten og varmebehandlet for <strong>ekstra holdbarhed og maksimalt spin<\/strong> \u2013 is\u00e6r i rough og v\u00e5de forhold.<\/p>\n<p>SM10 f\u00e5s med seks forskellige grinds, s\u00e5 du kan finde den version, der passer bedst til dit sving og det underlag, du spiller mest p\u00e5. Fx den nye T Grind til dig, der spiller med \u00e5bent slagflade og flad indgangsvinkel.<\/p>\n<p>En \u00e6gte kortspils-specialist, der vil hj\u00e6lpe dig t\u00e6ttere p\u00e5 pinden \u2013 hver gang.<\/p>\n","protected":false},"excerpt":{"rendered":"<p>Er du typen, der elsker pr\u00e6cisionsspil rundt om greenen? S\u00e5 er SM10 fra Vokey lige noget for dig. Den er udviklet til golfspillere, der vil have kontrol, spin og alsidighed i kort spillet \u2013 uanset niveau. Du f\u00e5r en wedge, der er bygget med et v\u00e6gtcenter, der varierer alt efter loft. Det giver dig en [&hellip;]<\/p>\n","protected":false},"featured_media":45142,"template":"","meta":{"_acf_changed":false},"product_brand":[],"product_cat":[511],"product_tag":[],"class_list":{"0":"post-45124","1":"product","2":"type-product","3":"status-publish","4":"has-post-thumbnail","6":"product_cat-wedges-og-chippere","7":"pa_28935-men","8":"pa_bounce-2145","9":"pa_brand-titleist","10":"pa_condition-brugt-god-stand","11":"pa_dexterity-hojre-haand","12":"pa_flex-wedge-flex","13":"pa_grip-titleist-standard","14":"pa_gripsize-standard","15":"pa_koelle-wedge","16":"pa_loft-1053","17":"pa_model-sm10","18":"pa_skaft-staal-sm10","19":"pa_skaft-materiale-staal","20":"pa_sku-4492","22":"first","23":"instock","24":"taxable","25":"shipping-taxable","26":"purchasable","27":"product-type-simple"},"acf":[],"yoast_head":"<!-- This site is optimized with the Yoast SEO plugin v24.8.1 - https:\/\/yoast.com\/wordpress\/plugins\/seo\/ -->\n<title>K\u00f8b Titleist SM10 Wedge hos WePlayAgain | Hurtig Levering<\/title>\n<meta name=\"description\" content=\"K\u00f8b Titleist SM10 Wedge | Spar op til 55% af nyprisen. 2 \u00e5rs garanti | 14 dages pr\u00f8veperiode | EU Prisgaranti\" \/>\n<meta name=\"robots\" content=\"noindex, follow, max-snippet:-1, max-image-preview:large, max-video-preview:-1\" \/>\n<meta property=\"og:locale\" content=\"da_DK\" \/>\n<meta property=\"og:type\" content=\"article\" \/>\n<meta property=\"og:title\" content=\"K\u00f8b Titleist SM10 Wedge hos WePlayAgain | Hurtig Levering\" \/>\n<meta property=\"og:description\" content=\"K\u00f8b Titleist SM10 Wedge | Spar op til 55% af nyprisen. 2 \u00e5rs garanti | 14 dages pr\u00f8veperiode | EU Prisgaranti\" \/>\n<meta property=\"og:url\" content=\"https:\/\/weplayagain.com\/da\/vare\/titleist-sm10-wedge-staal-54-10\/\" \/>\n<meta property=\"og:site_name\" content=\"WePlayAgain A\/S\" \/>\n<meta property=\"article:modified_time\" content=\"2025-04-29T12:55:54+00:00\" \/>\n<meta property=\"og:image\" content=\"https:\/\/weplayagain.com\/wp-content\/uploads\/2025\/04\/Photoroom_010_20250424_164152-scaled.jpeg\" \/>\n\t<meta property=\"og:image:width\" content=\"2048\" \/>\n\t<meta property=\"og:image:height\" content=\"2048\" \/>\n\t<meta property=\"og:image:type\" content=\"image\/jpeg\" \/>\n<meta name=\"twitter:card\" content=\"summary_large_image\" \/>\n<meta name=\"twitter:label1\" content=\"Estimeret l\u00e6setid\" \/>\n\t<meta name=\"twitter:data1\" content=\"1 minut\" \/>\n<script type=\"application\/ld+json\" class=\"yoast-schema-graph\">{\"@context\":\"https:\/\/schema.org\",\"@graph\":[{\"@type\":\"WebPage\",\"@id\":\"https:\/\/weplayagain.com\/da\/vare\/titleist-sm10-wedge-staal-54-10\/\",\"url\":\"https:\/\/weplayagain.com\/da\/vare\/titleist-sm10-wedge-staal-54-10\/\",\"name\":\"K\u00f8b Titleist SM10 Wedge hos WePlayAgain | Hurtig Levering\",\"isPartOf\":{\"@id\":\"https:\/\/weplayagain.com\/#website\"},\"primaryImageOfPage\":{\"@id\":\"https:\/\/weplayagain.com\/da\/vare\/titleist-sm10-wedge-staal-54-10\/#primaryimage\"},\"image\":{\"@id\":\"https:\/\/weplayagain.com\/da\/vare\/titleist-sm10-wedge-staal-54-10\/#primaryimage\"},\"thumbnailUrl\":\"https:\/\/weplayagain.host9.slyde.dk\/wp-content\/uploads\/2025\/04\/Photoroom_010_20250424_164152-scaled.jpeg\",\"datePublished\":\"2025-04-24T14:22:34+00:00\",\"dateModified\":\"2025-04-29T12:55:54+00:00\",\"description\":\"K\u00f8b Titleist SM10 Wedge | Spar op til 55% af nyprisen. 2 \u00e5rs garanti | 14 dages pr\u00f8veperiode | EU Prisgaranti\",\"breadcrumb\":{\"@id\":\"https:\/\/weplayagain.com\/da\/vare\/titleist-sm10-wedge-staal-54-10\/#breadcrumb\"},\"inLanguage\":\"da-DK\",\"potentialAction\":[{\"@type\":\"ReadAction\",\"target\":[\"https:\/\/weplayagain.com\/da\/vare\/titleist-sm10-wedge-staal-54-10\/\"]}]},{\"@type\":\"ImageObject\",\"inLanguage\":\"da-DK\",\"@id\":\"https:\/\/weplayagain.com\/da\/vare\/titleist-sm10-wedge-staal-54-10\/#primaryimage\",\"url\":\"https:\/\/weplayagain.host9.slyde.dk\/wp-content\/uploads\/2025\/04\/Photoroom_010_20250424_164152-scaled.jpeg\",\"contentUrl\":\"https:\/\/weplayagain.host9.slyde.dk\/wp-content\/uploads\/2025\/04\/Photoroom_010_20250424_164152-scaled.jpeg\",\"width\":2048,\"height\":2048},{\"@type\":\"BreadcrumbList\",\"@id\":\"https:\/\/weplayagain.com\/da\/vare\/titleist-sm10-wedge-staal-54-10\/#breadcrumb\",\"itemListElement\":[{\"@type\":\"ListItem\",\"position\":1,\"name\":\"Hjem\",\"item\":\"https:\/\/weplayagain.com\/da\/\"},{\"@type\":\"ListItem\",\"position\":2,\"name\":\"Shop\",\"item\":\"https:\/\/weplayagain.com\/shop\/\"},{\"@type\":\"ListItem\",\"position\":3,\"name\":\"Titleist SM10 Wedge \/ St\u00e5l \/ #54\/10\"}]},{\"@type\":\"WebSite\",\"@id\":\"https:\/\/weplayagain.com\/#website\",\"url\":\"https:\/\/weplayagain.com\/\",\"name\":\"WePlayAgain A\/S\",\"description\":\"K\u00f8b brugt - trygt, og til markedets skarpeste priser\",\"publisher\":{\"@id\":\"https:\/\/weplayagain.com\/#organization\"},\"potentialAction\":[{\"@type\":\"SearchAction\",\"target\":{\"@type\":\"EntryPoint\",\"urlTemplate\":\"https:\/\/weplayagain.com\/?s={search_term_string}\"},\"query-input\":{\"@type\":\"PropertyValueSpecification\",\"valueRequired\":true,\"valueName\":\"search_term_string\"}}],\"inLanguage\":\"da-DK\"},{\"@type\":\"Organization\",\"@id\":\"https:\/\/weplayagain.com\/#organization\",\"name\":\"WePlayAgain A\/S\",\"url\":\"https:\/\/weplayagain.com\/\",\"logo\":{\"@type\":\"ImageObject\",\"inLanguage\":\"da-DK\",\"@id\":\"https:\/\/weplayagain.com\/#\/schema\/logo\/image\/\",\"url\":\"https:\/\/weplayagain.host9.slyde.dk\/wp-content\/uploads\/2022\/01\/Asset-8-8.png\",\"contentUrl\":\"https:\/\/weplayagain.host9.slyde.dk\/wp-content\/uploads\/2022\/01\/Asset-8-8.png\",\"width\":2048,\"height\":454,\"caption\":\"WePlayAgain A\/S\"},\"image\":{\"@id\":\"https:\/\/weplayagain.com\/#\/schema\/logo\/image\/\"}}]}<\/script>\n<!-- \/ Yoast SEO plugin. -->","yoast_head_json":{"title":"K\u00f8b Titleist SM10 Wedge hos WePlayAgain | Hurtig Levering","description":"K\u00f8b Titleist SM10 Wedge | Spar op til 55% af nyprisen. 2 \u00e5rs garanti | 14 dages pr\u00f8veperiode | EU Prisgaranti","robots":{"index":"noindex","follow":"follow","max-snippet":"max-snippet:-1","max-image-preview":"max-image-preview:large","max-video-preview":"max-video-preview:-1"},"og_locale":"da_DK","og_type":"article","og_title":"K\u00f8b Titleist SM10 Wedge hos WePlayAgain | Hurtig Levering","og_description":"K\u00f8b Titleist SM10 Wedge | Spar op til 55% af nyprisen. 2 \u00e5rs garanti | 14 dages pr\u00f8veperiode | EU Prisgaranti","og_url":"https:\/\/weplayagain.com\/da\/vare\/titleist-sm10-wedge-staal-54-10\/","og_site_name":"WePlayAgain A\/S","article_modified_time":"2025-04-29T12:55:54+00:00","og_image":[{"width":2048,"height":2048,"url":"https:\/\/weplayagain.com\/wp-content\/uploads\/2025\/04\/Photoroom_010_20250424_164152-scaled.jpeg","type":"image\/jpeg"}],"twitter_card":"summary_large_image","twitter_misc":{"Estimeret l\u00e6setid":"1 minut"},"schema":{"@context":"https:\/\/schema.org","@graph":[{"@type":"WebPage","@id":"https:\/\/weplayagain.com\/da\/vare\/titleist-sm10-wedge-staal-54-10\/","url":"https:\/\/weplayagain.com\/da\/vare\/titleist-sm10-wedge-staal-54-10\/","name":"K\u00f8b Titleist SM10 Wedge hos WePlayAgain | Hurtig Levering","isPartOf":{"@id":"https:\/\/weplayagain.com\/#website"},"primaryImageOfPage":{"@id":"https:\/\/weplayagain.com\/da\/vare\/titleist-sm10-wedge-staal-54-10\/#primaryimage"},"image":{"@id":"https:\/\/weplayagain.com\/da\/vare\/titleist-sm10-wedge-staal-54-10\/#primaryimage"},"thumbnailUrl":"https:\/\/weplayagain.host9.slyde.dk\/wp-content\/uploads\/2025\/04\/Photoroom_010_20250424_164152-scaled.jpeg","datePublished":"2025-04-24T14:22:34+00:00","dateModified":"2025-04-29T12:55:54+00:00","description":"K\u00f8b Titleist SM10 Wedge | Spar op til 55% af nyprisen. 2 \u00e5rs garanti | 14 dages pr\u00f8veperiode | EU Prisgaranti","breadcrumb":{"@id":"https:\/\/weplayagain.com\/da\/vare\/titleist-sm10-wedge-staal-54-10\/#breadcrumb"},"inLanguage":"da-DK","potentialAction":[{"@type":"ReadAction","target":["https:\/\/weplayagain.com\/da\/vare\/titleist-sm10-wedge-staal-54-10\/"]}]},{"@type":"ImageObject","inLanguage":"da-DK","@id":"https:\/\/weplayagain.com\/da\/vare\/titleist-sm10-wedge-staal-54-10\/#primaryimage","url":"https:\/\/weplayagain.host9.slyde.dk\/wp-content\/uploads\/2025\/04\/Photoroom_010_20250424_164152-scaled.jpeg","contentUrl":"https:\/\/weplayagain.host9.slyde.dk\/wp-content\/uploads\/2025\/04\/Photoroom_010_20250424_164152-scaled.jpeg","width":2048,"height":2048},{"@type":"BreadcrumbList","@id":"https:\/\/weplayagain.com\/da\/vare\/titleist-sm10-wedge-staal-54-10\/#breadcrumb","itemListElement":[{"@type":"ListItem","position":1,"name":"Hjem","item":"https:\/\/weplayagain.com\/da\/"},{"@type":"ListItem","position":2,"name":"Shop","item":"https:\/\/weplayagain.com\/shop\/"},{"@type":"ListItem","position":3,"name":"Titleist SM10 Wedge \/ St\u00e5l \/ #54\/10"}]},{"@type":"WebSite","@id":"https:\/\/weplayagain.com\/#website","url":"https:\/\/weplayagain.com\/","name":"WePlayAgain A\/S","description":"K\u00f8b brugt - trygt, og til markedets skarpeste priser","publisher":{"@id":"https:\/\/weplayagain.com\/#organization"},"potentialAction":[{"@type":"SearchAction","target":{"@type":"EntryPoint","urlTemplate":"https:\/\/weplayagain.com\/?s={search_term_string}"},"query-input":{"@type":"PropertyValueSpecification","valueRequired":true,"valueName":"search_term_string"}}],"inLanguage":"da-DK"},{"@type":"Organization","@id":"https:\/\/weplayagain.com\/#organization","name":"WePlayAgain A\/S","url":"https:\/\/weplayagain.com\/","logo":{"@type":"ImageObject","inLanguage":"da-DK","@id":"https:\/\/weplayagain.com\/#\/schema\/logo\/image\/","url":"https:\/\/weplayagain.host9.slyde.dk\/wp-content\/uploads\/2022\/01\/Asset-8-8.png","contentUrl":"https:\/\/weplayagain.host9.slyde.dk\/wp-content\/uploads\/2022\/01\/Asset-8-8.png","width":2048,"height":454,"caption":"WePlayAgain A\/S"},"image":{"@id":"https:\/\/weplayagain.com\/#\/schema\/logo\/image\/"}}]}},"_links":{"self":[{"href":"https:\/\/weplayagain.host9.slyde.dk\/da\/wp-json\/wp\/v2\/product\/45124","targetHints":{"allow":["GET"]}}],"collection":[{"href":"https:\/\/weplayagain.host9.slyde.dk\/da\/wp-json\/wp\/v2\/product"}],"about":[{"href":"https:\/\/weplayagain.host9.slyde.dk\/da\/wp-json\/wp\/v2\/types\/product"}],"wp:featuredmedia":[{"embeddable":true,"href":"https:\/\/weplayagain.host9.slyde.dk\/da\/wp-json\/wp\/v2\/media\/45142"}],"wp:attachment":[{"href":"https:\/\/weplayagain.host9.slyde.dk\/da\/wp-json\/wp\/v2\/media?parent=45124"}],"wp:term":[{"taxonomy":"product_brand","embeddable":true,"href":"https:\/\/weplayagain.host9.slyde.dk\/da\/wp-json\/wp\/v2\/product_brand?post=45124"},{"taxonomy":"product_cat","embeddable":true,"href":"https:\/\/weplayagain.host9.slyde.dk\/da\/wp-json\/wp\/v2\/product_cat?post=45124"},{"taxonomy":"product_tag","embeddable":true,"href":"https:\/\/weplayagain.host9.slyde.dk\/da\/wp-json\/wp\/v2\/product_tag?post=45124"}],"curies":[{"name":"wp","href":"https:\/\/api.w.org\/{rel}","templated":true}]}}