{"id":45266,"date":"2025-04-24T18:48:00","date_gmt":"2025-04-24T17:48:00","guid":{"rendered":"https:\/\/weplayagain.com\/?post_type=product&#038;p=45266"},"modified":"2025-04-28T23:21:53","modified_gmt":"2025-04-28T22:21:53","slug":"ping-g430-jernsaet-flex-a-flex-6-pw-45-grafit","status":"publish","type":"product","link":"https:\/\/weplayagain.host9.slyde.dk\/da\/vare\/ping-g430-jernsaet-flex-a-flex-6-pw-45-grafit\/","title":{"rendered":"PING G430 Jerns\u00e6t \/ Flex A-flex \/ 6-PW + 45 \/ Grafit"},"content":{"rendered":"<p>Til dig der gerne vil ramme bolden l\u00e6ngere, men stadig have kontrol nok til at spille en sikker runde. ping G430 jerns\u00e6ttet er lavet til low- og mid-handicappere, der vil have hj\u00e6lp til b\u00e5de l\u00e6ngde og tilgivelse \u2013 uden at give k\u00f8b p\u00e5 pr\u00e6cision.<\/p>\n<p>Det hele starter med det avancerede face i varmebehandlet Hyper 17-4 st\u00e5l. Det er tyndere og mere fleksibelt end tidligere, hvilket giver dig op til 2 mph ekstra boldhastighed og 7-10 yards mere carry if\u00f8lge ping selv. Og s\u00e5 f\u00f8les det l\u00e6kkert ved tr\u00e6f \u2013 takket v\u00e6re PurFlex-badget med hele 7 flekszoner, der d\u00e6mper vibrationer og l\u00f8fter lydoplevelsen.<\/p>\n<p>Tungstenv\u00e6gte i t\u00e5 og tip giver h\u00f8jere MOI og mindre sidespredning. Kort hals og lavere tyngdepunkt hj\u00e6lper dig til renere kontakt og nemmere launch \u2013 is\u00e6r fra lidt sv\u00e6rere lejer. Finishen i Hydropearl 2.0 sikrer ensartet spil selv i fugtigt vejr eller fra rough.<\/p>\n<p>S\u00e6ttet er lavet med blik for din afstandskontrol. Jernene har st\u00e6rkere loft (fx 29\u00b0 i 7-jernet) og supplerende gap wedge p\u00e5 45\u00b0, s\u00e5 du holder fornuftige spring mellem k\u00f8llerne i din bag. Alt er st\u00f8ttet op af ping\u2019s dataanalyser gennem ARCCOS-systemet \u2013 s\u00e5 hele s\u00e6ttet arbejder med dig.<\/p>\n","protected":false},"excerpt":{"rendered":"<p>Til dig der gerne vil ramme bolden l\u00e6ngere, men stadig have kontrol nok til at spille en sikker runde. ping G430 jerns\u00e6ttet er lavet til low- og mid-handicappere, der vil have hj\u00e6lp til b\u00e5de l\u00e6ngde og tilgivelse \u2013 uden at give k\u00f8b p\u00e5 pr\u00e6cision. Det hele starter med det avancerede face i varmebehandlet Hyper 17-4 [&hellip;]<\/p>\n","protected":false},"featured_media":45196,"template":"","meta":{"_acf_changed":false},"product_brand":[],"product_cat":[373],"product_tag":[],"class_list":{"0":"post-45266","1":"product","2":"type-product","3":"status-publish","4":"has-post-thumbnail","6":"product_cat-jernsaet","7":"pa_28935-men","8":"pa_brand-ping","9":"pa_condition-brugt-god-stand","10":"pa_dexterity-hojre-haand","11":"pa_flex-a-flex","12":"pa_grip-lamkin-utx","13":"pa_gripsize-standard","14":"pa_koelle-iron-set","15":"pa_laengdesaet-standard-laengde","16":"pa_model-g430","17":"pa_set-makeup-6-pw-45-6-7-8-9-pw-45","18":"pa_skaft-alta-quick","19":"pa_skaft-materiale-grafit","20":"pa_sku-4500","22":"first","23":"instock","24":"taxable","25":"shipping-taxable","26":"purchasable","27":"product-type-simple"},"acf":[],"yoast_head":"<!-- This site is optimized with the Yoast SEO plugin v24.8.1 - https:\/\/yoast.com\/wordpress\/plugins\/seo\/ -->\n<title>K\u00f8b PING G430 Jerns\u00e6t hos WePlayAgain | Hurtig Levering<\/title>\n<meta name=\"description\" content=\"K\u00f8b PING G430 Jerns\u00e6t | Spar op til 62% af nyprisen. 2 \u00e5rs garanti | 14 dages pr\u00f8veperiode | EU Prisgaranti\" \/>\n<meta name=\"robots\" content=\"noindex, follow, max-snippet:-1, max-image-preview:large, max-video-preview:-1\" \/>\n<meta property=\"og:locale\" content=\"da_DK\" \/>\n<meta property=\"og:type\" content=\"article\" \/>\n<meta property=\"og:title\" content=\"K\u00f8b PING G430 Jerns\u00e6t hos WePlayAgain | Hurtig Levering\" \/>\n<meta property=\"og:description\" content=\"K\u00f8b PING G430 Jerns\u00e6t | Spar op til 62% af nyprisen. 2 \u00e5rs garanti | 14 dages pr\u00f8veperiode | EU Prisgaranti\" \/>\n<meta property=\"og:url\" content=\"https:\/\/weplayagain.com\/da\/vare\/ping-g430-jernsaet-flex-a-flex-6-pw-45-grafit\/\" \/>\n<meta property=\"og:site_name\" content=\"WePlayAgain A\/S\" \/>\n<meta property=\"article:modified_time\" content=\"2025-04-28T22:21:53+00:00\" \/>\n<meta property=\"og:image\" content=\"https:\/\/weplayagain.com\/wp-content\/uploads\/2025\/04\/Photoroom_007_20250424_174318-scaled.jpeg\" \/>\n\t<meta property=\"og:image:width\" content=\"2048\" \/>\n\t<meta property=\"og:image:height\" content=\"2048\" \/>\n\t<meta property=\"og:image:type\" content=\"image\/jpeg\" \/>\n<meta name=\"twitter:card\" content=\"summary_large_image\" \/>\n<meta name=\"twitter:label1\" content=\"Estimeret l\u00e6setid\" \/>\n\t<meta name=\"twitter:data1\" content=\"2 minutter\" \/>\n<script type=\"application\/ld+json\" class=\"yoast-schema-graph\">{\"@context\":\"https:\/\/schema.org\",\"@graph\":[{\"@type\":\"WebPage\",\"@id\":\"https:\/\/weplayagain.com\/da\/vare\/ping-g430-jernsaet-flex-a-flex-6-pw-45-grafit\/\",\"url\":\"https:\/\/weplayagain.com\/da\/vare\/ping-g430-jernsaet-flex-a-flex-6-pw-45-grafit\/\",\"name\":\"K\u00f8b PING G430 Jerns\u00e6t hos WePlayAgain | Hurtig Levering\",\"isPartOf\":{\"@id\":\"https:\/\/weplayagain.com\/#website\"},\"primaryImageOfPage\":{\"@id\":\"https:\/\/weplayagain.com\/da\/vare\/ping-g430-jernsaet-flex-a-flex-6-pw-45-grafit\/#primaryimage\"},\"image\":{\"@id\":\"https:\/\/weplayagain.com\/da\/vare\/ping-g430-jernsaet-flex-a-flex-6-pw-45-grafit\/#primaryimage\"},\"thumbnailUrl\":\"https:\/\/weplayagain.host9.slyde.dk\/wp-content\/uploads\/2025\/04\/Photoroom_007_20250424_174318-scaled.jpeg\",\"datePublished\":\"2025-04-24T17:48:00+00:00\",\"dateModified\":\"2025-04-28T22:21:53+00:00\",\"description\":\"K\u00f8b PING G430 Jerns\u00e6t | Spar op til 62% af nyprisen. 2 \u00e5rs garanti | 14 dages pr\u00f8veperiode | EU Prisgaranti\",\"breadcrumb\":{\"@id\":\"https:\/\/weplayagain.com\/da\/vare\/ping-g430-jernsaet-flex-a-flex-6-pw-45-grafit\/#breadcrumb\"},\"inLanguage\":\"da-DK\",\"potentialAction\":[{\"@type\":\"ReadAction\",\"target\":[\"https:\/\/weplayagain.com\/da\/vare\/ping-g430-jernsaet-flex-a-flex-6-pw-45-grafit\/\"]}]},{\"@type\":\"ImageObject\",\"inLanguage\":\"da-DK\",\"@id\":\"https:\/\/weplayagain.com\/da\/vare\/ping-g430-jernsaet-flex-a-flex-6-pw-45-grafit\/#primaryimage\",\"url\":\"https:\/\/weplayagain.host9.slyde.dk\/wp-content\/uploads\/2025\/04\/Photoroom_007_20250424_174318-scaled.jpeg\",\"contentUrl\":\"https:\/\/weplayagain.host9.slyde.dk\/wp-content\/uploads\/2025\/04\/Photoroom_007_20250424_174318-scaled.jpeg\",\"width\":2048,\"height\":2048},{\"@type\":\"BreadcrumbList\",\"@id\":\"https:\/\/weplayagain.com\/da\/vare\/ping-g430-jernsaet-flex-a-flex-6-pw-45-grafit\/#breadcrumb\",\"itemListElement\":[{\"@type\":\"ListItem\",\"position\":1,\"name\":\"Hjem\",\"item\":\"https:\/\/weplayagain.com\/da\/\"},{\"@type\":\"ListItem\",\"position\":2,\"name\":\"Shop\",\"item\":\"https:\/\/weplayagain.com\/shop\/\"},{\"@type\":\"ListItem\",\"position\":3,\"name\":\"PING G430 Jerns\u00e6t \/ Flex A-flex \/ 6-PW + 45 \/ Grafit\"}]},{\"@type\":\"WebSite\",\"@id\":\"https:\/\/weplayagain.com\/#website\",\"url\":\"https:\/\/weplayagain.com\/\",\"name\":\"WePlayAgain A\/S\",\"description\":\"K\u00f8b brugt - trygt, og til markedets skarpeste priser\",\"publisher\":{\"@id\":\"https:\/\/weplayagain.com\/#organization\"},\"potentialAction\":[{\"@type\":\"SearchAction\",\"target\":{\"@type\":\"EntryPoint\",\"urlTemplate\":\"https:\/\/weplayagain.com\/?s={search_term_string}\"},\"query-input\":{\"@type\":\"PropertyValueSpecification\",\"valueRequired\":true,\"valueName\":\"search_term_string\"}}],\"inLanguage\":\"da-DK\"},{\"@type\":\"Organization\",\"@id\":\"https:\/\/weplayagain.com\/#organization\",\"name\":\"WePlayAgain A\/S\",\"url\":\"https:\/\/weplayagain.com\/\",\"logo\":{\"@type\":\"ImageObject\",\"inLanguage\":\"da-DK\",\"@id\":\"https:\/\/weplayagain.com\/#\/schema\/logo\/image\/\",\"url\":\"https:\/\/weplayagain.host9.slyde.dk\/wp-content\/uploads\/2022\/01\/Asset-8-8.png\",\"contentUrl\":\"https:\/\/weplayagain.host9.slyde.dk\/wp-content\/uploads\/2022\/01\/Asset-8-8.png\",\"width\":2048,\"height\":454,\"caption\":\"WePlayAgain A\/S\"},\"image\":{\"@id\":\"https:\/\/weplayagain.com\/#\/schema\/logo\/image\/\"}}]}<\/script>\n<!-- \/ Yoast SEO plugin. -->","yoast_head_json":{"title":"K\u00f8b PING G430 Jerns\u00e6t hos WePlayAgain | Hurtig Levering","description":"K\u00f8b PING G430 Jerns\u00e6t | Spar op til 62% af nyprisen. 2 \u00e5rs garanti | 14 dages pr\u00f8veperiode | EU Prisgaranti","robots":{"index":"noindex","follow":"follow","max-snippet":"max-snippet:-1","max-image-preview":"max-image-preview:large","max-video-preview":"max-video-preview:-1"},"og_locale":"da_DK","og_type":"article","og_title":"K\u00f8b PING G430 Jerns\u00e6t hos WePlayAgain | Hurtig Levering","og_description":"K\u00f8b PING G430 Jerns\u00e6t | Spar op til 62% af nyprisen. 2 \u00e5rs garanti | 14 dages pr\u00f8veperiode | EU Prisgaranti","og_url":"https:\/\/weplayagain.com\/da\/vare\/ping-g430-jernsaet-flex-a-flex-6-pw-45-grafit\/","og_site_name":"WePlayAgain A\/S","article_modified_time":"2025-04-28T22:21:53+00:00","og_image":[{"width":2048,"height":2048,"url":"https:\/\/weplayagain.com\/wp-content\/uploads\/2025\/04\/Photoroom_007_20250424_174318-scaled.jpeg","type":"image\/jpeg"}],"twitter_card":"summary_large_image","twitter_misc":{"Estimeret l\u00e6setid":"2 minutter"},"schema":{"@context":"https:\/\/schema.org","@graph":[{"@type":"WebPage","@id":"https:\/\/weplayagain.com\/da\/vare\/ping-g430-jernsaet-flex-a-flex-6-pw-45-grafit\/","url":"https:\/\/weplayagain.com\/da\/vare\/ping-g430-jernsaet-flex-a-flex-6-pw-45-grafit\/","name":"K\u00f8b PING G430 Jerns\u00e6t hos WePlayAgain | Hurtig Levering","isPartOf":{"@id":"https:\/\/weplayagain.com\/#website"},"primaryImageOfPage":{"@id":"https:\/\/weplayagain.com\/da\/vare\/ping-g430-jernsaet-flex-a-flex-6-pw-45-grafit\/#primaryimage"},"image":{"@id":"https:\/\/weplayagain.com\/da\/vare\/ping-g430-jernsaet-flex-a-flex-6-pw-45-grafit\/#primaryimage"},"thumbnailUrl":"https:\/\/weplayagain.host9.slyde.dk\/wp-content\/uploads\/2025\/04\/Photoroom_007_20250424_174318-scaled.jpeg","datePublished":"2025-04-24T17:48:00+00:00","dateModified":"2025-04-28T22:21:53+00:00","description":"K\u00f8b PING G430 Jerns\u00e6t | Spar op til 62% af nyprisen. 2 \u00e5rs garanti | 14 dages pr\u00f8veperiode | EU Prisgaranti","breadcrumb":{"@id":"https:\/\/weplayagain.com\/da\/vare\/ping-g430-jernsaet-flex-a-flex-6-pw-45-grafit\/#breadcrumb"},"inLanguage":"da-DK","potentialAction":[{"@type":"ReadAction","target":["https:\/\/weplayagain.com\/da\/vare\/ping-g430-jernsaet-flex-a-flex-6-pw-45-grafit\/"]}]},{"@type":"ImageObject","inLanguage":"da-DK","@id":"https:\/\/weplayagain.com\/da\/vare\/ping-g430-jernsaet-flex-a-flex-6-pw-45-grafit\/#primaryimage","url":"https:\/\/weplayagain.host9.slyde.dk\/wp-content\/uploads\/2025\/04\/Photoroom_007_20250424_174318-scaled.jpeg","contentUrl":"https:\/\/weplayagain.host9.slyde.dk\/wp-content\/uploads\/2025\/04\/Photoroom_007_20250424_174318-scaled.jpeg","width":2048,"height":2048},{"@type":"BreadcrumbList","@id":"https:\/\/weplayagain.com\/da\/vare\/ping-g430-jernsaet-flex-a-flex-6-pw-45-grafit\/#breadcrumb","itemListElement":[{"@type":"ListItem","position":1,"name":"Hjem","item":"https:\/\/weplayagain.com\/da\/"},{"@type":"ListItem","position":2,"name":"Shop","item":"https:\/\/weplayagain.com\/shop\/"},{"@type":"ListItem","position":3,"name":"PING G430 Jerns\u00e6t \/ Flex A-flex \/ 6-PW + 45 \/ Grafit"}]},{"@type":"WebSite","@id":"https:\/\/weplayagain.com\/#website","url":"https:\/\/weplayagain.com\/","name":"WePlayAgain A\/S","description":"K\u00f8b brugt - trygt, og til markedets skarpeste priser","publisher":{"@id":"https:\/\/weplayagain.com\/#organization"},"potentialAction":[{"@type":"SearchAction","target":{"@type":"EntryPoint","urlTemplate":"https:\/\/weplayagain.com\/?s={search_term_string}"},"query-input":{"@type":"PropertyValueSpecification","valueRequired":true,"valueName":"search_term_string"}}],"inLanguage":"da-DK"},{"@type":"Organization","@id":"https:\/\/weplayagain.com\/#organization","name":"WePlayAgain A\/S","url":"https:\/\/weplayagain.com\/","logo":{"@type":"ImageObject","inLanguage":"da-DK","@id":"https:\/\/weplayagain.com\/#\/schema\/logo\/image\/","url":"https:\/\/weplayagain.host9.slyde.dk\/wp-content\/uploads\/2022\/01\/Asset-8-8.png","contentUrl":"https:\/\/weplayagain.host9.slyde.dk\/wp-content\/uploads\/2022\/01\/Asset-8-8.png","width":2048,"height":454,"caption":"WePlayAgain A\/S"},"image":{"@id":"https:\/\/weplayagain.com\/#\/schema\/logo\/image\/"}}]}},"_links":{"self":[{"href":"https:\/\/weplayagain.host9.slyde.dk\/da\/wp-json\/wp\/v2\/product\/45266","targetHints":{"allow":["GET"]}}],"collection":[{"href":"https:\/\/weplayagain.host9.slyde.dk\/da\/wp-json\/wp\/v2\/product"}],"about":[{"href":"https:\/\/weplayagain.host9.slyde.dk\/da\/wp-json\/wp\/v2\/types\/product"}],"wp:featuredmedia":[{"embeddable":true,"href":"https:\/\/weplayagain.host9.slyde.dk\/da\/wp-json\/wp\/v2\/media\/45196"}],"wp:attachment":[{"href":"https:\/\/weplayagain.host9.slyde.dk\/da\/wp-json\/wp\/v2\/media?parent=45266"}],"wp:term":[{"taxonomy":"product_brand","embeddable":true,"href":"https:\/\/weplayagain.host9.slyde.dk\/da\/wp-json\/wp\/v2\/product_brand?post=45266"},{"taxonomy":"product_cat","embeddable":true,"href":"https:\/\/weplayagain.host9.slyde.dk\/da\/wp-json\/wp\/v2\/product_cat?post=45266"},{"taxonomy":"product_tag","embeddable":true,"href":"https:\/\/weplayagain.host9.slyde.dk\/da\/wp-json\/wp\/v2\/product_tag?post=45266"}],"curies":[{"name":"wp","href":"https:\/\/api.w.org\/{rel}","templated":true}]}}