{"id":45474,"date":"2025-04-29T12:42:06","date_gmt":"2025-04-29T11:42:06","guid":{"rendered":"https:\/\/weplayagain.com\/?post_type=product&#038;p=45474"},"modified":"2025-04-29T13:35:50","modified_gmt":"2025-04-29T12:35:50","slug":"titleist-tsr1-fairway-wood-flex-stiff-grafit-5-18-venstre","status":"publish","type":"product","link":"https:\/\/weplayagain.host9.slyde.dk\/da\/vare\/titleist-tsr1-fairway-wood-flex-stiff-grafit-5-18-venstre\/","title":{"rendered":"Titleist TSR1 Fairway Wood \/ Flex Stiff \/ Grafit \/ #5\/18 &#8211; Venstre"},"content":{"rendered":"<p>Let at svinge \u2013 let at elske. TSR1 5 Fairway Wood fra Titleist er udviklet specielt til dig med et moderat svingtempo, der gerne vil have mere fart i bolden og en <strong>h\u00f8j, stabil launch<\/strong>.<\/p>\n<p>Den ultralette konstruktion og det <strong>lavt og dybt tyngdepunkt<\/strong> giver god tilgivelse og ekstra l\u00e6ngde, selv n\u00e5r dit tr\u00e6f ikke sidder lige i centrum. Den \u00e5bne halskonstruktion hj\u00e6lper med at flytte v\u00e6gten, s\u00e5 du f\u00e5r mere energi over i bolden.<\/p>\n<p>Hovedet er fremstillet i <strong>carpenter rustfrit st\u00e5l<\/strong>, som b\u00e5de er pr\u00e6cist og holdbart. Og formen? Den giver ro i kroppen og selvtillid, n\u00e5r du st\u00e5r over bolden.<\/p>\n<p>Med Titleists <strong>SureFit-justerbarhed<\/strong> kan du tilpasse k\u00f8llen pr\u00e6cis til dig og dit spil.<\/p>\n<p>TSR1 5 Fairway Wood er til dig der vil have en letspillet og stabil fairway-k\u00f8lle, som passer perfekt til et kontrolleret spil fra b\u00e5de tee og fairway.<\/p>\n","protected":false},"excerpt":{"rendered":"<p>Let at svinge \u2013 let at elske. TSR1 5 Fairway Wood fra Titleist er udviklet specielt til dig med et moderat svingtempo, der gerne vil have mere fart i bolden og en h\u00f8j, stabil launch. Den ultralette konstruktion og det lavt og dybt tyngdepunkt giver god tilgivelse og ekstra l\u00e6ngde, selv n\u00e5r dit tr\u00e6f ikke [&hellip;]<\/p>\n","protected":false},"featured_media":45547,"template":"","meta":{"_acf_changed":false},"product_brand":[],"product_cat":[510],"product_tag":[],"class_list":{"0":"post-45474","1":"product","2":"type-product","3":"status-publish","4":"has-post-thumbnail","6":"product_cat-fairway-koeller","7":"pa_28935-men","8":"pa_brand-titleist","9":"pa_condition-brugt-god-stand","10":"pa_dexterity-venstre-haand","11":"pa_flex-stiff-flex","12":"pa_grip-lamkin-utx","13":"pa_gripsize-standard","14":"pa_headcover-ja","15":"pa_koelle-5-wood","16":"pa_loft-672","17":"pa_model-tsr1","18":"pa_skaft-tensei-blue","19":"pa_skaft-materiale-grafit","20":"pa_sku-4568","22":"first","23":"instock","24":"taxable","25":"shipping-taxable","26":"purchasable","27":"product-type-simple"},"acf":[],"yoast_head":"<!-- This site is optimized with the Yoast SEO plugin v24.8.1 - https:\/\/yoast.com\/wordpress\/plugins\/seo\/ -->\n<title>K\u00f8b Titleist TSR1 - 5 Fairway Wood | Hurtig Levering<\/title>\n<meta name=\"description\" content=\"Forbedr dit spil med Titleist TSR1 5 Fairway Wood! Let at svinge, h\u00f8j pr\u00e6cision og tilpasset til dig. Oplev gl\u00e6den ved golf med ekstra l\u00e6ngde!\" \/>\n<meta name=\"robots\" content=\"noindex, follow, max-snippet:-1, max-image-preview:large, max-video-preview:-1\" \/>\n<meta property=\"og:locale\" content=\"da_DK\" \/>\n<meta property=\"og:type\" content=\"article\" \/>\n<meta property=\"og:title\" content=\"K\u00f8b Titleist TSR1 - 5 Fairway Wood | Hurtig Levering\" \/>\n<meta property=\"og:description\" content=\"Forbedr dit spil med Titleist TSR1 5 Fairway Wood! Let at svinge, h\u00f8j pr\u00e6cision og tilpasset til dig. Oplev gl\u00e6den ved golf med ekstra l\u00e6ngde!\" \/>\n<meta property=\"og:url\" content=\"https:\/\/weplayagain.com\/da\/vare\/titleist-tsr1-fairway-wood-flex-stiff-grafit-5-18-venstre\/\" \/>\n<meta property=\"og:site_name\" content=\"WePlayAgain A\/S\" \/>\n<meta property=\"article:modified_time\" content=\"2025-04-29T12:35:50+00:00\" \/>\n<meta property=\"og:image\" content=\"https:\/\/weplayagain.com\/wp-content\/uploads\/2025\/04\/Photoroom_018_20250429_140227-scaled.jpeg\" \/>\n\t<meta property=\"og:image:width\" content=\"2048\" \/>\n\t<meta property=\"og:image:height\" content=\"2048\" \/>\n\t<meta property=\"og:image:type\" content=\"image\/jpeg\" \/>\n<meta name=\"twitter:card\" content=\"summary_large_image\" \/>\n<meta name=\"twitter:label1\" content=\"Estimeret l\u00e6setid\" \/>\n\t<meta name=\"twitter:data1\" content=\"1 minut\" \/>\n<script type=\"application\/ld+json\" class=\"yoast-schema-graph\">{\"@context\":\"https:\/\/schema.org\",\"@graph\":[{\"@type\":\"WebPage\",\"@id\":\"https:\/\/weplayagain.com\/da\/vare\/titleist-tsr1-fairway-wood-flex-stiff-grafit-5-18-venstre\/\",\"url\":\"https:\/\/weplayagain.com\/da\/vare\/titleist-tsr1-fairway-wood-flex-stiff-grafit-5-18-venstre\/\",\"name\":\"K\u00f8b Titleist TSR1 - 5 Fairway Wood | Hurtig Levering\",\"isPartOf\":{\"@id\":\"https:\/\/weplayagain.com\/#website\"},\"primaryImageOfPage\":{\"@id\":\"https:\/\/weplayagain.com\/da\/vare\/titleist-tsr1-fairway-wood-flex-stiff-grafit-5-18-venstre\/#primaryimage\"},\"image\":{\"@id\":\"https:\/\/weplayagain.com\/da\/vare\/titleist-tsr1-fairway-wood-flex-stiff-grafit-5-18-venstre\/#primaryimage\"},\"thumbnailUrl\":\"https:\/\/weplayagain.host9.slyde.dk\/wp-content\/uploads\/2025\/04\/Photoroom_018_20250429_140227-scaled.jpeg\",\"datePublished\":\"2025-04-29T11:42:06+00:00\",\"dateModified\":\"2025-04-29T12:35:50+00:00\",\"description\":\"Forbedr dit spil med Titleist TSR1 5 Fairway Wood! Let at svinge, h\u00f8j pr\u00e6cision og tilpasset til dig. Oplev gl\u00e6den ved golf med ekstra l\u00e6ngde!\",\"breadcrumb\":{\"@id\":\"https:\/\/weplayagain.com\/da\/vare\/titleist-tsr1-fairway-wood-flex-stiff-grafit-5-18-venstre\/#breadcrumb\"},\"inLanguage\":\"da-DK\",\"potentialAction\":[{\"@type\":\"ReadAction\",\"target\":[\"https:\/\/weplayagain.com\/da\/vare\/titleist-tsr1-fairway-wood-flex-stiff-grafit-5-18-venstre\/\"]}]},{\"@type\":\"ImageObject\",\"inLanguage\":\"da-DK\",\"@id\":\"https:\/\/weplayagain.com\/da\/vare\/titleist-tsr1-fairway-wood-flex-stiff-grafit-5-18-venstre\/#primaryimage\",\"url\":\"https:\/\/weplayagain.host9.slyde.dk\/wp-content\/uploads\/2025\/04\/Photoroom_018_20250429_140227-scaled.jpeg\",\"contentUrl\":\"https:\/\/weplayagain.host9.slyde.dk\/wp-content\/uploads\/2025\/04\/Photoroom_018_20250429_140227-scaled.jpeg\",\"width\":2048,\"height\":2048},{\"@type\":\"BreadcrumbList\",\"@id\":\"https:\/\/weplayagain.com\/da\/vare\/titleist-tsr1-fairway-wood-flex-stiff-grafit-5-18-venstre\/#breadcrumb\",\"itemListElement\":[{\"@type\":\"ListItem\",\"position\":1,\"name\":\"Hjem\",\"item\":\"https:\/\/weplayagain.com\/da\/\"},{\"@type\":\"ListItem\",\"position\":2,\"name\":\"Shop\",\"item\":\"https:\/\/weplayagain.com\/shop\/\"},{\"@type\":\"ListItem\",\"position\":3,\"name\":\"Titleist TSR1 Fairway Wood \/ Flex Stiff \/ Grafit \/ #5\/18 &#8211; Venstre\"}]},{\"@type\":\"WebSite\",\"@id\":\"https:\/\/weplayagain.com\/#website\",\"url\":\"https:\/\/weplayagain.com\/\",\"name\":\"WePlayAgain A\/S\",\"description\":\"K\u00f8b brugt - trygt, og til markedets skarpeste priser\",\"publisher\":{\"@id\":\"https:\/\/weplayagain.com\/#organization\"},\"potentialAction\":[{\"@type\":\"SearchAction\",\"target\":{\"@type\":\"EntryPoint\",\"urlTemplate\":\"https:\/\/weplayagain.com\/?s={search_term_string}\"},\"query-input\":{\"@type\":\"PropertyValueSpecification\",\"valueRequired\":true,\"valueName\":\"search_term_string\"}}],\"inLanguage\":\"da-DK\"},{\"@type\":\"Organization\",\"@id\":\"https:\/\/weplayagain.com\/#organization\",\"name\":\"WePlayAgain A\/S\",\"url\":\"https:\/\/weplayagain.com\/\",\"logo\":{\"@type\":\"ImageObject\",\"inLanguage\":\"da-DK\",\"@id\":\"https:\/\/weplayagain.com\/#\/schema\/logo\/image\/\",\"url\":\"https:\/\/weplayagain.host9.slyde.dk\/wp-content\/uploads\/2022\/01\/Asset-8-8.png\",\"contentUrl\":\"https:\/\/weplayagain.host9.slyde.dk\/wp-content\/uploads\/2022\/01\/Asset-8-8.png\",\"width\":2048,\"height\":454,\"caption\":\"WePlayAgain A\/S\"},\"image\":{\"@id\":\"https:\/\/weplayagain.com\/#\/schema\/logo\/image\/\"}}]}<\/script>\n<!-- \/ Yoast SEO plugin. -->","yoast_head_json":{"title":"K\u00f8b Titleist TSR1 - 5 Fairway Wood | Hurtig Levering","description":"Forbedr dit spil med Titleist TSR1 5 Fairway Wood! Let at svinge, h\u00f8j pr\u00e6cision og tilpasset til dig. Oplev gl\u00e6den ved golf med ekstra l\u00e6ngde!","robots":{"index":"noindex","follow":"follow","max-snippet":"max-snippet:-1","max-image-preview":"max-image-preview:large","max-video-preview":"max-video-preview:-1"},"og_locale":"da_DK","og_type":"article","og_title":"K\u00f8b Titleist TSR1 - 5 Fairway Wood | Hurtig Levering","og_description":"Forbedr dit spil med Titleist TSR1 5 Fairway Wood! Let at svinge, h\u00f8j pr\u00e6cision og tilpasset til dig. Oplev gl\u00e6den ved golf med ekstra l\u00e6ngde!","og_url":"https:\/\/weplayagain.com\/da\/vare\/titleist-tsr1-fairway-wood-flex-stiff-grafit-5-18-venstre\/","og_site_name":"WePlayAgain A\/S","article_modified_time":"2025-04-29T12:35:50+00:00","og_image":[{"width":2048,"height":2048,"url":"https:\/\/weplayagain.com\/wp-content\/uploads\/2025\/04\/Photoroom_018_20250429_140227-scaled.jpeg","type":"image\/jpeg"}],"twitter_card":"summary_large_image","twitter_misc":{"Estimeret l\u00e6setid":"1 minut"},"schema":{"@context":"https:\/\/schema.org","@graph":[{"@type":"WebPage","@id":"https:\/\/weplayagain.com\/da\/vare\/titleist-tsr1-fairway-wood-flex-stiff-grafit-5-18-venstre\/","url":"https:\/\/weplayagain.com\/da\/vare\/titleist-tsr1-fairway-wood-flex-stiff-grafit-5-18-venstre\/","name":"K\u00f8b Titleist TSR1 - 5 Fairway Wood | Hurtig Levering","isPartOf":{"@id":"https:\/\/weplayagain.com\/#website"},"primaryImageOfPage":{"@id":"https:\/\/weplayagain.com\/da\/vare\/titleist-tsr1-fairway-wood-flex-stiff-grafit-5-18-venstre\/#primaryimage"},"image":{"@id":"https:\/\/weplayagain.com\/da\/vare\/titleist-tsr1-fairway-wood-flex-stiff-grafit-5-18-venstre\/#primaryimage"},"thumbnailUrl":"https:\/\/weplayagain.host9.slyde.dk\/wp-content\/uploads\/2025\/04\/Photoroom_018_20250429_140227-scaled.jpeg","datePublished":"2025-04-29T11:42:06+00:00","dateModified":"2025-04-29T12:35:50+00:00","description":"Forbedr dit spil med Titleist TSR1 5 Fairway Wood! Let at svinge, h\u00f8j pr\u00e6cision og tilpasset til dig. Oplev gl\u00e6den ved golf med ekstra l\u00e6ngde!","breadcrumb":{"@id":"https:\/\/weplayagain.com\/da\/vare\/titleist-tsr1-fairway-wood-flex-stiff-grafit-5-18-venstre\/#breadcrumb"},"inLanguage":"da-DK","potentialAction":[{"@type":"ReadAction","target":["https:\/\/weplayagain.com\/da\/vare\/titleist-tsr1-fairway-wood-flex-stiff-grafit-5-18-venstre\/"]}]},{"@type":"ImageObject","inLanguage":"da-DK","@id":"https:\/\/weplayagain.com\/da\/vare\/titleist-tsr1-fairway-wood-flex-stiff-grafit-5-18-venstre\/#primaryimage","url":"https:\/\/weplayagain.host9.slyde.dk\/wp-content\/uploads\/2025\/04\/Photoroom_018_20250429_140227-scaled.jpeg","contentUrl":"https:\/\/weplayagain.host9.slyde.dk\/wp-content\/uploads\/2025\/04\/Photoroom_018_20250429_140227-scaled.jpeg","width":2048,"height":2048},{"@type":"BreadcrumbList","@id":"https:\/\/weplayagain.com\/da\/vare\/titleist-tsr1-fairway-wood-flex-stiff-grafit-5-18-venstre\/#breadcrumb","itemListElement":[{"@type":"ListItem","position":1,"name":"Hjem","item":"https:\/\/weplayagain.com\/da\/"},{"@type":"ListItem","position":2,"name":"Shop","item":"https:\/\/weplayagain.com\/shop\/"},{"@type":"ListItem","position":3,"name":"Titleist TSR1 Fairway Wood \/ Flex Stiff \/ Grafit \/ #5\/18 &#8211; Venstre"}]},{"@type":"WebSite","@id":"https:\/\/weplayagain.com\/#website","url":"https:\/\/weplayagain.com\/","name":"WePlayAgain A\/S","description":"K\u00f8b brugt - trygt, og til markedets skarpeste priser","publisher":{"@id":"https:\/\/weplayagain.com\/#organization"},"potentialAction":[{"@type":"SearchAction","target":{"@type":"EntryPoint","urlTemplate":"https:\/\/weplayagain.com\/?s={search_term_string}"},"query-input":{"@type":"PropertyValueSpecification","valueRequired":true,"valueName":"search_term_string"}}],"inLanguage":"da-DK"},{"@type":"Organization","@id":"https:\/\/weplayagain.com\/#organization","name":"WePlayAgain A\/S","url":"https:\/\/weplayagain.com\/","logo":{"@type":"ImageObject","inLanguage":"da-DK","@id":"https:\/\/weplayagain.com\/#\/schema\/logo\/image\/","url":"https:\/\/weplayagain.host9.slyde.dk\/wp-content\/uploads\/2022\/01\/Asset-8-8.png","contentUrl":"https:\/\/weplayagain.host9.slyde.dk\/wp-content\/uploads\/2022\/01\/Asset-8-8.png","width":2048,"height":454,"caption":"WePlayAgain A\/S"},"image":{"@id":"https:\/\/weplayagain.com\/#\/schema\/logo\/image\/"}}]}},"_links":{"self":[{"href":"https:\/\/weplayagain.host9.slyde.dk\/da\/wp-json\/wp\/v2\/product\/45474","targetHints":{"allow":["GET"]}}],"collection":[{"href":"https:\/\/weplayagain.host9.slyde.dk\/da\/wp-json\/wp\/v2\/product"}],"about":[{"href":"https:\/\/weplayagain.host9.slyde.dk\/da\/wp-json\/wp\/v2\/types\/product"}],"wp:featuredmedia":[{"embeddable":true,"href":"https:\/\/weplayagain.host9.slyde.dk\/da\/wp-json\/wp\/v2\/media\/45547"}],"wp:attachment":[{"href":"https:\/\/weplayagain.host9.slyde.dk\/da\/wp-json\/wp\/v2\/media?parent=45474"}],"wp:term":[{"taxonomy":"product_brand","embeddable":true,"href":"https:\/\/weplayagain.host9.slyde.dk\/da\/wp-json\/wp\/v2\/product_brand?post=45474"},{"taxonomy":"product_cat","embeddable":true,"href":"https:\/\/weplayagain.host9.slyde.dk\/da\/wp-json\/wp\/v2\/product_cat?post=45474"},{"taxonomy":"product_tag","embeddable":true,"href":"https:\/\/weplayagain.host9.slyde.dk\/da\/wp-json\/wp\/v2\/product_tag?post=45474"}],"curies":[{"name":"wp","href":"https:\/\/api.w.org\/{rel}","templated":true}]}}