{"id":45482,"date":"2025-04-29T12:42:22","date_gmt":"2025-04-29T11:42:22","guid":{"rendered":"https:\/\/weplayagain.com\/?post_type=product&#038;p=45482"},"modified":"2025-04-29T13:43:03","modified_gmt":"2025-04-29T12:43:03","slug":"srixon-zx-mk-ii-fairway-wood-flex-stiff-grafit-3-15","status":"publish","type":"product","link":"https:\/\/weplayagain.host9.slyde.dk\/da\/vare\/srixon-zx-mk-ii-fairway-wood-flex-stiff-grafit-3-15\/","title":{"rendered":"Srixon ZX MK II Fairway Wood \/ Flex Stiff \/ Grafit \/ #3\/15"},"content":{"rendered":"<p>Srixon ZX MK II 3 Fairway Wood er til dig, der vil have mere fart i bolden \u2013 uanset dit handicap. Den er bygget til at hj\u00e6lpe dig med at sl\u00e5 lange, h\u00f8je slag fra fairwayen eller teestedet med selvtillid.<\/p>\n<p>Med den smarte <strong>Rebound Frame-teknologi<\/strong> f\u00e5r du ekstra energi over hele slagfladen. Det betyder, at selv slag der ikke rammer midt i centrum stadig kan flyve langt. Den lette <strong>carbon crown<\/strong> og det s\u00e6nkede tyngdepunkt hj\u00e6lper dig med at f\u00e5 bolden hurtigt i luften \u2013 perfekt n\u00e5r du st\u00e5r p\u00e5 lidt d\u00e5rligere leje.<\/p>\n<p>Du f\u00e5r en fairway wood, som er b\u00e5de <strong>forgivende<\/strong> og kraftfuld, og den er ideel til golfspillere p\u00e5 alle niveauer, der vil have en klub, der arbejder lige s\u00e5 h\u00e5rdt som dem selv.<\/p>\n<p>Et oplagt valg, hvis du vil have en stabil 3-wood med god f\u00f8lelse og masser af l\u00e6ngde i spillet.<\/p>\n","protected":false},"excerpt":{"rendered":"<p>Srixon ZX MK II 3 Fairway Wood er til dig, der vil have mere fart i bolden \u2013 uanset dit handicap. Den er bygget til at hj\u00e6lpe dig med at sl\u00e5 lange, h\u00f8je slag fra fairwayen eller teestedet med selvtillid. Med den smarte Rebound Frame-teknologi f\u00e5r du ekstra energi over hele slagfladen. Det betyder, at [&hellip;]<\/p>\n","protected":false},"featured_media":45593,"template":"","meta":{"_acf_changed":false},"product_brand":[],"product_cat":[510],"product_tag":[],"class_list":{"0":"post-45482","1":"product","2":"type-product","3":"status-publish","4":"has-post-thumbnail","6":"product_cat-fairway-koeller","7":"pa_28935-men","8":"pa_brand-srixon","9":"pa_condition-brugt-god-stand","10":"pa_dexterity-hojre-haand","11":"pa_flex-stiff-flex","12":"pa_grip-star-grip","13":"pa_gripsize-standard","14":"pa_headcover-ja","15":"pa_koelle-3-wood","16":"pa_loft-632","17":"pa_model-zx-mk-ii","18":"pa_skaft-miyazaki-codex","19":"pa_skaft-materiale-grafit","20":"pa_sku-4582","22":"first","23":"instock","24":"taxable","25":"shipping-taxable","26":"purchasable","27":"product-type-simple"},"acf":[],"yoast_head":"<!-- This site is optimized with the Yoast SEO plugin v24.8.1 - https:\/\/yoast.com\/wordpress\/plugins\/seo\/ -->\n<title>K\u00f8b brugt Srixon ZX MK II - 3 Fairway Wood | Spar op til 62%<\/title>\n<meta name=\"description\" content=\"K\u00f8b brugt Srixon ZX MK II 3 Fairway Wood - Spar op til 62% af nyprisen -&gt; 2 \u00e5rs garanti | 14 dages pr\u00f8veperiode | EU Prisgaranti\" \/>\n<meta name=\"robots\" content=\"noindex, follow, max-snippet:-1, max-image-preview:large, max-video-preview:-1\" \/>\n<meta property=\"og:locale\" content=\"da_DK\" \/>\n<meta property=\"og:type\" content=\"article\" \/>\n<meta property=\"og:title\" content=\"K\u00f8b brugt Srixon ZX MK II - 3 Fairway Wood | Spar op til 62%\" \/>\n<meta property=\"og:description\" content=\"K\u00f8b brugt Srixon ZX MK II 3 Fairway Wood - Spar op til 62% af nyprisen -&gt; 2 \u00e5rs garanti | 14 dages pr\u00f8veperiode | EU Prisgaranti\" \/>\n<meta property=\"og:url\" content=\"https:\/\/weplayagain.com\/da\/vare\/srixon-zx-mk-ii-fairway-wood-flex-stiff-grafit-3-15\/\" \/>\n<meta property=\"og:site_name\" content=\"WePlayAgain A\/S\" \/>\n<meta property=\"article:modified_time\" content=\"2025-04-29T12:43:03+00:00\" \/>\n<meta property=\"og:image\" content=\"https:\/\/weplayagain.com\/wp-content\/uploads\/2025\/04\/Photoroom_024_20250429_140956-scaled.jpeg\" \/>\n\t<meta property=\"og:image:width\" content=\"2048\" \/>\n\t<meta property=\"og:image:height\" content=\"2048\" \/>\n\t<meta property=\"og:image:type\" content=\"image\/jpeg\" \/>\n<meta name=\"twitter:card\" content=\"summary_large_image\" \/>\n<meta name=\"twitter:label1\" content=\"Estimeret l\u00e6setid\" \/>\n\t<meta name=\"twitter:data1\" content=\"1 minut\" \/>\n<script type=\"application\/ld+json\" class=\"yoast-schema-graph\">{\"@context\":\"https:\/\/schema.org\",\"@graph\":[{\"@type\":\"WebPage\",\"@id\":\"https:\/\/weplayagain.com\/da\/vare\/srixon-zx-mk-ii-fairway-wood-flex-stiff-grafit-3-15\/\",\"url\":\"https:\/\/weplayagain.com\/da\/vare\/srixon-zx-mk-ii-fairway-wood-flex-stiff-grafit-3-15\/\",\"name\":\"K\u00f8b brugt Srixon ZX MK II - 3 Fairway Wood | Spar op til 62%\",\"isPartOf\":{\"@id\":\"https:\/\/weplayagain.com\/#website\"},\"primaryImageOfPage\":{\"@id\":\"https:\/\/weplayagain.com\/da\/vare\/srixon-zx-mk-ii-fairway-wood-flex-stiff-grafit-3-15\/#primaryimage\"},\"image\":{\"@id\":\"https:\/\/weplayagain.com\/da\/vare\/srixon-zx-mk-ii-fairway-wood-flex-stiff-grafit-3-15\/#primaryimage\"},\"thumbnailUrl\":\"https:\/\/weplayagain.host9.slyde.dk\/wp-content\/uploads\/2025\/04\/Photoroom_024_20250429_140956-scaled.jpeg\",\"datePublished\":\"2025-04-29T11:42:22+00:00\",\"dateModified\":\"2025-04-29T12:43:03+00:00\",\"description\":\"K\u00f8b brugt Srixon ZX MK II 3 Fairway Wood - Spar op til 62% af nyprisen -> 2 \u00e5rs garanti | 14 dages pr\u00f8veperiode | EU Prisgaranti\",\"breadcrumb\":{\"@id\":\"https:\/\/weplayagain.com\/da\/vare\/srixon-zx-mk-ii-fairway-wood-flex-stiff-grafit-3-15\/#breadcrumb\"},\"inLanguage\":\"da-DK\",\"potentialAction\":[{\"@type\":\"ReadAction\",\"target\":[\"https:\/\/weplayagain.com\/da\/vare\/srixon-zx-mk-ii-fairway-wood-flex-stiff-grafit-3-15\/\"]}]},{\"@type\":\"ImageObject\",\"inLanguage\":\"da-DK\",\"@id\":\"https:\/\/weplayagain.com\/da\/vare\/srixon-zx-mk-ii-fairway-wood-flex-stiff-grafit-3-15\/#primaryimage\",\"url\":\"https:\/\/weplayagain.host9.slyde.dk\/wp-content\/uploads\/2025\/04\/Photoroom_024_20250429_140956-scaled.jpeg\",\"contentUrl\":\"https:\/\/weplayagain.host9.slyde.dk\/wp-content\/uploads\/2025\/04\/Photoroom_024_20250429_140956-scaled.jpeg\",\"width\":2048,\"height\":2048},{\"@type\":\"BreadcrumbList\",\"@id\":\"https:\/\/weplayagain.com\/da\/vare\/srixon-zx-mk-ii-fairway-wood-flex-stiff-grafit-3-15\/#breadcrumb\",\"itemListElement\":[{\"@type\":\"ListItem\",\"position\":1,\"name\":\"Hjem\",\"item\":\"https:\/\/weplayagain.com\/da\/\"},{\"@type\":\"ListItem\",\"position\":2,\"name\":\"Shop\",\"item\":\"https:\/\/weplayagain.com\/shop\/\"},{\"@type\":\"ListItem\",\"position\":3,\"name\":\"Srixon ZX MK II Fairway Wood \/ Flex Stiff \/ Grafit \/ #3\/15\"}]},{\"@type\":\"WebSite\",\"@id\":\"https:\/\/weplayagain.com\/#website\",\"url\":\"https:\/\/weplayagain.com\/\",\"name\":\"WePlayAgain A\/S\",\"description\":\"K\u00f8b brugt - trygt, og til markedets skarpeste priser\",\"publisher\":{\"@id\":\"https:\/\/weplayagain.com\/#organization\"},\"potentialAction\":[{\"@type\":\"SearchAction\",\"target\":{\"@type\":\"EntryPoint\",\"urlTemplate\":\"https:\/\/weplayagain.com\/?s={search_term_string}\"},\"query-input\":{\"@type\":\"PropertyValueSpecification\",\"valueRequired\":true,\"valueName\":\"search_term_string\"}}],\"inLanguage\":\"da-DK\"},{\"@type\":\"Organization\",\"@id\":\"https:\/\/weplayagain.com\/#organization\",\"name\":\"WePlayAgain A\/S\",\"url\":\"https:\/\/weplayagain.com\/\",\"logo\":{\"@type\":\"ImageObject\",\"inLanguage\":\"da-DK\",\"@id\":\"https:\/\/weplayagain.com\/#\/schema\/logo\/image\/\",\"url\":\"https:\/\/weplayagain.host9.slyde.dk\/wp-content\/uploads\/2022\/01\/Asset-8-8.png\",\"contentUrl\":\"https:\/\/weplayagain.host9.slyde.dk\/wp-content\/uploads\/2022\/01\/Asset-8-8.png\",\"width\":2048,\"height\":454,\"caption\":\"WePlayAgain A\/S\"},\"image\":{\"@id\":\"https:\/\/weplayagain.com\/#\/schema\/logo\/image\/\"}}]}<\/script>\n<!-- \/ Yoast SEO plugin. -->","yoast_head_json":{"title":"K\u00f8b brugt Srixon ZX MK II - 3 Fairway Wood | Spar op til 62%","description":"K\u00f8b brugt Srixon ZX MK II 3 Fairway Wood - Spar op til 62% af nyprisen -> 2 \u00e5rs garanti | 14 dages pr\u00f8veperiode | EU Prisgaranti","robots":{"index":"noindex","follow":"follow","max-snippet":"max-snippet:-1","max-image-preview":"max-image-preview:large","max-video-preview":"max-video-preview:-1"},"og_locale":"da_DK","og_type":"article","og_title":"K\u00f8b brugt Srixon ZX MK II - 3 Fairway Wood | Spar op til 62%","og_description":"K\u00f8b brugt Srixon ZX MK II 3 Fairway Wood - Spar op til 62% af nyprisen -> 2 \u00e5rs garanti | 14 dages pr\u00f8veperiode | EU Prisgaranti","og_url":"https:\/\/weplayagain.com\/da\/vare\/srixon-zx-mk-ii-fairway-wood-flex-stiff-grafit-3-15\/","og_site_name":"WePlayAgain A\/S","article_modified_time":"2025-04-29T12:43:03+00:00","og_image":[{"width":2048,"height":2048,"url":"https:\/\/weplayagain.com\/wp-content\/uploads\/2025\/04\/Photoroom_024_20250429_140956-scaled.jpeg","type":"image\/jpeg"}],"twitter_card":"summary_large_image","twitter_misc":{"Estimeret l\u00e6setid":"1 minut"},"schema":{"@context":"https:\/\/schema.org","@graph":[{"@type":"WebPage","@id":"https:\/\/weplayagain.com\/da\/vare\/srixon-zx-mk-ii-fairway-wood-flex-stiff-grafit-3-15\/","url":"https:\/\/weplayagain.com\/da\/vare\/srixon-zx-mk-ii-fairway-wood-flex-stiff-grafit-3-15\/","name":"K\u00f8b brugt Srixon ZX MK II - 3 Fairway Wood | Spar op til 62%","isPartOf":{"@id":"https:\/\/weplayagain.com\/#website"},"primaryImageOfPage":{"@id":"https:\/\/weplayagain.com\/da\/vare\/srixon-zx-mk-ii-fairway-wood-flex-stiff-grafit-3-15\/#primaryimage"},"image":{"@id":"https:\/\/weplayagain.com\/da\/vare\/srixon-zx-mk-ii-fairway-wood-flex-stiff-grafit-3-15\/#primaryimage"},"thumbnailUrl":"https:\/\/weplayagain.host9.slyde.dk\/wp-content\/uploads\/2025\/04\/Photoroom_024_20250429_140956-scaled.jpeg","datePublished":"2025-04-29T11:42:22+00:00","dateModified":"2025-04-29T12:43:03+00:00","description":"K\u00f8b brugt Srixon ZX MK II 3 Fairway Wood - Spar op til 62% af nyprisen -> 2 \u00e5rs garanti | 14 dages pr\u00f8veperiode | EU Prisgaranti","breadcrumb":{"@id":"https:\/\/weplayagain.com\/da\/vare\/srixon-zx-mk-ii-fairway-wood-flex-stiff-grafit-3-15\/#breadcrumb"},"inLanguage":"da-DK","potentialAction":[{"@type":"ReadAction","target":["https:\/\/weplayagain.com\/da\/vare\/srixon-zx-mk-ii-fairway-wood-flex-stiff-grafit-3-15\/"]}]},{"@type":"ImageObject","inLanguage":"da-DK","@id":"https:\/\/weplayagain.com\/da\/vare\/srixon-zx-mk-ii-fairway-wood-flex-stiff-grafit-3-15\/#primaryimage","url":"https:\/\/weplayagain.host9.slyde.dk\/wp-content\/uploads\/2025\/04\/Photoroom_024_20250429_140956-scaled.jpeg","contentUrl":"https:\/\/weplayagain.host9.slyde.dk\/wp-content\/uploads\/2025\/04\/Photoroom_024_20250429_140956-scaled.jpeg","width":2048,"height":2048},{"@type":"BreadcrumbList","@id":"https:\/\/weplayagain.com\/da\/vare\/srixon-zx-mk-ii-fairway-wood-flex-stiff-grafit-3-15\/#breadcrumb","itemListElement":[{"@type":"ListItem","position":1,"name":"Hjem","item":"https:\/\/weplayagain.com\/da\/"},{"@type":"ListItem","position":2,"name":"Shop","item":"https:\/\/weplayagain.com\/shop\/"},{"@type":"ListItem","position":3,"name":"Srixon ZX MK II Fairway Wood \/ Flex Stiff \/ Grafit \/ #3\/15"}]},{"@type":"WebSite","@id":"https:\/\/weplayagain.com\/#website","url":"https:\/\/weplayagain.com\/","name":"WePlayAgain A\/S","description":"K\u00f8b brugt - trygt, og til markedets skarpeste priser","publisher":{"@id":"https:\/\/weplayagain.com\/#organization"},"potentialAction":[{"@type":"SearchAction","target":{"@type":"EntryPoint","urlTemplate":"https:\/\/weplayagain.com\/?s={search_term_string}"},"query-input":{"@type":"PropertyValueSpecification","valueRequired":true,"valueName":"search_term_string"}}],"inLanguage":"da-DK"},{"@type":"Organization","@id":"https:\/\/weplayagain.com\/#organization","name":"WePlayAgain A\/S","url":"https:\/\/weplayagain.com\/","logo":{"@type":"ImageObject","inLanguage":"da-DK","@id":"https:\/\/weplayagain.com\/#\/schema\/logo\/image\/","url":"https:\/\/weplayagain.host9.slyde.dk\/wp-content\/uploads\/2022\/01\/Asset-8-8.png","contentUrl":"https:\/\/weplayagain.host9.slyde.dk\/wp-content\/uploads\/2022\/01\/Asset-8-8.png","width":2048,"height":454,"caption":"WePlayAgain A\/S"},"image":{"@id":"https:\/\/weplayagain.com\/#\/schema\/logo\/image\/"}}]}},"_links":{"self":[{"href":"https:\/\/weplayagain.host9.slyde.dk\/da\/wp-json\/wp\/v2\/product\/45482","targetHints":{"allow":["GET"]}}],"collection":[{"href":"https:\/\/weplayagain.host9.slyde.dk\/da\/wp-json\/wp\/v2\/product"}],"about":[{"href":"https:\/\/weplayagain.host9.slyde.dk\/da\/wp-json\/wp\/v2\/types\/product"}],"wp:featuredmedia":[{"embeddable":true,"href":"https:\/\/weplayagain.host9.slyde.dk\/da\/wp-json\/wp\/v2\/media\/45593"}],"wp:attachment":[{"href":"https:\/\/weplayagain.host9.slyde.dk\/da\/wp-json\/wp\/v2\/media?parent=45482"}],"wp:term":[{"taxonomy":"product_brand","embeddable":true,"href":"https:\/\/weplayagain.host9.slyde.dk\/da\/wp-json\/wp\/v2\/product_brand?post=45482"},{"taxonomy":"product_cat","embeddable":true,"href":"https:\/\/weplayagain.host9.slyde.dk\/da\/wp-json\/wp\/v2\/product_cat?post=45482"},{"taxonomy":"product_tag","embeddable":true,"href":"https:\/\/weplayagain.host9.slyde.dk\/da\/wp-json\/wp\/v2\/product_tag?post=45482"}],"curies":[{"name":"wp","href":"https:\/\/api.w.org\/{rel}","templated":true}]}}