{"id":46219,"date":"2025-05-04T10:00:11","date_gmt":"2025-05-04T09:00:11","guid":{"rendered":"https:\/\/weplayagain.com\/?post_type=product&#038;p=46219"},"modified":"2025-05-04T10:30:05","modified_gmt":"2025-05-04T09:30:05","slug":"cobra-forged-tec-one-length-jernsaet-flex-stiff-5-pw-staal","status":"publish","type":"product","link":"https:\/\/weplayagain.host9.slyde.dk\/da\/vare\/cobra-forged-tec-one-length-jernsaet-flex-stiff-5-pw-staal\/","title":{"rendered":"Cobra Forged Tec One Length Jerns\u00e6t \/ Flex Stiff \/ 5-PW  \/ St\u00e5l"},"content":{"rendered":"<p>Vil du have mere konsistens i jernslagene \u2013 uden at g\u00e5 p\u00e5 kompromis med f\u00f8lelse og kontrol? S\u00e5 er det her s\u00e6t lige noget for dig.<\/p>\n<p>Cobra King Forged Tec One Length er til dig, der elsker f\u00f8lelsen af et &#8220;player&#8217;s iron&#8221;, men vil have lidt ekstra hj\u00e6lp med l\u00e6ngde og tilgivelse. Alle jern er samme l\u00e6ngde som et 7-jern, s\u00e5 du kan svinge ens \u2013 hver gang.<\/p>\n<ul>\n<li>ONE Length-teknologi giver dig <strong>ens sving og bedre pr\u00e6cision<\/strong><\/li>\n<li>Hult design med foam-indl\u00e6g og <strong>PWRSHELL\u2122-slagflade<\/strong> \u00f8ger boldhastigheden<\/li>\n<li><strong>Tungstenv\u00e6gt i t\u00e5en<\/strong> giver lavere tyngdepunkt og mere tilgivelse<\/li>\n<li>Kompakt, stilrent look \u2013 men gemmer p\u00e5 masser af teknologi<\/li>\n<\/ul>\n<p>Et ideelt s\u00e6t til dig, der spiller i midt- til lavt handicap og s\u00f8ger smartere konsistens i dit jernspil.<\/p>\n","protected":false},"excerpt":{"rendered":"<p>Vil du have mere konsistens i jernslagene \u2013 uden at g\u00e5 p\u00e5 kompromis med f\u00f8lelse og kontrol? S\u00e5 er det her s\u00e6t lige noget for dig. Cobra King Forged Tec One Length er til dig, der elsker f\u00f8lelsen af et &#8220;player&#8217;s iron&#8221;, men vil have lidt ekstra hj\u00e6lp med l\u00e6ngde og tilgivelse. Alle jern er [&hellip;]<\/p>\n","protected":false},"featured_media":46241,"template":"","meta":{"_acf_changed":false},"product_brand":[],"product_cat":[373],"product_tag":[],"class_list":{"0":"post-46219","1":"product","2":"type-product","3":"status-publish","4":"has-post-thumbnail","6":"product_cat-jernsaet","7":"pa_28935-men","8":"pa_brand-cobra","9":"pa_condition-brugt-god-stand","10":"pa_dexterity-hojre-haand","11":"pa_flex-stiff-flex","12":"pa_grip-golfpride-cpx-grip","13":"pa_gripsize-standard","14":"pa_koelle-iron-set","15":"pa_laengdesaet-standard-laengde","16":"pa_model-forged-tec-one-length","17":"pa_set-makeup-5-pw-5-6-7-8-9-pw","18":"pa_skaft-taper","19":"pa_skaft-materiale-staal","20":"pa_sku-4724","22":"first","23":"instock","24":"taxable","25":"shipping-taxable","26":"purchasable","27":"product-type-simple"},"acf":[],"yoast_head":"<!-- This site is optimized with the Yoast SEO plugin v24.8.1 - https:\/\/yoast.com\/wordpress\/plugins\/seo\/ -->\n<title>K\u00f8b brugt Cobra Forged Tec One Length Jerns\u00e6t | Spar op til 62%<\/title>\n<meta name=\"description\" content=\"K\u00f8b brugt Cobra Forged Tec One Length Jerns\u00e6t Spar op til 62% af nyprisen -&gt; 2 \u00e5rs garanti | 14 dages pr\u00f8veperiode | EU Prisgaranti\" \/>\n<meta name=\"robots\" content=\"noindex, follow, max-snippet:-1, max-image-preview:large, max-video-preview:-1\" \/>\n<meta property=\"og:locale\" content=\"da_DK\" \/>\n<meta property=\"og:type\" content=\"article\" \/>\n<meta property=\"og:title\" content=\"K\u00f8b brugt Cobra Forged Tec One Length Jerns\u00e6t | Spar op til 62%\" \/>\n<meta property=\"og:description\" content=\"K\u00f8b brugt Cobra Forged Tec One Length Jerns\u00e6t Spar op til 62% af nyprisen -&gt; 2 \u00e5rs garanti | 14 dages pr\u00f8veperiode | EU Prisgaranti\" \/>\n<meta property=\"og:url\" content=\"https:\/\/weplayagain.com\/da\/vare\/cobra-forged-tec-one-length-jernsaet-flex-stiff-5-pw-staal\/\" \/>\n<meta property=\"og:site_name\" content=\"WePlayAgain A\/S\" \/>\n<meta property=\"article:modified_time\" content=\"2025-05-04T09:30:05+00:00\" \/>\n<meta property=\"og:image\" content=\"https:\/\/weplayagain.com\/wp-content\/uploads\/2025\/05\/Photoroom_008_20250504_112527-scaled.jpeg\" \/>\n\t<meta property=\"og:image:width\" content=\"2048\" \/>\n\t<meta property=\"og:image:height\" content=\"2048\" \/>\n\t<meta property=\"og:image:type\" content=\"image\/jpeg\" \/>\n<meta name=\"twitter:card\" content=\"summary_large_image\" \/>\n<meta name=\"twitter:label1\" content=\"Estimeret l\u00e6setid\" \/>\n\t<meta name=\"twitter:data1\" content=\"1 minut\" \/>\n<script type=\"application\/ld+json\" class=\"yoast-schema-graph\">{\"@context\":\"https:\/\/schema.org\",\"@graph\":[{\"@type\":\"WebPage\",\"@id\":\"https:\/\/weplayagain.com\/da\/vare\/cobra-forged-tec-one-length-jernsaet-flex-stiff-5-pw-staal\/\",\"url\":\"https:\/\/weplayagain.com\/da\/vare\/cobra-forged-tec-one-length-jernsaet-flex-stiff-5-pw-staal\/\",\"name\":\"K\u00f8b brugt Cobra Forged Tec One Length Jerns\u00e6t | Spar op til 62%\",\"isPartOf\":{\"@id\":\"https:\/\/weplayagain.com\/#website\"},\"primaryImageOfPage\":{\"@id\":\"https:\/\/weplayagain.com\/da\/vare\/cobra-forged-tec-one-length-jernsaet-flex-stiff-5-pw-staal\/#primaryimage\"},\"image\":{\"@id\":\"https:\/\/weplayagain.com\/da\/vare\/cobra-forged-tec-one-length-jernsaet-flex-stiff-5-pw-staal\/#primaryimage\"},\"thumbnailUrl\":\"https:\/\/weplayagain.host9.slyde.dk\/wp-content\/uploads\/2025\/05\/Photoroom_008_20250504_112527-scaled.jpeg\",\"datePublished\":\"2025-05-04T09:00:11+00:00\",\"dateModified\":\"2025-05-04T09:30:05+00:00\",\"description\":\"K\u00f8b brugt Cobra Forged Tec One Length Jerns\u00e6t Spar op til 62% af nyprisen -> 2 \u00e5rs garanti | 14 dages pr\u00f8veperiode | EU Prisgaranti\",\"breadcrumb\":{\"@id\":\"https:\/\/weplayagain.com\/da\/vare\/cobra-forged-tec-one-length-jernsaet-flex-stiff-5-pw-staal\/#breadcrumb\"},\"inLanguage\":\"da-DK\",\"potentialAction\":[{\"@type\":\"ReadAction\",\"target\":[\"https:\/\/weplayagain.com\/da\/vare\/cobra-forged-tec-one-length-jernsaet-flex-stiff-5-pw-staal\/\"]}]},{\"@type\":\"ImageObject\",\"inLanguage\":\"da-DK\",\"@id\":\"https:\/\/weplayagain.com\/da\/vare\/cobra-forged-tec-one-length-jernsaet-flex-stiff-5-pw-staal\/#primaryimage\",\"url\":\"https:\/\/weplayagain.host9.slyde.dk\/wp-content\/uploads\/2025\/05\/Photoroom_008_20250504_112527-scaled.jpeg\",\"contentUrl\":\"https:\/\/weplayagain.host9.slyde.dk\/wp-content\/uploads\/2025\/05\/Photoroom_008_20250504_112527-scaled.jpeg\",\"width\":2048,\"height\":2048},{\"@type\":\"BreadcrumbList\",\"@id\":\"https:\/\/weplayagain.com\/da\/vare\/cobra-forged-tec-one-length-jernsaet-flex-stiff-5-pw-staal\/#breadcrumb\",\"itemListElement\":[{\"@type\":\"ListItem\",\"position\":1,\"name\":\"Hjem\",\"item\":\"https:\/\/weplayagain.com\/da\/\"},{\"@type\":\"ListItem\",\"position\":2,\"name\":\"Shop\",\"item\":\"https:\/\/weplayagain.com\/shop\/\"},{\"@type\":\"ListItem\",\"position\":3,\"name\":\"Cobra Forged Tec One Length Jerns\u00e6t \/ Flex Stiff \/ 5-PW \/ St\u00e5l\"}]},{\"@type\":\"WebSite\",\"@id\":\"https:\/\/weplayagain.com\/#website\",\"url\":\"https:\/\/weplayagain.com\/\",\"name\":\"WePlayAgain A\/S\",\"description\":\"K\u00f8b brugt - trygt, og til markedets skarpeste priser\",\"publisher\":{\"@id\":\"https:\/\/weplayagain.com\/#organization\"},\"potentialAction\":[{\"@type\":\"SearchAction\",\"target\":{\"@type\":\"EntryPoint\",\"urlTemplate\":\"https:\/\/weplayagain.com\/?s={search_term_string}\"},\"query-input\":{\"@type\":\"PropertyValueSpecification\",\"valueRequired\":true,\"valueName\":\"search_term_string\"}}],\"inLanguage\":\"da-DK\"},{\"@type\":\"Organization\",\"@id\":\"https:\/\/weplayagain.com\/#organization\",\"name\":\"WePlayAgain A\/S\",\"url\":\"https:\/\/weplayagain.com\/\",\"logo\":{\"@type\":\"ImageObject\",\"inLanguage\":\"da-DK\",\"@id\":\"https:\/\/weplayagain.com\/#\/schema\/logo\/image\/\",\"url\":\"https:\/\/weplayagain.host9.slyde.dk\/wp-content\/uploads\/2022\/01\/Asset-8-8.png\",\"contentUrl\":\"https:\/\/weplayagain.host9.slyde.dk\/wp-content\/uploads\/2022\/01\/Asset-8-8.png\",\"width\":2048,\"height\":454,\"caption\":\"WePlayAgain A\/S\"},\"image\":{\"@id\":\"https:\/\/weplayagain.com\/#\/schema\/logo\/image\/\"}}]}<\/script>\n<!-- \/ Yoast SEO plugin. -->","yoast_head_json":{"title":"K\u00f8b brugt Cobra Forged Tec One Length Jerns\u00e6t | Spar op til 62%","description":"K\u00f8b brugt Cobra Forged Tec One Length Jerns\u00e6t Spar op til 62% af nyprisen -> 2 \u00e5rs garanti | 14 dages pr\u00f8veperiode | EU Prisgaranti","robots":{"index":"noindex","follow":"follow","max-snippet":"max-snippet:-1","max-image-preview":"max-image-preview:large","max-video-preview":"max-video-preview:-1"},"og_locale":"da_DK","og_type":"article","og_title":"K\u00f8b brugt Cobra Forged Tec One Length Jerns\u00e6t | Spar op til 62%","og_description":"K\u00f8b brugt Cobra Forged Tec One Length Jerns\u00e6t Spar op til 62% af nyprisen -> 2 \u00e5rs garanti | 14 dages pr\u00f8veperiode | EU Prisgaranti","og_url":"https:\/\/weplayagain.com\/da\/vare\/cobra-forged-tec-one-length-jernsaet-flex-stiff-5-pw-staal\/","og_site_name":"WePlayAgain A\/S","article_modified_time":"2025-05-04T09:30:05+00:00","og_image":[{"width":2048,"height":2048,"url":"https:\/\/weplayagain.com\/wp-content\/uploads\/2025\/05\/Photoroom_008_20250504_112527-scaled.jpeg","type":"image\/jpeg"}],"twitter_card":"summary_large_image","twitter_misc":{"Estimeret l\u00e6setid":"1 minut"},"schema":{"@context":"https:\/\/schema.org","@graph":[{"@type":"WebPage","@id":"https:\/\/weplayagain.com\/da\/vare\/cobra-forged-tec-one-length-jernsaet-flex-stiff-5-pw-staal\/","url":"https:\/\/weplayagain.com\/da\/vare\/cobra-forged-tec-one-length-jernsaet-flex-stiff-5-pw-staal\/","name":"K\u00f8b brugt Cobra Forged Tec One Length Jerns\u00e6t | Spar op til 62%","isPartOf":{"@id":"https:\/\/weplayagain.com\/#website"},"primaryImageOfPage":{"@id":"https:\/\/weplayagain.com\/da\/vare\/cobra-forged-tec-one-length-jernsaet-flex-stiff-5-pw-staal\/#primaryimage"},"image":{"@id":"https:\/\/weplayagain.com\/da\/vare\/cobra-forged-tec-one-length-jernsaet-flex-stiff-5-pw-staal\/#primaryimage"},"thumbnailUrl":"https:\/\/weplayagain.host9.slyde.dk\/wp-content\/uploads\/2025\/05\/Photoroom_008_20250504_112527-scaled.jpeg","datePublished":"2025-05-04T09:00:11+00:00","dateModified":"2025-05-04T09:30:05+00:00","description":"K\u00f8b brugt Cobra Forged Tec One Length Jerns\u00e6t Spar op til 62% af nyprisen -> 2 \u00e5rs garanti | 14 dages pr\u00f8veperiode | EU Prisgaranti","breadcrumb":{"@id":"https:\/\/weplayagain.com\/da\/vare\/cobra-forged-tec-one-length-jernsaet-flex-stiff-5-pw-staal\/#breadcrumb"},"inLanguage":"da-DK","potentialAction":[{"@type":"ReadAction","target":["https:\/\/weplayagain.com\/da\/vare\/cobra-forged-tec-one-length-jernsaet-flex-stiff-5-pw-staal\/"]}]},{"@type":"ImageObject","inLanguage":"da-DK","@id":"https:\/\/weplayagain.com\/da\/vare\/cobra-forged-tec-one-length-jernsaet-flex-stiff-5-pw-staal\/#primaryimage","url":"https:\/\/weplayagain.host9.slyde.dk\/wp-content\/uploads\/2025\/05\/Photoroom_008_20250504_112527-scaled.jpeg","contentUrl":"https:\/\/weplayagain.host9.slyde.dk\/wp-content\/uploads\/2025\/05\/Photoroom_008_20250504_112527-scaled.jpeg","width":2048,"height":2048},{"@type":"BreadcrumbList","@id":"https:\/\/weplayagain.com\/da\/vare\/cobra-forged-tec-one-length-jernsaet-flex-stiff-5-pw-staal\/#breadcrumb","itemListElement":[{"@type":"ListItem","position":1,"name":"Hjem","item":"https:\/\/weplayagain.com\/da\/"},{"@type":"ListItem","position":2,"name":"Shop","item":"https:\/\/weplayagain.com\/shop\/"},{"@type":"ListItem","position":3,"name":"Cobra Forged Tec One Length Jerns\u00e6t \/ Flex Stiff \/ 5-PW \/ St\u00e5l"}]},{"@type":"WebSite","@id":"https:\/\/weplayagain.com\/#website","url":"https:\/\/weplayagain.com\/","name":"WePlayAgain A\/S","description":"K\u00f8b brugt - trygt, og til markedets skarpeste priser","publisher":{"@id":"https:\/\/weplayagain.com\/#organization"},"potentialAction":[{"@type":"SearchAction","target":{"@type":"EntryPoint","urlTemplate":"https:\/\/weplayagain.com\/?s={search_term_string}"},"query-input":{"@type":"PropertyValueSpecification","valueRequired":true,"valueName":"search_term_string"}}],"inLanguage":"da-DK"},{"@type":"Organization","@id":"https:\/\/weplayagain.com\/#organization","name":"WePlayAgain A\/S","url":"https:\/\/weplayagain.com\/","logo":{"@type":"ImageObject","inLanguage":"da-DK","@id":"https:\/\/weplayagain.com\/#\/schema\/logo\/image\/","url":"https:\/\/weplayagain.host9.slyde.dk\/wp-content\/uploads\/2022\/01\/Asset-8-8.png","contentUrl":"https:\/\/weplayagain.host9.slyde.dk\/wp-content\/uploads\/2022\/01\/Asset-8-8.png","width":2048,"height":454,"caption":"WePlayAgain A\/S"},"image":{"@id":"https:\/\/weplayagain.com\/#\/schema\/logo\/image\/"}}]}},"_links":{"self":[{"href":"https:\/\/weplayagain.host9.slyde.dk\/da\/wp-json\/wp\/v2\/product\/46219","targetHints":{"allow":["GET"]}}],"collection":[{"href":"https:\/\/weplayagain.host9.slyde.dk\/da\/wp-json\/wp\/v2\/product"}],"about":[{"href":"https:\/\/weplayagain.host9.slyde.dk\/da\/wp-json\/wp\/v2\/types\/product"}],"wp:featuredmedia":[{"embeddable":true,"href":"https:\/\/weplayagain.host9.slyde.dk\/da\/wp-json\/wp\/v2\/media\/46241"}],"wp:attachment":[{"href":"https:\/\/weplayagain.host9.slyde.dk\/da\/wp-json\/wp\/v2\/media?parent=46219"}],"wp:term":[{"taxonomy":"product_brand","embeddable":true,"href":"https:\/\/weplayagain.host9.slyde.dk\/da\/wp-json\/wp\/v2\/product_brand?post=46219"},{"taxonomy":"product_cat","embeddable":true,"href":"https:\/\/weplayagain.host9.slyde.dk\/da\/wp-json\/wp\/v2\/product_cat?post=46219"},{"taxonomy":"product_tag","embeddable":true,"href":"https:\/\/weplayagain.host9.slyde.dk\/da\/wp-json\/wp\/v2\/product_tag?post=46219"}],"curies":[{"name":"wp","href":"https:\/\/api.w.org\/{rel}","templated":true}]}}