{"id":46225,"date":"2025-05-04T10:00:14","date_gmt":"2025-05-04T09:00:14","guid":{"rendered":"https:\/\/weplayagain.com\/?post_type=product&#038;p=46225"},"modified":"2025-05-04T10:45:30","modified_gmt":"2025-05-04T09:45:30","slug":"callaway-big-bertha-jernsaet-flex-regular-5-sw-grafit-venstre","status":"publish","type":"product","link":"https:\/\/weplayagain.host9.slyde.dk\/da\/vare\/callaway-big-bertha-jernsaet-flex-regular-5-sw-grafit-venstre\/","title":{"rendered":"Callaway Big Bertha Jerns\u00e6t \/ Flex Regular \/ 5-SW  \/ Grafit &#8211; Venstre"},"content":{"rendered":"<p>Vil du have et jerns\u00e6t, der g\u00f8r det hele lidt nemmere? Big Bertha Jerns\u00e6t fra Callaway (2023) er skabt til dig, der vil have h\u00f8j boldflugt, lang distance og masser af tilgivelse \u2013 uden at g\u00e5 p\u00e5 kompromis med stil.<\/p>\n<p>Perfekt til midt- til h\u00f8jhandicap udspilleren, der gerne vil spille med <em>selvtillid og kontrol<\/em>.<\/p>\n<ul>\n<li>Den <em>A.I.-designede slagflade<\/em> giver dig imponerende fart og ensartet spin \u2013 s\u00e5 du rammer mere stabilt, ogs\u00e5 n\u00e5r tr\u00e6ffet ikke er helt i centrum<\/li>\n<li><em>Tungsten-v\u00e6gte<\/em> p\u00e5 op til 145g i hvert jern hj\u00e6lper med h\u00f8j launch og energi i bolden<\/li>\n<li>Det store <em>MOI<\/em> g\u00f8r k\u00f8llerne modstandsdygtige over for fejlram, s\u00e5 du holder linjen selv p\u00e5 de d\u00e5rlige slag<\/li>\n<li>Udvalgte k\u00f8ller bruger <em>CP Titanium<\/em> for lavere v\u00e6gt og \u00f8get flex \u2013 mere fart med mindre kraft<\/li>\n<\/ul>\n<p>Designet har en <em>m\u00f8rk, oxideret finish<\/em>, der b\u00e5de beskytter og ser rasende godt ud i bag\u2019en<\/p>\n<p>Alt i alt et jerns\u00e6t med fokus p\u00e5 let spilbarhed og stabil performance \u2013 lavet til dig, der gerne vil fremad i spillet uden at skulle arbejde alt for h\u00e5rdt for det.<\/p>\n","protected":false},"excerpt":{"rendered":"<p>Vil du have et jerns\u00e6t, der g\u00f8r det hele lidt nemmere? Big Bertha Jerns\u00e6t fra Callaway (2023) er skabt til dig, der vil have h\u00f8j boldflugt, lang distance og masser af tilgivelse \u2013 uden at g\u00e5 p\u00e5 kompromis med stil. Perfekt til midt- til h\u00f8jhandicap udspilleren, der gerne vil spille med selvtillid og kontrol. Den [&hellip;]<\/p>\n","protected":false},"featured_media":46281,"template":"","meta":{"_acf_changed":false},"product_brand":[],"product_cat":[373],"product_tag":[],"class_list":{"0":"post-46225","1":"product","2":"type-product","3":"status-publish","4":"has-post-thumbnail","6":"product_cat-jernsaet","7":"pa_28935-men","8":"pa_brand-callaway","9":"pa_condition-brugt-okay-stand","10":"pa_dexterity-venstre-haand","11":"pa_flex-regular-flex","12":"pa_grip-callaway-standard","13":"pa_gripsize-standard","14":"pa_koelle-iron-set","15":"pa_laengdesaet-standard-laengde","16":"pa_model-big-bertha","17":"pa_set-makeup-5-sw-5-6-7-8-9-pw-sw","18":"pa_skaft-grafit-callaway","19":"pa_skaft-materiale-grafit","20":"pa_sku-4733","22":"first","23":"instock","24":"taxable","25":"shipping-taxable","26":"purchasable","27":"product-type-simple"},"acf":[],"yoast_head":"<!-- This site is optimized with the Yoast SEO plugin v24.8.1 - https:\/\/yoast.com\/wordpress\/plugins\/seo\/ -->\n<title>-&gt; Callaway Big Bertha Jerns\u00e6t fra WePlayAgain | 14 dages pr\u00f8veperiode<\/title>\n<meta name=\"description\" content=\"Pr\u00f8v Callaway Big Bertha Jerns\u00e6t i 14 dage. Hurtig levering lige til d\u00f8ren.\" \/>\n<meta name=\"robots\" content=\"noindex, follow, max-snippet:-1, max-image-preview:large, max-video-preview:-1\" \/>\n<meta property=\"og:locale\" content=\"da_DK\" \/>\n<meta property=\"og:type\" content=\"article\" \/>\n<meta property=\"og:title\" content=\"-&gt; Callaway Big Bertha Jerns\u00e6t fra WePlayAgain | 14 dages pr\u00f8veperiode\" \/>\n<meta property=\"og:description\" content=\"Pr\u00f8v Callaway Big Bertha Jerns\u00e6t i 14 dage. Hurtig levering lige til d\u00f8ren.\" \/>\n<meta property=\"og:url\" content=\"https:\/\/weplayagain.com\/da\/vare\/callaway-big-bertha-jernsaet-flex-regular-5-sw-grafit-venstre\/\" \/>\n<meta property=\"og:site_name\" content=\"WePlayAgain A\/S\" \/>\n<meta property=\"article:modified_time\" content=\"2025-05-04T09:45:30+00:00\" \/>\n<meta property=\"og:image\" content=\"https:\/\/weplayagain.com\/wp-content\/uploads\/2025\/05\/Photoroom_013_20250504_114035-scaled.jpeg\" \/>\n\t<meta property=\"og:image:width\" content=\"2048\" \/>\n\t<meta property=\"og:image:height\" content=\"2048\" \/>\n\t<meta property=\"og:image:type\" content=\"image\/jpeg\" \/>\n<meta name=\"twitter:card\" content=\"summary_large_image\" \/>\n<meta name=\"twitter:label1\" content=\"Estimeret l\u00e6setid\" \/>\n\t<meta name=\"twitter:data1\" content=\"2 minutter\" \/>\n<script type=\"application\/ld+json\" class=\"yoast-schema-graph\">{\"@context\":\"https:\/\/schema.org\",\"@graph\":[{\"@type\":\"WebPage\",\"@id\":\"https:\/\/weplayagain.com\/da\/vare\/callaway-big-bertha-jernsaet-flex-regular-5-sw-grafit-venstre\/\",\"url\":\"https:\/\/weplayagain.com\/da\/vare\/callaway-big-bertha-jernsaet-flex-regular-5-sw-grafit-venstre\/\",\"name\":\"-> Callaway Big Bertha Jerns\u00e6t fra WePlayAgain | 14 dages pr\u00f8veperiode\",\"isPartOf\":{\"@id\":\"https:\/\/weplayagain.com\/#website\"},\"primaryImageOfPage\":{\"@id\":\"https:\/\/weplayagain.com\/da\/vare\/callaway-big-bertha-jernsaet-flex-regular-5-sw-grafit-venstre\/#primaryimage\"},\"image\":{\"@id\":\"https:\/\/weplayagain.com\/da\/vare\/callaway-big-bertha-jernsaet-flex-regular-5-sw-grafit-venstre\/#primaryimage\"},\"thumbnailUrl\":\"https:\/\/weplayagain.host9.slyde.dk\/wp-content\/uploads\/2025\/05\/Photoroom_013_20250504_114035-scaled.jpeg\",\"datePublished\":\"2025-05-04T09:00:14+00:00\",\"dateModified\":\"2025-05-04T09:45:30+00:00\",\"description\":\"Pr\u00f8v Callaway Big Bertha Jerns\u00e6t i 14 dage. Hurtig levering lige til d\u00f8ren.\",\"breadcrumb\":{\"@id\":\"https:\/\/weplayagain.com\/da\/vare\/callaway-big-bertha-jernsaet-flex-regular-5-sw-grafit-venstre\/#breadcrumb\"},\"inLanguage\":\"da-DK\",\"potentialAction\":[{\"@type\":\"ReadAction\",\"target\":[\"https:\/\/weplayagain.com\/da\/vare\/callaway-big-bertha-jernsaet-flex-regular-5-sw-grafit-venstre\/\"]}]},{\"@type\":\"ImageObject\",\"inLanguage\":\"da-DK\",\"@id\":\"https:\/\/weplayagain.com\/da\/vare\/callaway-big-bertha-jernsaet-flex-regular-5-sw-grafit-venstre\/#primaryimage\",\"url\":\"https:\/\/weplayagain.host9.slyde.dk\/wp-content\/uploads\/2025\/05\/Photoroom_013_20250504_114035-scaled.jpeg\",\"contentUrl\":\"https:\/\/weplayagain.host9.slyde.dk\/wp-content\/uploads\/2025\/05\/Photoroom_013_20250504_114035-scaled.jpeg\",\"width\":2048,\"height\":2048},{\"@type\":\"BreadcrumbList\",\"@id\":\"https:\/\/weplayagain.com\/da\/vare\/callaway-big-bertha-jernsaet-flex-regular-5-sw-grafit-venstre\/#breadcrumb\",\"itemListElement\":[{\"@type\":\"ListItem\",\"position\":1,\"name\":\"Hjem\",\"item\":\"https:\/\/weplayagain.com\/da\/\"},{\"@type\":\"ListItem\",\"position\":2,\"name\":\"Shop\",\"item\":\"https:\/\/weplayagain.com\/shop\/\"},{\"@type\":\"ListItem\",\"position\":3,\"name\":\"Callaway Big Bertha Jerns\u00e6t \/ Flex Regular \/ 5-SW \/ Grafit &#8211; Venstre\"}]},{\"@type\":\"WebSite\",\"@id\":\"https:\/\/weplayagain.com\/#website\",\"url\":\"https:\/\/weplayagain.com\/\",\"name\":\"WePlayAgain A\/S\",\"description\":\"K\u00f8b brugt - trygt, og til markedets skarpeste priser\",\"publisher\":{\"@id\":\"https:\/\/weplayagain.com\/#organization\"},\"potentialAction\":[{\"@type\":\"SearchAction\",\"target\":{\"@type\":\"EntryPoint\",\"urlTemplate\":\"https:\/\/weplayagain.com\/?s={search_term_string}\"},\"query-input\":{\"@type\":\"PropertyValueSpecification\",\"valueRequired\":true,\"valueName\":\"search_term_string\"}}],\"inLanguage\":\"da-DK\"},{\"@type\":\"Organization\",\"@id\":\"https:\/\/weplayagain.com\/#organization\",\"name\":\"WePlayAgain A\/S\",\"url\":\"https:\/\/weplayagain.com\/\",\"logo\":{\"@type\":\"ImageObject\",\"inLanguage\":\"da-DK\",\"@id\":\"https:\/\/weplayagain.com\/#\/schema\/logo\/image\/\",\"url\":\"https:\/\/weplayagain.host9.slyde.dk\/wp-content\/uploads\/2022\/01\/Asset-8-8.png\",\"contentUrl\":\"https:\/\/weplayagain.host9.slyde.dk\/wp-content\/uploads\/2022\/01\/Asset-8-8.png\",\"width\":2048,\"height\":454,\"caption\":\"WePlayAgain A\/S\"},\"image\":{\"@id\":\"https:\/\/weplayagain.com\/#\/schema\/logo\/image\/\"}}]}<\/script>\n<!-- \/ Yoast SEO plugin. -->","yoast_head_json":{"title":"-> Callaway Big Bertha Jerns\u00e6t fra WePlayAgain | 14 dages pr\u00f8veperiode","description":"Pr\u00f8v Callaway Big Bertha Jerns\u00e6t i 14 dage. Hurtig levering lige til d\u00f8ren.","robots":{"index":"noindex","follow":"follow","max-snippet":"max-snippet:-1","max-image-preview":"max-image-preview:large","max-video-preview":"max-video-preview:-1"},"og_locale":"da_DK","og_type":"article","og_title":"-> Callaway Big Bertha Jerns\u00e6t fra WePlayAgain | 14 dages pr\u00f8veperiode","og_description":"Pr\u00f8v Callaway Big Bertha Jerns\u00e6t i 14 dage. Hurtig levering lige til d\u00f8ren.","og_url":"https:\/\/weplayagain.com\/da\/vare\/callaway-big-bertha-jernsaet-flex-regular-5-sw-grafit-venstre\/","og_site_name":"WePlayAgain A\/S","article_modified_time":"2025-05-04T09:45:30+00:00","og_image":[{"width":2048,"height":2048,"url":"https:\/\/weplayagain.com\/wp-content\/uploads\/2025\/05\/Photoroom_013_20250504_114035-scaled.jpeg","type":"image\/jpeg"}],"twitter_card":"summary_large_image","twitter_misc":{"Estimeret l\u00e6setid":"2 minutter"},"schema":{"@context":"https:\/\/schema.org","@graph":[{"@type":"WebPage","@id":"https:\/\/weplayagain.com\/da\/vare\/callaway-big-bertha-jernsaet-flex-regular-5-sw-grafit-venstre\/","url":"https:\/\/weplayagain.com\/da\/vare\/callaway-big-bertha-jernsaet-flex-regular-5-sw-grafit-venstre\/","name":"-> Callaway Big Bertha Jerns\u00e6t fra WePlayAgain | 14 dages pr\u00f8veperiode","isPartOf":{"@id":"https:\/\/weplayagain.com\/#website"},"primaryImageOfPage":{"@id":"https:\/\/weplayagain.com\/da\/vare\/callaway-big-bertha-jernsaet-flex-regular-5-sw-grafit-venstre\/#primaryimage"},"image":{"@id":"https:\/\/weplayagain.com\/da\/vare\/callaway-big-bertha-jernsaet-flex-regular-5-sw-grafit-venstre\/#primaryimage"},"thumbnailUrl":"https:\/\/weplayagain.host9.slyde.dk\/wp-content\/uploads\/2025\/05\/Photoroom_013_20250504_114035-scaled.jpeg","datePublished":"2025-05-04T09:00:14+00:00","dateModified":"2025-05-04T09:45:30+00:00","description":"Pr\u00f8v Callaway Big Bertha Jerns\u00e6t i 14 dage. Hurtig levering lige til d\u00f8ren.","breadcrumb":{"@id":"https:\/\/weplayagain.com\/da\/vare\/callaway-big-bertha-jernsaet-flex-regular-5-sw-grafit-venstre\/#breadcrumb"},"inLanguage":"da-DK","potentialAction":[{"@type":"ReadAction","target":["https:\/\/weplayagain.com\/da\/vare\/callaway-big-bertha-jernsaet-flex-regular-5-sw-grafit-venstre\/"]}]},{"@type":"ImageObject","inLanguage":"da-DK","@id":"https:\/\/weplayagain.com\/da\/vare\/callaway-big-bertha-jernsaet-flex-regular-5-sw-grafit-venstre\/#primaryimage","url":"https:\/\/weplayagain.host9.slyde.dk\/wp-content\/uploads\/2025\/05\/Photoroom_013_20250504_114035-scaled.jpeg","contentUrl":"https:\/\/weplayagain.host9.slyde.dk\/wp-content\/uploads\/2025\/05\/Photoroom_013_20250504_114035-scaled.jpeg","width":2048,"height":2048},{"@type":"BreadcrumbList","@id":"https:\/\/weplayagain.com\/da\/vare\/callaway-big-bertha-jernsaet-flex-regular-5-sw-grafit-venstre\/#breadcrumb","itemListElement":[{"@type":"ListItem","position":1,"name":"Hjem","item":"https:\/\/weplayagain.com\/da\/"},{"@type":"ListItem","position":2,"name":"Shop","item":"https:\/\/weplayagain.com\/shop\/"},{"@type":"ListItem","position":3,"name":"Callaway Big Bertha Jerns\u00e6t \/ Flex Regular \/ 5-SW \/ Grafit &#8211; Venstre"}]},{"@type":"WebSite","@id":"https:\/\/weplayagain.com\/#website","url":"https:\/\/weplayagain.com\/","name":"WePlayAgain A\/S","description":"K\u00f8b brugt - trygt, og til markedets skarpeste priser","publisher":{"@id":"https:\/\/weplayagain.com\/#organization"},"potentialAction":[{"@type":"SearchAction","target":{"@type":"EntryPoint","urlTemplate":"https:\/\/weplayagain.com\/?s={search_term_string}"},"query-input":{"@type":"PropertyValueSpecification","valueRequired":true,"valueName":"search_term_string"}}],"inLanguage":"da-DK"},{"@type":"Organization","@id":"https:\/\/weplayagain.com\/#organization","name":"WePlayAgain A\/S","url":"https:\/\/weplayagain.com\/","logo":{"@type":"ImageObject","inLanguage":"da-DK","@id":"https:\/\/weplayagain.com\/#\/schema\/logo\/image\/","url":"https:\/\/weplayagain.host9.slyde.dk\/wp-content\/uploads\/2022\/01\/Asset-8-8.png","contentUrl":"https:\/\/weplayagain.host9.slyde.dk\/wp-content\/uploads\/2022\/01\/Asset-8-8.png","width":2048,"height":454,"caption":"WePlayAgain A\/S"},"image":{"@id":"https:\/\/weplayagain.com\/#\/schema\/logo\/image\/"}}]}},"_links":{"self":[{"href":"https:\/\/weplayagain.host9.slyde.dk\/da\/wp-json\/wp\/v2\/product\/46225","targetHints":{"allow":["GET"]}}],"collection":[{"href":"https:\/\/weplayagain.host9.slyde.dk\/da\/wp-json\/wp\/v2\/product"}],"about":[{"href":"https:\/\/weplayagain.host9.slyde.dk\/da\/wp-json\/wp\/v2\/types\/product"}],"wp:featuredmedia":[{"embeddable":true,"href":"https:\/\/weplayagain.host9.slyde.dk\/da\/wp-json\/wp\/v2\/media\/46281"}],"wp:attachment":[{"href":"https:\/\/weplayagain.host9.slyde.dk\/da\/wp-json\/wp\/v2\/media?parent=46225"}],"wp:term":[{"taxonomy":"product_brand","embeddable":true,"href":"https:\/\/weplayagain.host9.slyde.dk\/da\/wp-json\/wp\/v2\/product_brand?post=46225"},{"taxonomy":"product_cat","embeddable":true,"href":"https:\/\/weplayagain.host9.slyde.dk\/da\/wp-json\/wp\/v2\/product_cat?post=46225"},{"taxonomy":"product_tag","embeddable":true,"href":"https:\/\/weplayagain.host9.slyde.dk\/da\/wp-json\/wp\/v2\/product_tag?post=46225"}],"curies":[{"name":"wp","href":"https:\/\/api.w.org\/{rel}","templated":true}]}}