{"id":46344,"date":"2025-05-04T11:11:41","date_gmt":"2025-05-04T10:11:41","guid":{"rendered":"https:\/\/weplayagain.com\/?post_type=product&#038;p=46344"},"modified":"2025-05-04T11:18:24","modified_gmt":"2025-05-04T10:18:24","slug":"callaway-standbag-black-grey-7-rum","status":"publish","type":"product","link":"https:\/\/weplayagain.host9.slyde.dk\/da\/vare\/callaway-standbag-black-grey-7-rum\/","title":{"rendered":"Callaway StandBag \/ Black\/Grey \/ 7 Rum"},"content":{"rendered":"<article class=\"w-full text-token-text-primary\" dir=\"auto\" data-testid=\"conversation-turn-22\" data-scroll-anchor=\"true\">\n<div class=\"text-base my-auto mx-auto py-5 px-6\">\n<div class=\"mx-auto flex flex-1 text-base gap-4 md:gap-5 lg:gap-6 md:max-w-3xl group\/turn-messages focus-visible:outline-none\">\n<div class=\"group\/conversation-turn relative flex w-full min-w-0 flex-col agent-turn @xs\/thread:px-0 @sm\/thread:px-1.5 @md\/thread:px-4\">\n<div class=\"relative flex-col gap-1 md:gap-3\">\n<div class=\"flex max-w-full flex-col flex-grow\">\n<div class=\"min-h-8 text-message relative flex w-full flex-col items-end gap-2 whitespace-normal break-words text-start [.text-message+&amp;]:mt-5\" dir=\"auto\" data-message-author-role=\"assistant\" data-message-id=\"4322cc00-6d61-4337-ba7c-c02b454d672b\" data-message-model-slug=\"gpt-4o-mini\">\n<div class=\"flex w-full flex-col gap-1 empty:hidden first:pt-[3px]\">\n<div class=\"markdown prose w-full break-words dark:prose-invert light\">\n<p class=\"\" data-start=\"40\" data-end=\"397\">Callaway StandBag er en alsidig og funktionel golfbag, skabt til spilleren der \u00f8nsker ekstra opbevaringsplads uden at g\u00e5 p\u00e5 kompromis med komfort og design. Med hele 7 opdelte rum f\u00e5r du optimal organisering af dine k\u00f8ller og udstyr, s\u00e5 du altid har det hele lige ved h\u00e5nden. Den klassiske sort-gr\u00e5 farvekombination giver et stilfuldt og professionelt look.<\/p>\n<p class=\"\" data-start=\"399\" data-end=\"411\"><strong data-start=\"399\" data-end=\"411\">Fordele:<\/strong><\/p>\n<p class=\"\" data-start=\"413\" data-end=\"555\"><strong data-start=\"413\" data-end=\"448\">7 rum for maksimal organisering<\/strong> \u2013 Giver dig god plads til at holde dine golfk\u00f8ller og \u00f8vrige accessories struktureret og let tilg\u00e6ngeligt.<\/p>\n<p class=\"\" data-start=\"557\" data-end=\"690\"><strong data-start=\"557\" data-end=\"585\">Let og ergonomisk design<\/strong> \u2013 Trods de mange rum er tasken let og nem at b\u00e6re, hvilket g\u00f8r den ideel til b\u00e5de tr\u00e6ning og turnering.<\/p>\n<\/div>\n<\/div>\n<\/div>\n<\/div>\n<\/div>\n<div class=\"absolute\">\n<div class=\"flex items-center justify-center\"><\/div>\n<\/div>\n<\/div>\n<\/div>\n<\/div>\n<\/article>\n<div class=\"pointer-events-none h-px w-px\" aria-hidden=\"true\" data-edge=\"true\"><\/div>\n","protected":false},"excerpt":{"rendered":"<p>Callaway StandBag er en alsidig og funktionel golfbag, skabt til spilleren der \u00f8nsker ekstra opbevaringsplads uden at g\u00e5 p\u00e5 kompromis med komfort og design. Med hele 7 opdelte rum f\u00e5r du optimal organisering af dine k\u00f8ller og udstyr, s\u00e5 du altid har det hele lige ved h\u00e5nden. Den klassiske sort-gr\u00e5 farvekombination giver et stilfuldt og [&hellip;]<\/p>\n","protected":false},"featured_media":46345,"template":"","meta":{"_acf_changed":false},"product_brand":[],"product_cat":[1673],"product_tag":[],"class_list":{"0":"post-46344","1":"product","2":"type-product","3":"status-publish","4":"has-post-thumbnail","6":"product_cat-golf-tasker","7":"pa_brand-callaway","8":"pa_condition-brugt-god-stand","9":"pa_model-stand","10":"pa_sku-4756","12":"first","13":"instock","14":"taxable","15":"shipping-taxable","16":"purchasable","17":"product-type-simple"},"acf":[],"yoast_head":"<!-- This site is optimized with the Yoast SEO plugin v24.8.1 - https:\/\/yoast.com\/wordpress\/plugins\/seo\/ -->\n<title>Callaway StandBag \/ Black\/Grey \/ 7 Rum - Brugt Golf Taske<\/title>\n<meta name=\"description\" content=\"K\u00f8b Callaway StandBag \/ Black\/Grey \/ 7 Rum hos WePlayAgain. Du f\u00e5r 2 \u00e5rs garanti og 14 dages pr\u00f8veperiode p\u00e5 vores brugte udstyr.\" \/>\n<meta name=\"robots\" content=\"noindex, follow, max-snippet:-1, max-image-preview:large, max-video-preview:-1\" \/>\n<meta property=\"og:locale\" content=\"da_DK\" \/>\n<meta property=\"og:type\" content=\"article\" \/>\n<meta property=\"og:title\" content=\"Callaway StandBag \/ Black\/Grey \/ 7 Rum - Brugt Golf Taske\" \/>\n<meta property=\"og:description\" content=\"K\u00f8b Callaway StandBag \/ Black\/Grey \/ 7 Rum hos WePlayAgain. Du f\u00e5r 2 \u00e5rs garanti og 14 dages pr\u00f8veperiode p\u00e5 vores brugte udstyr.\" \/>\n<meta property=\"og:url\" content=\"https:\/\/weplayagain.com\/da\/vare\/callaway-standbag-black-grey-7-rum\/\" \/>\n<meta property=\"og:site_name\" content=\"WePlayAgain A\/S\" \/>\n<meta property=\"article:modified_time\" content=\"2025-05-04T10:18:24+00:00\" \/>\n<meta property=\"og:image\" content=\"https:\/\/weplayagain.com\/wp-content\/uploads\/2025\/05\/Photoroom_000_20250504_121620-scaled.jpeg\" \/>\n\t<meta property=\"og:image:width\" content=\"2048\" \/>\n\t<meta property=\"og:image:height\" content=\"2048\" \/>\n\t<meta property=\"og:image:type\" content=\"image\/jpeg\" \/>\n<meta name=\"twitter:card\" content=\"summary_large_image\" \/>\n<meta name=\"twitter:label1\" content=\"Estimeret l\u00e6setid\" \/>\n\t<meta name=\"twitter:data1\" content=\"1 minut\" \/>\n<script type=\"application\/ld+json\" class=\"yoast-schema-graph\">{\"@context\":\"https:\/\/schema.org\",\"@graph\":[{\"@type\":\"WebPage\",\"@id\":\"https:\/\/weplayagain.com\/da\/vare\/callaway-standbag-black-grey-7-rum\/\",\"url\":\"https:\/\/weplayagain.com\/da\/vare\/callaway-standbag-black-grey-7-rum\/\",\"name\":\"Callaway StandBag \/ Black\/Grey \/ 7 Rum - Brugt Golf Taske\",\"isPartOf\":{\"@id\":\"https:\/\/weplayagain.com\/#website\"},\"primaryImageOfPage\":{\"@id\":\"https:\/\/weplayagain.com\/da\/vare\/callaway-standbag-black-grey-7-rum\/#primaryimage\"},\"image\":{\"@id\":\"https:\/\/weplayagain.com\/da\/vare\/callaway-standbag-black-grey-7-rum\/#primaryimage\"},\"thumbnailUrl\":\"https:\/\/weplayagain.host9.slyde.dk\/wp-content\/uploads\/2025\/05\/Photoroom_000_20250504_121620-scaled.jpeg\",\"datePublished\":\"2025-05-04T10:11:41+00:00\",\"dateModified\":\"2025-05-04T10:18:24+00:00\",\"description\":\"K\u00f8b Callaway StandBag \/ Black\/Grey \/ 7 Rum hos WePlayAgain. Du f\u00e5r 2 \u00e5rs garanti og 14 dages pr\u00f8veperiode p\u00e5 vores brugte udstyr.\",\"breadcrumb\":{\"@id\":\"https:\/\/weplayagain.com\/da\/vare\/callaway-standbag-black-grey-7-rum\/#breadcrumb\"},\"inLanguage\":\"da-DK\",\"potentialAction\":[{\"@type\":\"ReadAction\",\"target\":[\"https:\/\/weplayagain.com\/da\/vare\/callaway-standbag-black-grey-7-rum\/\"]}]},{\"@type\":\"ImageObject\",\"inLanguage\":\"da-DK\",\"@id\":\"https:\/\/weplayagain.com\/da\/vare\/callaway-standbag-black-grey-7-rum\/#primaryimage\",\"url\":\"https:\/\/weplayagain.host9.slyde.dk\/wp-content\/uploads\/2025\/05\/Photoroom_000_20250504_121620-scaled.jpeg\",\"contentUrl\":\"https:\/\/weplayagain.host9.slyde.dk\/wp-content\/uploads\/2025\/05\/Photoroom_000_20250504_121620-scaled.jpeg\",\"width\":2048,\"height\":2048},{\"@type\":\"BreadcrumbList\",\"@id\":\"https:\/\/weplayagain.com\/da\/vare\/callaway-standbag-black-grey-7-rum\/#breadcrumb\",\"itemListElement\":[{\"@type\":\"ListItem\",\"position\":1,\"name\":\"Hjem\",\"item\":\"https:\/\/weplayagain.com\/da\/\"},{\"@type\":\"ListItem\",\"position\":2,\"name\":\"Shop\",\"item\":\"https:\/\/weplayagain.com\/shop\/\"},{\"@type\":\"ListItem\",\"position\":3,\"name\":\"Callaway StandBag \/ Black\/Grey \/ 7 Rum\"}]},{\"@type\":\"WebSite\",\"@id\":\"https:\/\/weplayagain.com\/#website\",\"url\":\"https:\/\/weplayagain.com\/\",\"name\":\"WePlayAgain A\/S\",\"description\":\"K\u00f8b brugt - trygt, og til markedets skarpeste priser\",\"publisher\":{\"@id\":\"https:\/\/weplayagain.com\/#organization\"},\"potentialAction\":[{\"@type\":\"SearchAction\",\"target\":{\"@type\":\"EntryPoint\",\"urlTemplate\":\"https:\/\/weplayagain.com\/?s={search_term_string}\"},\"query-input\":{\"@type\":\"PropertyValueSpecification\",\"valueRequired\":true,\"valueName\":\"search_term_string\"}}],\"inLanguage\":\"da-DK\"},{\"@type\":\"Organization\",\"@id\":\"https:\/\/weplayagain.com\/#organization\",\"name\":\"WePlayAgain A\/S\",\"url\":\"https:\/\/weplayagain.com\/\",\"logo\":{\"@type\":\"ImageObject\",\"inLanguage\":\"da-DK\",\"@id\":\"https:\/\/weplayagain.com\/#\/schema\/logo\/image\/\",\"url\":\"https:\/\/weplayagain.host9.slyde.dk\/wp-content\/uploads\/2022\/01\/Asset-8-8.png\",\"contentUrl\":\"https:\/\/weplayagain.host9.slyde.dk\/wp-content\/uploads\/2022\/01\/Asset-8-8.png\",\"width\":2048,\"height\":454,\"caption\":\"WePlayAgain A\/S\"},\"image\":{\"@id\":\"https:\/\/weplayagain.com\/#\/schema\/logo\/image\/\"}}]}<\/script>\n<!-- \/ Yoast SEO plugin. -->","yoast_head_json":{"title":"Callaway StandBag \/ Black\/Grey \/ 7 Rum - Brugt Golf Taske","description":"K\u00f8b Callaway StandBag \/ Black\/Grey \/ 7 Rum hos WePlayAgain. Du f\u00e5r 2 \u00e5rs garanti og 14 dages pr\u00f8veperiode p\u00e5 vores brugte udstyr.","robots":{"index":"noindex","follow":"follow","max-snippet":"max-snippet:-1","max-image-preview":"max-image-preview:large","max-video-preview":"max-video-preview:-1"},"og_locale":"da_DK","og_type":"article","og_title":"Callaway StandBag \/ Black\/Grey \/ 7 Rum - Brugt Golf Taske","og_description":"K\u00f8b Callaway StandBag \/ Black\/Grey \/ 7 Rum hos WePlayAgain. Du f\u00e5r 2 \u00e5rs garanti og 14 dages pr\u00f8veperiode p\u00e5 vores brugte udstyr.","og_url":"https:\/\/weplayagain.com\/da\/vare\/callaway-standbag-black-grey-7-rum\/","og_site_name":"WePlayAgain A\/S","article_modified_time":"2025-05-04T10:18:24+00:00","og_image":[{"width":2048,"height":2048,"url":"https:\/\/weplayagain.com\/wp-content\/uploads\/2025\/05\/Photoroom_000_20250504_121620-scaled.jpeg","type":"image\/jpeg"}],"twitter_card":"summary_large_image","twitter_misc":{"Estimeret l\u00e6setid":"1 minut"},"schema":{"@context":"https:\/\/schema.org","@graph":[{"@type":"WebPage","@id":"https:\/\/weplayagain.com\/da\/vare\/callaway-standbag-black-grey-7-rum\/","url":"https:\/\/weplayagain.com\/da\/vare\/callaway-standbag-black-grey-7-rum\/","name":"Callaway StandBag \/ Black\/Grey \/ 7 Rum - Brugt Golf Taske","isPartOf":{"@id":"https:\/\/weplayagain.com\/#website"},"primaryImageOfPage":{"@id":"https:\/\/weplayagain.com\/da\/vare\/callaway-standbag-black-grey-7-rum\/#primaryimage"},"image":{"@id":"https:\/\/weplayagain.com\/da\/vare\/callaway-standbag-black-grey-7-rum\/#primaryimage"},"thumbnailUrl":"https:\/\/weplayagain.host9.slyde.dk\/wp-content\/uploads\/2025\/05\/Photoroom_000_20250504_121620-scaled.jpeg","datePublished":"2025-05-04T10:11:41+00:00","dateModified":"2025-05-04T10:18:24+00:00","description":"K\u00f8b Callaway StandBag \/ Black\/Grey \/ 7 Rum hos WePlayAgain. Du f\u00e5r 2 \u00e5rs garanti og 14 dages pr\u00f8veperiode p\u00e5 vores brugte udstyr.","breadcrumb":{"@id":"https:\/\/weplayagain.com\/da\/vare\/callaway-standbag-black-grey-7-rum\/#breadcrumb"},"inLanguage":"da-DK","potentialAction":[{"@type":"ReadAction","target":["https:\/\/weplayagain.com\/da\/vare\/callaway-standbag-black-grey-7-rum\/"]}]},{"@type":"ImageObject","inLanguage":"da-DK","@id":"https:\/\/weplayagain.com\/da\/vare\/callaway-standbag-black-grey-7-rum\/#primaryimage","url":"https:\/\/weplayagain.host9.slyde.dk\/wp-content\/uploads\/2025\/05\/Photoroom_000_20250504_121620-scaled.jpeg","contentUrl":"https:\/\/weplayagain.host9.slyde.dk\/wp-content\/uploads\/2025\/05\/Photoroom_000_20250504_121620-scaled.jpeg","width":2048,"height":2048},{"@type":"BreadcrumbList","@id":"https:\/\/weplayagain.com\/da\/vare\/callaway-standbag-black-grey-7-rum\/#breadcrumb","itemListElement":[{"@type":"ListItem","position":1,"name":"Hjem","item":"https:\/\/weplayagain.com\/da\/"},{"@type":"ListItem","position":2,"name":"Shop","item":"https:\/\/weplayagain.com\/shop\/"},{"@type":"ListItem","position":3,"name":"Callaway StandBag \/ Black\/Grey \/ 7 Rum"}]},{"@type":"WebSite","@id":"https:\/\/weplayagain.com\/#website","url":"https:\/\/weplayagain.com\/","name":"WePlayAgain A\/S","description":"K\u00f8b brugt - trygt, og til markedets skarpeste priser","publisher":{"@id":"https:\/\/weplayagain.com\/#organization"},"potentialAction":[{"@type":"SearchAction","target":{"@type":"EntryPoint","urlTemplate":"https:\/\/weplayagain.com\/?s={search_term_string}"},"query-input":{"@type":"PropertyValueSpecification","valueRequired":true,"valueName":"search_term_string"}}],"inLanguage":"da-DK"},{"@type":"Organization","@id":"https:\/\/weplayagain.com\/#organization","name":"WePlayAgain A\/S","url":"https:\/\/weplayagain.com\/","logo":{"@type":"ImageObject","inLanguage":"da-DK","@id":"https:\/\/weplayagain.com\/#\/schema\/logo\/image\/","url":"https:\/\/weplayagain.host9.slyde.dk\/wp-content\/uploads\/2022\/01\/Asset-8-8.png","contentUrl":"https:\/\/weplayagain.host9.slyde.dk\/wp-content\/uploads\/2022\/01\/Asset-8-8.png","width":2048,"height":454,"caption":"WePlayAgain A\/S"},"image":{"@id":"https:\/\/weplayagain.com\/#\/schema\/logo\/image\/"}}]}},"_links":{"self":[{"href":"https:\/\/weplayagain.host9.slyde.dk\/da\/wp-json\/wp\/v2\/product\/46344","targetHints":{"allow":["GET"]}}],"collection":[{"href":"https:\/\/weplayagain.host9.slyde.dk\/da\/wp-json\/wp\/v2\/product"}],"about":[{"href":"https:\/\/weplayagain.host9.slyde.dk\/da\/wp-json\/wp\/v2\/types\/product"}],"wp:featuredmedia":[{"embeddable":true,"href":"https:\/\/weplayagain.host9.slyde.dk\/da\/wp-json\/wp\/v2\/media\/46345"}],"wp:attachment":[{"href":"https:\/\/weplayagain.host9.slyde.dk\/da\/wp-json\/wp\/v2\/media?parent=46344"}],"wp:term":[{"taxonomy":"product_brand","embeddable":true,"href":"https:\/\/weplayagain.host9.slyde.dk\/da\/wp-json\/wp\/v2\/product_brand?post=46344"},{"taxonomy":"product_cat","embeddable":true,"href":"https:\/\/weplayagain.host9.slyde.dk\/da\/wp-json\/wp\/v2\/product_cat?post=46344"},{"taxonomy":"product_tag","embeddable":true,"href":"https:\/\/weplayagain.host9.slyde.dk\/da\/wp-json\/wp\/v2\/product_tag?post=46344"}],"curies":[{"name":"wp","href":"https:\/\/api.w.org\/{rel}","templated":true}]}}