{"id":46768,"date":"2025-05-04T18:14:17","date_gmt":"2025-05-04T17:14:17","guid":{"rendered":"https:\/\/weplayagain.com\/?post_type=product&#038;p=46768"},"modified":"2025-05-04T19:19:01","modified_gmt":"2025-05-04T18:19:01","slug":"wilson-infinite-bucktown-putter-33-2","status":"publish","type":"product","link":"https:\/\/weplayagain.host9.slyde.dk\/da\/vare\/wilson-infinite-bucktown-putter-33-2\/","title":{"rendered":"Wilson Infinite Bucktown Putter \/ 33&#8243;"},"content":{"rendered":"<p>Wilson Infinite Bucktown Putter er til dig, der vil have <strong>mere stabilitet<\/strong> og <strong>pr\u00e6cision<\/strong> p\u00e5 green. Den er lavet som en fang mallet med winged-back design, der giver en st\u00f8dig og tilgivende f\u00f8lelse \u2013 selv hvis slaget ikke sidder lige i midten.<\/p>\n<p>Med <strong>triple alignment lines<\/strong> f\u00e5r du nemt justeret op \u2013 s\u00e5 du kan fokusere fuldt ud og sende bolden af sted med selvtillid. Det er en k\u00e6mpe hj\u00e6lp, is\u00e6r p\u00e5 de putts hvor linjen og tempoet skal sidde lige i skabet.<\/p>\n<p>Den <strong>dobbeltfr\u00e6sede slagflade<\/strong> giver dig et kontrolleret og ensartet rul hver gang \u2013 uanset hvor p\u00e5 bladet du rammer. S\u00e5 driller teknikken lidt, hj\u00e6lper putteren dig med at holde bolden t\u00e6t p\u00e5 linjen.<\/p>\n<p>Wilson Infinite Bucktown passer is\u00e6r godt til dig, der vil forbedre dit putt-spil og f\u00e5 flere en-putts i bogen. Den f\u00f8les let at styre og giver dig ro til at l\u00e6se greenen med overskud.<\/p>\n","protected":false},"excerpt":{"rendered":"<p>Wilson Infinite Bucktown Putter er til dig, der vil have mere stabilitet og pr\u00e6cision p\u00e5 green. Den er lavet som en fang mallet med winged-back design, der giver en st\u00f8dig og tilgivende f\u00f8lelse \u2013 selv hvis slaget ikke sidder lige i midten. Med triple alignment lines f\u00e5r du nemt justeret op \u2013 s\u00e5 du kan [&hellip;]<\/p>\n","protected":false},"featured_media":46988,"template":"","meta":{"_acf_changed":false},"product_brand":[],"product_cat":[553],"product_tag":[],"class_list":{"0":"post-46768","1":"product","2":"type-product","3":"status-publish","4":"has-post-thumbnail","6":"product_cat-putter","7":"pa_28935-female","8":"pa_brand-wilson","9":"pa_condition-brugt-god-stand","10":"pa_dexterity-hojre-haand","11":"pa_grip-wilson-infinite","12":"pa_gripsize-jumbo-oversize","13":"pa_headcover-nej","14":"pa_koelle-putter","15":"pa_model-infinite-bucktown","16":"pa_skaft-standard-staal","17":"pa_skaft-materiale-staal","18":"pa_sku-4913","20":"first","21":"instock","22":"taxable","23":"shipping-taxable","24":"purchasable","25":"product-type-simple"},"acf":[],"yoast_head":"<!-- This site is optimized with the Yoast SEO plugin v24.8.1 - https:\/\/yoast.com\/wordpress\/plugins\/seo\/ -->\n<title>K\u00f8b Wilson Infinite Bucktown Putter | Hurtig Levering<\/title>\n<meta name=\"description\" content=\"Forbedr dit putt-spil med Wilson Infinite Bucktown Putter! St\u00f8dig, pr\u00e6cis og let at justere \u2013 perfekt til golfspilleren, der vil have flere en-putts!\" \/>\n<meta name=\"robots\" content=\"noindex, follow, max-snippet:-1, max-image-preview:large, max-video-preview:-1\" \/>\n<meta property=\"og:locale\" content=\"da_DK\" \/>\n<meta property=\"og:type\" content=\"article\" \/>\n<meta property=\"og:title\" content=\"K\u00f8b Wilson Infinite Bucktown Putter | Hurtig Levering\" \/>\n<meta property=\"og:description\" content=\"Forbedr dit putt-spil med Wilson Infinite Bucktown Putter! St\u00f8dig, pr\u00e6cis og let at justere \u2013 perfekt til golfspilleren, der vil have flere en-putts!\" \/>\n<meta property=\"og:url\" content=\"https:\/\/weplayagain.com\/da\/vare\/wilson-infinite-bucktown-putter-33-2\/\" \/>\n<meta property=\"og:site_name\" content=\"WePlayAgain A\/S\" \/>\n<meta property=\"article:modified_time\" content=\"2025-05-04T18:19:01+00:00\" \/>\n<meta property=\"og:image\" content=\"https:\/\/weplayagain.com\/wp-content\/uploads\/2025\/05\/Photoroom_016_20250504_201419-scaled.jpeg\" \/>\n\t<meta property=\"og:image:width\" content=\"2048\" \/>\n\t<meta property=\"og:image:height\" content=\"2048\" \/>\n\t<meta property=\"og:image:type\" content=\"image\/jpeg\" \/>\n<meta name=\"twitter:card\" content=\"summary_large_image\" \/>\n<meta name=\"twitter:label1\" content=\"Estimeret l\u00e6setid\" \/>\n\t<meta name=\"twitter:data1\" content=\"2 minutter\" \/>\n<script type=\"application\/ld+json\" class=\"yoast-schema-graph\">{\"@context\":\"https:\/\/schema.org\",\"@graph\":[{\"@type\":\"WebPage\",\"@id\":\"https:\/\/weplayagain.com\/da\/vare\/wilson-infinite-bucktown-putter-33-2\/\",\"url\":\"https:\/\/weplayagain.com\/da\/vare\/wilson-infinite-bucktown-putter-33-2\/\",\"name\":\"K\u00f8b Wilson Infinite Bucktown Putter | Hurtig Levering\",\"isPartOf\":{\"@id\":\"https:\/\/weplayagain.com\/#website\"},\"primaryImageOfPage\":{\"@id\":\"https:\/\/weplayagain.com\/da\/vare\/wilson-infinite-bucktown-putter-33-2\/#primaryimage\"},\"image\":{\"@id\":\"https:\/\/weplayagain.com\/da\/vare\/wilson-infinite-bucktown-putter-33-2\/#primaryimage\"},\"thumbnailUrl\":\"https:\/\/weplayagain.host9.slyde.dk\/wp-content\/uploads\/2025\/05\/Photoroom_016_20250504_201419-scaled.jpeg\",\"datePublished\":\"2025-05-04T17:14:17+00:00\",\"dateModified\":\"2025-05-04T18:19:01+00:00\",\"description\":\"Forbedr dit putt-spil med Wilson Infinite Bucktown Putter! St\u00f8dig, pr\u00e6cis og let at justere \u2013 perfekt til golfspilleren, der vil have flere en-putts!\",\"breadcrumb\":{\"@id\":\"https:\/\/weplayagain.com\/da\/vare\/wilson-infinite-bucktown-putter-33-2\/#breadcrumb\"},\"inLanguage\":\"da-DK\",\"potentialAction\":[{\"@type\":\"ReadAction\",\"target\":[\"https:\/\/weplayagain.com\/da\/vare\/wilson-infinite-bucktown-putter-33-2\/\"]}]},{\"@type\":\"ImageObject\",\"inLanguage\":\"da-DK\",\"@id\":\"https:\/\/weplayagain.com\/da\/vare\/wilson-infinite-bucktown-putter-33-2\/#primaryimage\",\"url\":\"https:\/\/weplayagain.host9.slyde.dk\/wp-content\/uploads\/2025\/05\/Photoroom_016_20250504_201419-scaled.jpeg\",\"contentUrl\":\"https:\/\/weplayagain.host9.slyde.dk\/wp-content\/uploads\/2025\/05\/Photoroom_016_20250504_201419-scaled.jpeg\",\"width\":2048,\"height\":2048},{\"@type\":\"BreadcrumbList\",\"@id\":\"https:\/\/weplayagain.com\/da\/vare\/wilson-infinite-bucktown-putter-33-2\/#breadcrumb\",\"itemListElement\":[{\"@type\":\"ListItem\",\"position\":1,\"name\":\"Hjem\",\"item\":\"https:\/\/weplayagain.com\/da\/\"},{\"@type\":\"ListItem\",\"position\":2,\"name\":\"Shop\",\"item\":\"https:\/\/weplayagain.com\/shop\/\"},{\"@type\":\"ListItem\",\"position\":3,\"name\":\"Wilson Infinite Bucktown Putter \/ 33&#8243;\"}]},{\"@type\":\"WebSite\",\"@id\":\"https:\/\/weplayagain.com\/#website\",\"url\":\"https:\/\/weplayagain.com\/\",\"name\":\"WePlayAgain A\/S\",\"description\":\"K\u00f8b brugt - trygt, og til markedets skarpeste priser\",\"publisher\":{\"@id\":\"https:\/\/weplayagain.com\/#organization\"},\"potentialAction\":[{\"@type\":\"SearchAction\",\"target\":{\"@type\":\"EntryPoint\",\"urlTemplate\":\"https:\/\/weplayagain.com\/?s={search_term_string}\"},\"query-input\":{\"@type\":\"PropertyValueSpecification\",\"valueRequired\":true,\"valueName\":\"search_term_string\"}}],\"inLanguage\":\"da-DK\"},{\"@type\":\"Organization\",\"@id\":\"https:\/\/weplayagain.com\/#organization\",\"name\":\"WePlayAgain A\/S\",\"url\":\"https:\/\/weplayagain.com\/\",\"logo\":{\"@type\":\"ImageObject\",\"inLanguage\":\"da-DK\",\"@id\":\"https:\/\/weplayagain.com\/#\/schema\/logo\/image\/\",\"url\":\"https:\/\/weplayagain.host9.slyde.dk\/wp-content\/uploads\/2022\/01\/Asset-8-8.png\",\"contentUrl\":\"https:\/\/weplayagain.host9.slyde.dk\/wp-content\/uploads\/2022\/01\/Asset-8-8.png\",\"width\":2048,\"height\":454,\"caption\":\"WePlayAgain A\/S\"},\"image\":{\"@id\":\"https:\/\/weplayagain.com\/#\/schema\/logo\/image\/\"}}]}<\/script>\n<!-- \/ Yoast SEO plugin. -->","yoast_head_json":{"title":"K\u00f8b Wilson Infinite Bucktown Putter | Hurtig Levering","description":"Forbedr dit putt-spil med Wilson Infinite Bucktown Putter! St\u00f8dig, pr\u00e6cis og let at justere \u2013 perfekt til golfspilleren, der vil have flere en-putts!","robots":{"index":"noindex","follow":"follow","max-snippet":"max-snippet:-1","max-image-preview":"max-image-preview:large","max-video-preview":"max-video-preview:-1"},"og_locale":"da_DK","og_type":"article","og_title":"K\u00f8b Wilson Infinite Bucktown Putter | Hurtig Levering","og_description":"Forbedr dit putt-spil med Wilson Infinite Bucktown Putter! St\u00f8dig, pr\u00e6cis og let at justere \u2013 perfekt til golfspilleren, der vil have flere en-putts!","og_url":"https:\/\/weplayagain.com\/da\/vare\/wilson-infinite-bucktown-putter-33-2\/","og_site_name":"WePlayAgain A\/S","article_modified_time":"2025-05-04T18:19:01+00:00","og_image":[{"width":2048,"height":2048,"url":"https:\/\/weplayagain.com\/wp-content\/uploads\/2025\/05\/Photoroom_016_20250504_201419-scaled.jpeg","type":"image\/jpeg"}],"twitter_card":"summary_large_image","twitter_misc":{"Estimeret l\u00e6setid":"2 minutter"},"schema":{"@context":"https:\/\/schema.org","@graph":[{"@type":"WebPage","@id":"https:\/\/weplayagain.com\/da\/vare\/wilson-infinite-bucktown-putter-33-2\/","url":"https:\/\/weplayagain.com\/da\/vare\/wilson-infinite-bucktown-putter-33-2\/","name":"K\u00f8b Wilson Infinite Bucktown Putter | Hurtig Levering","isPartOf":{"@id":"https:\/\/weplayagain.com\/#website"},"primaryImageOfPage":{"@id":"https:\/\/weplayagain.com\/da\/vare\/wilson-infinite-bucktown-putter-33-2\/#primaryimage"},"image":{"@id":"https:\/\/weplayagain.com\/da\/vare\/wilson-infinite-bucktown-putter-33-2\/#primaryimage"},"thumbnailUrl":"https:\/\/weplayagain.host9.slyde.dk\/wp-content\/uploads\/2025\/05\/Photoroom_016_20250504_201419-scaled.jpeg","datePublished":"2025-05-04T17:14:17+00:00","dateModified":"2025-05-04T18:19:01+00:00","description":"Forbedr dit putt-spil med Wilson Infinite Bucktown Putter! St\u00f8dig, pr\u00e6cis og let at justere \u2013 perfekt til golfspilleren, der vil have flere en-putts!","breadcrumb":{"@id":"https:\/\/weplayagain.com\/da\/vare\/wilson-infinite-bucktown-putter-33-2\/#breadcrumb"},"inLanguage":"da-DK","potentialAction":[{"@type":"ReadAction","target":["https:\/\/weplayagain.com\/da\/vare\/wilson-infinite-bucktown-putter-33-2\/"]}]},{"@type":"ImageObject","inLanguage":"da-DK","@id":"https:\/\/weplayagain.com\/da\/vare\/wilson-infinite-bucktown-putter-33-2\/#primaryimage","url":"https:\/\/weplayagain.host9.slyde.dk\/wp-content\/uploads\/2025\/05\/Photoroom_016_20250504_201419-scaled.jpeg","contentUrl":"https:\/\/weplayagain.host9.slyde.dk\/wp-content\/uploads\/2025\/05\/Photoroom_016_20250504_201419-scaled.jpeg","width":2048,"height":2048},{"@type":"BreadcrumbList","@id":"https:\/\/weplayagain.com\/da\/vare\/wilson-infinite-bucktown-putter-33-2\/#breadcrumb","itemListElement":[{"@type":"ListItem","position":1,"name":"Hjem","item":"https:\/\/weplayagain.com\/da\/"},{"@type":"ListItem","position":2,"name":"Shop","item":"https:\/\/weplayagain.com\/shop\/"},{"@type":"ListItem","position":3,"name":"Wilson Infinite Bucktown Putter \/ 33&#8243;"}]},{"@type":"WebSite","@id":"https:\/\/weplayagain.com\/#website","url":"https:\/\/weplayagain.com\/","name":"WePlayAgain A\/S","description":"K\u00f8b brugt - trygt, og til markedets skarpeste priser","publisher":{"@id":"https:\/\/weplayagain.com\/#organization"},"potentialAction":[{"@type":"SearchAction","target":{"@type":"EntryPoint","urlTemplate":"https:\/\/weplayagain.com\/?s={search_term_string}"},"query-input":{"@type":"PropertyValueSpecification","valueRequired":true,"valueName":"search_term_string"}}],"inLanguage":"da-DK"},{"@type":"Organization","@id":"https:\/\/weplayagain.com\/#organization","name":"WePlayAgain A\/S","url":"https:\/\/weplayagain.com\/","logo":{"@type":"ImageObject","inLanguage":"da-DK","@id":"https:\/\/weplayagain.com\/#\/schema\/logo\/image\/","url":"https:\/\/weplayagain.host9.slyde.dk\/wp-content\/uploads\/2022\/01\/Asset-8-8.png","contentUrl":"https:\/\/weplayagain.host9.slyde.dk\/wp-content\/uploads\/2022\/01\/Asset-8-8.png","width":2048,"height":454,"caption":"WePlayAgain A\/S"},"image":{"@id":"https:\/\/weplayagain.com\/#\/schema\/logo\/image\/"}}]}},"_links":{"self":[{"href":"https:\/\/weplayagain.host9.slyde.dk\/da\/wp-json\/wp\/v2\/product\/46768","targetHints":{"allow":["GET"]}}],"collection":[{"href":"https:\/\/weplayagain.host9.slyde.dk\/da\/wp-json\/wp\/v2\/product"}],"about":[{"href":"https:\/\/weplayagain.host9.slyde.dk\/da\/wp-json\/wp\/v2\/types\/product"}],"wp:featuredmedia":[{"embeddable":true,"href":"https:\/\/weplayagain.host9.slyde.dk\/da\/wp-json\/wp\/v2\/media\/46988"}],"wp:attachment":[{"href":"https:\/\/weplayagain.host9.slyde.dk\/da\/wp-json\/wp\/v2\/media?parent=46768"}],"wp:term":[{"taxonomy":"product_brand","embeddable":true,"href":"https:\/\/weplayagain.host9.slyde.dk\/da\/wp-json\/wp\/v2\/product_brand?post=46768"},{"taxonomy":"product_cat","embeddable":true,"href":"https:\/\/weplayagain.host9.slyde.dk\/da\/wp-json\/wp\/v2\/product_cat?post=46768"},{"taxonomy":"product_tag","embeddable":true,"href":"https:\/\/weplayagain.host9.slyde.dk\/da\/wp-json\/wp\/v2\/product_tag?post=46768"}],"curies":[{"name":"wp","href":"https:\/\/api.w.org\/{rel}","templated":true}]}}