{"id":46778,"date":"2025-05-04T18:14:44","date_gmt":"2025-05-04T17:14:44","guid":{"rendered":"https:\/\/weplayagain.com\/?post_type=product&#038;p=46778"},"modified":"2025-05-04T19:26:56","modified_gmt":"2025-05-04T18:26:56","slug":"prostaff-sgi-putter-34","status":"publish","type":"product","link":"https:\/\/weplayagain.host9.slyde.dk\/da\/vare\/prostaff-sgi-putter-34\/","title":{"rendered":"Prostaff SGI Putter \/ 34&#8243;"},"content":{"rendered":"<p>Vil du have mere ro i kroppen, n\u00e5r putteren svinges? S\u00e5 er ProStaff SGI Putter noget for dig.<\/p>\n<p>Den klassiske h\u00e6l\/t\u00e5-v\u00e6gtning giver dig <strong>stabilitet og balance<\/strong>, s\u00e5 du nemmere holder linjen p\u00e5 dine putts. Og de tydelige sigtelinjer p\u00e5 toppen hj\u00e6lper dig med at stille op p\u00e5 samme m\u00e5de hver gang \u2013 det bliver hurtigt en god vane.<\/p>\n<p>ProStaff SGI er for dig, der vil have <strong>p\u00e5lidelighed og tilgivelse<\/strong> p\u00e5 greenen. Om du er ny i sporten eller har spillet l\u00e6nge, kan putteren her hj\u00e6lpe dig med at rulle bolden mere <strong>rent og j\u00e6vnt<\/strong> \u2013 takket v\u00e6re det bl\u00f8de indsatsstykke i slagfladen.<\/p>\n<p>Kort sagt: En traditionel og nem putter med moderne finesser, der passer til alle typer golfspillere, der vil forbedre deres n\u00e6rspil.<\/p>\n","protected":false},"excerpt":{"rendered":"<p>Vil du have mere ro i kroppen, n\u00e5r putteren svinges? S\u00e5 er ProStaff SGI Putter noget for dig. Den klassiske h\u00e6l\/t\u00e5-v\u00e6gtning giver dig stabilitet og balance, s\u00e5 du nemmere holder linjen p\u00e5 dine putts. Og de tydelige sigtelinjer p\u00e5 toppen hj\u00e6lper dig med at stille op p\u00e5 samme m\u00e5de hver gang \u2013 det bliver hurtigt [&hellip;]<\/p>\n","protected":false},"featured_media":47041,"template":"","meta":{"_acf_changed":false},"product_brand":[],"product_cat":[553],"product_tag":[],"class_list":{"0":"post-46778","1":"product","2":"type-product","3":"status-publish","4":"has-post-thumbnail","6":"product_cat-putter","7":"pa_28935-men","8":"pa_brand-prostaff","9":"pa_condition-brugt-okay-stand","10":"pa_dexterity-hojre-haand","11":"pa_grip-wilson-staff-standard","12":"pa_gripsize-standard","13":"pa_headcover-nej","14":"pa_koelle-putter","15":"pa_model-sgi","16":"pa_skaft-standard-staal","17":"pa_skaft-materiale-staal","18":"pa_sku-4931","20":"first","21":"instock","22":"taxable","23":"shipping-taxable","24":"purchasable","25":"product-type-simple"},"acf":[],"yoast_head":"<!-- This site is optimized with the Yoast SEO plugin v24.8.1 - https:\/\/yoast.com\/wordpress\/plugins\/seo\/ -->\n<title>K\u00f8b brugt Prostaff SGI Putter | Hurtig Levering<\/title>\n<meta name=\"description\" content=\"F\u00e5 ro i kroppen med ProStaff SGI Putter! Stabilitet, tilgivelse og pr\u00e6cision til alle golfspillere, ny eller erfaren. Sl\u00e5 dine putts med selvtillid!\" \/>\n<meta name=\"robots\" content=\"noindex, follow, max-snippet:-1, max-image-preview:large, max-video-preview:-1\" \/>\n<meta property=\"og:locale\" content=\"da_DK\" \/>\n<meta property=\"og:type\" content=\"article\" \/>\n<meta property=\"og:title\" content=\"K\u00f8b brugt Prostaff SGI Putter | Hurtig Levering\" \/>\n<meta property=\"og:description\" content=\"F\u00e5 ro i kroppen med ProStaff SGI Putter! Stabilitet, tilgivelse og pr\u00e6cision til alle golfspillere, ny eller erfaren. Sl\u00e5 dine putts med selvtillid!\" \/>\n<meta property=\"og:url\" content=\"https:\/\/weplayagain.com\/da\/vare\/prostaff-sgi-putter-34\/\" \/>\n<meta property=\"og:site_name\" content=\"WePlayAgain A\/S\" \/>\n<meta property=\"article:modified_time\" content=\"2025-05-04T18:26:56+00:00\" \/>\n<meta property=\"og:image\" content=\"https:\/\/weplayagain.com\/wp-content\/uploads\/2025\/05\/Photoroom_025_20250504_202035-scaled.jpeg\" \/>\n\t<meta property=\"og:image:width\" content=\"2048\" \/>\n\t<meta property=\"og:image:height\" content=\"2048\" \/>\n\t<meta property=\"og:image:type\" content=\"image\/jpeg\" \/>\n<meta name=\"twitter:card\" content=\"summary_large_image\" \/>\n<meta name=\"twitter:label1\" content=\"Estimeret l\u00e6setid\" \/>\n\t<meta name=\"twitter:data1\" content=\"1 minut\" \/>\n<script type=\"application\/ld+json\" class=\"yoast-schema-graph\">{\"@context\":\"https:\/\/schema.org\",\"@graph\":[{\"@type\":\"WebPage\",\"@id\":\"https:\/\/weplayagain.com\/da\/vare\/prostaff-sgi-putter-34\/\",\"url\":\"https:\/\/weplayagain.com\/da\/vare\/prostaff-sgi-putter-34\/\",\"name\":\"K\u00f8b brugt Prostaff SGI Putter | Hurtig Levering\",\"isPartOf\":{\"@id\":\"https:\/\/weplayagain.com\/#website\"},\"primaryImageOfPage\":{\"@id\":\"https:\/\/weplayagain.com\/da\/vare\/prostaff-sgi-putter-34\/#primaryimage\"},\"image\":{\"@id\":\"https:\/\/weplayagain.com\/da\/vare\/prostaff-sgi-putter-34\/#primaryimage\"},\"thumbnailUrl\":\"https:\/\/weplayagain.host9.slyde.dk\/wp-content\/uploads\/2025\/05\/Photoroom_025_20250504_202035-scaled.jpeg\",\"datePublished\":\"2025-05-04T17:14:44+00:00\",\"dateModified\":\"2025-05-04T18:26:56+00:00\",\"description\":\"F\u00e5 ro i kroppen med ProStaff SGI Putter! Stabilitet, tilgivelse og pr\u00e6cision til alle golfspillere, ny eller erfaren. Sl\u00e5 dine putts med selvtillid!\",\"breadcrumb\":{\"@id\":\"https:\/\/weplayagain.com\/da\/vare\/prostaff-sgi-putter-34\/#breadcrumb\"},\"inLanguage\":\"da-DK\",\"potentialAction\":[{\"@type\":\"ReadAction\",\"target\":[\"https:\/\/weplayagain.com\/da\/vare\/prostaff-sgi-putter-34\/\"]}]},{\"@type\":\"ImageObject\",\"inLanguage\":\"da-DK\",\"@id\":\"https:\/\/weplayagain.com\/da\/vare\/prostaff-sgi-putter-34\/#primaryimage\",\"url\":\"https:\/\/weplayagain.host9.slyde.dk\/wp-content\/uploads\/2025\/05\/Photoroom_025_20250504_202035-scaled.jpeg\",\"contentUrl\":\"https:\/\/weplayagain.host9.slyde.dk\/wp-content\/uploads\/2025\/05\/Photoroom_025_20250504_202035-scaled.jpeg\",\"width\":2048,\"height\":2048},{\"@type\":\"BreadcrumbList\",\"@id\":\"https:\/\/weplayagain.com\/da\/vare\/prostaff-sgi-putter-34\/#breadcrumb\",\"itemListElement\":[{\"@type\":\"ListItem\",\"position\":1,\"name\":\"Hjem\",\"item\":\"https:\/\/weplayagain.com\/da\/\"},{\"@type\":\"ListItem\",\"position\":2,\"name\":\"Shop\",\"item\":\"https:\/\/weplayagain.com\/shop\/\"},{\"@type\":\"ListItem\",\"position\":3,\"name\":\"Prostaff SGI Putter \/ 34&#8243;\"}]},{\"@type\":\"WebSite\",\"@id\":\"https:\/\/weplayagain.com\/#website\",\"url\":\"https:\/\/weplayagain.com\/\",\"name\":\"WePlayAgain A\/S\",\"description\":\"K\u00f8b brugt - trygt, og til markedets skarpeste priser\",\"publisher\":{\"@id\":\"https:\/\/weplayagain.com\/#organization\"},\"potentialAction\":[{\"@type\":\"SearchAction\",\"target\":{\"@type\":\"EntryPoint\",\"urlTemplate\":\"https:\/\/weplayagain.com\/?s={search_term_string}\"},\"query-input\":{\"@type\":\"PropertyValueSpecification\",\"valueRequired\":true,\"valueName\":\"search_term_string\"}}],\"inLanguage\":\"da-DK\"},{\"@type\":\"Organization\",\"@id\":\"https:\/\/weplayagain.com\/#organization\",\"name\":\"WePlayAgain A\/S\",\"url\":\"https:\/\/weplayagain.com\/\",\"logo\":{\"@type\":\"ImageObject\",\"inLanguage\":\"da-DK\",\"@id\":\"https:\/\/weplayagain.com\/#\/schema\/logo\/image\/\",\"url\":\"https:\/\/weplayagain.host9.slyde.dk\/wp-content\/uploads\/2022\/01\/Asset-8-8.png\",\"contentUrl\":\"https:\/\/weplayagain.host9.slyde.dk\/wp-content\/uploads\/2022\/01\/Asset-8-8.png\",\"width\":2048,\"height\":454,\"caption\":\"WePlayAgain A\/S\"},\"image\":{\"@id\":\"https:\/\/weplayagain.com\/#\/schema\/logo\/image\/\"}}]}<\/script>\n<!-- \/ Yoast SEO plugin. -->","yoast_head_json":{"title":"K\u00f8b brugt Prostaff SGI Putter | Hurtig Levering","description":"F\u00e5 ro i kroppen med ProStaff SGI Putter! Stabilitet, tilgivelse og pr\u00e6cision til alle golfspillere, ny eller erfaren. Sl\u00e5 dine putts med selvtillid!","robots":{"index":"noindex","follow":"follow","max-snippet":"max-snippet:-1","max-image-preview":"max-image-preview:large","max-video-preview":"max-video-preview:-1"},"og_locale":"da_DK","og_type":"article","og_title":"K\u00f8b brugt Prostaff SGI Putter | Hurtig Levering","og_description":"F\u00e5 ro i kroppen med ProStaff SGI Putter! Stabilitet, tilgivelse og pr\u00e6cision til alle golfspillere, ny eller erfaren. Sl\u00e5 dine putts med selvtillid!","og_url":"https:\/\/weplayagain.com\/da\/vare\/prostaff-sgi-putter-34\/","og_site_name":"WePlayAgain A\/S","article_modified_time":"2025-05-04T18:26:56+00:00","og_image":[{"width":2048,"height":2048,"url":"https:\/\/weplayagain.com\/wp-content\/uploads\/2025\/05\/Photoroom_025_20250504_202035-scaled.jpeg","type":"image\/jpeg"}],"twitter_card":"summary_large_image","twitter_misc":{"Estimeret l\u00e6setid":"1 minut"},"schema":{"@context":"https:\/\/schema.org","@graph":[{"@type":"WebPage","@id":"https:\/\/weplayagain.com\/da\/vare\/prostaff-sgi-putter-34\/","url":"https:\/\/weplayagain.com\/da\/vare\/prostaff-sgi-putter-34\/","name":"K\u00f8b brugt Prostaff SGI Putter | Hurtig Levering","isPartOf":{"@id":"https:\/\/weplayagain.com\/#website"},"primaryImageOfPage":{"@id":"https:\/\/weplayagain.com\/da\/vare\/prostaff-sgi-putter-34\/#primaryimage"},"image":{"@id":"https:\/\/weplayagain.com\/da\/vare\/prostaff-sgi-putter-34\/#primaryimage"},"thumbnailUrl":"https:\/\/weplayagain.host9.slyde.dk\/wp-content\/uploads\/2025\/05\/Photoroom_025_20250504_202035-scaled.jpeg","datePublished":"2025-05-04T17:14:44+00:00","dateModified":"2025-05-04T18:26:56+00:00","description":"F\u00e5 ro i kroppen med ProStaff SGI Putter! Stabilitet, tilgivelse og pr\u00e6cision til alle golfspillere, ny eller erfaren. Sl\u00e5 dine putts med selvtillid!","breadcrumb":{"@id":"https:\/\/weplayagain.com\/da\/vare\/prostaff-sgi-putter-34\/#breadcrumb"},"inLanguage":"da-DK","potentialAction":[{"@type":"ReadAction","target":["https:\/\/weplayagain.com\/da\/vare\/prostaff-sgi-putter-34\/"]}]},{"@type":"ImageObject","inLanguage":"da-DK","@id":"https:\/\/weplayagain.com\/da\/vare\/prostaff-sgi-putter-34\/#primaryimage","url":"https:\/\/weplayagain.host9.slyde.dk\/wp-content\/uploads\/2025\/05\/Photoroom_025_20250504_202035-scaled.jpeg","contentUrl":"https:\/\/weplayagain.host9.slyde.dk\/wp-content\/uploads\/2025\/05\/Photoroom_025_20250504_202035-scaled.jpeg","width":2048,"height":2048},{"@type":"BreadcrumbList","@id":"https:\/\/weplayagain.com\/da\/vare\/prostaff-sgi-putter-34\/#breadcrumb","itemListElement":[{"@type":"ListItem","position":1,"name":"Hjem","item":"https:\/\/weplayagain.com\/da\/"},{"@type":"ListItem","position":2,"name":"Shop","item":"https:\/\/weplayagain.com\/shop\/"},{"@type":"ListItem","position":3,"name":"Prostaff SGI Putter \/ 34&#8243;"}]},{"@type":"WebSite","@id":"https:\/\/weplayagain.com\/#website","url":"https:\/\/weplayagain.com\/","name":"WePlayAgain A\/S","description":"K\u00f8b brugt - trygt, og til markedets skarpeste priser","publisher":{"@id":"https:\/\/weplayagain.com\/#organization"},"potentialAction":[{"@type":"SearchAction","target":{"@type":"EntryPoint","urlTemplate":"https:\/\/weplayagain.com\/?s={search_term_string}"},"query-input":{"@type":"PropertyValueSpecification","valueRequired":true,"valueName":"search_term_string"}}],"inLanguage":"da-DK"},{"@type":"Organization","@id":"https:\/\/weplayagain.com\/#organization","name":"WePlayAgain A\/S","url":"https:\/\/weplayagain.com\/","logo":{"@type":"ImageObject","inLanguage":"da-DK","@id":"https:\/\/weplayagain.com\/#\/schema\/logo\/image\/","url":"https:\/\/weplayagain.host9.slyde.dk\/wp-content\/uploads\/2022\/01\/Asset-8-8.png","contentUrl":"https:\/\/weplayagain.host9.slyde.dk\/wp-content\/uploads\/2022\/01\/Asset-8-8.png","width":2048,"height":454,"caption":"WePlayAgain A\/S"},"image":{"@id":"https:\/\/weplayagain.com\/#\/schema\/logo\/image\/"}}]}},"_links":{"self":[{"href":"https:\/\/weplayagain.host9.slyde.dk\/da\/wp-json\/wp\/v2\/product\/46778","targetHints":{"allow":["GET"]}}],"collection":[{"href":"https:\/\/weplayagain.host9.slyde.dk\/da\/wp-json\/wp\/v2\/product"}],"about":[{"href":"https:\/\/weplayagain.host9.slyde.dk\/da\/wp-json\/wp\/v2\/types\/product"}],"wp:featuredmedia":[{"embeddable":true,"href":"https:\/\/weplayagain.host9.slyde.dk\/da\/wp-json\/wp\/v2\/media\/47041"}],"wp:attachment":[{"href":"https:\/\/weplayagain.host9.slyde.dk\/da\/wp-json\/wp\/v2\/media?parent=46778"}],"wp:term":[{"taxonomy":"product_brand","embeddable":true,"href":"https:\/\/weplayagain.host9.slyde.dk\/da\/wp-json\/wp\/v2\/product_brand?post=46778"},{"taxonomy":"product_cat","embeddable":true,"href":"https:\/\/weplayagain.host9.slyde.dk\/da\/wp-json\/wp\/v2\/product_cat?post=46778"},{"taxonomy":"product_tag","embeddable":true,"href":"https:\/\/weplayagain.host9.slyde.dk\/da\/wp-json\/wp\/v2\/product_tag?post=46778"}],"curies":[{"name":"wp","href":"https:\/\/api.w.org\/{rel}","templated":true}]}}