{"id":46781,"date":"2025-05-04T18:14:46","date_gmt":"2025-05-04T17:14:46","guid":{"rendered":"https:\/\/weplayagain.com\/?post_type=product&#038;p=46781"},"modified":"2025-05-04T19:30:22","modified_gmt":"2025-05-04T18:30:22","slug":"brosnan-mallet-putter-345","status":"publish","type":"product","link":"https:\/\/weplayagain.host9.slyde.dk\/da\/vare\/brosnan-mallet-putter-345\/","title":{"rendered":"Brosnan Mallet Putter \/ 34,5"},"content":{"rendered":"<p>Er du tr\u00e6t af ustabile putts, der triller forbi hullet? Brosnan Golf Rhino Oversize Hollow Mallet Putter kan v\u00e6re pr\u00e6cis det, du mangler i bag\u2019en.<\/p>\n<p>Med sit <strong>oversize mallet-hoved<\/strong> f\u00e5r du en putter, der virkelig hj\u00e6lper med at holde linjen \u2013 ogs\u00e5 n\u00e5r du ikke rammer helt rent. Den <strong>hule konstruktion<\/strong> reducerer v\u00e6gten og giver et balanceret sving, s\u00e5 du f\u00e5r en glidende og sikker f\u00f8lelse i h\u00e5nden.<\/p>\n<p>Det her er en putter for dig, der vil have mere <strong>stabilitet og pr\u00e6cision<\/strong> p\u00e5 greens \u2013 uanset om du er let \u00f8vet eller har spillet i mange \u00e5r. Den passer is\u00e6r godt til dig med et mere lige puttesving, hvor du vil have ekstra hj\u00e6lp til retningskontrol.<\/p>\n<p>En god putter handler ikke om bl\u00e6r \u2013 det handler om at f\u00e5 bolden i hul. Og den her hj\u00e6lper dig godt p\u00e5 vej.<\/p>\n","protected":false},"excerpt":{"rendered":"<p>Er du tr\u00e6t af ustabile putts, der triller forbi hullet? Brosnan Golf Rhino Oversize Hollow Mallet Putter kan v\u00e6re pr\u00e6cis det, du mangler i bag\u2019en. Med sit oversize mallet-hoved f\u00e5r du en putter, der virkelig hj\u00e6lper med at holde linjen \u2013 ogs\u00e5 n\u00e5r du ikke rammer helt rent. Den hule konstruktion reducerer v\u00e6gten og giver [&hellip;]<\/p>\n","protected":false},"featured_media":47058,"template":"","meta":{"_acf_changed":false},"product_brand":[],"product_cat":[553],"product_tag":[],"class_list":{"0":"post-46781","1":"product","2":"type-product","3":"status-publish","4":"has-post-thumbnail","6":"product_cat-putter","7":"pa_28935-men","8":"pa_brand-brosnan","9":"pa_condition-brugt-okay-stand","10":"pa_dexterity-hojre-haand","11":"pa_grip-brosnan-standard","12":"pa_gripsize-standard","13":"pa_headcover-nej","14":"pa_koelle-putter","15":"pa_model-mallet","16":"pa_skaft-standard-staal","17":"pa_skaft-materiale-staal","18":"pa_sku-4935","20":"first","21":"instock","22":"taxable","23":"shipping-taxable","24":"purchasable","25":"product-type-simple"},"acf":[],"yoast_head":"<!-- This site is optimized with the Yoast SEO plugin v24.8.1 - https:\/\/yoast.com\/wordpress\/plugins\/seo\/ -->\n<title>Billig Brosnan Mallet Putter | Spar op til 53%<\/title>\n<meta name=\"description\" content=\"Billig Brosnan Mallet Putter Spar op til 53% af nyprisen -&gt; 2 \u00e5rs garanti | 14 dages pr\u00f8veperiode | EU Prisgaranti\" \/>\n<meta name=\"robots\" content=\"noindex, follow, max-snippet:-1, max-image-preview:large, max-video-preview:-1\" \/>\n<meta property=\"og:locale\" content=\"da_DK\" \/>\n<meta property=\"og:type\" content=\"article\" \/>\n<meta property=\"og:title\" content=\"Billig Brosnan Mallet Putter | Spar op til 53%\" \/>\n<meta property=\"og:description\" content=\"Billig Brosnan Mallet Putter Spar op til 53% af nyprisen -&gt; 2 \u00e5rs garanti | 14 dages pr\u00f8veperiode | EU Prisgaranti\" \/>\n<meta property=\"og:url\" content=\"https:\/\/weplayagain.com\/da\/vare\/brosnan-mallet-putter-345\/\" \/>\n<meta property=\"og:site_name\" content=\"WePlayAgain A\/S\" \/>\n<meta property=\"article:modified_time\" content=\"2025-05-04T18:30:22+00:00\" \/>\n<meta property=\"og:image\" content=\"https:\/\/weplayagain.com\/wp-content\/uploads\/2025\/05\/Photoroom_006_20250504_202648-scaled.jpeg\" \/>\n\t<meta property=\"og:image:width\" content=\"2048\" \/>\n\t<meta property=\"og:image:height\" content=\"2048\" \/>\n\t<meta property=\"og:image:type\" content=\"image\/jpeg\" \/>\n<meta name=\"twitter:card\" content=\"summary_large_image\" \/>\n<meta name=\"twitter:label1\" content=\"Estimeret l\u00e6setid\" \/>\n\t<meta name=\"twitter:data1\" content=\"1 minut\" \/>\n<script type=\"application\/ld+json\" class=\"yoast-schema-graph\">{\"@context\":\"https:\/\/schema.org\",\"@graph\":[{\"@type\":\"WebPage\",\"@id\":\"https:\/\/weplayagain.com\/da\/vare\/brosnan-mallet-putter-345\/\",\"url\":\"https:\/\/weplayagain.com\/da\/vare\/brosnan-mallet-putter-345\/\",\"name\":\"Billig Brosnan Mallet Putter | Spar op til 53%\",\"isPartOf\":{\"@id\":\"https:\/\/weplayagain.com\/#website\"},\"primaryImageOfPage\":{\"@id\":\"https:\/\/weplayagain.com\/da\/vare\/brosnan-mallet-putter-345\/#primaryimage\"},\"image\":{\"@id\":\"https:\/\/weplayagain.com\/da\/vare\/brosnan-mallet-putter-345\/#primaryimage\"},\"thumbnailUrl\":\"https:\/\/weplayagain.host9.slyde.dk\/wp-content\/uploads\/2025\/05\/Photoroom_006_20250504_202648-scaled.jpeg\",\"datePublished\":\"2025-05-04T17:14:46+00:00\",\"dateModified\":\"2025-05-04T18:30:22+00:00\",\"description\":\"Billig Brosnan Mallet Putter Spar op til 53% af nyprisen -> 2 \u00e5rs garanti | 14 dages pr\u00f8veperiode | EU Prisgaranti\",\"breadcrumb\":{\"@id\":\"https:\/\/weplayagain.com\/da\/vare\/brosnan-mallet-putter-345\/#breadcrumb\"},\"inLanguage\":\"da-DK\",\"potentialAction\":[{\"@type\":\"ReadAction\",\"target\":[\"https:\/\/weplayagain.com\/da\/vare\/brosnan-mallet-putter-345\/\"]}]},{\"@type\":\"ImageObject\",\"inLanguage\":\"da-DK\",\"@id\":\"https:\/\/weplayagain.com\/da\/vare\/brosnan-mallet-putter-345\/#primaryimage\",\"url\":\"https:\/\/weplayagain.host9.slyde.dk\/wp-content\/uploads\/2025\/05\/Photoroom_006_20250504_202648-scaled.jpeg\",\"contentUrl\":\"https:\/\/weplayagain.host9.slyde.dk\/wp-content\/uploads\/2025\/05\/Photoroom_006_20250504_202648-scaled.jpeg\",\"width\":2048,\"height\":2048},{\"@type\":\"BreadcrumbList\",\"@id\":\"https:\/\/weplayagain.com\/da\/vare\/brosnan-mallet-putter-345\/#breadcrumb\",\"itemListElement\":[{\"@type\":\"ListItem\",\"position\":1,\"name\":\"Hjem\",\"item\":\"https:\/\/weplayagain.com\/da\/\"},{\"@type\":\"ListItem\",\"position\":2,\"name\":\"Shop\",\"item\":\"https:\/\/weplayagain.com\/shop\/\"},{\"@type\":\"ListItem\",\"position\":3,\"name\":\"Brosnan Mallet Putter \/ 34,5\"}]},{\"@type\":\"WebSite\",\"@id\":\"https:\/\/weplayagain.com\/#website\",\"url\":\"https:\/\/weplayagain.com\/\",\"name\":\"WePlayAgain A\/S\",\"description\":\"K\u00f8b brugt - trygt, og til markedets skarpeste priser\",\"publisher\":{\"@id\":\"https:\/\/weplayagain.com\/#organization\"},\"potentialAction\":[{\"@type\":\"SearchAction\",\"target\":{\"@type\":\"EntryPoint\",\"urlTemplate\":\"https:\/\/weplayagain.com\/?s={search_term_string}\"},\"query-input\":{\"@type\":\"PropertyValueSpecification\",\"valueRequired\":true,\"valueName\":\"search_term_string\"}}],\"inLanguage\":\"da-DK\"},{\"@type\":\"Organization\",\"@id\":\"https:\/\/weplayagain.com\/#organization\",\"name\":\"WePlayAgain A\/S\",\"url\":\"https:\/\/weplayagain.com\/\",\"logo\":{\"@type\":\"ImageObject\",\"inLanguage\":\"da-DK\",\"@id\":\"https:\/\/weplayagain.com\/#\/schema\/logo\/image\/\",\"url\":\"https:\/\/weplayagain.host9.slyde.dk\/wp-content\/uploads\/2022\/01\/Asset-8-8.png\",\"contentUrl\":\"https:\/\/weplayagain.host9.slyde.dk\/wp-content\/uploads\/2022\/01\/Asset-8-8.png\",\"width\":2048,\"height\":454,\"caption\":\"WePlayAgain A\/S\"},\"image\":{\"@id\":\"https:\/\/weplayagain.com\/#\/schema\/logo\/image\/\"}}]}<\/script>\n<!-- \/ Yoast SEO plugin. -->","yoast_head_json":{"title":"Billig Brosnan Mallet Putter | Spar op til 53%","description":"Billig Brosnan Mallet Putter Spar op til 53% af nyprisen -> 2 \u00e5rs garanti | 14 dages pr\u00f8veperiode | EU Prisgaranti","robots":{"index":"noindex","follow":"follow","max-snippet":"max-snippet:-1","max-image-preview":"max-image-preview:large","max-video-preview":"max-video-preview:-1"},"og_locale":"da_DK","og_type":"article","og_title":"Billig Brosnan Mallet Putter | Spar op til 53%","og_description":"Billig Brosnan Mallet Putter Spar op til 53% af nyprisen -> 2 \u00e5rs garanti | 14 dages pr\u00f8veperiode | EU Prisgaranti","og_url":"https:\/\/weplayagain.com\/da\/vare\/brosnan-mallet-putter-345\/","og_site_name":"WePlayAgain A\/S","article_modified_time":"2025-05-04T18:30:22+00:00","og_image":[{"width":2048,"height":2048,"url":"https:\/\/weplayagain.com\/wp-content\/uploads\/2025\/05\/Photoroom_006_20250504_202648-scaled.jpeg","type":"image\/jpeg"}],"twitter_card":"summary_large_image","twitter_misc":{"Estimeret l\u00e6setid":"1 minut"},"schema":{"@context":"https:\/\/schema.org","@graph":[{"@type":"WebPage","@id":"https:\/\/weplayagain.com\/da\/vare\/brosnan-mallet-putter-345\/","url":"https:\/\/weplayagain.com\/da\/vare\/brosnan-mallet-putter-345\/","name":"Billig Brosnan Mallet Putter | Spar op til 53%","isPartOf":{"@id":"https:\/\/weplayagain.com\/#website"},"primaryImageOfPage":{"@id":"https:\/\/weplayagain.com\/da\/vare\/brosnan-mallet-putter-345\/#primaryimage"},"image":{"@id":"https:\/\/weplayagain.com\/da\/vare\/brosnan-mallet-putter-345\/#primaryimage"},"thumbnailUrl":"https:\/\/weplayagain.host9.slyde.dk\/wp-content\/uploads\/2025\/05\/Photoroom_006_20250504_202648-scaled.jpeg","datePublished":"2025-05-04T17:14:46+00:00","dateModified":"2025-05-04T18:30:22+00:00","description":"Billig Brosnan Mallet Putter Spar op til 53% af nyprisen -> 2 \u00e5rs garanti | 14 dages pr\u00f8veperiode | EU Prisgaranti","breadcrumb":{"@id":"https:\/\/weplayagain.com\/da\/vare\/brosnan-mallet-putter-345\/#breadcrumb"},"inLanguage":"da-DK","potentialAction":[{"@type":"ReadAction","target":["https:\/\/weplayagain.com\/da\/vare\/brosnan-mallet-putter-345\/"]}]},{"@type":"ImageObject","inLanguage":"da-DK","@id":"https:\/\/weplayagain.com\/da\/vare\/brosnan-mallet-putter-345\/#primaryimage","url":"https:\/\/weplayagain.host9.slyde.dk\/wp-content\/uploads\/2025\/05\/Photoroom_006_20250504_202648-scaled.jpeg","contentUrl":"https:\/\/weplayagain.host9.slyde.dk\/wp-content\/uploads\/2025\/05\/Photoroom_006_20250504_202648-scaled.jpeg","width":2048,"height":2048},{"@type":"BreadcrumbList","@id":"https:\/\/weplayagain.com\/da\/vare\/brosnan-mallet-putter-345\/#breadcrumb","itemListElement":[{"@type":"ListItem","position":1,"name":"Hjem","item":"https:\/\/weplayagain.com\/da\/"},{"@type":"ListItem","position":2,"name":"Shop","item":"https:\/\/weplayagain.com\/shop\/"},{"@type":"ListItem","position":3,"name":"Brosnan Mallet Putter \/ 34,5"}]},{"@type":"WebSite","@id":"https:\/\/weplayagain.com\/#website","url":"https:\/\/weplayagain.com\/","name":"WePlayAgain A\/S","description":"K\u00f8b brugt - trygt, og til markedets skarpeste priser","publisher":{"@id":"https:\/\/weplayagain.com\/#organization"},"potentialAction":[{"@type":"SearchAction","target":{"@type":"EntryPoint","urlTemplate":"https:\/\/weplayagain.com\/?s={search_term_string}"},"query-input":{"@type":"PropertyValueSpecification","valueRequired":true,"valueName":"search_term_string"}}],"inLanguage":"da-DK"},{"@type":"Organization","@id":"https:\/\/weplayagain.com\/#organization","name":"WePlayAgain A\/S","url":"https:\/\/weplayagain.com\/","logo":{"@type":"ImageObject","inLanguage":"da-DK","@id":"https:\/\/weplayagain.com\/#\/schema\/logo\/image\/","url":"https:\/\/weplayagain.host9.slyde.dk\/wp-content\/uploads\/2022\/01\/Asset-8-8.png","contentUrl":"https:\/\/weplayagain.host9.slyde.dk\/wp-content\/uploads\/2022\/01\/Asset-8-8.png","width":2048,"height":454,"caption":"WePlayAgain A\/S"},"image":{"@id":"https:\/\/weplayagain.com\/#\/schema\/logo\/image\/"}}]}},"_links":{"self":[{"href":"https:\/\/weplayagain.host9.slyde.dk\/da\/wp-json\/wp\/v2\/product\/46781","targetHints":{"allow":["GET"]}}],"collection":[{"href":"https:\/\/weplayagain.host9.slyde.dk\/da\/wp-json\/wp\/v2\/product"}],"about":[{"href":"https:\/\/weplayagain.host9.slyde.dk\/da\/wp-json\/wp\/v2\/types\/product"}],"wp:featuredmedia":[{"embeddable":true,"href":"https:\/\/weplayagain.host9.slyde.dk\/da\/wp-json\/wp\/v2\/media\/47058"}],"wp:attachment":[{"href":"https:\/\/weplayagain.host9.slyde.dk\/da\/wp-json\/wp\/v2\/media?parent=46781"}],"wp:term":[{"taxonomy":"product_brand","embeddable":true,"href":"https:\/\/weplayagain.host9.slyde.dk\/da\/wp-json\/wp\/v2\/product_brand?post=46781"},{"taxonomy":"product_cat","embeddable":true,"href":"https:\/\/weplayagain.host9.slyde.dk\/da\/wp-json\/wp\/v2\/product_cat?post=46781"},{"taxonomy":"product_tag","embeddable":true,"href":"https:\/\/weplayagain.host9.slyde.dk\/da\/wp-json\/wp\/v2\/product_tag?post=46781"}],"curies":[{"name":"wp","href":"https:\/\/api.w.org\/{rel}","templated":true}]}}