{"id":46789,"date":"2025-05-04T18:14:51","date_gmt":"2025-05-04T17:14:51","guid":{"rendered":"https:\/\/weplayagain.com\/?post_type=product&#038;p=46789"},"modified":"2025-05-04T19:39:16","modified_gmt":"2025-05-04T18:39:16","slug":"ping-sigma-2-fetch-putter-345","status":"publish","type":"product","link":"https:\/\/weplayagain.host9.slyde.dk\/da\/vare\/ping-sigma-2-fetch-putter-345\/","title":{"rendered":"PING Sigma 2 Fetch Putter \/ 34,5"},"content":{"rendered":"<p>Hvis du er en golfspiller, der g\u00e5r efter en <strong>stabil og pr\u00e6cis<\/strong> putter med lidt ekstra finesse, s\u00e5 er PING Sigma 2 Fetch et rigtig godt bud.<\/p>\n<p>Den unikke mallet-form med hul i midten g\u00f8r det let at samle bolden op uden at b\u00f8je dig \u2013 perfekt, hvis du gerne vil spare ryggen lidt. Og det smarte er, at det ikke g\u00e5r ud over balancen i dit slag. Tv\u00e6rtimod giver den h\u00f8je MOI dig <strong>mere stabilitet<\/strong>, is\u00e6r hvis du har tendens til at skubbe dine putts.<\/p>\n<p>Fetch er lavet til dig, der svinger lige tilbage og lige igennem \u2013 og du f\u00e5r en f\u00f8lelse af kontrol og gentagelighed, som kan m\u00e6rkes i scorene.<\/p>\n<p>Kort sagt:<\/p>\n<ul>\n<li>Til dig med en <strong>lige puttingstroke<\/strong><\/li>\n<li>Mallet-putter med h\u00f8j MOI for f\u00e6rre sk\u00e6verter<\/li>\n<li>Praktisk hul-design til let opsamling af bolden<\/li>\n<li>Skaber ro og <strong>mere sikkerhed<\/strong> omkring green<\/li>\n<\/ul>\n<p>En solid hj\u00e6lper, n\u00e5r det g\u00e6lder om at f\u00e5 bolden i hul \u2013 hver gang.<\/p>\n","protected":false},"excerpt":{"rendered":"<p>Hvis du er en golfspiller, der g\u00e5r efter en stabil og pr\u00e6cis putter med lidt ekstra finesse, s\u00e5 er PING Sigma 2 Fetch et rigtig godt bud. Den unikke mallet-form med hul i midten g\u00f8r det let at samle bolden op uden at b\u00f8je dig \u2013 perfekt, hvis du gerne vil spare ryggen lidt. Og [&hellip;]<\/p>\n","protected":false},"featured_media":47103,"template":"","meta":{"_acf_changed":false},"product_brand":[],"product_cat":[553],"product_tag":[],"class_list":{"0":"post-46789","1":"product","2":"type-product","3":"status-publish","4":"has-post-thumbnail","6":"product_cat-putter","7":"pa_28935-men","8":"pa_brand-ping","9":"pa_condition-brugt-god-stand","10":"pa_dexterity-hojre-haand","11":"pa_grip-ping-pistol","12":"pa_gripsize-2-0","13":"pa_headcover-ja","14":"pa_koelle-putter","15":"pa_model-sigma-2-fetch","16":"pa_skaft-standard-staal","17":"pa_skaft-materiale-staal","18":"pa_sku-4953","20":"first","21":"instock","22":"taxable","23":"shipping-taxable","24":"purchasable","25":"product-type-simple"},"acf":[],"yoast_head":"<!-- This site is optimized with the Yoast SEO plugin v24.8.1 - https:\/\/yoast.com\/wordpress\/plugins\/seo\/ -->\n<title>Billig PING Sigma 2 Fetch Putter | Spar op til 63%<\/title>\n<meta name=\"description\" content=\"Billig PING Sigma 2 Fetch Putter Spar op til 63% af nyprisen -&gt; 2 \u00e5rs garanti | 14 dages pr\u00f8veperiode | EU Prisgaranti\" \/>\n<meta name=\"robots\" content=\"noindex, follow, max-snippet:-1, max-image-preview:large, max-video-preview:-1\" \/>\n<meta property=\"og:locale\" content=\"da_DK\" \/>\n<meta property=\"og:type\" content=\"article\" \/>\n<meta property=\"og:title\" content=\"Billig PING Sigma 2 Fetch Putter | Spar op til 63%\" \/>\n<meta property=\"og:description\" content=\"Billig PING Sigma 2 Fetch Putter Spar op til 63% af nyprisen -&gt; 2 \u00e5rs garanti | 14 dages pr\u00f8veperiode | EU Prisgaranti\" \/>\n<meta property=\"og:url\" content=\"https:\/\/weplayagain.com\/da\/vare\/ping-sigma-2-fetch-putter-345\/\" \/>\n<meta property=\"og:site_name\" content=\"WePlayAgain A\/S\" \/>\n<meta property=\"article:modified_time\" content=\"2025-05-04T18:39:16+00:00\" \/>\n<meta property=\"og:image\" content=\"https:\/\/weplayagain.com\/wp-content\/uploads\/2025\/05\/Photoroom_017_20250504_203429-scaled.jpeg\" \/>\n\t<meta property=\"og:image:width\" content=\"2048\" \/>\n\t<meta property=\"og:image:height\" content=\"2048\" \/>\n\t<meta property=\"og:image:type\" content=\"image\/jpeg\" \/>\n<meta name=\"twitter:card\" content=\"summary_large_image\" \/>\n<meta name=\"twitter:label1\" content=\"Estimeret l\u00e6setid\" \/>\n\t<meta name=\"twitter:data1\" content=\"2 minutter\" \/>\n<script type=\"application\/ld+json\" class=\"yoast-schema-graph\">{\"@context\":\"https:\/\/schema.org\",\"@graph\":[{\"@type\":\"WebPage\",\"@id\":\"https:\/\/weplayagain.com\/da\/vare\/ping-sigma-2-fetch-putter-345\/\",\"url\":\"https:\/\/weplayagain.com\/da\/vare\/ping-sigma-2-fetch-putter-345\/\",\"name\":\"Billig PING Sigma 2 Fetch Putter | Spar op til 63%\",\"isPartOf\":{\"@id\":\"https:\/\/weplayagain.com\/#website\"},\"primaryImageOfPage\":{\"@id\":\"https:\/\/weplayagain.com\/da\/vare\/ping-sigma-2-fetch-putter-345\/#primaryimage\"},\"image\":{\"@id\":\"https:\/\/weplayagain.com\/da\/vare\/ping-sigma-2-fetch-putter-345\/#primaryimage\"},\"thumbnailUrl\":\"https:\/\/weplayagain.host9.slyde.dk\/wp-content\/uploads\/2025\/05\/Photoroom_017_20250504_203429-scaled.jpeg\",\"datePublished\":\"2025-05-04T17:14:51+00:00\",\"dateModified\":\"2025-05-04T18:39:16+00:00\",\"description\":\"Billig PING Sigma 2 Fetch Putter Spar op til 63% af nyprisen -> 2 \u00e5rs garanti | 14 dages pr\u00f8veperiode | EU Prisgaranti\",\"breadcrumb\":{\"@id\":\"https:\/\/weplayagain.com\/da\/vare\/ping-sigma-2-fetch-putter-345\/#breadcrumb\"},\"inLanguage\":\"da-DK\",\"potentialAction\":[{\"@type\":\"ReadAction\",\"target\":[\"https:\/\/weplayagain.com\/da\/vare\/ping-sigma-2-fetch-putter-345\/\"]}]},{\"@type\":\"ImageObject\",\"inLanguage\":\"da-DK\",\"@id\":\"https:\/\/weplayagain.com\/da\/vare\/ping-sigma-2-fetch-putter-345\/#primaryimage\",\"url\":\"https:\/\/weplayagain.host9.slyde.dk\/wp-content\/uploads\/2025\/05\/Photoroom_017_20250504_203429-scaled.jpeg\",\"contentUrl\":\"https:\/\/weplayagain.host9.slyde.dk\/wp-content\/uploads\/2025\/05\/Photoroom_017_20250504_203429-scaled.jpeg\",\"width\":2048,\"height\":2048},{\"@type\":\"BreadcrumbList\",\"@id\":\"https:\/\/weplayagain.com\/da\/vare\/ping-sigma-2-fetch-putter-345\/#breadcrumb\",\"itemListElement\":[{\"@type\":\"ListItem\",\"position\":1,\"name\":\"Hjem\",\"item\":\"https:\/\/weplayagain.com\/da\/\"},{\"@type\":\"ListItem\",\"position\":2,\"name\":\"Shop\",\"item\":\"https:\/\/weplayagain.com\/shop\/\"},{\"@type\":\"ListItem\",\"position\":3,\"name\":\"PING Sigma 2 Fetch Putter \/ 34,5\"}]},{\"@type\":\"WebSite\",\"@id\":\"https:\/\/weplayagain.com\/#website\",\"url\":\"https:\/\/weplayagain.com\/\",\"name\":\"WePlayAgain A\/S\",\"description\":\"K\u00f8b brugt - trygt, og til markedets skarpeste priser\",\"publisher\":{\"@id\":\"https:\/\/weplayagain.com\/#organization\"},\"potentialAction\":[{\"@type\":\"SearchAction\",\"target\":{\"@type\":\"EntryPoint\",\"urlTemplate\":\"https:\/\/weplayagain.com\/?s={search_term_string}\"},\"query-input\":{\"@type\":\"PropertyValueSpecification\",\"valueRequired\":true,\"valueName\":\"search_term_string\"}}],\"inLanguage\":\"da-DK\"},{\"@type\":\"Organization\",\"@id\":\"https:\/\/weplayagain.com\/#organization\",\"name\":\"WePlayAgain A\/S\",\"url\":\"https:\/\/weplayagain.com\/\",\"logo\":{\"@type\":\"ImageObject\",\"inLanguage\":\"da-DK\",\"@id\":\"https:\/\/weplayagain.com\/#\/schema\/logo\/image\/\",\"url\":\"https:\/\/weplayagain.host9.slyde.dk\/wp-content\/uploads\/2022\/01\/Asset-8-8.png\",\"contentUrl\":\"https:\/\/weplayagain.host9.slyde.dk\/wp-content\/uploads\/2022\/01\/Asset-8-8.png\",\"width\":2048,\"height\":454,\"caption\":\"WePlayAgain A\/S\"},\"image\":{\"@id\":\"https:\/\/weplayagain.com\/#\/schema\/logo\/image\/\"}}]}<\/script>\n<!-- \/ Yoast SEO plugin. -->","yoast_head_json":{"title":"Billig PING Sigma 2 Fetch Putter | Spar op til 63%","description":"Billig PING Sigma 2 Fetch Putter Spar op til 63% af nyprisen -> 2 \u00e5rs garanti | 14 dages pr\u00f8veperiode | EU Prisgaranti","robots":{"index":"noindex","follow":"follow","max-snippet":"max-snippet:-1","max-image-preview":"max-image-preview:large","max-video-preview":"max-video-preview:-1"},"og_locale":"da_DK","og_type":"article","og_title":"Billig PING Sigma 2 Fetch Putter | Spar op til 63%","og_description":"Billig PING Sigma 2 Fetch Putter Spar op til 63% af nyprisen -> 2 \u00e5rs garanti | 14 dages pr\u00f8veperiode | EU Prisgaranti","og_url":"https:\/\/weplayagain.com\/da\/vare\/ping-sigma-2-fetch-putter-345\/","og_site_name":"WePlayAgain A\/S","article_modified_time":"2025-05-04T18:39:16+00:00","og_image":[{"width":2048,"height":2048,"url":"https:\/\/weplayagain.com\/wp-content\/uploads\/2025\/05\/Photoroom_017_20250504_203429-scaled.jpeg","type":"image\/jpeg"}],"twitter_card":"summary_large_image","twitter_misc":{"Estimeret l\u00e6setid":"2 minutter"},"schema":{"@context":"https:\/\/schema.org","@graph":[{"@type":"WebPage","@id":"https:\/\/weplayagain.com\/da\/vare\/ping-sigma-2-fetch-putter-345\/","url":"https:\/\/weplayagain.com\/da\/vare\/ping-sigma-2-fetch-putter-345\/","name":"Billig PING Sigma 2 Fetch Putter | Spar op til 63%","isPartOf":{"@id":"https:\/\/weplayagain.com\/#website"},"primaryImageOfPage":{"@id":"https:\/\/weplayagain.com\/da\/vare\/ping-sigma-2-fetch-putter-345\/#primaryimage"},"image":{"@id":"https:\/\/weplayagain.com\/da\/vare\/ping-sigma-2-fetch-putter-345\/#primaryimage"},"thumbnailUrl":"https:\/\/weplayagain.host9.slyde.dk\/wp-content\/uploads\/2025\/05\/Photoroom_017_20250504_203429-scaled.jpeg","datePublished":"2025-05-04T17:14:51+00:00","dateModified":"2025-05-04T18:39:16+00:00","description":"Billig PING Sigma 2 Fetch Putter Spar op til 63% af nyprisen -> 2 \u00e5rs garanti | 14 dages pr\u00f8veperiode | EU Prisgaranti","breadcrumb":{"@id":"https:\/\/weplayagain.com\/da\/vare\/ping-sigma-2-fetch-putter-345\/#breadcrumb"},"inLanguage":"da-DK","potentialAction":[{"@type":"ReadAction","target":["https:\/\/weplayagain.com\/da\/vare\/ping-sigma-2-fetch-putter-345\/"]}]},{"@type":"ImageObject","inLanguage":"da-DK","@id":"https:\/\/weplayagain.com\/da\/vare\/ping-sigma-2-fetch-putter-345\/#primaryimage","url":"https:\/\/weplayagain.host9.slyde.dk\/wp-content\/uploads\/2025\/05\/Photoroom_017_20250504_203429-scaled.jpeg","contentUrl":"https:\/\/weplayagain.host9.slyde.dk\/wp-content\/uploads\/2025\/05\/Photoroom_017_20250504_203429-scaled.jpeg","width":2048,"height":2048},{"@type":"BreadcrumbList","@id":"https:\/\/weplayagain.com\/da\/vare\/ping-sigma-2-fetch-putter-345\/#breadcrumb","itemListElement":[{"@type":"ListItem","position":1,"name":"Hjem","item":"https:\/\/weplayagain.com\/da\/"},{"@type":"ListItem","position":2,"name":"Shop","item":"https:\/\/weplayagain.com\/shop\/"},{"@type":"ListItem","position":3,"name":"PING Sigma 2 Fetch Putter \/ 34,5"}]},{"@type":"WebSite","@id":"https:\/\/weplayagain.com\/#website","url":"https:\/\/weplayagain.com\/","name":"WePlayAgain A\/S","description":"K\u00f8b brugt - trygt, og til markedets skarpeste priser","publisher":{"@id":"https:\/\/weplayagain.com\/#organization"},"potentialAction":[{"@type":"SearchAction","target":{"@type":"EntryPoint","urlTemplate":"https:\/\/weplayagain.com\/?s={search_term_string}"},"query-input":{"@type":"PropertyValueSpecification","valueRequired":true,"valueName":"search_term_string"}}],"inLanguage":"da-DK"},{"@type":"Organization","@id":"https:\/\/weplayagain.com\/#organization","name":"WePlayAgain A\/S","url":"https:\/\/weplayagain.com\/","logo":{"@type":"ImageObject","inLanguage":"da-DK","@id":"https:\/\/weplayagain.com\/#\/schema\/logo\/image\/","url":"https:\/\/weplayagain.host9.slyde.dk\/wp-content\/uploads\/2022\/01\/Asset-8-8.png","contentUrl":"https:\/\/weplayagain.host9.slyde.dk\/wp-content\/uploads\/2022\/01\/Asset-8-8.png","width":2048,"height":454,"caption":"WePlayAgain A\/S"},"image":{"@id":"https:\/\/weplayagain.com\/#\/schema\/logo\/image\/"}}]}},"_links":{"self":[{"href":"https:\/\/weplayagain.host9.slyde.dk\/da\/wp-json\/wp\/v2\/product\/46789","targetHints":{"allow":["GET"]}}],"collection":[{"href":"https:\/\/weplayagain.host9.slyde.dk\/da\/wp-json\/wp\/v2\/product"}],"about":[{"href":"https:\/\/weplayagain.host9.slyde.dk\/da\/wp-json\/wp\/v2\/types\/product"}],"wp:featuredmedia":[{"embeddable":true,"href":"https:\/\/weplayagain.host9.slyde.dk\/da\/wp-json\/wp\/v2\/media\/47103"}],"wp:attachment":[{"href":"https:\/\/weplayagain.host9.slyde.dk\/da\/wp-json\/wp\/v2\/media?parent=46789"}],"wp:term":[{"taxonomy":"product_brand","embeddable":true,"href":"https:\/\/weplayagain.host9.slyde.dk\/da\/wp-json\/wp\/v2\/product_brand?post=46789"},{"taxonomy":"product_cat","embeddable":true,"href":"https:\/\/weplayagain.host9.slyde.dk\/da\/wp-json\/wp\/v2\/product_cat?post=46789"},{"taxonomy":"product_tag","embeddable":true,"href":"https:\/\/weplayagain.host9.slyde.dk\/da\/wp-json\/wp\/v2\/product_tag?post=46789"}],"curies":[{"name":"wp","href":"https:\/\/api.w.org\/{rel}","templated":true}]}}