{"id":47215,"date":"2025-05-06T10:45:21","date_gmt":"2025-05-06T09:45:21","guid":{"rendered":"https:\/\/weplayagain.com\/?post_type=product&#038;p=47215"},"modified":"2025-05-06T10:47:47","modified_gmt":"2025-05-06T09:47:47","slug":"big-max-silencio-cartbag-blue-divider-top","status":"publish","type":"product","link":"https:\/\/weplayagain.host9.slyde.dk\/da\/vare\/big-max-silencio-cartbag-blue-divider-top\/","title":{"rendered":"Big Max Silencio Cartbag \/ Blue \/ Divider-Top"},"content":{"rendered":"<article class=\"w-full text-token-text-primary\" dir=\"auto\" data-testid=\"conversation-turn-22\" data-scroll-anchor=\"true\">\n<div class=\"text-base my-auto mx-auto py-5 px-6\">\n<div class=\"mx-auto flex flex-1 text-base gap-4 md:gap-5 lg:gap-6 md:max-w-3xl group\/turn-messages focus-visible:outline-none\">\n<div class=\"group\/conversation-turn relative flex w-full min-w-0 flex-col agent-turn @xs\/thread:px-0 @sm\/thread:px-1.5 @md\/thread:px-4\">\n<div class=\"relative flex-col gap-1 md:gap-3\">\n<div class=\"flex max-w-full flex-col flex-grow\">\n<div class=\"min-h-8 text-message relative flex w-full flex-col items-end gap-2 whitespace-normal break-words text-start [.text-message+&amp;]:mt-5\" dir=\"auto\" data-message-author-role=\"assistant\" data-message-id=\"4322cc00-6d61-4337-ba7c-c02b454d672b\" data-message-model-slug=\"gpt-4o-mini\">\n<div class=\"flex w-full flex-col gap-1 empty:hidden first:pt-[3px]\">\n<div class=\"markdown prose w-full break-words dark:prose-invert light\">\n<p class=\"\" data-start=\"151\" data-end=\"555\">Big Max Silencio Cartbag er designet til golfspilleren, der \u00f8nsker b\u00e5de praktisk opbevaring og stilfuldt design. Med en divider-top, der effektivt organiserer dine k\u00f8ller, f\u00e5r du nem adgang til dit udstyr under hele runden. Den bl\u00e5 farvekombination tilf\u00f8jer et friskt og dynamisk look, mens taskens robuste konstruktion og mange funktionelle lommer sikrer, at du har alt, hvad du beh\u00f8ver lige ved h\u00e5nden.<\/p>\n<p class=\"\" data-start=\"557\" data-end=\"569\"><strong data-start=\"557\" data-end=\"569\">Fordele:<\/strong><\/p>\n<p class=\"\" data-start=\"571\" data-end=\"688\"><strong data-start=\"571\" data-end=\"611\">Divider-top for optimal organisering<\/strong> \u2013 Hold dine k\u00f8ller adskilt og beskyttet for bedre oversigt og hurtig adgang.<\/p>\n<p class=\"\" data-start=\"690\" data-end=\"814\"><strong data-start=\"690\" data-end=\"727\">Flere praktiske opbevaringslommer<\/strong> \u2013 Giver plads til bolde, t\u00f8j og tilbeh\u00f8r, s\u00e5 du er klar til alle situationer p\u00e5 banen.<\/p>\n<\/div>\n<\/div>\n<\/div>\n<\/div>\n<\/div>\n<\/div>\n<\/div>\n<\/div>\n<\/article>\n","protected":false},"excerpt":{"rendered":"<p>Big Max Silencio Cartbag er designet til golfspilleren, der \u00f8nsker b\u00e5de praktisk opbevaring og stilfuldt design. Med en divider-top, der effektivt organiserer dine k\u00f8ller, f\u00e5r du nem adgang til dit udstyr under hele runden. Den bl\u00e5 farvekombination tilf\u00f8jer et friskt og dynamisk look, mens taskens robuste konstruktion og mange funktionelle lommer sikrer, at du har [&hellip;]<\/p>\n","protected":false},"featured_media":47205,"template":"","meta":{"_acf_changed":false},"product_brand":[],"product_cat":[1673],"product_tag":[],"class_list":{"0":"post-47215","1":"product","2":"type-product","3":"status-publish","4":"has-post-thumbnail","6":"product_cat-golf-tasker","7":"pa_brand-big-max","8":"pa_condition-brugt-okay-stand","9":"pa_model-cart","10":"pa_sku-4969","12":"first","13":"instock","14":"taxable","15":"shipping-taxable","16":"purchasable","17":"product-type-simple"},"acf":[],"yoast_head":"<!-- This site is optimized with the Yoast SEO plugin v24.8.1 - https:\/\/yoast.com\/wordpress\/plugins\/seo\/ -->\n<title>Big Max Silencio Cartbag \/ Blue \/ Divider-Top - Brugt Golf Taske<\/title>\n<meta name=\"description\" content=\"K\u00f8b Big Max Silencio Cartbag \/ Blue \/ Divider-Top hos WePlayAgain. Du f\u00e5r 2 \u00e5rs garanti og 14 dages pr\u00f8veperiode p\u00e5 vores brugte udstyr.\" \/>\n<meta name=\"robots\" content=\"noindex, follow, max-snippet:-1, max-image-preview:large, max-video-preview:-1\" \/>\n<meta property=\"og:locale\" content=\"da_DK\" \/>\n<meta property=\"og:type\" content=\"article\" \/>\n<meta property=\"og:title\" content=\"Big Max Silencio Cartbag \/ Blue \/ Divider-Top - Brugt Golf Taske\" \/>\n<meta property=\"og:description\" content=\"K\u00f8b Big Max Silencio Cartbag \/ Blue \/ Divider-Top hos WePlayAgain. Du f\u00e5r 2 \u00e5rs garanti og 14 dages pr\u00f8veperiode p\u00e5 vores brugte udstyr.\" \/>\n<meta property=\"og:url\" content=\"https:\/\/weplayagain.com\/da\/vare\/big-max-silencio-cartbag-blue-divider-top\/\" \/>\n<meta property=\"og:site_name\" content=\"WePlayAgain A\/S\" \/>\n<meta property=\"article:modified_time\" content=\"2025-05-06T09:47:47+00:00\" \/>\n<meta property=\"og:image\" content=\"https:\/\/weplayagain.com\/wp-content\/uploads\/2025\/05\/Photoroom_011_20250506_113656-scaled.jpeg\" \/>\n\t<meta property=\"og:image:width\" content=\"2048\" \/>\n\t<meta property=\"og:image:height\" content=\"2048\" \/>\n\t<meta property=\"og:image:type\" content=\"image\/jpeg\" \/>\n<meta name=\"twitter:card\" content=\"summary_large_image\" \/>\n<meta name=\"twitter:label1\" content=\"Estimeret l\u00e6setid\" \/>\n\t<meta name=\"twitter:data1\" content=\"1 minut\" \/>\n<script type=\"application\/ld+json\" class=\"yoast-schema-graph\">{\"@context\":\"https:\/\/schema.org\",\"@graph\":[{\"@type\":\"WebPage\",\"@id\":\"https:\/\/weplayagain.com\/da\/vare\/big-max-silencio-cartbag-blue-divider-top\/\",\"url\":\"https:\/\/weplayagain.com\/da\/vare\/big-max-silencio-cartbag-blue-divider-top\/\",\"name\":\"Big Max Silencio Cartbag \/ Blue \/ Divider-Top - Brugt Golf Taske\",\"isPartOf\":{\"@id\":\"https:\/\/weplayagain.com\/#website\"},\"primaryImageOfPage\":{\"@id\":\"https:\/\/weplayagain.com\/da\/vare\/big-max-silencio-cartbag-blue-divider-top\/#primaryimage\"},\"image\":{\"@id\":\"https:\/\/weplayagain.com\/da\/vare\/big-max-silencio-cartbag-blue-divider-top\/#primaryimage\"},\"thumbnailUrl\":\"https:\/\/weplayagain.host9.slyde.dk\/wp-content\/uploads\/2025\/05\/Photoroom_011_20250506_113656-scaled.jpeg\",\"datePublished\":\"2025-05-06T09:45:21+00:00\",\"dateModified\":\"2025-05-06T09:47:47+00:00\",\"description\":\"K\u00f8b Big Max Silencio Cartbag \/ Blue \/ Divider-Top hos WePlayAgain. Du f\u00e5r 2 \u00e5rs garanti og 14 dages pr\u00f8veperiode p\u00e5 vores brugte udstyr.\",\"breadcrumb\":{\"@id\":\"https:\/\/weplayagain.com\/da\/vare\/big-max-silencio-cartbag-blue-divider-top\/#breadcrumb\"},\"inLanguage\":\"da-DK\",\"potentialAction\":[{\"@type\":\"ReadAction\",\"target\":[\"https:\/\/weplayagain.com\/da\/vare\/big-max-silencio-cartbag-blue-divider-top\/\"]}]},{\"@type\":\"ImageObject\",\"inLanguage\":\"da-DK\",\"@id\":\"https:\/\/weplayagain.com\/da\/vare\/big-max-silencio-cartbag-blue-divider-top\/#primaryimage\",\"url\":\"https:\/\/weplayagain.host9.slyde.dk\/wp-content\/uploads\/2025\/05\/Photoroom_011_20250506_113656-scaled.jpeg\",\"contentUrl\":\"https:\/\/weplayagain.host9.slyde.dk\/wp-content\/uploads\/2025\/05\/Photoroom_011_20250506_113656-scaled.jpeg\",\"width\":2048,\"height\":2048},{\"@type\":\"BreadcrumbList\",\"@id\":\"https:\/\/weplayagain.com\/da\/vare\/big-max-silencio-cartbag-blue-divider-top\/#breadcrumb\",\"itemListElement\":[{\"@type\":\"ListItem\",\"position\":1,\"name\":\"Hjem\",\"item\":\"https:\/\/weplayagain.com\/da\/\"},{\"@type\":\"ListItem\",\"position\":2,\"name\":\"Shop\",\"item\":\"https:\/\/weplayagain.com\/shop\/\"},{\"@type\":\"ListItem\",\"position\":3,\"name\":\"Big Max Silencio Cartbag \/ Blue \/ Divider-Top\"}]},{\"@type\":\"WebSite\",\"@id\":\"https:\/\/weplayagain.com\/#website\",\"url\":\"https:\/\/weplayagain.com\/\",\"name\":\"WePlayAgain A\/S\",\"description\":\"K\u00f8b brugt - trygt, og til markedets skarpeste priser\",\"publisher\":{\"@id\":\"https:\/\/weplayagain.com\/#organization\"},\"potentialAction\":[{\"@type\":\"SearchAction\",\"target\":{\"@type\":\"EntryPoint\",\"urlTemplate\":\"https:\/\/weplayagain.com\/?s={search_term_string}\"},\"query-input\":{\"@type\":\"PropertyValueSpecification\",\"valueRequired\":true,\"valueName\":\"search_term_string\"}}],\"inLanguage\":\"da-DK\"},{\"@type\":\"Organization\",\"@id\":\"https:\/\/weplayagain.com\/#organization\",\"name\":\"WePlayAgain A\/S\",\"url\":\"https:\/\/weplayagain.com\/\",\"logo\":{\"@type\":\"ImageObject\",\"inLanguage\":\"da-DK\",\"@id\":\"https:\/\/weplayagain.com\/#\/schema\/logo\/image\/\",\"url\":\"https:\/\/weplayagain.host9.slyde.dk\/wp-content\/uploads\/2022\/01\/Asset-8-8.png\",\"contentUrl\":\"https:\/\/weplayagain.host9.slyde.dk\/wp-content\/uploads\/2022\/01\/Asset-8-8.png\",\"width\":2048,\"height\":454,\"caption\":\"WePlayAgain A\/S\"},\"image\":{\"@id\":\"https:\/\/weplayagain.com\/#\/schema\/logo\/image\/\"}}]}<\/script>\n<!-- \/ Yoast SEO plugin. -->","yoast_head_json":{"title":"Big Max Silencio Cartbag \/ Blue \/ Divider-Top - Brugt Golf Taske","description":"K\u00f8b Big Max Silencio Cartbag \/ Blue \/ Divider-Top hos WePlayAgain. Du f\u00e5r 2 \u00e5rs garanti og 14 dages pr\u00f8veperiode p\u00e5 vores brugte udstyr.","robots":{"index":"noindex","follow":"follow","max-snippet":"max-snippet:-1","max-image-preview":"max-image-preview:large","max-video-preview":"max-video-preview:-1"},"og_locale":"da_DK","og_type":"article","og_title":"Big Max Silencio Cartbag \/ Blue \/ Divider-Top - Brugt Golf Taske","og_description":"K\u00f8b Big Max Silencio Cartbag \/ Blue \/ Divider-Top hos WePlayAgain. Du f\u00e5r 2 \u00e5rs garanti og 14 dages pr\u00f8veperiode p\u00e5 vores brugte udstyr.","og_url":"https:\/\/weplayagain.com\/da\/vare\/big-max-silencio-cartbag-blue-divider-top\/","og_site_name":"WePlayAgain A\/S","article_modified_time":"2025-05-06T09:47:47+00:00","og_image":[{"width":2048,"height":2048,"url":"https:\/\/weplayagain.com\/wp-content\/uploads\/2025\/05\/Photoroom_011_20250506_113656-scaled.jpeg","type":"image\/jpeg"}],"twitter_card":"summary_large_image","twitter_misc":{"Estimeret l\u00e6setid":"1 minut"},"schema":{"@context":"https:\/\/schema.org","@graph":[{"@type":"WebPage","@id":"https:\/\/weplayagain.com\/da\/vare\/big-max-silencio-cartbag-blue-divider-top\/","url":"https:\/\/weplayagain.com\/da\/vare\/big-max-silencio-cartbag-blue-divider-top\/","name":"Big Max Silencio Cartbag \/ Blue \/ Divider-Top - Brugt Golf Taske","isPartOf":{"@id":"https:\/\/weplayagain.com\/#website"},"primaryImageOfPage":{"@id":"https:\/\/weplayagain.com\/da\/vare\/big-max-silencio-cartbag-blue-divider-top\/#primaryimage"},"image":{"@id":"https:\/\/weplayagain.com\/da\/vare\/big-max-silencio-cartbag-blue-divider-top\/#primaryimage"},"thumbnailUrl":"https:\/\/weplayagain.host9.slyde.dk\/wp-content\/uploads\/2025\/05\/Photoroom_011_20250506_113656-scaled.jpeg","datePublished":"2025-05-06T09:45:21+00:00","dateModified":"2025-05-06T09:47:47+00:00","description":"K\u00f8b Big Max Silencio Cartbag \/ Blue \/ Divider-Top hos WePlayAgain. Du f\u00e5r 2 \u00e5rs garanti og 14 dages pr\u00f8veperiode p\u00e5 vores brugte udstyr.","breadcrumb":{"@id":"https:\/\/weplayagain.com\/da\/vare\/big-max-silencio-cartbag-blue-divider-top\/#breadcrumb"},"inLanguage":"da-DK","potentialAction":[{"@type":"ReadAction","target":["https:\/\/weplayagain.com\/da\/vare\/big-max-silencio-cartbag-blue-divider-top\/"]}]},{"@type":"ImageObject","inLanguage":"da-DK","@id":"https:\/\/weplayagain.com\/da\/vare\/big-max-silencio-cartbag-blue-divider-top\/#primaryimage","url":"https:\/\/weplayagain.host9.slyde.dk\/wp-content\/uploads\/2025\/05\/Photoroom_011_20250506_113656-scaled.jpeg","contentUrl":"https:\/\/weplayagain.host9.slyde.dk\/wp-content\/uploads\/2025\/05\/Photoroom_011_20250506_113656-scaled.jpeg","width":2048,"height":2048},{"@type":"BreadcrumbList","@id":"https:\/\/weplayagain.com\/da\/vare\/big-max-silencio-cartbag-blue-divider-top\/#breadcrumb","itemListElement":[{"@type":"ListItem","position":1,"name":"Hjem","item":"https:\/\/weplayagain.com\/da\/"},{"@type":"ListItem","position":2,"name":"Shop","item":"https:\/\/weplayagain.com\/shop\/"},{"@type":"ListItem","position":3,"name":"Big Max Silencio Cartbag \/ Blue \/ Divider-Top"}]},{"@type":"WebSite","@id":"https:\/\/weplayagain.com\/#website","url":"https:\/\/weplayagain.com\/","name":"WePlayAgain A\/S","description":"K\u00f8b brugt - trygt, og til markedets skarpeste priser","publisher":{"@id":"https:\/\/weplayagain.com\/#organization"},"potentialAction":[{"@type":"SearchAction","target":{"@type":"EntryPoint","urlTemplate":"https:\/\/weplayagain.com\/?s={search_term_string}"},"query-input":{"@type":"PropertyValueSpecification","valueRequired":true,"valueName":"search_term_string"}}],"inLanguage":"da-DK"},{"@type":"Organization","@id":"https:\/\/weplayagain.com\/#organization","name":"WePlayAgain A\/S","url":"https:\/\/weplayagain.com\/","logo":{"@type":"ImageObject","inLanguage":"da-DK","@id":"https:\/\/weplayagain.com\/#\/schema\/logo\/image\/","url":"https:\/\/weplayagain.host9.slyde.dk\/wp-content\/uploads\/2022\/01\/Asset-8-8.png","contentUrl":"https:\/\/weplayagain.host9.slyde.dk\/wp-content\/uploads\/2022\/01\/Asset-8-8.png","width":2048,"height":454,"caption":"WePlayAgain A\/S"},"image":{"@id":"https:\/\/weplayagain.com\/#\/schema\/logo\/image\/"}}]}},"_links":{"self":[{"href":"https:\/\/weplayagain.host9.slyde.dk\/da\/wp-json\/wp\/v2\/product\/47215","targetHints":{"allow":["GET"]}}],"collection":[{"href":"https:\/\/weplayagain.host9.slyde.dk\/da\/wp-json\/wp\/v2\/product"}],"about":[{"href":"https:\/\/weplayagain.host9.slyde.dk\/da\/wp-json\/wp\/v2\/types\/product"}],"wp:featuredmedia":[{"embeddable":true,"href":"https:\/\/weplayagain.host9.slyde.dk\/da\/wp-json\/wp\/v2\/media\/47205"}],"wp:attachment":[{"href":"https:\/\/weplayagain.host9.slyde.dk\/da\/wp-json\/wp\/v2\/media?parent=47215"}],"wp:term":[{"taxonomy":"product_brand","embeddable":true,"href":"https:\/\/weplayagain.host9.slyde.dk\/da\/wp-json\/wp\/v2\/product_brand?post=47215"},{"taxonomy":"product_cat","embeddable":true,"href":"https:\/\/weplayagain.host9.slyde.dk\/da\/wp-json\/wp\/v2\/product_cat?post=47215"},{"taxonomy":"product_tag","embeddable":true,"href":"https:\/\/weplayagain.host9.slyde.dk\/da\/wp-json\/wp\/v2\/product_tag?post=47215"}],"curies":[{"name":"wp","href":"https:\/\/api.w.org\/{rel}","templated":true}]}}